{"id":88558,"date":"2026-02-17T21:07:46","date_gmt":"2026-02-17T20:07:46","guid":{"rendered":"https:\/\/somllavors.com\/?post_type=product&#038;p=88558"},"modified":"2026-02-17T21:27:10","modified_gmt":"2026-02-17T20:27:10","slug":"doudou-tigre-baboo-foret-mawa-moulin-roty","status":"publish","type":"product","link":"https:\/\/somllavors.com\/es\/producte\/doudou-tigre-baboo-foret-mawa-moulin-roty","title":{"rendered":"Doudou tigre Baboo For\u00eat Mawa &#8211; Moulin Roty"},"content":{"rendered":"<h3 data-path-to-node=\"5\">Per qu\u00e8 ens agrada?<\/h3>\n<ul data-path-to-node=\"6\">\n<li>\n<p data-path-to-node=\"6,0,0\"><b data-path-to-node=\"6,0,0\" data-index-in-node=\"0\">Tacte extra suau:<\/b> Fabricat amb materials d&#8217;alta qualitat que respecten la pell delicada del nad\u00f3.<\/p>\n<\/li>\n<li>\n<p data-path-to-node=\"6,1,0\"><b data-path-to-node=\"6,1,0\" data-index-in-node=\"0\">Disseny ergon\u00f2mic:<\/b> El seu cos lleuger i les seves extremitats (orelles i nusos) faciliten l&#8217;acci\u00f3 de l&#8217;agafada, ajudant a desenvolupar la motricitat fina.<\/p>\n<\/li>\n<li>\n<p data-path-to-node=\"6,2,0\"><b data-path-to-node=\"6,2,0\" data-index-in-node=\"0\">Seguretat emocional:<\/b> Ideal per a moments de transici\u00f3, ajudant l&#8217;infant a sentir-se segur a l&#8217;hora de dormir o quan no est\u00e0 als bra\u00e7os dels pares.<\/p>\n<\/li>\n<li>\n<p data-path-to-node=\"6,3,0\"><b data-path-to-node=\"6,3,0\" data-index-in-node=\"0\">Est\u00e8tica natural:<\/b> Amb tons suaus i un disseny d&#8217;inspiraci\u00f3 boscosa que encaixa perfectament amb la nostra filosofia de productes atemporals i cuidats.<\/p>\n<\/li>\n<\/ul>\n<h3 data-path-to-node=\"7\">Detalls del producte<\/h3>\n<ul data-path-to-node=\"8\">\n<li>\n<p data-path-to-node=\"8,0,0\"><b data-path-to-node=\"8,0,0\" data-index-in-node=\"0\">Mida:<\/b> Ideal per a ser transportat a tot arreu sense ocupar massa espai.<\/p>\n<\/li>\n<li>\n<p data-path-to-node=\"8,1,0\"><b data-path-to-node=\"8,1,0\" data-index-in-node=\"0\">Manteniment:<\/b> Rentable a m\u00e0quina (programa delicat) per garantir la m\u00e0xima higiene.<\/p>\n<\/li>\n<li>\n<p data-path-to-node=\"8,2,0\"><b data-path-to-node=\"8,2,0\" data-index-in-node=\"0\">Edat recomanada:<\/b> Des del naixement (0+ mesos).<\/p>\n<\/li>\n<\/ul>\n","protected":false},"excerpt":{"rendered":"<h2 data-path-to-node=\"2\">Doudou Tigre Baboo \u2013 Col\u00b7lecci\u00f3 For\u00eat Mawa<\/h2>\n<p data-path-to-node=\"3\">El <b data-path-to-node=\"3\" data-index-in-node=\"148\">Doudou Tigre Baboo<\/b>, \u00e9s un acompanyant inseparable dissenyat per oferir confort i consol des del primer dia.<\/p>\n<p data-path-to-node=\"4\">Aquest doudou no \u00e9s nom\u00e9s una manteta de seguretat; \u00e9s un personatge dol\u00e7 de la col\u00b7lecci\u00f3 <i data-path-to-node=\"4\" data-index-in-node=\"91\">For\u00eat Mawa<\/i> que convida a l&#8217;exploraci\u00f3 sensorial gr\u00e0cies a les seves diferents textures i detalls pensats per a les mans petites.<\/p>\n","protected":false},"featured_media":88561,"template":"","meta":{"_acf_changed":false,"site-sidebar-layout":"default","site-content-layout":"","ast-site-content-layout":"default","site-content-style":"default","site-sidebar-style":"default","ast-global-header-display":"","ast-banner-title-visibility":"","ast-main-header-display":"","ast-hfb-above-header-display":"","ast-hfb-below-header-display":"","ast-hfb-mobile-header-display":"","site-post-title":"","ast-breadcrumbs-content":"","ast-featured-img":"","footer-sml-layout":"","theme-transparent-header-meta":"default","adv-header-id-meta":"","stick-header-meta":"","header-above-stick-meta":"","header-main-stick-meta":"","header-below-stick-meta":"","astra-migrate-meta-layouts":"set","ast-page-background-enabled":"default","ast-page-background-meta":{"desktop":{"background-color":"","background-image":"","background-repeat":"repeat","background-position":"center center","background-size":"auto","background-attachment":"scroll","background-type":"","background-media":"","overlay-type":"","overlay-color":"","overlay-opacity":"","overlay-gradient":""},"tablet":{"background-color":"","background-image":"","background-repeat":"repeat","background-position":"center center","background-size":"auto","background-attachment":"scroll","background-type":"","background-media":"","overlay-type":"","overlay-color":"","overlay-opacity":"","overlay-gradient":""},"mobile":{"background-color":"","background-image":"","background-repeat":"repeat","background-position":"center center","background-size":"auto","background-attachment":"scroll","background-type":"","background-media":"","overlay-type":"","overlay-color":"","overlay-opacity":"","overlay-gradient":""}},"ast-content-background-meta":{"desktop":{"background-color":"var(--ast-global-color-5)","background-image":"","background-repeat":"repeat","background-position":"center center","background-size":"auto","background-attachment":"scroll","background-type":"","background-media":"","overlay-type":"","overlay-color":"","overlay-opacity":"","overlay-gradient":""},"tablet":{"background-color":"var(--ast-global-color-5)","background-image":"","background-repeat":"repeat","background-position":"center center","background-size":"auto","background-attachment":"scroll","background-type":"","background-media":"","overlay-type":"","overlay-color":"","overlay-opacity":"","overlay-gradient":""},"mobile":{"background-color":"var(--ast-global-color-5)","background-image":"","background-repeat":"repeat","background-position":"center center","background-size":"auto","background-attachment":"scroll","background-type":"","background-media":"","overlay-type":"","overlay-color":"","overlay-opacity":"","overlay-gradient":""}}},"pwb-brand":[4110],"product_brand":[],"product_cat":[3358,3357,890,1086],"product_tag":[3413,6019,6020],"class_list":{"0":"post-88558","1":"product","2":"type-product","3":"status-publish","4":"has-post-thumbnail","6":"pwb-brand-moulin-roty","7":"product_cat-3-mesos","8":"product_cat-0-mesos","9":"product_cat-primeres-joguines","10":"product_cat-regals-originals-recent-nascuts","11":"product_tag-doudou","12":"product_tag-foret-mawa","13":"product_tag-tigre-baboo","14":"desktop-align-left","15":"tablet-align-left","16":"mobile-align-left","18":"first","19":"instock","20":"taxable","21":"shipping-taxable","22":"purchasable","23":"product-type-simple"},"acf":[],"yoast_head":"<!-- This site is optimized with the Yoast SEO Premium plugin v18.3 (Yoast SEO v26.2) - https:\/\/yoast.com\/wordpress\/plugins\/seo\/ -->\n<title>Doudou tigre Baboo For\u00eat Mawa - Moulin Roty &#8212; Som Llavors<\/title>\n<meta name=\"description\" content=\"Doudou Tigre Baboo \u2013 Col\u00b7lecci\u00f3 For\u00eat Mawa El Doudou Tigre Baboo, \u00e9s un acompanyant inseparable dissenyat per oferir confort i consol des del primer dia. Aquest doudou no \u00e9s nom\u00e9s una manteta de seguretat; \u00e9s un personatge dol\u00e7 de la col\u00b7lecci\u00f3 For\u00eat Mawa que convida a l&#039;exploraci\u00f3 sensorial gr\u00e0cies a les seves diferents textures i detalls pensats per a les mans petites.\" \/>\n<meta name=\"robots\" content=\"index, follow, max-snippet:-1, max-image-preview:large, max-video-preview:-1\" \/>\n<link rel=\"canonical\" href=\"https:\/\/somllavors.com\/es\/producte\/doudou-tigre-baboo-foret-mawa-moulin-roty\" \/>\n<meta property=\"og:locale\" content=\"es_ES\" \/>\n<meta property=\"og:type\" content=\"article\" \/>\n<meta property=\"og:title\" content=\"Doudou tigre Baboo For\u00eat Mawa - Moulin Roty\" \/>\n<meta property=\"og:description\" content=\"La teva botiga d\u2019ecocrian\u00e7a i espai d\u2019acompanyament a la maternitat\" \/>\n<meta property=\"og:url\" content=\"https:\/\/somllavors.com\/es\/producte\/doudou-tigre-baboo-foret-mawa-moulin-roty\" \/>\n<meta property=\"og:site_name\" content=\"Som Llavors\" \/>\n<meta property=\"article:publisher\" content=\"https:\/\/www.facebook.com\/somllavorsvng\/?locale=ca_ES\" \/>\n<meta property=\"article:modified_time\" content=\"2026-02-17T20:27:10+00:00\" \/>\n<meta property=\"og:image\" content=\"https:\/\/somllavors.com\/wp-content\/uploads\/2026\/02\/RKMP00011324.jpg\" \/>\n\t<meta property=\"og:image:width\" content=\"1080\" \/>\n\t<meta property=\"og:image:height\" content=\"1080\" \/>\n\t<meta property=\"og:image:type\" content=\"image\/jpeg\" \/>\n<meta name=\"twitter:card\" content=\"summary_large_image\" \/>\n<meta name=\"twitter:label1\" content=\"Precio\" \/>\n\t<meta name=\"twitter:data1\" content=\"26,90&euro; Iva incl\u00f2s\" \/>\n\t<meta name=\"twitter:label2\" content=\"Availability\" \/>\n\t<meta name=\"twitter:data2\" content=\"Hay existencias\" \/>\n<script type=\"application\/ld+json\" class=\"yoast-schema-graph\">{\"@context\":\"https:\/\/schema.org\",\"@graph\":[{\"@type\":\"WebPage\",\"@id\":\"https:\/\/somllavors.com\/es\/producte\/doudou-tigre-baboo-foret-mawa-moulin-roty\",\"url\":\"https:\/\/somllavors.com\/es\/producte\/doudou-tigre-baboo-foret-mawa-moulin-roty\",\"name\":\"Doudou tigre Baboo For\u00eat Mawa - Moulin Roty &#8212; Som Llavors\",\"isPartOf\":{\"@id\":\"https:\/\/somllavors.com\/es#website\"},\"primaryImageOfPage\":{\"@id\":\"https:\/\/somllavors.com\/es\/producte\/doudou-tigre-baboo-foret-mawa-moulin-roty#primaryimage\"},\"image\":{\"@id\":\"https:\/\/somllavors.com\/es\/producte\/doudou-tigre-baboo-foret-mawa-moulin-roty#primaryimage\"},\"thumbnailUrl\":\"https:\/\/somllavors.com\/wp-content\/uploads\/2026\/02\/RKMP00011324.jpg\",\"datePublished\":\"2026-02-17T20:07:46+00:00\",\"dateModified\":\"2026-02-17T20:27:10+00:00\",\"description\":\"Doudou Tigre Baboo \u2013 Col\u00b7lecci\u00f3 For\u00eat Mawa El Doudou Tigre Baboo, \u00e9s un acompanyant inseparable dissenyat per oferir confort i consol des del primer dia. Aquest doudou no \u00e9s nom\u00e9s una manteta de seguretat; \u00e9s un personatge dol\u00e7 de la col\u00b7lecci\u00f3 For\u00eat Mawa que convida a l'exploraci\u00f3 sensorial gr\u00e0cies a les seves diferents textures i detalls pensats per a les mans petites.\",\"breadcrumb\":{\"@id\":\"https:\/\/somllavors.com\/es\/producte\/doudou-tigre-baboo-foret-mawa-moulin-roty#breadcrumb\"},\"inLanguage\":\"es\",\"potentialAction\":[{\"@type\":\"ReadAction\",\"target\":[\"https:\/\/somllavors.com\/es\/producte\/doudou-tigre-baboo-foret-mawa-moulin-roty\"]}]},{\"@type\":\"ImageObject\",\"inLanguage\":\"es\",\"@id\":\"https:\/\/somllavors.com\/es\/producte\/doudou-tigre-baboo-foret-mawa-moulin-roty#primaryimage\",\"url\":\"https:\/\/somllavors.com\/wp-content\/uploads\/2026\/02\/RKMP00011324.jpg\",\"contentUrl\":\"https:\/\/somllavors.com\/wp-content\/uploads\/2026\/02\/RKMP00011324.jpg\",\"width\":1080,\"height\":1080,\"caption\":\"doudou tigre baboo foret mawa\"},{\"@type\":\"BreadcrumbList\",\"@id\":\"https:\/\/somllavors.com\/es\/producte\/doudou-tigre-baboo-foret-mawa-moulin-roty#breadcrumb\",\"itemListElement\":[{\"@type\":\"ListItem\",\"position\":1,\"name\":\"Inici\",\"item\":\"https:\/\/somllavors.com\/es\"},{\"@type\":\"ListItem\",\"position\":2,\"name\":\"Tienda\",\"item\":\"https:\/\/somllavors.com\/es\/botiga-2\"},{\"@type\":\"ListItem\",\"position\":3,\"name\":\"Doudou tigre Baboo For\u00eat Mawa &#8211; Moulin Roty\"}]},{\"@type\":\"WebSite\",\"@id\":\"https:\/\/somllavors.com\/es#website\",\"url\":\"https:\/\/somllavors.com\/es\",\"name\":\"Som Llavors\",\"description\":\"Botiga de crian\u00e7a natural\",\"publisher\":{\"@id\":\"https:\/\/somllavors.com\/es#organization\"},\"alternateName\":\"Crian\u00e7a Natural i Sostenible\",\"potentialAction\":[{\"@type\":\"SearchAction\",\"target\":{\"@type\":\"EntryPoint\",\"urlTemplate\":\"https:\/\/somllavors.com\/es?s={search_term_string}\"},\"query-input\":{\"@type\":\"PropertyValueSpecification\",\"valueRequired\":true,\"valueName\":\"search_term_string\"}}],\"inLanguage\":\"es\"},{\"@type\":[\"Organization\",\"Place\",\"Store\"],\"@id\":\"https:\/\/somllavors.com\/es#organization\",\"name\":\"Som Llavors\",\"alternateName\":\"Crian\u00e7a Natural i Sostenible\",\"url\":\"https:\/\/somllavors.com\/es\",\"logo\":{\"@id\":\"https:\/\/somllavors.com\/es\/producte\/doudou-tigre-baboo-foret-mawa-moulin-roty#local-main-organization-logo\"},\"image\":{\"@id\":\"https:\/\/somllavors.com\/es\/producte\/doudou-tigre-baboo-foret-mawa-moulin-roty#local-main-organization-logo\"},\"sameAs\":[\"https:\/\/www.facebook.com\/somllavorsvng\/?locale=ca_ES\",\"https:\/\/www.instagram.com\/somllavors_vng\/\",\"https:\/\/www.youtube.com\/@somllavors\"],\"address\":{\"@id\":\"https:\/\/somllavors.com\/es\/producte\/doudou-tigre-baboo-foret-mawa-moulin-roty#local-main-place-address\"},\"geo\":{\"@type\":\"GeoCoordinates\",\"latitude\":\"41.2257737\",\"longitude\":\"1.723258859\"},\"telephone\":[\"623152704\"],\"openingHoursSpecification\":[{\"@type\":\"OpeningHoursSpecification\",\"dayOfWeek\":[\"Monday\",\"Sunday\"],\"opens\":\"00:00\",\"closes\":\"00:00\"},{\"@type\":\"OpeningHoursSpecification\",\"dayOfWeek\":[\"Tuesday\",\"Wednesday\",\"Thursday\",\"Friday\"],\"opens\":\"10:00\",\"closes\":\"20:00\"},{\"@type\":\"OpeningHoursSpecification\",\"dayOfWeek\":[\"Saturday\"],\"opens\":\"10:00\",\"closes\":\"13:30\"}],\"email\":\"info@somllavors.com\"},{\"@type\":\"PostalAddress\",\"@id\":\"https:\/\/somllavors.com\/es\/producte\/doudou-tigre-baboo-foret-mawa-moulin-roty#local-main-place-address\",\"streetAddress\":\"Carrer de l'aigua, 6\",\"addressLocality\":\"Vilanova i la Geltr\u00fa\",\"postalCode\":\"08800\",\"addressRegion\":\"Barcelona\",\"addressCountry\":\"ES\"},{\"@type\":\"ImageObject\",\"inLanguage\":\"es\",\"@id\":\"https:\/\/somllavors.com\/es\/producte\/doudou-tigre-baboo-foret-mawa-moulin-roty#local-main-organization-logo\",\"url\":\"https:\/\/somllavors.com\/wp-content\/uploads\/Logotip-Som-Llavors.jpg\",\"contentUrl\":\"https:\/\/somllavors.com\/wp-content\/uploads\/Logotip-Som-Llavors.jpg\",\"width\":1444,\"height\":1323,\"caption\":\"Som Llavors\"}]}<\/script>\n<meta property=\"product:price:amount\" content=\"26.90\" \/>\n<meta property=\"product:price:currency\" content=\"EUR\" \/>\n<meta property=\"og:availability\" content=\"instock\" \/>\n<meta property=\"product:availability\" content=\"instock\" \/>\n<meta property=\"product:retailer_item_id\" content=\"688015\" \/>\n<meta property=\"product:condition\" content=\"new\" \/>\n<meta name=\"geo.placename\" content=\"Vilanova i la Geltr\u00fa\" \/>\n<meta name=\"geo.position\" content=\"41.2257737;1.723258859\" \/>\n<meta name=\"geo.region\" content=\"Espa\u00f1a\" \/>\n<!-- \/ Yoast SEO Premium plugin. -->","yoast_head_json":{"title":"Doudou tigre Baboo For\u00eat Mawa - Moulin Roty &#8212; Som Llavors","description":"Doudou Tigre Baboo \u2013 Col\u00b7lecci\u00f3 For\u00eat Mawa El Doudou Tigre Baboo, \u00e9s un acompanyant inseparable dissenyat per oferir confort i consol des del primer dia. Aquest doudou no \u00e9s nom\u00e9s una manteta de seguretat; \u00e9s un personatge dol\u00e7 de la col\u00b7lecci\u00f3 For\u00eat Mawa que convida a l'exploraci\u00f3 sensorial gr\u00e0cies a les seves diferents textures i detalls pensats per a les mans petites.","robots":{"index":"index","follow":"follow","max-snippet":"max-snippet:-1","max-image-preview":"max-image-preview:large","max-video-preview":"max-video-preview:-1"},"canonical":"https:\/\/somllavors.com\/es\/producte\/doudou-tigre-baboo-foret-mawa-moulin-roty","og_locale":"es_ES","og_type":"article","og_title":"Doudou tigre Baboo For\u00eat Mawa - Moulin Roty","og_description":"La teva botiga d\u2019ecocrian\u00e7a i espai d\u2019acompanyament a la maternitat","og_url":"https:\/\/somllavors.com\/es\/producte\/doudou-tigre-baboo-foret-mawa-moulin-roty","og_site_name":"Som Llavors","article_publisher":"https:\/\/www.facebook.com\/somllavorsvng\/?locale=ca_ES","article_modified_time":"2026-02-17T20:27:10+00:00","og_image":[{"width":1080,"height":1080,"url":"https:\/\/somllavors.com\/wp-content\/uploads\/2026\/02\/RKMP00011324.jpg","type":"image\/jpeg"}],"twitter_card":"summary_large_image","twitter_misc":{"Precio":"26,90&euro; Iva incl\u00f2s","Availability":"Hay existencias"},"schema":{"@context":"https:\/\/schema.org","@graph":[{"@type":"WebPage","@id":"https:\/\/somllavors.com\/es\/producte\/doudou-tigre-baboo-foret-mawa-moulin-roty","url":"https:\/\/somllavors.com\/es\/producte\/doudou-tigre-baboo-foret-mawa-moulin-roty","name":"Doudou tigre Baboo For\u00eat Mawa - Moulin Roty &#8212; Som Llavors","isPartOf":{"@id":"https:\/\/somllavors.com\/es#website"},"primaryImageOfPage":{"@id":"https:\/\/somllavors.com\/es\/producte\/doudou-tigre-baboo-foret-mawa-moulin-roty#primaryimage"},"image":{"@id":"https:\/\/somllavors.com\/es\/producte\/doudou-tigre-baboo-foret-mawa-moulin-roty#primaryimage"},"thumbnailUrl":"https:\/\/somllavors.com\/wp-content\/uploads\/2026\/02\/RKMP00011324.jpg","datePublished":"2026-02-17T20:07:46+00:00","dateModified":"2026-02-17T20:27:10+00:00","description":"Doudou Tigre Baboo \u2013 Col\u00b7lecci\u00f3 For\u00eat Mawa El Doudou Tigre Baboo, \u00e9s un acompanyant inseparable dissenyat per oferir confort i consol des del primer dia. Aquest doudou no \u00e9s nom\u00e9s una manteta de seguretat; \u00e9s un personatge dol\u00e7 de la col\u00b7lecci\u00f3 For\u00eat Mawa que convida a l'exploraci\u00f3 sensorial gr\u00e0cies a les seves diferents textures i detalls pensats per a les mans petites.","breadcrumb":{"@id":"https:\/\/somllavors.com\/es\/producte\/doudou-tigre-baboo-foret-mawa-moulin-roty#breadcrumb"},"inLanguage":"es","potentialAction":[{"@type":"ReadAction","target":["https:\/\/somllavors.com\/es\/producte\/doudou-tigre-baboo-foret-mawa-moulin-roty"]}]},{"@type":"ImageObject","inLanguage":"es","@id":"https:\/\/somllavors.com\/es\/producte\/doudou-tigre-baboo-foret-mawa-moulin-roty#primaryimage","url":"https:\/\/somllavors.com\/wp-content\/uploads\/2026\/02\/RKMP00011324.jpg","contentUrl":"https:\/\/somllavors.com\/wp-content\/uploads\/2026\/02\/RKMP00011324.jpg","width":1080,"height":1080,"caption":"doudou tigre baboo foret mawa"},{"@type":"BreadcrumbList","@id":"https:\/\/somllavors.com\/es\/producte\/doudou-tigre-baboo-foret-mawa-moulin-roty#breadcrumb","itemListElement":[{"@type":"ListItem","position":1,"name":"Inici","item":"https:\/\/somllavors.com\/es"},{"@type":"ListItem","position":2,"name":"Tienda","item":"https:\/\/somllavors.com\/es\/botiga-2"},{"@type":"ListItem","position":3,"name":"Doudou tigre Baboo For\u00eat Mawa &#8211; Moulin Roty"}]},{"@type":"WebSite","@id":"https:\/\/somllavors.com\/es#website","url":"https:\/\/somllavors.com\/es","name":"Som Llavors","description":"Botiga de crian\u00e7a natural","publisher":{"@id":"https:\/\/somllavors.com\/es#organization"},"alternateName":"Crian\u00e7a Natural i Sostenible","potentialAction":[{"@type":"SearchAction","target":{"@type":"EntryPoint","urlTemplate":"https:\/\/somllavors.com\/es?s={search_term_string}"},"query-input":{"@type":"PropertyValueSpecification","valueRequired":true,"valueName":"search_term_string"}}],"inLanguage":"es"},{"@type":["Organization","Place","Store"],"@id":"https:\/\/somllavors.com\/es#organization","name":"Som Llavors","alternateName":"Crian\u00e7a Natural i Sostenible","url":"https:\/\/somllavors.com\/es","logo":{"@id":"https:\/\/somllavors.com\/es\/producte\/doudou-tigre-baboo-foret-mawa-moulin-roty#local-main-organization-logo"},"image":{"@id":"https:\/\/somllavors.com\/es\/producte\/doudou-tigre-baboo-foret-mawa-moulin-roty#local-main-organization-logo"},"sameAs":["https:\/\/www.facebook.com\/somllavorsvng\/?locale=ca_ES","https:\/\/www.instagram.com\/somllavors_vng\/","https:\/\/www.youtube.com\/@somllavors"],"address":{"@id":"https:\/\/somllavors.com\/es\/producte\/doudou-tigre-baboo-foret-mawa-moulin-roty#local-main-place-address"},"geo":{"@type":"GeoCoordinates","latitude":"41.2257737","longitude":"1.723258859"},"telephone":["623152704","623152704"],"openingHoursSpecification":[{"@type":"OpeningHoursSpecification","dayOfWeek":["Monday","Sunday"],"opens":"00:00","closes":"00:00"},{"@type":"OpeningHoursSpecification","dayOfWeek":["Tuesday","Wednesday","Thursday","Friday"],"opens":"10:00","closes":"20:00"},{"@type":"OpeningHoursSpecification","dayOfWeek":["Saturday"],"opens":"10:00","closes":"13:30"}],"email":"info@somllavors.com"},{"@type":"PostalAddress","@id":"https:\/\/somllavors.com\/es\/producte\/doudou-tigre-baboo-foret-mawa-moulin-roty#local-main-place-address","streetAddress":"Carrer de l'aigua, 6","addressLocality":"Vilanova i la Geltr\u00fa","postalCode":"08800","addressRegion":"Barcelona","addressCountry":"ES"},{"@type":"ImageObject","inLanguage":"es","@id":"https:\/\/somllavors.com\/es\/producte\/doudou-tigre-baboo-foret-mawa-moulin-roty#local-main-organization-logo","url":"https:\/\/somllavors.com\/wp-content\/uploads\/Logotip-Som-Llavors.jpg","contentUrl":"https:\/\/somllavors.com\/wp-content\/uploads\/Logotip-Som-Llavors.jpg","width":1444,"height":1323,"caption":"Som Llavors"}]},"product_price_amount":"26.90","product_price_currency":"EUR","og_availability":"instock","product_availability":"instock","product_retailer_item_id":"688015","product_condition":"new","geo.placename":"Vilanova i la Geltr\u00fa","geo.position":{"lat":"41.2257737","long":"1.723258859"},"geo.region":"Espa\u00f1a"},"brands":[{"id":4110,"name":"Moulin Roty","slug":"moulin-roty"}],"_links":{"self":[{"href":"https:\/\/somllavors.com\/es\/wp-json\/wp\/v2\/product\/88558","targetHints":{"allow":["GET"]}}],"collection":[{"href":"https:\/\/somllavors.com\/es\/wp-json\/wp\/v2\/product"}],"about":[{"href":"https:\/\/somllavors.com\/es\/wp-json\/wp\/v2\/types\/product"}],"wp:featuredmedia":[{"embeddable":true,"href":"https:\/\/somllavors.com\/es\/wp-json\/wp\/v2\/media\/88561"}],"wp:attachment":[{"href":"https:\/\/somllavors.com\/es\/wp-json\/wp\/v2\/media?parent=88558"}],"wp:term":[{"taxonomy":"pwb-brand","embeddable":true,"href":"https:\/\/somllavors.com\/es\/wp-json\/wp\/v2\/pwb-brand?post=88558"},{"taxonomy":"product_brand","embeddable":true,"href":"https:\/\/somllavors.com\/es\/wp-json\/wp\/v2\/product_brand?post=88558"},{"taxonomy":"product_cat","embeddable":true,"href":"https:\/\/somllavors.com\/es\/wp-json\/wp\/v2\/product_cat?post=88558"},{"taxonomy":"product_tag","embeddable":true,"href":"https:\/\/somllavors.com\/es\/wp-json\/wp\/v2\/product_tag?post=88558"}],"curies":[{"name":"wp","href":"https:\/\/api.w.org\/{rel}","templated":true}]}}