{"id":88578,"date":"2026-02-17T21:42:50","date_gmt":"2026-02-17T20:42:50","guid":{"rendered":"https:\/\/somllavors.com\/?post_type=product&#038;p=88578"},"modified":"2026-02-17T21:42:54","modified_gmt":"2026-02-17T20:42:54","slug":"peluix-tigre-baboo-foret-mawa-moluin-roty","status":"publish","type":"product","link":"https:\/\/somllavors.com\/es\/producte\/peluix-tigre-baboo-foret-mawa-moluin-roty","title":{"rendered":"Peluix tigre Baboo For\u00eat Mawa &#8211; Moluin Roty"},"content":{"rendered":"<p>Mides: 34 cm<\/p>\n<p>Marca: Moulin Roty<\/p>\n<p>Materials: Cot\u00f3 i poli\u00e8ster<\/p>\n","protected":false},"excerpt":{"rendered":"<h2 data-path-to-node=\"2\">Un company suau, curi\u00f3s i ple de tendresa &#8211; For<i data-path-to-node=\"3\" data-index-in-node=\"65\">\u00eat Mawa<\/i><\/h2>\n<p data-path-to-node=\"3\">En <b data-path-to-node=\"3\" data-index-in-node=\"3\">Baboo<\/b> \u00e9s un preci\u00f3s tigre de peluix inspirat en la col\u00b7lecci\u00f3 <i data-path-to-node=\"3\" data-index-in-node=\"65\">For\u00eat Mawa<\/i>. Amb la seva textura atervellada, la seva expressi\u00f3 dol\u00e7a i els detalls brodats, es converteix en l&#8217;amic perfecte per acompanyar els m\u00e9s petits des dels seus primers mesos.<\/p>\n<p data-path-to-node=\"4\">Es presenta en una bonica <b data-path-to-node=\"4\" data-index-in-node=\"26\">caixa cil\u00edndrica il\u00b7lustrada<\/b>, ideal per a regal i per conservar com a record.<\/p>\n","protected":false},"featured_media":88583,"template":"","meta":{"_acf_changed":false,"site-sidebar-layout":"default","site-content-layout":"","ast-site-content-layout":"default","site-content-style":"default","site-sidebar-style":"default","ast-global-header-display":"","ast-banner-title-visibility":"","ast-main-header-display":"","ast-hfb-above-header-display":"","ast-hfb-below-header-display":"","ast-hfb-mobile-header-display":"","site-post-title":"","ast-breadcrumbs-content":"","ast-featured-img":"","footer-sml-layout":"","theme-transparent-header-meta":"default","adv-header-id-meta":"","stick-header-meta":"","header-above-stick-meta":"","header-main-stick-meta":"","header-below-stick-meta":"","astra-migrate-meta-layouts":"set","ast-page-background-enabled":"default","ast-page-background-meta":{"desktop":{"background-color":"","background-image":"","background-repeat":"repeat","background-position":"center center","background-size":"auto","background-attachment":"scroll","background-type":"","background-media":"","overlay-type":"","overlay-color":"","overlay-opacity":"","overlay-gradient":""},"tablet":{"background-color":"","background-image":"","background-repeat":"repeat","background-position":"center center","background-size":"auto","background-attachment":"scroll","background-type":"","background-media":"","overlay-type":"","overlay-color":"","overlay-opacity":"","overlay-gradient":""},"mobile":{"background-color":"","background-image":"","background-repeat":"repeat","background-position":"center center","background-size":"auto","background-attachment":"scroll","background-type":"","background-media":"","overlay-type":"","overlay-color":"","overlay-opacity":"","overlay-gradient":""}},"ast-content-background-meta":{"desktop":{"background-color":"var(--ast-global-color-5)","background-image":"","background-repeat":"repeat","background-position":"center center","background-size":"auto","background-attachment":"scroll","background-type":"","background-media":"","overlay-type":"","overlay-color":"","overlay-opacity":"","overlay-gradient":""},"tablet":{"background-color":"var(--ast-global-color-5)","background-image":"","background-repeat":"repeat","background-position":"center center","background-size":"auto","background-attachment":"scroll","background-type":"","background-media":"","overlay-type":"","overlay-color":"","overlay-opacity":"","overlay-gradient":""},"mobile":{"background-color":"var(--ast-global-color-5)","background-image":"","background-repeat":"repeat","background-position":"center center","background-size":"auto","background-attachment":"scroll","background-type":"","background-media":"","overlay-type":"","overlay-color":"","overlay-opacity":"","overlay-gradient":""}}},"pwb-brand":[4110],"product_brand":[],"product_cat":[3358,3359,3357,886],"product_tag":[6019,6020],"class_list":{"0":"post-88578","1":"product","2":"type-product","3":"status-publish","4":"has-post-thumbnail","6":"pwb-brand-moulin-roty","7":"product_cat-3-mesos","8":"product_cat-6-mesos","9":"product_cat-0-mesos","10":"product_cat-peluixos","11":"product_tag-foret-mawa","12":"product_tag-tigre-baboo","13":"desktop-align-left","14":"tablet-align-left","15":"mobile-align-left","17":"first","18":"instock","19":"taxable","20":"shipping-taxable","21":"purchasable","22":"product-type-simple"},"acf":[],"yoast_head":"<!-- This site is optimized with the Yoast SEO Premium plugin v18.3 (Yoast SEO v26.2) - https:\/\/yoast.com\/wordpress\/plugins\/seo\/ -->\n<title>Peluix tigre Baboo For\u00eat Mawa - Moluin Roty &#8212; Som Llavors<\/title>\n<meta name=\"description\" content=\"Un company suau, curi\u00f3s i ple de tendresa - For\u00eat Mawa En Baboo \u00e9s un preci\u00f3s tigre de peluix inspirat en la col\u00b7lecci\u00f3 For\u00eat Mawa. Amb la seva textura atervellada, la seva expressi\u00f3 dol\u00e7a i els detalls brodats, es converteix en l&#039;amic perfecte per acompanyar els m\u00e9s petits des dels seus primers mesos. Es presenta en una bonica caixa cil\u00edndrica il\u00b7lustrada, ideal per a regal i per conservar com a record.\" \/>\n<meta name=\"robots\" content=\"index, follow, max-snippet:-1, max-image-preview:large, max-video-preview:-1\" \/>\n<link rel=\"canonical\" href=\"https:\/\/somllavors.com\/es\/producte\/peluix-tigre-baboo-foret-mawa-moluin-roty\" \/>\n<meta property=\"og:locale\" content=\"es_ES\" \/>\n<meta property=\"og:type\" content=\"article\" \/>\n<meta property=\"og:title\" content=\"Peluix tigre Baboo For\u00eat Mawa - Moluin Roty\" \/>\n<meta property=\"og:description\" content=\"La teva botiga d\u2019ecocrian\u00e7a i espai d\u2019acompanyament a la maternitat\" \/>\n<meta property=\"og:url\" content=\"https:\/\/somllavors.com\/es\/producte\/peluix-tigre-baboo-foret-mawa-moluin-roty\" \/>\n<meta property=\"og:site_name\" content=\"Som Llavors\" \/>\n<meta property=\"article:publisher\" content=\"https:\/\/www.facebook.com\/somllavorsvng\/?locale=ca_ES\" \/>\n<meta property=\"article:modified_time\" content=\"2026-02-17T20:42:54+00:00\" \/>\n<meta property=\"og:image\" content=\"https:\/\/somllavors.com\/wp-content\/uploads\/2026\/02\/RKMP00011327-2.jpg\" \/>\n\t<meta property=\"og:image:width\" content=\"800\" \/>\n\t<meta property=\"og:image:height\" content=\"800\" \/>\n\t<meta property=\"og:image:type\" content=\"image\/jpeg\" \/>\n<meta name=\"twitter:card\" content=\"summary_large_image\" \/>\n<meta name=\"twitter:label1\" content=\"Precio\" \/>\n\t<meta name=\"twitter:data1\" content=\"34,90&euro; Iva incl\u00f2s\" \/>\n\t<meta name=\"twitter:label2\" content=\"Availability\" \/>\n\t<meta name=\"twitter:data2\" content=\"Hay existencias\" \/>\n<script type=\"application\/ld+json\" class=\"yoast-schema-graph\">{\"@context\":\"https:\/\/schema.org\",\"@graph\":[{\"@type\":\"WebPage\",\"@id\":\"https:\/\/somllavors.com\/es\/producte\/peluix-tigre-baboo-foret-mawa-moluin-roty\",\"url\":\"https:\/\/somllavors.com\/es\/producte\/peluix-tigre-baboo-foret-mawa-moluin-roty\",\"name\":\"Peluix tigre Baboo For\u00eat Mawa - Moluin Roty &#8212; Som Llavors\",\"isPartOf\":{\"@id\":\"https:\/\/somllavors.com\/es#website\"},\"primaryImageOfPage\":{\"@id\":\"https:\/\/somllavors.com\/es\/producte\/peluix-tigre-baboo-foret-mawa-moluin-roty#primaryimage\"},\"image\":{\"@id\":\"https:\/\/somllavors.com\/es\/producte\/peluix-tigre-baboo-foret-mawa-moluin-roty#primaryimage\"},\"thumbnailUrl\":\"https:\/\/somllavors.com\/wp-content\/uploads\/2026\/02\/RKMP00011327-2.jpg\",\"datePublished\":\"2026-02-17T20:42:50+00:00\",\"dateModified\":\"2026-02-17T20:42:54+00:00\",\"description\":\"Un company suau, curi\u00f3s i ple de tendresa - For\u00eat Mawa En Baboo \u00e9s un preci\u00f3s tigre de peluix inspirat en la col\u00b7lecci\u00f3 For\u00eat Mawa. Amb la seva textura atervellada, la seva expressi\u00f3 dol\u00e7a i els detalls brodats, es converteix en l'amic perfecte per acompanyar els m\u00e9s petits des dels seus primers mesos. Es presenta en una bonica caixa cil\u00edndrica il\u00b7lustrada, ideal per a regal i per conservar com a record.\",\"breadcrumb\":{\"@id\":\"https:\/\/somllavors.com\/es\/producte\/peluix-tigre-baboo-foret-mawa-moluin-roty#breadcrumb\"},\"inLanguage\":\"es\",\"potentialAction\":[{\"@type\":\"ReadAction\",\"target\":[\"https:\/\/somllavors.com\/es\/producte\/peluix-tigre-baboo-foret-mawa-moluin-roty\"]}]},{\"@type\":\"ImageObject\",\"inLanguage\":\"es\",\"@id\":\"https:\/\/somllavors.com\/es\/producte\/peluix-tigre-baboo-foret-mawa-moluin-roty#primaryimage\",\"url\":\"https:\/\/somllavors.com\/wp-content\/uploads\/2026\/02\/RKMP00011327-2.jpg\",\"contentUrl\":\"https:\/\/somllavors.com\/wp-content\/uploads\/2026\/02\/RKMP00011327-2.jpg\",\"width\":800,\"height\":800,\"caption\":\"Peluix tigre Baboo For\u00eat Mawa\"},{\"@type\":\"BreadcrumbList\",\"@id\":\"https:\/\/somllavors.com\/es\/producte\/peluix-tigre-baboo-foret-mawa-moluin-roty#breadcrumb\",\"itemListElement\":[{\"@type\":\"ListItem\",\"position\":1,\"name\":\"Inici\",\"item\":\"https:\/\/somllavors.com\/es\"},{\"@type\":\"ListItem\",\"position\":2,\"name\":\"Tienda\",\"item\":\"https:\/\/somllavors.com\/es\/botiga-2\"},{\"@type\":\"ListItem\",\"position\":3,\"name\":\"Peluix tigre Baboo For\u00eat Mawa &#8211; Moluin Roty\"}]},{\"@type\":\"WebSite\",\"@id\":\"https:\/\/somllavors.com\/es#website\",\"url\":\"https:\/\/somllavors.com\/es\",\"name\":\"Som Llavors\",\"description\":\"Botiga de crian\u00e7a natural\",\"publisher\":{\"@id\":\"https:\/\/somllavors.com\/es#organization\"},\"alternateName\":\"Crian\u00e7a Natural i Sostenible\",\"potentialAction\":[{\"@type\":\"SearchAction\",\"target\":{\"@type\":\"EntryPoint\",\"urlTemplate\":\"https:\/\/somllavors.com\/es?s={search_term_string}\"},\"query-input\":{\"@type\":\"PropertyValueSpecification\",\"valueRequired\":true,\"valueName\":\"search_term_string\"}}],\"inLanguage\":\"es\"},{\"@type\":[\"Organization\",\"Place\",\"Store\"],\"@id\":\"https:\/\/somllavors.com\/es#organization\",\"name\":\"Som Llavors\",\"alternateName\":\"Crian\u00e7a Natural i Sostenible\",\"url\":\"https:\/\/somllavors.com\/es\",\"logo\":{\"@id\":\"https:\/\/somllavors.com\/es\/producte\/peluix-tigre-baboo-foret-mawa-moluin-roty#local-main-organization-logo\"},\"image\":{\"@id\":\"https:\/\/somllavors.com\/es\/producte\/peluix-tigre-baboo-foret-mawa-moluin-roty#local-main-organization-logo\"},\"sameAs\":[\"https:\/\/www.facebook.com\/somllavorsvng\/?locale=ca_ES\",\"https:\/\/www.instagram.com\/somllavors_vng\/\",\"https:\/\/www.youtube.com\/@somllavors\"],\"address\":{\"@id\":\"https:\/\/somllavors.com\/es\/producte\/peluix-tigre-baboo-foret-mawa-moluin-roty#local-main-place-address\"},\"geo\":{\"@type\":\"GeoCoordinates\",\"latitude\":\"41.2257737\",\"longitude\":\"1.723258859\"},\"telephone\":[\"623152704\"],\"openingHoursSpecification\":[{\"@type\":\"OpeningHoursSpecification\",\"dayOfWeek\":[\"Monday\",\"Sunday\"],\"opens\":\"00:00\",\"closes\":\"00:00\"},{\"@type\":\"OpeningHoursSpecification\",\"dayOfWeek\":[\"Tuesday\",\"Wednesday\",\"Thursday\",\"Friday\"],\"opens\":\"10:00\",\"closes\":\"20:00\"},{\"@type\":\"OpeningHoursSpecification\",\"dayOfWeek\":[\"Saturday\"],\"opens\":\"10:00\",\"closes\":\"13:30\"}],\"email\":\"info@somllavors.com\"},{\"@type\":\"PostalAddress\",\"@id\":\"https:\/\/somllavors.com\/es\/producte\/peluix-tigre-baboo-foret-mawa-moluin-roty#local-main-place-address\",\"streetAddress\":\"Carrer de l'aigua, 6\",\"addressLocality\":\"Vilanova i la Geltr\u00fa\",\"postalCode\":\"08800\",\"addressRegion\":\"Barcelona\",\"addressCountry\":\"ES\"},{\"@type\":\"ImageObject\",\"inLanguage\":\"es\",\"@id\":\"https:\/\/somllavors.com\/es\/producte\/peluix-tigre-baboo-foret-mawa-moluin-roty#local-main-organization-logo\",\"url\":\"https:\/\/somllavors.com\/wp-content\/uploads\/Logotip-Som-Llavors.jpg\",\"contentUrl\":\"https:\/\/somllavors.com\/wp-content\/uploads\/Logotip-Som-Llavors.jpg\",\"width\":1444,\"height\":1323,\"caption\":\"Som Llavors\"}]}<\/script>\n<meta property=\"product:price:amount\" content=\"34.90\" \/>\n<meta property=\"product:price:currency\" content=\"EUR\" \/>\n<meta property=\"og:availability\" content=\"instock\" \/>\n<meta property=\"product:availability\" content=\"instock\" \/>\n<meta property=\"product:retailer_item_id\" content=\"688020\" \/>\n<meta property=\"product:condition\" content=\"new\" \/>\n<meta name=\"geo.placename\" content=\"Vilanova i la Geltr\u00fa\" \/>\n<meta name=\"geo.position\" content=\"41.2257737;1.723258859\" \/>\n<meta name=\"geo.region\" content=\"Espa\u00f1a\" \/>\n<!-- \/ Yoast SEO Premium plugin. -->","yoast_head_json":{"title":"Peluix tigre Baboo For\u00eat Mawa - Moluin Roty &#8212; Som Llavors","description":"Un company suau, curi\u00f3s i ple de tendresa - For\u00eat Mawa En Baboo \u00e9s un preci\u00f3s tigre de peluix inspirat en la col\u00b7lecci\u00f3 For\u00eat Mawa. Amb la seva textura atervellada, la seva expressi\u00f3 dol\u00e7a i els detalls brodats, es converteix en l'amic perfecte per acompanyar els m\u00e9s petits des dels seus primers mesos. Es presenta en una bonica caixa cil\u00edndrica il\u00b7lustrada, ideal per a regal i per conservar com a record.","robots":{"index":"index","follow":"follow","max-snippet":"max-snippet:-1","max-image-preview":"max-image-preview:large","max-video-preview":"max-video-preview:-1"},"canonical":"https:\/\/somllavors.com\/es\/producte\/peluix-tigre-baboo-foret-mawa-moluin-roty","og_locale":"es_ES","og_type":"article","og_title":"Peluix tigre Baboo For\u00eat Mawa - Moluin Roty","og_description":"La teva botiga d\u2019ecocrian\u00e7a i espai d\u2019acompanyament a la maternitat","og_url":"https:\/\/somllavors.com\/es\/producte\/peluix-tigre-baboo-foret-mawa-moluin-roty","og_site_name":"Som Llavors","article_publisher":"https:\/\/www.facebook.com\/somllavorsvng\/?locale=ca_ES","article_modified_time":"2026-02-17T20:42:54+00:00","og_image":[{"width":800,"height":800,"url":"https:\/\/somllavors.com\/wp-content\/uploads\/2026\/02\/RKMP00011327-2.jpg","type":"image\/jpeg"}],"twitter_card":"summary_large_image","twitter_misc":{"Precio":"34,90&euro; Iva incl\u00f2s","Availability":"Hay existencias"},"schema":{"@context":"https:\/\/schema.org","@graph":[{"@type":"WebPage","@id":"https:\/\/somllavors.com\/es\/producte\/peluix-tigre-baboo-foret-mawa-moluin-roty","url":"https:\/\/somllavors.com\/es\/producte\/peluix-tigre-baboo-foret-mawa-moluin-roty","name":"Peluix tigre Baboo For\u00eat Mawa - Moluin Roty &#8212; Som Llavors","isPartOf":{"@id":"https:\/\/somllavors.com\/es#website"},"primaryImageOfPage":{"@id":"https:\/\/somllavors.com\/es\/producte\/peluix-tigre-baboo-foret-mawa-moluin-roty#primaryimage"},"image":{"@id":"https:\/\/somllavors.com\/es\/producte\/peluix-tigre-baboo-foret-mawa-moluin-roty#primaryimage"},"thumbnailUrl":"https:\/\/somllavors.com\/wp-content\/uploads\/2026\/02\/RKMP00011327-2.jpg","datePublished":"2026-02-17T20:42:50+00:00","dateModified":"2026-02-17T20:42:54+00:00","description":"Un company suau, curi\u00f3s i ple de tendresa - For\u00eat Mawa En Baboo \u00e9s un preci\u00f3s tigre de peluix inspirat en la col\u00b7lecci\u00f3 For\u00eat Mawa. Amb la seva textura atervellada, la seva expressi\u00f3 dol\u00e7a i els detalls brodats, es converteix en l'amic perfecte per acompanyar els m\u00e9s petits des dels seus primers mesos. Es presenta en una bonica caixa cil\u00edndrica il\u00b7lustrada, ideal per a regal i per conservar com a record.","breadcrumb":{"@id":"https:\/\/somllavors.com\/es\/producte\/peluix-tigre-baboo-foret-mawa-moluin-roty#breadcrumb"},"inLanguage":"es","potentialAction":[{"@type":"ReadAction","target":["https:\/\/somllavors.com\/es\/producte\/peluix-tigre-baboo-foret-mawa-moluin-roty"]}]},{"@type":"ImageObject","inLanguage":"es","@id":"https:\/\/somllavors.com\/es\/producte\/peluix-tigre-baboo-foret-mawa-moluin-roty#primaryimage","url":"https:\/\/somllavors.com\/wp-content\/uploads\/2026\/02\/RKMP00011327-2.jpg","contentUrl":"https:\/\/somllavors.com\/wp-content\/uploads\/2026\/02\/RKMP00011327-2.jpg","width":800,"height":800,"caption":"Peluix tigre Baboo For\u00eat Mawa"},{"@type":"BreadcrumbList","@id":"https:\/\/somllavors.com\/es\/producte\/peluix-tigre-baboo-foret-mawa-moluin-roty#breadcrumb","itemListElement":[{"@type":"ListItem","position":1,"name":"Inici","item":"https:\/\/somllavors.com\/es"},{"@type":"ListItem","position":2,"name":"Tienda","item":"https:\/\/somllavors.com\/es\/botiga-2"},{"@type":"ListItem","position":3,"name":"Peluix tigre Baboo For\u00eat Mawa &#8211; Moluin Roty"}]},{"@type":"WebSite","@id":"https:\/\/somllavors.com\/es#website","url":"https:\/\/somllavors.com\/es","name":"Som Llavors","description":"Botiga de crian\u00e7a natural","publisher":{"@id":"https:\/\/somllavors.com\/es#organization"},"alternateName":"Crian\u00e7a Natural i Sostenible","potentialAction":[{"@type":"SearchAction","target":{"@type":"EntryPoint","urlTemplate":"https:\/\/somllavors.com\/es?s={search_term_string}"},"query-input":{"@type":"PropertyValueSpecification","valueRequired":true,"valueName":"search_term_string"}}],"inLanguage":"es"},{"@type":["Organization","Place","Store"],"@id":"https:\/\/somllavors.com\/es#organization","name":"Som Llavors","alternateName":"Crian\u00e7a Natural i Sostenible","url":"https:\/\/somllavors.com\/es","logo":{"@id":"https:\/\/somllavors.com\/es\/producte\/peluix-tigre-baboo-foret-mawa-moluin-roty#local-main-organization-logo"},"image":{"@id":"https:\/\/somllavors.com\/es\/producte\/peluix-tigre-baboo-foret-mawa-moluin-roty#local-main-organization-logo"},"sameAs":["https:\/\/www.facebook.com\/somllavorsvng\/?locale=ca_ES","https:\/\/www.instagram.com\/somllavors_vng\/","https:\/\/www.youtube.com\/@somllavors"],"address":{"@id":"https:\/\/somllavors.com\/es\/producte\/peluix-tigre-baboo-foret-mawa-moluin-roty#local-main-place-address"},"geo":{"@type":"GeoCoordinates","latitude":"41.2257737","longitude":"1.723258859"},"telephone":["623152704","623152704"],"openingHoursSpecification":[{"@type":"OpeningHoursSpecification","dayOfWeek":["Monday","Sunday"],"opens":"00:00","closes":"00:00"},{"@type":"OpeningHoursSpecification","dayOfWeek":["Tuesday","Wednesday","Thursday","Friday"],"opens":"10:00","closes":"20:00"},{"@type":"OpeningHoursSpecification","dayOfWeek":["Saturday"],"opens":"10:00","closes":"13:30"}],"email":"info@somllavors.com"},{"@type":"PostalAddress","@id":"https:\/\/somllavors.com\/es\/producte\/peluix-tigre-baboo-foret-mawa-moluin-roty#local-main-place-address","streetAddress":"Carrer de l'aigua, 6","addressLocality":"Vilanova i la Geltr\u00fa","postalCode":"08800","addressRegion":"Barcelona","addressCountry":"ES"},{"@type":"ImageObject","inLanguage":"es","@id":"https:\/\/somllavors.com\/es\/producte\/peluix-tigre-baboo-foret-mawa-moluin-roty#local-main-organization-logo","url":"https:\/\/somllavors.com\/wp-content\/uploads\/Logotip-Som-Llavors.jpg","contentUrl":"https:\/\/somllavors.com\/wp-content\/uploads\/Logotip-Som-Llavors.jpg","width":1444,"height":1323,"caption":"Som Llavors"}]},"product_price_amount":"34.90","product_price_currency":"EUR","og_availability":"instock","product_availability":"instock","product_retailer_item_id":"688020","product_condition":"new","geo.placename":"Vilanova i la Geltr\u00fa","geo.position":{"lat":"41.2257737","long":"1.723258859"},"geo.region":"Espa\u00f1a"},"brands":[{"id":4110,"name":"Moulin Roty","slug":"moulin-roty"}],"_links":{"self":[{"href":"https:\/\/somllavors.com\/es\/wp-json\/wp\/v2\/product\/88578","targetHints":{"allow":["GET"]}}],"collection":[{"href":"https:\/\/somllavors.com\/es\/wp-json\/wp\/v2\/product"}],"about":[{"href":"https:\/\/somllavors.com\/es\/wp-json\/wp\/v2\/types\/product"}],"wp:featuredmedia":[{"embeddable":true,"href":"https:\/\/somllavors.com\/es\/wp-json\/wp\/v2\/media\/88583"}],"wp:attachment":[{"href":"https:\/\/somllavors.com\/es\/wp-json\/wp\/v2\/media?parent=88578"}],"wp:term":[{"taxonomy":"pwb-brand","embeddable":true,"href":"https:\/\/somllavors.com\/es\/wp-json\/wp\/v2\/pwb-brand?post=88578"},{"taxonomy":"product_brand","embeddable":true,"href":"https:\/\/somllavors.com\/es\/wp-json\/wp\/v2\/product_brand?post=88578"},{"taxonomy":"product_cat","embeddable":true,"href":"https:\/\/somllavors.com\/es\/wp-json\/wp\/v2\/product_cat?post=88578"},{"taxonomy":"product_tag","embeddable":true,"href":"https:\/\/somllavors.com\/es\/wp-json\/wp\/v2\/product_tag?post=88578"}],"curies":[{"name":"wp","href":"https:\/\/api.w.org\/{rel}","templated":true}]}}