{"id":89123,"date":"2026-02-26T15:32:54","date_gmt":"2026-02-26T14:32:54","guid":{"rendered":"https:\/\/somllavors.com\/producte\/sandalias-de-primavera-tahiti-beig-blanditos"},"modified":"2026-02-26T15:32:54","modified_gmt":"2026-02-26T14:32:54","slug":"sandalias-de-primavera-tahiti-beig-blanditos","status":"publish","type":"product","link":"https:\/\/somllavors.com\/es\/producte\/sandalias-de-primavera-tahiti-beig-blanditos","title":{"rendered":"Sandalias de primavera Tahit\u00ed Beig &#8211; BLANDITOS"},"content":{"rendered":"<h3 class=\"\" data-path-to-node=\"7\"><b data-path-to-node=\"7\" data-index-in-node=\"0\">\u00bfQu\u00e9 hace que las Tahit\u00ed sean especiales?<\/b><\/h3>\n<ul data-path-to-node=\"8\">\n<li class=\"animating\">\n<p data-path-to-node=\"8,0,0\">Suela 100% barefoot: Suela de goma fina (3,5 mm), totalmente plana (drop cero) y de una flexibilidad excepcional, ahora en color goma natural. Permite que el pie reciba todos los est\u00edmulos del terreno de forma segura. <\/p>\n<\/li>\n<li>\n<p data-path-to-node=\"8,1,0\">Forma anat\u00f3mica: Puntera ancha para dejar espacio libre en el movimiento natural de los dedos, evitando presiones.<\/p>\n<\/li>\n<li>\n<p data-path-to-node=\"8,2,0\">Materiales premium: Combinaci\u00f3n de piel granulada blanca en la mayor\u00eda del cuerpo y delante\/serraje de color beige en la puntera para mayor resistencia, transpirable y suave para evitar rozaduras. Las tiras tarta de acento a\u00f1aden un toque de color suave. <\/p>\n<\/li>\n<li>\n<p data-path-to-node=\"8,3,0\">Autonom\u00eda total: Sistema de cierre con un \u00fanico velcro de f\u00e1cil apertura, con el logo de Blanditos visible, para una buena sujeci\u00f3n y fomentar la independencia del ni\u00f1o.<\/p>\n<\/li>\n<li>\n<p data-path-to-node=\"8,4,0\">Dise\u00f1o abierto y flexible: Su construcci\u00f3n abierta a las tiras y la ausencia de contrafuerte r\u00edgido permiten una libertad total de movimiento en el tobillo.<\/p>\n<\/li>\n<\/ul>\n<hr data-path-to-node=\"9\">\n<h3 data-path-to-node=\"10\"><b data-path-to-node=\"10\" data-index-in-node=\"0\">Detalles T\u00e9cnicos<\/b><\/h3>\n<table data-path-to-node=\"11\">\n<thead>\n<tr>\n<td>Caracter\u00edstica<\/td>\n<td>Detalle<\/td>\n<\/tr>\n<\/thead>\n<tbody>\n<tr>\n<td><span data-path-to-node=\"11,1,0,0\"><b data-path-to-node=\"11,1,0,0\" data-index-in-node=\"0\">Material exterior<\/b><\/span><\/td>\n<td><span data-path-to-node=\"11,1,1,0\">Pell i davant de primera qualitat<\/span><\/td>\n<\/tr>\n<tr>\n<td>Color<\/td>\n<td>Beige con detalles pastel claro (blanco, rosa claret, amarillo pajizo)<\/td>\n<\/tr>\n<tr>\n<td><span data-path-to-node=\"11,3,0,0\"><b data-path-to-node=\"11,3,0,0\" data-index-in-node=\"0\">Sola<\/b><\/span><\/td>\n<td><span data-path-to-node=\"11,3,1,0\">Goma antilliscant i flexible de color natural<\/span><\/td>\n<\/tr>\n<tr>\n<td>Plantilla<\/td>\n<p><span data-path-to-node=\"11,4,1,0\"><b data-path-to-node=\"11,4,0,0\" data-index-in-node=\"0\"><\/b><\/span><\/p>\n<td>Extra\u00edble, plana y muy fina<\/td>\n<\/tr>\n<tr>\n<td><span data-path-to-node=\"11,5,0,0\"><b data-path-to-node=\"11,5,0,0\" data-index-in-node=\"0\">Fabricaci\u00f3<\/b><\/span><\/td>\n<td><span data-path-to-node=\"11,5,1,0\">Fet a Espanya<\/span><\/td>\n<\/tr>\n<\/tbody>\n<\/table>\n<blockquote data-path-to-node=\"12\">\n<p data-path-to-node=\"12,0\">Consejo de talla: Al tratarse de calzado respetuoso, recuerda comprobar la gu\u00eda de tallas y asegurarte de que dejas entre 0,8 cm y 1,2 cm de margen respecto a la longitud del pie.<\/p>\n<\/blockquote>\n<p>&nbsp;<\/p>\n","protected":false},"excerpt":{"rendered":"<h2 class=\"\" data-path-to-node=\"2\"><b data-path-to-node=\"2\" data-index-in-node=\"0\">Sandalias Blanditos Tahit\u00ed \u2013 Color Beig y Detalles Pastel<\/b><\/h2>\n<h3 class=\"\" data-path-to-node=\"3\"><b data-path-to-node=\"3\" data-index-in-node=\"0\">Anda como si fueras descalzo, con un estilo relajado y elegante<\/b><\/h3>\n<p data-path-to-node=\"4\">Llegan las nuevas Blanditos Tahit\u00ed, ahora en un encantador y atemporal color beig combinado con tonos pastel suaves (blanco, rosa claret y amarillo pajizo). Este modelo es la perfecta fusi\u00f3n entre salud podol\u00f3gica y un dise\u00f1o relajado y elegante para esta primavera-verano, ideal para cualquier conjunto.<\/p>\n<p data-path-to-node=\"5\">Su look fresco y delicado evoca la calma y calidez de los d\u00edas de sol, sin renunciar a la m\u00e1xima comodidad y respeto por el desarrollo natural de los pies de los m\u00e1s peque\u00f1os.<\/p>\n<hr class=\"\" data-path-to-node=\"6\">\n<p>&nbsp;<\/p>\n","protected":false},"featured_media":87906,"template":"","meta":{"_acf_changed":false,"site-sidebar-layout":"default","site-content-layout":"","ast-site-content-layout":"default","site-content-style":"default","site-sidebar-style":"default","ast-global-header-display":"","ast-banner-title-visibility":"","ast-main-header-display":"","ast-hfb-above-header-display":"","ast-hfb-below-header-display":"","ast-hfb-mobile-header-display":"","site-post-title":"","ast-breadcrumbs-content":"","ast-featured-img":"","footer-sml-layout":"","theme-transparent-header-meta":"default","adv-header-id-meta":"","stick-header-meta":"","header-above-stick-meta":"","header-main-stick-meta":"","header-below-stick-meta":"","astra-migrate-meta-layouts":"default","ast-page-background-enabled":"default","ast-page-background-meta":{"desktop":{"background-color":"","background-image":"","background-repeat":"repeat","background-position":"center center","background-size":"auto","background-attachment":"scroll","background-type":"","background-media":"","overlay-type":"","overlay-color":"","overlay-opacity":"","overlay-gradient":""},"tablet":{"background-color":"","background-image":"","background-repeat":"repeat","background-position":"center center","background-size":"auto","background-attachment":"scroll","background-type":"","background-media":"","overlay-type":"","overlay-color":"","overlay-opacity":"","overlay-gradient":""},"mobile":{"background-color":"","background-image":"","background-repeat":"repeat","background-position":"center center","background-size":"auto","background-attachment":"scroll","background-type":"","background-media":"","overlay-type":"","overlay-color":"","overlay-opacity":"","overlay-gradient":""}},"ast-content-background-meta":{"desktop":{"background-color":"var(--ast-global-color-5)","background-image":"","background-repeat":"repeat","background-position":"center center","background-size":"auto","background-attachment":"scroll","background-type":"","background-media":"","overlay-type":"","overlay-color":"","overlay-opacity":"","overlay-gradient":""},"tablet":{"background-color":"var(--ast-global-color-5)","background-image":"","background-repeat":"repeat","background-position":"center center","background-size":"auto","background-attachment":"scroll","background-type":"","background-media":"","overlay-type":"","overlay-color":"","overlay-opacity":"","overlay-gradient":""},"mobile":{"background-color":"var(--ast-global-color-5)","background-image":"","background-repeat":"repeat","background-position":"center center","background-size":"auto","background-attachment":"scroll","background-type":"","background-media":"","overlay-type":"","overlay-color":"","overlay-opacity":"","overlay-gradient":""}}},"pwb-brand":[4111],"product_brand":[],"product_cat":[3524,4777],"product_tag":[5560],"class_list":{"0":"post-89123","1":"product","2":"type-product","3":"status-publish","4":"has-post-thumbnail","6":"pwb-brand-blanditos-calcat-respectuos-flexible","7":"product_cat-blanditos-es-calzado-respetuoso","8":"product_cat-tallas-pequenas-18-25","9":"product_tag-sandalias-es-2","10":"pa_talla-21-es","11":"pa_talla-22-es","12":"pa_talla-23-es","13":"pa_talla-24-es","14":"pa_talla-25-es","15":"pa_talla-26-es","16":"desktop-align-left","17":"tablet-align-left","18":"mobile-align-left","20":"first","21":"instock","22":"taxable","23":"shipping-taxable","24":"purchasable","25":"product-type-variable"},"acf":[],"yoast_head":"<!-- This site is optimized with the Yoast SEO Premium plugin v18.3 (Yoast SEO v27.4) - https:\/\/yoast.com\/product\/yoast-seo-premium-wordpress\/ -->\n<title>Sandalias de primavera Tahit\u00ed Beig - BLANDITOS &#8212; Som Llavors<\/title>\n<meta name=\"description\" content=\"Sandalias Blanditos Tahit\u00ed \u2013 Color Beig y Detalles Pastel Anda como si fueras descalzo, con un estilo relajado y elegante Llegan las nuevas Blanditos Tahit\u00ed, ahora en un encantador y atemporal color beig combinado con tonos pastel suaves (blanco, rosa claret y amarillo pajizo). Este modelo es la perfecta fusi\u00f3n entre salud podol\u00f3gica y un dise\u00f1o relajado y elegante para esta primavera-verano, ideal para cualquier conjunto. Su look fresco y delicado evoca la calma y calidez de los d\u00edas de sol, sin renunciar a la m\u00e1xima comodidad y respeto por el desarrollo natural de los pies de los m\u00e1s peque\u00f1os.   &nbsp;\" \/>\n<meta name=\"robots\" content=\"index, follow, max-snippet:-1, max-image-preview:large, max-video-preview:-1\" \/>\n<link rel=\"canonical\" href=\"https:\/\/somllavors.com\/es\/producte\/sandalias-de-primavera-tahiti-beig-blanditos\" \/>\n<meta property=\"og:locale\" content=\"es_ES\" \/>\n<meta property=\"og:type\" content=\"article\" \/>\n<meta property=\"og:title\" content=\"Sandalias de primavera Tahit\u00ed Beig - BLANDITOS\" \/>\n<meta property=\"og:description\" content=\"La teva botiga d\u2019ecocrian\u00e7a i espai d\u2019acompanyament a la maternitat\" \/>\n<meta property=\"og:url\" content=\"https:\/\/somllavors.com\/es\/producte\/sandalias-de-primavera-tahiti-beig-blanditos\" \/>\n<meta property=\"og:site_name\" content=\"Som Llavors\" \/>\n<meta property=\"article:publisher\" content=\"https:\/\/www.facebook.com\/somllavorsvng\/?locale=ca_ES\" \/>\n<meta property=\"og:image\" content=\"https:\/\/somllavors.com\/wp-content\/uploads\/2026\/02\/TAHITI-BR26V_1.jpg\" \/>\n\t<meta property=\"og:image:width\" content=\"960\" \/>\n\t<meta property=\"og:image:height\" content=\"1143\" \/>\n\t<meta property=\"og:image:type\" content=\"image\/jpeg\" \/>\n<meta name=\"twitter:card\" content=\"summary_large_image\" \/>\n<meta name=\"twitter:label1\" content=\"Availability\" \/>\n\t<meta name=\"twitter:data1\" content=\"Hay existencias\" \/>\n<script type=\"application\/ld+json\" class=\"yoast-schema-graph\">{\"@context\":\"https:\\\/\\\/schema.org\",\"@graph\":[{\"@type\":\"WebPage\",\"@id\":\"https:\\\/\\\/somllavors.com\\\/es\\\/producte\\\/sandalias-de-primavera-tahiti-beig-blanditos\",\"url\":\"https:\\\/\\\/somllavors.com\\\/es\\\/producte\\\/sandalias-de-primavera-tahiti-beig-blanditos\",\"name\":\"Sandalias de primavera Tahit\u00ed Beig - BLANDITOS &#8212; Som Llavors\",\"isPartOf\":{\"@id\":\"https:\\\/\\\/somllavors.com\\\/es#website\"},\"primaryImageOfPage\":{\"@id\":\"https:\\\/\\\/somllavors.com\\\/es\\\/producte\\\/sandalias-de-primavera-tahiti-beig-blanditos#primaryimage\"},\"image\":{\"@id\":\"https:\\\/\\\/somllavors.com\\\/es\\\/producte\\\/sandalias-de-primavera-tahiti-beig-blanditos#primaryimage\"},\"thumbnailUrl\":\"https:\\\/\\\/somllavors.com\\\/wp-content\\\/uploads\\\/2026\\\/02\\\/TAHITI-BR26V_1.jpg\",\"datePublished\":\"2026-02-26T14:32:54+00:00\",\"description\":\"Sandalias Blanditos Tahit\u00ed \u2013 Color Beig y Detalles Pastel Anda como si fueras descalzo, con un estilo relajado y elegante Llegan las nuevas Blanditos Tahit\u00ed, ahora en un encantador y atemporal color beig combinado con tonos pastel suaves (blanco, rosa claret y amarillo pajizo). Este modelo es la perfecta fusi\u00f3n entre salud podol\u00f3gica y un dise\u00f1o relajado y elegante para esta primavera-verano, ideal para cualquier conjunto. Su look fresco y delicado evoca la calma y calidez de los d\u00edas de sol, sin renunciar a la m\u00e1xima comodidad y respeto por el desarrollo natural de los pies de los m\u00e1s peque\u00f1os. &nbsp;\",\"breadcrumb\":{\"@id\":\"https:\\\/\\\/somllavors.com\\\/es\\\/producte\\\/sandalias-de-primavera-tahiti-beig-blanditos#breadcrumb\"},\"inLanguage\":\"es\",\"potentialAction\":[{\"@type\":\"ReadAction\",\"target\":[\"https:\\\/\\\/somllavors.com\\\/es\\\/producte\\\/sandalias-de-primavera-tahiti-beig-blanditos\"]}]},{\"@type\":\"ImageObject\",\"inLanguage\":\"es\",\"@id\":\"https:\\\/\\\/somllavors.com\\\/es\\\/producte\\\/sandalias-de-primavera-tahiti-beig-blanditos#primaryimage\",\"url\":\"https:\\\/\\\/somllavors.com\\\/wp-content\\\/uploads\\\/2026\\\/02\\\/TAHITI-BR26V_1.jpg\",\"contentUrl\":\"https:\\\/\\\/somllavors.com\\\/wp-content\\\/uploads\\\/2026\\\/02\\\/TAHITI-BR26V_1.jpg\",\"width\":960,\"height\":1143,\"caption\":\"tahiti Sandalia barefoot blanditos\"},{\"@type\":\"BreadcrumbList\",\"@id\":\"https:\\\/\\\/somllavors.com\\\/es\\\/producte\\\/sandalias-de-primavera-tahiti-beig-blanditos#breadcrumb\",\"itemListElement\":[{\"@type\":\"ListItem\",\"position\":1,\"name\":\"Inici\",\"item\":\"https:\\\/\\\/somllavors.com\\\/es\"},{\"@type\":\"ListItem\",\"position\":2,\"name\":\"Tienda\",\"item\":\"https:\\\/\\\/somllavors.com\\\/es\\\/botiga-2\"},{\"@type\":\"ListItem\",\"position\":3,\"name\":\"Sandalias de primavera Tahit\u00ed Beig &#8211; BLANDITOS\"}]},{\"@type\":\"WebSite\",\"@id\":\"https:\\\/\\\/somllavors.com\\\/es#website\",\"url\":\"https:\\\/\\\/somllavors.com\\\/es\",\"name\":\"Som Llavors\",\"description\":\"Botiga de crian\u00e7a natural\",\"publisher\":{\"@id\":\"https:\\\/\\\/somllavors.com\\\/es#organization\"},\"alternateName\":\"Crian\u00e7a Natural i Sostenible\",\"potentialAction\":[{\"@type\":\"SearchAction\",\"target\":{\"@type\":\"EntryPoint\",\"urlTemplate\":\"https:\\\/\\\/somllavors.com\\\/es?s={search_term_string}\"},\"query-input\":{\"@type\":\"PropertyValueSpecification\",\"valueRequired\":true,\"valueName\":\"search_term_string\"}}],\"inLanguage\":\"es\"},{\"@type\":[\"Organization\",\"Place\",\"Store\"],\"@id\":\"https:\\\/\\\/somllavors.com\\\/es#organization\",\"name\":\"Som Llavors\",\"alternateName\":\"Crian\u00e7a Natural i Sostenible\",\"url\":\"https:\\\/\\\/somllavors.com\\\/es\",\"logo\":{\"@id\":\"https:\\\/\\\/somllavors.com\\\/es\\\/producte\\\/sandalias-de-primavera-tahiti-beig-blanditos#local-main-organization-logo\"},\"image\":{\"@id\":\"https:\\\/\\\/somllavors.com\\\/es\\\/producte\\\/sandalias-de-primavera-tahiti-beig-blanditos#local-main-organization-logo\"},\"sameAs\":[\"https:\\\/\\\/www.facebook.com\\\/somllavorsvng\\\/?locale=ca_ES\",\"https:\\\/\\\/www.instagram.com\\\/somllavors_vng\\\/\",\"https:\\\/\\\/www.youtube.com\\\/@somllavors\"],\"address\":{\"@id\":\"https:\\\/\\\/somllavors.com\\\/es\\\/producte\\\/sandalias-de-primavera-tahiti-beig-blanditos#local-main-place-address\"},\"geo\":{\"@type\":\"GeoCoordinates\",\"latitude\":\"41.2257737\",\"longitude\":\"1.723258859\"},\"telephone\":[\"623152704\"],\"openingHoursSpecification\":[{\"@type\":\"OpeningHoursSpecification\",\"dayOfWeek\":[\"Monday\",\"Sunday\"],\"opens\":\"00:00\",\"closes\":\"00:00\"},{\"@type\":\"OpeningHoursSpecification\",\"dayOfWeek\":[\"Tuesday\",\"Wednesday\",\"Thursday\",\"Friday\"],\"opens\":\"10:00\",\"closes\":\"20:00\"},{\"@type\":\"OpeningHoursSpecification\",\"dayOfWeek\":[\"Saturday\"],\"opens\":\"10:00\",\"closes\":\"13:30\"}],\"email\":\"info@somllavors.com\"},{\"@type\":\"PostalAddress\",\"@id\":\"https:\\\/\\\/somllavors.com\\\/es\\\/producte\\\/sandalias-de-primavera-tahiti-beig-blanditos#local-main-place-address\",\"streetAddress\":\"Carrer de l'aigua, 6\",\"addressLocality\":\"Vilanova i la Geltr\u00fa\",\"postalCode\":\"08800\",\"addressRegion\":\"Barcelona\",\"addressCountry\":\"ES\"},{\"@type\":\"ImageObject\",\"inLanguage\":\"es\",\"@id\":\"https:\\\/\\\/somllavors.com\\\/es\\\/producte\\\/sandalias-de-primavera-tahiti-beig-blanditos#local-main-organization-logo\",\"url\":\"https:\\\/\\\/somllavors.com\\\/wp-content\\\/uploads\\\/Logotip-Som-Llavors.jpg\",\"contentUrl\":\"https:\\\/\\\/somllavors.com\\\/wp-content\\\/uploads\\\/Logotip-Som-Llavors.jpg\",\"width\":1444,\"height\":1323,\"caption\":\"Som Llavors\"}]}<\/script>\n<meta property=\"og:availability\" content=\"instock\" \/>\n<meta property=\"product:availability\" content=\"instock\" \/>\n<meta property=\"product:condition\" content=\"new\" \/>\n<meta name=\"geo.placename\" content=\"Vilanova i la Geltr\u00fa\" \/>\n<meta name=\"geo.position\" content=\"41.2257737;1.723258859\" \/>\n<meta name=\"geo.region\" content=\"Espa\u00f1a\" \/>\n<!-- \/ Yoast SEO Premium plugin. -->","yoast_head_json":{"title":"Sandalias de primavera Tahit\u00ed Beig - BLANDITOS &#8212; Som Llavors","description":"Sandalias Blanditos Tahit\u00ed \u2013 Color Beig y Detalles Pastel Anda como si fueras descalzo, con un estilo relajado y elegante Llegan las nuevas Blanditos Tahit\u00ed, ahora en un encantador y atemporal color beig combinado con tonos pastel suaves (blanco, rosa claret y amarillo pajizo). Este modelo es la perfecta fusi\u00f3n entre salud podol\u00f3gica y un dise\u00f1o relajado y elegante para esta primavera-verano, ideal para cualquier conjunto. Su look fresco y delicado evoca la calma y calidez de los d\u00edas de sol, sin renunciar a la m\u00e1xima comodidad y respeto por el desarrollo natural de los pies de los m\u00e1s peque\u00f1os.   &nbsp;","robots":{"index":"index","follow":"follow","max-snippet":"max-snippet:-1","max-image-preview":"max-image-preview:large","max-video-preview":"max-video-preview:-1"},"canonical":"https:\/\/somllavors.com\/es\/producte\/sandalias-de-primavera-tahiti-beig-blanditos","og_locale":"es_ES","og_type":"article","og_title":"Sandalias de primavera Tahit\u00ed Beig - BLANDITOS","og_description":"La teva botiga d\u2019ecocrian\u00e7a i espai d\u2019acompanyament a la maternitat","og_url":"https:\/\/somllavors.com\/es\/producte\/sandalias-de-primavera-tahiti-beig-blanditos","og_site_name":"Som Llavors","article_publisher":"https:\/\/www.facebook.com\/somllavorsvng\/?locale=ca_ES","og_image":[{"width":960,"height":1143,"url":"https:\/\/somllavors.com\/wp-content\/uploads\/2026\/02\/TAHITI-BR26V_1.jpg","type":"image\/jpeg"}],"twitter_card":"summary_large_image","twitter_misc":{"Availability":"Hay existencias"},"schema":{"@context":"https:\/\/schema.org","@graph":[{"@type":"WebPage","@id":"https:\/\/somllavors.com\/es\/producte\/sandalias-de-primavera-tahiti-beig-blanditos","url":"https:\/\/somllavors.com\/es\/producte\/sandalias-de-primavera-tahiti-beig-blanditos","name":"Sandalias de primavera Tahit\u00ed Beig - BLANDITOS &#8212; Som Llavors","isPartOf":{"@id":"https:\/\/somllavors.com\/es#website"},"primaryImageOfPage":{"@id":"https:\/\/somllavors.com\/es\/producte\/sandalias-de-primavera-tahiti-beig-blanditos#primaryimage"},"image":{"@id":"https:\/\/somllavors.com\/es\/producte\/sandalias-de-primavera-tahiti-beig-blanditos#primaryimage"},"thumbnailUrl":"https:\/\/somllavors.com\/wp-content\/uploads\/2026\/02\/TAHITI-BR26V_1.jpg","datePublished":"2026-02-26T14:32:54+00:00","description":"Sandalias Blanditos Tahit\u00ed \u2013 Color Beig y Detalles Pastel Anda como si fueras descalzo, con un estilo relajado y elegante Llegan las nuevas Blanditos Tahit\u00ed, ahora en un encantador y atemporal color beig combinado con tonos pastel suaves (blanco, rosa claret y amarillo pajizo). Este modelo es la perfecta fusi\u00f3n entre salud podol\u00f3gica y un dise\u00f1o relajado y elegante para esta primavera-verano, ideal para cualquier conjunto. Su look fresco y delicado evoca la calma y calidez de los d\u00edas de sol, sin renunciar a la m\u00e1xima comodidad y respeto por el desarrollo natural de los pies de los m\u00e1s peque\u00f1os. &nbsp;","breadcrumb":{"@id":"https:\/\/somllavors.com\/es\/producte\/sandalias-de-primavera-tahiti-beig-blanditos#breadcrumb"},"inLanguage":"es","potentialAction":[{"@type":"ReadAction","target":["https:\/\/somllavors.com\/es\/producte\/sandalias-de-primavera-tahiti-beig-blanditos"]}]},{"@type":"ImageObject","inLanguage":"es","@id":"https:\/\/somllavors.com\/es\/producte\/sandalias-de-primavera-tahiti-beig-blanditos#primaryimage","url":"https:\/\/somllavors.com\/wp-content\/uploads\/2026\/02\/TAHITI-BR26V_1.jpg","contentUrl":"https:\/\/somllavors.com\/wp-content\/uploads\/2026\/02\/TAHITI-BR26V_1.jpg","width":960,"height":1143,"caption":"tahiti Sandalia barefoot blanditos"},{"@type":"BreadcrumbList","@id":"https:\/\/somllavors.com\/es\/producte\/sandalias-de-primavera-tahiti-beig-blanditos#breadcrumb","itemListElement":[{"@type":"ListItem","position":1,"name":"Inici","item":"https:\/\/somllavors.com\/es"},{"@type":"ListItem","position":2,"name":"Tienda","item":"https:\/\/somllavors.com\/es\/botiga-2"},{"@type":"ListItem","position":3,"name":"Sandalias de primavera Tahit\u00ed Beig &#8211; BLANDITOS"}]},{"@type":"WebSite","@id":"https:\/\/somllavors.com\/es#website","url":"https:\/\/somllavors.com\/es","name":"Som Llavors","description":"Botiga de crian\u00e7a natural","publisher":{"@id":"https:\/\/somllavors.com\/es#organization"},"alternateName":"Crian\u00e7a Natural i Sostenible","potentialAction":[{"@type":"SearchAction","target":{"@type":"EntryPoint","urlTemplate":"https:\/\/somllavors.com\/es?s={search_term_string}"},"query-input":{"@type":"PropertyValueSpecification","valueRequired":true,"valueName":"search_term_string"}}],"inLanguage":"es"},{"@type":["Organization","Place","Store"],"@id":"https:\/\/somllavors.com\/es#organization","name":"Som Llavors","alternateName":"Crian\u00e7a Natural i Sostenible","url":"https:\/\/somllavors.com\/es","logo":{"@id":"https:\/\/somllavors.com\/es\/producte\/sandalias-de-primavera-tahiti-beig-blanditos#local-main-organization-logo"},"image":{"@id":"https:\/\/somllavors.com\/es\/producte\/sandalias-de-primavera-tahiti-beig-blanditos#local-main-organization-logo"},"sameAs":["https:\/\/www.facebook.com\/somllavorsvng\/?locale=ca_ES","https:\/\/www.instagram.com\/somllavors_vng\/","https:\/\/www.youtube.com\/@somllavors"],"address":{"@id":"https:\/\/somllavors.com\/es\/producte\/sandalias-de-primavera-tahiti-beig-blanditos#local-main-place-address"},"geo":{"@type":"GeoCoordinates","latitude":"41.2257737","longitude":"1.723258859"},"telephone":["623152704","623152704"],"openingHoursSpecification":[{"@type":"OpeningHoursSpecification","dayOfWeek":["Monday","Sunday"],"opens":"00:00","closes":"00:00"},{"@type":"OpeningHoursSpecification","dayOfWeek":["Tuesday","Wednesday","Thursday","Friday"],"opens":"10:00","closes":"20:00"},{"@type":"OpeningHoursSpecification","dayOfWeek":["Saturday"],"opens":"10:00","closes":"13:30"}],"email":"info@somllavors.com"},{"@type":"PostalAddress","@id":"https:\/\/somllavors.com\/es\/producte\/sandalias-de-primavera-tahiti-beig-blanditos#local-main-place-address","streetAddress":"Carrer de l'aigua, 6","addressLocality":"Vilanova i la Geltr\u00fa","postalCode":"08800","addressRegion":"Barcelona","addressCountry":"ES"},{"@type":"ImageObject","inLanguage":"es","@id":"https:\/\/somllavors.com\/es\/producte\/sandalias-de-primavera-tahiti-beig-blanditos#local-main-organization-logo","url":"https:\/\/somllavors.com\/wp-content\/uploads\/Logotip-Som-Llavors.jpg","contentUrl":"https:\/\/somllavors.com\/wp-content\/uploads\/Logotip-Som-Llavors.jpg","width":1444,"height":1323,"caption":"Som Llavors"}]},"og_availability":"instock","product_availability":"instock","product_condition":"new","geo.placename":"Vilanova i la Geltr\u00fa","geo.position":{"lat":"41.2257737","long":"1.723258859"},"geo.region":"Espa\u00f1a"},"brands":[{"id":4111,"name":"Blanditos","slug":"blanditos-calcat-respectuos-flexible"}],"_links":{"self":[{"href":"https:\/\/somllavors.com\/es\/wp-json\/wp\/v2\/product\/89123","targetHints":{"allow":["GET"]}}],"collection":[{"href":"https:\/\/somllavors.com\/es\/wp-json\/wp\/v2\/product"}],"about":[{"href":"https:\/\/somllavors.com\/es\/wp-json\/wp\/v2\/types\/product"}],"wp:featuredmedia":[{"embeddable":true,"href":"https:\/\/somllavors.com\/es\/wp-json\/wp\/v2\/media\/87906"}],"wp:attachment":[{"href":"https:\/\/somllavors.com\/es\/wp-json\/wp\/v2\/media?parent=89123"}],"wp:term":[{"taxonomy":"pwb-brand","embeddable":true,"href":"https:\/\/somllavors.com\/es\/wp-json\/wp\/v2\/pwb-brand?post=89123"},{"taxonomy":"product_brand","embeddable":true,"href":"https:\/\/somllavors.com\/es\/wp-json\/wp\/v2\/product_brand?post=89123"},{"taxonomy":"product_cat","embeddable":true,"href":"https:\/\/somllavors.com\/es\/wp-json\/wp\/v2\/product_cat?post=89123"},{"taxonomy":"product_tag","embeddable":true,"href":"https:\/\/somllavors.com\/es\/wp-json\/wp\/v2\/product_tag?post=89123"}],"curies":[{"name":"wp","href":"https:\/\/api.w.org\/{rel}","templated":true}]}}