{"id":89141,"date":"2026-02-20T13:25:23","date_gmt":"2026-02-20T12:25:23","guid":{"rendered":"https:\/\/somllavors.com\/producte\/coqueflex-lona-primavera-kaki-adultos"},"modified":"2026-02-20T13:25:23","modified_gmt":"2026-02-20T12:25:23","slug":"coqueflex-lona-primavera-kaki-adultos","status":"publish","type":"product","link":"https:\/\/somllavors.com\/es\/producte\/coqueflex-lona-primavera-kaki-adultos","title":{"rendered":"Coqueflex lona primavera kaki adultos"},"content":{"rendered":"<p>Consejo de mantenimiento: Al ser de lona, \u200b\u200bse recomienda limpiarlas con un pa\u00f1o h\u00famedo y jab\u00f3n neutro para mantener el color y la textura como el primer d\u00eda.<br \/>Fabricante: Coqueflex<br \/>Hechas en Espa\u00f1a<\/p>\n","protected":false},"excerpt":{"rendered":"<h2 data-path-to-node=\"2\">Coqueflex Adulto: Tejido Lona Kaki<\/h2>\n<p data-path-to-node=\"3\">Goza de la m\u00e1xima libertad para tus pies sin renunciar a un estilo urbano y vers\u00e1til. Estas zapatillas de lona de Coqueflex est\u00e1n dise\u00f1adas para adultos que buscan un calzado 100% respetuoso, c\u00f3modo y con un toque natural gracias a su acabado en color kaki. <\/p>\n<h3 data-path-to-node=\"4\">Caracter\u00edsticas Principales:<\/h3>\n<ul data-path-to-node=\"5\">\n<li>\n<p data-path-to-node=\"5,0,0\">Dise\u00f1o Barefoot Real: Con una forma anat\u00f3mica que respeta el espacio natural de los dedos, evitando presiones innecesarias.<\/p>\n<\/li>\n<li>\n<p data-path-to-node=\"5,1,0\">Material de Calidad: Fabricadas en tejido de lona de alta resistencia, ideal para una transpirabilidad \u00f3ptima durante el d\u00eda a d\u00eda.<\/p>\n<\/li>\n<li>\n<p data-path-to-node=\"5,2,0\">Suela &#8220;Cero Drop&#8221;: Suela totalmente plana, fina y flexible, que permite una pisada natural y una conexi\u00f3n total con el terreno.<\/p>\n<\/li>\n<li>\n<p data-path-to-node=\"5,3,0\">Suela de Goma color Caramelo: Ofrece un contraste elegante con el tejido kaki y garantiza una excelente adherencia y una durabilidad superior.<\/p>\n<\/li>\n<li>\n<p data-path-to-node=\"5,4,0\">Ajuste Personalizado: Sistema de cordones que permite adaptar la sujeci\u00f3n a cualquier tipo de empeine.<\/p>\n<\/li>\n<\/ul>\n<h3 data-path-to-node=\"6\">\u00bfPor qu\u00e9 elegir las lonas de coqueflejo?<\/h3>\n<p data-path-to-node=\"7\">Este modelo combina la sobriedad del color kaki con la practicidad de un zapato deportivo. Es el calzado perfecto para aquellos que quieren hacer la transici\u00f3n al calzado minimalista o para quienes ya conocen los beneficios de andar &#8220;como si fueras descalzo&#8221;. <\/p>\n<blockquote data-path-to-node=\"8\">\n<p data-path-to-node=\"8,0\">Consejo de mantenimiento: Al ser de lona, \u200b\u200bse recomienda limpiarlas con un pa\u00f1o h\u00famedo y jab\u00f3n neutro para mantener el color y la textura como el primer d\u00eda.<\/p>\n<\/blockquote>\n","protected":false},"featured_media":88713,"template":"","meta":{"_acf_changed":false,"site-sidebar-layout":"default","site-content-layout":"","ast-site-content-layout":"default","site-content-style":"default","site-sidebar-style":"default","ast-global-header-display":"","ast-banner-title-visibility":"","ast-main-header-display":"","ast-hfb-above-header-display":"","ast-hfb-below-header-display":"","ast-hfb-mobile-header-display":"","site-post-title":"","ast-breadcrumbs-content":"","ast-featured-img":"","footer-sml-layout":"","theme-transparent-header-meta":"default","adv-header-id-meta":"","stick-header-meta":"","header-above-stick-meta":"","header-main-stick-meta":"","header-below-stick-meta":"","astra-migrate-meta-layouts":"default","ast-page-background-enabled":"default","ast-page-background-meta":{"desktop":{"background-color":"","background-image":"","background-repeat":"repeat","background-position":"center center","background-size":"auto","background-attachment":"scroll","background-type":"","background-media":"","overlay-type":"","overlay-color":"","overlay-opacity":"","overlay-gradient":""},"tablet":{"background-color":"","background-image":"","background-repeat":"repeat","background-position":"center center","background-size":"auto","background-attachment":"scroll","background-type":"","background-media":"","overlay-type":"","overlay-color":"","overlay-opacity":"","overlay-gradient":""},"mobile":{"background-color":"","background-image":"","background-repeat":"repeat","background-position":"center center","background-size":"auto","background-attachment":"scroll","background-type":"","background-media":"","overlay-type":"","overlay-color":"","overlay-opacity":"","overlay-gradient":""}},"ast-content-background-meta":{"desktop":{"background-color":"var(--ast-global-color-5)","background-image":"","background-repeat":"repeat","background-position":"center center","background-size":"auto","background-attachment":"scroll","background-type":"","background-media":"","overlay-type":"","overlay-color":"","overlay-opacity":"","overlay-gradient":""},"tablet":{"background-color":"var(--ast-global-color-5)","background-image":"","background-repeat":"repeat","background-position":"center center","background-size":"auto","background-attachment":"scroll","background-type":"","background-media":"","overlay-type":"","overlay-color":"","overlay-opacity":"","overlay-gradient":""},"mobile":{"background-color":"var(--ast-global-color-5)","background-image":"","background-repeat":"repeat","background-position":"center center","background-size":"auto","background-attachment":"scroll","background-type":"","background-media":"","overlay-type":"","overlay-color":"","overlay-opacity":"","overlay-gradient":""}}},"pwb-brand":[4890],"product_brand":[],"product_cat":[4897],"product_tag":[],"class_list":{"0":"post-89141","1":"product","2":"type-product","3":"status-publish","4":"has-post-thumbnail","6":"pwb-brand-coqueflex","7":"product_cat-coqueflex-es","8":"pa_talla-36-es","9":"pa_talla-37-es","10":"pa_talla-38-es","11":"pa_talla-39-es","12":"pa_talla-40-es","13":"pa_talla-41-es","14":"pa_talla-42-es","15":"pa_talla-43-es","16":"pa_talla-44-es","17":"desktop-align-left","18":"tablet-align-left","19":"mobile-align-left","21":"first","22":"instock","23":"taxable","24":"shipping-taxable","25":"purchasable","26":"product-type-variable"},"acf":[],"yoast_head":"<!-- This site is optimized with the Yoast SEO Premium plugin v18.3 (Yoast SEO v27.4) - https:\/\/yoast.com\/product\/yoast-seo-premium-wordpress\/ -->\n<title>Coqueflex lona primavera kaki adultos &#8212; Som Llavors<\/title>\n<meta name=\"description\" content=\"Coqueflex Adulto: Tejido Lona Kaki Goza de la m\u00e1xima libertad para tus pies sin renunciar a un estilo urbano y vers\u00e1til. Estas zapatillas de lona de Coqueflex est\u00e1n dise\u00f1adas para adultos que buscan un calzado 100% respetuoso, c\u00f3modo y con un toque natural gracias a su acabado en color kaki.  Caracter\u00edsticas Principales:   Dise\u00f1o Barefoot Real: Con una forma anat\u00f3mica que respeta el espacio natural de los dedos, evitando presiones innecesarias.   Material de Calidad: Fabricadas en tejido de lona de alta resistencia, ideal para una transpirabilidad \u00f3ptima durante el d\u00eda a d\u00eda.   Suela &quot;Cero Drop&quot;: Suela totalmente plana, fina y flexible, que permite una pisada natural y una conexi\u00f3n total con el terreno.   Suela de Goma color Caramelo: Ofrece un contraste elegante con el tejido kaki y garantiza una excelente adherencia y una durabilidad superior.   Ajuste Personalizado: Sistema de cordones que permite adaptar la sujeci\u00f3n a cualquier tipo de empeine.  \u00bfPor qu\u00e9 elegir las lonas de coqueflejo? Este modelo combina la sobriedad del color kaki con la practicidad de un zapato deportivo. Es el calzado perfecto para aquellos que quieren hacer la transici\u00f3n al calzado minimalista o para quienes ya conocen los beneficios de andar &quot;como si fueras descalzo&quot;.  Consejo de mantenimiento: Al ser de lona, \u200b\u200bse recomienda limpiarlas con un pa\u00f1o h\u00famedo y jab\u00f3n neutro para mantener el color y la textura como el primer d\u00eda.\" \/>\n<meta name=\"robots\" content=\"index, follow, max-snippet:-1, max-image-preview:large, max-video-preview:-1\" \/>\n<link rel=\"canonical\" href=\"https:\/\/somllavors.com\/es\/producte\/coqueflex-lona-primavera-kaki-adultos\" \/>\n<meta property=\"og:locale\" content=\"es_ES\" \/>\n<meta property=\"og:type\" content=\"article\" \/>\n<meta property=\"og:title\" content=\"Coqueflex lona primavera kaki adultos\" \/>\n<meta property=\"og:description\" content=\"La teva botiga d\u2019ecocrian\u00e7a i espai d\u2019acompanyament a la maternitat\" \/>\n<meta property=\"og:url\" content=\"https:\/\/somllavors.com\/es\/producte\/coqueflex-lona-primavera-kaki-adultos\" \/>\n<meta property=\"og:site_name\" content=\"Som Llavors\" \/>\n<meta property=\"article:publisher\" content=\"https:\/\/www.facebook.com\/somllavorsvng\/?locale=ca_ES\" \/>\n<meta property=\"og:image\" content=\"https:\/\/somllavors.com\/wp-content\/uploads\/2026\/02\/Coqueflex-Tejido-Lona-Kaki-Modelo-4421.jpeg\" \/>\n\t<meta property=\"og:image:width\" content=\"1025\" \/>\n\t<meta property=\"og:image:height\" content=\"727\" \/>\n\t<meta property=\"og:image:type\" content=\"image\/jpeg\" \/>\n<meta name=\"twitter:card\" content=\"summary_large_image\" \/>\n<meta name=\"twitter:label1\" content=\"Availability\" \/>\n\t<meta name=\"twitter:data1\" content=\"Hay existencias\" \/>\n<script type=\"application\/ld+json\" class=\"yoast-schema-graph\">{\"@context\":\"https:\\\/\\\/schema.org\",\"@graph\":[{\"@type\":\"WebPage\",\"@id\":\"https:\\\/\\\/somllavors.com\\\/es\\\/producte\\\/coqueflex-lona-primavera-kaki-adultos\",\"url\":\"https:\\\/\\\/somllavors.com\\\/es\\\/producte\\\/coqueflex-lona-primavera-kaki-adultos\",\"name\":\"Coqueflex lona primavera kaki adultos &#8212; Som Llavors\",\"isPartOf\":{\"@id\":\"https:\\\/\\\/somllavors.com\\\/es#website\"},\"primaryImageOfPage\":{\"@id\":\"https:\\\/\\\/somllavors.com\\\/es\\\/producte\\\/coqueflex-lona-primavera-kaki-adultos#primaryimage\"},\"image\":{\"@id\":\"https:\\\/\\\/somllavors.com\\\/es\\\/producte\\\/coqueflex-lona-primavera-kaki-adultos#primaryimage\"},\"thumbnailUrl\":\"https:\\\/\\\/somllavors.com\\\/wp-content\\\/uploads\\\/2026\\\/02\\\/Coqueflex-Tejido-Lona-Kaki-Modelo-4421.jpeg\",\"datePublished\":\"2026-02-20T12:25:23+00:00\",\"description\":\"Coqueflex Adulto: Tejido Lona Kaki Goza de la m\u00e1xima libertad para tus pies sin renunciar a un estilo urbano y vers\u00e1til. Estas zapatillas de lona de Coqueflex est\u00e1n dise\u00f1adas para adultos que buscan un calzado 100% respetuoso, c\u00f3modo y con un toque natural gracias a su acabado en color kaki. Caracter\u00edsticas Principales: Dise\u00f1o Barefoot Real: Con una forma anat\u00f3mica que respeta el espacio natural de los dedos, evitando presiones innecesarias. Material de Calidad: Fabricadas en tejido de lona de alta resistencia, ideal para una transpirabilidad \u00f3ptima durante el d\u00eda a d\u00eda. Suela \\\"Cero Drop\\\": Suela totalmente plana, fina y flexible, que permite una pisada natural y una conexi\u00f3n total con el terreno. Suela de Goma color Caramelo: Ofrece un contraste elegante con el tejido kaki y garantiza una excelente adherencia y una durabilidad superior. Ajuste Personalizado: Sistema de cordones que permite adaptar la sujeci\u00f3n a cualquier tipo de empeine. \u00bfPor qu\u00e9 elegir las lonas de coqueflejo? Este modelo combina la sobriedad del color kaki con la practicidad de un zapato deportivo. Es el calzado perfecto para aquellos que quieren hacer la transici\u00f3n al calzado minimalista o para quienes ya conocen los beneficios de andar \\\"como si fueras descalzo\\\". Consejo de mantenimiento: Al ser de lona, \u200b\u200bse recomienda limpiarlas con un pa\u00f1o h\u00famedo y jab\u00f3n neutro para mantener el color y la textura como el primer d\u00eda.\",\"breadcrumb\":{\"@id\":\"https:\\\/\\\/somllavors.com\\\/es\\\/producte\\\/coqueflex-lona-primavera-kaki-adultos#breadcrumb\"},\"inLanguage\":\"es\",\"potentialAction\":[{\"@type\":\"ReadAction\",\"target\":[\"https:\\\/\\\/somllavors.com\\\/es\\\/producte\\\/coqueflex-lona-primavera-kaki-adultos\"]}]},{\"@type\":\"ImageObject\",\"inLanguage\":\"es\",\"@id\":\"https:\\\/\\\/somllavors.com\\\/es\\\/producte\\\/coqueflex-lona-primavera-kaki-adultos#primaryimage\",\"url\":\"https:\\\/\\\/somllavors.com\\\/wp-content\\\/uploads\\\/2026\\\/02\\\/Coqueflex-Tejido-Lona-Kaki-Modelo-4421.jpeg\",\"contentUrl\":\"https:\\\/\\\/somllavors.com\\\/wp-content\\\/uploads\\\/2026\\\/02\\\/Coqueflex-Tejido-Lona-Kaki-Modelo-4421.jpeg\",\"width\":1025,\"height\":727,\"caption\":\"coqueflex lona primavera adultos\"},{\"@type\":\"BreadcrumbList\",\"@id\":\"https:\\\/\\\/somllavors.com\\\/es\\\/producte\\\/coqueflex-lona-primavera-kaki-adultos#breadcrumb\",\"itemListElement\":[{\"@type\":\"ListItem\",\"position\":1,\"name\":\"Inici\",\"item\":\"https:\\\/\\\/somllavors.com\\\/es\"},{\"@type\":\"ListItem\",\"position\":2,\"name\":\"Tienda\",\"item\":\"https:\\\/\\\/somllavors.com\\\/es\\\/botiga-2\"},{\"@type\":\"ListItem\",\"position\":3,\"name\":\"Coqueflex lona primavera kaki adultos\"}]},{\"@type\":\"WebSite\",\"@id\":\"https:\\\/\\\/somllavors.com\\\/es#website\",\"url\":\"https:\\\/\\\/somllavors.com\\\/es\",\"name\":\"Som Llavors\",\"description\":\"Botiga de crian\u00e7a natural\",\"publisher\":{\"@id\":\"https:\\\/\\\/somllavors.com\\\/es#organization\"},\"alternateName\":\"Crian\u00e7a Natural i Sostenible\",\"potentialAction\":[{\"@type\":\"SearchAction\",\"target\":{\"@type\":\"EntryPoint\",\"urlTemplate\":\"https:\\\/\\\/somllavors.com\\\/es?s={search_term_string}\"},\"query-input\":{\"@type\":\"PropertyValueSpecification\",\"valueRequired\":true,\"valueName\":\"search_term_string\"}}],\"inLanguage\":\"es\"},{\"@type\":[\"Organization\",\"Place\",\"Store\"],\"@id\":\"https:\\\/\\\/somllavors.com\\\/es#organization\",\"name\":\"Som Llavors\",\"alternateName\":\"Crian\u00e7a Natural i Sostenible\",\"url\":\"https:\\\/\\\/somllavors.com\\\/es\",\"logo\":{\"@id\":\"https:\\\/\\\/somllavors.com\\\/es\\\/producte\\\/coqueflex-lona-primavera-kaki-adultos#local-main-organization-logo\"},\"image\":{\"@id\":\"https:\\\/\\\/somllavors.com\\\/es\\\/producte\\\/coqueflex-lona-primavera-kaki-adultos#local-main-organization-logo\"},\"sameAs\":[\"https:\\\/\\\/www.facebook.com\\\/somllavorsvng\\\/?locale=ca_ES\",\"https:\\\/\\\/www.instagram.com\\\/somllavors_vng\\\/\",\"https:\\\/\\\/www.youtube.com\\\/@somllavors\"],\"address\":{\"@id\":\"https:\\\/\\\/somllavors.com\\\/es\\\/producte\\\/coqueflex-lona-primavera-kaki-adultos#local-main-place-address\"},\"geo\":{\"@type\":\"GeoCoordinates\",\"latitude\":\"41.2257737\",\"longitude\":\"1.723258859\"},\"telephone\":[\"623152704\"],\"openingHoursSpecification\":[{\"@type\":\"OpeningHoursSpecification\",\"dayOfWeek\":[\"Monday\",\"Sunday\"],\"opens\":\"00:00\",\"closes\":\"00:00\"},{\"@type\":\"OpeningHoursSpecification\",\"dayOfWeek\":[\"Tuesday\",\"Wednesday\",\"Thursday\",\"Friday\"],\"opens\":\"10:00\",\"closes\":\"20:00\"},{\"@type\":\"OpeningHoursSpecification\",\"dayOfWeek\":[\"Saturday\"],\"opens\":\"10:00\",\"closes\":\"13:30\"}],\"email\":\"info@somllavors.com\"},{\"@type\":\"PostalAddress\",\"@id\":\"https:\\\/\\\/somllavors.com\\\/es\\\/producte\\\/coqueflex-lona-primavera-kaki-adultos#local-main-place-address\",\"streetAddress\":\"Carrer de l'aigua, 6\",\"addressLocality\":\"Vilanova i la Geltr\u00fa\",\"postalCode\":\"08800\",\"addressRegion\":\"Barcelona\",\"addressCountry\":\"ES\"},{\"@type\":\"ImageObject\",\"inLanguage\":\"es\",\"@id\":\"https:\\\/\\\/somllavors.com\\\/es\\\/producte\\\/coqueflex-lona-primavera-kaki-adultos#local-main-organization-logo\",\"url\":\"https:\\\/\\\/somllavors.com\\\/wp-content\\\/uploads\\\/Logotip-Som-Llavors.jpg\",\"contentUrl\":\"https:\\\/\\\/somllavors.com\\\/wp-content\\\/uploads\\\/Logotip-Som-Llavors.jpg\",\"width\":1444,\"height\":1323,\"caption\":\"Som Llavors\"}]}<\/script>\n<meta property=\"og:availability\" content=\"instock\" \/>\n<meta property=\"product:availability\" content=\"instock\" \/>\n<meta property=\"product:condition\" content=\"new\" \/>\n<meta name=\"geo.placename\" content=\"Vilanova i la Geltr\u00fa\" \/>\n<meta name=\"geo.position\" content=\"41.2257737;1.723258859\" \/>\n<meta name=\"geo.region\" content=\"Espa\u00f1a\" \/>\n<!-- \/ Yoast SEO Premium plugin. -->","yoast_head_json":{"title":"Coqueflex lona primavera kaki adultos &#8212; Som Llavors","description":"Coqueflex Adulto: Tejido Lona Kaki Goza de la m\u00e1xima libertad para tus pies sin renunciar a un estilo urbano y vers\u00e1til. Estas zapatillas de lona de Coqueflex est\u00e1n dise\u00f1adas para adultos que buscan un calzado 100% respetuoso, c\u00f3modo y con un toque natural gracias a su acabado en color kaki.  Caracter\u00edsticas Principales:   Dise\u00f1o Barefoot Real: Con una forma anat\u00f3mica que respeta el espacio natural de los dedos, evitando presiones innecesarias.   Material de Calidad: Fabricadas en tejido de lona de alta resistencia, ideal para una transpirabilidad \u00f3ptima durante el d\u00eda a d\u00eda.   Suela \"Cero Drop\": Suela totalmente plana, fina y flexible, que permite una pisada natural y una conexi\u00f3n total con el terreno.   Suela de Goma color Caramelo: Ofrece un contraste elegante con el tejido kaki y garantiza una excelente adherencia y una durabilidad superior.   Ajuste Personalizado: Sistema de cordones que permite adaptar la sujeci\u00f3n a cualquier tipo de empeine.  \u00bfPor qu\u00e9 elegir las lonas de coqueflejo? Este modelo combina la sobriedad del color kaki con la practicidad de un zapato deportivo. Es el calzado perfecto para aquellos que quieren hacer la transici\u00f3n al calzado minimalista o para quienes ya conocen los beneficios de andar \"como si fueras descalzo\".  Consejo de mantenimiento: Al ser de lona, \u200b\u200bse recomienda limpiarlas con un pa\u00f1o h\u00famedo y jab\u00f3n neutro para mantener el color y la textura como el primer d\u00eda.","robots":{"index":"index","follow":"follow","max-snippet":"max-snippet:-1","max-image-preview":"max-image-preview:large","max-video-preview":"max-video-preview:-1"},"canonical":"https:\/\/somllavors.com\/es\/producte\/coqueflex-lona-primavera-kaki-adultos","og_locale":"es_ES","og_type":"article","og_title":"Coqueflex lona primavera kaki adultos","og_description":"La teva botiga d\u2019ecocrian\u00e7a i espai d\u2019acompanyament a la maternitat","og_url":"https:\/\/somllavors.com\/es\/producte\/coqueflex-lona-primavera-kaki-adultos","og_site_name":"Som Llavors","article_publisher":"https:\/\/www.facebook.com\/somllavorsvng\/?locale=ca_ES","og_image":[{"width":1025,"height":727,"url":"https:\/\/somllavors.com\/wp-content\/uploads\/2026\/02\/Coqueflex-Tejido-Lona-Kaki-Modelo-4421.jpeg","type":"image\/jpeg"}],"twitter_card":"summary_large_image","twitter_misc":{"Availability":"Hay existencias"},"schema":{"@context":"https:\/\/schema.org","@graph":[{"@type":"WebPage","@id":"https:\/\/somllavors.com\/es\/producte\/coqueflex-lona-primavera-kaki-adultos","url":"https:\/\/somllavors.com\/es\/producte\/coqueflex-lona-primavera-kaki-adultos","name":"Coqueflex lona primavera kaki adultos &#8212; Som Llavors","isPartOf":{"@id":"https:\/\/somllavors.com\/es#website"},"primaryImageOfPage":{"@id":"https:\/\/somllavors.com\/es\/producte\/coqueflex-lona-primavera-kaki-adultos#primaryimage"},"image":{"@id":"https:\/\/somllavors.com\/es\/producte\/coqueflex-lona-primavera-kaki-adultos#primaryimage"},"thumbnailUrl":"https:\/\/somllavors.com\/wp-content\/uploads\/2026\/02\/Coqueflex-Tejido-Lona-Kaki-Modelo-4421.jpeg","datePublished":"2026-02-20T12:25:23+00:00","description":"Coqueflex Adulto: Tejido Lona Kaki Goza de la m\u00e1xima libertad para tus pies sin renunciar a un estilo urbano y vers\u00e1til. Estas zapatillas de lona de Coqueflex est\u00e1n dise\u00f1adas para adultos que buscan un calzado 100% respetuoso, c\u00f3modo y con un toque natural gracias a su acabado en color kaki. Caracter\u00edsticas Principales: Dise\u00f1o Barefoot Real: Con una forma anat\u00f3mica que respeta el espacio natural de los dedos, evitando presiones innecesarias. Material de Calidad: Fabricadas en tejido de lona de alta resistencia, ideal para una transpirabilidad \u00f3ptima durante el d\u00eda a d\u00eda. Suela \"Cero Drop\": Suela totalmente plana, fina y flexible, que permite una pisada natural y una conexi\u00f3n total con el terreno. Suela de Goma color Caramelo: Ofrece un contraste elegante con el tejido kaki y garantiza una excelente adherencia y una durabilidad superior. Ajuste Personalizado: Sistema de cordones que permite adaptar la sujeci\u00f3n a cualquier tipo de empeine. \u00bfPor qu\u00e9 elegir las lonas de coqueflejo? Este modelo combina la sobriedad del color kaki con la practicidad de un zapato deportivo. Es el calzado perfecto para aquellos que quieren hacer la transici\u00f3n al calzado minimalista o para quienes ya conocen los beneficios de andar \"como si fueras descalzo\". Consejo de mantenimiento: Al ser de lona, \u200b\u200bse recomienda limpiarlas con un pa\u00f1o h\u00famedo y jab\u00f3n neutro para mantener el color y la textura como el primer d\u00eda.","breadcrumb":{"@id":"https:\/\/somllavors.com\/es\/producte\/coqueflex-lona-primavera-kaki-adultos#breadcrumb"},"inLanguage":"es","potentialAction":[{"@type":"ReadAction","target":["https:\/\/somllavors.com\/es\/producte\/coqueflex-lona-primavera-kaki-adultos"]}]},{"@type":"ImageObject","inLanguage":"es","@id":"https:\/\/somllavors.com\/es\/producte\/coqueflex-lona-primavera-kaki-adultos#primaryimage","url":"https:\/\/somllavors.com\/wp-content\/uploads\/2026\/02\/Coqueflex-Tejido-Lona-Kaki-Modelo-4421.jpeg","contentUrl":"https:\/\/somllavors.com\/wp-content\/uploads\/2026\/02\/Coqueflex-Tejido-Lona-Kaki-Modelo-4421.jpeg","width":1025,"height":727,"caption":"coqueflex lona primavera adultos"},{"@type":"BreadcrumbList","@id":"https:\/\/somllavors.com\/es\/producte\/coqueflex-lona-primavera-kaki-adultos#breadcrumb","itemListElement":[{"@type":"ListItem","position":1,"name":"Inici","item":"https:\/\/somllavors.com\/es"},{"@type":"ListItem","position":2,"name":"Tienda","item":"https:\/\/somllavors.com\/es\/botiga-2"},{"@type":"ListItem","position":3,"name":"Coqueflex lona primavera kaki adultos"}]},{"@type":"WebSite","@id":"https:\/\/somllavors.com\/es#website","url":"https:\/\/somllavors.com\/es","name":"Som Llavors","description":"Botiga de crian\u00e7a natural","publisher":{"@id":"https:\/\/somllavors.com\/es#organization"},"alternateName":"Crian\u00e7a Natural i Sostenible","potentialAction":[{"@type":"SearchAction","target":{"@type":"EntryPoint","urlTemplate":"https:\/\/somllavors.com\/es?s={search_term_string}"},"query-input":{"@type":"PropertyValueSpecification","valueRequired":true,"valueName":"search_term_string"}}],"inLanguage":"es"},{"@type":["Organization","Place","Store"],"@id":"https:\/\/somllavors.com\/es#organization","name":"Som Llavors","alternateName":"Crian\u00e7a Natural i Sostenible","url":"https:\/\/somllavors.com\/es","logo":{"@id":"https:\/\/somllavors.com\/es\/producte\/coqueflex-lona-primavera-kaki-adultos#local-main-organization-logo"},"image":{"@id":"https:\/\/somllavors.com\/es\/producte\/coqueflex-lona-primavera-kaki-adultos#local-main-organization-logo"},"sameAs":["https:\/\/www.facebook.com\/somllavorsvng\/?locale=ca_ES","https:\/\/www.instagram.com\/somllavors_vng\/","https:\/\/www.youtube.com\/@somllavors"],"address":{"@id":"https:\/\/somllavors.com\/es\/producte\/coqueflex-lona-primavera-kaki-adultos#local-main-place-address"},"geo":{"@type":"GeoCoordinates","latitude":"41.2257737","longitude":"1.723258859"},"telephone":["623152704","623152704"],"openingHoursSpecification":[{"@type":"OpeningHoursSpecification","dayOfWeek":["Monday","Sunday"],"opens":"00:00","closes":"00:00"},{"@type":"OpeningHoursSpecification","dayOfWeek":["Tuesday","Wednesday","Thursday","Friday"],"opens":"10:00","closes":"20:00"},{"@type":"OpeningHoursSpecification","dayOfWeek":["Saturday"],"opens":"10:00","closes":"13:30"}],"email":"info@somllavors.com"},{"@type":"PostalAddress","@id":"https:\/\/somllavors.com\/es\/producte\/coqueflex-lona-primavera-kaki-adultos#local-main-place-address","streetAddress":"Carrer de l'aigua, 6","addressLocality":"Vilanova i la Geltr\u00fa","postalCode":"08800","addressRegion":"Barcelona","addressCountry":"ES"},{"@type":"ImageObject","inLanguage":"es","@id":"https:\/\/somllavors.com\/es\/producte\/coqueflex-lona-primavera-kaki-adultos#local-main-organization-logo","url":"https:\/\/somllavors.com\/wp-content\/uploads\/Logotip-Som-Llavors.jpg","contentUrl":"https:\/\/somllavors.com\/wp-content\/uploads\/Logotip-Som-Llavors.jpg","width":1444,"height":1323,"caption":"Som Llavors"}]},"og_availability":"instock","product_availability":"instock","product_condition":"new","geo.placename":"Vilanova i la Geltr\u00fa","geo.position":{"lat":"41.2257737","long":"1.723258859"},"geo.region":"Espa\u00f1a"},"brands":[{"id":4890,"name":"CoqueFlex","slug":"coqueflex"}],"_links":{"self":[{"href":"https:\/\/somllavors.com\/es\/wp-json\/wp\/v2\/product\/89141","targetHints":{"allow":["GET"]}}],"collection":[{"href":"https:\/\/somllavors.com\/es\/wp-json\/wp\/v2\/product"}],"about":[{"href":"https:\/\/somllavors.com\/es\/wp-json\/wp\/v2\/types\/product"}],"wp:featuredmedia":[{"embeddable":true,"href":"https:\/\/somllavors.com\/es\/wp-json\/wp\/v2\/media\/88713"}],"wp:attachment":[{"href":"https:\/\/somllavors.com\/es\/wp-json\/wp\/v2\/media?parent=89141"}],"wp:term":[{"taxonomy":"pwb-brand","embeddable":true,"href":"https:\/\/somllavors.com\/es\/wp-json\/wp\/v2\/pwb-brand?post=89141"},{"taxonomy":"product_brand","embeddable":true,"href":"https:\/\/somllavors.com\/es\/wp-json\/wp\/v2\/product_brand?post=89141"},{"taxonomy":"product_cat","embeddable":true,"href":"https:\/\/somllavors.com\/es\/wp-json\/wp\/v2\/product_cat?post=89141"},{"taxonomy":"product_tag","embeddable":true,"href":"https:\/\/somllavors.com\/es\/wp-json\/wp\/v2\/product_tag?post=89141"}],"curies":[{"name":"wp","href":"https:\/\/api.w.org\/{rel}","templated":true}]}}