{"id":89477,"date":"2026-03-10T17:01:01","date_gmt":"2026-03-10T16:01:01","guid":{"rendered":"https:\/\/somllavors.com\/producte\/casco-de-bicicleta-milly-fun-beach-blue-liewood"},"modified":"2026-03-10T17:01:01","modified_gmt":"2026-03-10T16:01:01","slug":"casco-de-bicicleta-milly-fun-beach-blue-liewood","status":"publish","type":"product","link":"https:\/\/somllavors.com\/es\/producte\/casco-de-bicicleta-milly-fun-beach-blue-liewood","title":{"rendered":"Casco de bicicleta Milly Fun beach blue \u2013 Liewood"},"content":{"rendered":"<p>ANCHO (CM) 54; LARGO (CM) 37<\/p>\n","protected":false},"excerpt":{"rendered":"<p>Con un acabado mate elegante y detalles inteligentes para la comodidad y el ajuste, el casco de bicicleta infantil MILLY est\u00e1 fabricado de acuerdo a las normas de seguridad de la UE y se adaptar\u00e1 a cada nueva aventura. El casco absorbe los impactos y cuenta con un cierre de hebilla seguro, correas ajustables y una funci\u00f3n de husillo en la parte trasera, lo que le convierte en un casco infantil ajustable y un compa\u00f1ero de confianza para peque\u00f1os exploradores en movimiento. Es un casco de ciclismo protector ligero para ni\u00f1os que favorece el movimiento seguro, tanto si se utiliza para ni\u00f1os peque\u00f1os para sus primeros paseos en bicicleta de equilibrio como como compa\u00f1ero de confianza para mayores aventuras.  <\/p>\n<p>Casco de bicicleta infantil ligero con una superficie mate<br \/>\nDise\u00f1ado y probado seg\u00fan la norma de seguridad de la UE EN 1078:2012<br \/>\nCuenta con un cierre de hebilla y una amortiguaci\u00f3n interior suave para la comodidad<br \/>\nCorretas ajustables y una funci\u00f3n de tornillo en la parte trasera para un ajuste seguro<br \/>\nDisponible en estampados divertidos o en color s\u00f3lido con adhesivos para la personalizaci\u00f3n<br \/>\nUn accesorio de seguridad genial para ni\u00f1os activos y aventureros<\/p>\n","protected":false},"featured_media":89470,"template":"","meta":{"_acf_changed":false,"site-sidebar-layout":"default","site-content-layout":"","ast-site-content-layout":"default","site-content-style":"default","site-sidebar-style":"default","ast-global-header-display":"","ast-banner-title-visibility":"","ast-main-header-display":"","ast-hfb-above-header-display":"","ast-hfb-below-header-display":"","ast-hfb-mobile-header-display":"","site-post-title":"","ast-breadcrumbs-content":"","ast-featured-img":"","footer-sml-layout":"","ast-disable-related-posts":"","theme-transparent-header-meta":"","adv-header-id-meta":"","stick-header-meta":"","header-above-stick-meta":"","header-main-stick-meta":"","header-below-stick-meta":"","astra-migrate-meta-layouts":"default","ast-page-background-enabled":"default","ast-page-background-meta":{"desktop":{"background-color":"","background-image":"","background-repeat":"repeat","background-position":"center center","background-size":"auto","background-attachment":"scroll","background-type":"","background-media":"","overlay-type":"","overlay-color":"","overlay-opacity":"","overlay-gradient":""},"tablet":{"background-color":"","background-image":"","background-repeat":"repeat","background-position":"center center","background-size":"auto","background-attachment":"scroll","background-type":"","background-media":"","overlay-type":"","overlay-color":"","overlay-opacity":"","overlay-gradient":""},"mobile":{"background-color":"","background-image":"","background-repeat":"repeat","background-position":"center center","background-size":"auto","background-attachment":"scroll","background-type":"","background-media":"","overlay-type":"","overlay-color":"","overlay-opacity":"","overlay-gradient":""}},"ast-content-background-meta":{"desktop":{"background-color":"var(--ast-global-color-5)","background-image":"","background-repeat":"repeat","background-position":"center center","background-size":"auto","background-attachment":"scroll","background-type":"","background-media":"","overlay-type":"","overlay-color":"","overlay-opacity":"","overlay-gradient":""},"tablet":{"background-color":"var(--ast-global-color-5)","background-image":"","background-repeat":"repeat","background-position":"center center","background-size":"auto","background-attachment":"scroll","background-type":"","background-media":"","overlay-type":"","overlay-color":"","overlay-opacity":"","overlay-gradient":""},"mobile":{"background-color":"var(--ast-global-color-5)","background-image":"","background-repeat":"repeat","background-position":"center center","background-size":"auto","background-attachment":"scroll","background-type":"","background-media":"","overlay-type":"","overlay-color":"","overlay-opacity":"","overlay-gradient":""}}},"pwb-brand":[4103],"product_brand":[],"product_cat":[3541,3574,3628],"product_tag":[],"class_list":{"0":"post-89477","1":"product","2":"type-product","3":"status-publish","4":"has-post-thumbnail","6":"pwb-brand-liewood","7":"product_cat-juegos-de-exterior","8":"product_cat-liewood-es","9":"product_cat-varios","10":"pa_talla-s-48-52-cm","11":"pa_talla-xs-44-48-cm","12":"desktop-align-left","13":"tablet-align-left","14":"mobile-align-left","16":"first","17":"instock","18":"taxable","19":"shipping-taxable","20":"purchasable","21":"product-type-variable"},"acf":[],"yoast_head":"<!-- This site is optimized with the Yoast SEO Premium plugin v18.3 (Yoast SEO v27.4) - https:\/\/yoast.com\/product\/yoast-seo-premium-wordpress\/ -->\n<title>Casco de bicicleta Milly Fun beach blue \u2013 Liewood &#8212; Som Llavors<\/title>\n<meta name=\"description\" content=\"Con un acabado mate elegante y detalles inteligentes para la comodidad y el ajuste, el casco de bicicleta infantil MILLY est\u00e1 fabricado de acuerdo a las normas de seguridad de la UE y se adaptar\u00e1 a cada nueva aventura. El casco absorbe los impactos y cuenta con un cierre de hebilla seguro, correas ajustables y una funci\u00f3n de husillo en la parte trasera, lo que le convierte en un casco infantil ajustable y un compa\u00f1ero de confianza para peque\u00f1os exploradores en movimiento. Es un casco de ciclismo protector ligero para ni\u00f1os que favorece el movimiento seguro, tanto si se utiliza para ni\u00f1os peque\u00f1os para sus primeros paseos en bicicleta de equilibrio como como compa\u00f1ero de confianza para mayores aventuras.  Casco de bicicleta infantil ligero con una superficie mate Dise\u00f1ado y probado seg\u00fan la norma de seguridad de la UE EN 1078:2012 Cuenta con un cierre de hebilla y una amortiguaci\u00f3n interior suave para la comodidad Corretas ajustables y una funci\u00f3n de tornillo en la parte trasera para un ajuste seguro Disponible en estampados divertidos o en color s\u00f3lido con adhesivos para la personalizaci\u00f3n Un accesorio de seguridad genial para ni\u00f1os activos y aventureros\" \/>\n<meta name=\"robots\" content=\"index, follow, max-snippet:-1, max-image-preview:large, max-video-preview:-1\" \/>\n<link rel=\"canonical\" href=\"https:\/\/somllavors.com\/es\/producte\/casco-de-bicicleta-milly-fun-beach-blue-liewood\" \/>\n<meta property=\"og:locale\" content=\"es_ES\" \/>\n<meta property=\"og:type\" content=\"article\" \/>\n<meta property=\"og:title\" content=\"Casco de bicicleta Milly Fun beach blue \u2013 Liewood\" \/>\n<meta property=\"og:description\" content=\"La teva botiga d\u2019ecocrian\u00e7a i espai d\u2019acompanyament a la maternitat\" \/>\n<meta property=\"og:url\" content=\"https:\/\/somllavors.com\/es\/producte\/casco-de-bicicleta-milly-fun-beach-blue-liewood\" \/>\n<meta property=\"og:site_name\" content=\"Som Llavors\" \/>\n<meta property=\"article:publisher\" content=\"https:\/\/www.facebook.com\/somllavorsvng\/?locale=ca_ES\" \/>\n<meta property=\"og:image\" content=\"https:\/\/somllavors.com\/wp-content\/uploads\/2026\/03\/LW20652_2678_1.png\" \/>\n\t<meta property=\"og:image:width\" content=\"1200\" \/>\n\t<meta property=\"og:image:height\" content=\"1200\" \/>\n\t<meta property=\"og:image:type\" content=\"image\/png\" \/>\n<meta name=\"twitter:card\" content=\"summary_large_image\" \/>\n<meta name=\"twitter:label1\" content=\"Availability\" \/>\n\t<meta name=\"twitter:data1\" content=\"Hay existencias\" \/>\n<script type=\"application\/ld+json\" class=\"yoast-schema-graph\">{\"@context\":\"https:\\\/\\\/schema.org\",\"@graph\":[{\"@type\":\"WebPage\",\"@id\":\"https:\\\/\\\/somllavors.com\\\/es\\\/producte\\\/casco-de-bicicleta-milly-fun-beach-blue-liewood\",\"url\":\"https:\\\/\\\/somllavors.com\\\/es\\\/producte\\\/casco-de-bicicleta-milly-fun-beach-blue-liewood\",\"name\":\"Casco de bicicleta Milly Fun beach blue \u2013 Liewood &#8212; Som Llavors\",\"isPartOf\":{\"@id\":\"https:\\\/\\\/somllavors.com\\\/es#website\"},\"primaryImageOfPage\":{\"@id\":\"https:\\\/\\\/somllavors.com\\\/es\\\/producte\\\/casco-de-bicicleta-milly-fun-beach-blue-liewood#primaryimage\"},\"image\":{\"@id\":\"https:\\\/\\\/somllavors.com\\\/es\\\/producte\\\/casco-de-bicicleta-milly-fun-beach-blue-liewood#primaryimage\"},\"thumbnailUrl\":\"https:\\\/\\\/somllavors.com\\\/wp-content\\\/uploads\\\/2026\\\/03\\\/LW20652_2678_1.png\",\"datePublished\":\"2026-03-10T16:01:01+00:00\",\"description\":\"Con un acabado mate elegante y detalles inteligentes para la comodidad y el ajuste, el casco de bicicleta infantil MILLY est\u00e1 fabricado de acuerdo a las normas de seguridad de la UE y se adaptar\u00e1 a cada nueva aventura. El casco absorbe los impactos y cuenta con un cierre de hebilla seguro, correas ajustables y una funci\u00f3n de husillo en la parte trasera, lo que le convierte en un casco infantil ajustable y un compa\u00f1ero de confianza para peque\u00f1os exploradores en movimiento. Es un casco de ciclismo protector ligero para ni\u00f1os que favorece el movimiento seguro, tanto si se utiliza para ni\u00f1os peque\u00f1os para sus primeros paseos en bicicleta de equilibrio como como compa\u00f1ero de confianza para mayores aventuras. Casco de bicicleta infantil ligero con una superficie mate Dise\u00f1ado y probado seg\u00fan la norma de seguridad de la UE EN 1078:2012 Cuenta con un cierre de hebilla y una amortiguaci\u00f3n interior suave para la comodidad Corretas ajustables y una funci\u00f3n de tornillo en la parte trasera para un ajuste seguro Disponible en estampados divertidos o en color s\u00f3lido con adhesivos para la personalizaci\u00f3n Un accesorio de seguridad genial para ni\u00f1os activos y aventureros\",\"breadcrumb\":{\"@id\":\"https:\\\/\\\/somllavors.com\\\/es\\\/producte\\\/casco-de-bicicleta-milly-fun-beach-blue-liewood#breadcrumb\"},\"inLanguage\":\"es\",\"potentialAction\":[{\"@type\":\"ReadAction\",\"target\":[\"https:\\\/\\\/somllavors.com\\\/es\\\/producte\\\/casco-de-bicicleta-milly-fun-beach-blue-liewood\"]}]},{\"@type\":\"ImageObject\",\"inLanguage\":\"es\",\"@id\":\"https:\\\/\\\/somllavors.com\\\/es\\\/producte\\\/casco-de-bicicleta-milly-fun-beach-blue-liewood#primaryimage\",\"url\":\"https:\\\/\\\/somllavors.com\\\/wp-content\\\/uploads\\\/2026\\\/03\\\/LW20652_2678_1.png\",\"contentUrl\":\"https:\\\/\\\/somllavors.com\\\/wp-content\\\/uploads\\\/2026\\\/03\\\/LW20652_2678_1.png\",\"width\":1200,\"height\":1200,\"caption\":\"casc Milly Bike Helmet\"},{\"@type\":\"BreadcrumbList\",\"@id\":\"https:\\\/\\\/somllavors.com\\\/es\\\/producte\\\/casco-de-bicicleta-milly-fun-beach-blue-liewood#breadcrumb\",\"itemListElement\":[{\"@type\":\"ListItem\",\"position\":1,\"name\":\"Inici\",\"item\":\"https:\\\/\\\/somllavors.com\\\/es\"},{\"@type\":\"ListItem\",\"position\":2,\"name\":\"Tienda\",\"item\":\"https:\\\/\\\/somllavors.com\\\/es\\\/botiga-2\"},{\"@type\":\"ListItem\",\"position\":3,\"name\":\"Casco de bicicleta Milly Fun beach blue \u2013 Liewood\"}]},{\"@type\":\"WebSite\",\"@id\":\"https:\\\/\\\/somllavors.com\\\/es#website\",\"url\":\"https:\\\/\\\/somllavors.com\\\/es\",\"name\":\"Som Llavors\",\"description\":\"Botiga de crian\u00e7a natural\",\"publisher\":{\"@id\":\"https:\\\/\\\/somllavors.com\\\/es#organization\"},\"alternateName\":\"Crian\u00e7a Natural i Sostenible\",\"potentialAction\":[{\"@type\":\"SearchAction\",\"target\":{\"@type\":\"EntryPoint\",\"urlTemplate\":\"https:\\\/\\\/somllavors.com\\\/es?s={search_term_string}\"},\"query-input\":{\"@type\":\"PropertyValueSpecification\",\"valueRequired\":true,\"valueName\":\"search_term_string\"}}],\"inLanguage\":\"es\"},{\"@type\":[\"Organization\",\"Place\",\"Store\"],\"@id\":\"https:\\\/\\\/somllavors.com\\\/es#organization\",\"name\":\"Som Llavors\",\"alternateName\":\"Crian\u00e7a Natural i Sostenible\",\"url\":\"https:\\\/\\\/somllavors.com\\\/es\",\"logo\":{\"@id\":\"https:\\\/\\\/somllavors.com\\\/es\\\/producte\\\/casco-de-bicicleta-milly-fun-beach-blue-liewood#local-main-organization-logo\"},\"image\":{\"@id\":\"https:\\\/\\\/somllavors.com\\\/es\\\/producte\\\/casco-de-bicicleta-milly-fun-beach-blue-liewood#local-main-organization-logo\"},\"sameAs\":[\"https:\\\/\\\/www.facebook.com\\\/somllavorsvng\\\/?locale=ca_ES\",\"https:\\\/\\\/www.instagram.com\\\/somllavors_vng\\\/\",\"https:\\\/\\\/www.youtube.com\\\/@somllavors\"],\"address\":{\"@id\":\"https:\\\/\\\/somllavors.com\\\/es\\\/producte\\\/casco-de-bicicleta-milly-fun-beach-blue-liewood#local-main-place-address\"},\"geo\":{\"@type\":\"GeoCoordinates\",\"latitude\":\"41.2257737\",\"longitude\":\"1.723258859\"},\"telephone\":[\"623152704\"],\"openingHoursSpecification\":[{\"@type\":\"OpeningHoursSpecification\",\"dayOfWeek\":[\"Monday\",\"Sunday\"],\"opens\":\"00:00\",\"closes\":\"00:00\"},{\"@type\":\"OpeningHoursSpecification\",\"dayOfWeek\":[\"Tuesday\",\"Wednesday\",\"Thursday\",\"Friday\"],\"opens\":\"10:00\",\"closes\":\"20:00\"},{\"@type\":\"OpeningHoursSpecification\",\"dayOfWeek\":[\"Saturday\"],\"opens\":\"10:00\",\"closes\":\"13:30\"}],\"email\":\"info@somllavors.com\"},{\"@type\":\"PostalAddress\",\"@id\":\"https:\\\/\\\/somllavors.com\\\/es\\\/producte\\\/casco-de-bicicleta-milly-fun-beach-blue-liewood#local-main-place-address\",\"streetAddress\":\"Carrer de l'aigua, 6\",\"addressLocality\":\"Vilanova i la Geltr\u00fa\",\"postalCode\":\"08800\",\"addressRegion\":\"Barcelona\",\"addressCountry\":\"ES\"},{\"@type\":\"ImageObject\",\"inLanguage\":\"es\",\"@id\":\"https:\\\/\\\/somllavors.com\\\/es\\\/producte\\\/casco-de-bicicleta-milly-fun-beach-blue-liewood#local-main-organization-logo\",\"url\":\"https:\\\/\\\/somllavors.com\\\/wp-content\\\/uploads\\\/Logotip-Som-Llavors.jpg\",\"contentUrl\":\"https:\\\/\\\/somllavors.com\\\/wp-content\\\/uploads\\\/Logotip-Som-Llavors.jpg\",\"width\":1444,\"height\":1323,\"caption\":\"Som Llavors\"}]}<\/script>\n<meta property=\"og:availability\" content=\"instock\" \/>\n<meta property=\"product:availability\" content=\"instock\" \/>\n<meta property=\"product:retailer_item_id\" content=\"LW206522678\" \/>\n<meta property=\"product:condition\" content=\"new\" \/>\n<meta name=\"geo.placename\" content=\"Vilanova i la Geltr\u00fa\" \/>\n<meta name=\"geo.position\" content=\"41.2257737;1.723258859\" \/>\n<meta name=\"geo.region\" content=\"Espa\u00f1a\" \/>\n<!-- \/ Yoast SEO Premium plugin. -->","yoast_head_json":{"title":"Casco de bicicleta Milly Fun beach blue \u2013 Liewood &#8212; Som Llavors","description":"Con un acabado mate elegante y detalles inteligentes para la comodidad y el ajuste, el casco de bicicleta infantil MILLY est\u00e1 fabricado de acuerdo a las normas de seguridad de la UE y se adaptar\u00e1 a cada nueva aventura. El casco absorbe los impactos y cuenta con un cierre de hebilla seguro, correas ajustables y una funci\u00f3n de husillo en la parte trasera, lo que le convierte en un casco infantil ajustable y un compa\u00f1ero de confianza para peque\u00f1os exploradores en movimiento. Es un casco de ciclismo protector ligero para ni\u00f1os que favorece el movimiento seguro, tanto si se utiliza para ni\u00f1os peque\u00f1os para sus primeros paseos en bicicleta de equilibrio como como compa\u00f1ero de confianza para mayores aventuras.  Casco de bicicleta infantil ligero con una superficie mate Dise\u00f1ado y probado seg\u00fan la norma de seguridad de la UE EN 1078:2012 Cuenta con un cierre de hebilla y una amortiguaci\u00f3n interior suave para la comodidad Corretas ajustables y una funci\u00f3n de tornillo en la parte trasera para un ajuste seguro Disponible en estampados divertidos o en color s\u00f3lido con adhesivos para la personalizaci\u00f3n Un accesorio de seguridad genial para ni\u00f1os activos y aventureros","robots":{"index":"index","follow":"follow","max-snippet":"max-snippet:-1","max-image-preview":"max-image-preview:large","max-video-preview":"max-video-preview:-1"},"canonical":"https:\/\/somllavors.com\/es\/producte\/casco-de-bicicleta-milly-fun-beach-blue-liewood","og_locale":"es_ES","og_type":"article","og_title":"Casco de bicicleta Milly Fun beach blue \u2013 Liewood","og_description":"La teva botiga d\u2019ecocrian\u00e7a i espai d\u2019acompanyament a la maternitat","og_url":"https:\/\/somllavors.com\/es\/producte\/casco-de-bicicleta-milly-fun-beach-blue-liewood","og_site_name":"Som Llavors","article_publisher":"https:\/\/www.facebook.com\/somllavorsvng\/?locale=ca_ES","og_image":[{"width":1200,"height":1200,"url":"https:\/\/somllavors.com\/wp-content\/uploads\/2026\/03\/LW20652_2678_1.png","type":"image\/png"}],"twitter_card":"summary_large_image","twitter_misc":{"Availability":"Hay existencias"},"schema":{"@context":"https:\/\/schema.org","@graph":[{"@type":"WebPage","@id":"https:\/\/somllavors.com\/es\/producte\/casco-de-bicicleta-milly-fun-beach-blue-liewood","url":"https:\/\/somllavors.com\/es\/producte\/casco-de-bicicleta-milly-fun-beach-blue-liewood","name":"Casco de bicicleta Milly Fun beach blue \u2013 Liewood &#8212; Som Llavors","isPartOf":{"@id":"https:\/\/somllavors.com\/es#website"},"primaryImageOfPage":{"@id":"https:\/\/somllavors.com\/es\/producte\/casco-de-bicicleta-milly-fun-beach-blue-liewood#primaryimage"},"image":{"@id":"https:\/\/somllavors.com\/es\/producte\/casco-de-bicicleta-milly-fun-beach-blue-liewood#primaryimage"},"thumbnailUrl":"https:\/\/somllavors.com\/wp-content\/uploads\/2026\/03\/LW20652_2678_1.png","datePublished":"2026-03-10T16:01:01+00:00","description":"Con un acabado mate elegante y detalles inteligentes para la comodidad y el ajuste, el casco de bicicleta infantil MILLY est\u00e1 fabricado de acuerdo a las normas de seguridad de la UE y se adaptar\u00e1 a cada nueva aventura. El casco absorbe los impactos y cuenta con un cierre de hebilla seguro, correas ajustables y una funci\u00f3n de husillo en la parte trasera, lo que le convierte en un casco infantil ajustable y un compa\u00f1ero de confianza para peque\u00f1os exploradores en movimiento. Es un casco de ciclismo protector ligero para ni\u00f1os que favorece el movimiento seguro, tanto si se utiliza para ni\u00f1os peque\u00f1os para sus primeros paseos en bicicleta de equilibrio como como compa\u00f1ero de confianza para mayores aventuras. Casco de bicicleta infantil ligero con una superficie mate Dise\u00f1ado y probado seg\u00fan la norma de seguridad de la UE EN 1078:2012 Cuenta con un cierre de hebilla y una amortiguaci\u00f3n interior suave para la comodidad Corretas ajustables y una funci\u00f3n de tornillo en la parte trasera para un ajuste seguro Disponible en estampados divertidos o en color s\u00f3lido con adhesivos para la personalizaci\u00f3n Un accesorio de seguridad genial para ni\u00f1os activos y aventureros","breadcrumb":{"@id":"https:\/\/somllavors.com\/es\/producte\/casco-de-bicicleta-milly-fun-beach-blue-liewood#breadcrumb"},"inLanguage":"es","potentialAction":[{"@type":"ReadAction","target":["https:\/\/somllavors.com\/es\/producte\/casco-de-bicicleta-milly-fun-beach-blue-liewood"]}]},{"@type":"ImageObject","inLanguage":"es","@id":"https:\/\/somllavors.com\/es\/producte\/casco-de-bicicleta-milly-fun-beach-blue-liewood#primaryimage","url":"https:\/\/somllavors.com\/wp-content\/uploads\/2026\/03\/LW20652_2678_1.png","contentUrl":"https:\/\/somllavors.com\/wp-content\/uploads\/2026\/03\/LW20652_2678_1.png","width":1200,"height":1200,"caption":"casc Milly Bike Helmet"},{"@type":"BreadcrumbList","@id":"https:\/\/somllavors.com\/es\/producte\/casco-de-bicicleta-milly-fun-beach-blue-liewood#breadcrumb","itemListElement":[{"@type":"ListItem","position":1,"name":"Inici","item":"https:\/\/somllavors.com\/es"},{"@type":"ListItem","position":2,"name":"Tienda","item":"https:\/\/somllavors.com\/es\/botiga-2"},{"@type":"ListItem","position":3,"name":"Casco de bicicleta Milly Fun beach blue \u2013 Liewood"}]},{"@type":"WebSite","@id":"https:\/\/somllavors.com\/es#website","url":"https:\/\/somllavors.com\/es","name":"Som Llavors","description":"Botiga de crian\u00e7a natural","publisher":{"@id":"https:\/\/somllavors.com\/es#organization"},"alternateName":"Crian\u00e7a Natural i Sostenible","potentialAction":[{"@type":"SearchAction","target":{"@type":"EntryPoint","urlTemplate":"https:\/\/somllavors.com\/es?s={search_term_string}"},"query-input":{"@type":"PropertyValueSpecification","valueRequired":true,"valueName":"search_term_string"}}],"inLanguage":"es"},{"@type":["Organization","Place","Store"],"@id":"https:\/\/somllavors.com\/es#organization","name":"Som Llavors","alternateName":"Crian\u00e7a Natural i Sostenible","url":"https:\/\/somllavors.com\/es","logo":{"@id":"https:\/\/somllavors.com\/es\/producte\/casco-de-bicicleta-milly-fun-beach-blue-liewood#local-main-organization-logo"},"image":{"@id":"https:\/\/somllavors.com\/es\/producte\/casco-de-bicicleta-milly-fun-beach-blue-liewood#local-main-organization-logo"},"sameAs":["https:\/\/www.facebook.com\/somllavorsvng\/?locale=ca_ES","https:\/\/www.instagram.com\/somllavors_vng\/","https:\/\/www.youtube.com\/@somllavors"],"address":{"@id":"https:\/\/somllavors.com\/es\/producte\/casco-de-bicicleta-milly-fun-beach-blue-liewood#local-main-place-address"},"geo":{"@type":"GeoCoordinates","latitude":"41.2257737","longitude":"1.723258859"},"telephone":["623152704","623152704"],"openingHoursSpecification":[{"@type":"OpeningHoursSpecification","dayOfWeek":["Monday","Sunday"],"opens":"00:00","closes":"00:00"},{"@type":"OpeningHoursSpecification","dayOfWeek":["Tuesday","Wednesday","Thursday","Friday"],"opens":"10:00","closes":"20:00"},{"@type":"OpeningHoursSpecification","dayOfWeek":["Saturday"],"opens":"10:00","closes":"13:30"}],"email":"info@somllavors.com"},{"@type":"PostalAddress","@id":"https:\/\/somllavors.com\/es\/producte\/casco-de-bicicleta-milly-fun-beach-blue-liewood#local-main-place-address","streetAddress":"Carrer de l'aigua, 6","addressLocality":"Vilanova i la Geltr\u00fa","postalCode":"08800","addressRegion":"Barcelona","addressCountry":"ES"},{"@type":"ImageObject","inLanguage":"es","@id":"https:\/\/somllavors.com\/es\/producte\/casco-de-bicicleta-milly-fun-beach-blue-liewood#local-main-organization-logo","url":"https:\/\/somllavors.com\/wp-content\/uploads\/Logotip-Som-Llavors.jpg","contentUrl":"https:\/\/somllavors.com\/wp-content\/uploads\/Logotip-Som-Llavors.jpg","width":1444,"height":1323,"caption":"Som Llavors"}]},"og_availability":"instock","product_availability":"instock","product_retailer_item_id":"LW206522678","product_condition":"new","geo.placename":"Vilanova i la Geltr\u00fa","geo.position":{"lat":"41.2257737","long":"1.723258859"},"geo.region":"Espa\u00f1a"},"brands":[{"id":4103,"name":"Liewood","slug":"liewood"}],"_links":{"self":[{"href":"https:\/\/somllavors.com\/es\/wp-json\/wp\/v2\/product\/89477","targetHints":{"allow":["GET"]}}],"collection":[{"href":"https:\/\/somllavors.com\/es\/wp-json\/wp\/v2\/product"}],"about":[{"href":"https:\/\/somllavors.com\/es\/wp-json\/wp\/v2\/types\/product"}],"wp:featuredmedia":[{"embeddable":true,"href":"https:\/\/somllavors.com\/es\/wp-json\/wp\/v2\/media\/89470"}],"wp:attachment":[{"href":"https:\/\/somllavors.com\/es\/wp-json\/wp\/v2\/media?parent=89477"}],"wp:term":[{"taxonomy":"pwb-brand","embeddable":true,"href":"https:\/\/somllavors.com\/es\/wp-json\/wp\/v2\/pwb-brand?post=89477"},{"taxonomy":"product_brand","embeddable":true,"href":"https:\/\/somllavors.com\/es\/wp-json\/wp\/v2\/product_brand?post=89477"},{"taxonomy":"product_cat","embeddable":true,"href":"https:\/\/somllavors.com\/es\/wp-json\/wp\/v2\/product_cat?post=89477"},{"taxonomy":"product_tag","embeddable":true,"href":"https:\/\/somllavors.com\/es\/wp-json\/wp\/v2\/product_tag?post=89477"}],"curies":[{"name":"wp","href":"https:\/\/api.w.org\/{rel}","templated":true}]}}