{"id":89484,"date":"2026-03-10T16:22:47","date_gmt":"2026-03-10T15:22:47","guid":{"rendered":"https:\/\/somllavors.com\/producte\/pantalon-corto-de-rayas-banador-duke-liewood"},"modified":"2026-03-10T16:22:47","modified_gmt":"2026-03-10T15:22:47","slug":"pantalon-corto-de-rayas-banador-duke-liewood","status":"publish","type":"product","link":"https:\/\/somllavors.com\/es\/producte\/pantalon-corto-de-rayas-banador-duke-liewood","title":{"rendered":"Pantal\u00f3n corto de rayas \/ Ba\u00f1ador Duke &#8211; Liewood"},"content":{"rendered":"<p>CUIDADOS<br \/>\nLavar a m\u00e1quina a temperatura 30 \u00b0C, No utilizar suavizante, No secar a m\u00e1quina, No planchar, No utilizar lej\u00eda<\/p>\n<p>&nbsp;<\/p>\n<p><img decoding=\"async\" class=\"metafield-file_reference\" src=\"https:\/\/www.liewood.com\/cdn\/shop\/files\/GRS_LOGO_250x250_crop_center_c63f8eed-a9a0-47ec-ad25-9a5767f942c7.png?v=1751489784\"><\/p>\n<p>N\u00famero de licencia GRS de LIEWOOD: CU1155405<\/p>\n<p>LIEWOOD est\u00e1 certificado por el est\u00e1ndar global de reciclaje (GRS).<\/p>\n<p>Los productos certificados por GRS contienen material reciclado que ha sido verificado independientemente en cada etapa de la cadena de suministro, desde su origen hasta el producto final. Adem\u00e1s, las instalaciones desde su origen hasta el proveedor final han cumplido los requisitos sociales, ambientales y qu\u00edmicos. <\/p>\n<p>La compra de productos certificados por el est\u00e1ndar global de reciclaje (GRS) demuestra la demanda de contenido reciclado y las mejores pr\u00e1cticas de procesamiento en la cadena de suministro.<\/p>\n<p>Para m\u00e1s informaci\u00f3n: www.global-standard.org y www.textileexchange.org \u2013 o cont\u00e1ctenos en www.LIEWOOD.com<\/p>\n","protected":false},"excerpt":{"rendered":"<p>Los cl\u00e1sicos pantalones cortos de surf DUKE est\u00e1n hechos para largos d\u00edas de verano llenos de juego y aventura. Con protecci\u00f3n UV40+, malla interior y un tejido suave y de secado r\u00e1pido, son perfectas para todo, desde chapotear en la piscina infantil hasta sesiones de juego en el jard\u00edn.<br \/>\nPantal\u00f3n corto de surf cl\u00e1sico de rayas con protecci\u00f3n UV40+<br \/>\nHechos de tejido de secado r\u00e1pido<br \/>\nEste producto est\u00e1 hecho de poli\u00e9ster reciclado postconsumo 100% certificado GRS<br \/>\nMalla interior para mayor comodidad<br \/>\nCintura el\u00e1stica con cord\u00f3n ajustable<br \/>\nPantal\u00f3n corto de surf c\u00f3modo y vers\u00e1til para todo el d\u00eda para aventuras acu\u00e1ticas <\/p>\n","protected":false},"featured_media":89446,"template":"","meta":{"_acf_changed":false,"site-sidebar-layout":"default","site-content-layout":"","ast-site-content-layout":"default","site-content-style":"default","site-sidebar-style":"default","ast-global-header-display":"","ast-banner-title-visibility":"","ast-main-header-display":"","ast-hfb-above-header-display":"","ast-hfb-below-header-display":"","ast-hfb-mobile-header-display":"","site-post-title":"","ast-breadcrumbs-content":"","ast-featured-img":"","footer-sml-layout":"","theme-transparent-header-meta":"","adv-header-id-meta":"","stick-header-meta":"","header-above-stick-meta":"","header-main-stick-meta":"","header-below-stick-meta":"","astra-migrate-meta-layouts":"default","ast-page-background-enabled":"default","ast-page-background-meta":{"desktop":{"background-color":"","background-image":"","background-repeat":"repeat","background-position":"center center","background-size":"auto","background-attachment":"scroll","background-type":"","background-media":"","overlay-type":"","overlay-color":"","overlay-opacity":"","overlay-gradient":""},"tablet":{"background-color":"","background-image":"","background-repeat":"repeat","background-position":"center center","background-size":"auto","background-attachment":"scroll","background-type":"","background-media":"","overlay-type":"","overlay-color":"","overlay-opacity":"","overlay-gradient":""},"mobile":{"background-color":"","background-image":"","background-repeat":"repeat","background-position":"center center","background-size":"auto","background-attachment":"scroll","background-type":"","background-media":"","overlay-type":"","overlay-color":"","overlay-opacity":"","overlay-gradient":""}},"ast-content-background-meta":{"desktop":{"background-color":"var(--ast-global-color-5)","background-image":"","background-repeat":"repeat","background-position":"center center","background-size":"auto","background-attachment":"scroll","background-type":"","background-media":"","overlay-type":"","overlay-color":"","overlay-opacity":"","overlay-gradient":""},"tablet":{"background-color":"var(--ast-global-color-5)","background-image":"","background-repeat":"repeat","background-position":"center center","background-size":"auto","background-attachment":"scroll","background-type":"","background-media":"","overlay-type":"","overlay-color":"","overlay-opacity":"","overlay-gradient":""},"mobile":{"background-color":"var(--ast-global-color-5)","background-image":"","background-repeat":"repeat","background-position":"center center","background-size":"auto","background-attachment":"scroll","background-type":"","background-media":"","overlay-type":"","overlay-color":"","overlay-opacity":"","overlay-gradient":""}}},"pwb-brand":[4103],"product_brand":[],"product_cat":[3509,3514,3574],"product_tag":[],"class_list":{"0":"post-89484","1":"product","2":"type-product","3":"status-publish","4":"has-post-thumbnail","6":"pwb-brand-liewood","7":"product_cat-bienvenido-verano","8":"product_cat-banyadores","9":"product_cat-liewood-es","10":"pa_talla-2-3-anys-98-cm-es","11":"pa_talla-3-4-anys-104-cm-es","12":"pa_talla-5-6-anys-110-cm","13":"pa_talla-7-8-anys-116-cm","14":"desktop-align-left","15":"tablet-align-left","16":"mobile-align-left","18":"first","19":"instock","20":"taxable","21":"shipping-taxable","22":"purchasable","23":"product-type-variable"},"acf":[],"yoast_head":"<!-- This site is optimized with the Yoast SEO Premium plugin v18.3 (Yoast SEO v26.2) - https:\/\/yoast.com\/wordpress\/plugins\/seo\/ -->\n<title>Pantal\u00f3n corto de rayas \/ Ba\u00f1ador Duke - Liewood &#8212; Som Llavors<\/title>\n<meta name=\"description\" content=\"Los cl\u00e1sicos pantalones cortos de surf DUKE est\u00e1n hechos para largos d\u00edas de verano llenos de juego y aventura. Con protecci\u00f3n UV40+, malla interior y un tejido suave y de secado r\u00e1pido, son perfectas para todo, desde chapotear en la piscina infantil hasta sesiones de juego en el jard\u00edn. Pantal\u00f3n corto de surf cl\u00e1sico de rayas con protecci\u00f3n UV40+ Hechos de tejido de secado r\u00e1pido Este producto est\u00e1 hecho de poli\u00e9ster reciclado postconsumo 100% certificado GRS Malla interior para mayor comodidad Cintura el\u00e1stica con cord\u00f3n ajustable Pantal\u00f3n corto de surf c\u00f3modo y vers\u00e1til para todo el d\u00eda para aventuras acu\u00e1ticas\" \/>\n<meta name=\"robots\" content=\"index, follow, max-snippet:-1, max-image-preview:large, max-video-preview:-1\" \/>\n<link rel=\"canonical\" href=\"https:\/\/somllavors.com\/es\/producte\/pantalon-corto-de-rayas-banador-duke-liewood\" \/>\n<meta property=\"og:locale\" content=\"es_ES\" \/>\n<meta property=\"og:type\" content=\"article\" \/>\n<meta property=\"og:title\" content=\"Pantal\u00f3n corto de rayas \/ Ba\u00f1ador Duke - Liewood\" \/>\n<meta property=\"og:description\" content=\"La teva botiga d\u2019ecocrian\u00e7a i espai d\u2019acompanyament a la maternitat\" \/>\n<meta property=\"og:url\" content=\"https:\/\/somllavors.com\/es\/producte\/pantalon-corto-de-rayas-banador-duke-liewood\" \/>\n<meta property=\"og:site_name\" content=\"Som Llavors\" \/>\n<meta property=\"article:publisher\" content=\"https:\/\/www.facebook.com\/somllavorsvng\/?locale=ca_ES\" \/>\n<meta property=\"og:image\" content=\"https:\/\/somllavors.com\/wp-content\/uploads\/2026\/03\/a29udGFpbmVyL25ldy80OTQ5LzIwOTY3NTE3djEucG5n.webp\" \/>\n\t<meta property=\"og:image:width\" content=\"1000\" \/>\n\t<meta property=\"og:image:height\" content=\"1000\" \/>\n\t<meta property=\"og:image:type\" content=\"image\/webp\" \/>\n<meta name=\"twitter:card\" content=\"summary_large_image\" \/>\n<meta name=\"twitter:label1\" content=\"Availability\" \/>\n\t<meta name=\"twitter:data1\" content=\"Hay existencias\" \/>\n<script type=\"application\/ld+json\" class=\"yoast-schema-graph\">{\"@context\":\"https:\/\/schema.org\",\"@graph\":[{\"@type\":\"WebPage\",\"@id\":\"https:\/\/somllavors.com\/es\/producte\/pantalon-corto-de-rayas-banador-duke-liewood\",\"url\":\"https:\/\/somllavors.com\/es\/producte\/pantalon-corto-de-rayas-banador-duke-liewood\",\"name\":\"Pantal\u00f3n corto de rayas \/ Ba\u00f1ador Duke - Liewood &#8212; Som Llavors\",\"isPartOf\":{\"@id\":\"https:\/\/somllavors.com\/es#website\"},\"primaryImageOfPage\":{\"@id\":\"https:\/\/somllavors.com\/es\/producte\/pantalon-corto-de-rayas-banador-duke-liewood#primaryimage\"},\"image\":{\"@id\":\"https:\/\/somllavors.com\/es\/producte\/pantalon-corto-de-rayas-banador-duke-liewood#primaryimage\"},\"thumbnailUrl\":\"https:\/\/somllavors.com\/wp-content\/uploads\/2026\/03\/a29udGFpbmVyL25ldy80OTQ5LzIwOTY3NTE3djEucG5n.webp\",\"datePublished\":\"2026-03-10T15:22:47+00:00\",\"description\":\"Los cl\u00e1sicos pantalones cortos de surf DUKE est\u00e1n hechos para largos d\u00edas de verano llenos de juego y aventura. Con protecci\u00f3n UV40+, malla interior y un tejido suave y de secado r\u00e1pido, son perfectas para todo, desde chapotear en la piscina infantil hasta sesiones de juego en el jard\u00edn. Pantal\u00f3n corto de surf cl\u00e1sico de rayas con protecci\u00f3n UV40+ Hechos de tejido de secado r\u00e1pido Este producto est\u00e1 hecho de poli\u00e9ster reciclado postconsumo 100% certificado GRS Malla interior para mayor comodidad Cintura el\u00e1stica con cord\u00f3n ajustable Pantal\u00f3n corto de surf c\u00f3modo y vers\u00e1til para todo el d\u00eda para aventuras acu\u00e1ticas\",\"breadcrumb\":{\"@id\":\"https:\/\/somllavors.com\/es\/producte\/pantalon-corto-de-rayas-banador-duke-liewood#breadcrumb\"},\"inLanguage\":\"es\",\"potentialAction\":[{\"@type\":\"ReadAction\",\"target\":[\"https:\/\/somllavors.com\/es\/producte\/pantalon-corto-de-rayas-banador-duke-liewood\"]}]},{\"@type\":\"ImageObject\",\"inLanguage\":\"es\",\"@id\":\"https:\/\/somllavors.com\/es\/producte\/pantalon-corto-de-rayas-banador-duke-liewood#primaryimage\",\"url\":\"https:\/\/somllavors.com\/wp-content\/uploads\/2026\/03\/a29udGFpbmVyL25ldy80OTQ5LzIwOTY3NTE3djEucG5n.webp\",\"contentUrl\":\"https:\/\/somllavors.com\/wp-content\/uploads\/2026\/03\/a29udGFpbmVyL25ldy80OTQ5LzIwOTY3NTE3djEucG5n.webp\",\"width\":1000,\"height\":1000,\"caption\":\"Pantalons curts banyador de ratlles Duke\"},{\"@type\":\"BreadcrumbList\",\"@id\":\"https:\/\/somllavors.com\/es\/producte\/pantalon-corto-de-rayas-banador-duke-liewood#breadcrumb\",\"itemListElement\":[{\"@type\":\"ListItem\",\"position\":1,\"name\":\"Inici\",\"item\":\"https:\/\/somllavors.com\/es\"},{\"@type\":\"ListItem\",\"position\":2,\"name\":\"Tienda\",\"item\":\"https:\/\/somllavors.com\/es\/botiga-2\"},{\"@type\":\"ListItem\",\"position\":3,\"name\":\"Pantal\u00f3n corto de rayas \/ Ba\u00f1ador Duke &#8211; Liewood\"}]},{\"@type\":\"WebSite\",\"@id\":\"https:\/\/somllavors.com\/es#website\",\"url\":\"https:\/\/somllavors.com\/es\",\"name\":\"Som Llavors\",\"description\":\"Botiga de crian\u00e7a natural\",\"publisher\":{\"@id\":\"https:\/\/somllavors.com\/es#organization\"},\"alternateName\":\"Crian\u00e7a Natural i Sostenible\",\"potentialAction\":[{\"@type\":\"SearchAction\",\"target\":{\"@type\":\"EntryPoint\",\"urlTemplate\":\"https:\/\/somllavors.com\/es?s={search_term_string}\"},\"query-input\":{\"@type\":\"PropertyValueSpecification\",\"valueRequired\":true,\"valueName\":\"search_term_string\"}}],\"inLanguage\":\"es\"},{\"@type\":[\"Organization\",\"Place\",\"Store\"],\"@id\":\"https:\/\/somllavors.com\/es#organization\",\"name\":\"Som Llavors\",\"alternateName\":\"Crian\u00e7a Natural i Sostenible\",\"url\":\"https:\/\/somllavors.com\/es\",\"logo\":{\"@id\":\"https:\/\/somllavors.com\/es\/producte\/pantalon-corto-de-rayas-banador-duke-liewood#local-main-organization-logo\"},\"image\":{\"@id\":\"https:\/\/somllavors.com\/es\/producte\/pantalon-corto-de-rayas-banador-duke-liewood#local-main-organization-logo\"},\"sameAs\":[\"https:\/\/www.facebook.com\/somllavorsvng\/?locale=ca_ES\",\"https:\/\/www.instagram.com\/somllavors_vng\/\",\"https:\/\/www.youtube.com\/@somllavors\"],\"address\":{\"@id\":\"https:\/\/somllavors.com\/es\/producte\/pantalon-corto-de-rayas-banador-duke-liewood#local-main-place-address\"},\"geo\":{\"@type\":\"GeoCoordinates\",\"latitude\":\"41.2257737\",\"longitude\":\"1.723258859\"},\"telephone\":[\"623152704\"],\"openingHoursSpecification\":[{\"@type\":\"OpeningHoursSpecification\",\"dayOfWeek\":[\"Monday\",\"Sunday\"],\"opens\":\"00:00\",\"closes\":\"00:00\"},{\"@type\":\"OpeningHoursSpecification\",\"dayOfWeek\":[\"Tuesday\",\"Wednesday\",\"Thursday\",\"Friday\"],\"opens\":\"10:00\",\"closes\":\"20:00\"},{\"@type\":\"OpeningHoursSpecification\",\"dayOfWeek\":[\"Saturday\"],\"opens\":\"10:00\",\"closes\":\"13:30\"}],\"email\":\"info@somllavors.com\"},{\"@type\":\"PostalAddress\",\"@id\":\"https:\/\/somllavors.com\/es\/producte\/pantalon-corto-de-rayas-banador-duke-liewood#local-main-place-address\",\"streetAddress\":\"Carrer de l'aigua, 6\",\"addressLocality\":\"Vilanova i la Geltr\u00fa\",\"postalCode\":\"08800\",\"addressRegion\":\"Barcelona\",\"addressCountry\":\"ES\"},{\"@type\":\"ImageObject\",\"inLanguage\":\"es\",\"@id\":\"https:\/\/somllavors.com\/es\/producte\/pantalon-corto-de-rayas-banador-duke-liewood#local-main-organization-logo\",\"url\":\"https:\/\/somllavors.com\/wp-content\/uploads\/Logotip-Som-Llavors.jpg\",\"contentUrl\":\"https:\/\/somllavors.com\/wp-content\/uploads\/Logotip-Som-Llavors.jpg\",\"width\":1444,\"height\":1323,\"caption\":\"Som Llavors\"}]}<\/script>\n<meta property=\"og:availability\" content=\"instock\" \/>\n<meta property=\"product:availability\" content=\"instock\" \/>\n<meta property=\"product:retailer_item_id\" content=\"LW214361275\" \/>\n<meta property=\"product:condition\" content=\"new\" \/>\n<meta name=\"geo.placename\" content=\"Vilanova i la Geltr\u00fa\" \/>\n<meta name=\"geo.position\" content=\"41.2257737;1.723258859\" \/>\n<meta name=\"geo.region\" content=\"Espa\u00f1a\" \/>\n<!-- \/ Yoast SEO Premium plugin. -->","yoast_head_json":{"title":"Pantal\u00f3n corto de rayas \/ Ba\u00f1ador Duke - Liewood &#8212; Som Llavors","description":"Los cl\u00e1sicos pantalones cortos de surf DUKE est\u00e1n hechos para largos d\u00edas de verano llenos de juego y aventura. Con protecci\u00f3n UV40+, malla interior y un tejido suave y de secado r\u00e1pido, son perfectas para todo, desde chapotear en la piscina infantil hasta sesiones de juego en el jard\u00edn. Pantal\u00f3n corto de surf cl\u00e1sico de rayas con protecci\u00f3n UV40+ Hechos de tejido de secado r\u00e1pido Este producto est\u00e1 hecho de poli\u00e9ster reciclado postconsumo 100% certificado GRS Malla interior para mayor comodidad Cintura el\u00e1stica con cord\u00f3n ajustable Pantal\u00f3n corto de surf c\u00f3modo y vers\u00e1til para todo el d\u00eda para aventuras acu\u00e1ticas","robots":{"index":"index","follow":"follow","max-snippet":"max-snippet:-1","max-image-preview":"max-image-preview:large","max-video-preview":"max-video-preview:-1"},"canonical":"https:\/\/somllavors.com\/es\/producte\/pantalon-corto-de-rayas-banador-duke-liewood","og_locale":"es_ES","og_type":"article","og_title":"Pantal\u00f3n corto de rayas \/ Ba\u00f1ador Duke - Liewood","og_description":"La teva botiga d\u2019ecocrian\u00e7a i espai d\u2019acompanyament a la maternitat","og_url":"https:\/\/somllavors.com\/es\/producte\/pantalon-corto-de-rayas-banador-duke-liewood","og_site_name":"Som Llavors","article_publisher":"https:\/\/www.facebook.com\/somllavorsvng\/?locale=ca_ES","og_image":[{"width":1000,"height":1000,"url":"https:\/\/somllavors.com\/wp-content\/uploads\/2026\/03\/a29udGFpbmVyL25ldy80OTQ5LzIwOTY3NTE3djEucG5n.webp","type":"image\/webp"}],"twitter_card":"summary_large_image","twitter_misc":{"Availability":"Hay existencias"},"schema":{"@context":"https:\/\/schema.org","@graph":[{"@type":"WebPage","@id":"https:\/\/somllavors.com\/es\/producte\/pantalon-corto-de-rayas-banador-duke-liewood","url":"https:\/\/somllavors.com\/es\/producte\/pantalon-corto-de-rayas-banador-duke-liewood","name":"Pantal\u00f3n corto de rayas \/ Ba\u00f1ador Duke - Liewood &#8212; Som Llavors","isPartOf":{"@id":"https:\/\/somllavors.com\/es#website"},"primaryImageOfPage":{"@id":"https:\/\/somllavors.com\/es\/producte\/pantalon-corto-de-rayas-banador-duke-liewood#primaryimage"},"image":{"@id":"https:\/\/somllavors.com\/es\/producte\/pantalon-corto-de-rayas-banador-duke-liewood#primaryimage"},"thumbnailUrl":"https:\/\/somllavors.com\/wp-content\/uploads\/2026\/03\/a29udGFpbmVyL25ldy80OTQ5LzIwOTY3NTE3djEucG5n.webp","datePublished":"2026-03-10T15:22:47+00:00","description":"Los cl\u00e1sicos pantalones cortos de surf DUKE est\u00e1n hechos para largos d\u00edas de verano llenos de juego y aventura. Con protecci\u00f3n UV40+, malla interior y un tejido suave y de secado r\u00e1pido, son perfectas para todo, desde chapotear en la piscina infantil hasta sesiones de juego en el jard\u00edn. Pantal\u00f3n corto de surf cl\u00e1sico de rayas con protecci\u00f3n UV40+ Hechos de tejido de secado r\u00e1pido Este producto est\u00e1 hecho de poli\u00e9ster reciclado postconsumo 100% certificado GRS Malla interior para mayor comodidad Cintura el\u00e1stica con cord\u00f3n ajustable Pantal\u00f3n corto de surf c\u00f3modo y vers\u00e1til para todo el d\u00eda para aventuras acu\u00e1ticas","breadcrumb":{"@id":"https:\/\/somllavors.com\/es\/producte\/pantalon-corto-de-rayas-banador-duke-liewood#breadcrumb"},"inLanguage":"es","potentialAction":[{"@type":"ReadAction","target":["https:\/\/somllavors.com\/es\/producte\/pantalon-corto-de-rayas-banador-duke-liewood"]}]},{"@type":"ImageObject","inLanguage":"es","@id":"https:\/\/somllavors.com\/es\/producte\/pantalon-corto-de-rayas-banador-duke-liewood#primaryimage","url":"https:\/\/somllavors.com\/wp-content\/uploads\/2026\/03\/a29udGFpbmVyL25ldy80OTQ5LzIwOTY3NTE3djEucG5n.webp","contentUrl":"https:\/\/somllavors.com\/wp-content\/uploads\/2026\/03\/a29udGFpbmVyL25ldy80OTQ5LzIwOTY3NTE3djEucG5n.webp","width":1000,"height":1000,"caption":"Pantalons curts banyador de ratlles Duke"},{"@type":"BreadcrumbList","@id":"https:\/\/somllavors.com\/es\/producte\/pantalon-corto-de-rayas-banador-duke-liewood#breadcrumb","itemListElement":[{"@type":"ListItem","position":1,"name":"Inici","item":"https:\/\/somllavors.com\/es"},{"@type":"ListItem","position":2,"name":"Tienda","item":"https:\/\/somllavors.com\/es\/botiga-2"},{"@type":"ListItem","position":3,"name":"Pantal\u00f3n corto de rayas \/ Ba\u00f1ador Duke &#8211; Liewood"}]},{"@type":"WebSite","@id":"https:\/\/somllavors.com\/es#website","url":"https:\/\/somllavors.com\/es","name":"Som Llavors","description":"Botiga de crian\u00e7a natural","publisher":{"@id":"https:\/\/somllavors.com\/es#organization"},"alternateName":"Crian\u00e7a Natural i Sostenible","potentialAction":[{"@type":"SearchAction","target":{"@type":"EntryPoint","urlTemplate":"https:\/\/somllavors.com\/es?s={search_term_string}"},"query-input":{"@type":"PropertyValueSpecification","valueRequired":true,"valueName":"search_term_string"}}],"inLanguage":"es"},{"@type":["Organization","Place","Store"],"@id":"https:\/\/somllavors.com\/es#organization","name":"Som Llavors","alternateName":"Crian\u00e7a Natural i Sostenible","url":"https:\/\/somllavors.com\/es","logo":{"@id":"https:\/\/somllavors.com\/es\/producte\/pantalon-corto-de-rayas-banador-duke-liewood#local-main-organization-logo"},"image":{"@id":"https:\/\/somllavors.com\/es\/producte\/pantalon-corto-de-rayas-banador-duke-liewood#local-main-organization-logo"},"sameAs":["https:\/\/www.facebook.com\/somllavorsvng\/?locale=ca_ES","https:\/\/www.instagram.com\/somllavors_vng\/","https:\/\/www.youtube.com\/@somllavors"],"address":{"@id":"https:\/\/somllavors.com\/es\/producte\/pantalon-corto-de-rayas-banador-duke-liewood#local-main-place-address"},"geo":{"@type":"GeoCoordinates","latitude":"41.2257737","longitude":"1.723258859"},"telephone":["623152704","623152704"],"openingHoursSpecification":[{"@type":"OpeningHoursSpecification","dayOfWeek":["Monday","Sunday"],"opens":"00:00","closes":"00:00"},{"@type":"OpeningHoursSpecification","dayOfWeek":["Tuesday","Wednesday","Thursday","Friday"],"opens":"10:00","closes":"20:00"},{"@type":"OpeningHoursSpecification","dayOfWeek":["Saturday"],"opens":"10:00","closes":"13:30"}],"email":"info@somllavors.com"},{"@type":"PostalAddress","@id":"https:\/\/somllavors.com\/es\/producte\/pantalon-corto-de-rayas-banador-duke-liewood#local-main-place-address","streetAddress":"Carrer de l'aigua, 6","addressLocality":"Vilanova i la Geltr\u00fa","postalCode":"08800","addressRegion":"Barcelona","addressCountry":"ES"},{"@type":"ImageObject","inLanguage":"es","@id":"https:\/\/somllavors.com\/es\/producte\/pantalon-corto-de-rayas-banador-duke-liewood#local-main-organization-logo","url":"https:\/\/somllavors.com\/wp-content\/uploads\/Logotip-Som-Llavors.jpg","contentUrl":"https:\/\/somllavors.com\/wp-content\/uploads\/Logotip-Som-Llavors.jpg","width":1444,"height":1323,"caption":"Som Llavors"}]},"og_availability":"instock","product_availability":"instock","product_retailer_item_id":"LW214361275","product_condition":"new","geo.placename":"Vilanova i la Geltr\u00fa","geo.position":{"lat":"41.2257737","long":"1.723258859"},"geo.region":"Espa\u00f1a"},"brands":[{"id":4103,"name":"Liewood","slug":"liewood"}],"_links":{"self":[{"href":"https:\/\/somllavors.com\/es\/wp-json\/wp\/v2\/product\/89484","targetHints":{"allow":["GET"]}}],"collection":[{"href":"https:\/\/somllavors.com\/es\/wp-json\/wp\/v2\/product"}],"about":[{"href":"https:\/\/somllavors.com\/es\/wp-json\/wp\/v2\/types\/product"}],"wp:featuredmedia":[{"embeddable":true,"href":"https:\/\/somllavors.com\/es\/wp-json\/wp\/v2\/media\/89446"}],"wp:attachment":[{"href":"https:\/\/somllavors.com\/es\/wp-json\/wp\/v2\/media?parent=89484"}],"wp:term":[{"taxonomy":"pwb-brand","embeddable":true,"href":"https:\/\/somllavors.com\/es\/wp-json\/wp\/v2\/pwb-brand?post=89484"},{"taxonomy":"product_brand","embeddable":true,"href":"https:\/\/somllavors.com\/es\/wp-json\/wp\/v2\/product_brand?post=89484"},{"taxonomy":"product_cat","embeddable":true,"href":"https:\/\/somllavors.com\/es\/wp-json\/wp\/v2\/product_cat?post=89484"},{"taxonomy":"product_tag","embeddable":true,"href":"https:\/\/somllavors.com\/es\/wp-json\/wp\/v2\/product_tag?post=89484"}],"curies":[{"name":"wp","href":"https:\/\/api.w.org\/{rel}","templated":true}]}}