{"id":89517,"date":"2026-03-07T12:37:30","date_gmt":"2026-03-07T11:37:30","guid":{"rendered":"https:\/\/somllavors.com\/producte\/laberinto-de-cuentas-de-madera-tiburon-trixie"},"modified":"2026-03-10T17:26:34","modified_gmt":"2026-03-10T16:26:34","slug":"laberinto-de-cuentas-de-madera-tiburon-trixie","status":"publish","type":"product","link":"https:\/\/somllavors.com\/es\/producte\/laberinto-de-cuentas-de-madera-tiburon-trixie","title":{"rendered":"Laberinto de cuentas de madera Tibur\u00f3n \u2013 Trixie"},"content":{"rendered":"<p data-start=\"295\" data-end=\"556\">Este tipo de juego ayuda a desarrollar la fina motricidad, la coordinaci\u00f3n mano-ojo y la precisi\u00f3n de los movimientos. A trav\u00e9s de la manipulaci\u00f3n, los ni\u00f1os tambi\u00e9n pueden empezar a descubrir conceptos sencillos como el movimiento, el recorrido o el orden de las piezas. <\/p>\n<p data-start=\"558\" data-end=\"838\">Est\u00e1 fabricado en madera certificada FSC y pinturas a base de agua, materiales seguros y resistentes pensados \u200b\u200bpara acompa\u00f1ar el juego durante mucho tiempo. Su dise\u00f1o con el simp\u00e1tico tibur\u00f3n y sus colores suaves lo convierten en una propuesta atractiva y agradable para el espacio de juego. <\/p>\n<p data-start=\"840\" data-end=\"1085\" data-is-last-node=\"\" data-is-only-node=\"\">Caracter\u00edsticas:<\/p>\n<ul>\n<li data-start=\"840\" data-end=\"1085\">Edad recomendada: a partir de 12 meses<\/li>\n<li data-start=\"840\" data-end=\"1085\">Material: madera certificada FSC, metal y pinturas a base de agua<\/li>\n<li data-start=\"840\" data-end=\"1085\">Estimula la motricidad fina y la coordinaci\u00f3n<\/li>\n<li data-start=\"840\" data-end=\"1085\">Juego manipulativo y de exploraci\u00f3n ideal para las primeras etapas del juego.<\/li>\n<\/ul>\n","protected":false},"excerpt":{"rendered":"<p data-start=\"27\" data-end=\"293\">El laberinto de cuentas del tibur\u00f3n de Trixie es un juego de madera pensado para que las criaturas exploren y manipulen mientras juegan. Las piezas de colores se desplazan por los circuitos met\u00e1licos formando un peque\u00f1o laberinto que invita a moverlas arriba y abajo con curiosidad. <\/p>\n","protected":false},"featured_media":89284,"template":"","meta":{"_acf_changed":false,"site-sidebar-layout":"default","site-content-layout":"","ast-site-content-layout":"default","site-content-style":"default","site-sidebar-style":"default","ast-global-header-display":"","ast-banner-title-visibility":"","ast-main-header-display":"","ast-hfb-above-header-display":"","ast-hfb-below-header-display":"","ast-hfb-mobile-header-display":"","site-post-title":"","ast-breadcrumbs-content":"","ast-featured-img":"","footer-sml-layout":"","theme-transparent-header-meta":"default","adv-header-id-meta":"","stick-header-meta":"","header-above-stick-meta":"","header-main-stick-meta":"","header-below-stick-meta":"","astra-migrate-meta-layouts":"default","ast-page-background-enabled":"default","ast-page-background-meta":{"desktop":{"background-color":"","background-image":"","background-repeat":"repeat","background-position":"center center","background-size":"auto","background-attachment":"scroll","background-type":"","background-media":"","overlay-type":"","overlay-color":"","overlay-opacity":"","overlay-gradient":""},"tablet":{"background-color":"","background-image":"","background-repeat":"repeat","background-position":"center center","background-size":"auto","background-attachment":"scroll","background-type":"","background-media":"","overlay-type":"","overlay-color":"","overlay-opacity":"","overlay-gradient":""},"mobile":{"background-color":"","background-image":"","background-repeat":"repeat","background-position":"center center","background-size":"auto","background-attachment":"scroll","background-type":"","background-media":"","overlay-type":"","overlay-color":"","overlay-opacity":"","overlay-gradient":""}},"ast-content-background-meta":{"desktop":{"background-color":"var(--ast-global-color-5)","background-image":"","background-repeat":"repeat","background-position":"center center","background-size":"auto","background-attachment":"scroll","background-type":"","background-media":"","overlay-type":"","overlay-color":"","overlay-opacity":"","overlay-gradient":""},"tablet":{"background-color":"var(--ast-global-color-5)","background-image":"","background-repeat":"repeat","background-position":"center center","background-size":"auto","background-attachment":"scroll","background-type":"","background-media":"","overlay-type":"","overlay-color":"","overlay-opacity":"","overlay-gradient":""},"mobile":{"background-color":"var(--ast-global-color-5)","background-image":"","background-repeat":"repeat","background-position":"center center","background-size":"auto","background-attachment":"scroll","background-type":"","background-media":"","overlay-type":"","overlay-color":"","overlay-opacity":"","overlay-gradient":""}}},"pwb-brand":[4098],"product_brand":[],"product_cat":[3369,3367,4521,3539,3542],"product_tag":[6041,6040,5028],"class_list":{"0":"post-89517","1":"product","2":"type-product","3":"status-publish","4":"has-post-thumbnail","6":"pwb-brand-trixie","7":"product_cat-12-meses","8":"product_cat-18-meses","9":"product_cat-10-20e-es","10":"product_cat-encajables-apilables-equilibrio-y-construcciones","11":"product_cat-juegos-de-madera","12":"product_tag-laberinto-de-cuentas-2","13":"product_tag-laberinto-de-cuentas","14":"product_tag-trixie-es","15":"desktop-align-left","16":"tablet-align-left","17":"mobile-align-left","19":"first","20":"instock","21":"taxable","22":"shipping-taxable","23":"purchasable","24":"product-type-simple"},"acf":[],"yoast_head":"<!-- This site is optimized with the Yoast SEO Premium plugin v18.3 (Yoast SEO v26.2) - https:\/\/yoast.com\/wordpress\/plugins\/seo\/ -->\n<title>Laberinto de cuentas de madera Tibur\u00f3n \u2013 Trixie &#8212; Som Llavors<\/title>\n<meta name=\"description\" content=\"El laberinto de cuentas del tibur\u00f3n de Trixie es un juego de madera pensado para que las criaturas exploren y manipulen mientras juegan. Las piezas de colores se desplazan por los circuitos met\u00e1licos formando un peque\u00f1o laberinto que invita a moverlas arriba y abajo con curiosidad.\" \/>\n<meta name=\"robots\" content=\"index, follow, max-snippet:-1, max-image-preview:large, max-video-preview:-1\" \/>\n<link rel=\"canonical\" href=\"https:\/\/somllavors.com\/es\/producte\/laberinto-de-cuentas-de-madera-tiburon-trixie\" \/>\n<meta property=\"og:locale\" content=\"es_ES\" \/>\n<meta property=\"og:type\" content=\"article\" \/>\n<meta property=\"og:title\" content=\"Laberinto de cuentas de madera Tibur\u00f3n \u2013 Trixie\" \/>\n<meta property=\"og:description\" content=\"La teva botiga d\u2019ecocrian\u00e7a i espai d\u2019acompanyament a la maternitat\" \/>\n<meta property=\"og:url\" content=\"https:\/\/somllavors.com\/es\/producte\/laberinto-de-cuentas-de-madera-tiburon-trixie\" \/>\n<meta property=\"og:site_name\" content=\"Som Llavors\" \/>\n<meta property=\"article:publisher\" content=\"https:\/\/www.facebook.com\/somllavorsvng\/?locale=ca_ES\" \/>\n<meta property=\"article:modified_time\" content=\"2026-03-10T16:26:34+00:00\" \/>\n<meta property=\"og:image\" content=\"https:\/\/somllavors.com\/wp-content\/uploads\/2026\/03\/687a0c4316a125566805b311large-1.jpg\" \/>\n\t<meta property=\"og:image:width\" content=\"1280\" \/>\n\t<meta property=\"og:image:height\" content=\"1280\" \/>\n\t<meta property=\"og:image:type\" content=\"image\/jpeg\" \/>\n<meta name=\"twitter:card\" content=\"summary_large_image\" \/>\n<meta name=\"twitter:label1\" content=\"Precio\" \/>\n\t<meta name=\"twitter:data1\" content=\"14,99&euro; Iva incl\u00f2s\" \/>\n\t<meta name=\"twitter:label2\" content=\"Availability\" \/>\n\t<meta name=\"twitter:data2\" content=\"Hay existencias\" \/>\n<script type=\"application\/ld+json\" class=\"yoast-schema-graph\">{\"@context\":\"https:\/\/schema.org\",\"@graph\":[{\"@type\":\"WebPage\",\"@id\":\"https:\/\/somllavors.com\/es\/producte\/laberinto-de-cuentas-de-madera-tiburon-trixie\",\"url\":\"https:\/\/somllavors.com\/es\/producte\/laberinto-de-cuentas-de-madera-tiburon-trixie\",\"name\":\"Laberinto de cuentas de madera Tibur\u00f3n \u2013 Trixie &#8212; Som Llavors\",\"isPartOf\":{\"@id\":\"https:\/\/somllavors.com\/es#website\"},\"primaryImageOfPage\":{\"@id\":\"https:\/\/somllavors.com\/es\/producte\/laberinto-de-cuentas-de-madera-tiburon-trixie#primaryimage\"},\"image\":{\"@id\":\"https:\/\/somllavors.com\/es\/producte\/laberinto-de-cuentas-de-madera-tiburon-trixie#primaryimage\"},\"thumbnailUrl\":\"https:\/\/somllavors.com\/wp-content\/uploads\/2026\/03\/687a0c4316a125566805b311large-1.jpg\",\"datePublished\":\"2026-03-07T11:37:30+00:00\",\"dateModified\":\"2026-03-10T16:26:34+00:00\",\"description\":\"El laberinto de cuentas del tibur\u00f3n de Trixie es un juego de madera pensado para que las criaturas exploren y manipulen mientras juegan. Las piezas de colores se desplazan por los circuitos met\u00e1licos formando un peque\u00f1o laberinto que invita a moverlas arriba y abajo con curiosidad.\",\"breadcrumb\":{\"@id\":\"https:\/\/somllavors.com\/es\/producte\/laberinto-de-cuentas-de-madera-tiburon-trixie#breadcrumb\"},\"inLanguage\":\"es\",\"potentialAction\":[{\"@type\":\"ReadAction\",\"target\":[\"https:\/\/somllavors.com\/es\/producte\/laberinto-de-cuentas-de-madera-tiburon-trixie\"]}]},{\"@type\":\"ImageObject\",\"inLanguage\":\"es\",\"@id\":\"https:\/\/somllavors.com\/es\/producte\/laberinto-de-cuentas-de-madera-tiburon-trixie#primaryimage\",\"url\":\"https:\/\/somllavors.com\/wp-content\/uploads\/2026\/03\/687a0c4316a125566805b311large-1.jpg\",\"contentUrl\":\"https:\/\/somllavors.com\/wp-content\/uploads\/2026\/03\/687a0c4316a125566805b311large-1.jpg\",\"width\":1280,\"height\":1280,\"caption\":\"encaixable trixie\"},{\"@type\":\"BreadcrumbList\",\"@id\":\"https:\/\/somllavors.com\/es\/producte\/laberinto-de-cuentas-de-madera-tiburon-trixie#breadcrumb\",\"itemListElement\":[{\"@type\":\"ListItem\",\"position\":1,\"name\":\"Inici\",\"item\":\"https:\/\/somllavors.com\/es\"},{\"@type\":\"ListItem\",\"position\":2,\"name\":\"Tienda\",\"item\":\"https:\/\/somllavors.com\/es\/botiga-2\"},{\"@type\":\"ListItem\",\"position\":3,\"name\":\"Laberinto de cuentas de madera Tibur\u00f3n \u2013 Trixie\"}]},{\"@type\":\"WebSite\",\"@id\":\"https:\/\/somllavors.com\/es#website\",\"url\":\"https:\/\/somllavors.com\/es\",\"name\":\"Som Llavors\",\"description\":\"Botiga de crian\u00e7a natural\",\"publisher\":{\"@id\":\"https:\/\/somllavors.com\/es#organization\"},\"alternateName\":\"Crian\u00e7a Natural i Sostenible\",\"potentialAction\":[{\"@type\":\"SearchAction\",\"target\":{\"@type\":\"EntryPoint\",\"urlTemplate\":\"https:\/\/somllavors.com\/es?s={search_term_string}\"},\"query-input\":{\"@type\":\"PropertyValueSpecification\",\"valueRequired\":true,\"valueName\":\"search_term_string\"}}],\"inLanguage\":\"es\"},{\"@type\":[\"Organization\",\"Place\",\"Store\"],\"@id\":\"https:\/\/somllavors.com\/es#organization\",\"name\":\"Som Llavors\",\"alternateName\":\"Crian\u00e7a Natural i Sostenible\",\"url\":\"https:\/\/somllavors.com\/es\",\"logo\":{\"@id\":\"https:\/\/somllavors.com\/es\/producte\/laberinto-de-cuentas-de-madera-tiburon-trixie#local-main-organization-logo\"},\"image\":{\"@id\":\"https:\/\/somllavors.com\/es\/producte\/laberinto-de-cuentas-de-madera-tiburon-trixie#local-main-organization-logo\"},\"sameAs\":[\"https:\/\/www.facebook.com\/somllavorsvng\/?locale=ca_ES\",\"https:\/\/www.instagram.com\/somllavors_vng\/\",\"https:\/\/www.youtube.com\/@somllavors\"],\"address\":{\"@id\":\"https:\/\/somllavors.com\/es\/producte\/laberinto-de-cuentas-de-madera-tiburon-trixie#local-main-place-address\"},\"geo\":{\"@type\":\"GeoCoordinates\",\"latitude\":\"41.2257737\",\"longitude\":\"1.723258859\"},\"telephone\":[\"623152704\"],\"openingHoursSpecification\":[{\"@type\":\"OpeningHoursSpecification\",\"dayOfWeek\":[\"Monday\",\"Sunday\"],\"opens\":\"00:00\",\"closes\":\"00:00\"},{\"@type\":\"OpeningHoursSpecification\",\"dayOfWeek\":[\"Tuesday\",\"Wednesday\",\"Thursday\",\"Friday\"],\"opens\":\"10:00\",\"closes\":\"20:00\"},{\"@type\":\"OpeningHoursSpecification\",\"dayOfWeek\":[\"Saturday\"],\"opens\":\"10:00\",\"closes\":\"13:30\"}],\"email\":\"info@somllavors.com\"},{\"@type\":\"PostalAddress\",\"@id\":\"https:\/\/somllavors.com\/es\/producte\/laberinto-de-cuentas-de-madera-tiburon-trixie#local-main-place-address\",\"streetAddress\":\"Carrer de l'aigua, 6\",\"addressLocality\":\"Vilanova i la Geltr\u00fa\",\"postalCode\":\"08800\",\"addressRegion\":\"Barcelona\",\"addressCountry\":\"ES\"},{\"@type\":\"ImageObject\",\"inLanguage\":\"es\",\"@id\":\"https:\/\/somllavors.com\/es\/producte\/laberinto-de-cuentas-de-madera-tiburon-trixie#local-main-organization-logo\",\"url\":\"https:\/\/somllavors.com\/wp-content\/uploads\/Logotip-Som-Llavors.jpg\",\"contentUrl\":\"https:\/\/somllavors.com\/wp-content\/uploads\/Logotip-Som-Llavors.jpg\",\"width\":1444,\"height\":1323,\"caption\":\"Som Llavors\"}]}<\/script>\n<meta property=\"product:price:amount\" content=\"14.99\" \/>\n<meta property=\"product:price:currency\" content=\"EUR\" \/>\n<meta property=\"og:availability\" content=\"instock\" \/>\n<meta property=\"product:availability\" content=\"instock\" \/>\n<meta property=\"product:retailer_item_id\" content=\"36-529\" \/>\n<meta property=\"product:condition\" content=\"new\" \/>\n<meta name=\"geo.placename\" content=\"Vilanova i la Geltr\u00fa\" \/>\n<meta name=\"geo.position\" content=\"41.2257737;1.723258859\" \/>\n<meta name=\"geo.region\" content=\"Espa\u00f1a\" \/>\n<!-- \/ Yoast SEO Premium plugin. -->","yoast_head_json":{"title":"Laberinto de cuentas de madera Tibur\u00f3n \u2013 Trixie &#8212; Som Llavors","description":"El laberinto de cuentas del tibur\u00f3n de Trixie es un juego de madera pensado para que las criaturas exploren y manipulen mientras juegan. Las piezas de colores se desplazan por los circuitos met\u00e1licos formando un peque\u00f1o laberinto que invita a moverlas arriba y abajo con curiosidad.","robots":{"index":"index","follow":"follow","max-snippet":"max-snippet:-1","max-image-preview":"max-image-preview:large","max-video-preview":"max-video-preview:-1"},"canonical":"https:\/\/somllavors.com\/es\/producte\/laberinto-de-cuentas-de-madera-tiburon-trixie","og_locale":"es_ES","og_type":"article","og_title":"Laberinto de cuentas de madera Tibur\u00f3n \u2013 Trixie","og_description":"La teva botiga d\u2019ecocrian\u00e7a i espai d\u2019acompanyament a la maternitat","og_url":"https:\/\/somllavors.com\/es\/producte\/laberinto-de-cuentas-de-madera-tiburon-trixie","og_site_name":"Som Llavors","article_publisher":"https:\/\/www.facebook.com\/somllavorsvng\/?locale=ca_ES","article_modified_time":"2026-03-10T16:26:34+00:00","og_image":[{"width":1280,"height":1280,"url":"https:\/\/somllavors.com\/wp-content\/uploads\/2026\/03\/687a0c4316a125566805b311large-1.jpg","type":"image\/jpeg"}],"twitter_card":"summary_large_image","twitter_misc":{"Precio":"14,99&euro; Iva incl\u00f2s","Availability":"Hay existencias"},"schema":{"@context":"https:\/\/schema.org","@graph":[{"@type":"WebPage","@id":"https:\/\/somllavors.com\/es\/producte\/laberinto-de-cuentas-de-madera-tiburon-trixie","url":"https:\/\/somllavors.com\/es\/producte\/laberinto-de-cuentas-de-madera-tiburon-trixie","name":"Laberinto de cuentas de madera Tibur\u00f3n \u2013 Trixie &#8212; Som Llavors","isPartOf":{"@id":"https:\/\/somllavors.com\/es#website"},"primaryImageOfPage":{"@id":"https:\/\/somllavors.com\/es\/producte\/laberinto-de-cuentas-de-madera-tiburon-trixie#primaryimage"},"image":{"@id":"https:\/\/somllavors.com\/es\/producte\/laberinto-de-cuentas-de-madera-tiburon-trixie#primaryimage"},"thumbnailUrl":"https:\/\/somllavors.com\/wp-content\/uploads\/2026\/03\/687a0c4316a125566805b311large-1.jpg","datePublished":"2026-03-07T11:37:30+00:00","dateModified":"2026-03-10T16:26:34+00:00","description":"El laberinto de cuentas del tibur\u00f3n de Trixie es un juego de madera pensado para que las criaturas exploren y manipulen mientras juegan. Las piezas de colores se desplazan por los circuitos met\u00e1licos formando un peque\u00f1o laberinto que invita a moverlas arriba y abajo con curiosidad.","breadcrumb":{"@id":"https:\/\/somllavors.com\/es\/producte\/laberinto-de-cuentas-de-madera-tiburon-trixie#breadcrumb"},"inLanguage":"es","potentialAction":[{"@type":"ReadAction","target":["https:\/\/somllavors.com\/es\/producte\/laberinto-de-cuentas-de-madera-tiburon-trixie"]}]},{"@type":"ImageObject","inLanguage":"es","@id":"https:\/\/somllavors.com\/es\/producte\/laberinto-de-cuentas-de-madera-tiburon-trixie#primaryimage","url":"https:\/\/somllavors.com\/wp-content\/uploads\/2026\/03\/687a0c4316a125566805b311large-1.jpg","contentUrl":"https:\/\/somllavors.com\/wp-content\/uploads\/2026\/03\/687a0c4316a125566805b311large-1.jpg","width":1280,"height":1280,"caption":"encaixable trixie"},{"@type":"BreadcrumbList","@id":"https:\/\/somllavors.com\/es\/producte\/laberinto-de-cuentas-de-madera-tiburon-trixie#breadcrumb","itemListElement":[{"@type":"ListItem","position":1,"name":"Inici","item":"https:\/\/somllavors.com\/es"},{"@type":"ListItem","position":2,"name":"Tienda","item":"https:\/\/somllavors.com\/es\/botiga-2"},{"@type":"ListItem","position":3,"name":"Laberinto de cuentas de madera Tibur\u00f3n \u2013 Trixie"}]},{"@type":"WebSite","@id":"https:\/\/somllavors.com\/es#website","url":"https:\/\/somllavors.com\/es","name":"Som Llavors","description":"Botiga de crian\u00e7a natural","publisher":{"@id":"https:\/\/somllavors.com\/es#organization"},"alternateName":"Crian\u00e7a Natural i Sostenible","potentialAction":[{"@type":"SearchAction","target":{"@type":"EntryPoint","urlTemplate":"https:\/\/somllavors.com\/es?s={search_term_string}"},"query-input":{"@type":"PropertyValueSpecification","valueRequired":true,"valueName":"search_term_string"}}],"inLanguage":"es"},{"@type":["Organization","Place","Store"],"@id":"https:\/\/somllavors.com\/es#organization","name":"Som Llavors","alternateName":"Crian\u00e7a Natural i Sostenible","url":"https:\/\/somllavors.com\/es","logo":{"@id":"https:\/\/somllavors.com\/es\/producte\/laberinto-de-cuentas-de-madera-tiburon-trixie#local-main-organization-logo"},"image":{"@id":"https:\/\/somllavors.com\/es\/producte\/laberinto-de-cuentas-de-madera-tiburon-trixie#local-main-organization-logo"},"sameAs":["https:\/\/www.facebook.com\/somllavorsvng\/?locale=ca_ES","https:\/\/www.instagram.com\/somllavors_vng\/","https:\/\/www.youtube.com\/@somllavors"],"address":{"@id":"https:\/\/somllavors.com\/es\/producte\/laberinto-de-cuentas-de-madera-tiburon-trixie#local-main-place-address"},"geo":{"@type":"GeoCoordinates","latitude":"41.2257737","longitude":"1.723258859"},"telephone":["623152704","623152704"],"openingHoursSpecification":[{"@type":"OpeningHoursSpecification","dayOfWeek":["Monday","Sunday"],"opens":"00:00","closes":"00:00"},{"@type":"OpeningHoursSpecification","dayOfWeek":["Tuesday","Wednesday","Thursday","Friday"],"opens":"10:00","closes":"20:00"},{"@type":"OpeningHoursSpecification","dayOfWeek":["Saturday"],"opens":"10:00","closes":"13:30"}],"email":"info@somllavors.com"},{"@type":"PostalAddress","@id":"https:\/\/somllavors.com\/es\/producte\/laberinto-de-cuentas-de-madera-tiburon-trixie#local-main-place-address","streetAddress":"Carrer de l'aigua, 6","addressLocality":"Vilanova i la Geltr\u00fa","postalCode":"08800","addressRegion":"Barcelona","addressCountry":"ES"},{"@type":"ImageObject","inLanguage":"es","@id":"https:\/\/somllavors.com\/es\/producte\/laberinto-de-cuentas-de-madera-tiburon-trixie#local-main-organization-logo","url":"https:\/\/somllavors.com\/wp-content\/uploads\/Logotip-Som-Llavors.jpg","contentUrl":"https:\/\/somllavors.com\/wp-content\/uploads\/Logotip-Som-Llavors.jpg","width":1444,"height":1323,"caption":"Som Llavors"}]},"product_price_amount":"14.99","product_price_currency":"EUR","og_availability":"instock","product_availability":"instock","product_retailer_item_id":"36-529","product_condition":"new","geo.placename":"Vilanova i la Geltr\u00fa","geo.position":{"lat":"41.2257737","long":"1.723258859"},"geo.region":"Espa\u00f1a"},"brands":[{"id":4098,"name":"Trixie","slug":"trixie"}],"_links":{"self":[{"href":"https:\/\/somllavors.com\/es\/wp-json\/wp\/v2\/product\/89517","targetHints":{"allow":["GET"]}}],"collection":[{"href":"https:\/\/somllavors.com\/es\/wp-json\/wp\/v2\/product"}],"about":[{"href":"https:\/\/somllavors.com\/es\/wp-json\/wp\/v2\/types\/product"}],"wp:featuredmedia":[{"embeddable":true,"href":"https:\/\/somllavors.com\/es\/wp-json\/wp\/v2\/media\/89284"}],"wp:attachment":[{"href":"https:\/\/somllavors.com\/es\/wp-json\/wp\/v2\/media?parent=89517"}],"wp:term":[{"taxonomy":"pwb-brand","embeddable":true,"href":"https:\/\/somllavors.com\/es\/wp-json\/wp\/v2\/pwb-brand?post=89517"},{"taxonomy":"product_brand","embeddable":true,"href":"https:\/\/somllavors.com\/es\/wp-json\/wp\/v2\/product_brand?post=89517"},{"taxonomy":"product_cat","embeddable":true,"href":"https:\/\/somllavors.com\/es\/wp-json\/wp\/v2\/product_cat?post=89517"},{"taxonomy":"product_tag","embeddable":true,"href":"https:\/\/somllavors.com\/es\/wp-json\/wp\/v2\/product_tag?post=89517"}],"curies":[{"name":"wp","href":"https:\/\/api.w.org\/{rel}","templated":true}]}}