{"id":90299,"date":"2026-03-23T12:52:05","date_gmt":"2026-03-23T11:52:05","guid":{"rendered":"https:\/\/somllavors.com\/producte\/sandalia-barefoot-de-lona-color-nude-y-mora-zapy"},"modified":"2026-03-23T12:52:05","modified_gmt":"2026-03-23T11:52:05","slug":"sandalia-barefoot-de-lona-color-nude-y-mora-zapy","status":"publish","type":"product","link":"https:\/\/somllavors.com\/es\/producte\/sandalia-barefoot-de-lona-color-nude-y-mora-zapy","title":{"rendered":"Sandalia Barefoot de Lona \u2013 Color Nude y Mora &#8211; Zapy"},"content":{"rendered":"<p>(del 21 al 29)<\/p>\n<h3 data-path-to-node=\"6\">Detalles T\u00e9cnicos:<\/h3>\n<ul data-path-to-node=\"7\">\n<li>\n<p data-path-to-node=\"7,0,0\">Suela: Goma antideslizante de color caramelo claro.<\/p>\n<\/li>\n<li>\n<p data-path-to-node=\"7,1,0\">Plantilla: Extra\u00edble para una mejor limpieza e higiene.<\/p>\n<\/li>\n<li>\n<p data-path-to-node=\"7,2,0\">Fabricaci\u00f3n: Hecho en Espa\u00f1a con materiales de proximidad.<\/p>\n<\/li>\n<\/ul>\n<hr data-path-to-node=\"8\">\n<blockquote data-path-to-node=\"9\">\n<p data-path-to-node=\"9,0\">Consejo de talla: Al ser calzado barefoot, recuerda dejar un margen de entre 0,8 cm y 1,2 cm respecto a la longitud del pie para garantizar el correcto crecimiento.<\/p>\n<\/blockquote>\n","protected":false},"excerpt":{"rendered":"<p data-path-to-node=\"3\">Acompa\u00f1a los primeros pasos de tu hijo\/a con la perfecta combinaci\u00f3n de flexibilidad, estilo y salud podol\u00f3gica. Esta sandalia de la l\u00ednea Zapyflex est\u00e1 dise\u00f1ada para ofrecer una experiencia de &#8220;pie descalzo&#8221;, permitiendo que los pies crezcan y se muevan sin restricciones. <\/p>\n<h3 data-path-to-node=\"4\">Caracter\u00edsticas Principales:<\/h3>\n<ul data-path-to-node=\"5\">\n<li>\n<p data-path-to-node=\"5,0,0\">Dise\u00f1o Barefoot (Respetuoso): Horma ancha en la zona de los dedos para permitir su libre movimiento y evitar presiones innecesarias.<\/p>\n<\/li>\n<li>\n<p data-path-to-node=\"5,1,0\">Materiales Naturales: Confeccionada en lona transpirable de gran calidad, ideal para mantener los pies frescos en primavera y verano.<\/p>\n<\/li>\n<li>\n<p data-path-to-node=\"5,2,0\">Suela &#8220;Cero Drop&#8221;: Suela totalmente plana (sin elevaci\u00f3n en el tal\u00f3n), fina y extremadamente flexible para facilitar una pisada natural y mejorar el equilibrio.<\/p>\n<\/li>\n<li>\n<p data-path-to-node=\"5,3,0\">Ajuste F\u00e1cil y Aut\u00f3nomo: Cierre con velcro regulable que permite un ajuste perfecto a cada tipo de pie y fomenta la autonom\u00eda del ni\u00f1o al calzarse solo.<\/p>\n<\/li>\n<li>\n<p data-path-to-node=\"5,4,0\">Est\u00e9tica Combinada: Elegante combinaci\u00f3n de tonos nude y mora con detalles en serraje, haci\u00e9ndola un zapato vers\u00e1til tanto para el d\u00eda a d\u00eda como para ocasiones m\u00e1s formales.<\/p>\n<\/li>\n<\/ul>\n","protected":false},"featured_media":89969,"template":"","meta":{"_acf_changed":false,"site-sidebar-layout":"default","site-content-layout":"","ast-site-content-layout":"default","site-content-style":"default","site-sidebar-style":"default","ast-global-header-display":"","ast-banner-title-visibility":"","ast-main-header-display":"","ast-hfb-above-header-display":"","ast-hfb-below-header-display":"","ast-hfb-mobile-header-display":"","site-post-title":"","ast-breadcrumbs-content":"","ast-featured-img":"","footer-sml-layout":"","ast-disable-related-posts":"","theme-transparent-header-meta":"default","adv-header-id-meta":"","stick-header-meta":"","header-above-stick-meta":"","header-main-stick-meta":"","header-below-stick-meta":"","astra-migrate-meta-layouts":"default","ast-page-background-enabled":"default","ast-page-background-meta":{"desktop":{"background-color":"","background-image":"","background-repeat":"repeat","background-position":"center center","background-size":"auto","background-attachment":"scroll","background-type":"","background-media":"","overlay-type":"","overlay-color":"","overlay-opacity":"","overlay-gradient":""},"tablet":{"background-color":"","background-image":"","background-repeat":"repeat","background-position":"center center","background-size":"auto","background-attachment":"scroll","background-type":"","background-media":"","overlay-type":"","overlay-color":"","overlay-opacity":"","overlay-gradient":""},"mobile":{"background-color":"","background-image":"","background-repeat":"repeat","background-position":"center center","background-size":"auto","background-attachment":"scroll","background-type":"","background-media":"","overlay-type":"","overlay-color":"","overlay-opacity":"","overlay-gradient":""}},"ast-content-background-meta":{"desktop":{"background-color":"var(--ast-global-color-5)","background-image":"","background-repeat":"repeat","background-position":"center center","background-size":"auto","background-attachment":"scroll","background-type":"","background-media":"","overlay-type":"","overlay-color":"","overlay-opacity":"","overlay-gradient":""},"tablet":{"background-color":"var(--ast-global-color-5)","background-image":"","background-repeat":"repeat","background-position":"center center","background-size":"auto","background-attachment":"scroll","background-type":"","background-media":"","overlay-type":"","overlay-color":"","overlay-opacity":"","overlay-gradient":""},"mobile":{"background-color":"var(--ast-global-color-5)","background-image":"","background-repeat":"repeat","background-position":"center center","background-size":"auto","background-attachment":"scroll","background-type":"","background-media":"","overlay-type":"","overlay-color":"","overlay-opacity":"","overlay-gradient":""}}},"pwb-brand":[4639],"product_brand":[],"product_cat":[4790,4777,4834],"product_tag":[6048],"class_list":{"0":"post-90299","1":"product","2":"type-product","3":"status-publish","4":"has-post-thumbnail","6":"pwb-brand-zapy","7":"product_cat-tallas-grandes-es","8":"product_cat-tallas-pequenas-18-25","9":"product_cat-zapy-es","10":"product_tag-sandalia-lona","11":"pa_talla-21-es","12":"pa_talla-22-es","13":"pa_talla-23-es","14":"pa_talla-24-es","15":"pa_talla-25-es","16":"pa_talla-26-es","17":"pa_talla-27-es","18":"pa_talla-28-es","19":"pa_talla-29-es","20":"desktop-align-left","21":"tablet-align-left","22":"mobile-align-left","24":"first","25":"instock","26":"taxable","27":"shipping-taxable","28":"purchasable","29":"product-type-variable"},"acf":[],"yoast_head":"<!-- This site is optimized with the Yoast SEO Premium plugin v18.3 (Yoast SEO v27.4) - https:\/\/yoast.com\/product\/yoast-seo-premium-wordpress\/ -->\n<title>Sandalia Barefoot de Lona \u2013 Color Nude y Mora - Zapy &#8212; Som Llavors<\/title>\n<meta name=\"description\" content=\"Acompa\u00f1a los primeros pasos de tu hijo\/a con la perfecta combinaci\u00f3n de flexibilidad, estilo y salud podol\u00f3gica. Esta sandalia de la l\u00ednea Zapyflex est\u00e1 dise\u00f1ada para ofrecer una experiencia de &quot;pie descalzo&quot;, permitiendo que los pies crezcan y se muevan sin restricciones.  Caracter\u00edsticas Principales:   Dise\u00f1o Barefoot (Respetuoso): Horma ancha en la zona de los dedos para permitir su libre movimiento y evitar presiones innecesarias.   Materiales Naturales: Confeccionada en lona transpirable de gran calidad, ideal para mantener los pies frescos en primavera y verano.   Suela &quot;Cero Drop&quot;: Suela totalmente plana (sin elevaci\u00f3n en el tal\u00f3n), fina y extremadamente flexible para facilitar una pisada natural y mejorar el equilibrio.   Ajuste F\u00e1cil y Aut\u00f3nomo: Cierre con velcro regulable que permite un ajuste perfecto a cada tipo de pie y fomenta la autonom\u00eda del ni\u00f1o al calzarse solo.   Est\u00e9tica Combinada: Elegante combinaci\u00f3n de tonos nude y mora con detalles en serraje, haci\u00e9ndola un zapato vers\u00e1til tanto para el d\u00eda a d\u00eda como para ocasiones m\u00e1s formales.\" \/>\n<meta name=\"robots\" content=\"index, follow, max-snippet:-1, max-image-preview:large, max-video-preview:-1\" \/>\n<link rel=\"canonical\" href=\"https:\/\/somllavors.com\/es\/producte\/sandalia-barefoot-de-lona-color-nude-y-mora-zapy\" \/>\n<meta property=\"og:locale\" content=\"es_ES\" \/>\n<meta property=\"og:type\" content=\"article\" \/>\n<meta property=\"og:title\" content=\"Sandalia Barefoot de Lona \u2013 Color Nude y Mora - Zapy\" \/>\n<meta property=\"og:description\" content=\"La teva botiga d\u2019ecocrian\u00e7a i espai d\u2019acompanyament a la maternitat\" \/>\n<meta property=\"og:url\" content=\"https:\/\/somllavors.com\/es\/producte\/sandalia-barefoot-de-lona-color-nude-y-mora-zapy\" \/>\n<meta property=\"og:site_name\" content=\"Som Llavors\" \/>\n<meta property=\"article:publisher\" content=\"https:\/\/www.facebook.com\/somllavorsvng\/?locale=ca_ES\" \/>\n<meta property=\"og:image\" content=\"https:\/\/somllavors.com\/wp-content\/uploads\/2026\/03\/AL301345-NUDE-MORA-L3003.jpg\" \/>\n\t<meta property=\"og:image:width\" content=\"1000\" \/>\n\t<meta property=\"og:image:height\" content=\"1000\" \/>\n\t<meta property=\"og:image:type\" content=\"image\/jpeg\" \/>\n<meta name=\"twitter:card\" content=\"summary_large_image\" \/>\n<meta name=\"twitter:label1\" content=\"Availability\" \/>\n\t<meta name=\"twitter:data1\" content=\"Hay existencias\" \/>\n<script type=\"application\/ld+json\" class=\"yoast-schema-graph\">{\"@context\":\"https:\\\/\\\/schema.org\",\"@graph\":[{\"@type\":\"WebPage\",\"@id\":\"https:\\\/\\\/somllavors.com\\\/es\\\/producte\\\/sandalia-barefoot-de-lona-color-nude-y-mora-zapy\",\"url\":\"https:\\\/\\\/somllavors.com\\\/es\\\/producte\\\/sandalia-barefoot-de-lona-color-nude-y-mora-zapy\",\"name\":\"Sandalia Barefoot de Lona \u2013 Color Nude y Mora - Zapy &#8212; Som Llavors\",\"isPartOf\":{\"@id\":\"https:\\\/\\\/somllavors.com\\\/es#website\"},\"primaryImageOfPage\":{\"@id\":\"https:\\\/\\\/somllavors.com\\\/es\\\/producte\\\/sandalia-barefoot-de-lona-color-nude-y-mora-zapy#primaryimage\"},\"image\":{\"@id\":\"https:\\\/\\\/somllavors.com\\\/es\\\/producte\\\/sandalia-barefoot-de-lona-color-nude-y-mora-zapy#primaryimage\"},\"thumbnailUrl\":\"https:\\\/\\\/somllavors.com\\\/wp-content\\\/uploads\\\/2026\\\/03\\\/AL301345-NUDE-MORA-L3003.jpg\",\"datePublished\":\"2026-03-23T11:52:05+00:00\",\"description\":\"Acompa\u00f1a los primeros pasos de tu hijo\\\/a con la perfecta combinaci\u00f3n de flexibilidad, estilo y salud podol\u00f3gica. Esta sandalia de la l\u00ednea Zapyflex est\u00e1 dise\u00f1ada para ofrecer una experiencia de \\\"pie descalzo\\\", permitiendo que los pies crezcan y se muevan sin restricciones. Caracter\u00edsticas Principales: Dise\u00f1o Barefoot (Respetuoso): Horma ancha en la zona de los dedos para permitir su libre movimiento y evitar presiones innecesarias. Materiales Naturales: Confeccionada en lona transpirable de gran calidad, ideal para mantener los pies frescos en primavera y verano. Suela \\\"Cero Drop\\\": Suela totalmente plana (sin elevaci\u00f3n en el tal\u00f3n), fina y extremadamente flexible para facilitar una pisada natural y mejorar el equilibrio. Ajuste F\u00e1cil y Aut\u00f3nomo: Cierre con velcro regulable que permite un ajuste perfecto a cada tipo de pie y fomenta la autonom\u00eda del ni\u00f1o al calzarse solo. Est\u00e9tica Combinada: Elegante combinaci\u00f3n de tonos nude y mora con detalles en serraje, haci\u00e9ndola un zapato vers\u00e1til tanto para el d\u00eda a d\u00eda como para ocasiones m\u00e1s formales.\",\"breadcrumb\":{\"@id\":\"https:\\\/\\\/somllavors.com\\\/es\\\/producte\\\/sandalia-barefoot-de-lona-color-nude-y-mora-zapy#breadcrumb\"},\"inLanguage\":\"es\",\"potentialAction\":[{\"@type\":\"ReadAction\",\"target\":[\"https:\\\/\\\/somllavors.com\\\/es\\\/producte\\\/sandalia-barefoot-de-lona-color-nude-y-mora-zapy\"]}]},{\"@type\":\"ImageObject\",\"inLanguage\":\"es\",\"@id\":\"https:\\\/\\\/somllavors.com\\\/es\\\/producte\\\/sandalia-barefoot-de-lona-color-nude-y-mora-zapy#primaryimage\",\"url\":\"https:\\\/\\\/somllavors.com\\\/wp-content\\\/uploads\\\/2026\\\/03\\\/AL301345-NUDE-MORA-L3003.jpg\",\"contentUrl\":\"https:\\\/\\\/somllavors.com\\\/wp-content\\\/uploads\\\/2026\\\/03\\\/AL301345-NUDE-MORA-L3003.jpg\",\"width\":1000,\"height\":1000,\"caption\":\"Sand\u00e0lia barefoot lona\"},{\"@type\":\"BreadcrumbList\",\"@id\":\"https:\\\/\\\/somllavors.com\\\/es\\\/producte\\\/sandalia-barefoot-de-lona-color-nude-y-mora-zapy#breadcrumb\",\"itemListElement\":[{\"@type\":\"ListItem\",\"position\":1,\"name\":\"Inici\",\"item\":\"https:\\\/\\\/somllavors.com\\\/es\"},{\"@type\":\"ListItem\",\"position\":2,\"name\":\"Tienda\",\"item\":\"https:\\\/\\\/somllavors.com\\\/es\\\/botiga-2\"},{\"@type\":\"ListItem\",\"position\":3,\"name\":\"Sandalia Barefoot de Lona \u2013 Color Nude y Mora &#8211; Zapy\"}]},{\"@type\":\"WebSite\",\"@id\":\"https:\\\/\\\/somllavors.com\\\/es#website\",\"url\":\"https:\\\/\\\/somllavors.com\\\/es\",\"name\":\"Som Llavors\",\"description\":\"Botiga de crian\u00e7a natural\",\"publisher\":{\"@id\":\"https:\\\/\\\/somllavors.com\\\/es#organization\"},\"alternateName\":\"Crian\u00e7a Natural i Sostenible\",\"potentialAction\":[{\"@type\":\"SearchAction\",\"target\":{\"@type\":\"EntryPoint\",\"urlTemplate\":\"https:\\\/\\\/somllavors.com\\\/es?s={search_term_string}\"},\"query-input\":{\"@type\":\"PropertyValueSpecification\",\"valueRequired\":true,\"valueName\":\"search_term_string\"}}],\"inLanguage\":\"es\"},{\"@type\":[\"Organization\",\"Place\",\"Store\"],\"@id\":\"https:\\\/\\\/somllavors.com\\\/es#organization\",\"name\":\"Som Llavors\",\"alternateName\":\"Crian\u00e7a Natural i Sostenible\",\"url\":\"https:\\\/\\\/somllavors.com\\\/es\",\"logo\":{\"@id\":\"https:\\\/\\\/somllavors.com\\\/es\\\/producte\\\/sandalia-barefoot-de-lona-color-nude-y-mora-zapy#local-main-organization-logo\"},\"image\":{\"@id\":\"https:\\\/\\\/somllavors.com\\\/es\\\/producte\\\/sandalia-barefoot-de-lona-color-nude-y-mora-zapy#local-main-organization-logo\"},\"sameAs\":[\"https:\\\/\\\/www.facebook.com\\\/somllavorsvng\\\/?locale=ca_ES\",\"https:\\\/\\\/www.instagram.com\\\/somllavors_vng\\\/\",\"https:\\\/\\\/www.youtube.com\\\/@somllavors\"],\"address\":{\"@id\":\"https:\\\/\\\/somllavors.com\\\/es\\\/producte\\\/sandalia-barefoot-de-lona-color-nude-y-mora-zapy#local-main-place-address\"},\"geo\":{\"@type\":\"GeoCoordinates\",\"latitude\":\"41.2257737\",\"longitude\":\"1.723258859\"},\"telephone\":[\"623152704\"],\"openingHoursSpecification\":[{\"@type\":\"OpeningHoursSpecification\",\"dayOfWeek\":[\"Monday\",\"Sunday\"],\"opens\":\"00:00\",\"closes\":\"00:00\"},{\"@type\":\"OpeningHoursSpecification\",\"dayOfWeek\":[\"Tuesday\",\"Wednesday\",\"Thursday\",\"Friday\"],\"opens\":\"10:00\",\"closes\":\"20:00\"},{\"@type\":\"OpeningHoursSpecification\",\"dayOfWeek\":[\"Saturday\"],\"opens\":\"10:00\",\"closes\":\"13:30\"}],\"email\":\"info@somllavors.com\"},{\"@type\":\"PostalAddress\",\"@id\":\"https:\\\/\\\/somllavors.com\\\/es\\\/producte\\\/sandalia-barefoot-de-lona-color-nude-y-mora-zapy#local-main-place-address\",\"streetAddress\":\"Carrer de l'aigua, 6\",\"addressLocality\":\"Vilanova i la Geltr\u00fa\",\"postalCode\":\"08800\",\"addressRegion\":\"Barcelona\",\"addressCountry\":\"ES\"},{\"@type\":\"ImageObject\",\"inLanguage\":\"es\",\"@id\":\"https:\\\/\\\/somllavors.com\\\/es\\\/producte\\\/sandalia-barefoot-de-lona-color-nude-y-mora-zapy#local-main-organization-logo\",\"url\":\"https:\\\/\\\/somllavors.com\\\/wp-content\\\/uploads\\\/Logotip-Som-Llavors.jpg\",\"contentUrl\":\"https:\\\/\\\/somllavors.com\\\/wp-content\\\/uploads\\\/Logotip-Som-Llavors.jpg\",\"width\":1444,\"height\":1323,\"caption\":\"Som Llavors\"}]}<\/script>\n<meta property=\"og:availability\" content=\"instock\" \/>\n<meta property=\"product:availability\" content=\"instock\" \/>\n<meta property=\"product:retailer_item_id\" content=\"AL301345\" \/>\n<meta property=\"product:condition\" content=\"new\" \/>\n<meta name=\"geo.placename\" content=\"Vilanova i la Geltr\u00fa\" \/>\n<meta name=\"geo.position\" content=\"41.2257737;1.723258859\" \/>\n<meta name=\"geo.region\" content=\"Espa\u00f1a\" \/>\n<!-- \/ Yoast SEO Premium plugin. -->","yoast_head_json":{"title":"Sandalia Barefoot de Lona \u2013 Color Nude y Mora - Zapy &#8212; Som Llavors","description":"Acompa\u00f1a los primeros pasos de tu hijo\/a con la perfecta combinaci\u00f3n de flexibilidad, estilo y salud podol\u00f3gica. Esta sandalia de la l\u00ednea Zapyflex est\u00e1 dise\u00f1ada para ofrecer una experiencia de \"pie descalzo\", permitiendo que los pies crezcan y se muevan sin restricciones.  Caracter\u00edsticas Principales:   Dise\u00f1o Barefoot (Respetuoso): Horma ancha en la zona de los dedos para permitir su libre movimiento y evitar presiones innecesarias.   Materiales Naturales: Confeccionada en lona transpirable de gran calidad, ideal para mantener los pies frescos en primavera y verano.   Suela \"Cero Drop\": Suela totalmente plana (sin elevaci\u00f3n en el tal\u00f3n), fina y extremadamente flexible para facilitar una pisada natural y mejorar el equilibrio.   Ajuste F\u00e1cil y Aut\u00f3nomo: Cierre con velcro regulable que permite un ajuste perfecto a cada tipo de pie y fomenta la autonom\u00eda del ni\u00f1o al calzarse solo.   Est\u00e9tica Combinada: Elegante combinaci\u00f3n de tonos nude y mora con detalles en serraje, haci\u00e9ndola un zapato vers\u00e1til tanto para el d\u00eda a d\u00eda como para ocasiones m\u00e1s formales.","robots":{"index":"index","follow":"follow","max-snippet":"max-snippet:-1","max-image-preview":"max-image-preview:large","max-video-preview":"max-video-preview:-1"},"canonical":"https:\/\/somllavors.com\/es\/producte\/sandalia-barefoot-de-lona-color-nude-y-mora-zapy","og_locale":"es_ES","og_type":"article","og_title":"Sandalia Barefoot de Lona \u2013 Color Nude y Mora - Zapy","og_description":"La teva botiga d\u2019ecocrian\u00e7a i espai d\u2019acompanyament a la maternitat","og_url":"https:\/\/somllavors.com\/es\/producte\/sandalia-barefoot-de-lona-color-nude-y-mora-zapy","og_site_name":"Som Llavors","article_publisher":"https:\/\/www.facebook.com\/somllavorsvng\/?locale=ca_ES","og_image":[{"width":1000,"height":1000,"url":"https:\/\/somllavors.com\/wp-content\/uploads\/2026\/03\/AL301345-NUDE-MORA-L3003.jpg","type":"image\/jpeg"}],"twitter_card":"summary_large_image","twitter_misc":{"Availability":"Hay existencias"},"schema":{"@context":"https:\/\/schema.org","@graph":[{"@type":"WebPage","@id":"https:\/\/somllavors.com\/es\/producte\/sandalia-barefoot-de-lona-color-nude-y-mora-zapy","url":"https:\/\/somllavors.com\/es\/producte\/sandalia-barefoot-de-lona-color-nude-y-mora-zapy","name":"Sandalia Barefoot de Lona \u2013 Color Nude y Mora - Zapy &#8212; Som Llavors","isPartOf":{"@id":"https:\/\/somllavors.com\/es#website"},"primaryImageOfPage":{"@id":"https:\/\/somllavors.com\/es\/producte\/sandalia-barefoot-de-lona-color-nude-y-mora-zapy#primaryimage"},"image":{"@id":"https:\/\/somllavors.com\/es\/producte\/sandalia-barefoot-de-lona-color-nude-y-mora-zapy#primaryimage"},"thumbnailUrl":"https:\/\/somllavors.com\/wp-content\/uploads\/2026\/03\/AL301345-NUDE-MORA-L3003.jpg","datePublished":"2026-03-23T11:52:05+00:00","description":"Acompa\u00f1a los primeros pasos de tu hijo\/a con la perfecta combinaci\u00f3n de flexibilidad, estilo y salud podol\u00f3gica. Esta sandalia de la l\u00ednea Zapyflex est\u00e1 dise\u00f1ada para ofrecer una experiencia de \"pie descalzo\", permitiendo que los pies crezcan y se muevan sin restricciones. Caracter\u00edsticas Principales: Dise\u00f1o Barefoot (Respetuoso): Horma ancha en la zona de los dedos para permitir su libre movimiento y evitar presiones innecesarias. Materiales Naturales: Confeccionada en lona transpirable de gran calidad, ideal para mantener los pies frescos en primavera y verano. Suela \"Cero Drop\": Suela totalmente plana (sin elevaci\u00f3n en el tal\u00f3n), fina y extremadamente flexible para facilitar una pisada natural y mejorar el equilibrio. Ajuste F\u00e1cil y Aut\u00f3nomo: Cierre con velcro regulable que permite un ajuste perfecto a cada tipo de pie y fomenta la autonom\u00eda del ni\u00f1o al calzarse solo. Est\u00e9tica Combinada: Elegante combinaci\u00f3n de tonos nude y mora con detalles en serraje, haci\u00e9ndola un zapato vers\u00e1til tanto para el d\u00eda a d\u00eda como para ocasiones m\u00e1s formales.","breadcrumb":{"@id":"https:\/\/somllavors.com\/es\/producte\/sandalia-barefoot-de-lona-color-nude-y-mora-zapy#breadcrumb"},"inLanguage":"es","potentialAction":[{"@type":"ReadAction","target":["https:\/\/somllavors.com\/es\/producte\/sandalia-barefoot-de-lona-color-nude-y-mora-zapy"]}]},{"@type":"ImageObject","inLanguage":"es","@id":"https:\/\/somllavors.com\/es\/producte\/sandalia-barefoot-de-lona-color-nude-y-mora-zapy#primaryimage","url":"https:\/\/somllavors.com\/wp-content\/uploads\/2026\/03\/AL301345-NUDE-MORA-L3003.jpg","contentUrl":"https:\/\/somllavors.com\/wp-content\/uploads\/2026\/03\/AL301345-NUDE-MORA-L3003.jpg","width":1000,"height":1000,"caption":"Sand\u00e0lia barefoot lona"},{"@type":"BreadcrumbList","@id":"https:\/\/somllavors.com\/es\/producte\/sandalia-barefoot-de-lona-color-nude-y-mora-zapy#breadcrumb","itemListElement":[{"@type":"ListItem","position":1,"name":"Inici","item":"https:\/\/somllavors.com\/es"},{"@type":"ListItem","position":2,"name":"Tienda","item":"https:\/\/somllavors.com\/es\/botiga-2"},{"@type":"ListItem","position":3,"name":"Sandalia Barefoot de Lona \u2013 Color Nude y Mora &#8211; Zapy"}]},{"@type":"WebSite","@id":"https:\/\/somllavors.com\/es#website","url":"https:\/\/somllavors.com\/es","name":"Som Llavors","description":"Botiga de crian\u00e7a natural","publisher":{"@id":"https:\/\/somllavors.com\/es#organization"},"alternateName":"Crian\u00e7a Natural i Sostenible","potentialAction":[{"@type":"SearchAction","target":{"@type":"EntryPoint","urlTemplate":"https:\/\/somllavors.com\/es?s={search_term_string}"},"query-input":{"@type":"PropertyValueSpecification","valueRequired":true,"valueName":"search_term_string"}}],"inLanguage":"es"},{"@type":["Organization","Place","Store"],"@id":"https:\/\/somllavors.com\/es#organization","name":"Som Llavors","alternateName":"Crian\u00e7a Natural i Sostenible","url":"https:\/\/somllavors.com\/es","logo":{"@id":"https:\/\/somllavors.com\/es\/producte\/sandalia-barefoot-de-lona-color-nude-y-mora-zapy#local-main-organization-logo"},"image":{"@id":"https:\/\/somllavors.com\/es\/producte\/sandalia-barefoot-de-lona-color-nude-y-mora-zapy#local-main-organization-logo"},"sameAs":["https:\/\/www.facebook.com\/somllavorsvng\/?locale=ca_ES","https:\/\/www.instagram.com\/somllavors_vng\/","https:\/\/www.youtube.com\/@somllavors"],"address":{"@id":"https:\/\/somllavors.com\/es\/producte\/sandalia-barefoot-de-lona-color-nude-y-mora-zapy#local-main-place-address"},"geo":{"@type":"GeoCoordinates","latitude":"41.2257737","longitude":"1.723258859"},"telephone":["623152704","623152704"],"openingHoursSpecification":[{"@type":"OpeningHoursSpecification","dayOfWeek":["Monday","Sunday"],"opens":"00:00","closes":"00:00"},{"@type":"OpeningHoursSpecification","dayOfWeek":["Tuesday","Wednesday","Thursday","Friday"],"opens":"10:00","closes":"20:00"},{"@type":"OpeningHoursSpecification","dayOfWeek":["Saturday"],"opens":"10:00","closes":"13:30"}],"email":"info@somllavors.com"},{"@type":"PostalAddress","@id":"https:\/\/somllavors.com\/es\/producte\/sandalia-barefoot-de-lona-color-nude-y-mora-zapy#local-main-place-address","streetAddress":"Carrer de l'aigua, 6","addressLocality":"Vilanova i la Geltr\u00fa","postalCode":"08800","addressRegion":"Barcelona","addressCountry":"ES"},{"@type":"ImageObject","inLanguage":"es","@id":"https:\/\/somllavors.com\/es\/producte\/sandalia-barefoot-de-lona-color-nude-y-mora-zapy#local-main-organization-logo","url":"https:\/\/somllavors.com\/wp-content\/uploads\/Logotip-Som-Llavors.jpg","contentUrl":"https:\/\/somllavors.com\/wp-content\/uploads\/Logotip-Som-Llavors.jpg","width":1444,"height":1323,"caption":"Som Llavors"}]},"og_availability":"instock","product_availability":"instock","product_retailer_item_id":"AL301345","product_condition":"new","geo.placename":"Vilanova i la Geltr\u00fa","geo.position":{"lat":"41.2257737","long":"1.723258859"},"geo.region":"Espa\u00f1a"},"brands":[{"id":4639,"name":"Zapy","slug":"zapy"}],"_links":{"self":[{"href":"https:\/\/somllavors.com\/es\/wp-json\/wp\/v2\/product\/90299","targetHints":{"allow":["GET"]}}],"collection":[{"href":"https:\/\/somllavors.com\/es\/wp-json\/wp\/v2\/product"}],"about":[{"href":"https:\/\/somllavors.com\/es\/wp-json\/wp\/v2\/types\/product"}],"wp:featuredmedia":[{"embeddable":true,"href":"https:\/\/somllavors.com\/es\/wp-json\/wp\/v2\/media\/89969"}],"wp:attachment":[{"href":"https:\/\/somllavors.com\/es\/wp-json\/wp\/v2\/media?parent=90299"}],"wp:term":[{"taxonomy":"pwb-brand","embeddable":true,"href":"https:\/\/somllavors.com\/es\/wp-json\/wp\/v2\/pwb-brand?post=90299"},{"taxonomy":"product_brand","embeddable":true,"href":"https:\/\/somllavors.com\/es\/wp-json\/wp\/v2\/product_brand?post=90299"},{"taxonomy":"product_cat","embeddable":true,"href":"https:\/\/somllavors.com\/es\/wp-json\/wp\/v2\/product_cat?post=90299"},{"taxonomy":"product_tag","embeddable":true,"href":"https:\/\/somllavors.com\/es\/wp-json\/wp\/v2\/product_tag?post=90299"}],"curies":[{"name":"wp","href":"https:\/\/api.w.org\/{rel}","templated":true}]}}