{"id":90355,"date":"2026-03-21T13:27:22","date_gmt":"2026-03-21T12:27:22","guid":{"rendered":"https:\/\/somllavors.com\/producte\/olimpo-verde-verano-26-blanditos"},"modified":"2026-03-21T13:27:22","modified_gmt":"2026-03-21T12:27:22","slug":"olimpo-verde-verano-26-blanditos","status":"publish","type":"product","link":"https:\/\/somllavors.com\/es\/producte\/olimpo-verde-verano-26-blanditos","title":{"rendered":"Olimpo verde Verano &#8217;26 &#8211; Blanditos"},"content":{"rendered":"<ul>\n<li data-start=\"407\" data-end=\"615\">Incorporan una sola fina y flexible que acompa\u00f1a al movimiento del pie sin interferir con \u00e9l, facilitando el desarrollo de la musculatura. El cierre ajustable asegura una buena sujeci\u00f3n, adapt\u00e1ndose a cada pie de forma c\u00f3moda y segura. <\/li>\n<li data-start=\"407\" data-end=\"615\">Fabricadas en materiales suaves y respetuosos, son ideales para casales, para el d\u00eda a d\u00eda como para momentos de juego y movimiento al aire libre.<\/li>\n<\/ul>\n<p data-start=\"1021\" data-end=\"1276\">Caracter\u00edsticas:<\/p>\n<ul>\n<li data-start=\"1021\" data-end=\"1276\">Sandalia respetuosa con suela flexible y fina<\/li>\n<li data-start=\"1021\" data-end=\"1276\">Puntera ancha que permite el movimiento natural de los dedos<\/li>\n<li data-start=\"1021\" data-end=\"1276\">Dise\u00f1o abierto y transpirable, ideal para verano<\/li>\n<li data-start=\"1021\" data-end=\"1276\">Cierre ajustable para un buen ajuste<\/li>\n<li data-start=\"1021\" data-end=\"1276\">Ligeras y c\u00f3modas para el uso diario<\/li>\n<\/ul>\n<p data-start=\"1278\" data-end=\"1412\">Una opci\u00f3n ideal para acompa\u00f1ar a las criaturas durante el verano con libertad de movimiento, comodidad y respeto por su desarrollo.<\/p>\n","protected":false},"excerpt":{"rendered":"<p data-start=\"240\" data-end=\"405\">Las sandalias Olimpo de Blanditos son una opci\u00f3n fresca y c\u00f3moda para los meses m\u00e1s c\u00e1lidos, pensadas para respetar el desarrollo natural del pie de las criaturas.<\/p>\n<ul>\n<li data-start=\"407\" data-end=\"615\">Su dise\u00f1o abierto permite una buena ventilaci\u00f3n manteniendo el pie fresco durante todo el d\u00eda. La puntera ancha deja espacio para que los dedos se muevan con libertad, favoreciendo una pisada m\u00e1s natural y estable. <\/li>\n<\/ul>\n","protected":false},"featured_media":89932,"template":"","meta":{"_acf_changed":false,"site-sidebar-layout":"default","site-content-layout":"","ast-site-content-layout":"default","site-content-style":"default","site-sidebar-style":"default","ast-global-header-display":"","ast-banner-title-visibility":"","ast-main-header-display":"","ast-hfb-above-header-display":"","ast-hfb-below-header-display":"","ast-hfb-mobile-header-display":"","site-post-title":"","ast-breadcrumbs-content":"","ast-featured-img":"","footer-sml-layout":"","ast-disable-related-posts":"","theme-transparent-header-meta":"default","adv-header-id-meta":"","stick-header-meta":"","header-above-stick-meta":"","header-main-stick-meta":"","header-below-stick-meta":"","astra-migrate-meta-layouts":"default","ast-page-background-enabled":"default","ast-page-background-meta":{"desktop":{"background-color":"","background-image":"","background-repeat":"repeat","background-position":"center center","background-size":"auto","background-attachment":"scroll","background-type":"","background-media":"","overlay-type":"","overlay-color":"","overlay-opacity":"","overlay-gradient":""},"tablet":{"background-color":"","background-image":"","background-repeat":"repeat","background-position":"center center","background-size":"auto","background-attachment":"scroll","background-type":"","background-media":"","overlay-type":"","overlay-color":"","overlay-opacity":"","overlay-gradient":""},"mobile":{"background-color":"","background-image":"","background-repeat":"repeat","background-position":"center center","background-size":"auto","background-attachment":"scroll","background-type":"","background-media":"","overlay-type":"","overlay-color":"","overlay-opacity":"","overlay-gradient":""}},"ast-content-background-meta":{"desktop":{"background-color":"var(--ast-global-color-5)","background-image":"","background-repeat":"repeat","background-position":"center center","background-size":"auto","background-attachment":"scroll","background-type":"","background-media":"","overlay-type":"","overlay-color":"","overlay-opacity":"","overlay-gradient":""},"tablet":{"background-color":"var(--ast-global-color-5)","background-image":"","background-repeat":"repeat","background-position":"center center","background-size":"auto","background-attachment":"scroll","background-type":"","background-media":"","overlay-type":"","overlay-color":"","overlay-opacity":"","overlay-gradient":""},"mobile":{"background-color":"var(--ast-global-color-5)","background-image":"","background-repeat":"repeat","background-position":"center center","background-size":"auto","background-attachment":"scroll","background-type":"","background-media":"","overlay-type":"","overlay-color":"","overlay-opacity":"","overlay-gradient":""}}},"pwb-brand":[4111],"product_brand":[],"product_cat":[3524,4790],"product_tag":[],"class_list":{"0":"post-90355","1":"product","2":"type-product","3":"status-publish","4":"has-post-thumbnail","6":"pwb-brand-blanditos-calcat-respectuos-flexible","7":"product_cat-blanditos-es-calzado-respetuoso","8":"product_cat-tallas-grandes-es","9":"pa_talla-24-es","10":"pa_talla-25-es","11":"pa_talla-26-es","12":"pa_talla-27-es","13":"pa_talla-28-es","14":"pa_talla-29-es","15":"pa_talla-30-es","16":"desktop-align-left","17":"tablet-align-left","18":"mobile-align-left","20":"first","21":"instock","22":"taxable","23":"shipping-taxable","24":"purchasable","25":"product-type-variable"},"acf":[],"yoast_head":"<!-- This site is optimized with the Yoast SEO Premium plugin v18.3 (Yoast SEO v27.4) - https:\/\/yoast.com\/product\/yoast-seo-premium-wordpress\/ -->\n<title>Olimpo verde Verano &#039;26 - Blanditos &#8212; Som Llavors<\/title>\n<meta name=\"description\" content=\"Las sandalias Olimpo de Blanditos son una opci\u00f3n fresca y c\u00f3moda para los meses m\u00e1s c\u00e1lidos, pensadas para respetar el desarrollo natural del pie de las criaturas.   Su dise\u00f1o abierto permite una buena ventilaci\u00f3n manteniendo el pie fresco durante todo el d\u00eda. La puntera ancha deja espacio para que los dedos se muevan con libertad, favoreciendo una pisada m\u00e1s natural y estable.\" \/>\n<meta name=\"robots\" content=\"index, follow, max-snippet:-1, max-image-preview:large, max-video-preview:-1\" \/>\n<link rel=\"canonical\" href=\"https:\/\/somllavors.com\/es\/producte\/olimpo-verde-verano-26-blanditos\" \/>\n<meta property=\"og:locale\" content=\"es_ES\" \/>\n<meta property=\"og:type\" content=\"article\" \/>\n<meta property=\"og:title\" content=\"Olimpo verde Verano &#039;26 - Blanditos\" \/>\n<meta property=\"og:description\" content=\"La teva botiga d\u2019ecocrian\u00e7a i espai d\u2019acompanyament a la maternitat\" \/>\n<meta property=\"og:url\" content=\"https:\/\/somllavors.com\/es\/producte\/olimpo-verde-verano-26-blanditos\" \/>\n<meta property=\"og:site_name\" content=\"Som Llavors\" \/>\n<meta property=\"article:publisher\" content=\"https:\/\/www.facebook.com\/somllavorsvng\/?locale=ca_ES\" \/>\n<meta property=\"og:image\" content=\"https:\/\/somllavors.com\/wp-content\/uploads\/2026\/03\/OLIMPO-VERDE26V_1.jpg\" \/>\n\t<meta property=\"og:image:width\" content=\"960\" \/>\n\t<meta property=\"og:image:height\" content=\"1143\" \/>\n\t<meta property=\"og:image:type\" content=\"image\/jpeg\" \/>\n<meta name=\"twitter:card\" content=\"summary_large_image\" \/>\n<meta name=\"twitter:label1\" content=\"Availability\" \/>\n\t<meta name=\"twitter:data1\" content=\"Hay existencias\" \/>\n<script type=\"application\/ld+json\" class=\"yoast-schema-graph\">{\"@context\":\"https:\\\/\\\/schema.org\",\"@graph\":[{\"@type\":\"WebPage\",\"@id\":\"https:\\\/\\\/somllavors.com\\\/es\\\/producte\\\/olimpo-verde-verano-26-blanditos\",\"url\":\"https:\\\/\\\/somllavors.com\\\/es\\\/producte\\\/olimpo-verde-verano-26-blanditos\",\"name\":\"Olimpo verde Verano '26 - Blanditos &#8212; Som Llavors\",\"isPartOf\":{\"@id\":\"https:\\\/\\\/somllavors.com\\\/es#website\"},\"primaryImageOfPage\":{\"@id\":\"https:\\\/\\\/somllavors.com\\\/es\\\/producte\\\/olimpo-verde-verano-26-blanditos#primaryimage\"},\"image\":{\"@id\":\"https:\\\/\\\/somllavors.com\\\/es\\\/producte\\\/olimpo-verde-verano-26-blanditos#primaryimage\"},\"thumbnailUrl\":\"https:\\\/\\\/somllavors.com\\\/wp-content\\\/uploads\\\/2026\\\/03\\\/OLIMPO-VERDE26V_1.jpg\",\"datePublished\":\"2026-03-21T12:27:22+00:00\",\"description\":\"Las sandalias Olimpo de Blanditos son una opci\u00f3n fresca y c\u00f3moda para los meses m\u00e1s c\u00e1lidos, pensadas para respetar el desarrollo natural del pie de las criaturas. Su dise\u00f1o abierto permite una buena ventilaci\u00f3n manteniendo el pie fresco durante todo el d\u00eda. La puntera ancha deja espacio para que los dedos se muevan con libertad, favoreciendo una pisada m\u00e1s natural y estable.\",\"breadcrumb\":{\"@id\":\"https:\\\/\\\/somllavors.com\\\/es\\\/producte\\\/olimpo-verde-verano-26-blanditos#breadcrumb\"},\"inLanguage\":\"es\",\"potentialAction\":[{\"@type\":\"ReadAction\",\"target\":[\"https:\\\/\\\/somllavors.com\\\/es\\\/producte\\\/olimpo-verde-verano-26-blanditos\"]}]},{\"@type\":\"ImageObject\",\"inLanguage\":\"es\",\"@id\":\"https:\\\/\\\/somllavors.com\\\/es\\\/producte\\\/olimpo-verde-verano-26-blanditos#primaryimage\",\"url\":\"https:\\\/\\\/somllavors.com\\\/wp-content\\\/uploads\\\/2026\\\/03\\\/OLIMPO-VERDE26V_1.jpg\",\"contentUrl\":\"https:\\\/\\\/somllavors.com\\\/wp-content\\\/uploads\\\/2026\\\/03\\\/OLIMPO-VERDE26V_1.jpg\",\"width\":960,\"height\":1143,\"caption\":\"olimpo blanditos\"},{\"@type\":\"BreadcrumbList\",\"@id\":\"https:\\\/\\\/somllavors.com\\\/es\\\/producte\\\/olimpo-verde-verano-26-blanditos#breadcrumb\",\"itemListElement\":[{\"@type\":\"ListItem\",\"position\":1,\"name\":\"Inici\",\"item\":\"https:\\\/\\\/somllavors.com\\\/es\"},{\"@type\":\"ListItem\",\"position\":2,\"name\":\"Tienda\",\"item\":\"https:\\\/\\\/somllavors.com\\\/es\\\/botiga-2\"},{\"@type\":\"ListItem\",\"position\":3,\"name\":\"Olimpo verde Verano &#8217;26 &#8211; Blanditos\"}]},{\"@type\":\"WebSite\",\"@id\":\"https:\\\/\\\/somllavors.com\\\/es#website\",\"url\":\"https:\\\/\\\/somllavors.com\\\/es\",\"name\":\"Som Llavors\",\"description\":\"Botiga de crian\u00e7a natural\",\"publisher\":{\"@id\":\"https:\\\/\\\/somllavors.com\\\/es#organization\"},\"alternateName\":\"Crian\u00e7a Natural i Sostenible\",\"potentialAction\":[{\"@type\":\"SearchAction\",\"target\":{\"@type\":\"EntryPoint\",\"urlTemplate\":\"https:\\\/\\\/somllavors.com\\\/es?s={search_term_string}\"},\"query-input\":{\"@type\":\"PropertyValueSpecification\",\"valueRequired\":true,\"valueName\":\"search_term_string\"}}],\"inLanguage\":\"es\"},{\"@type\":[\"Organization\",\"Place\",\"Store\"],\"@id\":\"https:\\\/\\\/somllavors.com\\\/es#organization\",\"name\":\"Som Llavors\",\"alternateName\":\"Crian\u00e7a Natural i Sostenible\",\"url\":\"https:\\\/\\\/somllavors.com\\\/es\",\"logo\":{\"@id\":\"https:\\\/\\\/somllavors.com\\\/es\\\/producte\\\/olimpo-verde-verano-26-blanditos#local-main-organization-logo\"},\"image\":{\"@id\":\"https:\\\/\\\/somllavors.com\\\/es\\\/producte\\\/olimpo-verde-verano-26-blanditos#local-main-organization-logo\"},\"sameAs\":[\"https:\\\/\\\/www.facebook.com\\\/somllavorsvng\\\/?locale=ca_ES\",\"https:\\\/\\\/www.instagram.com\\\/somllavors_vng\\\/\",\"https:\\\/\\\/www.youtube.com\\\/@somllavors\"],\"address\":{\"@id\":\"https:\\\/\\\/somllavors.com\\\/es\\\/producte\\\/olimpo-verde-verano-26-blanditos#local-main-place-address\"},\"geo\":{\"@type\":\"GeoCoordinates\",\"latitude\":\"41.2257737\",\"longitude\":\"1.723258859\"},\"telephone\":[\"623152704\"],\"openingHoursSpecification\":[{\"@type\":\"OpeningHoursSpecification\",\"dayOfWeek\":[\"Monday\",\"Sunday\"],\"opens\":\"00:00\",\"closes\":\"00:00\"},{\"@type\":\"OpeningHoursSpecification\",\"dayOfWeek\":[\"Tuesday\",\"Wednesday\",\"Thursday\",\"Friday\"],\"opens\":\"10:00\",\"closes\":\"20:00\"},{\"@type\":\"OpeningHoursSpecification\",\"dayOfWeek\":[\"Saturday\"],\"opens\":\"10:00\",\"closes\":\"13:30\"}],\"email\":\"info@somllavors.com\"},{\"@type\":\"PostalAddress\",\"@id\":\"https:\\\/\\\/somllavors.com\\\/es\\\/producte\\\/olimpo-verde-verano-26-blanditos#local-main-place-address\",\"streetAddress\":\"Carrer de l'aigua, 6\",\"addressLocality\":\"Vilanova i la Geltr\u00fa\",\"postalCode\":\"08800\",\"addressRegion\":\"Barcelona\",\"addressCountry\":\"ES\"},{\"@type\":\"ImageObject\",\"inLanguage\":\"es\",\"@id\":\"https:\\\/\\\/somllavors.com\\\/es\\\/producte\\\/olimpo-verde-verano-26-blanditos#local-main-organization-logo\",\"url\":\"https:\\\/\\\/somllavors.com\\\/wp-content\\\/uploads\\\/Logotip-Som-Llavors.jpg\",\"contentUrl\":\"https:\\\/\\\/somllavors.com\\\/wp-content\\\/uploads\\\/Logotip-Som-Llavors.jpg\",\"width\":1444,\"height\":1323,\"caption\":\"Som Llavors\"}]}<\/script>\n<meta property=\"og:availability\" content=\"instock\" \/>\n<meta property=\"product:availability\" content=\"instock\" \/>\n<meta property=\"product:condition\" content=\"new\" \/>\n<meta name=\"geo.placename\" content=\"Vilanova i la Geltr\u00fa\" \/>\n<meta name=\"geo.position\" content=\"41.2257737;1.723258859\" \/>\n<meta name=\"geo.region\" content=\"Espa\u00f1a\" \/>\n<!-- \/ Yoast SEO Premium plugin. -->","yoast_head_json":{"title":"Olimpo verde Verano '26 - Blanditos &#8212; Som Llavors","description":"Las sandalias Olimpo de Blanditos son una opci\u00f3n fresca y c\u00f3moda para los meses m\u00e1s c\u00e1lidos, pensadas para respetar el desarrollo natural del pie de las criaturas.   Su dise\u00f1o abierto permite una buena ventilaci\u00f3n manteniendo el pie fresco durante todo el d\u00eda. La puntera ancha deja espacio para que los dedos se muevan con libertad, favoreciendo una pisada m\u00e1s natural y estable.","robots":{"index":"index","follow":"follow","max-snippet":"max-snippet:-1","max-image-preview":"max-image-preview:large","max-video-preview":"max-video-preview:-1"},"canonical":"https:\/\/somllavors.com\/es\/producte\/olimpo-verde-verano-26-blanditos","og_locale":"es_ES","og_type":"article","og_title":"Olimpo verde Verano '26 - Blanditos","og_description":"La teva botiga d\u2019ecocrian\u00e7a i espai d\u2019acompanyament a la maternitat","og_url":"https:\/\/somllavors.com\/es\/producte\/olimpo-verde-verano-26-blanditos","og_site_name":"Som Llavors","article_publisher":"https:\/\/www.facebook.com\/somllavorsvng\/?locale=ca_ES","og_image":[{"width":960,"height":1143,"url":"https:\/\/somllavors.com\/wp-content\/uploads\/2026\/03\/OLIMPO-VERDE26V_1.jpg","type":"image\/jpeg"}],"twitter_card":"summary_large_image","twitter_misc":{"Availability":"Hay existencias"},"schema":{"@context":"https:\/\/schema.org","@graph":[{"@type":"WebPage","@id":"https:\/\/somllavors.com\/es\/producte\/olimpo-verde-verano-26-blanditos","url":"https:\/\/somllavors.com\/es\/producte\/olimpo-verde-verano-26-blanditos","name":"Olimpo verde Verano '26 - Blanditos &#8212; Som Llavors","isPartOf":{"@id":"https:\/\/somllavors.com\/es#website"},"primaryImageOfPage":{"@id":"https:\/\/somllavors.com\/es\/producte\/olimpo-verde-verano-26-blanditos#primaryimage"},"image":{"@id":"https:\/\/somllavors.com\/es\/producte\/olimpo-verde-verano-26-blanditos#primaryimage"},"thumbnailUrl":"https:\/\/somllavors.com\/wp-content\/uploads\/2026\/03\/OLIMPO-VERDE26V_1.jpg","datePublished":"2026-03-21T12:27:22+00:00","description":"Las sandalias Olimpo de Blanditos son una opci\u00f3n fresca y c\u00f3moda para los meses m\u00e1s c\u00e1lidos, pensadas para respetar el desarrollo natural del pie de las criaturas. Su dise\u00f1o abierto permite una buena ventilaci\u00f3n manteniendo el pie fresco durante todo el d\u00eda. La puntera ancha deja espacio para que los dedos se muevan con libertad, favoreciendo una pisada m\u00e1s natural y estable.","breadcrumb":{"@id":"https:\/\/somllavors.com\/es\/producte\/olimpo-verde-verano-26-blanditos#breadcrumb"},"inLanguage":"es","potentialAction":[{"@type":"ReadAction","target":["https:\/\/somllavors.com\/es\/producte\/olimpo-verde-verano-26-blanditos"]}]},{"@type":"ImageObject","inLanguage":"es","@id":"https:\/\/somllavors.com\/es\/producte\/olimpo-verde-verano-26-blanditos#primaryimage","url":"https:\/\/somllavors.com\/wp-content\/uploads\/2026\/03\/OLIMPO-VERDE26V_1.jpg","contentUrl":"https:\/\/somllavors.com\/wp-content\/uploads\/2026\/03\/OLIMPO-VERDE26V_1.jpg","width":960,"height":1143,"caption":"olimpo blanditos"},{"@type":"BreadcrumbList","@id":"https:\/\/somllavors.com\/es\/producte\/olimpo-verde-verano-26-blanditos#breadcrumb","itemListElement":[{"@type":"ListItem","position":1,"name":"Inici","item":"https:\/\/somllavors.com\/es"},{"@type":"ListItem","position":2,"name":"Tienda","item":"https:\/\/somllavors.com\/es\/botiga-2"},{"@type":"ListItem","position":3,"name":"Olimpo verde Verano &#8217;26 &#8211; Blanditos"}]},{"@type":"WebSite","@id":"https:\/\/somllavors.com\/es#website","url":"https:\/\/somllavors.com\/es","name":"Som Llavors","description":"Botiga de crian\u00e7a natural","publisher":{"@id":"https:\/\/somllavors.com\/es#organization"},"alternateName":"Crian\u00e7a Natural i Sostenible","potentialAction":[{"@type":"SearchAction","target":{"@type":"EntryPoint","urlTemplate":"https:\/\/somllavors.com\/es?s={search_term_string}"},"query-input":{"@type":"PropertyValueSpecification","valueRequired":true,"valueName":"search_term_string"}}],"inLanguage":"es"},{"@type":["Organization","Place","Store"],"@id":"https:\/\/somllavors.com\/es#organization","name":"Som Llavors","alternateName":"Crian\u00e7a Natural i Sostenible","url":"https:\/\/somllavors.com\/es","logo":{"@id":"https:\/\/somllavors.com\/es\/producte\/olimpo-verde-verano-26-blanditos#local-main-organization-logo"},"image":{"@id":"https:\/\/somllavors.com\/es\/producte\/olimpo-verde-verano-26-blanditos#local-main-organization-logo"},"sameAs":["https:\/\/www.facebook.com\/somllavorsvng\/?locale=ca_ES","https:\/\/www.instagram.com\/somllavors_vng\/","https:\/\/www.youtube.com\/@somllavors"],"address":{"@id":"https:\/\/somllavors.com\/es\/producte\/olimpo-verde-verano-26-blanditos#local-main-place-address"},"geo":{"@type":"GeoCoordinates","latitude":"41.2257737","longitude":"1.723258859"},"telephone":["623152704","623152704"],"openingHoursSpecification":[{"@type":"OpeningHoursSpecification","dayOfWeek":["Monday","Sunday"],"opens":"00:00","closes":"00:00"},{"@type":"OpeningHoursSpecification","dayOfWeek":["Tuesday","Wednesday","Thursday","Friday"],"opens":"10:00","closes":"20:00"},{"@type":"OpeningHoursSpecification","dayOfWeek":["Saturday"],"opens":"10:00","closes":"13:30"}],"email":"info@somllavors.com"},{"@type":"PostalAddress","@id":"https:\/\/somllavors.com\/es\/producte\/olimpo-verde-verano-26-blanditos#local-main-place-address","streetAddress":"Carrer de l'aigua, 6","addressLocality":"Vilanova i la Geltr\u00fa","postalCode":"08800","addressRegion":"Barcelona","addressCountry":"ES"},{"@type":"ImageObject","inLanguage":"es","@id":"https:\/\/somllavors.com\/es\/producte\/olimpo-verde-verano-26-blanditos#local-main-organization-logo","url":"https:\/\/somllavors.com\/wp-content\/uploads\/Logotip-Som-Llavors.jpg","contentUrl":"https:\/\/somllavors.com\/wp-content\/uploads\/Logotip-Som-Llavors.jpg","width":1444,"height":1323,"caption":"Som Llavors"}]},"og_availability":"instock","product_availability":"instock","product_condition":"new","geo.placename":"Vilanova i la Geltr\u00fa","geo.position":{"lat":"41.2257737","long":"1.723258859"},"geo.region":"Espa\u00f1a"},"brands":[{"id":4111,"name":"Blanditos","slug":"blanditos-calcat-respectuos-flexible"}],"_links":{"self":[{"href":"https:\/\/somllavors.com\/es\/wp-json\/wp\/v2\/product\/90355","targetHints":{"allow":["GET"]}}],"collection":[{"href":"https:\/\/somllavors.com\/es\/wp-json\/wp\/v2\/product"}],"about":[{"href":"https:\/\/somllavors.com\/es\/wp-json\/wp\/v2\/types\/product"}],"wp:featuredmedia":[{"embeddable":true,"href":"https:\/\/somllavors.com\/es\/wp-json\/wp\/v2\/media\/89932"}],"wp:attachment":[{"href":"https:\/\/somllavors.com\/es\/wp-json\/wp\/v2\/media?parent=90355"}],"wp:term":[{"taxonomy":"pwb-brand","embeddable":true,"href":"https:\/\/somllavors.com\/es\/wp-json\/wp\/v2\/pwb-brand?post=90355"},{"taxonomy":"product_brand","embeddable":true,"href":"https:\/\/somllavors.com\/es\/wp-json\/wp\/v2\/product_brand?post=90355"},{"taxonomy":"product_cat","embeddable":true,"href":"https:\/\/somllavors.com\/es\/wp-json\/wp\/v2\/product_cat?post=90355"},{"taxonomy":"product_tag","embeddable":true,"href":"https:\/\/somllavors.com\/es\/wp-json\/wp\/v2\/product_tag?post=90355"}],"curies":[{"name":"wp","href":"https:\/\/api.w.org\/{rel}","templated":true}]}}