{"id":90680,"date":"2026-03-21T11:07:59","date_gmt":"2026-03-21T10:07:59","guid":{"rendered":"https:\/\/somllavors.com\/producte\/deportivas-barefoot-veleta-hielo-navy-zapy"},"modified":"2026-03-21T11:07:59","modified_gmt":"2026-03-21T10:07:59","slug":"deportivas-barefoot-veleta-hielo-navy-zapy","status":"publish","type":"product","link":"https:\/\/somllavors.com\/es\/producte\/deportivas-barefoot-veleta-hielo-navy-zapy","title":{"rendered":"Deportivas Barefoot Veleta Hielo-Navy &#8211; Zapy"},"content":{"rendered":"<h3 data-path-to-node=\"7\">Detalles T\u00e9cnicos:<\/h3>\n<ul data-path-to-node=\"8\">\n<li>\n<p data-path-to-node=\"8,0,0\">Suela: Goma de color claro, fina y adherente.<\/p>\n<\/li>\n<li>\n<p data-path-to-node=\"8,1,0\">Plantilla: Extra\u00edble, totalmente plana (sin elementos anat\u00f3micos que condicionen la huella) para una mejor higiene y medida del pie.<\/p>\n<\/li>\n<li>\n<p data-path-to-node=\"8,2,0\">Fabricaci\u00f3n: Fabricado en Espa\u00f1a.<\/p>\n<\/li>\n<\/ul>\n<hr data-path-to-node=\"9\">\n<blockquote data-path-to-node=\"10\">\n<p data-path-to-node=\"10,0\">Consejo de talla: Para un calzado barefoot, recomendamos dejar un margen de entre 0,8 cm y 1,2 cm respecto a la longitud del pie para permitir un movimiento \u00f3ptimo del pie.<\/p>\n<\/blockquote>\n","protected":false},"excerpt":{"rendered":"<p data-path-to-node=\"4\">Estilo retro, comodidad absoluta y el m\u00e1ximo respeto por el desarrollo del pie. Las deportivas de la l\u00ednea Veleta de Zapy est\u00e1n dise\u00f1adas para ofrecer toda la protecci\u00f3n necesaria sin interferir en el movimiento natural del pie del ni\u00f1o, gracias a su construcci\u00f3n totalmente barefoot. <\/p>\n<h3 data-path-to-node=\"5\">Caracter\u00edsticas Principales:<\/h3>\n<ul data-path-to-node=\"6\">\n<li>\n<p data-path-to-node=\"6,0,0\">Filosof\u00eda Barefoot: Dise\u00f1adas siguiendo criterios podol\u00f3gicos respetuosos. La horma es amplia en la parte delantera, permitiendo que los dedos se abran de forma natural (como cuando vamos descalzos). <\/p>\n<\/li>\n<li>\n<p data-path-to-node=\"6,1,0\">Materiales Combinados Premium: Fabricadas con microfibra de gran calidad de color &#8220;hielo&#8221; (blanco roto) como base, y detalles en tonos mostaza, navy y gris, ofreciendo un &#8220;look&#8221; deportivo y actual.<\/p>\n<\/li>\n<li>\n<p data-path-to-node=\"6,2,0\">Suela &#8220;Cero Drop&#8221; Totalmente Flexible: La suela es completamente plana (sin desnivel del tal\u00f3n en la punta) y extremadamente flexible en las zonas de metatarsianos, favoreciendo una pisada fisiol\u00f3gica.<\/p>\n<\/li>\n<li>\n<p data-path-to-node=\"6,3,0\">Ajuste con Velcro y Cordones El\u00e1sticos: Dispone de una tira de velcro en la parte superior combinada con cordones el\u00e1sticos decorativos. Esto asegura un ajuste perfecto y facilita la autonom\u00eda del ni\u00f1o al calzarse solo. <\/p>\n<\/li>\n<li>\n<p data-path-to-node=\"6,4,0\">Comodidad y Transpirabilidad: El interior est\u00e1 forrado para ofrecer una experiencia suave, y los detalles de la puntera perforada mejoran la ventilaci\u00f3n del pie.<\/p>\n<\/li>\n<\/ul>\n","protected":false},"featured_media":89961,"template":"","meta":{"_acf_changed":false,"site-sidebar-layout":"default","site-content-layout":"","ast-site-content-layout":"default","site-content-style":"default","site-sidebar-style":"default","ast-global-header-display":"","ast-banner-title-visibility":"","ast-main-header-display":"","ast-hfb-above-header-display":"","ast-hfb-below-header-display":"","ast-hfb-mobile-header-display":"","site-post-title":"","ast-breadcrumbs-content":"","ast-featured-img":"","footer-sml-layout":"","theme-transparent-header-meta":"default","adv-header-id-meta":"","stick-header-meta":"","header-above-stick-meta":"","header-main-stick-meta":"","header-below-stick-meta":"","astra-migrate-meta-layouts":"default","ast-page-background-enabled":"default","ast-page-background-meta":{"desktop":{"background-color":"","background-image":"","background-repeat":"repeat","background-position":"center center","background-size":"auto","background-attachment":"scroll","background-type":"","background-media":"","overlay-type":"","overlay-color":"","overlay-opacity":"","overlay-gradient":""},"tablet":{"background-color":"","background-image":"","background-repeat":"repeat","background-position":"center center","background-size":"auto","background-attachment":"scroll","background-type":"","background-media":"","overlay-type":"","overlay-color":"","overlay-opacity":"","overlay-gradient":""},"mobile":{"background-color":"","background-image":"","background-repeat":"repeat","background-position":"center center","background-size":"auto","background-attachment":"scroll","background-type":"","background-media":"","overlay-type":"","overlay-color":"","overlay-opacity":"","overlay-gradient":""}},"ast-content-background-meta":{"desktop":{"background-color":"var(--ast-global-color-5)","background-image":"","background-repeat":"repeat","background-position":"center center","background-size":"auto","background-attachment":"scroll","background-type":"","background-media":"","overlay-type":"","overlay-color":"","overlay-opacity":"","overlay-gradient":""},"tablet":{"background-color":"var(--ast-global-color-5)","background-image":"","background-repeat":"repeat","background-position":"center center","background-size":"auto","background-attachment":"scroll","background-type":"","background-media":"","overlay-type":"","overlay-color":"","overlay-opacity":"","overlay-gradient":""},"mobile":{"background-color":"var(--ast-global-color-5)","background-image":"","background-repeat":"repeat","background-position":"center center","background-size":"auto","background-attachment":"scroll","background-type":"","background-media":"","overlay-type":"","overlay-color":"","overlay-opacity":"","overlay-gradient":""}}},"pwb-brand":[4639],"product_brand":[],"product_cat":[4790,4834],"product_tag":[],"class_list":{"0":"post-90680","1":"product","2":"type-product","3":"status-publish","4":"has-post-thumbnail","6":"pwb-brand-zapy","7":"product_cat-tallas-grandes-es","8":"product_cat-zapy-es","9":"pa_talla-26-es","10":"pa_talla-27-es","11":"pa_talla-28-es","12":"pa_talla-29-es","13":"pa_talla-30-es","14":"pa_talla-31-es","15":"pa_talla-32-es","16":"pa_talla-33-es","17":"pa_talla-34-es","18":"desktop-align-left","19":"tablet-align-left","20":"mobile-align-left","22":"first","23":"instock","24":"taxable","25":"shipping-taxable","26":"purchasable","27":"product-type-variable"},"acf":[],"yoast_head":"<!-- This site is optimized with the Yoast SEO Premium plugin v18.3 (Yoast SEO v26.2) - https:\/\/yoast.com\/wordpress\/plugins\/seo\/ -->\n<title>Deportivas Barefoot Veleta Hielo-Navy - Zapy &#8212; Som Llavors<\/title>\n<meta name=\"description\" content=\"Estilo retro, comodidad absoluta y el m\u00e1ximo respeto por el desarrollo del pie. Las deportivas de la l\u00ednea Veleta de Zapy est\u00e1n dise\u00f1adas para ofrecer toda la protecci\u00f3n necesaria sin interferir en el movimiento natural del pie del ni\u00f1o, gracias a su construcci\u00f3n totalmente barefoot.  Caracter\u00edsticas Principales:   Filosof\u00eda Barefoot: Dise\u00f1adas siguiendo criterios podol\u00f3gicos respetuosos. La horma es amplia en la parte delantera, permitiendo que los dedos se abran de forma natural (como cuando vamos descalzos).   Materiales Combinados Premium: Fabricadas con microfibra de gran calidad de color &quot;hielo&quot; (blanco roto) como base, y detalles en tonos mostaza, navy y gris, ofreciendo un &quot;look&quot; deportivo y actual.   Suela &quot;Cero Drop&quot; Totalmente Flexible: La suela es completamente plana (sin desnivel del tal\u00f3n en la punta) y extremadamente flexible en las zonas de metatarsianos, favoreciendo una pisada fisiol\u00f3gica.   Ajuste con Velcro y Cordones El\u00e1sticos: Dispone de una tira de velcro en la parte superior combinada con cordones el\u00e1sticos decorativos. Esto asegura un ajuste perfecto y facilita la autonom\u00eda del ni\u00f1o al calzarse solo.   Comodidad y Transpirabilidad: El interior est\u00e1 forrado para ofrecer una experiencia suave, y los detalles de la puntera perforada mejoran la ventilaci\u00f3n del pie.\" \/>\n<meta name=\"robots\" content=\"index, follow, max-snippet:-1, max-image-preview:large, max-video-preview:-1\" \/>\n<link rel=\"canonical\" href=\"https:\/\/somllavors.com\/es\/producte\/deportivas-barefoot-veleta-hielo-navy-zapy\" \/>\n<meta property=\"og:locale\" content=\"es_ES\" \/>\n<meta property=\"og:type\" content=\"article\" \/>\n<meta property=\"og:title\" content=\"Deportivas Barefoot Veleta Hielo-Navy - Zapy\" \/>\n<meta property=\"og:description\" content=\"La teva botiga d\u2019ecocrian\u00e7a i espai d\u2019acompanyament a la maternitat\" \/>\n<meta property=\"og:url\" content=\"https:\/\/somllavors.com\/es\/producte\/deportivas-barefoot-veleta-hielo-navy-zapy\" \/>\n<meta property=\"og:site_name\" content=\"Som Llavors\" \/>\n<meta property=\"article:publisher\" content=\"https:\/\/www.facebook.com\/somllavorsvng\/?locale=ca_ES\" \/>\n<meta property=\"og:image\" content=\"https:\/\/somllavors.com\/wp-content\/uploads\/2026\/03\/AL212029-HIELO-NAVY-L2107.jpg\" \/>\n\t<meta property=\"og:image:width\" content=\"1000\" \/>\n\t<meta property=\"og:image:height\" content=\"1000\" \/>\n\t<meta property=\"og:image:type\" content=\"image\/jpeg\" \/>\n<meta name=\"twitter:card\" content=\"summary_large_image\" \/>\n<meta name=\"twitter:label1\" content=\"Availability\" \/>\n\t<meta name=\"twitter:data1\" content=\"Hay existencias\" \/>\n<script type=\"application\/ld+json\" class=\"yoast-schema-graph\">{\"@context\":\"https:\/\/schema.org\",\"@graph\":[{\"@type\":\"WebPage\",\"@id\":\"https:\/\/somllavors.com\/es\/producte\/deportivas-barefoot-veleta-hielo-navy-zapy\",\"url\":\"https:\/\/somllavors.com\/es\/producte\/deportivas-barefoot-veleta-hielo-navy-zapy\",\"name\":\"Deportivas Barefoot Veleta Hielo-Navy - Zapy &#8212; Som Llavors\",\"isPartOf\":{\"@id\":\"https:\/\/somllavors.com\/es#website\"},\"primaryImageOfPage\":{\"@id\":\"https:\/\/somllavors.com\/es\/producte\/deportivas-barefoot-veleta-hielo-navy-zapy#primaryimage\"},\"image\":{\"@id\":\"https:\/\/somllavors.com\/es\/producte\/deportivas-barefoot-veleta-hielo-navy-zapy#primaryimage\"},\"thumbnailUrl\":\"https:\/\/somllavors.com\/wp-content\/uploads\/2026\/03\/AL212029-HIELO-NAVY-L2107.jpg\",\"datePublished\":\"2026-03-21T10:07:59+00:00\",\"description\":\"Estilo retro, comodidad absoluta y el m\u00e1ximo respeto por el desarrollo del pie. Las deportivas de la l\u00ednea Veleta de Zapy est\u00e1n dise\u00f1adas para ofrecer toda la protecci\u00f3n necesaria sin interferir en el movimiento natural del pie del ni\u00f1o, gracias a su construcci\u00f3n totalmente barefoot. Caracter\u00edsticas Principales: Filosof\u00eda Barefoot: Dise\u00f1adas siguiendo criterios podol\u00f3gicos respetuosos. La horma es amplia en la parte delantera, permitiendo que los dedos se abran de forma natural (como cuando vamos descalzos). Materiales Combinados Premium: Fabricadas con microfibra de gran calidad de color \\\"hielo\\\" (blanco roto) como base, y detalles en tonos mostaza, navy y gris, ofreciendo un \\\"look\\\" deportivo y actual. Suela \\\"Cero Drop\\\" Totalmente Flexible: La suela es completamente plana (sin desnivel del tal\u00f3n en la punta) y extremadamente flexible en las zonas de metatarsianos, favoreciendo una pisada fisiol\u00f3gica. Ajuste con Velcro y Cordones El\u00e1sticos: Dispone de una tira de velcro en la parte superior combinada con cordones el\u00e1sticos decorativos. Esto asegura un ajuste perfecto y facilita la autonom\u00eda del ni\u00f1o al calzarse solo. Comodidad y Transpirabilidad: El interior est\u00e1 forrado para ofrecer una experiencia suave, y los detalles de la puntera perforada mejoran la ventilaci\u00f3n del pie.\",\"breadcrumb\":{\"@id\":\"https:\/\/somllavors.com\/es\/producte\/deportivas-barefoot-veleta-hielo-navy-zapy#breadcrumb\"},\"inLanguage\":\"es\",\"potentialAction\":[{\"@type\":\"ReadAction\",\"target\":[\"https:\/\/somllavors.com\/es\/producte\/deportivas-barefoot-veleta-hielo-navy-zapy\"]}]},{\"@type\":\"ImageObject\",\"inLanguage\":\"es\",\"@id\":\"https:\/\/somllavors.com\/es\/producte\/deportivas-barefoot-veleta-hielo-navy-zapy#primaryimage\",\"url\":\"https:\/\/somllavors.com\/wp-content\/uploads\/2026\/03\/AL212029-HIELO-NAVY-L2107.jpg\",\"contentUrl\":\"https:\/\/somllavors.com\/wp-content\/uploads\/2026\/03\/AL212029-HIELO-NAVY-L2107.jpg\",\"width\":1000,\"height\":1000,\"caption\":\"Zapy deportivas hielo navy\"},{\"@type\":\"BreadcrumbList\",\"@id\":\"https:\/\/somllavors.com\/es\/producte\/deportivas-barefoot-veleta-hielo-navy-zapy#breadcrumb\",\"itemListElement\":[{\"@type\":\"ListItem\",\"position\":1,\"name\":\"Inici\",\"item\":\"https:\/\/somllavors.com\/es\"},{\"@type\":\"ListItem\",\"position\":2,\"name\":\"Tienda\",\"item\":\"https:\/\/somllavors.com\/es\/botiga-2\"},{\"@type\":\"ListItem\",\"position\":3,\"name\":\"Deportivas Barefoot Veleta Hielo-Navy &#8211; Zapy\"}]},{\"@type\":\"WebSite\",\"@id\":\"https:\/\/somllavors.com\/es#website\",\"url\":\"https:\/\/somllavors.com\/es\",\"name\":\"Som Llavors\",\"description\":\"Botiga de crian\u00e7a natural\",\"publisher\":{\"@id\":\"https:\/\/somllavors.com\/es#organization\"},\"alternateName\":\"Crian\u00e7a Natural i Sostenible\",\"potentialAction\":[{\"@type\":\"SearchAction\",\"target\":{\"@type\":\"EntryPoint\",\"urlTemplate\":\"https:\/\/somllavors.com\/es?s={search_term_string}\"},\"query-input\":{\"@type\":\"PropertyValueSpecification\",\"valueRequired\":true,\"valueName\":\"search_term_string\"}}],\"inLanguage\":\"es\"},{\"@type\":[\"Organization\",\"Place\",\"Store\"],\"@id\":\"https:\/\/somllavors.com\/es#organization\",\"name\":\"Som Llavors\",\"alternateName\":\"Crian\u00e7a Natural i Sostenible\",\"url\":\"https:\/\/somllavors.com\/es\",\"logo\":{\"@id\":\"https:\/\/somllavors.com\/es\/producte\/deportivas-barefoot-veleta-hielo-navy-zapy#local-main-organization-logo\"},\"image\":{\"@id\":\"https:\/\/somllavors.com\/es\/producte\/deportivas-barefoot-veleta-hielo-navy-zapy#local-main-organization-logo\"},\"sameAs\":[\"https:\/\/www.facebook.com\/somllavorsvng\/?locale=ca_ES\",\"https:\/\/www.instagram.com\/somllavors_vng\/\",\"https:\/\/www.youtube.com\/@somllavors\"],\"address\":{\"@id\":\"https:\/\/somllavors.com\/es\/producte\/deportivas-barefoot-veleta-hielo-navy-zapy#local-main-place-address\"},\"geo\":{\"@type\":\"GeoCoordinates\",\"latitude\":\"41.2257737\",\"longitude\":\"1.723258859\"},\"telephone\":[\"623152704\"],\"openingHoursSpecification\":[{\"@type\":\"OpeningHoursSpecification\",\"dayOfWeek\":[\"Monday\",\"Sunday\"],\"opens\":\"00:00\",\"closes\":\"00:00\"},{\"@type\":\"OpeningHoursSpecification\",\"dayOfWeek\":[\"Tuesday\",\"Wednesday\",\"Thursday\",\"Friday\"],\"opens\":\"10:00\",\"closes\":\"20:00\"},{\"@type\":\"OpeningHoursSpecification\",\"dayOfWeek\":[\"Saturday\"],\"opens\":\"10:00\",\"closes\":\"13:30\"}],\"email\":\"info@somllavors.com\"},{\"@type\":\"PostalAddress\",\"@id\":\"https:\/\/somllavors.com\/es\/producte\/deportivas-barefoot-veleta-hielo-navy-zapy#local-main-place-address\",\"streetAddress\":\"Carrer de l'aigua, 6\",\"addressLocality\":\"Vilanova i la Geltr\u00fa\",\"postalCode\":\"08800\",\"addressRegion\":\"Barcelona\",\"addressCountry\":\"ES\"},{\"@type\":\"ImageObject\",\"inLanguage\":\"es\",\"@id\":\"https:\/\/somllavors.com\/es\/producte\/deportivas-barefoot-veleta-hielo-navy-zapy#local-main-organization-logo\",\"url\":\"https:\/\/somllavors.com\/wp-content\/uploads\/Logotip-Som-Llavors.jpg\",\"contentUrl\":\"https:\/\/somllavors.com\/wp-content\/uploads\/Logotip-Som-Llavors.jpg\",\"width\":1444,\"height\":1323,\"caption\":\"Som Llavors\"}]}<\/script>\n<meta property=\"og:availability\" content=\"instock\" \/>\n<meta property=\"product:availability\" content=\"instock\" \/>\n<meta property=\"product:retailer_item_id\" content=\"AL212029\" \/>\n<meta property=\"product:condition\" content=\"new\" \/>\n<meta name=\"geo.placename\" content=\"Vilanova i la Geltr\u00fa\" \/>\n<meta name=\"geo.position\" content=\"41.2257737;1.723258859\" \/>\n<meta name=\"geo.region\" content=\"Espa\u00f1a\" \/>\n<!-- \/ Yoast SEO Premium plugin. -->","yoast_head_json":{"title":"Deportivas Barefoot Veleta Hielo-Navy - Zapy &#8212; Som Llavors","description":"Estilo retro, comodidad absoluta y el m\u00e1ximo respeto por el desarrollo del pie. Las deportivas de la l\u00ednea Veleta de Zapy est\u00e1n dise\u00f1adas para ofrecer toda la protecci\u00f3n necesaria sin interferir en el movimiento natural del pie del ni\u00f1o, gracias a su construcci\u00f3n totalmente barefoot.  Caracter\u00edsticas Principales:   Filosof\u00eda Barefoot: Dise\u00f1adas siguiendo criterios podol\u00f3gicos respetuosos. La horma es amplia en la parte delantera, permitiendo que los dedos se abran de forma natural (como cuando vamos descalzos).   Materiales Combinados Premium: Fabricadas con microfibra de gran calidad de color \"hielo\" (blanco roto) como base, y detalles en tonos mostaza, navy y gris, ofreciendo un \"look\" deportivo y actual.   Suela \"Cero Drop\" Totalmente Flexible: La suela es completamente plana (sin desnivel del tal\u00f3n en la punta) y extremadamente flexible en las zonas de metatarsianos, favoreciendo una pisada fisiol\u00f3gica.   Ajuste con Velcro y Cordones El\u00e1sticos: Dispone de una tira de velcro en la parte superior combinada con cordones el\u00e1sticos decorativos. Esto asegura un ajuste perfecto y facilita la autonom\u00eda del ni\u00f1o al calzarse solo.   Comodidad y Transpirabilidad: El interior est\u00e1 forrado para ofrecer una experiencia suave, y los detalles de la puntera perforada mejoran la ventilaci\u00f3n del pie.","robots":{"index":"index","follow":"follow","max-snippet":"max-snippet:-1","max-image-preview":"max-image-preview:large","max-video-preview":"max-video-preview:-1"},"canonical":"https:\/\/somllavors.com\/es\/producte\/deportivas-barefoot-veleta-hielo-navy-zapy","og_locale":"es_ES","og_type":"article","og_title":"Deportivas Barefoot Veleta Hielo-Navy - Zapy","og_description":"La teva botiga d\u2019ecocrian\u00e7a i espai d\u2019acompanyament a la maternitat","og_url":"https:\/\/somllavors.com\/es\/producte\/deportivas-barefoot-veleta-hielo-navy-zapy","og_site_name":"Som Llavors","article_publisher":"https:\/\/www.facebook.com\/somllavorsvng\/?locale=ca_ES","og_image":[{"width":1000,"height":1000,"url":"https:\/\/somllavors.com\/wp-content\/uploads\/2026\/03\/AL212029-HIELO-NAVY-L2107.jpg","type":"image\/jpeg"}],"twitter_card":"summary_large_image","twitter_misc":{"Availability":"Hay existencias"},"schema":{"@context":"https:\/\/schema.org","@graph":[{"@type":"WebPage","@id":"https:\/\/somllavors.com\/es\/producte\/deportivas-barefoot-veleta-hielo-navy-zapy","url":"https:\/\/somllavors.com\/es\/producte\/deportivas-barefoot-veleta-hielo-navy-zapy","name":"Deportivas Barefoot Veleta Hielo-Navy - Zapy &#8212; Som Llavors","isPartOf":{"@id":"https:\/\/somllavors.com\/es#website"},"primaryImageOfPage":{"@id":"https:\/\/somllavors.com\/es\/producte\/deportivas-barefoot-veleta-hielo-navy-zapy#primaryimage"},"image":{"@id":"https:\/\/somllavors.com\/es\/producte\/deportivas-barefoot-veleta-hielo-navy-zapy#primaryimage"},"thumbnailUrl":"https:\/\/somllavors.com\/wp-content\/uploads\/2026\/03\/AL212029-HIELO-NAVY-L2107.jpg","datePublished":"2026-03-21T10:07:59+00:00","description":"Estilo retro, comodidad absoluta y el m\u00e1ximo respeto por el desarrollo del pie. Las deportivas de la l\u00ednea Veleta de Zapy est\u00e1n dise\u00f1adas para ofrecer toda la protecci\u00f3n necesaria sin interferir en el movimiento natural del pie del ni\u00f1o, gracias a su construcci\u00f3n totalmente barefoot. Caracter\u00edsticas Principales: Filosof\u00eda Barefoot: Dise\u00f1adas siguiendo criterios podol\u00f3gicos respetuosos. La horma es amplia en la parte delantera, permitiendo que los dedos se abran de forma natural (como cuando vamos descalzos). Materiales Combinados Premium: Fabricadas con microfibra de gran calidad de color \"hielo\" (blanco roto) como base, y detalles en tonos mostaza, navy y gris, ofreciendo un \"look\" deportivo y actual. Suela \"Cero Drop\" Totalmente Flexible: La suela es completamente plana (sin desnivel del tal\u00f3n en la punta) y extremadamente flexible en las zonas de metatarsianos, favoreciendo una pisada fisiol\u00f3gica. Ajuste con Velcro y Cordones El\u00e1sticos: Dispone de una tira de velcro en la parte superior combinada con cordones el\u00e1sticos decorativos. Esto asegura un ajuste perfecto y facilita la autonom\u00eda del ni\u00f1o al calzarse solo. Comodidad y Transpirabilidad: El interior est\u00e1 forrado para ofrecer una experiencia suave, y los detalles de la puntera perforada mejoran la ventilaci\u00f3n del pie.","breadcrumb":{"@id":"https:\/\/somllavors.com\/es\/producte\/deportivas-barefoot-veleta-hielo-navy-zapy#breadcrumb"},"inLanguage":"es","potentialAction":[{"@type":"ReadAction","target":["https:\/\/somllavors.com\/es\/producte\/deportivas-barefoot-veleta-hielo-navy-zapy"]}]},{"@type":"ImageObject","inLanguage":"es","@id":"https:\/\/somllavors.com\/es\/producte\/deportivas-barefoot-veleta-hielo-navy-zapy#primaryimage","url":"https:\/\/somllavors.com\/wp-content\/uploads\/2026\/03\/AL212029-HIELO-NAVY-L2107.jpg","contentUrl":"https:\/\/somllavors.com\/wp-content\/uploads\/2026\/03\/AL212029-HIELO-NAVY-L2107.jpg","width":1000,"height":1000,"caption":"Zapy deportivas hielo navy"},{"@type":"BreadcrumbList","@id":"https:\/\/somllavors.com\/es\/producte\/deportivas-barefoot-veleta-hielo-navy-zapy#breadcrumb","itemListElement":[{"@type":"ListItem","position":1,"name":"Inici","item":"https:\/\/somllavors.com\/es"},{"@type":"ListItem","position":2,"name":"Tienda","item":"https:\/\/somllavors.com\/es\/botiga-2"},{"@type":"ListItem","position":3,"name":"Deportivas Barefoot Veleta Hielo-Navy &#8211; Zapy"}]},{"@type":"WebSite","@id":"https:\/\/somllavors.com\/es#website","url":"https:\/\/somllavors.com\/es","name":"Som Llavors","description":"Botiga de crian\u00e7a natural","publisher":{"@id":"https:\/\/somllavors.com\/es#organization"},"alternateName":"Crian\u00e7a Natural i Sostenible","potentialAction":[{"@type":"SearchAction","target":{"@type":"EntryPoint","urlTemplate":"https:\/\/somllavors.com\/es?s={search_term_string}"},"query-input":{"@type":"PropertyValueSpecification","valueRequired":true,"valueName":"search_term_string"}}],"inLanguage":"es"},{"@type":["Organization","Place","Store"],"@id":"https:\/\/somllavors.com\/es#organization","name":"Som Llavors","alternateName":"Crian\u00e7a Natural i Sostenible","url":"https:\/\/somllavors.com\/es","logo":{"@id":"https:\/\/somllavors.com\/es\/producte\/deportivas-barefoot-veleta-hielo-navy-zapy#local-main-organization-logo"},"image":{"@id":"https:\/\/somllavors.com\/es\/producte\/deportivas-barefoot-veleta-hielo-navy-zapy#local-main-organization-logo"},"sameAs":["https:\/\/www.facebook.com\/somllavorsvng\/?locale=ca_ES","https:\/\/www.instagram.com\/somllavors_vng\/","https:\/\/www.youtube.com\/@somllavors"],"address":{"@id":"https:\/\/somllavors.com\/es\/producte\/deportivas-barefoot-veleta-hielo-navy-zapy#local-main-place-address"},"geo":{"@type":"GeoCoordinates","latitude":"41.2257737","longitude":"1.723258859"},"telephone":["623152704","623152704"],"openingHoursSpecification":[{"@type":"OpeningHoursSpecification","dayOfWeek":["Monday","Sunday"],"opens":"00:00","closes":"00:00"},{"@type":"OpeningHoursSpecification","dayOfWeek":["Tuesday","Wednesday","Thursday","Friday"],"opens":"10:00","closes":"20:00"},{"@type":"OpeningHoursSpecification","dayOfWeek":["Saturday"],"opens":"10:00","closes":"13:30"}],"email":"info@somllavors.com"},{"@type":"PostalAddress","@id":"https:\/\/somllavors.com\/es\/producte\/deportivas-barefoot-veleta-hielo-navy-zapy#local-main-place-address","streetAddress":"Carrer de l'aigua, 6","addressLocality":"Vilanova i la Geltr\u00fa","postalCode":"08800","addressRegion":"Barcelona","addressCountry":"ES"},{"@type":"ImageObject","inLanguage":"es","@id":"https:\/\/somllavors.com\/es\/producte\/deportivas-barefoot-veleta-hielo-navy-zapy#local-main-organization-logo","url":"https:\/\/somllavors.com\/wp-content\/uploads\/Logotip-Som-Llavors.jpg","contentUrl":"https:\/\/somllavors.com\/wp-content\/uploads\/Logotip-Som-Llavors.jpg","width":1444,"height":1323,"caption":"Som Llavors"}]},"og_availability":"instock","product_availability":"instock","product_retailer_item_id":"AL212029","product_condition":"new","geo.placename":"Vilanova i la Geltr\u00fa","geo.position":{"lat":"41.2257737","long":"1.723258859"},"geo.region":"Espa\u00f1a"},"brands":[{"id":4639,"name":"Zapy","slug":"zapy"}],"_links":{"self":[{"href":"https:\/\/somllavors.com\/es\/wp-json\/wp\/v2\/product\/90680","targetHints":{"allow":["GET"]}}],"collection":[{"href":"https:\/\/somllavors.com\/es\/wp-json\/wp\/v2\/product"}],"about":[{"href":"https:\/\/somllavors.com\/es\/wp-json\/wp\/v2\/types\/product"}],"wp:featuredmedia":[{"embeddable":true,"href":"https:\/\/somllavors.com\/es\/wp-json\/wp\/v2\/media\/89961"}],"wp:attachment":[{"href":"https:\/\/somllavors.com\/es\/wp-json\/wp\/v2\/media?parent=90680"}],"wp:term":[{"taxonomy":"pwb-brand","embeddable":true,"href":"https:\/\/somllavors.com\/es\/wp-json\/wp\/v2\/pwb-brand?post=90680"},{"taxonomy":"product_brand","embeddable":true,"href":"https:\/\/somllavors.com\/es\/wp-json\/wp\/v2\/product_brand?post=90680"},{"taxonomy":"product_cat","embeddable":true,"href":"https:\/\/somllavors.com\/es\/wp-json\/wp\/v2\/product_cat?post=90680"},{"taxonomy":"product_tag","embeddable":true,"href":"https:\/\/somllavors.com\/es\/wp-json\/wp\/v2\/product_tag?post=90680"}],"curies":[{"name":"wp","href":"https:\/\/api.w.org\/{rel}","templated":true}]}}