{"id":90813,"date":"2026-03-13T19:42:26","date_gmt":"2026-03-13T18:42:26","guid":{"rendered":"https:\/\/somllavors.com\/producte\/fast-i-pink-adultos-saguaro"},"modified":"2026-03-13T19:42:26","modified_gmt":"2026-03-13T18:42:26","slug":"fast-i-pink-adultos-saguaro","status":"publish","type":"product","link":"https:\/\/somllavors.com\/es\/producte\/fast-i-pink-adultos-saguaro","title":{"rendered":"Fast I Pink Adultos &#8211; Saguaro"},"content":{"rendered":"<ul>\n<li data-start=\"649\" data-end=\"953\">La suela fina y con drop cero mantiene el pie en una posici\u00f3n plana, ayudando a respetar la postura natural y facilitando una mejor percepci\u00f3n del terreno. Es un calzado vers\u00e1til adecuado tanto para el d\u00eda a d\u00eda como para actividades deportivas, paseos o entornos acu\u00e1ticos. <\/li>\n<li data-start=\"649\" data-end=\"953\">Est\u00e1 fabricado con materiales flexibles y transpirables, con suela de caucho natural y una estructura que se adapta al pie como si fuera un calcet\u00edn. Adem\u00e1s, es un modelo muy ligero y de r\u00e1pido secado, ideal para un uso activo y cotidiano. <\/li>\n<\/ul>\n<p>Caracter\u00edsticas:<\/p>\n<ul>\n<li data-start=\"1221\" data-end=\"1467\">Calzado barefoot con suela flexible y drop cero<\/li>\n<li data-start=\"1221\" data-end=\"1467\">Puntera ancha para respetar la forma natural del pie<\/li>\n<li data-start=\"1221\" data-end=\"1467\">Muy ligero y adaptable<\/li>\n<li data-start=\"1221\" data-end=\"1467\">Materiales transpirables y de secado r\u00e1pido<\/li>\n<li data-start=\"1221\" data-end=\"1467\">Apto para uso diario, deporte y actividades acu\u00e1ticas<\/li>\n<\/ul>\n<p data-start=\"1469\" data-end=\"1608\">Una opci\u00f3n c\u00f3moda y funcional para personas que buscan reconectar con el movimiento natural del cuerpo y apostar por un calzado m\u00e1s respetuoso.<\/p>\n","protected":false},"excerpt":{"rendered":"<p data-start=\"179\" data-end=\"361\">El modelo Fast I de Saguaro es un calzado barefoot pensado para ofrecer una experiencia lo m\u00e1s cercana posible a andar descalzo, respetando el movimiento natural del pie en el d\u00eda a d\u00eda.<\/p>\n<ul>\n<li data-start=\"363\" data-end=\"647\">Su dise\u00f1o ligero y flexible permite que el pie se mueva con libertad, mientras que la puntera ancha deja espacio para que los dedos se expandan de forma natural. Esto favorece el equilibrio y una pisada m\u00e1s consciente. <\/li>\n<\/ul>\n","protected":false},"featured_media":89752,"template":"","meta":{"_acf_changed":false,"site-sidebar-layout":"default","site-content-layout":"","ast-site-content-layout":"default","site-content-style":"default","site-sidebar-style":"default","ast-global-header-display":"","ast-banner-title-visibility":"","ast-main-header-display":"","ast-hfb-above-header-display":"","ast-hfb-below-header-display":"","ast-hfb-mobile-header-display":"","site-post-title":"","ast-breadcrumbs-content":"","ast-featured-img":"","footer-sml-layout":"","theme-transparent-header-meta":"default","adv-header-id-meta":"","stick-header-meta":"","header-above-stick-meta":"","header-main-stick-meta":"","header-below-stick-meta":"","astra-migrate-meta-layouts":"default","ast-page-background-enabled":"default","ast-page-background-meta":{"desktop":{"background-color":"","background-image":"","background-repeat":"repeat","background-position":"center center","background-size":"auto","background-attachment":"scroll","background-type":"","background-media":"","overlay-type":"","overlay-color":"","overlay-opacity":"","overlay-gradient":""},"tablet":{"background-color":"","background-image":"","background-repeat":"repeat","background-position":"center center","background-size":"auto","background-attachment":"scroll","background-type":"","background-media":"","overlay-type":"","overlay-color":"","overlay-opacity":"","overlay-gradient":""},"mobile":{"background-color":"","background-image":"","background-repeat":"repeat","background-position":"center center","background-size":"auto","background-attachment":"scroll","background-type":"","background-media":"","overlay-type":"","overlay-color":"","overlay-opacity":"","overlay-gradient":""}},"ast-content-background-meta":{"desktop":{"background-color":"var(--ast-global-color-5)","background-image":"","background-repeat":"repeat","background-position":"center center","background-size":"auto","background-attachment":"scroll","background-type":"","background-media":"","overlay-type":"","overlay-color":"","overlay-opacity":"","overlay-gradient":""},"tablet":{"background-color":"var(--ast-global-color-5)","background-image":"","background-repeat":"repeat","background-position":"center center","background-size":"auto","background-attachment":"scroll","background-type":"","background-media":"","overlay-type":"","overlay-color":"","overlay-opacity":"","overlay-gradient":""},"mobile":{"background-color":"var(--ast-global-color-5)","background-image":"","background-repeat":"repeat","background-position":"center center","background-size":"auto","background-attachment":"scroll","background-type":"","background-media":"","overlay-type":"","overlay-color":"","overlay-opacity":"","overlay-gradient":""}}},"pwb-brand":[4679],"product_brand":[],"product_cat":[4833,4832],"product_tag":[5502],"class_list":{"0":"post-90813","1":"product","2":"type-product","3":"status-publish","4":"has-post-thumbnail","6":"pwb-brand-saguaro","7":"product_cat-adultos-es","8":"product_cat-saguaro-es","9":"product_tag-fast-i","10":"pa_talla-36-es","11":"pa_talla-37-es","12":"pa_talla-38-es","13":"pa_talla-39-es","14":"pa_talla-40-es","15":"pa_talla-41-es","16":"desktop-align-left","17":"tablet-align-left","18":"mobile-align-left","20":"first","21":"instock","22":"taxable","23":"shipping-taxable","24":"purchasable","25":"product-type-variable"},"acf":[],"yoast_head":"<!-- This site is optimized with the Yoast SEO Premium plugin v18.3 (Yoast SEO v26.2) - https:\/\/yoast.com\/wordpress\/plugins\/seo\/ -->\n<title>Fast I Pink Adultos - Saguaro &#8212; Som Llavors<\/title>\n<meta name=\"description\" content=\"El modelo Fast I de Saguaro es un calzado barefoot pensado para ofrecer una experiencia lo m\u00e1s cercana posible a andar descalzo, respetando el movimiento natural del pie en el d\u00eda a d\u00eda.   Su dise\u00f1o ligero y flexible permite que el pie se mueva con libertad, mientras que la puntera ancha deja espacio para que los dedos se expandan de forma natural. Esto favorece el equilibrio y una pisada m\u00e1s consciente.\" \/>\n<meta name=\"robots\" content=\"index, follow, max-snippet:-1, max-image-preview:large, max-video-preview:-1\" \/>\n<link rel=\"canonical\" href=\"https:\/\/somllavors.com\/es\/producte\/fast-i-pink-adultos-saguaro\" \/>\n<meta property=\"og:locale\" content=\"es_ES\" \/>\n<meta property=\"og:type\" content=\"article\" \/>\n<meta property=\"og:title\" content=\"Fast I Pink Adultos - Saguaro\" \/>\n<meta property=\"og:description\" content=\"La teva botiga d\u2019ecocrian\u00e7a i espai d\u2019acompanyament a la maternitat\" \/>\n<meta property=\"og:url\" content=\"https:\/\/somllavors.com\/es\/producte\/fast-i-pink-adultos-saguaro\" \/>\n<meta property=\"og:site_name\" content=\"Som Llavors\" \/>\n<meta property=\"article:publisher\" content=\"https:\/\/www.facebook.com\/somllavorsvng\/?locale=ca_ES\" \/>\n<meta property=\"og:image\" content=\"https:\/\/somllavors.com\/wp-content\/uploads\/2026\/03\/Bosonogi-sportni-cevlji-Saguaro-XZA32PI-8.webp\" \/>\n\t<meta property=\"og:image:width\" content=\"1500\" \/>\n\t<meta property=\"og:image:height\" content=\"1500\" \/>\n\t<meta property=\"og:image:type\" content=\"image\/webp\" \/>\n<meta name=\"twitter:card\" content=\"summary_large_image\" \/>\n<meta name=\"twitter:label1\" content=\"Availability\" \/>\n\t<meta name=\"twitter:data1\" content=\"Hay existencias\" \/>\n<script type=\"application\/ld+json\" class=\"yoast-schema-graph\">{\"@context\":\"https:\/\/schema.org\",\"@graph\":[{\"@type\":\"WebPage\",\"@id\":\"https:\/\/somllavors.com\/es\/producte\/fast-i-pink-adultos-saguaro\",\"url\":\"https:\/\/somllavors.com\/es\/producte\/fast-i-pink-adultos-saguaro\",\"name\":\"Fast I Pink Adultos - Saguaro &#8212; Som Llavors\",\"isPartOf\":{\"@id\":\"https:\/\/somllavors.com\/es#website\"},\"primaryImageOfPage\":{\"@id\":\"https:\/\/somllavors.com\/es\/producte\/fast-i-pink-adultos-saguaro#primaryimage\"},\"image\":{\"@id\":\"https:\/\/somllavors.com\/es\/producte\/fast-i-pink-adultos-saguaro#primaryimage\"},\"thumbnailUrl\":\"https:\/\/somllavors.com\/wp-content\/uploads\/2026\/03\/Bosonogi-sportni-cevlji-Saguaro-XZA32PI-8.webp\",\"datePublished\":\"2026-03-13T18:42:26+00:00\",\"description\":\"El modelo Fast I de Saguaro es un calzado barefoot pensado para ofrecer una experiencia lo m\u00e1s cercana posible a andar descalzo, respetando el movimiento natural del pie en el d\u00eda a d\u00eda. Su dise\u00f1o ligero y flexible permite que el pie se mueva con libertad, mientras que la puntera ancha deja espacio para que los dedos se expandan de forma natural. Esto favorece el equilibrio y una pisada m\u00e1s consciente.\",\"breadcrumb\":{\"@id\":\"https:\/\/somllavors.com\/es\/producte\/fast-i-pink-adultos-saguaro#breadcrumb\"},\"inLanguage\":\"es\",\"potentialAction\":[{\"@type\":\"ReadAction\",\"target\":[\"https:\/\/somllavors.com\/es\/producte\/fast-i-pink-adultos-saguaro\"]}]},{\"@type\":\"ImageObject\",\"inLanguage\":\"es\",\"@id\":\"https:\/\/somllavors.com\/es\/producte\/fast-i-pink-adultos-saguaro#primaryimage\",\"url\":\"https:\/\/somllavors.com\/wp-content\/uploads\/2026\/03\/Bosonogi-sportni-cevlji-Saguaro-XZA32PI-8.webp\",\"contentUrl\":\"https:\/\/somllavors.com\/wp-content\/uploads\/2026\/03\/Bosonogi-sportni-cevlji-Saguaro-XZA32PI-8.webp\",\"width\":1500,\"height\":1500,\"caption\":\"Fast I Pink\"},{\"@type\":\"BreadcrumbList\",\"@id\":\"https:\/\/somllavors.com\/es\/producte\/fast-i-pink-adultos-saguaro#breadcrumb\",\"itemListElement\":[{\"@type\":\"ListItem\",\"position\":1,\"name\":\"Inici\",\"item\":\"https:\/\/somllavors.com\/es\"},{\"@type\":\"ListItem\",\"position\":2,\"name\":\"Tienda\",\"item\":\"https:\/\/somllavors.com\/es\/botiga-2\"},{\"@type\":\"ListItem\",\"position\":3,\"name\":\"Fast I Pink Adultos &#8211; Saguaro\"}]},{\"@type\":\"WebSite\",\"@id\":\"https:\/\/somllavors.com\/es#website\",\"url\":\"https:\/\/somllavors.com\/es\",\"name\":\"Som Llavors\",\"description\":\"Botiga de crian\u00e7a natural\",\"publisher\":{\"@id\":\"https:\/\/somllavors.com\/es#organization\"},\"alternateName\":\"Crian\u00e7a Natural i Sostenible\",\"potentialAction\":[{\"@type\":\"SearchAction\",\"target\":{\"@type\":\"EntryPoint\",\"urlTemplate\":\"https:\/\/somllavors.com\/es?s={search_term_string}\"},\"query-input\":{\"@type\":\"PropertyValueSpecification\",\"valueRequired\":true,\"valueName\":\"search_term_string\"}}],\"inLanguage\":\"es\"},{\"@type\":[\"Organization\",\"Place\",\"Store\"],\"@id\":\"https:\/\/somllavors.com\/es#organization\",\"name\":\"Som Llavors\",\"alternateName\":\"Crian\u00e7a Natural i Sostenible\",\"url\":\"https:\/\/somllavors.com\/es\",\"logo\":{\"@id\":\"https:\/\/somllavors.com\/es\/producte\/fast-i-pink-adultos-saguaro#local-main-organization-logo\"},\"image\":{\"@id\":\"https:\/\/somllavors.com\/es\/producte\/fast-i-pink-adultos-saguaro#local-main-organization-logo\"},\"sameAs\":[\"https:\/\/www.facebook.com\/somllavorsvng\/?locale=ca_ES\",\"https:\/\/www.instagram.com\/somllavors_vng\/\",\"https:\/\/www.youtube.com\/@somllavors\"],\"address\":{\"@id\":\"https:\/\/somllavors.com\/es\/producte\/fast-i-pink-adultos-saguaro#local-main-place-address\"},\"geo\":{\"@type\":\"GeoCoordinates\",\"latitude\":\"41.2257737\",\"longitude\":\"1.723258859\"},\"telephone\":[\"623152704\"],\"openingHoursSpecification\":[{\"@type\":\"OpeningHoursSpecification\",\"dayOfWeek\":[\"Monday\",\"Sunday\"],\"opens\":\"00:00\",\"closes\":\"00:00\"},{\"@type\":\"OpeningHoursSpecification\",\"dayOfWeek\":[\"Tuesday\",\"Wednesday\",\"Thursday\",\"Friday\"],\"opens\":\"10:00\",\"closes\":\"20:00\"},{\"@type\":\"OpeningHoursSpecification\",\"dayOfWeek\":[\"Saturday\"],\"opens\":\"10:00\",\"closes\":\"13:30\"}],\"email\":\"info@somllavors.com\"},{\"@type\":\"PostalAddress\",\"@id\":\"https:\/\/somllavors.com\/es\/producte\/fast-i-pink-adultos-saguaro#local-main-place-address\",\"streetAddress\":\"Carrer de l'aigua, 6\",\"addressLocality\":\"Vilanova i la Geltr\u00fa\",\"postalCode\":\"08800\",\"addressRegion\":\"Barcelona\",\"addressCountry\":\"ES\"},{\"@type\":\"ImageObject\",\"inLanguage\":\"es\",\"@id\":\"https:\/\/somllavors.com\/es\/producte\/fast-i-pink-adultos-saguaro#local-main-organization-logo\",\"url\":\"https:\/\/somllavors.com\/wp-content\/uploads\/Logotip-Som-Llavors.jpg\",\"contentUrl\":\"https:\/\/somllavors.com\/wp-content\/uploads\/Logotip-Som-Llavors.jpg\",\"width\":1444,\"height\":1323,\"caption\":\"Som Llavors\"}]}<\/script>\n<meta property=\"og:availability\" content=\"instock\" \/>\n<meta property=\"product:availability\" content=\"instock\" \/>\n<meta property=\"product:retailer_item_id\" content=\"XZA32PI\" \/>\n<meta property=\"product:condition\" content=\"new\" \/>\n<meta name=\"geo.placename\" content=\"Vilanova i la Geltr\u00fa\" \/>\n<meta name=\"geo.position\" content=\"41.2257737;1.723258859\" \/>\n<meta name=\"geo.region\" content=\"Espa\u00f1a\" \/>\n<!-- \/ Yoast SEO Premium plugin. -->","yoast_head_json":{"title":"Fast I Pink Adultos - Saguaro &#8212; Som Llavors","description":"El modelo Fast I de Saguaro es un calzado barefoot pensado para ofrecer una experiencia lo m\u00e1s cercana posible a andar descalzo, respetando el movimiento natural del pie en el d\u00eda a d\u00eda.   Su dise\u00f1o ligero y flexible permite que el pie se mueva con libertad, mientras que la puntera ancha deja espacio para que los dedos se expandan de forma natural. Esto favorece el equilibrio y una pisada m\u00e1s consciente.","robots":{"index":"index","follow":"follow","max-snippet":"max-snippet:-1","max-image-preview":"max-image-preview:large","max-video-preview":"max-video-preview:-1"},"canonical":"https:\/\/somllavors.com\/es\/producte\/fast-i-pink-adultos-saguaro","og_locale":"es_ES","og_type":"article","og_title":"Fast I Pink Adultos - Saguaro","og_description":"La teva botiga d\u2019ecocrian\u00e7a i espai d\u2019acompanyament a la maternitat","og_url":"https:\/\/somllavors.com\/es\/producte\/fast-i-pink-adultos-saguaro","og_site_name":"Som Llavors","article_publisher":"https:\/\/www.facebook.com\/somllavorsvng\/?locale=ca_ES","og_image":[{"width":1500,"height":1500,"url":"https:\/\/somllavors.com\/wp-content\/uploads\/2026\/03\/Bosonogi-sportni-cevlji-Saguaro-XZA32PI-8.webp","type":"image\/webp"}],"twitter_card":"summary_large_image","twitter_misc":{"Availability":"Hay existencias"},"schema":{"@context":"https:\/\/schema.org","@graph":[{"@type":"WebPage","@id":"https:\/\/somllavors.com\/es\/producte\/fast-i-pink-adultos-saguaro","url":"https:\/\/somllavors.com\/es\/producte\/fast-i-pink-adultos-saguaro","name":"Fast I Pink Adultos - Saguaro &#8212; Som Llavors","isPartOf":{"@id":"https:\/\/somllavors.com\/es#website"},"primaryImageOfPage":{"@id":"https:\/\/somllavors.com\/es\/producte\/fast-i-pink-adultos-saguaro#primaryimage"},"image":{"@id":"https:\/\/somllavors.com\/es\/producte\/fast-i-pink-adultos-saguaro#primaryimage"},"thumbnailUrl":"https:\/\/somllavors.com\/wp-content\/uploads\/2026\/03\/Bosonogi-sportni-cevlji-Saguaro-XZA32PI-8.webp","datePublished":"2026-03-13T18:42:26+00:00","description":"El modelo Fast I de Saguaro es un calzado barefoot pensado para ofrecer una experiencia lo m\u00e1s cercana posible a andar descalzo, respetando el movimiento natural del pie en el d\u00eda a d\u00eda. Su dise\u00f1o ligero y flexible permite que el pie se mueva con libertad, mientras que la puntera ancha deja espacio para que los dedos se expandan de forma natural. Esto favorece el equilibrio y una pisada m\u00e1s consciente.","breadcrumb":{"@id":"https:\/\/somllavors.com\/es\/producte\/fast-i-pink-adultos-saguaro#breadcrumb"},"inLanguage":"es","potentialAction":[{"@type":"ReadAction","target":["https:\/\/somllavors.com\/es\/producte\/fast-i-pink-adultos-saguaro"]}]},{"@type":"ImageObject","inLanguage":"es","@id":"https:\/\/somllavors.com\/es\/producte\/fast-i-pink-adultos-saguaro#primaryimage","url":"https:\/\/somllavors.com\/wp-content\/uploads\/2026\/03\/Bosonogi-sportni-cevlji-Saguaro-XZA32PI-8.webp","contentUrl":"https:\/\/somllavors.com\/wp-content\/uploads\/2026\/03\/Bosonogi-sportni-cevlji-Saguaro-XZA32PI-8.webp","width":1500,"height":1500,"caption":"Fast I Pink"},{"@type":"BreadcrumbList","@id":"https:\/\/somllavors.com\/es\/producte\/fast-i-pink-adultos-saguaro#breadcrumb","itemListElement":[{"@type":"ListItem","position":1,"name":"Inici","item":"https:\/\/somllavors.com\/es"},{"@type":"ListItem","position":2,"name":"Tienda","item":"https:\/\/somllavors.com\/es\/botiga-2"},{"@type":"ListItem","position":3,"name":"Fast I Pink Adultos &#8211; Saguaro"}]},{"@type":"WebSite","@id":"https:\/\/somllavors.com\/es#website","url":"https:\/\/somllavors.com\/es","name":"Som Llavors","description":"Botiga de crian\u00e7a natural","publisher":{"@id":"https:\/\/somllavors.com\/es#organization"},"alternateName":"Crian\u00e7a Natural i Sostenible","potentialAction":[{"@type":"SearchAction","target":{"@type":"EntryPoint","urlTemplate":"https:\/\/somllavors.com\/es?s={search_term_string}"},"query-input":{"@type":"PropertyValueSpecification","valueRequired":true,"valueName":"search_term_string"}}],"inLanguage":"es"},{"@type":["Organization","Place","Store"],"@id":"https:\/\/somllavors.com\/es#organization","name":"Som Llavors","alternateName":"Crian\u00e7a Natural i Sostenible","url":"https:\/\/somllavors.com\/es","logo":{"@id":"https:\/\/somllavors.com\/es\/producte\/fast-i-pink-adultos-saguaro#local-main-organization-logo"},"image":{"@id":"https:\/\/somllavors.com\/es\/producte\/fast-i-pink-adultos-saguaro#local-main-organization-logo"},"sameAs":["https:\/\/www.facebook.com\/somllavorsvng\/?locale=ca_ES","https:\/\/www.instagram.com\/somllavors_vng\/","https:\/\/www.youtube.com\/@somllavors"],"address":{"@id":"https:\/\/somllavors.com\/es\/producte\/fast-i-pink-adultos-saguaro#local-main-place-address"},"geo":{"@type":"GeoCoordinates","latitude":"41.2257737","longitude":"1.723258859"},"telephone":["623152704","623152704"],"openingHoursSpecification":[{"@type":"OpeningHoursSpecification","dayOfWeek":["Monday","Sunday"],"opens":"00:00","closes":"00:00"},{"@type":"OpeningHoursSpecification","dayOfWeek":["Tuesday","Wednesday","Thursday","Friday"],"opens":"10:00","closes":"20:00"},{"@type":"OpeningHoursSpecification","dayOfWeek":["Saturday"],"opens":"10:00","closes":"13:30"}],"email":"info@somllavors.com"},{"@type":"PostalAddress","@id":"https:\/\/somllavors.com\/es\/producte\/fast-i-pink-adultos-saguaro#local-main-place-address","streetAddress":"Carrer de l'aigua, 6","addressLocality":"Vilanova i la Geltr\u00fa","postalCode":"08800","addressRegion":"Barcelona","addressCountry":"ES"},{"@type":"ImageObject","inLanguage":"es","@id":"https:\/\/somllavors.com\/es\/producte\/fast-i-pink-adultos-saguaro#local-main-organization-logo","url":"https:\/\/somllavors.com\/wp-content\/uploads\/Logotip-Som-Llavors.jpg","contentUrl":"https:\/\/somllavors.com\/wp-content\/uploads\/Logotip-Som-Llavors.jpg","width":1444,"height":1323,"caption":"Som Llavors"}]},"og_availability":"instock","product_availability":"instock","product_retailer_item_id":"XZA32PI","product_condition":"new","geo.placename":"Vilanova i la Geltr\u00fa","geo.position":{"lat":"41.2257737","long":"1.723258859"},"geo.region":"Espa\u00f1a"},"brands":[{"id":4679,"name":"Saguaro","slug":"saguaro"}],"_links":{"self":[{"href":"https:\/\/somllavors.com\/es\/wp-json\/wp\/v2\/product\/90813","targetHints":{"allow":["GET"]}}],"collection":[{"href":"https:\/\/somllavors.com\/es\/wp-json\/wp\/v2\/product"}],"about":[{"href":"https:\/\/somllavors.com\/es\/wp-json\/wp\/v2\/types\/product"}],"wp:featuredmedia":[{"embeddable":true,"href":"https:\/\/somllavors.com\/es\/wp-json\/wp\/v2\/media\/89752"}],"wp:attachment":[{"href":"https:\/\/somllavors.com\/es\/wp-json\/wp\/v2\/media?parent=90813"}],"wp:term":[{"taxonomy":"pwb-brand","embeddable":true,"href":"https:\/\/somllavors.com\/es\/wp-json\/wp\/v2\/pwb-brand?post=90813"},{"taxonomy":"product_brand","embeddable":true,"href":"https:\/\/somllavors.com\/es\/wp-json\/wp\/v2\/product_brand?post=90813"},{"taxonomy":"product_cat","embeddable":true,"href":"https:\/\/somllavors.com\/es\/wp-json\/wp\/v2\/product_cat?post=90813"},{"taxonomy":"product_tag","embeddable":true,"href":"https:\/\/somllavors.com\/es\/wp-json\/wp\/v2\/product_tag?post=90813"}],"curies":[{"name":"wp","href":"https:\/\/api.w.org\/{rel}","templated":true}]}}