{"id":90826,"date":"2026-03-04T13:19:07","date_gmt":"2026-03-04T12:19:07","guid":{"rendered":"https:\/\/somllavors.com\/producte\/cuaderno-acuarela-el-jardin-de-moulin"},"modified":"2026-03-04T13:19:07","modified_gmt":"2026-03-04T12:19:07","slug":"cuaderno-acuarela-el-jardin-de-moulin","status":"publish","type":"product","link":"https:\/\/somllavors.com\/es\/producte\/cuaderno-acuarela-el-jardin-de-moulin","title":{"rendered":"Cuaderno acuarela El Jard\u00edn de Moulin"},"content":{"rendered":"<p>Colecci\u00f3n: El Jard\u00ed de Moulin<br \/>\nDimensiones del producto: 21 x 14,7 cm<br \/>\nDetalles del material: 100% algod\u00f3n<br \/>\nMarca: Moulin Roty<br \/>\nMaterial: Cart\u00f3n, Papel<br \/>\nEdad: 3+<\/p>\n","protected":false},"excerpt":{"rendered":"<p>Dibujar flora y fauna se convierte en un juego de ni\u00f1os con este cuaderno de acuarela Moulin Roty, \u00a1tan bonito como pr\u00e1ctico!<\/p>\n<p>Ideal para j\u00f3venes artistas en potencia, este cuaderno de dibujo de tama\u00f1o generoso contiene 30 hojas gruesas, especialmente dise\u00f1adas para acuarela. Gracias a su papel de alta calidad, tanto ni\u00f1os como adultos pueden pintar, mezclar colores y dejar volar su imaginaci\u00f3n sin preocuparse por la deformaci\u00f3n del papel. <\/p>\n<p>Inspirado en la naturaleza, este cuaderno de dibujo es perfecto para dibujar paisajes, animales o simplemente explorar formas y colores. Fomenta la relajaci\u00f3n, la observaci\u00f3n y la creatividad, al tiempo que introduce incluso a los ni\u00f1os m\u00e1s peque\u00f1os en las alegr\u00edas de la pintura en la acuarela. <\/p>\n<p>Este cuaderno de acuarela est\u00e1 fabricado en Francia, respetando la artesan\u00eda tradicional y utilizando materiales de calidad.<\/p>\n<p>Una herramienta maravillosa para descubrir el arte mientras os divert\u00eds, perfecto para cualquier mano curiosa!<\/p>\n","protected":false},"featured_media":89065,"template":"","meta":{"_acf_changed":false,"site-sidebar-layout":"default","site-content-layout":"","ast-site-content-layout":"default","site-content-style":"default","site-sidebar-style":"default","ast-global-header-display":"","ast-banner-title-visibility":"","ast-main-header-display":"","ast-hfb-above-header-display":"","ast-hfb-below-header-display":"","ast-hfb-mobile-header-display":"","site-post-title":"","ast-breadcrumbs-content":"","ast-featured-img":"","footer-sml-layout":"","ast-disable-related-posts":"","theme-transparent-header-meta":"default","adv-header-id-meta":"","stick-header-meta":"","header-above-stick-meta":"","header-main-stick-meta":"","header-below-stick-meta":"","astra-migrate-meta-layouts":"default","ast-page-background-enabled":"default","ast-page-background-meta":{"desktop":{"background-color":"","background-image":"","background-repeat":"repeat","background-position":"center center","background-size":"auto","background-attachment":"scroll","background-type":"","background-media":"","overlay-type":"","overlay-color":"","overlay-opacity":"","overlay-gradient":""},"tablet":{"background-color":"","background-image":"","background-repeat":"repeat","background-position":"center center","background-size":"auto","background-attachment":"scroll","background-type":"","background-media":"","overlay-type":"","overlay-color":"","overlay-opacity":"","overlay-gradient":""},"mobile":{"background-color":"","background-image":"","background-repeat":"repeat","background-position":"center center","background-size":"auto","background-attachment":"scroll","background-type":"","background-media":"","overlay-type":"","overlay-color":"","overlay-opacity":"","overlay-gradient":""}},"ast-content-background-meta":{"desktop":{"background-color":"var(--ast-global-color-5)","background-image":"","background-repeat":"repeat","background-position":"center center","background-size":"auto","background-attachment":"scroll","background-type":"","background-media":"","overlay-type":"","overlay-color":"","overlay-opacity":"","overlay-gradient":""},"tablet":{"background-color":"var(--ast-global-color-5)","background-image":"","background-repeat":"repeat","background-position":"center center","background-size":"auto","background-attachment":"scroll","background-type":"","background-media":"","overlay-type":"","overlay-color":"","overlay-opacity":"","overlay-gradient":""},"mobile":{"background-color":"var(--ast-global-color-5)","background-image":"","background-repeat":"repeat","background-position":"center center","background-size":"auto","background-attachment":"scroll","background-type":"","background-media":"","overlay-type":"","overlay-color":"","overlay-opacity":"","overlay-gradient":""}}},"pwb-brand":[4110],"product_brand":[],"product_cat":[3559],"product_tag":[],"class_list":{"0":"post-90826","1":"product","2":"type-product","3":"status-publish","4":"has-post-thumbnail","6":"pwb-brand-moulin-roty","7":"product_cat-para-pintar-y-manualidades","8":"desktop-align-left","9":"tablet-align-left","10":"mobile-align-left","12":"first","13":"instock","14":"taxable","15":"shipping-taxable","16":"purchasable","17":"product-type-simple"},"acf":[],"yoast_head":"<!-- This site is optimized with the Yoast SEO Premium plugin v18.3 (Yoast SEO v27.4) - https:\/\/yoast.com\/product\/yoast-seo-premium-wordpress\/ -->\n<title>Cuaderno acuarela El Jard\u00edn de Moulin &#8212; Som Llavors<\/title>\n<meta name=\"description\" content=\"Dibujar flora y fauna se convierte en un juego de ni\u00f1os con este cuaderno de acuarela Moulin Roty, \u00a1tan bonito como pr\u00e1ctico! Ideal para j\u00f3venes artistas en potencia, este cuaderno de dibujo de tama\u00f1o generoso contiene 30 hojas gruesas, especialmente dise\u00f1adas para acuarela. Gracias a su papel de alta calidad, tanto ni\u00f1os como adultos pueden pintar, mezclar colores y dejar volar su imaginaci\u00f3n sin preocuparse por la deformaci\u00f3n del papel.  Inspirado en la naturaleza, este cuaderno de dibujo es perfecto para dibujar paisajes, animales o simplemente explorar formas y colores. Fomenta la relajaci\u00f3n, la observaci\u00f3n y la creatividad, al tiempo que introduce incluso a los ni\u00f1os m\u00e1s peque\u00f1os en las alegr\u00edas de la pintura en la acuarela.  Este cuaderno de acuarela est\u00e1 fabricado en Francia, respetando la artesan\u00eda tradicional y utilizando materiales de calidad. Una herramienta maravillosa para descubrir el arte mientras os divert\u00eds, perfecto para cualquier mano curiosa!\" \/>\n<meta name=\"robots\" content=\"index, follow, max-snippet:-1, max-image-preview:large, max-video-preview:-1\" \/>\n<link rel=\"canonical\" href=\"https:\/\/somllavors.com\/es\/producte\/cuaderno-acuarela-el-jardin-de-moulin\" \/>\n<meta property=\"og:locale\" content=\"es_ES\" \/>\n<meta property=\"og:type\" content=\"article\" \/>\n<meta property=\"og:title\" content=\"Cuaderno acuarela El Jard\u00edn de Moulin\" \/>\n<meta property=\"og:description\" content=\"La teva botiga d\u2019ecocrian\u00e7a i espai d\u2019acompanyament a la maternitat\" \/>\n<meta property=\"og:url\" content=\"https:\/\/somllavors.com\/es\/producte\/cuaderno-acuarela-el-jardin-de-moulin\" \/>\n<meta property=\"og:site_name\" content=\"Som Llavors\" \/>\n<meta property=\"article:publisher\" content=\"https:\/\/www.facebook.com\/somllavorsvng\/?locale=ca_ES\" \/>\n<meta property=\"og:image\" content=\"https:\/\/somllavors.com\/wp-content\/uploads\/2026\/03\/RKMP00011157-1.jpg\" \/>\n\t<meta property=\"og:image:width\" content=\"800\" \/>\n\t<meta property=\"og:image:height\" content=\"800\" \/>\n\t<meta property=\"og:image:type\" content=\"image\/jpeg\" \/>\n<meta name=\"twitter:card\" content=\"summary_large_image\" \/>\n<meta name=\"twitter:label1\" content=\"Precio\" \/>\n\t<meta name=\"twitter:data1\" content=\"12,90&euro; Iva incl\u00f2s\" \/>\n\t<meta name=\"twitter:label2\" content=\"Availability\" \/>\n\t<meta name=\"twitter:data2\" content=\"Hay existencias\" \/>\n<script type=\"application\/ld+json\" class=\"yoast-schema-graph\">{\"@context\":\"https:\\\/\\\/schema.org\",\"@graph\":[{\"@type\":\"WebPage\",\"@id\":\"https:\\\/\\\/somllavors.com\\\/es\\\/producte\\\/cuaderno-acuarela-el-jardin-de-moulin\",\"url\":\"https:\\\/\\\/somllavors.com\\\/es\\\/producte\\\/cuaderno-acuarela-el-jardin-de-moulin\",\"name\":\"Cuaderno acuarela El Jard\u00edn de Moulin &#8212; Som Llavors\",\"isPartOf\":{\"@id\":\"https:\\\/\\\/somllavors.com\\\/es#website\"},\"primaryImageOfPage\":{\"@id\":\"https:\\\/\\\/somllavors.com\\\/es\\\/producte\\\/cuaderno-acuarela-el-jardin-de-moulin#primaryimage\"},\"image\":{\"@id\":\"https:\\\/\\\/somllavors.com\\\/es\\\/producte\\\/cuaderno-acuarela-el-jardin-de-moulin#primaryimage\"},\"thumbnailUrl\":\"https:\\\/\\\/somllavors.com\\\/wp-content\\\/uploads\\\/2026\\\/03\\\/RKMP00011157-1.jpg\",\"datePublished\":\"2026-03-04T12:19:07+00:00\",\"description\":\"Dibujar flora y fauna se convierte en un juego de ni\u00f1os con este cuaderno de acuarela Moulin Roty, \u00a1tan bonito como pr\u00e1ctico! Ideal para j\u00f3venes artistas en potencia, este cuaderno de dibujo de tama\u00f1o generoso contiene 30 hojas gruesas, especialmente dise\u00f1adas para acuarela. Gracias a su papel de alta calidad, tanto ni\u00f1os como adultos pueden pintar, mezclar colores y dejar volar su imaginaci\u00f3n sin preocuparse por la deformaci\u00f3n del papel. Inspirado en la naturaleza, este cuaderno de dibujo es perfecto para dibujar paisajes, animales o simplemente explorar formas y colores. Fomenta la relajaci\u00f3n, la observaci\u00f3n y la creatividad, al tiempo que introduce incluso a los ni\u00f1os m\u00e1s peque\u00f1os en las alegr\u00edas de la pintura en la acuarela. Este cuaderno de acuarela est\u00e1 fabricado en Francia, respetando la artesan\u00eda tradicional y utilizando materiales de calidad. Una herramienta maravillosa para descubrir el arte mientras os divert\u00eds, perfecto para cualquier mano curiosa!\",\"breadcrumb\":{\"@id\":\"https:\\\/\\\/somllavors.com\\\/es\\\/producte\\\/cuaderno-acuarela-el-jardin-de-moulin#breadcrumb\"},\"inLanguage\":\"es\",\"potentialAction\":[{\"@type\":\"ReadAction\",\"target\":[\"https:\\\/\\\/somllavors.com\\\/es\\\/producte\\\/cuaderno-acuarela-el-jardin-de-moulin\"]}]},{\"@type\":\"ImageObject\",\"inLanguage\":\"es\",\"@id\":\"https:\\\/\\\/somllavors.com\\\/es\\\/producte\\\/cuaderno-acuarela-el-jardin-de-moulin#primaryimage\",\"url\":\"https:\\\/\\\/somllavors.com\\\/wp-content\\\/uploads\\\/2026\\\/03\\\/RKMP00011157-1.jpg\",\"contentUrl\":\"https:\\\/\\\/somllavors.com\\\/wp-content\\\/uploads\\\/2026\\\/03\\\/RKMP00011157-1.jpg\",\"width\":800,\"height\":800,\"caption\":\"quadern aquarel\u00b7la\"},{\"@type\":\"BreadcrumbList\",\"@id\":\"https:\\\/\\\/somllavors.com\\\/es\\\/producte\\\/cuaderno-acuarela-el-jardin-de-moulin#breadcrumb\",\"itemListElement\":[{\"@type\":\"ListItem\",\"position\":1,\"name\":\"Inici\",\"item\":\"https:\\\/\\\/somllavors.com\\\/es\"},{\"@type\":\"ListItem\",\"position\":2,\"name\":\"Tienda\",\"item\":\"https:\\\/\\\/somllavors.com\\\/es\\\/botiga-2\"},{\"@type\":\"ListItem\",\"position\":3,\"name\":\"Cuaderno acuarela El Jard\u00edn de Moulin\"}]},{\"@type\":\"WebSite\",\"@id\":\"https:\\\/\\\/somllavors.com\\\/es#website\",\"url\":\"https:\\\/\\\/somllavors.com\\\/es\",\"name\":\"Som Llavors\",\"description\":\"Botiga de crian\u00e7a natural\",\"publisher\":{\"@id\":\"https:\\\/\\\/somllavors.com\\\/es#organization\"},\"alternateName\":\"Crian\u00e7a Natural i Sostenible\",\"potentialAction\":[{\"@type\":\"SearchAction\",\"target\":{\"@type\":\"EntryPoint\",\"urlTemplate\":\"https:\\\/\\\/somllavors.com\\\/es?s={search_term_string}\"},\"query-input\":{\"@type\":\"PropertyValueSpecification\",\"valueRequired\":true,\"valueName\":\"search_term_string\"}}],\"inLanguage\":\"es\"},{\"@type\":[\"Organization\",\"Place\",\"Store\"],\"@id\":\"https:\\\/\\\/somllavors.com\\\/es#organization\",\"name\":\"Som Llavors\",\"alternateName\":\"Crian\u00e7a Natural i Sostenible\",\"url\":\"https:\\\/\\\/somllavors.com\\\/es\",\"logo\":{\"@id\":\"https:\\\/\\\/somllavors.com\\\/es\\\/producte\\\/cuaderno-acuarela-el-jardin-de-moulin#local-main-organization-logo\"},\"image\":{\"@id\":\"https:\\\/\\\/somllavors.com\\\/es\\\/producte\\\/cuaderno-acuarela-el-jardin-de-moulin#local-main-organization-logo\"},\"sameAs\":[\"https:\\\/\\\/www.facebook.com\\\/somllavorsvng\\\/?locale=ca_ES\",\"https:\\\/\\\/www.instagram.com\\\/somllavors_vng\\\/\",\"https:\\\/\\\/www.youtube.com\\\/@somllavors\"],\"address\":{\"@id\":\"https:\\\/\\\/somllavors.com\\\/es\\\/producte\\\/cuaderno-acuarela-el-jardin-de-moulin#local-main-place-address\"},\"geo\":{\"@type\":\"GeoCoordinates\",\"latitude\":\"41.2257737\",\"longitude\":\"1.723258859\"},\"telephone\":[\"623152704\"],\"openingHoursSpecification\":[{\"@type\":\"OpeningHoursSpecification\",\"dayOfWeek\":[\"Monday\",\"Sunday\"],\"opens\":\"00:00\",\"closes\":\"00:00\"},{\"@type\":\"OpeningHoursSpecification\",\"dayOfWeek\":[\"Tuesday\",\"Wednesday\",\"Thursday\",\"Friday\"],\"opens\":\"10:00\",\"closes\":\"20:00\"},{\"@type\":\"OpeningHoursSpecification\",\"dayOfWeek\":[\"Saturday\"],\"opens\":\"10:00\",\"closes\":\"13:30\"}],\"email\":\"info@somllavors.com\"},{\"@type\":\"PostalAddress\",\"@id\":\"https:\\\/\\\/somllavors.com\\\/es\\\/producte\\\/cuaderno-acuarela-el-jardin-de-moulin#local-main-place-address\",\"streetAddress\":\"Carrer de l'aigua, 6\",\"addressLocality\":\"Vilanova i la Geltr\u00fa\",\"postalCode\":\"08800\",\"addressRegion\":\"Barcelona\",\"addressCountry\":\"ES\"},{\"@type\":\"ImageObject\",\"inLanguage\":\"es\",\"@id\":\"https:\\\/\\\/somllavors.com\\\/es\\\/producte\\\/cuaderno-acuarela-el-jardin-de-moulin#local-main-organization-logo\",\"url\":\"https:\\\/\\\/somllavors.com\\\/wp-content\\\/uploads\\\/Logotip-Som-Llavors.jpg\",\"contentUrl\":\"https:\\\/\\\/somllavors.com\\\/wp-content\\\/uploads\\\/Logotip-Som-Llavors.jpg\",\"width\":1444,\"height\":1323,\"caption\":\"Som Llavors\"}]}<\/script>\n<meta property=\"product:price:amount\" content=\"12.90\" \/>\n<meta property=\"product:price:currency\" content=\"EUR\" \/>\n<meta property=\"og:availability\" content=\"instock\" \/>\n<meta property=\"product:availability\" content=\"instock\" \/>\n<meta property=\"product:retailer_item_id\" content=\"712616\" \/>\n<meta property=\"product:condition\" content=\"new\" \/>\n<meta name=\"geo.placename\" content=\"Vilanova i la Geltr\u00fa\" \/>\n<meta name=\"geo.position\" content=\"41.2257737;1.723258859\" \/>\n<meta name=\"geo.region\" content=\"Espa\u00f1a\" \/>\n<!-- \/ Yoast SEO Premium plugin. -->","yoast_head_json":{"title":"Cuaderno acuarela El Jard\u00edn de Moulin &#8212; Som Llavors","description":"Dibujar flora y fauna se convierte en un juego de ni\u00f1os con este cuaderno de acuarela Moulin Roty, \u00a1tan bonito como pr\u00e1ctico! Ideal para j\u00f3venes artistas en potencia, este cuaderno de dibujo de tama\u00f1o generoso contiene 30 hojas gruesas, especialmente dise\u00f1adas para acuarela. Gracias a su papel de alta calidad, tanto ni\u00f1os como adultos pueden pintar, mezclar colores y dejar volar su imaginaci\u00f3n sin preocuparse por la deformaci\u00f3n del papel.  Inspirado en la naturaleza, este cuaderno de dibujo es perfecto para dibujar paisajes, animales o simplemente explorar formas y colores. Fomenta la relajaci\u00f3n, la observaci\u00f3n y la creatividad, al tiempo que introduce incluso a los ni\u00f1os m\u00e1s peque\u00f1os en las alegr\u00edas de la pintura en la acuarela.  Este cuaderno de acuarela est\u00e1 fabricado en Francia, respetando la artesan\u00eda tradicional y utilizando materiales de calidad. Una herramienta maravillosa para descubrir el arte mientras os divert\u00eds, perfecto para cualquier mano curiosa!","robots":{"index":"index","follow":"follow","max-snippet":"max-snippet:-1","max-image-preview":"max-image-preview:large","max-video-preview":"max-video-preview:-1"},"canonical":"https:\/\/somllavors.com\/es\/producte\/cuaderno-acuarela-el-jardin-de-moulin","og_locale":"es_ES","og_type":"article","og_title":"Cuaderno acuarela El Jard\u00edn de Moulin","og_description":"La teva botiga d\u2019ecocrian\u00e7a i espai d\u2019acompanyament a la maternitat","og_url":"https:\/\/somllavors.com\/es\/producte\/cuaderno-acuarela-el-jardin-de-moulin","og_site_name":"Som Llavors","article_publisher":"https:\/\/www.facebook.com\/somllavorsvng\/?locale=ca_ES","og_image":[{"width":800,"height":800,"url":"https:\/\/somllavors.com\/wp-content\/uploads\/2026\/03\/RKMP00011157-1.jpg","type":"image\/jpeg"}],"twitter_card":"summary_large_image","twitter_misc":{"Precio":"12,90&euro; Iva incl\u00f2s","Availability":"Hay existencias"},"schema":{"@context":"https:\/\/schema.org","@graph":[{"@type":"WebPage","@id":"https:\/\/somllavors.com\/es\/producte\/cuaderno-acuarela-el-jardin-de-moulin","url":"https:\/\/somllavors.com\/es\/producte\/cuaderno-acuarela-el-jardin-de-moulin","name":"Cuaderno acuarela El Jard\u00edn de Moulin &#8212; Som Llavors","isPartOf":{"@id":"https:\/\/somllavors.com\/es#website"},"primaryImageOfPage":{"@id":"https:\/\/somllavors.com\/es\/producte\/cuaderno-acuarela-el-jardin-de-moulin#primaryimage"},"image":{"@id":"https:\/\/somllavors.com\/es\/producte\/cuaderno-acuarela-el-jardin-de-moulin#primaryimage"},"thumbnailUrl":"https:\/\/somllavors.com\/wp-content\/uploads\/2026\/03\/RKMP00011157-1.jpg","datePublished":"2026-03-04T12:19:07+00:00","description":"Dibujar flora y fauna se convierte en un juego de ni\u00f1os con este cuaderno de acuarela Moulin Roty, \u00a1tan bonito como pr\u00e1ctico! Ideal para j\u00f3venes artistas en potencia, este cuaderno de dibujo de tama\u00f1o generoso contiene 30 hojas gruesas, especialmente dise\u00f1adas para acuarela. Gracias a su papel de alta calidad, tanto ni\u00f1os como adultos pueden pintar, mezclar colores y dejar volar su imaginaci\u00f3n sin preocuparse por la deformaci\u00f3n del papel. Inspirado en la naturaleza, este cuaderno de dibujo es perfecto para dibujar paisajes, animales o simplemente explorar formas y colores. Fomenta la relajaci\u00f3n, la observaci\u00f3n y la creatividad, al tiempo que introduce incluso a los ni\u00f1os m\u00e1s peque\u00f1os en las alegr\u00edas de la pintura en la acuarela. Este cuaderno de acuarela est\u00e1 fabricado en Francia, respetando la artesan\u00eda tradicional y utilizando materiales de calidad. Una herramienta maravillosa para descubrir el arte mientras os divert\u00eds, perfecto para cualquier mano curiosa!","breadcrumb":{"@id":"https:\/\/somllavors.com\/es\/producte\/cuaderno-acuarela-el-jardin-de-moulin#breadcrumb"},"inLanguage":"es","potentialAction":[{"@type":"ReadAction","target":["https:\/\/somllavors.com\/es\/producte\/cuaderno-acuarela-el-jardin-de-moulin"]}]},{"@type":"ImageObject","inLanguage":"es","@id":"https:\/\/somllavors.com\/es\/producte\/cuaderno-acuarela-el-jardin-de-moulin#primaryimage","url":"https:\/\/somllavors.com\/wp-content\/uploads\/2026\/03\/RKMP00011157-1.jpg","contentUrl":"https:\/\/somllavors.com\/wp-content\/uploads\/2026\/03\/RKMP00011157-1.jpg","width":800,"height":800,"caption":"quadern aquarel\u00b7la"},{"@type":"BreadcrumbList","@id":"https:\/\/somllavors.com\/es\/producte\/cuaderno-acuarela-el-jardin-de-moulin#breadcrumb","itemListElement":[{"@type":"ListItem","position":1,"name":"Inici","item":"https:\/\/somllavors.com\/es"},{"@type":"ListItem","position":2,"name":"Tienda","item":"https:\/\/somllavors.com\/es\/botiga-2"},{"@type":"ListItem","position":3,"name":"Cuaderno acuarela El Jard\u00edn de Moulin"}]},{"@type":"WebSite","@id":"https:\/\/somllavors.com\/es#website","url":"https:\/\/somllavors.com\/es","name":"Som Llavors","description":"Botiga de crian\u00e7a natural","publisher":{"@id":"https:\/\/somllavors.com\/es#organization"},"alternateName":"Crian\u00e7a Natural i Sostenible","potentialAction":[{"@type":"SearchAction","target":{"@type":"EntryPoint","urlTemplate":"https:\/\/somllavors.com\/es?s={search_term_string}"},"query-input":{"@type":"PropertyValueSpecification","valueRequired":true,"valueName":"search_term_string"}}],"inLanguage":"es"},{"@type":["Organization","Place","Store"],"@id":"https:\/\/somllavors.com\/es#organization","name":"Som Llavors","alternateName":"Crian\u00e7a Natural i Sostenible","url":"https:\/\/somllavors.com\/es","logo":{"@id":"https:\/\/somllavors.com\/es\/producte\/cuaderno-acuarela-el-jardin-de-moulin#local-main-organization-logo"},"image":{"@id":"https:\/\/somllavors.com\/es\/producte\/cuaderno-acuarela-el-jardin-de-moulin#local-main-organization-logo"},"sameAs":["https:\/\/www.facebook.com\/somllavorsvng\/?locale=ca_ES","https:\/\/www.instagram.com\/somllavors_vng\/","https:\/\/www.youtube.com\/@somllavors"],"address":{"@id":"https:\/\/somllavors.com\/es\/producte\/cuaderno-acuarela-el-jardin-de-moulin#local-main-place-address"},"geo":{"@type":"GeoCoordinates","latitude":"41.2257737","longitude":"1.723258859"},"telephone":["623152704","623152704"],"openingHoursSpecification":[{"@type":"OpeningHoursSpecification","dayOfWeek":["Monday","Sunday"],"opens":"00:00","closes":"00:00"},{"@type":"OpeningHoursSpecification","dayOfWeek":["Tuesday","Wednesday","Thursday","Friday"],"opens":"10:00","closes":"20:00"},{"@type":"OpeningHoursSpecification","dayOfWeek":["Saturday"],"opens":"10:00","closes":"13:30"}],"email":"info@somllavors.com"},{"@type":"PostalAddress","@id":"https:\/\/somllavors.com\/es\/producte\/cuaderno-acuarela-el-jardin-de-moulin#local-main-place-address","streetAddress":"Carrer de l'aigua, 6","addressLocality":"Vilanova i la Geltr\u00fa","postalCode":"08800","addressRegion":"Barcelona","addressCountry":"ES"},{"@type":"ImageObject","inLanguage":"es","@id":"https:\/\/somllavors.com\/es\/producte\/cuaderno-acuarela-el-jardin-de-moulin#local-main-organization-logo","url":"https:\/\/somllavors.com\/wp-content\/uploads\/Logotip-Som-Llavors.jpg","contentUrl":"https:\/\/somllavors.com\/wp-content\/uploads\/Logotip-Som-Llavors.jpg","width":1444,"height":1323,"caption":"Som Llavors"}]},"product_price_amount":"12.90","product_price_currency":"EUR","og_availability":"instock","product_availability":"instock","product_retailer_item_id":"712616","product_condition":"new","geo.placename":"Vilanova i la Geltr\u00fa","geo.position":{"lat":"41.2257737","long":"1.723258859"},"geo.region":"Espa\u00f1a"},"brands":[{"id":4110,"name":"Moulin Roty","slug":"moulin-roty"}],"_links":{"self":[{"href":"https:\/\/somllavors.com\/es\/wp-json\/wp\/v2\/product\/90826","targetHints":{"allow":["GET"]}}],"collection":[{"href":"https:\/\/somllavors.com\/es\/wp-json\/wp\/v2\/product"}],"about":[{"href":"https:\/\/somllavors.com\/es\/wp-json\/wp\/v2\/types\/product"}],"wp:featuredmedia":[{"embeddable":true,"href":"https:\/\/somllavors.com\/es\/wp-json\/wp\/v2\/media\/89065"}],"wp:attachment":[{"href":"https:\/\/somllavors.com\/es\/wp-json\/wp\/v2\/media?parent=90826"}],"wp:term":[{"taxonomy":"pwb-brand","embeddable":true,"href":"https:\/\/somllavors.com\/es\/wp-json\/wp\/v2\/pwb-brand?post=90826"},{"taxonomy":"product_brand","embeddable":true,"href":"https:\/\/somllavors.com\/es\/wp-json\/wp\/v2\/product_brand?post=90826"},{"taxonomy":"product_cat","embeddable":true,"href":"https:\/\/somllavors.com\/es\/wp-json\/wp\/v2\/product_cat?post=90826"},{"taxonomy":"product_tag","embeddable":true,"href":"https:\/\/somllavors.com\/es\/wp-json\/wp\/v2\/product_tag?post=90826"}],"curies":[{"name":"wp","href":"https:\/\/api.w.org\/{rel}","templated":true}]}}