{"id":90830,"date":"2026-03-04T12:46:12","date_gmt":"2026-03-04T11:46:12","guid":{"rendered":"https:\/\/somllavors.com\/producte\/mesa-musical-multiactividades-puce-pilou-de-moulin-roty"},"modified":"2026-03-04T12:46:12","modified_gmt":"2026-03-04T11:46:12","slug":"mesa-musical-multiactividades-puce-pilou-de-moulin-roty","status":"publish","type":"product","link":"https:\/\/somllavors.com\/es\/producte\/mesa-musical-multiactividades-puce-pilou-de-moulin-roty","title":{"rendered":"Mesa musical multiactividades Puce &amp; Pilou de Moulin Roty"},"content":{"rendered":"<p>Colecci\u00f3n: Puce &amp; Pilou<br \/>\nDimensiones del producto: 31,5 x 21 x 5 cm<br \/>\nDetalles del material: Madera de Schima<br \/>\nInstrucciones de cuidado: Limpiar con un pa\u00f1o suave y h\u00famedo<br \/>\nMarca: Moulin Roty<br \/>\nMateriales: Madera, Metal, Pl\u00e1stico, Poli\u00e9ster<br \/>\nEdad: A partir de 18 mesesCol\u00b7lecci\u00f3: Puce &amp; Pilou<br \/>Dimensions del producte: 31,5 x 21 x 5 cm<br \/>Detalls del material: Fusta de Schima<br \/>Instruccions de cura: Netejar amb un drap suau i humit<br \/>Marca: Moulin Roty<br \/>Materials: Fusta, Metall, Pl\u00e0stic, Poli\u00e8ster<br \/>Edat: A partir de 18 mesos<\/p>\n","protected":false},"excerpt":{"rendered":"<p>\u00a1Ya ha llegado la bonita mesa musical de madera de Puce &amp; Pilou! Toca el tambor, sube el volumen, sacude las balas, hace sonar el c\u00edmbal&#8230; Hay una multitud de actividades para que el beb\u00e9 descubra. Hecha de madera e ilustrada, esta mesa musical Moulin Roty es f\u00e1cilmente transportable.   <\/p>\n<p>Multitud de actividades musicales: xil\u00f3fono, maracas, campana\u2026<br \/>\nTama\u00f1o compacto<br \/>\nIdeal para espacios peque\u00f1os<\/p>\n","protected":false},"featured_media":89037,"template":"","meta":{"_acf_changed":false,"site-sidebar-layout":"default","site-content-layout":"","ast-site-content-layout":"default","site-content-style":"default","site-sidebar-style":"default","ast-global-header-display":"","ast-banner-title-visibility":"","ast-main-header-display":"","ast-hfb-above-header-display":"","ast-hfb-below-header-display":"","ast-hfb-mobile-header-display":"","site-post-title":"","ast-breadcrumbs-content":"","ast-featured-img":"","footer-sml-layout":"","theme-transparent-header-meta":"default","adv-header-id-meta":"","stick-header-meta":"","header-above-stick-meta":"","header-main-stick-meta":"","header-below-stick-meta":"","astra-migrate-meta-layouts":"default","ast-page-background-enabled":"default","ast-page-background-meta":{"desktop":{"background-color":"","background-image":"","background-repeat":"repeat","background-position":"center center","background-size":"auto","background-attachment":"scroll","background-type":"","background-media":"","overlay-type":"","overlay-color":"","overlay-opacity":"","overlay-gradient":""},"tablet":{"background-color":"","background-image":"","background-repeat":"repeat","background-position":"center center","background-size":"auto","background-attachment":"scroll","background-type":"","background-media":"","overlay-type":"","overlay-color":"","overlay-opacity":"","overlay-gradient":""},"mobile":{"background-color":"","background-image":"","background-repeat":"repeat","background-position":"center center","background-size":"auto","background-attachment":"scroll","background-type":"","background-media":"","overlay-type":"","overlay-color":"","overlay-opacity":"","overlay-gradient":""}},"ast-content-background-meta":{"desktop":{"background-color":"var(--ast-global-color-5)","background-image":"","background-repeat":"repeat","background-position":"center center","background-size":"auto","background-attachment":"scroll","background-type":"","background-media":"","overlay-type":"","overlay-color":"","overlay-opacity":"","overlay-gradient":""},"tablet":{"background-color":"var(--ast-global-color-5)","background-image":"","background-repeat":"repeat","background-position":"center center","background-size":"auto","background-attachment":"scroll","background-type":"","background-media":"","overlay-type":"","overlay-color":"","overlay-opacity":"","overlay-gradient":""},"mobile":{"background-color":"var(--ast-global-color-5)","background-image":"","background-repeat":"repeat","background-position":"center center","background-size":"auto","background-attachment":"scroll","background-type":"","background-media":"","overlay-type":"","overlay-color":"","overlay-opacity":"","overlay-gradient":""}}},"pwb-brand":[4110],"product_brand":[],"product_cat":[5407],"product_tag":[6057],"class_list":{"0":"post-90830","1":"product","2":"type-product","3":"status-publish","4":"has-post-thumbnail","6":"pwb-brand-moulin-roty","7":"product_cat-sin-categorizar-es","8":"product_tag-puce-pilou","9":"desktop-align-left","10":"tablet-align-left","11":"mobile-align-left","13":"first","14":"instock","15":"taxable","16":"shipping-taxable","17":"purchasable","18":"product-type-simple"},"acf":[],"yoast_head":"<!-- This site is optimized with the Yoast SEO Premium plugin v18.3 (Yoast SEO v26.2) - https:\/\/yoast.com\/wordpress\/plugins\/seo\/ -->\n<title>Mesa musical multiactividades Puce &amp; Pilou de Moulin Roty &#8212; Som Llavors<\/title>\n<meta name=\"description\" content=\"\u00a1Ya ha llegado la bonita mesa musical de madera de Puce &amp; Pilou! Toca el tambor, sube el volumen, sacude las balas, hace sonar el c\u00edmbal... Hay una multitud de actividades para que el beb\u00e9 descubra. Hecha de madera e ilustrada, esta mesa musical Moulin Roty es f\u00e1cilmente transportable.   Multitud de actividades musicales: xil\u00f3fono, maracas, campana\u2026 Tama\u00f1o compacto Ideal para espacios peque\u00f1os\" \/>\n<meta name=\"robots\" content=\"index, follow, max-snippet:-1, max-image-preview:large, max-video-preview:-1\" \/>\n<link rel=\"canonical\" href=\"https:\/\/somllavors.com\/es\/producte\/mesa-musical-multiactividades-puce-pilou-de-moulin-roty\" \/>\n<meta property=\"og:locale\" content=\"es_ES\" \/>\n<meta property=\"og:type\" content=\"article\" \/>\n<meta property=\"og:title\" content=\"Mesa musical multiactividades Puce &amp; Pilou de Moulin Roty\" \/>\n<meta property=\"og:description\" content=\"La teva botiga d\u2019ecocrian\u00e7a i espai d\u2019acompanyament a la maternitat\" \/>\n<meta property=\"og:url\" content=\"https:\/\/somllavors.com\/es\/producte\/mesa-musical-multiactividades-puce-pilou-de-moulin-roty\" \/>\n<meta property=\"og:site_name\" content=\"Som Llavors\" \/>\n<meta property=\"article:publisher\" content=\"https:\/\/www.facebook.com\/somllavorsvng\/?locale=ca_ES\" \/>\n<meta property=\"og:image\" content=\"https:\/\/somllavors.com\/wp-content\/uploads\/2026\/03\/Table_multiactivites_musicale_Puce_Pilou_Moulin_Roty-1.webp\" \/>\n\t<meta property=\"og:image:width\" content=\"2200\" \/>\n\t<meta property=\"og:image:height\" content=\"2200\" \/>\n\t<meta property=\"og:image:type\" content=\"image\/webp\" \/>\n<meta name=\"twitter:card\" content=\"summary_large_image\" \/>\n<meta name=\"twitter:label1\" content=\"Precio\" \/>\n\t<meta name=\"twitter:data1\" content=\"46,90&euro; Iva incl\u00f2s\" \/>\n\t<meta name=\"twitter:label2\" content=\"Availability\" \/>\n\t<meta name=\"twitter:data2\" content=\"Hay existencias\" \/>\n<script type=\"application\/ld+json\" class=\"yoast-schema-graph\">{\"@context\":\"https:\/\/schema.org\",\"@graph\":[{\"@type\":\"WebPage\",\"@id\":\"https:\/\/somllavors.com\/es\/producte\/mesa-musical-multiactividades-puce-pilou-de-moulin-roty\",\"url\":\"https:\/\/somllavors.com\/es\/producte\/mesa-musical-multiactividades-puce-pilou-de-moulin-roty\",\"name\":\"Mesa musical multiactividades Puce &amp; Pilou de Moulin Roty &#8212; Som Llavors\",\"isPartOf\":{\"@id\":\"https:\/\/somllavors.com\/es#website\"},\"primaryImageOfPage\":{\"@id\":\"https:\/\/somllavors.com\/es\/producte\/mesa-musical-multiactividades-puce-pilou-de-moulin-roty#primaryimage\"},\"image\":{\"@id\":\"https:\/\/somllavors.com\/es\/producte\/mesa-musical-multiactividades-puce-pilou-de-moulin-roty#primaryimage\"},\"thumbnailUrl\":\"https:\/\/somllavors.com\/wp-content\/uploads\/2026\/03\/Table_multiactivites_musicale_Puce_Pilou_Moulin_Roty-1.webp\",\"datePublished\":\"2026-03-04T11:46:12+00:00\",\"description\":\"\u00a1Ya ha llegado la bonita mesa musical de madera de Puce &amp; Pilou! Toca el tambor, sube el volumen, sacude las balas, hace sonar el c\u00edmbal... Hay una multitud de actividades para que el beb\u00e9 descubra. Hecha de madera e ilustrada, esta mesa musical Moulin Roty es f\u00e1cilmente transportable. Multitud de actividades musicales: xil\u00f3fono, maracas, campana\u2026 Tama\u00f1o compacto Ideal para espacios peque\u00f1os\",\"breadcrumb\":{\"@id\":\"https:\/\/somllavors.com\/es\/producte\/mesa-musical-multiactividades-puce-pilou-de-moulin-roty#breadcrumb\"},\"inLanguage\":\"es\",\"potentialAction\":[{\"@type\":\"ReadAction\",\"target\":[\"https:\/\/somllavors.com\/es\/producte\/mesa-musical-multiactividades-puce-pilou-de-moulin-roty\"]}]},{\"@type\":\"ImageObject\",\"inLanguage\":\"es\",\"@id\":\"https:\/\/somllavors.com\/es\/producte\/mesa-musical-multiactividades-puce-pilou-de-moulin-roty#primaryimage\",\"url\":\"https:\/\/somllavors.com\/wp-content\/uploads\/2026\/03\/Table_multiactivites_musicale_Puce_Pilou_Moulin_Roty-1.webp\",\"contentUrl\":\"https:\/\/somllavors.com\/wp-content\/uploads\/2026\/03\/Table_multiactivites_musicale_Puce_Pilou_Moulin_Roty-1.webp\",\"width\":2200,\"height\":2200,\"caption\":\"Taula musical multiactivitats Puce & Pilou de Moulin Roty\"},{\"@type\":\"BreadcrumbList\",\"@id\":\"https:\/\/somllavors.com\/es\/producte\/mesa-musical-multiactividades-puce-pilou-de-moulin-roty#breadcrumb\",\"itemListElement\":[{\"@type\":\"ListItem\",\"position\":1,\"name\":\"Inici\",\"item\":\"https:\/\/somllavors.com\/es\"},{\"@type\":\"ListItem\",\"position\":2,\"name\":\"Tienda\",\"item\":\"https:\/\/somllavors.com\/es\/botiga-2\"},{\"@type\":\"ListItem\",\"position\":3,\"name\":\"Mesa musical multiactividades Puce &amp; Pilou de Moulin Roty\"}]},{\"@type\":\"WebSite\",\"@id\":\"https:\/\/somllavors.com\/es#website\",\"url\":\"https:\/\/somllavors.com\/es\",\"name\":\"Som Llavors\",\"description\":\"Botiga de crian\u00e7a natural\",\"publisher\":{\"@id\":\"https:\/\/somllavors.com\/es#organization\"},\"alternateName\":\"Crian\u00e7a Natural i Sostenible\",\"potentialAction\":[{\"@type\":\"SearchAction\",\"target\":{\"@type\":\"EntryPoint\",\"urlTemplate\":\"https:\/\/somllavors.com\/es?s={search_term_string}\"},\"query-input\":{\"@type\":\"PropertyValueSpecification\",\"valueRequired\":true,\"valueName\":\"search_term_string\"}}],\"inLanguage\":\"es\"},{\"@type\":[\"Organization\",\"Place\",\"Store\"],\"@id\":\"https:\/\/somllavors.com\/es#organization\",\"name\":\"Som Llavors\",\"alternateName\":\"Crian\u00e7a Natural i Sostenible\",\"url\":\"https:\/\/somllavors.com\/es\",\"logo\":{\"@id\":\"https:\/\/somllavors.com\/es\/producte\/mesa-musical-multiactividades-puce-pilou-de-moulin-roty#local-main-organization-logo\"},\"image\":{\"@id\":\"https:\/\/somllavors.com\/es\/producte\/mesa-musical-multiactividades-puce-pilou-de-moulin-roty#local-main-organization-logo\"},\"sameAs\":[\"https:\/\/www.facebook.com\/somllavorsvng\/?locale=ca_ES\",\"https:\/\/www.instagram.com\/somllavors_vng\/\",\"https:\/\/www.youtube.com\/@somllavors\"],\"address\":{\"@id\":\"https:\/\/somllavors.com\/es\/producte\/mesa-musical-multiactividades-puce-pilou-de-moulin-roty#local-main-place-address\"},\"geo\":{\"@type\":\"GeoCoordinates\",\"latitude\":\"41.2257737\",\"longitude\":\"1.723258859\"},\"telephone\":[\"623152704\"],\"openingHoursSpecification\":[{\"@type\":\"OpeningHoursSpecification\",\"dayOfWeek\":[\"Monday\",\"Sunday\"],\"opens\":\"00:00\",\"closes\":\"00:00\"},{\"@type\":\"OpeningHoursSpecification\",\"dayOfWeek\":[\"Tuesday\",\"Wednesday\",\"Thursday\",\"Friday\"],\"opens\":\"10:00\",\"closes\":\"20:00\"},{\"@type\":\"OpeningHoursSpecification\",\"dayOfWeek\":[\"Saturday\"],\"opens\":\"10:00\",\"closes\":\"13:30\"}],\"email\":\"info@somllavors.com\"},{\"@type\":\"PostalAddress\",\"@id\":\"https:\/\/somllavors.com\/es\/producte\/mesa-musical-multiactividades-puce-pilou-de-moulin-roty#local-main-place-address\",\"streetAddress\":\"Carrer de l'aigua, 6\",\"addressLocality\":\"Vilanova i la Geltr\u00fa\",\"postalCode\":\"08800\",\"addressRegion\":\"Barcelona\",\"addressCountry\":\"ES\"},{\"@type\":\"ImageObject\",\"inLanguage\":\"es\",\"@id\":\"https:\/\/somllavors.com\/es\/producte\/mesa-musical-multiactividades-puce-pilou-de-moulin-roty#local-main-organization-logo\",\"url\":\"https:\/\/somllavors.com\/wp-content\/uploads\/Logotip-Som-Llavors.jpg\",\"contentUrl\":\"https:\/\/somllavors.com\/wp-content\/uploads\/Logotip-Som-Llavors.jpg\",\"width\":1444,\"height\":1323,\"caption\":\"Som Llavors\"}]}<\/script>\n<meta property=\"product:price:amount\" content=\"46.90\" \/>\n<meta property=\"product:price:currency\" content=\"EUR\" \/>\n<meta property=\"og:availability\" content=\"instock\" \/>\n<meta property=\"product:availability\" content=\"instock\" \/>\n<meta property=\"product:retailer_item_id\" content=\"684092\" \/>\n<meta property=\"product:condition\" content=\"new\" \/>\n<meta name=\"geo.placename\" content=\"Vilanova i la Geltr\u00fa\" \/>\n<meta name=\"geo.position\" content=\"41.2257737;1.723258859\" \/>\n<meta name=\"geo.region\" content=\"Espa\u00f1a\" \/>\n<!-- \/ Yoast SEO Premium plugin. -->","yoast_head_json":{"title":"Mesa musical multiactividades Puce &amp; Pilou de Moulin Roty &#8212; Som Llavors","description":"\u00a1Ya ha llegado la bonita mesa musical de madera de Puce &amp; Pilou! Toca el tambor, sube el volumen, sacude las balas, hace sonar el c\u00edmbal... Hay una multitud de actividades para que el beb\u00e9 descubra. Hecha de madera e ilustrada, esta mesa musical Moulin Roty es f\u00e1cilmente transportable.   Multitud de actividades musicales: xil\u00f3fono, maracas, campana\u2026 Tama\u00f1o compacto Ideal para espacios peque\u00f1os","robots":{"index":"index","follow":"follow","max-snippet":"max-snippet:-1","max-image-preview":"max-image-preview:large","max-video-preview":"max-video-preview:-1"},"canonical":"https:\/\/somllavors.com\/es\/producte\/mesa-musical-multiactividades-puce-pilou-de-moulin-roty","og_locale":"es_ES","og_type":"article","og_title":"Mesa musical multiactividades Puce &amp; Pilou de Moulin Roty","og_description":"La teva botiga d\u2019ecocrian\u00e7a i espai d\u2019acompanyament a la maternitat","og_url":"https:\/\/somllavors.com\/es\/producte\/mesa-musical-multiactividades-puce-pilou-de-moulin-roty","og_site_name":"Som Llavors","article_publisher":"https:\/\/www.facebook.com\/somllavorsvng\/?locale=ca_ES","og_image":[{"width":2200,"height":2200,"url":"https:\/\/somllavors.com\/wp-content\/uploads\/2026\/03\/Table_multiactivites_musicale_Puce_Pilou_Moulin_Roty-1.webp","type":"image\/webp"}],"twitter_card":"summary_large_image","twitter_misc":{"Precio":"46,90&euro; Iva incl\u00f2s","Availability":"Hay existencias"},"schema":{"@context":"https:\/\/schema.org","@graph":[{"@type":"WebPage","@id":"https:\/\/somllavors.com\/es\/producte\/mesa-musical-multiactividades-puce-pilou-de-moulin-roty","url":"https:\/\/somllavors.com\/es\/producte\/mesa-musical-multiactividades-puce-pilou-de-moulin-roty","name":"Mesa musical multiactividades Puce &amp; Pilou de Moulin Roty &#8212; Som Llavors","isPartOf":{"@id":"https:\/\/somllavors.com\/es#website"},"primaryImageOfPage":{"@id":"https:\/\/somllavors.com\/es\/producte\/mesa-musical-multiactividades-puce-pilou-de-moulin-roty#primaryimage"},"image":{"@id":"https:\/\/somllavors.com\/es\/producte\/mesa-musical-multiactividades-puce-pilou-de-moulin-roty#primaryimage"},"thumbnailUrl":"https:\/\/somllavors.com\/wp-content\/uploads\/2026\/03\/Table_multiactivites_musicale_Puce_Pilou_Moulin_Roty-1.webp","datePublished":"2026-03-04T11:46:12+00:00","description":"\u00a1Ya ha llegado la bonita mesa musical de madera de Puce &amp; Pilou! Toca el tambor, sube el volumen, sacude las balas, hace sonar el c\u00edmbal... Hay una multitud de actividades para que el beb\u00e9 descubra. Hecha de madera e ilustrada, esta mesa musical Moulin Roty es f\u00e1cilmente transportable. Multitud de actividades musicales: xil\u00f3fono, maracas, campana\u2026 Tama\u00f1o compacto Ideal para espacios peque\u00f1os","breadcrumb":{"@id":"https:\/\/somllavors.com\/es\/producte\/mesa-musical-multiactividades-puce-pilou-de-moulin-roty#breadcrumb"},"inLanguage":"es","potentialAction":[{"@type":"ReadAction","target":["https:\/\/somllavors.com\/es\/producte\/mesa-musical-multiactividades-puce-pilou-de-moulin-roty"]}]},{"@type":"ImageObject","inLanguage":"es","@id":"https:\/\/somllavors.com\/es\/producte\/mesa-musical-multiactividades-puce-pilou-de-moulin-roty#primaryimage","url":"https:\/\/somllavors.com\/wp-content\/uploads\/2026\/03\/Table_multiactivites_musicale_Puce_Pilou_Moulin_Roty-1.webp","contentUrl":"https:\/\/somllavors.com\/wp-content\/uploads\/2026\/03\/Table_multiactivites_musicale_Puce_Pilou_Moulin_Roty-1.webp","width":2200,"height":2200,"caption":"Taula musical multiactivitats Puce & Pilou de Moulin Roty"},{"@type":"BreadcrumbList","@id":"https:\/\/somllavors.com\/es\/producte\/mesa-musical-multiactividades-puce-pilou-de-moulin-roty#breadcrumb","itemListElement":[{"@type":"ListItem","position":1,"name":"Inici","item":"https:\/\/somllavors.com\/es"},{"@type":"ListItem","position":2,"name":"Tienda","item":"https:\/\/somllavors.com\/es\/botiga-2"},{"@type":"ListItem","position":3,"name":"Mesa musical multiactividades Puce &amp; Pilou de Moulin Roty"}]},{"@type":"WebSite","@id":"https:\/\/somllavors.com\/es#website","url":"https:\/\/somllavors.com\/es","name":"Som Llavors","description":"Botiga de crian\u00e7a natural","publisher":{"@id":"https:\/\/somllavors.com\/es#organization"},"alternateName":"Crian\u00e7a Natural i Sostenible","potentialAction":[{"@type":"SearchAction","target":{"@type":"EntryPoint","urlTemplate":"https:\/\/somllavors.com\/es?s={search_term_string}"},"query-input":{"@type":"PropertyValueSpecification","valueRequired":true,"valueName":"search_term_string"}}],"inLanguage":"es"},{"@type":["Organization","Place","Store"],"@id":"https:\/\/somllavors.com\/es#organization","name":"Som Llavors","alternateName":"Crian\u00e7a Natural i Sostenible","url":"https:\/\/somllavors.com\/es","logo":{"@id":"https:\/\/somllavors.com\/es\/producte\/mesa-musical-multiactividades-puce-pilou-de-moulin-roty#local-main-organization-logo"},"image":{"@id":"https:\/\/somllavors.com\/es\/producte\/mesa-musical-multiactividades-puce-pilou-de-moulin-roty#local-main-organization-logo"},"sameAs":["https:\/\/www.facebook.com\/somllavorsvng\/?locale=ca_ES","https:\/\/www.instagram.com\/somllavors_vng\/","https:\/\/www.youtube.com\/@somllavors"],"address":{"@id":"https:\/\/somllavors.com\/es\/producte\/mesa-musical-multiactividades-puce-pilou-de-moulin-roty#local-main-place-address"},"geo":{"@type":"GeoCoordinates","latitude":"41.2257737","longitude":"1.723258859"},"telephone":["623152704","623152704"],"openingHoursSpecification":[{"@type":"OpeningHoursSpecification","dayOfWeek":["Monday","Sunday"],"opens":"00:00","closes":"00:00"},{"@type":"OpeningHoursSpecification","dayOfWeek":["Tuesday","Wednesday","Thursday","Friday"],"opens":"10:00","closes":"20:00"},{"@type":"OpeningHoursSpecification","dayOfWeek":["Saturday"],"opens":"10:00","closes":"13:30"}],"email":"info@somllavors.com"},{"@type":"PostalAddress","@id":"https:\/\/somllavors.com\/es\/producte\/mesa-musical-multiactividades-puce-pilou-de-moulin-roty#local-main-place-address","streetAddress":"Carrer de l'aigua, 6","addressLocality":"Vilanova i la Geltr\u00fa","postalCode":"08800","addressRegion":"Barcelona","addressCountry":"ES"},{"@type":"ImageObject","inLanguage":"es","@id":"https:\/\/somllavors.com\/es\/producte\/mesa-musical-multiactividades-puce-pilou-de-moulin-roty#local-main-organization-logo","url":"https:\/\/somllavors.com\/wp-content\/uploads\/Logotip-Som-Llavors.jpg","contentUrl":"https:\/\/somllavors.com\/wp-content\/uploads\/Logotip-Som-Llavors.jpg","width":1444,"height":1323,"caption":"Som Llavors"}]},"product_price_amount":"46.90","product_price_currency":"EUR","og_availability":"instock","product_availability":"instock","product_retailer_item_id":"684092","product_condition":"new","geo.placename":"Vilanova i la Geltr\u00fa","geo.position":{"lat":"41.2257737","long":"1.723258859"},"geo.region":"Espa\u00f1a"},"brands":[{"id":4110,"name":"Moulin Roty","slug":"moulin-roty"}],"_links":{"self":[{"href":"https:\/\/somllavors.com\/es\/wp-json\/wp\/v2\/product\/90830","targetHints":{"allow":["GET"]}}],"collection":[{"href":"https:\/\/somllavors.com\/es\/wp-json\/wp\/v2\/product"}],"about":[{"href":"https:\/\/somllavors.com\/es\/wp-json\/wp\/v2\/types\/product"}],"wp:featuredmedia":[{"embeddable":true,"href":"https:\/\/somllavors.com\/es\/wp-json\/wp\/v2\/media\/89037"}],"wp:attachment":[{"href":"https:\/\/somllavors.com\/es\/wp-json\/wp\/v2\/media?parent=90830"}],"wp:term":[{"taxonomy":"pwb-brand","embeddable":true,"href":"https:\/\/somllavors.com\/es\/wp-json\/wp\/v2\/pwb-brand?post=90830"},{"taxonomy":"product_brand","embeddable":true,"href":"https:\/\/somllavors.com\/es\/wp-json\/wp\/v2\/product_brand?post=90830"},{"taxonomy":"product_cat","embeddable":true,"href":"https:\/\/somllavors.com\/es\/wp-json\/wp\/v2\/product_cat?post=90830"},{"taxonomy":"product_tag","embeddable":true,"href":"https:\/\/somllavors.com\/es\/wp-json\/wp\/v2\/product_tag?post=90830"}],"curies":[{"name":"wp","href":"https:\/\/api.w.org\/{rel}","templated":true}]}}