{"id":90839,"date":"2026-02-19T22:29:23","date_gmt":"2026-02-19T21:29:23","guid":{"rendered":"https:\/\/somllavors.com\/producte\/fiambrera-de-acero-inoxidable-y-silicona-foret-mawa-moulin-roty"},"modified":"2026-02-19T22:29:23","modified_gmt":"2026-02-19T21:29:23","slug":"fiambrera-de-acero-inoxidable-y-silicona-foret-mawa-moulin-roty","status":"publish","type":"product","link":"https:\/\/somllavors.com\/es\/producte\/fiambrera-de-acero-inoxidable-y-silicona-foret-mawa-moulin-roty","title":{"rendered":"Fiambrera de acero inoxidable y silicona For\u00eat Mawa &#8211; Moulin Roty"},"content":{"rendered":"<p>Ventajas del producto:<br \/>\nResistente y cachonda<br \/>\nTama\u00f1o adecuado para ni\u00f1os<br \/>Materiales: Acero inoxidable y silicona<\/p>\n","protected":false},"excerpt":{"rendered":"<h2>Fiambrera Moulin Roty For\u00eat Mawa<\/h2>\n<p>\u00bfOs apetece una peque\u00f1a merienda con Mamba? Bellamente ilustrada con dibujos de acuarela de \u00c9lodie Coudray, esta fiambrera de acero inoxidable con tapa de silicona acompa\u00f1ar\u00e1 a su ni\u00f1o en todas sus salidas. Compacta con su tapa f\u00e1cil de usar, se meter\u00e1 f\u00e1cilmente en la mochila de un ni\u00f1o. Antioxidante durar\u00e1 mucho tiempo y servir\u00e1 durante todos los a\u00f1os escolares del ni\u00f1o.   <\/p>\n","protected":false},"featured_media":88677,"template":"","meta":{"_acf_changed":false,"site-sidebar-layout":"default","site-content-layout":"","ast-site-content-layout":"default","site-content-style":"default","site-sidebar-style":"default","ast-global-header-display":"","ast-banner-title-visibility":"","ast-main-header-display":"","ast-hfb-above-header-display":"","ast-hfb-below-header-display":"","ast-hfb-mobile-header-display":"","site-post-title":"","ast-breadcrumbs-content":"","ast-featured-img":"","footer-sml-layout":"","theme-transparent-header-meta":"default","adv-header-id-meta":"","stick-header-meta":"","header-above-stick-meta":"","header-main-stick-meta":"","header-below-stick-meta":"","astra-migrate-meta-layouts":"default","ast-page-background-enabled":"default","ast-page-background-meta":{"desktop":{"background-color":"","background-image":"","background-repeat":"repeat","background-position":"center center","background-size":"auto","background-attachment":"scroll","background-type":"","background-media":"","overlay-type":"","overlay-color":"","overlay-opacity":"","overlay-gradient":""},"tablet":{"background-color":"","background-image":"","background-repeat":"repeat","background-position":"center center","background-size":"auto","background-attachment":"scroll","background-type":"","background-media":"","overlay-type":"","overlay-color":"","overlay-opacity":"","overlay-gradient":""},"mobile":{"background-color":"","background-image":"","background-repeat":"repeat","background-position":"center center","background-size":"auto","background-attachment":"scroll","background-type":"","background-media":"","overlay-type":"","overlay-color":"","overlay-opacity":"","overlay-gradient":""}},"ast-content-background-meta":{"desktop":{"background-color":"var(--ast-global-color-5)","background-image":"","background-repeat":"repeat","background-position":"center center","background-size":"auto","background-attachment":"scroll","background-type":"","background-media":"","overlay-type":"","overlay-color":"","overlay-opacity":"","overlay-gradient":""},"tablet":{"background-color":"var(--ast-global-color-5)","background-image":"","background-repeat":"repeat","background-position":"center center","background-size":"auto","background-attachment":"scroll","background-type":"","background-media":"","overlay-type":"","overlay-color":"","overlay-opacity":"","overlay-gradient":""},"mobile":{"background-color":"var(--ast-global-color-5)","background-image":"","background-repeat":"repeat","background-position":"center center","background-size":"auto","background-attachment":"scroll","background-type":"","background-media":"","overlay-type":"","overlay-color":"","overlay-opacity":"","overlay-gradient":""}}},"pwb-brand":[4110],"product_brand":[],"product_cat":[3458],"product_tag":[6054],"class_list":{"0":"post-90839","1":"product","2":"type-product","3":"status-publish","4":"has-post-thumbnail","6":"pwb-brand-moulin-roty","7":"product_cat-fiambreras","8":"product_tag-foret-mawa","9":"desktop-align-left","10":"tablet-align-left","11":"mobile-align-left","13":"first","14":"instock","15":"taxable","16":"shipping-taxable","17":"purchasable","18":"product-type-simple"},"acf":[],"yoast_head":"<!-- This site is optimized with the Yoast SEO Premium plugin v18.3 (Yoast SEO v26.2) - https:\/\/yoast.com\/wordpress\/plugins\/seo\/ -->\n<title>Fiambrera de acero inoxidable y silicona For\u00eat Mawa - Moulin Roty &#8212; Som Llavors<\/title>\n<meta name=\"description\" content=\"Fiambrera Moulin Roty For\u00eat Mawa \u00bfOs apetece una peque\u00f1a merienda con Mamba? Bellamente ilustrada con dibujos de acuarela de \u00c9lodie Coudray, esta fiambrera de acero inoxidable con tapa de silicona acompa\u00f1ar\u00e1 a su ni\u00f1o en todas sus salidas. Compacta con su tapa f\u00e1cil de usar, se meter\u00e1 f\u00e1cilmente en la mochila de un ni\u00f1o. Antioxidante durar\u00e1 mucho tiempo y servir\u00e1 durante todos los a\u00f1os escolares del ni\u00f1o.\" \/>\n<meta name=\"robots\" content=\"index, follow, max-snippet:-1, max-image-preview:large, max-video-preview:-1\" \/>\n<link rel=\"canonical\" href=\"https:\/\/somllavors.com\/es\/producte\/fiambrera-de-acero-inoxidable-y-silicona-foret-mawa-moulin-roty\" \/>\n<meta property=\"og:locale\" content=\"es_ES\" \/>\n<meta property=\"og:type\" content=\"article\" \/>\n<meta property=\"og:title\" content=\"Fiambrera de acero inoxidable y silicona For\u00eat Mawa - Moulin Roty\" \/>\n<meta property=\"og:description\" content=\"La teva botiga d\u2019ecocrian\u00e7a i espai d\u2019acompanyament a la maternitat\" \/>\n<meta property=\"og:url\" content=\"https:\/\/somllavors.com\/es\/producte\/fiambrera-de-acero-inoxidable-y-silicona-foret-mawa-moulin-roty\" \/>\n<meta property=\"og:site_name\" content=\"Som Llavors\" \/>\n<meta property=\"article:publisher\" content=\"https:\/\/www.facebook.com\/somllavorsvng\/?locale=ca_ES\" \/>\n<meta property=\"og:image\" content=\"https:\/\/somllavors.com\/wp-content\/uploads\/2026\/02\/RKMP00011372-2.jpg\" \/>\n\t<meta property=\"og:image:width\" content=\"800\" \/>\n\t<meta property=\"og:image:height\" content=\"800\" \/>\n\t<meta property=\"og:image:type\" content=\"image\/jpeg\" \/>\n<meta name=\"twitter:card\" content=\"summary_large_image\" \/>\n<meta name=\"twitter:label1\" content=\"Precio\" \/>\n\t<meta name=\"twitter:data1\" content=\"18,90&euro; Iva incl\u00f2s\" \/>\n\t<meta name=\"twitter:label2\" content=\"Availability\" \/>\n\t<meta name=\"twitter:data2\" content=\"Hay existencias\" \/>\n<script type=\"application\/ld+json\" class=\"yoast-schema-graph\">{\"@context\":\"https:\/\/schema.org\",\"@graph\":[{\"@type\":\"WebPage\",\"@id\":\"https:\/\/somllavors.com\/es\/producte\/fiambrera-de-acero-inoxidable-y-silicona-foret-mawa-moulin-roty\",\"url\":\"https:\/\/somllavors.com\/es\/producte\/fiambrera-de-acero-inoxidable-y-silicona-foret-mawa-moulin-roty\",\"name\":\"Fiambrera de acero inoxidable y silicona For\u00eat Mawa - Moulin Roty &#8212; Som Llavors\",\"isPartOf\":{\"@id\":\"https:\/\/somllavors.com\/es#website\"},\"primaryImageOfPage\":{\"@id\":\"https:\/\/somllavors.com\/es\/producte\/fiambrera-de-acero-inoxidable-y-silicona-foret-mawa-moulin-roty#primaryimage\"},\"image\":{\"@id\":\"https:\/\/somllavors.com\/es\/producte\/fiambrera-de-acero-inoxidable-y-silicona-foret-mawa-moulin-roty#primaryimage\"},\"thumbnailUrl\":\"https:\/\/somllavors.com\/wp-content\/uploads\/2026\/02\/RKMP00011372-2.jpg\",\"datePublished\":\"2026-02-19T21:29:23+00:00\",\"description\":\"Fiambrera Moulin Roty For\u00eat Mawa \u00bfOs apetece una peque\u00f1a merienda con Mamba? Bellamente ilustrada con dibujos de acuarela de \u00c9lodie Coudray, esta fiambrera de acero inoxidable con tapa de silicona acompa\u00f1ar\u00e1 a su ni\u00f1o en todas sus salidas. Compacta con su tapa f\u00e1cil de usar, se meter\u00e1 f\u00e1cilmente en la mochila de un ni\u00f1o. Antioxidante durar\u00e1 mucho tiempo y servir\u00e1 durante todos los a\u00f1os escolares del ni\u00f1o.\",\"breadcrumb\":{\"@id\":\"https:\/\/somllavors.com\/es\/producte\/fiambrera-de-acero-inoxidable-y-silicona-foret-mawa-moulin-roty#breadcrumb\"},\"inLanguage\":\"es\",\"potentialAction\":[{\"@type\":\"ReadAction\",\"target\":[\"https:\/\/somllavors.com\/es\/producte\/fiambrera-de-acero-inoxidable-y-silicona-foret-mawa-moulin-roty\"]}]},{\"@type\":\"ImageObject\",\"inLanguage\":\"es\",\"@id\":\"https:\/\/somllavors.com\/es\/producte\/fiambrera-de-acero-inoxidable-y-silicona-foret-mawa-moulin-roty#primaryimage\",\"url\":\"https:\/\/somllavors.com\/wp-content\/uploads\/2026\/02\/RKMP00011372-2.jpg\",\"contentUrl\":\"https:\/\/somllavors.com\/wp-content\/uploads\/2026\/02\/RKMP00011372-2.jpg\",\"width\":800,\"height\":800,\"caption\":\"Carmanyola acer inoxidable\"},{\"@type\":\"BreadcrumbList\",\"@id\":\"https:\/\/somllavors.com\/es\/producte\/fiambrera-de-acero-inoxidable-y-silicona-foret-mawa-moulin-roty#breadcrumb\",\"itemListElement\":[{\"@type\":\"ListItem\",\"position\":1,\"name\":\"Inici\",\"item\":\"https:\/\/somllavors.com\/es\"},{\"@type\":\"ListItem\",\"position\":2,\"name\":\"Tienda\",\"item\":\"https:\/\/somllavors.com\/es\/botiga-2\"},{\"@type\":\"ListItem\",\"position\":3,\"name\":\"Fiambrera de acero inoxidable y silicona For\u00eat Mawa &#8211; Moulin Roty\"}]},{\"@type\":\"WebSite\",\"@id\":\"https:\/\/somllavors.com\/es#website\",\"url\":\"https:\/\/somllavors.com\/es\",\"name\":\"Som Llavors\",\"description\":\"Botiga de crian\u00e7a natural\",\"publisher\":{\"@id\":\"https:\/\/somllavors.com\/es#organization\"},\"alternateName\":\"Crian\u00e7a Natural i Sostenible\",\"potentialAction\":[{\"@type\":\"SearchAction\",\"target\":{\"@type\":\"EntryPoint\",\"urlTemplate\":\"https:\/\/somllavors.com\/es?s={search_term_string}\"},\"query-input\":{\"@type\":\"PropertyValueSpecification\",\"valueRequired\":true,\"valueName\":\"search_term_string\"}}],\"inLanguage\":\"es\"},{\"@type\":[\"Organization\",\"Place\",\"Store\"],\"@id\":\"https:\/\/somllavors.com\/es#organization\",\"name\":\"Som Llavors\",\"alternateName\":\"Crian\u00e7a Natural i Sostenible\",\"url\":\"https:\/\/somllavors.com\/es\",\"logo\":{\"@id\":\"https:\/\/somllavors.com\/es\/producte\/fiambrera-de-acero-inoxidable-y-silicona-foret-mawa-moulin-roty#local-main-organization-logo\"},\"image\":{\"@id\":\"https:\/\/somllavors.com\/es\/producte\/fiambrera-de-acero-inoxidable-y-silicona-foret-mawa-moulin-roty#local-main-organization-logo\"},\"sameAs\":[\"https:\/\/www.facebook.com\/somllavorsvng\/?locale=ca_ES\",\"https:\/\/www.instagram.com\/somllavors_vng\/\",\"https:\/\/www.youtube.com\/@somllavors\"],\"address\":{\"@id\":\"https:\/\/somllavors.com\/es\/producte\/fiambrera-de-acero-inoxidable-y-silicona-foret-mawa-moulin-roty#local-main-place-address\"},\"geo\":{\"@type\":\"GeoCoordinates\",\"latitude\":\"41.2257737\",\"longitude\":\"1.723258859\"},\"telephone\":[\"623152704\"],\"openingHoursSpecification\":[{\"@type\":\"OpeningHoursSpecification\",\"dayOfWeek\":[\"Monday\",\"Sunday\"],\"opens\":\"00:00\",\"closes\":\"00:00\"},{\"@type\":\"OpeningHoursSpecification\",\"dayOfWeek\":[\"Tuesday\",\"Wednesday\",\"Thursday\",\"Friday\"],\"opens\":\"10:00\",\"closes\":\"20:00\"},{\"@type\":\"OpeningHoursSpecification\",\"dayOfWeek\":[\"Saturday\"],\"opens\":\"10:00\",\"closes\":\"13:30\"}],\"email\":\"info@somllavors.com\"},{\"@type\":\"PostalAddress\",\"@id\":\"https:\/\/somllavors.com\/es\/producte\/fiambrera-de-acero-inoxidable-y-silicona-foret-mawa-moulin-roty#local-main-place-address\",\"streetAddress\":\"Carrer de l'aigua, 6\",\"addressLocality\":\"Vilanova i la Geltr\u00fa\",\"postalCode\":\"08800\",\"addressRegion\":\"Barcelona\",\"addressCountry\":\"ES\"},{\"@type\":\"ImageObject\",\"inLanguage\":\"es\",\"@id\":\"https:\/\/somllavors.com\/es\/producte\/fiambrera-de-acero-inoxidable-y-silicona-foret-mawa-moulin-roty#local-main-organization-logo\",\"url\":\"https:\/\/somllavors.com\/wp-content\/uploads\/Logotip-Som-Llavors.jpg\",\"contentUrl\":\"https:\/\/somllavors.com\/wp-content\/uploads\/Logotip-Som-Llavors.jpg\",\"width\":1444,\"height\":1323,\"caption\":\"Som Llavors\"}]}<\/script>\n<meta property=\"product:price:amount\" content=\"18.90\" \/>\n<meta property=\"product:price:currency\" content=\"EUR\" \/>\n<meta property=\"og:availability\" content=\"instock\" \/>\n<meta property=\"product:availability\" content=\"instock\" \/>\n<meta property=\"product:retailer_item_id\" content=\"688234\" \/>\n<meta property=\"product:condition\" content=\"new\" \/>\n<meta name=\"geo.placename\" content=\"Vilanova i la Geltr\u00fa\" \/>\n<meta name=\"geo.position\" content=\"41.2257737;1.723258859\" \/>\n<meta name=\"geo.region\" content=\"Espa\u00f1a\" \/>\n<!-- \/ Yoast SEO Premium plugin. -->","yoast_head_json":{"title":"Fiambrera de acero inoxidable y silicona For\u00eat Mawa - Moulin Roty &#8212; Som Llavors","description":"Fiambrera Moulin Roty For\u00eat Mawa \u00bfOs apetece una peque\u00f1a merienda con Mamba? Bellamente ilustrada con dibujos de acuarela de \u00c9lodie Coudray, esta fiambrera de acero inoxidable con tapa de silicona acompa\u00f1ar\u00e1 a su ni\u00f1o en todas sus salidas. Compacta con su tapa f\u00e1cil de usar, se meter\u00e1 f\u00e1cilmente en la mochila de un ni\u00f1o. Antioxidante durar\u00e1 mucho tiempo y servir\u00e1 durante todos los a\u00f1os escolares del ni\u00f1o.","robots":{"index":"index","follow":"follow","max-snippet":"max-snippet:-1","max-image-preview":"max-image-preview:large","max-video-preview":"max-video-preview:-1"},"canonical":"https:\/\/somllavors.com\/es\/producte\/fiambrera-de-acero-inoxidable-y-silicona-foret-mawa-moulin-roty","og_locale":"es_ES","og_type":"article","og_title":"Fiambrera de acero inoxidable y silicona For\u00eat Mawa - Moulin Roty","og_description":"La teva botiga d\u2019ecocrian\u00e7a i espai d\u2019acompanyament a la maternitat","og_url":"https:\/\/somllavors.com\/es\/producte\/fiambrera-de-acero-inoxidable-y-silicona-foret-mawa-moulin-roty","og_site_name":"Som Llavors","article_publisher":"https:\/\/www.facebook.com\/somllavorsvng\/?locale=ca_ES","og_image":[{"width":800,"height":800,"url":"https:\/\/somllavors.com\/wp-content\/uploads\/2026\/02\/RKMP00011372-2.jpg","type":"image\/jpeg"}],"twitter_card":"summary_large_image","twitter_misc":{"Precio":"18,90&euro; Iva incl\u00f2s","Availability":"Hay existencias"},"schema":{"@context":"https:\/\/schema.org","@graph":[{"@type":"WebPage","@id":"https:\/\/somllavors.com\/es\/producte\/fiambrera-de-acero-inoxidable-y-silicona-foret-mawa-moulin-roty","url":"https:\/\/somllavors.com\/es\/producte\/fiambrera-de-acero-inoxidable-y-silicona-foret-mawa-moulin-roty","name":"Fiambrera de acero inoxidable y silicona For\u00eat Mawa - Moulin Roty &#8212; Som Llavors","isPartOf":{"@id":"https:\/\/somllavors.com\/es#website"},"primaryImageOfPage":{"@id":"https:\/\/somllavors.com\/es\/producte\/fiambrera-de-acero-inoxidable-y-silicona-foret-mawa-moulin-roty#primaryimage"},"image":{"@id":"https:\/\/somllavors.com\/es\/producte\/fiambrera-de-acero-inoxidable-y-silicona-foret-mawa-moulin-roty#primaryimage"},"thumbnailUrl":"https:\/\/somllavors.com\/wp-content\/uploads\/2026\/02\/RKMP00011372-2.jpg","datePublished":"2026-02-19T21:29:23+00:00","description":"Fiambrera Moulin Roty For\u00eat Mawa \u00bfOs apetece una peque\u00f1a merienda con Mamba? Bellamente ilustrada con dibujos de acuarela de \u00c9lodie Coudray, esta fiambrera de acero inoxidable con tapa de silicona acompa\u00f1ar\u00e1 a su ni\u00f1o en todas sus salidas. Compacta con su tapa f\u00e1cil de usar, se meter\u00e1 f\u00e1cilmente en la mochila de un ni\u00f1o. Antioxidante durar\u00e1 mucho tiempo y servir\u00e1 durante todos los a\u00f1os escolares del ni\u00f1o.","breadcrumb":{"@id":"https:\/\/somllavors.com\/es\/producte\/fiambrera-de-acero-inoxidable-y-silicona-foret-mawa-moulin-roty#breadcrumb"},"inLanguage":"es","potentialAction":[{"@type":"ReadAction","target":["https:\/\/somllavors.com\/es\/producte\/fiambrera-de-acero-inoxidable-y-silicona-foret-mawa-moulin-roty"]}]},{"@type":"ImageObject","inLanguage":"es","@id":"https:\/\/somllavors.com\/es\/producte\/fiambrera-de-acero-inoxidable-y-silicona-foret-mawa-moulin-roty#primaryimage","url":"https:\/\/somllavors.com\/wp-content\/uploads\/2026\/02\/RKMP00011372-2.jpg","contentUrl":"https:\/\/somllavors.com\/wp-content\/uploads\/2026\/02\/RKMP00011372-2.jpg","width":800,"height":800,"caption":"Carmanyola acer inoxidable"},{"@type":"BreadcrumbList","@id":"https:\/\/somllavors.com\/es\/producte\/fiambrera-de-acero-inoxidable-y-silicona-foret-mawa-moulin-roty#breadcrumb","itemListElement":[{"@type":"ListItem","position":1,"name":"Inici","item":"https:\/\/somllavors.com\/es"},{"@type":"ListItem","position":2,"name":"Tienda","item":"https:\/\/somllavors.com\/es\/botiga-2"},{"@type":"ListItem","position":3,"name":"Fiambrera de acero inoxidable y silicona For\u00eat Mawa &#8211; Moulin Roty"}]},{"@type":"WebSite","@id":"https:\/\/somllavors.com\/es#website","url":"https:\/\/somllavors.com\/es","name":"Som Llavors","description":"Botiga de crian\u00e7a natural","publisher":{"@id":"https:\/\/somllavors.com\/es#organization"},"alternateName":"Crian\u00e7a Natural i Sostenible","potentialAction":[{"@type":"SearchAction","target":{"@type":"EntryPoint","urlTemplate":"https:\/\/somllavors.com\/es?s={search_term_string}"},"query-input":{"@type":"PropertyValueSpecification","valueRequired":true,"valueName":"search_term_string"}}],"inLanguage":"es"},{"@type":["Organization","Place","Store"],"@id":"https:\/\/somllavors.com\/es#organization","name":"Som Llavors","alternateName":"Crian\u00e7a Natural i Sostenible","url":"https:\/\/somllavors.com\/es","logo":{"@id":"https:\/\/somllavors.com\/es\/producte\/fiambrera-de-acero-inoxidable-y-silicona-foret-mawa-moulin-roty#local-main-organization-logo"},"image":{"@id":"https:\/\/somllavors.com\/es\/producte\/fiambrera-de-acero-inoxidable-y-silicona-foret-mawa-moulin-roty#local-main-organization-logo"},"sameAs":["https:\/\/www.facebook.com\/somllavorsvng\/?locale=ca_ES","https:\/\/www.instagram.com\/somllavors_vng\/","https:\/\/www.youtube.com\/@somllavors"],"address":{"@id":"https:\/\/somllavors.com\/es\/producte\/fiambrera-de-acero-inoxidable-y-silicona-foret-mawa-moulin-roty#local-main-place-address"},"geo":{"@type":"GeoCoordinates","latitude":"41.2257737","longitude":"1.723258859"},"telephone":["623152704","623152704"],"openingHoursSpecification":[{"@type":"OpeningHoursSpecification","dayOfWeek":["Monday","Sunday"],"opens":"00:00","closes":"00:00"},{"@type":"OpeningHoursSpecification","dayOfWeek":["Tuesday","Wednesday","Thursday","Friday"],"opens":"10:00","closes":"20:00"},{"@type":"OpeningHoursSpecification","dayOfWeek":["Saturday"],"opens":"10:00","closes":"13:30"}],"email":"info@somllavors.com"},{"@type":"PostalAddress","@id":"https:\/\/somllavors.com\/es\/producte\/fiambrera-de-acero-inoxidable-y-silicona-foret-mawa-moulin-roty#local-main-place-address","streetAddress":"Carrer de l'aigua, 6","addressLocality":"Vilanova i la Geltr\u00fa","postalCode":"08800","addressRegion":"Barcelona","addressCountry":"ES"},{"@type":"ImageObject","inLanguage":"es","@id":"https:\/\/somllavors.com\/es\/producte\/fiambrera-de-acero-inoxidable-y-silicona-foret-mawa-moulin-roty#local-main-organization-logo","url":"https:\/\/somllavors.com\/wp-content\/uploads\/Logotip-Som-Llavors.jpg","contentUrl":"https:\/\/somllavors.com\/wp-content\/uploads\/Logotip-Som-Llavors.jpg","width":1444,"height":1323,"caption":"Som Llavors"}]},"product_price_amount":"18.90","product_price_currency":"EUR","og_availability":"instock","product_availability":"instock","product_retailer_item_id":"688234","product_condition":"new","geo.placename":"Vilanova i la Geltr\u00fa","geo.position":{"lat":"41.2257737","long":"1.723258859"},"geo.region":"Espa\u00f1a"},"brands":[{"id":4110,"name":"Moulin Roty","slug":"moulin-roty"}],"_links":{"self":[{"href":"https:\/\/somllavors.com\/es\/wp-json\/wp\/v2\/product\/90839","targetHints":{"allow":["GET"]}}],"collection":[{"href":"https:\/\/somllavors.com\/es\/wp-json\/wp\/v2\/product"}],"about":[{"href":"https:\/\/somllavors.com\/es\/wp-json\/wp\/v2\/types\/product"}],"wp:featuredmedia":[{"embeddable":true,"href":"https:\/\/somllavors.com\/es\/wp-json\/wp\/v2\/media\/88677"}],"wp:attachment":[{"href":"https:\/\/somllavors.com\/es\/wp-json\/wp\/v2\/media?parent=90839"}],"wp:term":[{"taxonomy":"pwb-brand","embeddable":true,"href":"https:\/\/somllavors.com\/es\/wp-json\/wp\/v2\/pwb-brand?post=90839"},{"taxonomy":"product_brand","embeddable":true,"href":"https:\/\/somllavors.com\/es\/wp-json\/wp\/v2\/product_brand?post=90839"},{"taxonomy":"product_cat","embeddable":true,"href":"https:\/\/somllavors.com\/es\/wp-json\/wp\/v2\/product_cat?post=90839"},{"taxonomy":"product_tag","embeddable":true,"href":"https:\/\/somllavors.com\/es\/wp-json\/wp\/v2\/product_tag?post=90839"}],"curies":[{"name":"wp","href":"https:\/\/api.w.org\/{rel}","templated":true}]}}