{"id":90843,"date":"2026-02-19T00:09:10","date_gmt":"2026-02-18T23:09:10","guid":{"rendered":"https:\/\/somllavors.com\/producte\/mochila-leon-foret-mawa-moulin-roty"},"modified":"2026-02-19T00:09:10","modified_gmt":"2026-02-18T23:09:10","slug":"mochila-leon-foret-mawa-moulin-roty","status":"publish","type":"product","link":"https:\/\/somllavors.com\/es\/producte\/mochila-leon-foret-mawa-moulin-roty","title":{"rendered":"Mochila le\u00f3n For\u00eat Mawa &#8211; Moulin Roty"},"content":{"rendered":"<h3 data-path-to-node=\"5\">Experiencia Sensorial y Dise\u00f1o<\/h3>\n<ul data-path-to-node=\"6\">\n<li>\n<p data-path-to-node=\"6,0,0\">Toque Sensorial: La combinaci\u00f3n de diferentes tejidos y su melena con textura aportan un est\u00edmulo t\u00e1ctil muy agradable, despertando la curiosidad y el sentido del tacto del ni\u00f1o.<\/p>\n<\/li>\n<li>\n<p data-path-to-node=\"6,1,0\">Est\u00e9tica Natural: Dentro de la colecci\u00f3n For\u00eat mawa, el le\u00f3n se presenta con tonos tierra y suaves que se integran arm\u00f3nicamente en el d\u00eda a d\u00eda.<\/p>\n<\/li>\n<\/ul>\n<h3 data-path-to-node=\"7\">Funcionalidad y Autonom\u00eda<\/h3>\n<ul data-path-to-node=\"8\">\n<li>\n<p data-path-to-node=\"8,0,0\">Ligera y C\u00f3moda: Su tama\u00f1o y peso est\u00e1n calculados para que el ni\u00f1o pueda llevar sus peque\u00f1os tesoros \u2014la merienda, una muda, su doudou o ese juguete imprescindible\u2014 sin esfuerzo.<\/p>\n<\/li>\n<li>\n<p data-path-to-node=\"8,1,0\">Ergonom\u00eda a medida: Las asas ajustables permiten adaptarla con facilidad a su medida, favoreciendo la autonom\u00eda y el sentido de responsabilidad desde edades tempranas.<\/p>\n<\/li>\n<\/ul>\n<p>Medidas: 29 cms<\/p>\n<p>Marca: Moulin Roty<\/p>\n<p>Material: Algod\u00f3n y poli\u00e9ster<\/p>\n","protected":false},"excerpt":{"rendered":"<h2 data-path-to-node=\"2\">Mochila Le\u00f3n \u2013 Colecci\u00f3n Foret de Mawa<\/h2>\n<p data-path-to-node=\"3\"><b data-path-to-node=\"3\" data-index-in-node=\"0\">La compa\u00f1era perfecta para los primeros grandes planes.<\/b><\/p>\n<p data-path-to-node=\"4\">Esta mochila con forma de le\u00f3n combina un adorable dise\u00f1o de inspiraci\u00f3n n\u00f3rdica con una funcionalidad pensada espec\u00edficamente para la primera infancia. M\u00e1s que un accesorio, es un aliado en el crecimiento de los m\u00e1s peque\u00f1os, ideal para ir a la guarder\u00eda, al parque o en las primeras excursiones familiares. <\/p>\n","protected":false},"featured_media":88627,"template":"","meta":{"_acf_changed":false,"site-sidebar-layout":"default","site-content-layout":"","ast-site-content-layout":"default","site-content-style":"default","site-sidebar-style":"default","ast-global-header-display":"","ast-banner-title-visibility":"","ast-main-header-display":"","ast-hfb-above-header-display":"","ast-hfb-below-header-display":"","ast-hfb-mobile-header-display":"","site-post-title":"","ast-breadcrumbs-content":"","ast-featured-img":"","footer-sml-layout":"","ast-disable-related-posts":"","theme-transparent-header-meta":"default","adv-header-id-meta":"","stick-header-meta":"","header-above-stick-meta":"","header-main-stick-meta":"","header-below-stick-meta":"","astra-migrate-meta-layouts":"default","ast-page-background-enabled":"default","ast-page-background-meta":{"desktop":{"background-color":"","background-image":"","background-repeat":"repeat","background-position":"center center","background-size":"auto","background-attachment":"scroll","background-type":"","background-media":"","overlay-type":"","overlay-color":"","overlay-opacity":"","overlay-gradient":""},"tablet":{"background-color":"","background-image":"","background-repeat":"repeat","background-position":"center center","background-size":"auto","background-attachment":"scroll","background-type":"","background-media":"","overlay-type":"","overlay-color":"","overlay-opacity":"","overlay-gradient":""},"mobile":{"background-color":"","background-image":"","background-repeat":"repeat","background-position":"center center","background-size":"auto","background-attachment":"scroll","background-type":"","background-media":"","overlay-type":"","overlay-color":"","overlay-opacity":"","overlay-gradient":""}},"ast-content-background-meta":{"desktop":{"background-color":"var(--ast-global-color-5)","background-image":"","background-repeat":"repeat","background-position":"center center","background-size":"auto","background-attachment":"scroll","background-type":"","background-media":"","overlay-type":"","overlay-color":"","overlay-opacity":"","overlay-gradient":""},"tablet":{"background-color":"var(--ast-global-color-5)","background-image":"","background-repeat":"repeat","background-position":"center center","background-size":"auto","background-attachment":"scroll","background-type":"","background-media":"","overlay-type":"","overlay-color":"","overlay-opacity":"","overlay-gradient":""},"mobile":{"background-color":"var(--ast-global-color-5)","background-image":"","background-repeat":"repeat","background-position":"center center","background-size":"auto","background-attachment":"scroll","background-type":"","background-media":"","overlay-type":"","overlay-color":"","overlay-opacity":"","overlay-gradient":""}}},"pwb-brand":[4110],"product_brand":[],"product_cat":[3590,3608,3611],"product_tag":[6054,6059],"class_list":{"0":"post-90843","1":"product","2":"type-product","3":"status-publish","4":"has-post-thumbnail","6":"pwb-brand-moulin-roty","7":"product_cat-mochilas","8":"product_cat-regalos-originales-recien-nacidos","9":"product_cat-vuelta-al-cole","10":"product_tag-foret-mawa","11":"product_tag-leon-mabma","12":"desktop-align-left","13":"tablet-align-left","14":"mobile-align-left","16":"first","17":"instock","18":"taxable","19":"shipping-taxable","20":"purchasable","21":"product-type-simple"},"acf":[],"yoast_head":"<!-- This site is optimized with the Yoast SEO Premium plugin v18.3 (Yoast SEO v27.4) - https:\/\/yoast.com\/product\/yoast-seo-premium-wordpress\/ -->\n<title>Mochila le\u00f3n For\u00eat Mawa - Moulin Roty &#8212; Som Llavors<\/title>\n<meta name=\"description\" content=\"Mochila Le\u00f3n \u2013 Colecci\u00f3n Foret de Mawa La compa\u00f1era perfecta para los primeros grandes planes. Esta mochila con forma de le\u00f3n combina un adorable dise\u00f1o de inspiraci\u00f3n n\u00f3rdica con una funcionalidad pensada espec\u00edficamente para la primera infancia. M\u00e1s que un accesorio, es un aliado en el crecimiento de los m\u00e1s peque\u00f1os, ideal para ir a la guarder\u00eda, al parque o en las primeras excursiones familiares.\" \/>\n<meta name=\"robots\" content=\"index, follow, max-snippet:-1, max-image-preview:large, max-video-preview:-1\" \/>\n<link rel=\"canonical\" href=\"https:\/\/somllavors.com\/es\/producte\/mochila-leon-foret-mawa-moulin-roty\" \/>\n<meta property=\"og:locale\" content=\"es_ES\" \/>\n<meta property=\"og:type\" content=\"article\" \/>\n<meta property=\"og:title\" content=\"Mochila le\u00f3n For\u00eat Mawa - Moulin Roty\" \/>\n<meta property=\"og:description\" content=\"La teva botiga d\u2019ecocrian\u00e7a i espai d\u2019acompanyament a la maternitat\" \/>\n<meta property=\"og:url\" content=\"https:\/\/somllavors.com\/es\/producte\/mochila-leon-foret-mawa-moulin-roty\" \/>\n<meta property=\"og:site_name\" content=\"Som Llavors\" \/>\n<meta property=\"article:publisher\" content=\"https:\/\/www.facebook.com\/somllavorsvng\/?locale=ca_ES\" \/>\n<meta property=\"og:image\" content=\"https:\/\/somllavors.com\/wp-content\/uploads\/2026\/02\/RKMP00011339.jpg\" \/>\n\t<meta property=\"og:image:width\" content=\"1080\" \/>\n\t<meta property=\"og:image:height\" content=\"1080\" \/>\n\t<meta property=\"og:image:type\" content=\"image\/jpeg\" \/>\n<meta name=\"twitter:card\" content=\"summary_large_image\" \/>\n<meta name=\"twitter:label1\" content=\"Precio\" \/>\n\t<meta name=\"twitter:data1\" content=\"39,90&euro; Iva incl\u00f2s\" \/>\n\t<meta name=\"twitter:label2\" content=\"Availability\" \/>\n\t<meta name=\"twitter:data2\" content=\"Hay existencias\" \/>\n<script type=\"application\/ld+json\" class=\"yoast-schema-graph\">{\"@context\":\"https:\\\/\\\/schema.org\",\"@graph\":[{\"@type\":\"WebPage\",\"@id\":\"https:\\\/\\\/somllavors.com\\\/es\\\/producte\\\/mochila-leon-foret-mawa-moulin-roty\",\"url\":\"https:\\\/\\\/somllavors.com\\\/es\\\/producte\\\/mochila-leon-foret-mawa-moulin-roty\",\"name\":\"Mochila le\u00f3n For\u00eat Mawa - Moulin Roty &#8212; Som Llavors\",\"isPartOf\":{\"@id\":\"https:\\\/\\\/somllavors.com\\\/es#website\"},\"primaryImageOfPage\":{\"@id\":\"https:\\\/\\\/somllavors.com\\\/es\\\/producte\\\/mochila-leon-foret-mawa-moulin-roty#primaryimage\"},\"image\":{\"@id\":\"https:\\\/\\\/somllavors.com\\\/es\\\/producte\\\/mochila-leon-foret-mawa-moulin-roty#primaryimage\"},\"thumbnailUrl\":\"https:\\\/\\\/somllavors.com\\\/wp-content\\\/uploads\\\/2026\\\/02\\\/RKMP00011339.jpg\",\"datePublished\":\"2026-02-18T23:09:10+00:00\",\"description\":\"Mochila Le\u00f3n \u2013 Colecci\u00f3n Foret de Mawa La compa\u00f1era perfecta para los primeros grandes planes. Esta mochila con forma de le\u00f3n combina un adorable dise\u00f1o de inspiraci\u00f3n n\u00f3rdica con una funcionalidad pensada espec\u00edficamente para la primera infancia. M\u00e1s que un accesorio, es un aliado en el crecimiento de los m\u00e1s peque\u00f1os, ideal para ir a la guarder\u00eda, al parque o en las primeras excursiones familiares.\",\"breadcrumb\":{\"@id\":\"https:\\\/\\\/somllavors.com\\\/es\\\/producte\\\/mochila-leon-foret-mawa-moulin-roty#breadcrumb\"},\"inLanguage\":\"es\",\"potentialAction\":[{\"@type\":\"ReadAction\",\"target\":[\"https:\\\/\\\/somllavors.com\\\/es\\\/producte\\\/mochila-leon-foret-mawa-moulin-roty\"]}]},{\"@type\":\"ImageObject\",\"inLanguage\":\"es\",\"@id\":\"https:\\\/\\\/somllavors.com\\\/es\\\/producte\\\/mochila-leon-foret-mawa-moulin-roty#primaryimage\",\"url\":\"https:\\\/\\\/somllavors.com\\\/wp-content\\\/uploads\\\/2026\\\/02\\\/RKMP00011339.jpg\",\"contentUrl\":\"https:\\\/\\\/somllavors.com\\\/wp-content\\\/uploads\\\/2026\\\/02\\\/RKMP00011339.jpg\",\"width\":1080,\"height\":1080,\"caption\":\"motxilla lle\u00f3 Mamba For\u00eat Mawa\"},{\"@type\":\"BreadcrumbList\",\"@id\":\"https:\\\/\\\/somllavors.com\\\/es\\\/producte\\\/mochila-leon-foret-mawa-moulin-roty#breadcrumb\",\"itemListElement\":[{\"@type\":\"ListItem\",\"position\":1,\"name\":\"Inici\",\"item\":\"https:\\\/\\\/somllavors.com\\\/es\"},{\"@type\":\"ListItem\",\"position\":2,\"name\":\"Tienda\",\"item\":\"https:\\\/\\\/somllavors.com\\\/es\\\/botiga-2\"},{\"@type\":\"ListItem\",\"position\":3,\"name\":\"Mochila le\u00f3n For\u00eat Mawa &#8211; Moulin Roty\"}]},{\"@type\":\"WebSite\",\"@id\":\"https:\\\/\\\/somllavors.com\\\/es#website\",\"url\":\"https:\\\/\\\/somllavors.com\\\/es\",\"name\":\"Som Llavors\",\"description\":\"Botiga de crian\u00e7a natural\",\"publisher\":{\"@id\":\"https:\\\/\\\/somllavors.com\\\/es#organization\"},\"alternateName\":\"Crian\u00e7a Natural i Sostenible\",\"potentialAction\":[{\"@type\":\"SearchAction\",\"target\":{\"@type\":\"EntryPoint\",\"urlTemplate\":\"https:\\\/\\\/somllavors.com\\\/es?s={search_term_string}\"},\"query-input\":{\"@type\":\"PropertyValueSpecification\",\"valueRequired\":true,\"valueName\":\"search_term_string\"}}],\"inLanguage\":\"es\"},{\"@type\":[\"Organization\",\"Place\",\"Store\"],\"@id\":\"https:\\\/\\\/somllavors.com\\\/es#organization\",\"name\":\"Som Llavors\",\"alternateName\":\"Crian\u00e7a Natural i Sostenible\",\"url\":\"https:\\\/\\\/somllavors.com\\\/es\",\"logo\":{\"@id\":\"https:\\\/\\\/somllavors.com\\\/es\\\/producte\\\/mochila-leon-foret-mawa-moulin-roty#local-main-organization-logo\"},\"image\":{\"@id\":\"https:\\\/\\\/somllavors.com\\\/es\\\/producte\\\/mochila-leon-foret-mawa-moulin-roty#local-main-organization-logo\"},\"sameAs\":[\"https:\\\/\\\/www.facebook.com\\\/somllavorsvng\\\/?locale=ca_ES\",\"https:\\\/\\\/www.instagram.com\\\/somllavors_vng\\\/\",\"https:\\\/\\\/www.youtube.com\\\/@somllavors\"],\"address\":{\"@id\":\"https:\\\/\\\/somllavors.com\\\/es\\\/producte\\\/mochila-leon-foret-mawa-moulin-roty#local-main-place-address\"},\"geo\":{\"@type\":\"GeoCoordinates\",\"latitude\":\"41.2257737\",\"longitude\":\"1.723258859\"},\"telephone\":[\"623152704\"],\"openingHoursSpecification\":[{\"@type\":\"OpeningHoursSpecification\",\"dayOfWeek\":[\"Monday\",\"Sunday\"],\"opens\":\"00:00\",\"closes\":\"00:00\"},{\"@type\":\"OpeningHoursSpecification\",\"dayOfWeek\":[\"Tuesday\",\"Wednesday\",\"Thursday\",\"Friday\"],\"opens\":\"10:00\",\"closes\":\"20:00\"},{\"@type\":\"OpeningHoursSpecification\",\"dayOfWeek\":[\"Saturday\"],\"opens\":\"10:00\",\"closes\":\"13:30\"}],\"email\":\"info@somllavors.com\"},{\"@type\":\"PostalAddress\",\"@id\":\"https:\\\/\\\/somllavors.com\\\/es\\\/producte\\\/mochila-leon-foret-mawa-moulin-roty#local-main-place-address\",\"streetAddress\":\"Carrer de l'aigua, 6\",\"addressLocality\":\"Vilanova i la Geltr\u00fa\",\"postalCode\":\"08800\",\"addressRegion\":\"Barcelona\",\"addressCountry\":\"ES\"},{\"@type\":\"ImageObject\",\"inLanguage\":\"es\",\"@id\":\"https:\\\/\\\/somllavors.com\\\/es\\\/producte\\\/mochila-leon-foret-mawa-moulin-roty#local-main-organization-logo\",\"url\":\"https:\\\/\\\/somllavors.com\\\/wp-content\\\/uploads\\\/Logotip-Som-Llavors.jpg\",\"contentUrl\":\"https:\\\/\\\/somllavors.com\\\/wp-content\\\/uploads\\\/Logotip-Som-Llavors.jpg\",\"width\":1444,\"height\":1323,\"caption\":\"Som Llavors\"}]}<\/script>\n<meta property=\"product:price:amount\" content=\"39.90\" \/>\n<meta property=\"product:price:currency\" content=\"EUR\" \/>\n<meta property=\"og:availability\" content=\"instock\" \/>\n<meta property=\"product:availability\" content=\"instock\" \/>\n<meta property=\"product:retailer_item_id\" content=\"688070\" \/>\n<meta property=\"product:condition\" content=\"new\" \/>\n<meta name=\"geo.placename\" content=\"Vilanova i la Geltr\u00fa\" \/>\n<meta name=\"geo.position\" content=\"41.2257737;1.723258859\" \/>\n<meta name=\"geo.region\" content=\"Espa\u00f1a\" \/>\n<!-- \/ Yoast SEO Premium plugin. -->","yoast_head_json":{"title":"Mochila le\u00f3n For\u00eat Mawa - Moulin Roty &#8212; Som Llavors","description":"Mochila Le\u00f3n \u2013 Colecci\u00f3n Foret de Mawa La compa\u00f1era perfecta para los primeros grandes planes. Esta mochila con forma de le\u00f3n combina un adorable dise\u00f1o de inspiraci\u00f3n n\u00f3rdica con una funcionalidad pensada espec\u00edficamente para la primera infancia. M\u00e1s que un accesorio, es un aliado en el crecimiento de los m\u00e1s peque\u00f1os, ideal para ir a la guarder\u00eda, al parque o en las primeras excursiones familiares.","robots":{"index":"index","follow":"follow","max-snippet":"max-snippet:-1","max-image-preview":"max-image-preview:large","max-video-preview":"max-video-preview:-1"},"canonical":"https:\/\/somllavors.com\/es\/producte\/mochila-leon-foret-mawa-moulin-roty","og_locale":"es_ES","og_type":"article","og_title":"Mochila le\u00f3n For\u00eat Mawa - Moulin Roty","og_description":"La teva botiga d\u2019ecocrian\u00e7a i espai d\u2019acompanyament a la maternitat","og_url":"https:\/\/somllavors.com\/es\/producte\/mochila-leon-foret-mawa-moulin-roty","og_site_name":"Som Llavors","article_publisher":"https:\/\/www.facebook.com\/somllavorsvng\/?locale=ca_ES","og_image":[{"width":1080,"height":1080,"url":"https:\/\/somllavors.com\/wp-content\/uploads\/2026\/02\/RKMP00011339.jpg","type":"image\/jpeg"}],"twitter_card":"summary_large_image","twitter_misc":{"Precio":"39,90&euro; Iva incl\u00f2s","Availability":"Hay existencias"},"schema":{"@context":"https:\/\/schema.org","@graph":[{"@type":"WebPage","@id":"https:\/\/somllavors.com\/es\/producte\/mochila-leon-foret-mawa-moulin-roty","url":"https:\/\/somllavors.com\/es\/producte\/mochila-leon-foret-mawa-moulin-roty","name":"Mochila le\u00f3n For\u00eat Mawa - Moulin Roty &#8212; Som Llavors","isPartOf":{"@id":"https:\/\/somllavors.com\/es#website"},"primaryImageOfPage":{"@id":"https:\/\/somllavors.com\/es\/producte\/mochila-leon-foret-mawa-moulin-roty#primaryimage"},"image":{"@id":"https:\/\/somllavors.com\/es\/producte\/mochila-leon-foret-mawa-moulin-roty#primaryimage"},"thumbnailUrl":"https:\/\/somllavors.com\/wp-content\/uploads\/2026\/02\/RKMP00011339.jpg","datePublished":"2026-02-18T23:09:10+00:00","description":"Mochila Le\u00f3n \u2013 Colecci\u00f3n Foret de Mawa La compa\u00f1era perfecta para los primeros grandes planes. Esta mochila con forma de le\u00f3n combina un adorable dise\u00f1o de inspiraci\u00f3n n\u00f3rdica con una funcionalidad pensada espec\u00edficamente para la primera infancia. M\u00e1s que un accesorio, es un aliado en el crecimiento de los m\u00e1s peque\u00f1os, ideal para ir a la guarder\u00eda, al parque o en las primeras excursiones familiares.","breadcrumb":{"@id":"https:\/\/somllavors.com\/es\/producte\/mochila-leon-foret-mawa-moulin-roty#breadcrumb"},"inLanguage":"es","potentialAction":[{"@type":"ReadAction","target":["https:\/\/somllavors.com\/es\/producte\/mochila-leon-foret-mawa-moulin-roty"]}]},{"@type":"ImageObject","inLanguage":"es","@id":"https:\/\/somllavors.com\/es\/producte\/mochila-leon-foret-mawa-moulin-roty#primaryimage","url":"https:\/\/somllavors.com\/wp-content\/uploads\/2026\/02\/RKMP00011339.jpg","contentUrl":"https:\/\/somllavors.com\/wp-content\/uploads\/2026\/02\/RKMP00011339.jpg","width":1080,"height":1080,"caption":"motxilla lle\u00f3 Mamba For\u00eat Mawa"},{"@type":"BreadcrumbList","@id":"https:\/\/somllavors.com\/es\/producte\/mochila-leon-foret-mawa-moulin-roty#breadcrumb","itemListElement":[{"@type":"ListItem","position":1,"name":"Inici","item":"https:\/\/somllavors.com\/es"},{"@type":"ListItem","position":2,"name":"Tienda","item":"https:\/\/somllavors.com\/es\/botiga-2"},{"@type":"ListItem","position":3,"name":"Mochila le\u00f3n For\u00eat Mawa &#8211; Moulin Roty"}]},{"@type":"WebSite","@id":"https:\/\/somllavors.com\/es#website","url":"https:\/\/somllavors.com\/es","name":"Som Llavors","description":"Botiga de crian\u00e7a natural","publisher":{"@id":"https:\/\/somllavors.com\/es#organization"},"alternateName":"Crian\u00e7a Natural i Sostenible","potentialAction":[{"@type":"SearchAction","target":{"@type":"EntryPoint","urlTemplate":"https:\/\/somllavors.com\/es?s={search_term_string}"},"query-input":{"@type":"PropertyValueSpecification","valueRequired":true,"valueName":"search_term_string"}}],"inLanguage":"es"},{"@type":["Organization","Place","Store"],"@id":"https:\/\/somllavors.com\/es#organization","name":"Som Llavors","alternateName":"Crian\u00e7a Natural i Sostenible","url":"https:\/\/somllavors.com\/es","logo":{"@id":"https:\/\/somllavors.com\/es\/producte\/mochila-leon-foret-mawa-moulin-roty#local-main-organization-logo"},"image":{"@id":"https:\/\/somllavors.com\/es\/producte\/mochila-leon-foret-mawa-moulin-roty#local-main-organization-logo"},"sameAs":["https:\/\/www.facebook.com\/somllavorsvng\/?locale=ca_ES","https:\/\/www.instagram.com\/somllavors_vng\/","https:\/\/www.youtube.com\/@somllavors"],"address":{"@id":"https:\/\/somllavors.com\/es\/producte\/mochila-leon-foret-mawa-moulin-roty#local-main-place-address"},"geo":{"@type":"GeoCoordinates","latitude":"41.2257737","longitude":"1.723258859"},"telephone":["623152704","623152704"],"openingHoursSpecification":[{"@type":"OpeningHoursSpecification","dayOfWeek":["Monday","Sunday"],"opens":"00:00","closes":"00:00"},{"@type":"OpeningHoursSpecification","dayOfWeek":["Tuesday","Wednesday","Thursday","Friday"],"opens":"10:00","closes":"20:00"},{"@type":"OpeningHoursSpecification","dayOfWeek":["Saturday"],"opens":"10:00","closes":"13:30"}],"email":"info@somllavors.com"},{"@type":"PostalAddress","@id":"https:\/\/somllavors.com\/es\/producte\/mochila-leon-foret-mawa-moulin-roty#local-main-place-address","streetAddress":"Carrer de l'aigua, 6","addressLocality":"Vilanova i la Geltr\u00fa","postalCode":"08800","addressRegion":"Barcelona","addressCountry":"ES"},{"@type":"ImageObject","inLanguage":"es","@id":"https:\/\/somllavors.com\/es\/producte\/mochila-leon-foret-mawa-moulin-roty#local-main-organization-logo","url":"https:\/\/somllavors.com\/wp-content\/uploads\/Logotip-Som-Llavors.jpg","contentUrl":"https:\/\/somllavors.com\/wp-content\/uploads\/Logotip-Som-Llavors.jpg","width":1444,"height":1323,"caption":"Som Llavors"}]},"product_price_amount":"39.90","product_price_currency":"EUR","og_availability":"instock","product_availability":"instock","product_retailer_item_id":"688070","product_condition":"new","geo.placename":"Vilanova i la Geltr\u00fa","geo.position":{"lat":"41.2257737","long":"1.723258859"},"geo.region":"Espa\u00f1a"},"brands":[{"id":4110,"name":"Moulin Roty","slug":"moulin-roty"}],"_links":{"self":[{"href":"https:\/\/somllavors.com\/es\/wp-json\/wp\/v2\/product\/90843","targetHints":{"allow":["GET"]}}],"collection":[{"href":"https:\/\/somllavors.com\/es\/wp-json\/wp\/v2\/product"}],"about":[{"href":"https:\/\/somllavors.com\/es\/wp-json\/wp\/v2\/types\/product"}],"wp:featuredmedia":[{"embeddable":true,"href":"https:\/\/somllavors.com\/es\/wp-json\/wp\/v2\/media\/88627"}],"wp:attachment":[{"href":"https:\/\/somllavors.com\/es\/wp-json\/wp\/v2\/media?parent=90843"}],"wp:term":[{"taxonomy":"pwb-brand","embeddable":true,"href":"https:\/\/somllavors.com\/es\/wp-json\/wp\/v2\/pwb-brand?post=90843"},{"taxonomy":"product_brand","embeddable":true,"href":"https:\/\/somllavors.com\/es\/wp-json\/wp\/v2\/product_brand?post=90843"},{"taxonomy":"product_cat","embeddable":true,"href":"https:\/\/somllavors.com\/es\/wp-json\/wp\/v2\/product_cat?post=90843"},{"taxonomy":"product_tag","embeddable":true,"href":"https:\/\/somllavors.com\/es\/wp-json\/wp\/v2\/product_tag?post=90843"}],"curies":[{"name":"wp","href":"https:\/\/api.w.org\/{rel}","templated":true}]}}