{"id":90872,"date":"2026-02-17T21:19:09","date_gmt":"2026-02-17T20:19:09","guid":{"rendered":"https:\/\/somllavors.com\/producte\/doudou-leon-mamba-foret-mawa-moulin-roty"},"modified":"2026-02-17T21:19:09","modified_gmt":"2026-02-17T20:19:09","slug":"doudou-leon-mamba-foret-mawa-moulin-roty","status":"publish","type":"product","link":"https:\/\/somllavors.com\/es\/producte\/doudou-leon-mamba-foret-mawa-moulin-roty","title":{"rendered":"Doudou le\u00f3n Mamba For\u00eat Mawa &#8211; Moulin Roty"},"content":{"rendered":"<div class=\"container\">\n<div id=\"model-response-message-contentr_2433f008a77b7490\" class=\"markdown markdown-main-panel enable-updated-hr-color preserve-whitespaces-in-response\" dir=\"ltr\" aria-live=\"polite\" aria-busy=\"false\">\n<h3 data-path-to-node=\"5\">Puntos clave que le hacen especial<\/h3>\n<ul data-path-to-node=\"6\">\n<li>\n<p data-path-to-node=\"6,0,0\">Textura sensorial: La combinaci\u00f3n de la suavidad del cuerpo con la textura de su melena ofrece distintos puntos de exploraci\u00f3n t\u00e1ctil para el beb\u00e9.<\/p>\n<\/li>\n<li>\n<p data-path-to-node=\"6,1,0\">Formato &#8220;manteau&#8221;: Su cuerpo de mantita plana es ligero y muy maleable, facilitando que los beb\u00e9s m\u00e1s peque\u00f1os puedan abrazarlo y mantenerlo cerca de la cara con total seguridad.<\/p>\n<\/li>\n<li>\n<p data-path-to-node=\"6,2,0\">Detalles cuidados: Acabados bordados de alta calidad (sin piezas peque\u00f1as que se puedan desprender) y nudos en las puntas que invitan a ser explorados y mordidos.<\/p>\n<\/li>\n<li>\n<p data-path-to-node=\"6,3,0\">Calma y seguridad: Act\u00faa como referente de seguridad en momentos de cansancio o en entornos desconocidos para el ni\u00f1o.<\/p>\n<\/li>\n<\/ul>\n<h3 data-path-to-node=\"7\">Ficha del producto<\/h3>\n<ul data-path-to-node=\"8\">\n<li>\n<p data-path-to-node=\"8,0,0\">Personaje: Mamba el Le\u00f3n.<\/p>\n<\/li>\n<li>\n<p data-path-to-node=\"8,1,0\">Limpieza: Lavable a m\u00e1quina (m\u00e1ximo 30 \u00b0 C) para mantenerlo siempre como el primer d\u00eda.<\/p>\n<\/li>\n<li>\n<p data-path-to-node=\"8,2,0\">Recomendaci\u00f3n: Apto desde el primer d\u00eda de vida (0+).<\/p>\n<\/li>\n<\/ul>\n<blockquote data-path-to-node=\"9\">\n<p data-path-to-node=\"9,0\"><b data-path-to-node=\"9,0\" data-index-in-node=\"0\">En Som Llavors nos encanta&#8230;<\/b> La personalidad de Mamba. Es el regalo de nacimiento ideal para aquellas familias que buscan un toque de originalidad sin renunciar a la est\u00e9tica org\u00e1nica y suave que tanto nos gusta. <\/p>\n<\/blockquote>\n<\/div>\n<\/div>\n","protected":false},"excerpt":{"rendered":"<h2 data-path-to-node=\"2\">Doudou Le\u00f3n Mamba \u2013 Colecci\u00f3n For\u00eat Mawa<\/h2>\n<p data-path-to-node=\"3\">El Doudou Le\u00f3n Mamba, tiene una melena suave y una expresi\u00f3n amigable, este peque\u00f1o rey de la selva llega para proteger los sue\u00f1os de los beb\u00e9s de la casa.<\/p>\n<p data-path-to-node=\"4\">Como toda la colecci\u00f3n For\u00eat Mawa, Mamba est\u00e1 dise\u00f1ado con una paleta de colores terrosos y naturales que invitan al descanso y se alejan de la estridencia, cuidando la armon\u00eda visual de la habitaci\u00f3n del beb\u00e9.<\/p>\n","protected":false},"featured_media":88574,"template":"","meta":{"_acf_changed":false,"site-sidebar-layout":"default","site-content-layout":"","ast-site-content-layout":"default","site-content-style":"default","site-sidebar-style":"default","ast-global-header-display":"","ast-banner-title-visibility":"","ast-main-header-display":"","ast-hfb-above-header-display":"","ast-hfb-below-header-display":"","ast-hfb-mobile-header-display":"","site-post-title":"","ast-breadcrumbs-content":"","ast-featured-img":"","footer-sml-layout":"","theme-transparent-header-meta":"default","adv-header-id-meta":"","stick-header-meta":"","header-above-stick-meta":"","header-main-stick-meta":"","header-below-stick-meta":"","astra-migrate-meta-layouts":"default","ast-page-background-enabled":"default","ast-page-background-meta":{"desktop":{"background-color":"","background-image":"","background-repeat":"repeat","background-position":"center center","background-size":"auto","background-attachment":"scroll","background-type":"","background-media":"","overlay-type":"","overlay-color":"","overlay-opacity":"","overlay-gradient":""},"tablet":{"background-color":"","background-image":"","background-repeat":"repeat","background-position":"center center","background-size":"auto","background-attachment":"scroll","background-type":"","background-media":"","overlay-type":"","overlay-color":"","overlay-opacity":"","overlay-gradient":""},"mobile":{"background-color":"","background-image":"","background-repeat":"repeat","background-position":"center center","background-size":"auto","background-attachment":"scroll","background-type":"","background-media":"","overlay-type":"","overlay-color":"","overlay-opacity":"","overlay-gradient":""}},"ast-content-background-meta":{"desktop":{"background-color":"var(--ast-global-color-5)","background-image":"","background-repeat":"repeat","background-position":"center center","background-size":"auto","background-attachment":"scroll","background-type":"","background-media":"","overlay-type":"","overlay-color":"","overlay-opacity":"","overlay-gradient":""},"tablet":{"background-color":"var(--ast-global-color-5)","background-image":"","background-repeat":"repeat","background-position":"center center","background-size":"auto","background-attachment":"scroll","background-type":"","background-media":"","overlay-type":"","overlay-color":"","overlay-opacity":"","overlay-gradient":""},"mobile":{"background-color":"var(--ast-global-color-5)","background-image":"","background-repeat":"repeat","background-position":"center center","background-size":"auto","background-attachment":"scroll","background-type":"","background-media":"","overlay-type":"","overlay-color":"","overlay-opacity":"","overlay-gradient":""}}},"pwb-brand":[4110],"product_brand":[],"product_cat":[3371,3558,3560,3608],"product_tag":[5445,6054,6059],"class_list":{"0":"post-90872","1":"product","2":"type-product","3":"status-publish","4":"has-post-thumbnail","6":"pwb-brand-moulin-roty","7":"product_cat-3-meses","8":"product_cat-0-meses","9":"product_cat-primeros-juguetes","10":"product_cat-regalos-originales-recien-nacidos","11":"product_tag-doudou-es","12":"product_tag-foret-mawa","13":"product_tag-leon-mabma","14":"desktop-align-left","15":"tablet-align-left","16":"mobile-align-left","18":"first","19":"instock","20":"taxable","21":"shipping-taxable","22":"purchasable","23":"product-type-simple"},"acf":[],"yoast_head":"<!-- This site is optimized with the Yoast SEO Premium plugin v18.3 (Yoast SEO v26.2) - https:\/\/yoast.com\/wordpress\/plugins\/seo\/ -->\n<title>Doudou le\u00f3n Mamba For\u00eat Mawa - Moulin Roty &#8212; Som Llavors<\/title>\n<meta name=\"description\" content=\"Doudou Le\u00f3n Mamba \u2013 Colecci\u00f3n For\u00eat Mawa El Doudou Le\u00f3n Mamba, tiene una melena suave y una expresi\u00f3n amigable, este peque\u00f1o rey de la selva llega para proteger los sue\u00f1os de los beb\u00e9s de la casa. Como toda la colecci\u00f3n For\u00eat Mawa, Mamba est\u00e1 dise\u00f1ado con una paleta de colores terrosos y naturales que invitan al descanso y se alejan de la estridencia, cuidando la armon\u00eda visual de la habitaci\u00f3n del beb\u00e9.\" \/>\n<meta name=\"robots\" content=\"index, follow, max-snippet:-1, max-image-preview:large, max-video-preview:-1\" \/>\n<link rel=\"canonical\" href=\"https:\/\/somllavors.com\/es\/producte\/doudou-leon-mamba-foret-mawa-moulin-roty\" \/>\n<meta property=\"og:locale\" content=\"es_ES\" \/>\n<meta property=\"og:type\" content=\"article\" \/>\n<meta property=\"og:title\" content=\"Doudou le\u00f3n Mamba For\u00eat Mawa - Moulin Roty\" \/>\n<meta property=\"og:description\" content=\"La teva botiga d\u2019ecocrian\u00e7a i espai d\u2019acompanyament a la maternitat\" \/>\n<meta property=\"og:url\" content=\"https:\/\/somllavors.com\/es\/producte\/doudou-leon-mamba-foret-mawa-moulin-roty\" \/>\n<meta property=\"og:site_name\" content=\"Som Llavors\" \/>\n<meta property=\"article:publisher\" content=\"https:\/\/www.facebook.com\/somllavorsvng\/?locale=ca_ES\" \/>\n<meta property=\"og:image\" content=\"https:\/\/somllavors.com\/wp-content\/uploads\/2026\/02\/RKMP00011326.jpg\" \/>\n\t<meta property=\"og:image:width\" content=\"1080\" \/>\n\t<meta property=\"og:image:height\" content=\"1080\" \/>\n\t<meta property=\"og:image:type\" content=\"image\/jpeg\" \/>\n<meta name=\"twitter:card\" content=\"summary_large_image\" \/>\n<meta name=\"twitter:label1\" content=\"Precio\" \/>\n\t<meta name=\"twitter:data1\" content=\"26,90&euro; Iva incl\u00f2s\" \/>\n\t<meta name=\"twitter:label2\" content=\"Availability\" \/>\n\t<meta name=\"twitter:data2\" content=\"Hay existencias\" \/>\n<script type=\"application\/ld+json\" class=\"yoast-schema-graph\">{\"@context\":\"https:\/\/schema.org\",\"@graph\":[{\"@type\":\"WebPage\",\"@id\":\"https:\/\/somllavors.com\/es\/producte\/doudou-leon-mamba-foret-mawa-moulin-roty\",\"url\":\"https:\/\/somllavors.com\/es\/producte\/doudou-leon-mamba-foret-mawa-moulin-roty\",\"name\":\"Doudou le\u00f3n Mamba For\u00eat Mawa - Moulin Roty &#8212; Som Llavors\",\"isPartOf\":{\"@id\":\"https:\/\/somllavors.com\/es#website\"},\"primaryImageOfPage\":{\"@id\":\"https:\/\/somllavors.com\/es\/producte\/doudou-leon-mamba-foret-mawa-moulin-roty#primaryimage\"},\"image\":{\"@id\":\"https:\/\/somllavors.com\/es\/producte\/doudou-leon-mamba-foret-mawa-moulin-roty#primaryimage\"},\"thumbnailUrl\":\"https:\/\/somllavors.com\/wp-content\/uploads\/2026\/02\/RKMP00011326.jpg\",\"datePublished\":\"2026-02-17T20:19:09+00:00\",\"description\":\"Doudou Le\u00f3n Mamba \u2013 Colecci\u00f3n For\u00eat Mawa El Doudou Le\u00f3n Mamba, tiene una melena suave y una expresi\u00f3n amigable, este peque\u00f1o rey de la selva llega para proteger los sue\u00f1os de los beb\u00e9s de la casa. Como toda la colecci\u00f3n For\u00eat Mawa, Mamba est\u00e1 dise\u00f1ado con una paleta de colores terrosos y naturales que invitan al descanso y se alejan de la estridencia, cuidando la armon\u00eda visual de la habitaci\u00f3n del beb\u00e9.\",\"breadcrumb\":{\"@id\":\"https:\/\/somllavors.com\/es\/producte\/doudou-leon-mamba-foret-mawa-moulin-roty#breadcrumb\"},\"inLanguage\":\"es\",\"potentialAction\":[{\"@type\":\"ReadAction\",\"target\":[\"https:\/\/somllavors.com\/es\/producte\/doudou-leon-mamba-foret-mawa-moulin-roty\"]}]},{\"@type\":\"ImageObject\",\"inLanguage\":\"es\",\"@id\":\"https:\/\/somllavors.com\/es\/producte\/doudou-leon-mamba-foret-mawa-moulin-roty#primaryimage\",\"url\":\"https:\/\/somllavors.com\/wp-content\/uploads\/2026\/02\/RKMP00011326.jpg\",\"contentUrl\":\"https:\/\/somllavors.com\/wp-content\/uploads\/2026\/02\/RKMP00011326.jpg\",\"width\":1080,\"height\":1080,\"caption\":\"doudou lle\u00f3 mamba foret mawa\"},{\"@type\":\"BreadcrumbList\",\"@id\":\"https:\/\/somllavors.com\/es\/producte\/doudou-leon-mamba-foret-mawa-moulin-roty#breadcrumb\",\"itemListElement\":[{\"@type\":\"ListItem\",\"position\":1,\"name\":\"Inici\",\"item\":\"https:\/\/somllavors.com\/es\"},{\"@type\":\"ListItem\",\"position\":2,\"name\":\"Tienda\",\"item\":\"https:\/\/somllavors.com\/es\/botiga-2\"},{\"@type\":\"ListItem\",\"position\":3,\"name\":\"Doudou le\u00f3n Mamba For\u00eat Mawa &#8211; Moulin Roty\"}]},{\"@type\":\"WebSite\",\"@id\":\"https:\/\/somllavors.com\/es#website\",\"url\":\"https:\/\/somllavors.com\/es\",\"name\":\"Som Llavors\",\"description\":\"Botiga de crian\u00e7a natural\",\"publisher\":{\"@id\":\"https:\/\/somllavors.com\/es#organization\"},\"alternateName\":\"Crian\u00e7a Natural i Sostenible\",\"potentialAction\":[{\"@type\":\"SearchAction\",\"target\":{\"@type\":\"EntryPoint\",\"urlTemplate\":\"https:\/\/somllavors.com\/es?s={search_term_string}\"},\"query-input\":{\"@type\":\"PropertyValueSpecification\",\"valueRequired\":true,\"valueName\":\"search_term_string\"}}],\"inLanguage\":\"es\"},{\"@type\":[\"Organization\",\"Place\",\"Store\"],\"@id\":\"https:\/\/somllavors.com\/es#organization\",\"name\":\"Som Llavors\",\"alternateName\":\"Crian\u00e7a Natural i Sostenible\",\"url\":\"https:\/\/somllavors.com\/es\",\"logo\":{\"@id\":\"https:\/\/somllavors.com\/es\/producte\/doudou-leon-mamba-foret-mawa-moulin-roty#local-main-organization-logo\"},\"image\":{\"@id\":\"https:\/\/somllavors.com\/es\/producte\/doudou-leon-mamba-foret-mawa-moulin-roty#local-main-organization-logo\"},\"sameAs\":[\"https:\/\/www.facebook.com\/somllavorsvng\/?locale=ca_ES\",\"https:\/\/www.instagram.com\/somllavors_vng\/\",\"https:\/\/www.youtube.com\/@somllavors\"],\"address\":{\"@id\":\"https:\/\/somllavors.com\/es\/producte\/doudou-leon-mamba-foret-mawa-moulin-roty#local-main-place-address\"},\"geo\":{\"@type\":\"GeoCoordinates\",\"latitude\":\"41.2257737\",\"longitude\":\"1.723258859\"},\"telephone\":[\"623152704\"],\"openingHoursSpecification\":[{\"@type\":\"OpeningHoursSpecification\",\"dayOfWeek\":[\"Monday\",\"Sunday\"],\"opens\":\"00:00\",\"closes\":\"00:00\"},{\"@type\":\"OpeningHoursSpecification\",\"dayOfWeek\":[\"Tuesday\",\"Wednesday\",\"Thursday\",\"Friday\"],\"opens\":\"10:00\",\"closes\":\"20:00\"},{\"@type\":\"OpeningHoursSpecification\",\"dayOfWeek\":[\"Saturday\"],\"opens\":\"10:00\",\"closes\":\"13:30\"}],\"email\":\"info@somllavors.com\"},{\"@type\":\"PostalAddress\",\"@id\":\"https:\/\/somllavors.com\/es\/producte\/doudou-leon-mamba-foret-mawa-moulin-roty#local-main-place-address\",\"streetAddress\":\"Carrer de l'aigua, 6\",\"addressLocality\":\"Vilanova i la Geltr\u00fa\",\"postalCode\":\"08800\",\"addressRegion\":\"Barcelona\",\"addressCountry\":\"ES\"},{\"@type\":\"ImageObject\",\"inLanguage\":\"es\",\"@id\":\"https:\/\/somllavors.com\/es\/producte\/doudou-leon-mamba-foret-mawa-moulin-roty#local-main-organization-logo\",\"url\":\"https:\/\/somllavors.com\/wp-content\/uploads\/Logotip-Som-Llavors.jpg\",\"contentUrl\":\"https:\/\/somllavors.com\/wp-content\/uploads\/Logotip-Som-Llavors.jpg\",\"width\":1444,\"height\":1323,\"caption\":\"Som Llavors\"}]}<\/script>\n<meta property=\"product:price:amount\" content=\"26.90\" \/>\n<meta property=\"product:price:currency\" content=\"EUR\" \/>\n<meta property=\"og:availability\" content=\"instock\" \/>\n<meta property=\"product:availability\" content=\"instock\" \/>\n<meta property=\"product:retailer_item_id\" content=\"688017\" \/>\n<meta property=\"product:condition\" content=\"new\" \/>\n<meta name=\"geo.placename\" content=\"Vilanova i la Geltr\u00fa\" \/>\n<meta name=\"geo.position\" content=\"41.2257737;1.723258859\" \/>\n<meta name=\"geo.region\" content=\"Espa\u00f1a\" \/>\n<!-- \/ Yoast SEO Premium plugin. -->","yoast_head_json":{"title":"Doudou le\u00f3n Mamba For\u00eat Mawa - Moulin Roty &#8212; Som Llavors","description":"Doudou Le\u00f3n Mamba \u2013 Colecci\u00f3n For\u00eat Mawa El Doudou Le\u00f3n Mamba, tiene una melena suave y una expresi\u00f3n amigable, este peque\u00f1o rey de la selva llega para proteger los sue\u00f1os de los beb\u00e9s de la casa. Como toda la colecci\u00f3n For\u00eat Mawa, Mamba est\u00e1 dise\u00f1ado con una paleta de colores terrosos y naturales que invitan al descanso y se alejan de la estridencia, cuidando la armon\u00eda visual de la habitaci\u00f3n del beb\u00e9.","robots":{"index":"index","follow":"follow","max-snippet":"max-snippet:-1","max-image-preview":"max-image-preview:large","max-video-preview":"max-video-preview:-1"},"canonical":"https:\/\/somllavors.com\/es\/producte\/doudou-leon-mamba-foret-mawa-moulin-roty","og_locale":"es_ES","og_type":"article","og_title":"Doudou le\u00f3n Mamba For\u00eat Mawa - Moulin Roty","og_description":"La teva botiga d\u2019ecocrian\u00e7a i espai d\u2019acompanyament a la maternitat","og_url":"https:\/\/somllavors.com\/es\/producte\/doudou-leon-mamba-foret-mawa-moulin-roty","og_site_name":"Som Llavors","article_publisher":"https:\/\/www.facebook.com\/somllavorsvng\/?locale=ca_ES","og_image":[{"width":1080,"height":1080,"url":"https:\/\/somllavors.com\/wp-content\/uploads\/2026\/02\/RKMP00011326.jpg","type":"image\/jpeg"}],"twitter_card":"summary_large_image","twitter_misc":{"Precio":"26,90&euro; Iva incl\u00f2s","Availability":"Hay existencias"},"schema":{"@context":"https:\/\/schema.org","@graph":[{"@type":"WebPage","@id":"https:\/\/somllavors.com\/es\/producte\/doudou-leon-mamba-foret-mawa-moulin-roty","url":"https:\/\/somllavors.com\/es\/producte\/doudou-leon-mamba-foret-mawa-moulin-roty","name":"Doudou le\u00f3n Mamba For\u00eat Mawa - Moulin Roty &#8212; Som Llavors","isPartOf":{"@id":"https:\/\/somllavors.com\/es#website"},"primaryImageOfPage":{"@id":"https:\/\/somllavors.com\/es\/producte\/doudou-leon-mamba-foret-mawa-moulin-roty#primaryimage"},"image":{"@id":"https:\/\/somllavors.com\/es\/producte\/doudou-leon-mamba-foret-mawa-moulin-roty#primaryimage"},"thumbnailUrl":"https:\/\/somllavors.com\/wp-content\/uploads\/2026\/02\/RKMP00011326.jpg","datePublished":"2026-02-17T20:19:09+00:00","description":"Doudou Le\u00f3n Mamba \u2013 Colecci\u00f3n For\u00eat Mawa El Doudou Le\u00f3n Mamba, tiene una melena suave y una expresi\u00f3n amigable, este peque\u00f1o rey de la selva llega para proteger los sue\u00f1os de los beb\u00e9s de la casa. Como toda la colecci\u00f3n For\u00eat Mawa, Mamba est\u00e1 dise\u00f1ado con una paleta de colores terrosos y naturales que invitan al descanso y se alejan de la estridencia, cuidando la armon\u00eda visual de la habitaci\u00f3n del beb\u00e9.","breadcrumb":{"@id":"https:\/\/somllavors.com\/es\/producte\/doudou-leon-mamba-foret-mawa-moulin-roty#breadcrumb"},"inLanguage":"es","potentialAction":[{"@type":"ReadAction","target":["https:\/\/somllavors.com\/es\/producte\/doudou-leon-mamba-foret-mawa-moulin-roty"]}]},{"@type":"ImageObject","inLanguage":"es","@id":"https:\/\/somllavors.com\/es\/producte\/doudou-leon-mamba-foret-mawa-moulin-roty#primaryimage","url":"https:\/\/somllavors.com\/wp-content\/uploads\/2026\/02\/RKMP00011326.jpg","contentUrl":"https:\/\/somllavors.com\/wp-content\/uploads\/2026\/02\/RKMP00011326.jpg","width":1080,"height":1080,"caption":"doudou lle\u00f3 mamba foret mawa"},{"@type":"BreadcrumbList","@id":"https:\/\/somllavors.com\/es\/producte\/doudou-leon-mamba-foret-mawa-moulin-roty#breadcrumb","itemListElement":[{"@type":"ListItem","position":1,"name":"Inici","item":"https:\/\/somllavors.com\/es"},{"@type":"ListItem","position":2,"name":"Tienda","item":"https:\/\/somllavors.com\/es\/botiga-2"},{"@type":"ListItem","position":3,"name":"Doudou le\u00f3n Mamba For\u00eat Mawa &#8211; Moulin Roty"}]},{"@type":"WebSite","@id":"https:\/\/somllavors.com\/es#website","url":"https:\/\/somllavors.com\/es","name":"Som Llavors","description":"Botiga de crian\u00e7a natural","publisher":{"@id":"https:\/\/somllavors.com\/es#organization"},"alternateName":"Crian\u00e7a Natural i Sostenible","potentialAction":[{"@type":"SearchAction","target":{"@type":"EntryPoint","urlTemplate":"https:\/\/somllavors.com\/es?s={search_term_string}"},"query-input":{"@type":"PropertyValueSpecification","valueRequired":true,"valueName":"search_term_string"}}],"inLanguage":"es"},{"@type":["Organization","Place","Store"],"@id":"https:\/\/somllavors.com\/es#organization","name":"Som Llavors","alternateName":"Crian\u00e7a Natural i Sostenible","url":"https:\/\/somllavors.com\/es","logo":{"@id":"https:\/\/somllavors.com\/es\/producte\/doudou-leon-mamba-foret-mawa-moulin-roty#local-main-organization-logo"},"image":{"@id":"https:\/\/somllavors.com\/es\/producte\/doudou-leon-mamba-foret-mawa-moulin-roty#local-main-organization-logo"},"sameAs":["https:\/\/www.facebook.com\/somllavorsvng\/?locale=ca_ES","https:\/\/www.instagram.com\/somllavors_vng\/","https:\/\/www.youtube.com\/@somllavors"],"address":{"@id":"https:\/\/somllavors.com\/es\/producte\/doudou-leon-mamba-foret-mawa-moulin-roty#local-main-place-address"},"geo":{"@type":"GeoCoordinates","latitude":"41.2257737","longitude":"1.723258859"},"telephone":["623152704","623152704"],"openingHoursSpecification":[{"@type":"OpeningHoursSpecification","dayOfWeek":["Monday","Sunday"],"opens":"00:00","closes":"00:00"},{"@type":"OpeningHoursSpecification","dayOfWeek":["Tuesday","Wednesday","Thursday","Friday"],"opens":"10:00","closes":"20:00"},{"@type":"OpeningHoursSpecification","dayOfWeek":["Saturday"],"opens":"10:00","closes":"13:30"}],"email":"info@somllavors.com"},{"@type":"PostalAddress","@id":"https:\/\/somllavors.com\/es\/producte\/doudou-leon-mamba-foret-mawa-moulin-roty#local-main-place-address","streetAddress":"Carrer de l'aigua, 6","addressLocality":"Vilanova i la Geltr\u00fa","postalCode":"08800","addressRegion":"Barcelona","addressCountry":"ES"},{"@type":"ImageObject","inLanguage":"es","@id":"https:\/\/somllavors.com\/es\/producte\/doudou-leon-mamba-foret-mawa-moulin-roty#local-main-organization-logo","url":"https:\/\/somllavors.com\/wp-content\/uploads\/Logotip-Som-Llavors.jpg","contentUrl":"https:\/\/somllavors.com\/wp-content\/uploads\/Logotip-Som-Llavors.jpg","width":1444,"height":1323,"caption":"Som Llavors"}]},"product_price_amount":"26.90","product_price_currency":"EUR","og_availability":"instock","product_availability":"instock","product_retailer_item_id":"688017","product_condition":"new","geo.placename":"Vilanova i la Geltr\u00fa","geo.position":{"lat":"41.2257737","long":"1.723258859"},"geo.region":"Espa\u00f1a"},"brands":[{"id":4110,"name":"Moulin Roty","slug":"moulin-roty"}],"_links":{"self":[{"href":"https:\/\/somllavors.com\/es\/wp-json\/wp\/v2\/product\/90872","targetHints":{"allow":["GET"]}}],"collection":[{"href":"https:\/\/somllavors.com\/es\/wp-json\/wp\/v2\/product"}],"about":[{"href":"https:\/\/somllavors.com\/es\/wp-json\/wp\/v2\/types\/product"}],"wp:featuredmedia":[{"embeddable":true,"href":"https:\/\/somllavors.com\/es\/wp-json\/wp\/v2\/media\/88574"}],"wp:attachment":[{"href":"https:\/\/somllavors.com\/es\/wp-json\/wp\/v2\/media?parent=90872"}],"wp:term":[{"taxonomy":"pwb-brand","embeddable":true,"href":"https:\/\/somllavors.com\/es\/wp-json\/wp\/v2\/pwb-brand?post=90872"},{"taxonomy":"product_brand","embeddable":true,"href":"https:\/\/somllavors.com\/es\/wp-json\/wp\/v2\/product_brand?post=90872"},{"taxonomy":"product_cat","embeddable":true,"href":"https:\/\/somllavors.com\/es\/wp-json\/wp\/v2\/product_cat?post=90872"},{"taxonomy":"product_tag","embeddable":true,"href":"https:\/\/somllavors.com\/es\/wp-json\/wp\/v2\/product_tag?post=90872"}],"curies":[{"name":"wp","href":"https:\/\/api.w.org\/{rel}","templated":true}]}}