{"id":90874,"date":"2026-02-17T21:13:46","date_gmt":"2026-02-17T20:13:46","guid":{"rendered":"https:\/\/somllavors.com\/producte\/doudou-leopardo-taigo-foret-mawa-moulin-roty"},"modified":"2026-02-17T21:13:46","modified_gmt":"2026-02-17T20:13:46","slug":"doudou-leopardo-taigo-foret-mawa-moulin-roty","status":"publish","type":"product","link":"https:\/\/somllavors.com\/es\/producte\/doudou-leopardo-taigo-foret-mawa-moulin-roty","title":{"rendered":"Doudou leopardo Ta\u00efgo For\u00eat Mawa &#8211; Moulin Roty"},"content":{"rendered":"<h3 data-path-to-node=\"5\">Caracter\u00edsticas destacadas<\/h3>\n<ul data-path-to-node=\"6\">\n<li>\n<p data-path-to-node=\"6,0,0\">Suave como una caricia: Tejidos de primera calidad, libres de sustancias nocivas, para una total tranquilidad de las familias.<\/p>\n<\/li>\n<li>\n<p data-path-to-node=\"6,1,0\">F\u00e1cil de coger: Su estructura plana y los nudos en las puntas permiten que el beb\u00e9 pueda manipularlo f\u00e1cilmente, morder o abrazar con fuerza.<\/p>\n<\/li>\n<li>\n<p data-path-to-node=\"6,2,0\">Estimulaci\u00f3n suave: El contraste de sus manchas y las diferentes prendas ayudan al desarrollo visual y sensorial del ni\u00f1o sin sobreestimularlo.<\/p>\n<\/li>\n<li>\n<p data-path-to-node=\"6,3,0\">Acompa\u00f1amiento constante: Por su tama\u00f1o y ligereza, es el compa\u00f1ero ideal para llevar en el cochecito, en el coche o dejarlo en la cuna.<\/p>\n<\/li>\n<\/ul>\n<h3 data-path-to-node=\"7\">Especificaciones t\u00e9cnicas<\/h3>\n<ul data-path-to-node=\"8\">\n<li>\n<p data-path-to-node=\"8,0,0\">Colecci\u00f3n: For\u00eat Mawa (personaje Ta\u00efgo).<\/p>\n<\/li>\n<li>\n<p data-path-to-node=\"8,1,0\">Cuidado: Se puede lavar a m\u00e1quina a 30 \u00b0C.<\/p>\n<\/li>\n<li>\n<p data-path-to-node=\"8,2,0\">Seguridad: Producto homologado con la normativa europea de seguridad en juguetes.<\/p>\n<\/li>\n<\/ul>\n","protected":false},"excerpt":{"rendered":"<h2 data-path-to-node=\"2\">Doudou Leopardo Ta\u00efgo \u2013 Colecci\u00f3n For\u00eat Mawa<\/h2>\n<p data-path-to-node=\"3\">Doudou Leopardo Ta\u00efgo destaca por ser un compa\u00f1ero de aventuras silencioso y extremadamente dulce. Inspirado en la fauna m\u00e1s elegante del bosque, Ta\u00efgo ha sido dise\u00f1ado para convertirse en el mejor amigo del beb\u00e9, proporcion\u00e1ndole la calma que necesita en los momentos de descanso. <\/p>\n<p data-path-to-node=\"4\">Su est\u00e9tica, con manchas sutiles y tonos naturales, huye de los colores estridentes para ofrecer una experiencia visual y t\u00e1ctil relajante, totalmente alineada con nuestra visi\u00f3n de crianza consciente.<\/p>\n","protected":false},"featured_media":88569,"template":"","meta":{"_acf_changed":false,"site-sidebar-layout":"default","site-content-layout":"","ast-site-content-layout":"default","site-content-style":"default","site-sidebar-style":"default","ast-global-header-display":"","ast-banner-title-visibility":"","ast-main-header-display":"","ast-hfb-above-header-display":"","ast-hfb-below-header-display":"","ast-hfb-mobile-header-display":"","site-post-title":"","ast-breadcrumbs-content":"","ast-featured-img":"","footer-sml-layout":"","theme-transparent-header-meta":"default","adv-header-id-meta":"","stick-header-meta":"","header-above-stick-meta":"","header-main-stick-meta":"","header-below-stick-meta":"","astra-migrate-meta-layouts":"default","ast-page-background-enabled":"default","ast-page-background-meta":{"desktop":{"background-color":"","background-image":"","background-repeat":"repeat","background-position":"center center","background-size":"auto","background-attachment":"scroll","background-type":"","background-media":"","overlay-type":"","overlay-color":"","overlay-opacity":"","overlay-gradient":""},"tablet":{"background-color":"","background-image":"","background-repeat":"repeat","background-position":"center center","background-size":"auto","background-attachment":"scroll","background-type":"","background-media":"","overlay-type":"","overlay-color":"","overlay-opacity":"","overlay-gradient":""},"mobile":{"background-color":"","background-image":"","background-repeat":"repeat","background-position":"center center","background-size":"auto","background-attachment":"scroll","background-type":"","background-media":"","overlay-type":"","overlay-color":"","overlay-opacity":"","overlay-gradient":""}},"ast-content-background-meta":{"desktop":{"background-color":"var(--ast-global-color-5)","background-image":"","background-repeat":"repeat","background-position":"center center","background-size":"auto","background-attachment":"scroll","background-type":"","background-media":"","overlay-type":"","overlay-color":"","overlay-opacity":"","overlay-gradient":""},"tablet":{"background-color":"var(--ast-global-color-5)","background-image":"","background-repeat":"repeat","background-position":"center center","background-size":"auto","background-attachment":"scroll","background-type":"","background-media":"","overlay-type":"","overlay-color":"","overlay-opacity":"","overlay-gradient":""},"mobile":{"background-color":"var(--ast-global-color-5)","background-image":"","background-repeat":"repeat","background-position":"center center","background-size":"auto","background-attachment":"scroll","background-type":"","background-media":"","overlay-type":"","overlay-color":"","overlay-opacity":"","overlay-gradient":""}}},"pwb-brand":[4110],"product_brand":[],"product_cat":[3371,3558,3560,3608],"product_tag":[5445,6054,6058],"class_list":{"0":"post-90874","1":"product","2":"type-product","3":"status-publish","4":"has-post-thumbnail","6":"pwb-brand-moulin-roty","7":"product_cat-3-meses","8":"product_cat-0-meses","9":"product_cat-primeros-juguetes","10":"product_cat-regalos-originales-recien-nacidos","11":"product_tag-doudou-es","12":"product_tag-foret-mawa","13":"product_tag-leopardo-taigo","14":"desktop-align-left","15":"tablet-align-left","16":"mobile-align-left","18":"first","19":"instock","20":"taxable","21":"shipping-taxable","22":"purchasable","23":"product-type-simple"},"acf":[],"yoast_head":"<!-- This site is optimized with the Yoast SEO Premium plugin v18.3 (Yoast SEO v27.4) - https:\/\/yoast.com\/product\/yoast-seo-premium-wordpress\/ -->\n<title>Doudou leopardo Ta\u00efgo For\u00eat Mawa - Moulin Roty &#8212; Som Llavors<\/title>\n<meta name=\"description\" content=\"Doudou Leopardo Ta\u00efgo \u2013 Colecci\u00f3n For\u00eat Mawa Doudou Leopardo Ta\u00efgo destaca por ser un compa\u00f1ero de aventuras silencioso y extremadamente dulce. Inspirado en la fauna m\u00e1s elegante del bosque, Ta\u00efgo ha sido dise\u00f1ado para convertirse en el mejor amigo del beb\u00e9, proporcion\u00e1ndole la calma que necesita en los momentos de descanso. Su est\u00e9tica, con manchas sutiles y tonos naturales, huye de los colores estridentes para ofrecer una experiencia visual y t\u00e1ctil relajante, totalmente alineada con nuestra visi\u00f3n de crianza consciente.\" \/>\n<meta name=\"robots\" content=\"index, follow, max-snippet:-1, max-image-preview:large, max-video-preview:-1\" \/>\n<link rel=\"canonical\" href=\"https:\/\/somllavors.com\/es\/producte\/doudou-leopardo-taigo-foret-mawa-moulin-roty\" \/>\n<meta property=\"og:locale\" content=\"es_ES\" \/>\n<meta property=\"og:type\" content=\"article\" \/>\n<meta property=\"og:title\" content=\"Doudou leopardo Ta\u00efgo For\u00eat Mawa - Moulin Roty\" \/>\n<meta property=\"og:description\" content=\"La teva botiga d\u2019ecocrian\u00e7a i espai d\u2019acompanyament a la maternitat\" \/>\n<meta property=\"og:url\" content=\"https:\/\/somllavors.com\/es\/producte\/doudou-leopardo-taigo-foret-mawa-moulin-roty\" \/>\n<meta property=\"og:site_name\" content=\"Som Llavors\" \/>\n<meta property=\"article:publisher\" content=\"https:\/\/www.facebook.com\/somllavorsvng\/?locale=ca_ES\" \/>\n<meta property=\"og:image\" content=\"https:\/\/somllavors.com\/wp-content\/uploads\/2026\/02\/RKMP00011325.jpg\" \/>\n\t<meta property=\"og:image:width\" content=\"1080\" \/>\n\t<meta property=\"og:image:height\" content=\"1080\" \/>\n\t<meta property=\"og:image:type\" content=\"image\/jpeg\" \/>\n<meta name=\"twitter:card\" content=\"summary_large_image\" \/>\n<meta name=\"twitter:label1\" content=\"Precio\" \/>\n\t<meta name=\"twitter:data1\" content=\"26,90&euro; Iva incl\u00f2s\" \/>\n\t<meta name=\"twitter:label2\" content=\"Availability\" \/>\n\t<meta name=\"twitter:data2\" content=\"Hay existencias\" \/>\n<script type=\"application\/ld+json\" class=\"yoast-schema-graph\">{\"@context\":\"https:\\\/\\\/schema.org\",\"@graph\":[{\"@type\":\"WebPage\",\"@id\":\"https:\\\/\\\/somllavors.com\\\/es\\\/producte\\\/doudou-leopardo-taigo-foret-mawa-moulin-roty\",\"url\":\"https:\\\/\\\/somllavors.com\\\/es\\\/producte\\\/doudou-leopardo-taigo-foret-mawa-moulin-roty\",\"name\":\"Doudou leopardo Ta\u00efgo For\u00eat Mawa - Moulin Roty &#8212; Som Llavors\",\"isPartOf\":{\"@id\":\"https:\\\/\\\/somllavors.com\\\/es#website\"},\"primaryImageOfPage\":{\"@id\":\"https:\\\/\\\/somllavors.com\\\/es\\\/producte\\\/doudou-leopardo-taigo-foret-mawa-moulin-roty#primaryimage\"},\"image\":{\"@id\":\"https:\\\/\\\/somllavors.com\\\/es\\\/producte\\\/doudou-leopardo-taigo-foret-mawa-moulin-roty#primaryimage\"},\"thumbnailUrl\":\"https:\\\/\\\/somllavors.com\\\/wp-content\\\/uploads\\\/2026\\\/02\\\/RKMP00011325.jpg\",\"datePublished\":\"2026-02-17T20:13:46+00:00\",\"description\":\"Doudou Leopardo Ta\u00efgo \u2013 Colecci\u00f3n For\u00eat Mawa Doudou Leopardo Ta\u00efgo destaca por ser un compa\u00f1ero de aventuras silencioso y extremadamente dulce. Inspirado en la fauna m\u00e1s elegante del bosque, Ta\u00efgo ha sido dise\u00f1ado para convertirse en el mejor amigo del beb\u00e9, proporcion\u00e1ndole la calma que necesita en los momentos de descanso. Su est\u00e9tica, con manchas sutiles y tonos naturales, huye de los colores estridentes para ofrecer una experiencia visual y t\u00e1ctil relajante, totalmente alineada con nuestra visi\u00f3n de crianza consciente.\",\"breadcrumb\":{\"@id\":\"https:\\\/\\\/somllavors.com\\\/es\\\/producte\\\/doudou-leopardo-taigo-foret-mawa-moulin-roty#breadcrumb\"},\"inLanguage\":\"es\",\"potentialAction\":[{\"@type\":\"ReadAction\",\"target\":[\"https:\\\/\\\/somllavors.com\\\/es\\\/producte\\\/doudou-leopardo-taigo-foret-mawa-moulin-roty\"]}]},{\"@type\":\"ImageObject\",\"inLanguage\":\"es\",\"@id\":\"https:\\\/\\\/somllavors.com\\\/es\\\/producte\\\/doudou-leopardo-taigo-foret-mawa-moulin-roty#primaryimage\",\"url\":\"https:\\\/\\\/somllavors.com\\\/wp-content\\\/uploads\\\/2026\\\/02\\\/RKMP00011325.jpg\",\"contentUrl\":\"https:\\\/\\\/somllavors.com\\\/wp-content\\\/uploads\\\/2026\\\/02\\\/RKMP00011325.jpg\",\"width\":1080,\"height\":1080,\"caption\":\"doudou lleopard foret mawa\"},{\"@type\":\"BreadcrumbList\",\"@id\":\"https:\\\/\\\/somllavors.com\\\/es\\\/producte\\\/doudou-leopardo-taigo-foret-mawa-moulin-roty#breadcrumb\",\"itemListElement\":[{\"@type\":\"ListItem\",\"position\":1,\"name\":\"Inici\",\"item\":\"https:\\\/\\\/somllavors.com\\\/es\"},{\"@type\":\"ListItem\",\"position\":2,\"name\":\"Tienda\",\"item\":\"https:\\\/\\\/somllavors.com\\\/es\\\/botiga-2\"},{\"@type\":\"ListItem\",\"position\":3,\"name\":\"Doudou leopardo Ta\u00efgo For\u00eat Mawa &#8211; Moulin Roty\"}]},{\"@type\":\"WebSite\",\"@id\":\"https:\\\/\\\/somllavors.com\\\/es#website\",\"url\":\"https:\\\/\\\/somllavors.com\\\/es\",\"name\":\"Som Llavors\",\"description\":\"Botiga de crian\u00e7a natural\",\"publisher\":{\"@id\":\"https:\\\/\\\/somllavors.com\\\/es#organization\"},\"alternateName\":\"Crian\u00e7a Natural i Sostenible\",\"potentialAction\":[{\"@type\":\"SearchAction\",\"target\":{\"@type\":\"EntryPoint\",\"urlTemplate\":\"https:\\\/\\\/somllavors.com\\\/es?s={search_term_string}\"},\"query-input\":{\"@type\":\"PropertyValueSpecification\",\"valueRequired\":true,\"valueName\":\"search_term_string\"}}],\"inLanguage\":\"es\"},{\"@type\":[\"Organization\",\"Place\",\"Store\"],\"@id\":\"https:\\\/\\\/somllavors.com\\\/es#organization\",\"name\":\"Som Llavors\",\"alternateName\":\"Crian\u00e7a Natural i Sostenible\",\"url\":\"https:\\\/\\\/somllavors.com\\\/es\",\"logo\":{\"@id\":\"https:\\\/\\\/somllavors.com\\\/es\\\/producte\\\/doudou-leopardo-taigo-foret-mawa-moulin-roty#local-main-organization-logo\"},\"image\":{\"@id\":\"https:\\\/\\\/somllavors.com\\\/es\\\/producte\\\/doudou-leopardo-taigo-foret-mawa-moulin-roty#local-main-organization-logo\"},\"sameAs\":[\"https:\\\/\\\/www.facebook.com\\\/somllavorsvng\\\/?locale=ca_ES\",\"https:\\\/\\\/www.instagram.com\\\/somllavors_vng\\\/\",\"https:\\\/\\\/www.youtube.com\\\/@somllavors\"],\"address\":{\"@id\":\"https:\\\/\\\/somllavors.com\\\/es\\\/producte\\\/doudou-leopardo-taigo-foret-mawa-moulin-roty#local-main-place-address\"},\"geo\":{\"@type\":\"GeoCoordinates\",\"latitude\":\"41.2257737\",\"longitude\":\"1.723258859\"},\"telephone\":[\"623152704\"],\"openingHoursSpecification\":[{\"@type\":\"OpeningHoursSpecification\",\"dayOfWeek\":[\"Monday\",\"Sunday\"],\"opens\":\"00:00\",\"closes\":\"00:00\"},{\"@type\":\"OpeningHoursSpecification\",\"dayOfWeek\":[\"Tuesday\",\"Wednesday\",\"Thursday\",\"Friday\"],\"opens\":\"10:00\",\"closes\":\"20:00\"},{\"@type\":\"OpeningHoursSpecification\",\"dayOfWeek\":[\"Saturday\"],\"opens\":\"10:00\",\"closes\":\"13:30\"}],\"email\":\"info@somllavors.com\"},{\"@type\":\"PostalAddress\",\"@id\":\"https:\\\/\\\/somllavors.com\\\/es\\\/producte\\\/doudou-leopardo-taigo-foret-mawa-moulin-roty#local-main-place-address\",\"streetAddress\":\"Carrer de l'aigua, 6\",\"addressLocality\":\"Vilanova i la Geltr\u00fa\",\"postalCode\":\"08800\",\"addressRegion\":\"Barcelona\",\"addressCountry\":\"ES\"},{\"@type\":\"ImageObject\",\"inLanguage\":\"es\",\"@id\":\"https:\\\/\\\/somllavors.com\\\/es\\\/producte\\\/doudou-leopardo-taigo-foret-mawa-moulin-roty#local-main-organization-logo\",\"url\":\"https:\\\/\\\/somllavors.com\\\/wp-content\\\/uploads\\\/Logotip-Som-Llavors.jpg\",\"contentUrl\":\"https:\\\/\\\/somllavors.com\\\/wp-content\\\/uploads\\\/Logotip-Som-Llavors.jpg\",\"width\":1444,\"height\":1323,\"caption\":\"Som Llavors\"}]}<\/script>\n<meta property=\"product:price:amount\" content=\"26.90\" \/>\n<meta property=\"product:price:currency\" content=\"EUR\" \/>\n<meta property=\"og:availability\" content=\"instock\" \/>\n<meta property=\"product:availability\" content=\"instock\" \/>\n<meta property=\"product:retailer_item_id\" content=\"688016\" \/>\n<meta property=\"product:condition\" content=\"new\" \/>\n<meta name=\"geo.placename\" content=\"Vilanova i la Geltr\u00fa\" \/>\n<meta name=\"geo.position\" content=\"41.2257737;1.723258859\" \/>\n<meta name=\"geo.region\" content=\"Espa\u00f1a\" \/>\n<!-- \/ Yoast SEO Premium plugin. -->","yoast_head_json":{"title":"Doudou leopardo Ta\u00efgo For\u00eat Mawa - Moulin Roty &#8212; Som Llavors","description":"Doudou Leopardo Ta\u00efgo \u2013 Colecci\u00f3n For\u00eat Mawa Doudou Leopardo Ta\u00efgo destaca por ser un compa\u00f1ero de aventuras silencioso y extremadamente dulce. Inspirado en la fauna m\u00e1s elegante del bosque, Ta\u00efgo ha sido dise\u00f1ado para convertirse en el mejor amigo del beb\u00e9, proporcion\u00e1ndole la calma que necesita en los momentos de descanso. Su est\u00e9tica, con manchas sutiles y tonos naturales, huye de los colores estridentes para ofrecer una experiencia visual y t\u00e1ctil relajante, totalmente alineada con nuestra visi\u00f3n de crianza consciente.","robots":{"index":"index","follow":"follow","max-snippet":"max-snippet:-1","max-image-preview":"max-image-preview:large","max-video-preview":"max-video-preview:-1"},"canonical":"https:\/\/somllavors.com\/es\/producte\/doudou-leopardo-taigo-foret-mawa-moulin-roty","og_locale":"es_ES","og_type":"article","og_title":"Doudou leopardo Ta\u00efgo For\u00eat Mawa - Moulin Roty","og_description":"La teva botiga d\u2019ecocrian\u00e7a i espai d\u2019acompanyament a la maternitat","og_url":"https:\/\/somllavors.com\/es\/producte\/doudou-leopardo-taigo-foret-mawa-moulin-roty","og_site_name":"Som Llavors","article_publisher":"https:\/\/www.facebook.com\/somllavorsvng\/?locale=ca_ES","og_image":[{"width":1080,"height":1080,"url":"https:\/\/somllavors.com\/wp-content\/uploads\/2026\/02\/RKMP00011325.jpg","type":"image\/jpeg"}],"twitter_card":"summary_large_image","twitter_misc":{"Precio":"26,90&euro; Iva incl\u00f2s","Availability":"Hay existencias"},"schema":{"@context":"https:\/\/schema.org","@graph":[{"@type":"WebPage","@id":"https:\/\/somllavors.com\/es\/producte\/doudou-leopardo-taigo-foret-mawa-moulin-roty","url":"https:\/\/somllavors.com\/es\/producte\/doudou-leopardo-taigo-foret-mawa-moulin-roty","name":"Doudou leopardo Ta\u00efgo For\u00eat Mawa - Moulin Roty &#8212; Som Llavors","isPartOf":{"@id":"https:\/\/somllavors.com\/es#website"},"primaryImageOfPage":{"@id":"https:\/\/somllavors.com\/es\/producte\/doudou-leopardo-taigo-foret-mawa-moulin-roty#primaryimage"},"image":{"@id":"https:\/\/somllavors.com\/es\/producte\/doudou-leopardo-taigo-foret-mawa-moulin-roty#primaryimage"},"thumbnailUrl":"https:\/\/somllavors.com\/wp-content\/uploads\/2026\/02\/RKMP00011325.jpg","datePublished":"2026-02-17T20:13:46+00:00","description":"Doudou Leopardo Ta\u00efgo \u2013 Colecci\u00f3n For\u00eat Mawa Doudou Leopardo Ta\u00efgo destaca por ser un compa\u00f1ero de aventuras silencioso y extremadamente dulce. Inspirado en la fauna m\u00e1s elegante del bosque, Ta\u00efgo ha sido dise\u00f1ado para convertirse en el mejor amigo del beb\u00e9, proporcion\u00e1ndole la calma que necesita en los momentos de descanso. Su est\u00e9tica, con manchas sutiles y tonos naturales, huye de los colores estridentes para ofrecer una experiencia visual y t\u00e1ctil relajante, totalmente alineada con nuestra visi\u00f3n de crianza consciente.","breadcrumb":{"@id":"https:\/\/somllavors.com\/es\/producte\/doudou-leopardo-taigo-foret-mawa-moulin-roty#breadcrumb"},"inLanguage":"es","potentialAction":[{"@type":"ReadAction","target":["https:\/\/somllavors.com\/es\/producte\/doudou-leopardo-taigo-foret-mawa-moulin-roty"]}]},{"@type":"ImageObject","inLanguage":"es","@id":"https:\/\/somllavors.com\/es\/producte\/doudou-leopardo-taigo-foret-mawa-moulin-roty#primaryimage","url":"https:\/\/somllavors.com\/wp-content\/uploads\/2026\/02\/RKMP00011325.jpg","contentUrl":"https:\/\/somllavors.com\/wp-content\/uploads\/2026\/02\/RKMP00011325.jpg","width":1080,"height":1080,"caption":"doudou lleopard foret mawa"},{"@type":"BreadcrumbList","@id":"https:\/\/somllavors.com\/es\/producte\/doudou-leopardo-taigo-foret-mawa-moulin-roty#breadcrumb","itemListElement":[{"@type":"ListItem","position":1,"name":"Inici","item":"https:\/\/somllavors.com\/es"},{"@type":"ListItem","position":2,"name":"Tienda","item":"https:\/\/somllavors.com\/es\/botiga-2"},{"@type":"ListItem","position":3,"name":"Doudou leopardo Ta\u00efgo For\u00eat Mawa &#8211; Moulin Roty"}]},{"@type":"WebSite","@id":"https:\/\/somllavors.com\/es#website","url":"https:\/\/somllavors.com\/es","name":"Som Llavors","description":"Botiga de crian\u00e7a natural","publisher":{"@id":"https:\/\/somllavors.com\/es#organization"},"alternateName":"Crian\u00e7a Natural i Sostenible","potentialAction":[{"@type":"SearchAction","target":{"@type":"EntryPoint","urlTemplate":"https:\/\/somllavors.com\/es?s={search_term_string}"},"query-input":{"@type":"PropertyValueSpecification","valueRequired":true,"valueName":"search_term_string"}}],"inLanguage":"es"},{"@type":["Organization","Place","Store"],"@id":"https:\/\/somllavors.com\/es#organization","name":"Som Llavors","alternateName":"Crian\u00e7a Natural i Sostenible","url":"https:\/\/somllavors.com\/es","logo":{"@id":"https:\/\/somllavors.com\/es\/producte\/doudou-leopardo-taigo-foret-mawa-moulin-roty#local-main-organization-logo"},"image":{"@id":"https:\/\/somllavors.com\/es\/producte\/doudou-leopardo-taigo-foret-mawa-moulin-roty#local-main-organization-logo"},"sameAs":["https:\/\/www.facebook.com\/somllavorsvng\/?locale=ca_ES","https:\/\/www.instagram.com\/somllavors_vng\/","https:\/\/www.youtube.com\/@somllavors"],"address":{"@id":"https:\/\/somllavors.com\/es\/producte\/doudou-leopardo-taigo-foret-mawa-moulin-roty#local-main-place-address"},"geo":{"@type":"GeoCoordinates","latitude":"41.2257737","longitude":"1.723258859"},"telephone":["623152704","623152704"],"openingHoursSpecification":[{"@type":"OpeningHoursSpecification","dayOfWeek":["Monday","Sunday"],"opens":"00:00","closes":"00:00"},{"@type":"OpeningHoursSpecification","dayOfWeek":["Tuesday","Wednesday","Thursday","Friday"],"opens":"10:00","closes":"20:00"},{"@type":"OpeningHoursSpecification","dayOfWeek":["Saturday"],"opens":"10:00","closes":"13:30"}],"email":"info@somllavors.com"},{"@type":"PostalAddress","@id":"https:\/\/somllavors.com\/es\/producte\/doudou-leopardo-taigo-foret-mawa-moulin-roty#local-main-place-address","streetAddress":"Carrer de l'aigua, 6","addressLocality":"Vilanova i la Geltr\u00fa","postalCode":"08800","addressRegion":"Barcelona","addressCountry":"ES"},{"@type":"ImageObject","inLanguage":"es","@id":"https:\/\/somllavors.com\/es\/producte\/doudou-leopardo-taigo-foret-mawa-moulin-roty#local-main-organization-logo","url":"https:\/\/somllavors.com\/wp-content\/uploads\/Logotip-Som-Llavors.jpg","contentUrl":"https:\/\/somllavors.com\/wp-content\/uploads\/Logotip-Som-Llavors.jpg","width":1444,"height":1323,"caption":"Som Llavors"}]},"product_price_amount":"26.90","product_price_currency":"EUR","og_availability":"instock","product_availability":"instock","product_retailer_item_id":"688016","product_condition":"new","geo.placename":"Vilanova i la Geltr\u00fa","geo.position":{"lat":"41.2257737","long":"1.723258859"},"geo.region":"Espa\u00f1a"},"brands":[{"id":4110,"name":"Moulin Roty","slug":"moulin-roty"}],"_links":{"self":[{"href":"https:\/\/somllavors.com\/es\/wp-json\/wp\/v2\/product\/90874","targetHints":{"allow":["GET"]}}],"collection":[{"href":"https:\/\/somllavors.com\/es\/wp-json\/wp\/v2\/product"}],"about":[{"href":"https:\/\/somllavors.com\/es\/wp-json\/wp\/v2\/types\/product"}],"wp:featuredmedia":[{"embeddable":true,"href":"https:\/\/somllavors.com\/es\/wp-json\/wp\/v2\/media\/88569"}],"wp:attachment":[{"href":"https:\/\/somllavors.com\/es\/wp-json\/wp\/v2\/media?parent=90874"}],"wp:term":[{"taxonomy":"pwb-brand","embeddable":true,"href":"https:\/\/somllavors.com\/es\/wp-json\/wp\/v2\/pwb-brand?post=90874"},{"taxonomy":"product_brand","embeddable":true,"href":"https:\/\/somllavors.com\/es\/wp-json\/wp\/v2\/product_brand?post=90874"},{"taxonomy":"product_cat","embeddable":true,"href":"https:\/\/somllavors.com\/es\/wp-json\/wp\/v2\/product_cat?post=90874"},{"taxonomy":"product_tag","embeddable":true,"href":"https:\/\/somllavors.com\/es\/wp-json\/wp\/v2\/product_tag?post=90874"}],"curies":[{"name":"wp","href":"https:\/\/api.w.org\/{rel}","templated":true}]}}