{"id":91085,"date":"2026-04-15T12:16:34","date_gmt":"2026-04-15T10:16:34","guid":{"rendered":"https:\/\/somllavors.com\/?post_type=product&#038;p=91085"},"modified":"2026-04-15T12:20:21","modified_gmt":"2026-04-15T10:20:21","slug":"peluix-drac-de-sant-jordi-verd-20cm","status":"publish","type":"product","link":"https:\/\/somllavors.com\/es\/producte\/peluix-drac-de-sant-jordi-verd-20cm","title":{"rendered":"Peluix drac de Sant Jordi verd 20cm"},"content":{"rendered":"<h3 data-path-to-node=\"7\">Caracter\u00edstiques t\u00e8cniques:<\/h3>\n<ul data-path-to-node=\"8\">\n<li>\n<p data-path-to-node=\"8,0,0\"><b data-path-to-node=\"8,0,0\" data-index-in-node=\"0\">Color:<\/b> Verd bosc amb detalls en gris i vermell.<\/p>\n<\/li>\n<li>\n<p data-path-to-node=\"8,1,0\"><b data-path-to-node=\"8,1,0\" data-index-in-node=\"0\">Material: Poli\u00e8ster<\/b><\/p>\n<\/li>\n<li>\n<p data-path-to-node=\"8,2,0\"><b data-path-to-node=\"8,2,0\" data-index-in-node=\"0\">Ideal per a:<\/b> Totes les edats (des de nadons fins a cavallers i princeses de m\u00e9s edat).<\/p>\n<\/li>\n<li><strong>Mida: <\/strong>20 cms<\/li>\n<\/ul>\n","protected":false},"excerpt":{"rendered":"<h2 data-path-to-node=\"2\">\ud83d\udc09 El Drac de Sant Jordi: El Guardi\u00e0 m\u00e9s Tou de la Llegenda<\/h2>\n<p data-path-to-node=\"3\">Aquest Sant Jordi, la llegenda pren una forma molt m\u00e9s suau i abra\u00e7able. El nostre <b data-path-to-node=\"3\" data-index-in-node=\"83\">peluix de drac verd<\/b> no treu foc per la boca, sin\u00f3 que desborda tendresa! \u00c9s el company ideal per a grans i petits que vulguin viure la festa d&#8217;una manera diferent.<\/p>\n<p data-path-to-node=\"4\">Amb el seu color verd intens, les seves banyes grises i aquells detalls vermells tan caracter\u00edstics (com la cresta i la punta de la cua), aquest drac est\u00e0 llest per deixar-se domesticar per una bona lectura.<\/p>\n<h3 data-path-to-node=\"5\">Per qu\u00e8 t&#8217;enamorar\u00e0?<\/h3>\n<ul data-path-to-node=\"6\">\n<li>\n<p data-path-to-node=\"6,0,0\"><b data-path-to-node=\"6,0,0\" data-index-in-node=\"0\">Tacte extra suau:<\/b> Fabricat amb materials de primera qualitat per garantir les millors abra\u00e7ades del m\u00f3n.<\/p>\n<\/li>\n<li>\n<p data-path-to-node=\"6,1,0\"><b data-path-to-node=\"6,1,0\" data-index-in-node=\"0\">Disseny detallat:<\/b> Des de les seves ales grises fins a la seva panxa de color crema, cada detall est\u00e0 pensat per capturar l&#8217;ess\u00e8ncia m\u00e0gica del drac.<\/p>\n<\/li>\n<li>\n<p data-path-to-node=\"6,2,0\"><b data-path-to-node=\"6,2,0\" data-index-in-node=\"0\">El regal perfecte:<\/b> Una alternativa original a la rosa tradicional o el complement ideal per acompanyar el llibre d&#8217;aquest any.<\/p>\n<\/li>\n<li>\n<p data-path-to-node=\"6,3,0\"><b data-path-to-node=\"6,3,0\" data-index-in-node=\"0\">Mida ideal:<\/b> Perfecte per decorar el prestatge dels llibres o per portar-lo a tot arreu durant la Diada.<\/p>\n<\/li>\n<\/ul>\n","protected":false},"featured_media":91088,"template":"","meta":{"_acf_changed":false,"site-sidebar-layout":"default","site-content-layout":"","ast-site-content-layout":"default","site-content-style":"default","site-sidebar-style":"default","ast-global-header-display":"","ast-banner-title-visibility":"","ast-main-header-display":"","ast-hfb-above-header-display":"","ast-hfb-below-header-display":"","ast-hfb-mobile-header-display":"","site-post-title":"","ast-breadcrumbs-content":"","ast-featured-img":"","footer-sml-layout":"","theme-transparent-header-meta":"default","adv-header-id-meta":"","stick-header-meta":"","header-above-stick-meta":"","header-main-stick-meta":"","header-below-stick-meta":"","astra-migrate-meta-layouts":"set","ast-page-background-enabled":"default","ast-page-background-meta":{"desktop":{"background-color":"","background-image":"","background-repeat":"repeat","background-position":"center center","background-size":"auto","background-attachment":"scroll","background-type":"","background-media":"","overlay-type":"","overlay-color":"","overlay-opacity":"","overlay-gradient":""},"tablet":{"background-color":"","background-image":"","background-repeat":"repeat","background-position":"center center","background-size":"auto","background-attachment":"scroll","background-type":"","background-media":"","overlay-type":"","overlay-color":"","overlay-opacity":"","overlay-gradient":""},"mobile":{"background-color":"","background-image":"","background-repeat":"repeat","background-position":"center center","background-size":"auto","background-attachment":"scroll","background-type":"","background-media":"","overlay-type":"","overlay-color":"","overlay-opacity":"","overlay-gradient":""}},"ast-content-background-meta":{"desktop":{"background-color":"var(--ast-global-color-5)","background-image":"","background-repeat":"repeat","background-position":"center center","background-size":"auto","background-attachment":"scroll","background-type":"","background-media":"","overlay-type":"","overlay-color":"","overlay-opacity":"","overlay-gradient":""},"tablet":{"background-color":"var(--ast-global-color-5)","background-image":"","background-repeat":"repeat","background-position":"center center","background-size":"auto","background-attachment":"scroll","background-type":"","background-media":"","overlay-type":"","overlay-color":"","overlay-opacity":"","overlay-gradient":""},"mobile":{"background-color":"var(--ast-global-color-5)","background-image":"","background-repeat":"repeat","background-position":"center center","background-size":"auto","background-attachment":"scroll","background-type":"","background-media":"","overlay-type":"","overlay-color":"","overlay-opacity":"","overlay-gradient":""}}},"pwb-brand":[],"product_brand":[],"product_cat":[3357,886],"product_tag":[],"class_list":{"0":"post-91085","1":"product","2":"type-product","3":"status-publish","4":"has-post-thumbnail","6":"product_cat-0-mesos","7":"product_cat-peluixos","8":"desktop-align-left","9":"tablet-align-left","10":"mobile-align-left","12":"first","13":"instock","14":"taxable","15":"shipping-taxable","16":"purchasable","17":"product-type-simple"},"acf":[],"yoast_head":"<!-- This site is optimized with the Yoast SEO Premium plugin v18.3 (Yoast SEO v27.4) - https:\/\/yoast.com\/product\/yoast-seo-premium-wordpress\/ -->\n<title>Peluix drac de Sant Jordi verd 20cm &#8212; Som Llavors<\/title>\n<meta name=\"description\" content=\"\ud83d\udc09 El Drac de Sant Jordi: El Guardi\u00e0 m\u00e9s Tou de la Llegenda Aquest Sant Jordi, la llegenda pren una forma molt m\u00e9s suau i abra\u00e7able. El nostre peluix de drac verd no treu foc per la boca, sin\u00f3 que desborda tendresa! \u00c9s el company ideal per a grans i petits que vulguin viure la festa d&#039;una manera diferent. Amb el seu color verd intens, les seves banyes grises i aquells detalls vermells tan caracter\u00edstics (com la cresta i la punta de la cua), aquest drac est\u00e0 llest per deixar-se domesticar per una bona lectura.  Per qu\u00e8 t&#039;enamorar\u00e0?    Tacte extra suau: Fabricat amb materials de primera qualitat per garantir les millors abra\u00e7ades del m\u00f3n.    Disseny detallat: Des de les seves ales grises fins a la seva panxa de color crema, cada detall est\u00e0 pensat per capturar l&#039;ess\u00e8ncia m\u00e0gica del drac.    El regal perfecte: Una alternativa original a la rosa tradicional o el complement ideal per acompanyar el llibre d&#039;aquest any.    Mida ideal: Perfecte per decorar el prestatge dels llibres o per portar-lo a tot arreu durant la Diada.\" \/>\n<meta name=\"robots\" content=\"index, follow, max-snippet:-1, max-image-preview:large, max-video-preview:-1\" \/>\n<link rel=\"canonical\" href=\"https:\/\/somllavors.com\/es\/producte\/peluix-drac-de-sant-jordi-verd-20cm\" \/>\n<meta property=\"og:locale\" content=\"es_ES\" \/>\n<meta property=\"og:type\" content=\"article\" \/>\n<meta property=\"og:title\" content=\"Peluix drac de Sant Jordi verd 20cm\" \/>\n<meta property=\"og:description\" content=\"La teva botiga d\u2019ecocrian\u00e7a i espai d\u2019acompanyament a la maternitat\" \/>\n<meta property=\"og:url\" content=\"https:\/\/somllavors.com\/es\/producte\/peluix-drac-de-sant-jordi-verd-20cm\" \/>\n<meta property=\"og:site_name\" content=\"Som Llavors\" \/>\n<meta property=\"article:publisher\" content=\"https:\/\/www.facebook.com\/somllavorsvng\/?locale=ca_ES\" \/>\n<meta property=\"article:modified_time\" content=\"2026-04-15T10:20:21+00:00\" \/>\n<meta property=\"og:image\" content=\"https:\/\/somllavors.com\/wp-content\/uploads\/2026\/04\/4012390621839.jpg\" \/>\n\t<meta property=\"og:image:width\" content=\"800\" \/>\n\t<meta property=\"og:image:height\" content=\"800\" \/>\n\t<meta property=\"og:image:type\" content=\"image\/jpeg\" \/>\n<meta name=\"twitter:card\" content=\"summary_large_image\" \/>\n<meta name=\"twitter:label1\" content=\"Precio\" \/>\n\t<meta name=\"twitter:data1\" content=\"19,99&euro; Iva incl\u00f2s\" \/>\n\t<meta name=\"twitter:label2\" content=\"Availability\" \/>\n\t<meta name=\"twitter:data2\" content=\"Hay existencias\" \/>\n<script type=\"application\/ld+json\" class=\"yoast-schema-graph\">{\"@context\":\"https:\\\/\\\/schema.org\",\"@graph\":[{\"@type\":\"WebPage\",\"@id\":\"https:\\\/\\\/somllavors.com\\\/es\\\/producte\\\/peluix-drac-de-sant-jordi-verd-20cm\",\"url\":\"https:\\\/\\\/somllavors.com\\\/es\\\/producte\\\/peluix-drac-de-sant-jordi-verd-20cm\",\"name\":\"Peluix drac de Sant Jordi verd 20cm &#8212; Som Llavors\",\"isPartOf\":{\"@id\":\"https:\\\/\\\/somllavors.com\\\/es#website\"},\"primaryImageOfPage\":{\"@id\":\"https:\\\/\\\/somllavors.com\\\/es\\\/producte\\\/peluix-drac-de-sant-jordi-verd-20cm#primaryimage\"},\"image\":{\"@id\":\"https:\\\/\\\/somllavors.com\\\/es\\\/producte\\\/peluix-drac-de-sant-jordi-verd-20cm#primaryimage\"},\"thumbnailUrl\":\"https:\\\/\\\/somllavors.com\\\/wp-content\\\/uploads\\\/2026\\\/04\\\/4012390621839.jpg\",\"datePublished\":\"2026-04-15T10:16:34+00:00\",\"dateModified\":\"2026-04-15T10:20:21+00:00\",\"description\":\"\ud83d\udc09 El Drac de Sant Jordi: El Guardi\u00e0 m\u00e9s Tou de la Llegenda Aquest Sant Jordi, la llegenda pren una forma molt m\u00e9s suau i abra\u00e7able. El nostre peluix de drac verd no treu foc per la boca, sin\u00f3 que desborda tendresa! \u00c9s el company ideal per a grans i petits que vulguin viure la festa d'una manera diferent. Amb el seu color verd intens, les seves banyes grises i aquells detalls vermells tan caracter\u00edstics (com la cresta i la punta de la cua), aquest drac est\u00e0 llest per deixar-se domesticar per una bona lectura. Per qu\u00e8 t'enamorar\u00e0? Tacte extra suau: Fabricat amb materials de primera qualitat per garantir les millors abra\u00e7ades del m\u00f3n. Disseny detallat: Des de les seves ales grises fins a la seva panxa de color crema, cada detall est\u00e0 pensat per capturar l'ess\u00e8ncia m\u00e0gica del drac. El regal perfecte: Una alternativa original a la rosa tradicional o el complement ideal per acompanyar el llibre d'aquest any. Mida ideal: Perfecte per decorar el prestatge dels llibres o per portar-lo a tot arreu durant la Diada.\",\"breadcrumb\":{\"@id\":\"https:\\\/\\\/somllavors.com\\\/es\\\/producte\\\/peluix-drac-de-sant-jordi-verd-20cm#breadcrumb\"},\"inLanguage\":\"es\",\"potentialAction\":[{\"@type\":\"ReadAction\",\"target\":[\"https:\\\/\\\/somllavors.com\\\/es\\\/producte\\\/peluix-drac-de-sant-jordi-verd-20cm\"]}]},{\"@type\":\"ImageObject\",\"inLanguage\":\"es\",\"@id\":\"https:\\\/\\\/somllavors.com\\\/es\\\/producte\\\/peluix-drac-de-sant-jordi-verd-20cm#primaryimage\",\"url\":\"https:\\\/\\\/somllavors.com\\\/wp-content\\\/uploads\\\/2026\\\/04\\\/4012390621839.jpg\",\"contentUrl\":\"https:\\\/\\\/somllavors.com\\\/wp-content\\\/uploads\\\/2026\\\/04\\\/4012390621839.jpg\",\"width\":800,\"height\":800,\"caption\":\"peluix drac sant jordi\"},{\"@type\":\"BreadcrumbList\",\"@id\":\"https:\\\/\\\/somllavors.com\\\/es\\\/producte\\\/peluix-drac-de-sant-jordi-verd-20cm#breadcrumb\",\"itemListElement\":[{\"@type\":\"ListItem\",\"position\":1,\"name\":\"Inici\",\"item\":\"https:\\\/\\\/somllavors.com\\\/es\"},{\"@type\":\"ListItem\",\"position\":2,\"name\":\"Tienda\",\"item\":\"https:\\\/\\\/somllavors.com\\\/es\\\/botiga-2\"},{\"@type\":\"ListItem\",\"position\":3,\"name\":\"Peluix drac de Sant Jordi verd 20cm\"}]},{\"@type\":\"WebSite\",\"@id\":\"https:\\\/\\\/somllavors.com\\\/es#website\",\"url\":\"https:\\\/\\\/somllavors.com\\\/es\",\"name\":\"Som Llavors\",\"description\":\"Botiga de crian\u00e7a natural\",\"publisher\":{\"@id\":\"https:\\\/\\\/somllavors.com\\\/es#organization\"},\"alternateName\":\"Crian\u00e7a Natural i Sostenible\",\"potentialAction\":[{\"@type\":\"SearchAction\",\"target\":{\"@type\":\"EntryPoint\",\"urlTemplate\":\"https:\\\/\\\/somllavors.com\\\/es?s={search_term_string}\"},\"query-input\":{\"@type\":\"PropertyValueSpecification\",\"valueRequired\":true,\"valueName\":\"search_term_string\"}}],\"inLanguage\":\"es\"},{\"@type\":[\"Organization\",\"Place\",\"Store\"],\"@id\":\"https:\\\/\\\/somllavors.com\\\/es#organization\",\"name\":\"Som Llavors\",\"alternateName\":\"Crian\u00e7a Natural i Sostenible\",\"url\":\"https:\\\/\\\/somllavors.com\\\/es\",\"logo\":{\"@id\":\"https:\\\/\\\/somllavors.com\\\/es\\\/producte\\\/peluix-drac-de-sant-jordi-verd-20cm#local-main-organization-logo\"},\"image\":{\"@id\":\"https:\\\/\\\/somllavors.com\\\/es\\\/producte\\\/peluix-drac-de-sant-jordi-verd-20cm#local-main-organization-logo\"},\"sameAs\":[\"https:\\\/\\\/www.facebook.com\\\/somllavorsvng\\\/?locale=ca_ES\",\"https:\\\/\\\/www.instagram.com\\\/somllavors_vng\\\/\",\"https:\\\/\\\/www.youtube.com\\\/@somllavors\"],\"address\":{\"@id\":\"https:\\\/\\\/somllavors.com\\\/es\\\/producte\\\/peluix-drac-de-sant-jordi-verd-20cm#local-main-place-address\"},\"geo\":{\"@type\":\"GeoCoordinates\",\"latitude\":\"41.2257737\",\"longitude\":\"1.723258859\"},\"telephone\":[\"623152704\"],\"openingHoursSpecification\":[{\"@type\":\"OpeningHoursSpecification\",\"dayOfWeek\":[\"Monday\",\"Sunday\"],\"opens\":\"00:00\",\"closes\":\"00:00\"},{\"@type\":\"OpeningHoursSpecification\",\"dayOfWeek\":[\"Tuesday\",\"Wednesday\",\"Thursday\",\"Friday\"],\"opens\":\"10:00\",\"closes\":\"20:00\"},{\"@type\":\"OpeningHoursSpecification\",\"dayOfWeek\":[\"Saturday\"],\"opens\":\"10:00\",\"closes\":\"13:30\"}],\"email\":\"info@somllavors.com\"},{\"@type\":\"PostalAddress\",\"@id\":\"https:\\\/\\\/somllavors.com\\\/es\\\/producte\\\/peluix-drac-de-sant-jordi-verd-20cm#local-main-place-address\",\"streetAddress\":\"Carrer de l'aigua, 6\",\"addressLocality\":\"Vilanova i la Geltr\u00fa\",\"postalCode\":\"08800\",\"addressRegion\":\"Barcelona\",\"addressCountry\":\"ES\"},{\"@type\":\"ImageObject\",\"inLanguage\":\"es\",\"@id\":\"https:\\\/\\\/somllavors.com\\\/es\\\/producte\\\/peluix-drac-de-sant-jordi-verd-20cm#local-main-organization-logo\",\"url\":\"https:\\\/\\\/somllavors.com\\\/wp-content\\\/uploads\\\/Logotip-Som-Llavors.jpg\",\"contentUrl\":\"https:\\\/\\\/somllavors.com\\\/wp-content\\\/uploads\\\/Logotip-Som-Llavors.jpg\",\"width\":1444,\"height\":1323,\"caption\":\"Som Llavors\"}]}<\/script>\n<meta property=\"product:price:amount\" content=\"19.99\" \/>\n<meta property=\"product:price:currency\" content=\"EUR\" \/>\n<meta property=\"og:availability\" content=\"instock\" \/>\n<meta property=\"product:availability\" content=\"instock\" \/>\n<meta property=\"product:retailer_item_id\" content=\"4012390621839\" \/>\n<meta property=\"product:condition\" content=\"new\" \/>\n<meta name=\"geo.placename\" content=\"Vilanova i la Geltr\u00fa\" \/>\n<meta name=\"geo.position\" content=\"41.2257737;1.723258859\" \/>\n<meta name=\"geo.region\" content=\"Espa\u00f1a\" \/>\n<!-- \/ Yoast SEO Premium plugin. -->","yoast_head_json":{"title":"Peluix drac de Sant Jordi verd 20cm &#8212; Som Llavors","description":"\ud83d\udc09 El Drac de Sant Jordi: El Guardi\u00e0 m\u00e9s Tou de la Llegenda Aquest Sant Jordi, la llegenda pren una forma molt m\u00e9s suau i abra\u00e7able. El nostre peluix de drac verd no treu foc per la boca, sin\u00f3 que desborda tendresa! \u00c9s el company ideal per a grans i petits que vulguin viure la festa d'una manera diferent. Amb el seu color verd intens, les seves banyes grises i aquells detalls vermells tan caracter\u00edstics (com la cresta i la punta de la cua), aquest drac est\u00e0 llest per deixar-se domesticar per una bona lectura.  Per qu\u00e8 t'enamorar\u00e0?    Tacte extra suau: Fabricat amb materials de primera qualitat per garantir les millors abra\u00e7ades del m\u00f3n.    Disseny detallat: Des de les seves ales grises fins a la seva panxa de color crema, cada detall est\u00e0 pensat per capturar l'ess\u00e8ncia m\u00e0gica del drac.    El regal perfecte: Una alternativa original a la rosa tradicional o el complement ideal per acompanyar el llibre d'aquest any.    Mida ideal: Perfecte per decorar el prestatge dels llibres o per portar-lo a tot arreu durant la Diada.","robots":{"index":"index","follow":"follow","max-snippet":"max-snippet:-1","max-image-preview":"max-image-preview:large","max-video-preview":"max-video-preview:-1"},"canonical":"https:\/\/somllavors.com\/es\/producte\/peluix-drac-de-sant-jordi-verd-20cm","og_locale":"es_ES","og_type":"article","og_title":"Peluix drac de Sant Jordi verd 20cm","og_description":"La teva botiga d\u2019ecocrian\u00e7a i espai d\u2019acompanyament a la maternitat","og_url":"https:\/\/somllavors.com\/es\/producte\/peluix-drac-de-sant-jordi-verd-20cm","og_site_name":"Som Llavors","article_publisher":"https:\/\/www.facebook.com\/somllavorsvng\/?locale=ca_ES","article_modified_time":"2026-04-15T10:20:21+00:00","og_image":[{"width":800,"height":800,"url":"https:\/\/somllavors.com\/wp-content\/uploads\/2026\/04\/4012390621839.jpg","type":"image\/jpeg"}],"twitter_card":"summary_large_image","twitter_misc":{"Precio":"19,99&euro; Iva incl\u00f2s","Availability":"Hay existencias"},"schema":{"@context":"https:\/\/schema.org","@graph":[{"@type":"WebPage","@id":"https:\/\/somllavors.com\/es\/producte\/peluix-drac-de-sant-jordi-verd-20cm","url":"https:\/\/somllavors.com\/es\/producte\/peluix-drac-de-sant-jordi-verd-20cm","name":"Peluix drac de Sant Jordi verd 20cm &#8212; Som Llavors","isPartOf":{"@id":"https:\/\/somllavors.com\/es#website"},"primaryImageOfPage":{"@id":"https:\/\/somllavors.com\/es\/producte\/peluix-drac-de-sant-jordi-verd-20cm#primaryimage"},"image":{"@id":"https:\/\/somllavors.com\/es\/producte\/peluix-drac-de-sant-jordi-verd-20cm#primaryimage"},"thumbnailUrl":"https:\/\/somllavors.com\/wp-content\/uploads\/2026\/04\/4012390621839.jpg","datePublished":"2026-04-15T10:16:34+00:00","dateModified":"2026-04-15T10:20:21+00:00","description":"\ud83d\udc09 El Drac de Sant Jordi: El Guardi\u00e0 m\u00e9s Tou de la Llegenda Aquest Sant Jordi, la llegenda pren una forma molt m\u00e9s suau i abra\u00e7able. El nostre peluix de drac verd no treu foc per la boca, sin\u00f3 que desborda tendresa! \u00c9s el company ideal per a grans i petits que vulguin viure la festa d'una manera diferent. Amb el seu color verd intens, les seves banyes grises i aquells detalls vermells tan caracter\u00edstics (com la cresta i la punta de la cua), aquest drac est\u00e0 llest per deixar-se domesticar per una bona lectura. Per qu\u00e8 t'enamorar\u00e0? Tacte extra suau: Fabricat amb materials de primera qualitat per garantir les millors abra\u00e7ades del m\u00f3n. Disseny detallat: Des de les seves ales grises fins a la seva panxa de color crema, cada detall est\u00e0 pensat per capturar l'ess\u00e8ncia m\u00e0gica del drac. El regal perfecte: Una alternativa original a la rosa tradicional o el complement ideal per acompanyar el llibre d'aquest any. Mida ideal: Perfecte per decorar el prestatge dels llibres o per portar-lo a tot arreu durant la Diada.","breadcrumb":{"@id":"https:\/\/somllavors.com\/es\/producte\/peluix-drac-de-sant-jordi-verd-20cm#breadcrumb"},"inLanguage":"es","potentialAction":[{"@type":"ReadAction","target":["https:\/\/somllavors.com\/es\/producte\/peluix-drac-de-sant-jordi-verd-20cm"]}]},{"@type":"ImageObject","inLanguage":"es","@id":"https:\/\/somllavors.com\/es\/producte\/peluix-drac-de-sant-jordi-verd-20cm#primaryimage","url":"https:\/\/somllavors.com\/wp-content\/uploads\/2026\/04\/4012390621839.jpg","contentUrl":"https:\/\/somllavors.com\/wp-content\/uploads\/2026\/04\/4012390621839.jpg","width":800,"height":800,"caption":"peluix drac sant jordi"},{"@type":"BreadcrumbList","@id":"https:\/\/somllavors.com\/es\/producte\/peluix-drac-de-sant-jordi-verd-20cm#breadcrumb","itemListElement":[{"@type":"ListItem","position":1,"name":"Inici","item":"https:\/\/somllavors.com\/es"},{"@type":"ListItem","position":2,"name":"Tienda","item":"https:\/\/somllavors.com\/es\/botiga-2"},{"@type":"ListItem","position":3,"name":"Peluix drac de Sant Jordi verd 20cm"}]},{"@type":"WebSite","@id":"https:\/\/somllavors.com\/es#website","url":"https:\/\/somllavors.com\/es","name":"Som Llavors","description":"Botiga de crian\u00e7a natural","publisher":{"@id":"https:\/\/somllavors.com\/es#organization"},"alternateName":"Crian\u00e7a Natural i Sostenible","potentialAction":[{"@type":"SearchAction","target":{"@type":"EntryPoint","urlTemplate":"https:\/\/somllavors.com\/es?s={search_term_string}"},"query-input":{"@type":"PropertyValueSpecification","valueRequired":true,"valueName":"search_term_string"}}],"inLanguage":"es"},{"@type":["Organization","Place","Store"],"@id":"https:\/\/somllavors.com\/es#organization","name":"Som Llavors","alternateName":"Crian\u00e7a Natural i Sostenible","url":"https:\/\/somllavors.com\/es","logo":{"@id":"https:\/\/somllavors.com\/es\/producte\/peluix-drac-de-sant-jordi-verd-20cm#local-main-organization-logo"},"image":{"@id":"https:\/\/somllavors.com\/es\/producte\/peluix-drac-de-sant-jordi-verd-20cm#local-main-organization-logo"},"sameAs":["https:\/\/www.facebook.com\/somllavorsvng\/?locale=ca_ES","https:\/\/www.instagram.com\/somllavors_vng\/","https:\/\/www.youtube.com\/@somllavors"],"address":{"@id":"https:\/\/somllavors.com\/es\/producte\/peluix-drac-de-sant-jordi-verd-20cm#local-main-place-address"},"geo":{"@type":"GeoCoordinates","latitude":"41.2257737","longitude":"1.723258859"},"telephone":["623152704","623152704"],"openingHoursSpecification":[{"@type":"OpeningHoursSpecification","dayOfWeek":["Monday","Sunday"],"opens":"00:00","closes":"00:00"},{"@type":"OpeningHoursSpecification","dayOfWeek":["Tuesday","Wednesday","Thursday","Friday"],"opens":"10:00","closes":"20:00"},{"@type":"OpeningHoursSpecification","dayOfWeek":["Saturday"],"opens":"10:00","closes":"13:30"}],"email":"info@somllavors.com"},{"@type":"PostalAddress","@id":"https:\/\/somllavors.com\/es\/producte\/peluix-drac-de-sant-jordi-verd-20cm#local-main-place-address","streetAddress":"Carrer de l'aigua, 6","addressLocality":"Vilanova i la Geltr\u00fa","postalCode":"08800","addressRegion":"Barcelona","addressCountry":"ES"},{"@type":"ImageObject","inLanguage":"es","@id":"https:\/\/somllavors.com\/es\/producte\/peluix-drac-de-sant-jordi-verd-20cm#local-main-organization-logo","url":"https:\/\/somllavors.com\/wp-content\/uploads\/Logotip-Som-Llavors.jpg","contentUrl":"https:\/\/somllavors.com\/wp-content\/uploads\/Logotip-Som-Llavors.jpg","width":1444,"height":1323,"caption":"Som Llavors"}]},"product_price_amount":"19.99","product_price_currency":"EUR","og_availability":"instock","product_availability":"instock","product_retailer_item_id":"4012390621839","product_condition":"new","geo.placename":"Vilanova i la Geltr\u00fa","geo.position":{"lat":"41.2257737","long":"1.723258859"},"geo.region":"Espa\u00f1a"},"brands":[],"_links":{"self":[{"href":"https:\/\/somllavors.com\/es\/wp-json\/wp\/v2\/product\/91085","targetHints":{"allow":["GET"]}}],"collection":[{"href":"https:\/\/somllavors.com\/es\/wp-json\/wp\/v2\/product"}],"about":[{"href":"https:\/\/somllavors.com\/es\/wp-json\/wp\/v2\/types\/product"}],"wp:featuredmedia":[{"embeddable":true,"href":"https:\/\/somllavors.com\/es\/wp-json\/wp\/v2\/media\/91088"}],"wp:attachment":[{"href":"https:\/\/somllavors.com\/es\/wp-json\/wp\/v2\/media?parent=91085"}],"wp:term":[{"taxonomy":"pwb-brand","embeddable":true,"href":"https:\/\/somllavors.com\/es\/wp-json\/wp\/v2\/pwb-brand?post=91085"},{"taxonomy":"product_brand","embeddable":true,"href":"https:\/\/somllavors.com\/es\/wp-json\/wp\/v2\/product_brand?post=91085"},{"taxonomy":"product_cat","embeddable":true,"href":"https:\/\/somllavors.com\/es\/wp-json\/wp\/v2\/product_cat?post=91085"},{"taxonomy":"product_tag","embeddable":true,"href":"https:\/\/somllavors.com\/es\/wp-json\/wp\/v2\/product_tag?post=91085"}],"curies":[{"name":"wp","href":"https:\/\/api.w.org\/{rel}","templated":true}]}}