{"id":91364,"date":"2026-04-18T06:49:45","date_gmt":"2026-04-18T04:49:45","guid":{"rendered":"https:\/\/somllavors.com\/?post_type=product&#038;p=91364"},"modified":"2026-04-18T06:49:49","modified_gmt":"2026-04-18T04:49:49","slug":"lona-canvas-kaki-igor","status":"publish","type":"product","link":"https:\/\/somllavors.com\/es\/producte\/lona-canvas-kaki-igor","title":{"rendered":"Lona Canvas Kaki &#8211; Igor"},"content":{"rendered":"<h3 data-path-to-node=\"5\">Salut podol\u00f2gica amb estil Lona Canvas Kaki:<\/h3>\n<div class=\"flex flex-col text-sm\">\n<section class=\"text-token-text-primary w-full focus:outline-none [--shadow-height:45px] has-data-writing-block:pointer-events-none has-data-writing-block:-mt-(--shadow-height) has-data-writing-block:pt-(--shadow-height) [&amp;:has([data-writing-block])&gt;*]:pointer-events-auto scroll-mt-[calc(var(--header-height)+min(200px,max(70px,20svh)))]\" dir=\"auto\" data-turn-id=\"request-695946b8-99a0-8333-8b37-003f2067f007-1\" data-testid=\"conversation-turn-34\" data-scroll-anchor=\"true\" data-turn=\"assistant\">\n<div class=\"text-base my-auto mx-auto pb-10 [--thread-content-margin:var(--thread-content-margin-xs,calc(var(--spacing)*4))] @w-sm\/main:[--thread-content-margin:var(--thread-content-margin-sm,calc(var(--spacing)*6))] @w-lg\/main:[--thread-content-margin:var(--thread-content-margin-lg,calc(var(--spacing)*16))] px-(--thread-content-margin)\">\n<div class=\"[--thread-content-max-width:40rem] @w-lg\/main:[--thread-content-max-width:48rem] mx-auto max-w-(--thread-content-max-width) flex-1 group\/turn-messages focus-visible:outline-hidden relative flex w-full min-w-0 flex-col agent-turn\">\n<div class=\"flex max-w-full flex-col gap-4 grow\">\n<div class=\"min-h-8 text-message relative flex w-full flex-col items-end gap-2 text-start break-words whitespace-normal outline-none keyboard-focused:focus-ring [.text-message+&amp;]:mt-1\" dir=\"auto\" tabindex=\"0\" data-message-author-role=\"assistant\" data-message-id=\"d2bb090f-5b8d-4401-b012-e4c30281a4c7\" data-turn-start-message=\"true\" data-message-model-slug=\"gpt-5-3\">\n<div class=\"flex w-full flex-col gap-1 empty:hidden\">\n<div class=\"markdown prose dark:prose-invert w-full wrap-break-word light markdown-new-styling\">\n<ul>\n<li data-start=\"1018\" data-end=\"1162\"><strong>Sola minimalista:<\/strong> Sola fina, plana (zero drop) i molt flexible que permet sentir el terra i afavorir l\u2019equilibri i el desenvolupament sensorial.<\/li>\n<li data-start=\"1018\" data-end=\"1162\"><strong>Lona transpirable:<\/strong> Teixit fresc i lleuger que ajuda a mantenir el peu ventilat durant els dies m\u00e9s c\u00e0lids.<\/li>\n<li data-start=\"1018\" data-end=\"1162\"><strong>Puntera anat\u00f2mica:<\/strong> Espai ampli perqu\u00e8 els dits es moguin lliurement i participin activament en l\u2019estabilitat.<\/li>\n<li data-start=\"1018\" data-end=\"1162\"><strong>Tancament amb velcro:<\/strong> Facilita posar i treure la sabatilla fomentant l\u2019autonomia i assegurant un bon ajust sense pressions.<\/li>\n<li data-start=\"1018\" data-end=\"1162\"><strong>Llibertat de moviment:<\/strong> Sense estructures r\u00edgides, respectant el moviment natural del peu i permetent que la musculatura treballi de manera activa.<\/li>\n<\/ul>\n<\/div>\n<\/div>\n<\/div>\n<\/div>\n<\/div>\n<\/div>\n<\/section>\n<\/div>\n","protected":false},"excerpt":{"rendered":"<h2 data-path-to-node=\"2\">Lones Barefoot Igor: Lona Canvas Velcro Kaki<\/h2>\n<p data-start=\"51\" data-end=\"407\">Un b\u00e0sic natural, c\u00f2mode i f\u00e0cil de combinar per al dia a dia. Les Canvas Velcro d\u2019Igor en color verd kaki aporten un estil neutre i atemporal que encaixa amb qualsevol look, mantenint sempre el respecte pel moviment natural del peu.<\/p>\n<p data-start=\"51\" data-end=\"407\">Fabricades en lona lleugera i transpirable, s\u00f3n perfectes per als mesos de primavera i estiu. Un cal\u00e7at pr\u00e0ctic, resistent i pensat perqu\u00e8 els peus es moguin amb llibertat mentre acompanyen totes les aventures quotidianes.<\/p>\n<h3 data-path-to-node=\"7\">Per qu\u00e8 les Canvas Kaki seran les vostres preferides?<\/h3>\n<p data-start=\"570\" data-end=\"797\">El color kaki \u00e9s discret, vers\u00e0til i molt combinable. Funciona tant amb roba clara com amb colors m\u00e9s intensos, convertint-se en aquell cal\u00e7at f\u00e0cil d\u2019escollir cada mat\u00ed. Ideal per a l\u2019escola, el parc o les sortides en fam\u00edlia.<\/p>\n<p data-start=\"981\" data-end=\"1016\">Salut podol\u00f2gica amb estil natural:<\/p>\n<p data-start=\"1018\" data-end=\"1162\">Sola Minimalista: Sola fina, plana (zero drop) i molt flexible que permet sentir el terra i afavorir l\u2019equilibri i el desenvolupament sensorial.<\/p>\n<hr data-path-to-node=\"9\" \/>\n<blockquote data-path-to-node=\"10\">\n<p data-path-to-node=\"10,0\"><b data-path-to-node=\"10,0\" data-index-in-node=\"0\">Recomanaci\u00f3 Som Llavors:<\/b> Unes lones c\u00f2modes per al dia a dia actiu, que permeten l&#8217;autonomia gr\u00e0cies al tancament amb velcro i ofereixen llibertat total de moviment.<\/p>\n<\/blockquote>\n","protected":false},"featured_media":91388,"template":"","meta":{"_acf_changed":false,"site-sidebar-layout":"default","site-content-layout":"","ast-site-content-layout":"default","site-content-style":"default","site-sidebar-style":"default","ast-global-header-display":"","ast-banner-title-visibility":"","ast-main-header-display":"","ast-hfb-above-header-display":"","ast-hfb-below-header-display":"","ast-hfb-mobile-header-display":"","site-post-title":"","ast-breadcrumbs-content":"","ast-featured-img":"","footer-sml-layout":"","ast-disable-related-posts":"","theme-transparent-header-meta":"default","adv-header-id-meta":"","stick-header-meta":"","header-above-stick-meta":"","header-main-stick-meta":"","header-below-stick-meta":"","astra-migrate-meta-layouts":"set","ast-page-background-enabled":"default","ast-page-background-meta":{"desktop":{"background-color":"","background-image":"","background-repeat":"repeat","background-position":"center center","background-size":"auto","background-attachment":"scroll","background-type":"","background-media":"","overlay-type":"","overlay-color":"","overlay-opacity":"","overlay-gradient":""},"tablet":{"background-color":"","background-image":"","background-repeat":"repeat","background-position":"center center","background-size":"auto","background-attachment":"scroll","background-type":"","background-media":"","overlay-type":"","overlay-color":"","overlay-opacity":"","overlay-gradient":""},"mobile":{"background-color":"","background-image":"","background-repeat":"repeat","background-position":"center center","background-size":"auto","background-attachment":"scroll","background-type":"","background-media":"","overlay-type":"","overlay-color":"","overlay-opacity":"","overlay-gradient":""}},"ast-content-background-meta":{"desktop":{"background-color":"var(--ast-global-color-5)","background-image":"","background-repeat":"repeat","background-position":"center center","background-size":"auto","background-attachment":"scroll","background-type":"","background-media":"","overlay-type":"","overlay-color":"","overlay-opacity":"","overlay-gradient":""},"tablet":{"background-color":"var(--ast-global-color-5)","background-image":"","background-repeat":"repeat","background-position":"center center","background-size":"auto","background-attachment":"scroll","background-type":"","background-media":"","overlay-type":"","overlay-color":"","overlay-opacity":"","overlay-gradient":""},"mobile":{"background-color":"var(--ast-global-color-5)","background-image":"","background-repeat":"repeat","background-position":"center center","background-size":"auto","background-attachment":"scroll","background-type":"","background-media":"","overlay-type":"","overlay-color":"","overlay-opacity":"","overlay-gradient":""}}},"pwb-brand":[4275],"product_brand":[],"product_cat":[4278,4645,4644],"product_tag":[4277,6067],"class_list":{"0":"post-91364","1":"product","2":"type-product","3":"status-publish","4":"has-post-thumbnail","6":"pwb-brand-igor","7":"product_cat-igor","8":"product_cat-talles-grans","9":"product_cat-talles-petites","10":"product_tag-igor","11":"product_tag-lona","12":"pa_talla-114","13":"pa_talla-280","14":"pa_talla-281","15":"pa_talla-282","16":"pa_talla-283","17":"pa_talla-284","18":"pa_talla-359","19":"pa_talla-360","20":"pa_talla-361","21":"pa_talla-362","22":"pa_talla-3083","23":"desktop-align-left","24":"tablet-align-left","25":"mobile-align-left","27":"first","28":"instock","29":"taxable","30":"shipping-taxable","31":"purchasable","32":"product-type-variable"},"acf":[],"yoast_head":"<!-- This site is optimized with the Yoast SEO Premium plugin v18.3 (Yoast SEO v27.4) - https:\/\/yoast.com\/product\/yoast-seo-premium-wordpress\/ -->\n<title>Lona Canvas Kaki - Igor &#8212; Som Llavors<\/title>\n<meta name=\"description\" content=\"Lones Barefoot Igor: Lona Canvas Velcro Kaki Un b\u00e0sic natural, c\u00f2mode i f\u00e0cil de combinar per al dia a dia. Les Canvas Velcro d\u2019Igor en color verd kaki aporten un estil neutre i atemporal que encaixa amb qualsevol look, mantenint sempre el respecte pel moviment natural del peu. Fabricades en lona lleugera i transpirable, s\u00f3n perfectes per als mesos de primavera i estiu. Un cal\u00e7at pr\u00e0ctic, resistent i pensat perqu\u00e8 els peus es moguin amb llibertat mentre acompanyen totes les aventures quotidianes.  Per qu\u00e8 les Canvas Kaki seran les vostres preferides? El color kaki \u00e9s discret, vers\u00e0til i molt combinable. Funciona tant amb roba clara com amb colors m\u00e9s intensos, convertint-se en aquell cal\u00e7at f\u00e0cil d\u2019escollir cada mat\u00ed. Ideal per a l\u2019escola, el parc o les sortides en fam\u00edlia. Salut podol\u00f2gica amb estil natural: Sola Minimalista: Sola fina, plana (zero drop) i molt flexible que permet sentir el terra i afavorir l\u2019equilibri i el desenvolupament sensorial.      Recomanaci\u00f3 Som Llavors: Unes lones c\u00f2modes per al dia a dia actiu, que permeten l&#039;autonomia gr\u00e0cies al tancament amb velcro i ofereixen llibertat total de moviment.\" \/>\n<meta name=\"robots\" content=\"index, follow, max-snippet:-1, max-image-preview:large, max-video-preview:-1\" \/>\n<link rel=\"canonical\" href=\"https:\/\/somllavors.com\/es\/producte\/lona-canvas-kaki-igor\" \/>\n<meta property=\"og:locale\" content=\"es_ES\" \/>\n<meta property=\"og:type\" content=\"article\" \/>\n<meta property=\"og:title\" content=\"Lona Canvas Kaki - Igor\" \/>\n<meta property=\"og:description\" content=\"La teva botiga d\u2019ecocrian\u00e7a i espai d\u2019acompanyament a la maternitat\" \/>\n<meta property=\"og:url\" content=\"https:\/\/somllavors.com\/es\/producte\/lona-canvas-kaki-igor\" \/>\n<meta property=\"og:site_name\" content=\"Som Llavors\" \/>\n<meta property=\"article:publisher\" content=\"https:\/\/www.facebook.com\/somllavorsvng\/?locale=ca_ES\" \/>\n<meta property=\"article:modified_time\" content=\"2026-04-18T04:49:49+00:00\" \/>\n<meta property=\"og:image\" content=\"https:\/\/somllavors.com\/wp-content\/uploads\/2026\/04\/Som-Llavors-CANVAS-V.-KAKI-1.jpg\" \/>\n\t<meta property=\"og:image:width\" content=\"723\" \/>\n\t<meta property=\"og:image:height\" content=\"861\" \/>\n\t<meta property=\"og:image:type\" content=\"image\/jpeg\" \/>\n<meta name=\"twitter:card\" content=\"summary_large_image\" \/>\n<meta name=\"twitter:label1\" content=\"Availability\" \/>\n\t<meta name=\"twitter:data1\" content=\"Hay existencias\" \/>\n<script type=\"application\/ld+json\" class=\"yoast-schema-graph\">{\"@context\":\"https:\\\/\\\/schema.org\",\"@graph\":[{\"@type\":\"WebPage\",\"@id\":\"https:\\\/\\\/somllavors.com\\\/es\\\/producte\\\/lona-canvas-kaki-igor\",\"url\":\"https:\\\/\\\/somllavors.com\\\/es\\\/producte\\\/lona-canvas-kaki-igor\",\"name\":\"Lona Canvas Kaki - Igor &#8212; Som Llavors\",\"isPartOf\":{\"@id\":\"https:\\\/\\\/somllavors.com\\\/es#website\"},\"primaryImageOfPage\":{\"@id\":\"https:\\\/\\\/somllavors.com\\\/es\\\/producte\\\/lona-canvas-kaki-igor#primaryimage\"},\"image\":{\"@id\":\"https:\\\/\\\/somllavors.com\\\/es\\\/producte\\\/lona-canvas-kaki-igor#primaryimage\"},\"thumbnailUrl\":\"https:\\\/\\\/somllavors.com\\\/wp-content\\\/uploads\\\/2026\\\/04\\\/Som-Llavors-CANVAS-V.-KAKI-1.jpg\",\"datePublished\":\"2026-04-18T04:49:45+00:00\",\"dateModified\":\"2026-04-18T04:49:49+00:00\",\"description\":\"Lones Barefoot Igor: Lona Canvas Velcro Kaki Un b\u00e0sic natural, c\u00f2mode i f\u00e0cil de combinar per al dia a dia. Les Canvas Velcro d\u2019Igor en color verd kaki aporten un estil neutre i atemporal que encaixa amb qualsevol look, mantenint sempre el respecte pel moviment natural del peu. Fabricades en lona lleugera i transpirable, s\u00f3n perfectes per als mesos de primavera i estiu. Un cal\u00e7at pr\u00e0ctic, resistent i pensat perqu\u00e8 els peus es moguin amb llibertat mentre acompanyen totes les aventures quotidianes. Per qu\u00e8 les Canvas Kaki seran les vostres preferides? El color kaki \u00e9s discret, vers\u00e0til i molt combinable. Funciona tant amb roba clara com amb colors m\u00e9s intensos, convertint-se en aquell cal\u00e7at f\u00e0cil d\u2019escollir cada mat\u00ed. Ideal per a l\u2019escola, el parc o les sortides en fam\u00edlia. Salut podol\u00f2gica amb estil natural: Sola Minimalista: Sola fina, plana (zero drop) i molt flexible que permet sentir el terra i afavorir l\u2019equilibri i el desenvolupament sensorial. Recomanaci\u00f3 Som Llavors: Unes lones c\u00f2modes per al dia a dia actiu, que permeten l'autonomia gr\u00e0cies al tancament amb velcro i ofereixen llibertat total de moviment.\",\"breadcrumb\":{\"@id\":\"https:\\\/\\\/somllavors.com\\\/es\\\/producte\\\/lona-canvas-kaki-igor#breadcrumb\"},\"inLanguage\":\"es\",\"potentialAction\":[{\"@type\":\"ReadAction\",\"target\":[\"https:\\\/\\\/somllavors.com\\\/es\\\/producte\\\/lona-canvas-kaki-igor\"]}]},{\"@type\":\"ImageObject\",\"inLanguage\":\"es\",\"@id\":\"https:\\\/\\\/somllavors.com\\\/es\\\/producte\\\/lona-canvas-kaki-igor#primaryimage\",\"url\":\"https:\\\/\\\/somllavors.com\\\/wp-content\\\/uploads\\\/2026\\\/04\\\/Som-Llavors-CANVAS-V.-KAKI-1.jpg\",\"contentUrl\":\"https:\\\/\\\/somllavors.com\\\/wp-content\\\/uploads\\\/2026\\\/04\\\/Som-Llavors-CANVAS-V.-KAKI-1.jpg\",\"width\":723,\"height\":861,\"caption\":\"lona kaki igor\"},{\"@type\":\"BreadcrumbList\",\"@id\":\"https:\\\/\\\/somllavors.com\\\/es\\\/producte\\\/lona-canvas-kaki-igor#breadcrumb\",\"itemListElement\":[{\"@type\":\"ListItem\",\"position\":1,\"name\":\"Inici\",\"item\":\"https:\\\/\\\/somllavors.com\\\/es\"},{\"@type\":\"ListItem\",\"position\":2,\"name\":\"Tienda\",\"item\":\"https:\\\/\\\/somllavors.com\\\/es\\\/botiga-2\"},{\"@type\":\"ListItem\",\"position\":3,\"name\":\"Lona Canvas Kaki &#8211; Igor\"}]},{\"@type\":\"WebSite\",\"@id\":\"https:\\\/\\\/somllavors.com\\\/es#website\",\"url\":\"https:\\\/\\\/somllavors.com\\\/es\",\"name\":\"Som Llavors\",\"description\":\"Botiga de crian\u00e7a natural\",\"publisher\":{\"@id\":\"https:\\\/\\\/somllavors.com\\\/es#organization\"},\"alternateName\":\"Crian\u00e7a Natural i Sostenible\",\"potentialAction\":[{\"@type\":\"SearchAction\",\"target\":{\"@type\":\"EntryPoint\",\"urlTemplate\":\"https:\\\/\\\/somllavors.com\\\/es?s={search_term_string}\"},\"query-input\":{\"@type\":\"PropertyValueSpecification\",\"valueRequired\":true,\"valueName\":\"search_term_string\"}}],\"inLanguage\":\"es\"},{\"@type\":[\"Organization\",\"Place\",\"Store\"],\"@id\":\"https:\\\/\\\/somllavors.com\\\/es#organization\",\"name\":\"Som Llavors\",\"alternateName\":\"Crian\u00e7a Natural i Sostenible\",\"url\":\"https:\\\/\\\/somllavors.com\\\/es\",\"logo\":{\"@id\":\"https:\\\/\\\/somllavors.com\\\/es\\\/producte\\\/lona-canvas-kaki-igor#local-main-organization-logo\"},\"image\":{\"@id\":\"https:\\\/\\\/somllavors.com\\\/es\\\/producte\\\/lona-canvas-kaki-igor#local-main-organization-logo\"},\"sameAs\":[\"https:\\\/\\\/www.facebook.com\\\/somllavorsvng\\\/?locale=ca_ES\",\"https:\\\/\\\/www.instagram.com\\\/somllavors_vng\\\/\",\"https:\\\/\\\/www.youtube.com\\\/@somllavors\"],\"address\":{\"@id\":\"https:\\\/\\\/somllavors.com\\\/es\\\/producte\\\/lona-canvas-kaki-igor#local-main-place-address\"},\"geo\":{\"@type\":\"GeoCoordinates\",\"latitude\":\"41.2257737\",\"longitude\":\"1.723258859\"},\"telephone\":[\"623152704\"],\"openingHoursSpecification\":[{\"@type\":\"OpeningHoursSpecification\",\"dayOfWeek\":[\"Monday\",\"Sunday\"],\"opens\":\"00:00\",\"closes\":\"00:00\"},{\"@type\":\"OpeningHoursSpecification\",\"dayOfWeek\":[\"Tuesday\",\"Wednesday\",\"Thursday\",\"Friday\"],\"opens\":\"10:00\",\"closes\":\"20:00\"},{\"@type\":\"OpeningHoursSpecification\",\"dayOfWeek\":[\"Saturday\"],\"opens\":\"10:00\",\"closes\":\"13:30\"}],\"email\":\"info@somllavors.com\"},{\"@type\":\"PostalAddress\",\"@id\":\"https:\\\/\\\/somllavors.com\\\/es\\\/producte\\\/lona-canvas-kaki-igor#local-main-place-address\",\"streetAddress\":\"Carrer de l'aigua, 6\",\"addressLocality\":\"Vilanova i la Geltr\u00fa\",\"postalCode\":\"08800\",\"addressRegion\":\"Barcelona\",\"addressCountry\":\"ES\"},{\"@type\":\"ImageObject\",\"inLanguage\":\"es\",\"@id\":\"https:\\\/\\\/somllavors.com\\\/es\\\/producte\\\/lona-canvas-kaki-igor#local-main-organization-logo\",\"url\":\"https:\\\/\\\/somllavors.com\\\/wp-content\\\/uploads\\\/Logotip-Som-Llavors.jpg\",\"contentUrl\":\"https:\\\/\\\/somllavors.com\\\/wp-content\\\/uploads\\\/Logotip-Som-Llavors.jpg\",\"width\":1444,\"height\":1323,\"caption\":\"Som Llavors\"}]}<\/script>\n<meta property=\"og:availability\" content=\"instock\" \/>\n<meta property=\"product:availability\" content=\"instock\" \/>\n<meta property=\"product:condition\" content=\"new\" \/>\n<meta name=\"geo.placename\" content=\"Vilanova i la Geltr\u00fa\" \/>\n<meta name=\"geo.position\" content=\"41.2257737;1.723258859\" \/>\n<meta name=\"geo.region\" content=\"Espa\u00f1a\" \/>\n<!-- \/ Yoast SEO Premium plugin. -->","yoast_head_json":{"title":"Lona Canvas Kaki - Igor &#8212; Som Llavors","description":"Lones Barefoot Igor: Lona Canvas Velcro Kaki Un b\u00e0sic natural, c\u00f2mode i f\u00e0cil de combinar per al dia a dia. Les Canvas Velcro d\u2019Igor en color verd kaki aporten un estil neutre i atemporal que encaixa amb qualsevol look, mantenint sempre el respecte pel moviment natural del peu. Fabricades en lona lleugera i transpirable, s\u00f3n perfectes per als mesos de primavera i estiu. Un cal\u00e7at pr\u00e0ctic, resistent i pensat perqu\u00e8 els peus es moguin amb llibertat mentre acompanyen totes les aventures quotidianes.  Per qu\u00e8 les Canvas Kaki seran les vostres preferides? El color kaki \u00e9s discret, vers\u00e0til i molt combinable. Funciona tant amb roba clara com amb colors m\u00e9s intensos, convertint-se en aquell cal\u00e7at f\u00e0cil d\u2019escollir cada mat\u00ed. Ideal per a l\u2019escola, el parc o les sortides en fam\u00edlia. Salut podol\u00f2gica amb estil natural: Sola Minimalista: Sola fina, plana (zero drop) i molt flexible que permet sentir el terra i afavorir l\u2019equilibri i el desenvolupament sensorial.      Recomanaci\u00f3 Som Llavors: Unes lones c\u00f2modes per al dia a dia actiu, que permeten l'autonomia gr\u00e0cies al tancament amb velcro i ofereixen llibertat total de moviment.","robots":{"index":"index","follow":"follow","max-snippet":"max-snippet:-1","max-image-preview":"max-image-preview:large","max-video-preview":"max-video-preview:-1"},"canonical":"https:\/\/somllavors.com\/es\/producte\/lona-canvas-kaki-igor","og_locale":"es_ES","og_type":"article","og_title":"Lona Canvas Kaki - Igor","og_description":"La teva botiga d\u2019ecocrian\u00e7a i espai d\u2019acompanyament a la maternitat","og_url":"https:\/\/somllavors.com\/es\/producte\/lona-canvas-kaki-igor","og_site_name":"Som Llavors","article_publisher":"https:\/\/www.facebook.com\/somllavorsvng\/?locale=ca_ES","article_modified_time":"2026-04-18T04:49:49+00:00","og_image":[{"width":723,"height":861,"url":"https:\/\/somllavors.com\/wp-content\/uploads\/2026\/04\/Som-Llavors-CANVAS-V.-KAKI-1.jpg","type":"image\/jpeg"}],"twitter_card":"summary_large_image","twitter_misc":{"Availability":"Hay existencias"},"schema":{"@context":"https:\/\/schema.org","@graph":[{"@type":"WebPage","@id":"https:\/\/somllavors.com\/es\/producte\/lona-canvas-kaki-igor","url":"https:\/\/somllavors.com\/es\/producte\/lona-canvas-kaki-igor","name":"Lona Canvas Kaki - Igor &#8212; Som Llavors","isPartOf":{"@id":"https:\/\/somllavors.com\/es#website"},"primaryImageOfPage":{"@id":"https:\/\/somllavors.com\/es\/producte\/lona-canvas-kaki-igor#primaryimage"},"image":{"@id":"https:\/\/somllavors.com\/es\/producte\/lona-canvas-kaki-igor#primaryimage"},"thumbnailUrl":"https:\/\/somllavors.com\/wp-content\/uploads\/2026\/04\/Som-Llavors-CANVAS-V.-KAKI-1.jpg","datePublished":"2026-04-18T04:49:45+00:00","dateModified":"2026-04-18T04:49:49+00:00","description":"Lones Barefoot Igor: Lona Canvas Velcro Kaki Un b\u00e0sic natural, c\u00f2mode i f\u00e0cil de combinar per al dia a dia. Les Canvas Velcro d\u2019Igor en color verd kaki aporten un estil neutre i atemporal que encaixa amb qualsevol look, mantenint sempre el respecte pel moviment natural del peu. Fabricades en lona lleugera i transpirable, s\u00f3n perfectes per als mesos de primavera i estiu. Un cal\u00e7at pr\u00e0ctic, resistent i pensat perqu\u00e8 els peus es moguin amb llibertat mentre acompanyen totes les aventures quotidianes. Per qu\u00e8 les Canvas Kaki seran les vostres preferides? El color kaki \u00e9s discret, vers\u00e0til i molt combinable. Funciona tant amb roba clara com amb colors m\u00e9s intensos, convertint-se en aquell cal\u00e7at f\u00e0cil d\u2019escollir cada mat\u00ed. Ideal per a l\u2019escola, el parc o les sortides en fam\u00edlia. Salut podol\u00f2gica amb estil natural: Sola Minimalista: Sola fina, plana (zero drop) i molt flexible que permet sentir el terra i afavorir l\u2019equilibri i el desenvolupament sensorial. Recomanaci\u00f3 Som Llavors: Unes lones c\u00f2modes per al dia a dia actiu, que permeten l'autonomia gr\u00e0cies al tancament amb velcro i ofereixen llibertat total de moviment.","breadcrumb":{"@id":"https:\/\/somllavors.com\/es\/producte\/lona-canvas-kaki-igor#breadcrumb"},"inLanguage":"es","potentialAction":[{"@type":"ReadAction","target":["https:\/\/somllavors.com\/es\/producte\/lona-canvas-kaki-igor"]}]},{"@type":"ImageObject","inLanguage":"es","@id":"https:\/\/somllavors.com\/es\/producte\/lona-canvas-kaki-igor#primaryimage","url":"https:\/\/somllavors.com\/wp-content\/uploads\/2026\/04\/Som-Llavors-CANVAS-V.-KAKI-1.jpg","contentUrl":"https:\/\/somllavors.com\/wp-content\/uploads\/2026\/04\/Som-Llavors-CANVAS-V.-KAKI-1.jpg","width":723,"height":861,"caption":"lona kaki igor"},{"@type":"BreadcrumbList","@id":"https:\/\/somllavors.com\/es\/producte\/lona-canvas-kaki-igor#breadcrumb","itemListElement":[{"@type":"ListItem","position":1,"name":"Inici","item":"https:\/\/somllavors.com\/es"},{"@type":"ListItem","position":2,"name":"Tienda","item":"https:\/\/somllavors.com\/es\/botiga-2"},{"@type":"ListItem","position":3,"name":"Lona Canvas Kaki &#8211; Igor"}]},{"@type":"WebSite","@id":"https:\/\/somllavors.com\/es#website","url":"https:\/\/somllavors.com\/es","name":"Som Llavors","description":"Botiga de crian\u00e7a natural","publisher":{"@id":"https:\/\/somllavors.com\/es#organization"},"alternateName":"Crian\u00e7a Natural i Sostenible","potentialAction":[{"@type":"SearchAction","target":{"@type":"EntryPoint","urlTemplate":"https:\/\/somllavors.com\/es?s={search_term_string}"},"query-input":{"@type":"PropertyValueSpecification","valueRequired":true,"valueName":"search_term_string"}}],"inLanguage":"es"},{"@type":["Organization","Place","Store"],"@id":"https:\/\/somllavors.com\/es#organization","name":"Som Llavors","alternateName":"Crian\u00e7a Natural i Sostenible","url":"https:\/\/somllavors.com\/es","logo":{"@id":"https:\/\/somllavors.com\/es\/producte\/lona-canvas-kaki-igor#local-main-organization-logo"},"image":{"@id":"https:\/\/somllavors.com\/es\/producte\/lona-canvas-kaki-igor#local-main-organization-logo"},"sameAs":["https:\/\/www.facebook.com\/somllavorsvng\/?locale=ca_ES","https:\/\/www.instagram.com\/somllavors_vng\/","https:\/\/www.youtube.com\/@somllavors"],"address":{"@id":"https:\/\/somllavors.com\/es\/producte\/lona-canvas-kaki-igor#local-main-place-address"},"geo":{"@type":"GeoCoordinates","latitude":"41.2257737","longitude":"1.723258859"},"telephone":["623152704","623152704"],"openingHoursSpecification":[{"@type":"OpeningHoursSpecification","dayOfWeek":["Monday","Sunday"],"opens":"00:00","closes":"00:00"},{"@type":"OpeningHoursSpecification","dayOfWeek":["Tuesday","Wednesday","Thursday","Friday"],"opens":"10:00","closes":"20:00"},{"@type":"OpeningHoursSpecification","dayOfWeek":["Saturday"],"opens":"10:00","closes":"13:30"}],"email":"info@somllavors.com"},{"@type":"PostalAddress","@id":"https:\/\/somllavors.com\/es\/producte\/lona-canvas-kaki-igor#local-main-place-address","streetAddress":"Carrer de l'aigua, 6","addressLocality":"Vilanova i la Geltr\u00fa","postalCode":"08800","addressRegion":"Barcelona","addressCountry":"ES"},{"@type":"ImageObject","inLanguage":"es","@id":"https:\/\/somllavors.com\/es\/producte\/lona-canvas-kaki-igor#local-main-organization-logo","url":"https:\/\/somllavors.com\/wp-content\/uploads\/Logotip-Som-Llavors.jpg","contentUrl":"https:\/\/somllavors.com\/wp-content\/uploads\/Logotip-Som-Llavors.jpg","width":1444,"height":1323,"caption":"Som Llavors"}]},"og_availability":"instock","product_availability":"instock","product_condition":"new","geo.placename":"Vilanova i la Geltr\u00fa","geo.position":{"lat":"41.2257737","long":"1.723258859"},"geo.region":"Espa\u00f1a"},"brands":[{"id":4275,"name":"Igor","slug":"igor"}],"_links":{"self":[{"href":"https:\/\/somllavors.com\/es\/wp-json\/wp\/v2\/product\/91364","targetHints":{"allow":["GET"]}}],"collection":[{"href":"https:\/\/somllavors.com\/es\/wp-json\/wp\/v2\/product"}],"about":[{"href":"https:\/\/somllavors.com\/es\/wp-json\/wp\/v2\/types\/product"}],"wp:featuredmedia":[{"embeddable":true,"href":"https:\/\/somllavors.com\/es\/wp-json\/wp\/v2\/media\/91388"}],"wp:attachment":[{"href":"https:\/\/somllavors.com\/es\/wp-json\/wp\/v2\/media?parent=91364"}],"wp:term":[{"taxonomy":"pwb-brand","embeddable":true,"href":"https:\/\/somllavors.com\/es\/wp-json\/wp\/v2\/pwb-brand?post=91364"},{"taxonomy":"product_brand","embeddable":true,"href":"https:\/\/somllavors.com\/es\/wp-json\/wp\/v2\/product_brand?post=91364"},{"taxonomy":"product_cat","embeddable":true,"href":"https:\/\/somllavors.com\/es\/wp-json\/wp\/v2\/product_cat?post=91364"},{"taxonomy":"product_tag","embeddable":true,"href":"https:\/\/somllavors.com\/es\/wp-json\/wp\/v2\/product_tag?post=91364"}],"curies":[{"name":"wp","href":"https:\/\/api.w.org\/{rel}","templated":true}]}}