{"id":91566,"date":"2026-04-18T17:40:52","date_gmt":"2026-04-18T15:40:52","guid":{"rendered":"https:\/\/somllavors.com\/?post_type=product&#038;p=91566"},"modified":"2026-04-18T17:40:56","modified_gmt":"2026-04-18T15:40:56","slug":"ulleres-de-sol-2-4-anys-merry-misty-rose-beaba","status":"publish","type":"product","link":"https:\/\/somllavors.com\/es\/producte\/ulleres-de-sol-2-4-anys-merry-misty-rose-beaba","title":{"rendered":"Ulleres de sol 2-4 anys Merry Misty Rose \u2013 B\u00e9aba"},"content":{"rendered":"<div class=\"container\">\n<div id=\"model-response-message-contentr_54bf03d6b74a9f09\" class=\"markdown markdown-main-panel enable-updated-hr-color\" dir=\"ltr\" aria-live=\"polite\" aria-busy=\"false\">\n<h2 data-path-to-node=\"5\">Ulleres de sol (2-4 anys): B\u00e9aba Merry Color Misty Rose<\/h2>\n<p data-path-to-node=\"6\">Entre els 2 i els 4 anys, l&#8217;energia no s&#8217;esgota mai i les estones de joc a l&#8217;exterior es multipliquen. En aquesta etapa de tanta activitat, protegir la vista \u00e9s essencial. Les ulleres de sol Merry de B\u00e9aba ofereixen una barrera efica\u00e7 contra els raigs UV amb un disseny pensat exclusivament per a les seves necessitats anat\u00f2miques. A m\u00e9s, el to Misty Rose (un suau rosa empolvorat) aporta una est\u00e8tica moderna, dol\u00e7a i atemporal que combina amb qualsevol conjunt estiuenc.<\/p>\n<h3 data-path-to-node=\"7\">Caracter\u00edstiques t\u00e8cniques destacades:<\/h3>\n<ul data-path-to-node=\"8\">\n<li>\n<p data-path-to-node=\"8,0,0\"><b data-path-to-node=\"8,0,0\" data-index-in-node=\"0\">Lents de Categoria 3 (100% UV):<\/b> Filtren efica\u00e7ment la radiaci\u00f3 UVA, UVB i UVC. Estan preparades per protegir els ulls m\u00e9s sensibles fins i tot en condicions de molta lluminositat.<\/p>\n<\/li>\n<li>\n<p data-path-to-node=\"8,1,0\"><b data-path-to-node=\"8,1,0\" data-index-in-node=\"0\">Muntura ultra-resistent i tova:<\/b> Fabricades amb materials flexibles que eviten que es trenquin f\u00e0cilment davant de caigudes o manipulacions, oferint una gran durabilitat.<\/p>\n<\/li>\n<li>\n<p data-path-to-node=\"8,2,0\"><b data-path-to-node=\"8,2,0\" data-index-in-node=\"0\">Disseny envoltant:<\/b> La seva forma cobreix perfectament la zona ocular, evitant la mol\u00e8stia dels raigs de sol que puguin intentar entrar pels laterals o per la part superior.<\/p>\n<\/li>\n<li>\n<p data-path-to-node=\"8,3,0\"><b data-path-to-node=\"8,3,0\" data-index-in-node=\"0\">Patilles adaptables:<\/b> A difer\u00e8ncia dels models per a nadons m\u00e9s petits, aquest disseny ja no dep\u00e8n nom\u00e9s de la cinta de silicona, sin\u00f3 que l&#8217;ergonomia de les patilles permet una subjecci\u00f3 suau i ferma alhora darrere les orelles.<\/p>\n<\/li>\n<\/ul>\n<h3 data-path-to-node=\"9\">Per qu\u00e8 triar aquest model?<\/h3>\n<p data-path-to-node=\"10\">Escollir el model Merry \u00e9s donar prioritat a la salut visual sense renunciar a la comoditat de la criatura. A aquesta edat ja volen ser m\u00e9s aut\u00f2nomes, i gr\u00e0cies a la flexibilitat d&#8217;aquestes ulleres, podran posar-se-les i treure-se-les f\u00e0cilment sense frustracions ni risc de trencar-les. Inclouen la seva pr\u00f2pia funda i tovalloleta de microfibra per poder-les portar sempre a la motxilla ben protegides.<\/p>\n<blockquote data-path-to-node=\"11\">\n<p data-path-to-node=\"11,0\"><b data-path-to-node=\"11,0\" data-index-in-node=\"0\">El consell de Som Llavors:<\/b> En aquesta edat de tanta independ\u00e8ncia, deixar que siguin les criatures les encarregades de guardar les ulleres a la seva fundeta quan ja no hi ha sol \u00e9s un exercici genial per fomentar la seva responsabilitat i cura cap a les seves pertinences!<\/p>\n<\/blockquote>\n<\/div>\n<\/div>\n","protected":false},"excerpt":{"rendered":"<p data-path-to-node=\"1\"><b data-path-to-node=\"1\" data-index-in-node=\"0\">Ulleres de sol B\u00e9aba Merry Misty Rose: Estil, comoditat i protecci\u00f3 per a l&#8217;etapa m\u00e9s intr\u00e8pida (2-4 anys)<\/b><\/p>\n<p data-path-to-node=\"2\">Unes ulleres elegants i molt pr\u00e0ctiques dissenyades espec\u00edficament per acompanyar els infants de 2 a 4 anys. Combinen una protecci\u00f3 solar m\u00e0xima amb una muntura resistent que aguanta el seu ritme imparable.<\/p>\n<ul data-path-to-node=\"3\">\n<li>\n<p data-path-to-node=\"3,0,0\"><b data-path-to-node=\"3,0,0\" data-index-in-node=\"0\">Protecci\u00f3 UV Categoria 3:<\/b> Lents d&#8217;alta qualitat que filtren el 100% dels raigs solars per gaudir de la platja, la muntanya o el parc amb total seguretat.<\/p>\n<\/li>\n<li>\n<p data-path-to-node=\"3,1,0\"><b data-path-to-node=\"3,1,0\" data-index-in-node=\"0\">Muntura flexible i ergon\u00f2mica:<\/b> Material bi-component suau i mal\u00b7leable que s&#8217;adapta al rostre sense pr\u00e9mer ni deixar marques, garantint el m\u00e0xim confort.<\/p>\n<\/li>\n<li>\n<p data-path-to-node=\"3,2,0\"><b data-path-to-node=\"3,2,0\" data-index-in-node=\"0\">Subjecci\u00f3 \u00f2ptima:<\/b> Patilles corbades dissenyades per mantenir-se a lloc de manera natural, adaptant-se perfectament al contorn del cap a aquesta edat.<\/p>\n<\/li>\n<\/ul>\n","protected":false},"featured_media":91574,"template":"","meta":{"_acf_changed":false,"site-sidebar-layout":"default","site-content-layout":"","ast-site-content-layout":"default","site-content-style":"default","site-sidebar-style":"default","ast-global-header-display":"","ast-banner-title-visibility":"","ast-main-header-display":"","ast-hfb-above-header-display":"","ast-hfb-below-header-display":"","ast-hfb-mobile-header-display":"","site-post-title":"","ast-breadcrumbs-content":"","ast-featured-img":"","footer-sml-layout":"","ast-disable-related-posts":"","theme-transparent-header-meta":"default","adv-header-id-meta":"","stick-header-meta":"","header-above-stick-meta":"","header-main-stick-meta":"","header-below-stick-meta":"","astra-migrate-meta-layouts":"set","ast-page-background-enabled":"default","ast-page-background-meta":{"desktop":{"background-color":"","background-image":"","background-repeat":"repeat","background-position":"center center","background-size":"auto","background-attachment":"scroll","background-type":"","background-media":"","overlay-type":"","overlay-color":"","overlay-opacity":"","overlay-gradient":""},"tablet":{"background-color":"","background-image":"","background-repeat":"repeat","background-position":"center center","background-size":"auto","background-attachment":"scroll","background-type":"","background-media":"","overlay-type":"","overlay-color":"","overlay-opacity":"","overlay-gradient":""},"mobile":{"background-color":"","background-image":"","background-repeat":"repeat","background-position":"center center","background-size":"auto","background-attachment":"scroll","background-type":"","background-media":"","overlay-type":"","overlay-color":"","overlay-opacity":"","overlay-gradient":""}},"ast-content-background-meta":{"desktop":{"background-color":"var(--ast-global-color-5)","background-image":"","background-repeat":"repeat","background-position":"center center","background-size":"auto","background-attachment":"scroll","background-type":"","background-media":"","overlay-type":"","overlay-color":"","overlay-opacity":"","overlay-gradient":""},"tablet":{"background-color":"var(--ast-global-color-5)","background-image":"","background-repeat":"repeat","background-position":"center center","background-size":"auto","background-attachment":"scroll","background-type":"","background-media":"","overlay-type":"","overlay-color":"","overlay-opacity":"","overlay-gradient":""},"mobile":{"background-color":"var(--ast-global-color-5)","background-image":"","background-repeat":"repeat","background-position":"center center","background-size":"auto","background-attachment":"scroll","background-type":"","background-media":"","overlay-type":"","overlay-color":"","overlay-opacity":"","overlay-gradient":""}}},"pwb-brand":[4285],"product_brand":[],"product_cat":[3449],"product_tag":[4283,5557],"class_list":{"0":"post-91566","1":"product","2":"type-product","3":"status-publish","4":"has-post-thumbnail","6":"pwb-brand-beaba","7":"product_cat-ulleres-de-sol","8":"product_tag-beaba","9":"product_tag-ulleres-de-sol","10":"desktop-align-left","11":"tablet-align-left","12":"mobile-align-left","14":"first","15":"instock","16":"taxable","17":"shipping-taxable","18":"purchasable","19":"product-type-simple"},"acf":[],"yoast_head":"<!-- This site is optimized with the Yoast SEO Premium plugin v18.3 (Yoast SEO v27.4) - https:\/\/yoast.com\/product\/yoast-seo-premium-wordpress\/ -->\n<title>Ulleres de sol 2-4 anys Merry Misty Rose \u2013 B\u00e9aba &#8212; Som Llavors<\/title>\n<meta name=\"description\" content=\"Ulleres de sol B\u00e9aba Merry Misty Rose: Estil, comoditat i protecci\u00f3 per a l&#039;etapa m\u00e9s intr\u00e8pida (2-4 anys) Unes ulleres elegants i molt pr\u00e0ctiques dissenyades espec\u00edficament per acompanyar els infants de 2 a 4 anys. Combinen una protecci\u00f3 solar m\u00e0xima amb una muntura resistent que aguanta el seu ritme imparable.     Protecci\u00f3 UV Categoria 3: Lents d&#039;alta qualitat que filtren el 100% dels raigs solars per gaudir de la platja, la muntanya o el parc amb total seguretat.    Muntura flexible i ergon\u00f2mica: Material bi-component suau i mal\u00b7leable que s&#039;adapta al rostre sense pr\u00e9mer ni deixar marques, garantint el m\u00e0xim confort.    Subjecci\u00f3 \u00f2ptima: Patilles corbades dissenyades per mantenir-se a lloc de manera natural, adaptant-se perfectament al contorn del cap a aquesta edat.\" \/>\n<meta name=\"robots\" content=\"index, follow, max-snippet:-1, max-image-preview:large, max-video-preview:-1\" \/>\n<link rel=\"canonical\" href=\"https:\/\/somllavors.com\/es\/producte\/ulleres-de-sol-2-4-anys-merry-misty-rose-beaba\" \/>\n<meta property=\"og:locale\" content=\"es_ES\" \/>\n<meta property=\"og:type\" content=\"article\" \/>\n<meta property=\"og:title\" content=\"Ulleres de sol 2-4 anys Merry Misty Rose \u2013 B\u00e9aba\" \/>\n<meta property=\"og:description\" content=\"La teva botiga d\u2019ecocrian\u00e7a i espai d\u2019acompanyament a la maternitat\" \/>\n<meta property=\"og:url\" content=\"https:\/\/somllavors.com\/es\/producte\/ulleres-de-sol-2-4-anys-merry-misty-rose-beaba\" \/>\n<meta property=\"og:site_name\" content=\"Som Llavors\" \/>\n<meta property=\"article:publisher\" content=\"https:\/\/www.facebook.com\/somllavorsvng\/?locale=ca_ES\" \/>\n<meta property=\"article:modified_time\" content=\"2026-04-18T15:40:56+00:00\" \/>\n<meta property=\"og:image\" content=\"https:\/\/somllavors.com\/wp-content\/uploads\/2026\/04\/Som-Llavors-Gafas-para-2-4-anos-merry-misty-rose-930311_product_face_2a-1.jpg\" \/>\n\t<meta property=\"og:image:width\" content=\"800\" \/>\n\t<meta property=\"og:image:height\" content=\"800\" \/>\n\t<meta property=\"og:image:type\" content=\"image\/jpeg\" \/>\n<meta name=\"twitter:card\" content=\"summary_large_image\" \/>\n<meta name=\"twitter:label1\" content=\"Precio\" \/>\n\t<meta name=\"twitter:data1\" content=\"35,00&euro; Iva incl\u00f2s\" \/>\n\t<meta name=\"twitter:label2\" content=\"Availability\" \/>\n\t<meta name=\"twitter:data2\" content=\"Hay existencias\" \/>\n<script type=\"application\/ld+json\" class=\"yoast-schema-graph\">{\"@context\":\"https:\\\/\\\/schema.org\",\"@graph\":[{\"@type\":\"WebPage\",\"@id\":\"https:\\\/\\\/somllavors.com\\\/es\\\/producte\\\/ulleres-de-sol-2-4-anys-merry-misty-rose-beaba\",\"url\":\"https:\\\/\\\/somllavors.com\\\/es\\\/producte\\\/ulleres-de-sol-2-4-anys-merry-misty-rose-beaba\",\"name\":\"Ulleres de sol 2-4 anys Merry Misty Rose \u2013 B\u00e9aba &#8212; Som Llavors\",\"isPartOf\":{\"@id\":\"https:\\\/\\\/somllavors.com\\\/es#website\"},\"primaryImageOfPage\":{\"@id\":\"https:\\\/\\\/somllavors.com\\\/es\\\/producte\\\/ulleres-de-sol-2-4-anys-merry-misty-rose-beaba#primaryimage\"},\"image\":{\"@id\":\"https:\\\/\\\/somllavors.com\\\/es\\\/producte\\\/ulleres-de-sol-2-4-anys-merry-misty-rose-beaba#primaryimage\"},\"thumbnailUrl\":\"https:\\\/\\\/somllavors.com\\\/wp-content\\\/uploads\\\/2026\\\/04\\\/Som-Llavors-Gafas-para-2-4-anos-merry-misty-rose-930311_product_face_2a-1.jpg\",\"datePublished\":\"2026-04-18T15:40:52+00:00\",\"dateModified\":\"2026-04-18T15:40:56+00:00\",\"description\":\"Ulleres de sol B\u00e9aba Merry Misty Rose: Estil, comoditat i protecci\u00f3 per a l'etapa m\u00e9s intr\u00e8pida (2-4 anys) Unes ulleres elegants i molt pr\u00e0ctiques dissenyades espec\u00edficament per acompanyar els infants de 2 a 4 anys. Combinen una protecci\u00f3 solar m\u00e0xima amb una muntura resistent que aguanta el seu ritme imparable. Protecci\u00f3 UV Categoria 3: Lents d'alta qualitat que filtren el 100% dels raigs solars per gaudir de la platja, la muntanya o el parc amb total seguretat. Muntura flexible i ergon\u00f2mica: Material bi-component suau i mal\u00b7leable que s'adapta al rostre sense pr\u00e9mer ni deixar marques, garantint el m\u00e0xim confort. Subjecci\u00f3 \u00f2ptima: Patilles corbades dissenyades per mantenir-se a lloc de manera natural, adaptant-se perfectament al contorn del cap a aquesta edat.\",\"breadcrumb\":{\"@id\":\"https:\\\/\\\/somllavors.com\\\/es\\\/producte\\\/ulleres-de-sol-2-4-anys-merry-misty-rose-beaba#breadcrumb\"},\"inLanguage\":\"es\",\"potentialAction\":[{\"@type\":\"ReadAction\",\"target\":[\"https:\\\/\\\/somllavors.com\\\/es\\\/producte\\\/ulleres-de-sol-2-4-anys-merry-misty-rose-beaba\"]}]},{\"@type\":\"ImageObject\",\"inLanguage\":\"es\",\"@id\":\"https:\\\/\\\/somllavors.com\\\/es\\\/producte\\\/ulleres-de-sol-2-4-anys-merry-misty-rose-beaba#primaryimage\",\"url\":\"https:\\\/\\\/somllavors.com\\\/wp-content\\\/uploads\\\/2026\\\/04\\\/Som-Llavors-Gafas-para-2-4-anos-merry-misty-rose-930311_product_face_2a-1.jpg\",\"contentUrl\":\"https:\\\/\\\/somllavors.com\\\/wp-content\\\/uploads\\\/2026\\\/04\\\/Som-Llavors-Gafas-para-2-4-anos-merry-misty-rose-930311_product_face_2a-1.jpg\",\"width\":800,\"height\":800,\"caption\":\"ulleres de sol Beaba\"},{\"@type\":\"BreadcrumbList\",\"@id\":\"https:\\\/\\\/somllavors.com\\\/es\\\/producte\\\/ulleres-de-sol-2-4-anys-merry-misty-rose-beaba#breadcrumb\",\"itemListElement\":[{\"@type\":\"ListItem\",\"position\":1,\"name\":\"Inici\",\"item\":\"https:\\\/\\\/somllavors.com\\\/es\"},{\"@type\":\"ListItem\",\"position\":2,\"name\":\"Tienda\",\"item\":\"https:\\\/\\\/somllavors.com\\\/es\\\/botiga-2\"},{\"@type\":\"ListItem\",\"position\":3,\"name\":\"Ulleres de sol 2-4 anys Merry Misty Rose \u2013 B\u00e9aba\"}]},{\"@type\":\"WebSite\",\"@id\":\"https:\\\/\\\/somllavors.com\\\/es#website\",\"url\":\"https:\\\/\\\/somllavors.com\\\/es\",\"name\":\"Som Llavors\",\"description\":\"Botiga de crian\u00e7a natural\",\"publisher\":{\"@id\":\"https:\\\/\\\/somllavors.com\\\/es#organization\"},\"alternateName\":\"Crian\u00e7a Natural i Sostenible\",\"potentialAction\":[{\"@type\":\"SearchAction\",\"target\":{\"@type\":\"EntryPoint\",\"urlTemplate\":\"https:\\\/\\\/somllavors.com\\\/es?s={search_term_string}\"},\"query-input\":{\"@type\":\"PropertyValueSpecification\",\"valueRequired\":true,\"valueName\":\"search_term_string\"}}],\"inLanguage\":\"es\"},{\"@type\":[\"Organization\",\"Place\",\"Store\"],\"@id\":\"https:\\\/\\\/somllavors.com\\\/es#organization\",\"name\":\"Som Llavors\",\"alternateName\":\"Crian\u00e7a Natural i Sostenible\",\"url\":\"https:\\\/\\\/somllavors.com\\\/es\",\"logo\":{\"@id\":\"https:\\\/\\\/somllavors.com\\\/es\\\/producte\\\/ulleres-de-sol-2-4-anys-merry-misty-rose-beaba#local-main-organization-logo\"},\"image\":{\"@id\":\"https:\\\/\\\/somllavors.com\\\/es\\\/producte\\\/ulleres-de-sol-2-4-anys-merry-misty-rose-beaba#local-main-organization-logo\"},\"sameAs\":[\"https:\\\/\\\/www.facebook.com\\\/somllavorsvng\\\/?locale=ca_ES\",\"https:\\\/\\\/www.instagram.com\\\/somllavors_vng\\\/\",\"https:\\\/\\\/www.youtube.com\\\/@somllavors\"],\"address\":{\"@id\":\"https:\\\/\\\/somllavors.com\\\/es\\\/producte\\\/ulleres-de-sol-2-4-anys-merry-misty-rose-beaba#local-main-place-address\"},\"geo\":{\"@type\":\"GeoCoordinates\",\"latitude\":\"41.2257737\",\"longitude\":\"1.723258859\"},\"telephone\":[\"623152704\"],\"openingHoursSpecification\":[{\"@type\":\"OpeningHoursSpecification\",\"dayOfWeek\":[\"Monday\",\"Sunday\"],\"opens\":\"00:00\",\"closes\":\"00:00\"},{\"@type\":\"OpeningHoursSpecification\",\"dayOfWeek\":[\"Tuesday\",\"Wednesday\",\"Thursday\",\"Friday\"],\"opens\":\"10:00\",\"closes\":\"20:00\"},{\"@type\":\"OpeningHoursSpecification\",\"dayOfWeek\":[\"Saturday\"],\"opens\":\"10:00\",\"closes\":\"13:30\"}],\"email\":\"info@somllavors.com\"},{\"@type\":\"PostalAddress\",\"@id\":\"https:\\\/\\\/somllavors.com\\\/es\\\/producte\\\/ulleres-de-sol-2-4-anys-merry-misty-rose-beaba#local-main-place-address\",\"streetAddress\":\"Carrer de l'aigua, 6\",\"addressLocality\":\"Vilanova i la Geltr\u00fa\",\"postalCode\":\"08800\",\"addressRegion\":\"Barcelona\",\"addressCountry\":\"ES\"},{\"@type\":\"ImageObject\",\"inLanguage\":\"es\",\"@id\":\"https:\\\/\\\/somllavors.com\\\/es\\\/producte\\\/ulleres-de-sol-2-4-anys-merry-misty-rose-beaba#local-main-organization-logo\",\"url\":\"https:\\\/\\\/somllavors.com\\\/wp-content\\\/uploads\\\/Logotip-Som-Llavors.jpg\",\"contentUrl\":\"https:\\\/\\\/somllavors.com\\\/wp-content\\\/uploads\\\/Logotip-Som-Llavors.jpg\",\"width\":1444,\"height\":1323,\"caption\":\"Som Llavors\"}]}<\/script>\n<meta property=\"product:price:amount\" content=\"35.00\" \/>\n<meta property=\"product:price:currency\" content=\"EUR\" \/>\n<meta property=\"og:availability\" content=\"instock\" \/>\n<meta property=\"product:availability\" content=\"instock\" \/>\n<meta property=\"product:retailer_item_id\" content=\"930311\" \/>\n<meta property=\"product:condition\" content=\"new\" \/>\n<meta name=\"geo.placename\" content=\"Vilanova i la Geltr\u00fa\" \/>\n<meta name=\"geo.position\" content=\"41.2257737;1.723258859\" \/>\n<meta name=\"geo.region\" content=\"Espa\u00f1a\" \/>\n<!-- \/ Yoast SEO Premium plugin. -->","yoast_head_json":{"title":"Ulleres de sol 2-4 anys Merry Misty Rose \u2013 B\u00e9aba &#8212; Som Llavors","description":"Ulleres de sol B\u00e9aba Merry Misty Rose: Estil, comoditat i protecci\u00f3 per a l'etapa m\u00e9s intr\u00e8pida (2-4 anys) Unes ulleres elegants i molt pr\u00e0ctiques dissenyades espec\u00edficament per acompanyar els infants de 2 a 4 anys. Combinen una protecci\u00f3 solar m\u00e0xima amb una muntura resistent que aguanta el seu ritme imparable.     Protecci\u00f3 UV Categoria 3: Lents d'alta qualitat que filtren el 100% dels raigs solars per gaudir de la platja, la muntanya o el parc amb total seguretat.    Muntura flexible i ergon\u00f2mica: Material bi-component suau i mal\u00b7leable que s'adapta al rostre sense pr\u00e9mer ni deixar marques, garantint el m\u00e0xim confort.    Subjecci\u00f3 \u00f2ptima: Patilles corbades dissenyades per mantenir-se a lloc de manera natural, adaptant-se perfectament al contorn del cap a aquesta edat.","robots":{"index":"index","follow":"follow","max-snippet":"max-snippet:-1","max-image-preview":"max-image-preview:large","max-video-preview":"max-video-preview:-1"},"canonical":"https:\/\/somllavors.com\/es\/producte\/ulleres-de-sol-2-4-anys-merry-misty-rose-beaba","og_locale":"es_ES","og_type":"article","og_title":"Ulleres de sol 2-4 anys Merry Misty Rose \u2013 B\u00e9aba","og_description":"La teva botiga d\u2019ecocrian\u00e7a i espai d\u2019acompanyament a la maternitat","og_url":"https:\/\/somllavors.com\/es\/producte\/ulleres-de-sol-2-4-anys-merry-misty-rose-beaba","og_site_name":"Som Llavors","article_publisher":"https:\/\/www.facebook.com\/somllavorsvng\/?locale=ca_ES","article_modified_time":"2026-04-18T15:40:56+00:00","og_image":[{"width":800,"height":800,"url":"https:\/\/somllavors.com\/wp-content\/uploads\/2026\/04\/Som-Llavors-Gafas-para-2-4-anos-merry-misty-rose-930311_product_face_2a-1.jpg","type":"image\/jpeg"}],"twitter_card":"summary_large_image","twitter_misc":{"Precio":"35,00&euro; Iva incl\u00f2s","Availability":"Hay existencias"},"schema":{"@context":"https:\/\/schema.org","@graph":[{"@type":"WebPage","@id":"https:\/\/somllavors.com\/es\/producte\/ulleres-de-sol-2-4-anys-merry-misty-rose-beaba","url":"https:\/\/somllavors.com\/es\/producte\/ulleres-de-sol-2-4-anys-merry-misty-rose-beaba","name":"Ulleres de sol 2-4 anys Merry Misty Rose \u2013 B\u00e9aba &#8212; Som Llavors","isPartOf":{"@id":"https:\/\/somllavors.com\/es#website"},"primaryImageOfPage":{"@id":"https:\/\/somllavors.com\/es\/producte\/ulleres-de-sol-2-4-anys-merry-misty-rose-beaba#primaryimage"},"image":{"@id":"https:\/\/somllavors.com\/es\/producte\/ulleres-de-sol-2-4-anys-merry-misty-rose-beaba#primaryimage"},"thumbnailUrl":"https:\/\/somllavors.com\/wp-content\/uploads\/2026\/04\/Som-Llavors-Gafas-para-2-4-anos-merry-misty-rose-930311_product_face_2a-1.jpg","datePublished":"2026-04-18T15:40:52+00:00","dateModified":"2026-04-18T15:40:56+00:00","description":"Ulleres de sol B\u00e9aba Merry Misty Rose: Estil, comoditat i protecci\u00f3 per a l'etapa m\u00e9s intr\u00e8pida (2-4 anys) Unes ulleres elegants i molt pr\u00e0ctiques dissenyades espec\u00edficament per acompanyar els infants de 2 a 4 anys. Combinen una protecci\u00f3 solar m\u00e0xima amb una muntura resistent que aguanta el seu ritme imparable. Protecci\u00f3 UV Categoria 3: Lents d'alta qualitat que filtren el 100% dels raigs solars per gaudir de la platja, la muntanya o el parc amb total seguretat. Muntura flexible i ergon\u00f2mica: Material bi-component suau i mal\u00b7leable que s'adapta al rostre sense pr\u00e9mer ni deixar marques, garantint el m\u00e0xim confort. Subjecci\u00f3 \u00f2ptima: Patilles corbades dissenyades per mantenir-se a lloc de manera natural, adaptant-se perfectament al contorn del cap a aquesta edat.","breadcrumb":{"@id":"https:\/\/somllavors.com\/es\/producte\/ulleres-de-sol-2-4-anys-merry-misty-rose-beaba#breadcrumb"},"inLanguage":"es","potentialAction":[{"@type":"ReadAction","target":["https:\/\/somllavors.com\/es\/producte\/ulleres-de-sol-2-4-anys-merry-misty-rose-beaba"]}]},{"@type":"ImageObject","inLanguage":"es","@id":"https:\/\/somllavors.com\/es\/producte\/ulleres-de-sol-2-4-anys-merry-misty-rose-beaba#primaryimage","url":"https:\/\/somllavors.com\/wp-content\/uploads\/2026\/04\/Som-Llavors-Gafas-para-2-4-anos-merry-misty-rose-930311_product_face_2a-1.jpg","contentUrl":"https:\/\/somllavors.com\/wp-content\/uploads\/2026\/04\/Som-Llavors-Gafas-para-2-4-anos-merry-misty-rose-930311_product_face_2a-1.jpg","width":800,"height":800,"caption":"ulleres de sol Beaba"},{"@type":"BreadcrumbList","@id":"https:\/\/somllavors.com\/es\/producte\/ulleres-de-sol-2-4-anys-merry-misty-rose-beaba#breadcrumb","itemListElement":[{"@type":"ListItem","position":1,"name":"Inici","item":"https:\/\/somllavors.com\/es"},{"@type":"ListItem","position":2,"name":"Tienda","item":"https:\/\/somllavors.com\/es\/botiga-2"},{"@type":"ListItem","position":3,"name":"Ulleres de sol 2-4 anys Merry Misty Rose \u2013 B\u00e9aba"}]},{"@type":"WebSite","@id":"https:\/\/somllavors.com\/es#website","url":"https:\/\/somllavors.com\/es","name":"Som Llavors","description":"Botiga de crian\u00e7a natural","publisher":{"@id":"https:\/\/somllavors.com\/es#organization"},"alternateName":"Crian\u00e7a Natural i Sostenible","potentialAction":[{"@type":"SearchAction","target":{"@type":"EntryPoint","urlTemplate":"https:\/\/somllavors.com\/es?s={search_term_string}"},"query-input":{"@type":"PropertyValueSpecification","valueRequired":true,"valueName":"search_term_string"}}],"inLanguage":"es"},{"@type":["Organization","Place","Store"],"@id":"https:\/\/somllavors.com\/es#organization","name":"Som Llavors","alternateName":"Crian\u00e7a Natural i Sostenible","url":"https:\/\/somllavors.com\/es","logo":{"@id":"https:\/\/somllavors.com\/es\/producte\/ulleres-de-sol-2-4-anys-merry-misty-rose-beaba#local-main-organization-logo"},"image":{"@id":"https:\/\/somllavors.com\/es\/producte\/ulleres-de-sol-2-4-anys-merry-misty-rose-beaba#local-main-organization-logo"},"sameAs":["https:\/\/www.facebook.com\/somllavorsvng\/?locale=ca_ES","https:\/\/www.instagram.com\/somllavors_vng\/","https:\/\/www.youtube.com\/@somllavors"],"address":{"@id":"https:\/\/somllavors.com\/es\/producte\/ulleres-de-sol-2-4-anys-merry-misty-rose-beaba#local-main-place-address"},"geo":{"@type":"GeoCoordinates","latitude":"41.2257737","longitude":"1.723258859"},"telephone":["623152704","623152704"],"openingHoursSpecification":[{"@type":"OpeningHoursSpecification","dayOfWeek":["Monday","Sunday"],"opens":"00:00","closes":"00:00"},{"@type":"OpeningHoursSpecification","dayOfWeek":["Tuesday","Wednesday","Thursday","Friday"],"opens":"10:00","closes":"20:00"},{"@type":"OpeningHoursSpecification","dayOfWeek":["Saturday"],"opens":"10:00","closes":"13:30"}],"email":"info@somllavors.com"},{"@type":"PostalAddress","@id":"https:\/\/somllavors.com\/es\/producte\/ulleres-de-sol-2-4-anys-merry-misty-rose-beaba#local-main-place-address","streetAddress":"Carrer de l'aigua, 6","addressLocality":"Vilanova i la Geltr\u00fa","postalCode":"08800","addressRegion":"Barcelona","addressCountry":"ES"},{"@type":"ImageObject","inLanguage":"es","@id":"https:\/\/somllavors.com\/es\/producte\/ulleres-de-sol-2-4-anys-merry-misty-rose-beaba#local-main-organization-logo","url":"https:\/\/somllavors.com\/wp-content\/uploads\/Logotip-Som-Llavors.jpg","contentUrl":"https:\/\/somllavors.com\/wp-content\/uploads\/Logotip-Som-Llavors.jpg","width":1444,"height":1323,"caption":"Som Llavors"}]},"product_price_amount":"35.00","product_price_currency":"EUR","og_availability":"instock","product_availability":"instock","product_retailer_item_id":"930311","product_condition":"new","geo.placename":"Vilanova i la Geltr\u00fa","geo.position":{"lat":"41.2257737","long":"1.723258859"},"geo.region":"Espa\u00f1a"},"brands":[{"id":4285,"name":"B\u00e9aba","slug":"beaba"}],"_links":{"self":[{"href":"https:\/\/somllavors.com\/es\/wp-json\/wp\/v2\/product\/91566","targetHints":{"allow":["GET"]}}],"collection":[{"href":"https:\/\/somllavors.com\/es\/wp-json\/wp\/v2\/product"}],"about":[{"href":"https:\/\/somllavors.com\/es\/wp-json\/wp\/v2\/types\/product"}],"wp:featuredmedia":[{"embeddable":true,"href":"https:\/\/somllavors.com\/es\/wp-json\/wp\/v2\/media\/91574"}],"wp:attachment":[{"href":"https:\/\/somllavors.com\/es\/wp-json\/wp\/v2\/media?parent=91566"}],"wp:term":[{"taxonomy":"pwb-brand","embeddable":true,"href":"https:\/\/somllavors.com\/es\/wp-json\/wp\/v2\/pwb-brand?post=91566"},{"taxonomy":"product_brand","embeddable":true,"href":"https:\/\/somllavors.com\/es\/wp-json\/wp\/v2\/product_brand?post=91566"},{"taxonomy":"product_cat","embeddable":true,"href":"https:\/\/somllavors.com\/es\/wp-json\/wp\/v2\/product_cat?post=91566"},{"taxonomy":"product_tag","embeddable":true,"href":"https:\/\/somllavors.com\/es\/wp-json\/wp\/v2\/product_tag?post=91566"}],"curies":[{"name":"wp","href":"https:\/\/api.w.org\/{rel}","templated":true}]}}