{"id":91597,"date":"2026-04-18T17:55:24","date_gmt":"2026-04-18T15:55:24","guid":{"rendered":"https:\/\/somllavors.com\/?post_type=product&#038;p=91597"},"modified":"2026-04-18T18:07:04","modified_gmt":"2026-04-18T16:07:04","slug":"ulleres-de-sol-4-6-anys-square-sunny-blush-beaba","status":"publish","type":"product","link":"https:\/\/somllavors.com\/es\/producte\/ulleres-de-sol-4-6-anys-square-sunny-blush-beaba","title":{"rendered":"Ulleres de sol 4-6 anys Square Sunny Blush \u2013 B\u00e9aba"},"content":{"rendered":"<h2 data-path-to-node=\"5\">Ulleres de sol (4-6 anys): B\u00e9aba Square Sunny Color Blush<\/h2>\n<p data-path-to-node=\"6\">En l&#8217;etapa dels 4 als 6 anys, les criatures tenen una autonomia enorme i gaudeixen de jocs molt m\u00e9s din\u00e0mics a l&#8217;exterior. Per garantir que la seva salut visual estigui protegida sense renunciar a la comoditat, B\u00e9aba ha dissenyat les ulleres Square Sunny amb l&#8217;ajuda de professionals metges (\u00f2ptics, oftalm\u00f2legs i oste\u00f2pates). Aquest model, en el bonic i dol\u00e7 to rosa &#8220;Blush&#8221;, \u00e9s l&#8217;equilibri perfecte entre tecnologia, protecci\u00f3 i estil.<\/p>\n<h3 data-path-to-node=\"7\">Caracter\u00edstiques t\u00e8cniques destacades:<\/h3>\n<ul data-path-to-node=\"8\">\n<li>\n<p data-path-to-node=\"8,0,0\"><b data-path-to-node=\"8,0,0\" data-index-in-node=\"0\">Lents de Categoria 3 (100% UV):<\/b> Ofereixen una barrera total contra els raigs UVA, UVB i UVC. S\u00f3n ideals per a entorns de forta lluminositat o reverberaci\u00f3, cuidant la vista durant exposicions llargues.<\/p>\n<\/li>\n<li>\n<p data-path-to-node=\"8,1,0\"><b data-path-to-node=\"8,1,0\" data-index-in-node=\"0\">Confort absolut &#8220;Fit Tech&#8221;:<\/b> La zona del nas, les temples i l&#8217;interior de les patilles estan recoberts amb el material suau <i data-path-to-node=\"8,1,0\" data-index-in-node=\"123\">Fit Tech<\/i>. Aix\u00f2, sumat a les frontisses flexibles, evita qualsevol mena de compressi\u00f3 o marca al rostre.<\/p>\n<\/li>\n<li>\n<p data-path-to-node=\"8,2,0\"><b data-path-to-node=\"8,2,0\" data-index-in-node=\"0\">Ajustament a mida (360\u00b0):<\/b> Les puntes de les patilles es poden corbar i ajustar en qualsevol direcci\u00f3. S&#8217;adapten exactament a la forma de l&#8217;orella de cada infant, garantint que no caiguin ni molestin.<\/p>\n<\/li>\n<li>\n<p data-path-to-node=\"8,3,0\"><b data-path-to-node=\"8,3,0\" data-index-in-node=\"0\">Sistema &#8220;Clip &amp; Play&#8221;:<\/b> Incorpora un pr\u00e0ctic cord\u00f3 el\u00e0stic ajustable que s&#8217;enganxa f\u00e0cilment, ideal per assegurar les ulleres durant els jocs m\u00e9s moguts o les activitats esportives.<\/p>\n<\/li>\n<\/ul>\n<h3 data-path-to-node=\"9\">Per qu\u00e8 triar aquest model?<\/h3>\n<p data-path-to-node=\"10\">S\u00f3n, sens dubte, les ulleres que no es voldran treure. Gr\u00e0cies a l&#8217;estudi anat\u00f2mic que hi ha darrere del seu disseny, ofereixen una sensaci\u00f3 de llibertat total. S\u00f3n ultra-resistents i estan preparades per aguantar el ritme d&#8217;aquesta edat. El color &#8220;Blush&#8221; \u00e9s elegant i atemporal, sent un complement fant\u00e0stic per al dia a dia.<\/p>\n<blockquote data-path-to-node=\"11\">\n<p data-path-to-node=\"11,0\"><b data-path-to-node=\"11,0\" data-index-in-node=\"0\">El consell de Som Llavors:<\/b> Aquest model inclou un estoig r\u00edgid espectacular. Aprofita que en aquesta edat els encanta tenir les seves pr\u00f2pies responsabilitats per ensenyar-los a netejar les lents amb la microfibra i guardar les ulleres a la seva capsa &#8220;de grans&#8221; despr\u00e9s de cada \u00fas. \u00c9s un h\u00e0bit fant\u00e0stic per cuidar les seves pertinences!<\/p>\n<\/blockquote>\n","protected":false},"excerpt":{"rendered":"<p data-path-to-node=\"1\"><b data-path-to-node=\"1\" data-index-in-node=\"0\">Ulleres de sol B\u00e9aba Square Sunny Blush: M\u00e0xima protecci\u00f3 i disseny expert per a l&#8217;etapa m\u00e9s activa (4-6 anys)<\/b><\/p>\n<p data-path-to-node=\"2\">Unes ulleres de sol innovadores, dissenyades en col\u00b7laboraci\u00f3 amb \u00f2ptics, oftalm\u00f2legs i oste\u00f2pates, per oferir el m\u00e0xim confort i seguretat als infants de 4 a 6 anys sense frenar la seva energia.<\/p>\n<ul data-path-to-node=\"3\">\n<li>\n<p data-path-to-node=\"3,0,0\"><b data-path-to-node=\"3,0,0\" data-index-in-node=\"0\">Protecci\u00f3 UV Categoria 3:<\/b> Lents que filtren el 100% dels raigs solars, proporcionant una seguretat \u00f2ptima tant a la platja com a la muntanya.<\/p>\n<\/li>\n<li>\n<p data-path-to-node=\"3,1,0\"><b data-path-to-node=\"3,1,0\" data-index-in-node=\"0\">Ergonomia &#8220;Fit Tech&#8221; i ajustable:<\/b> Frontisses flexibles i extrems de les patilles ajustables a 360\u00b0 perqu\u00e8 s&#8217;adaptin a l&#8217;orella sense generar cap punt de pressi\u00f3.<\/p>\n<\/li>\n<li>\n<p data-path-to-node=\"3,2,0\"><b data-path-to-node=\"3,2,0\" data-index-in-node=\"0\">Subjecci\u00f3 i accessoris:<\/b> Inclouen una cinta el\u00e0stica amb sistema &#8220;clip &amp; play&#8221; anti-p\u00e8rdua, a m\u00e9s d&#8217;un estoig r\u00edgid i una funda de microfibra.<\/p>\n<\/li>\n<\/ul>\n","protected":false},"featured_media":91608,"template":"","meta":{"_acf_changed":false,"site-sidebar-layout":"default","site-content-layout":"","ast-site-content-layout":"default","site-content-style":"default","site-sidebar-style":"default","ast-global-header-display":"","ast-banner-title-visibility":"","ast-main-header-display":"","ast-hfb-above-header-display":"","ast-hfb-below-header-display":"","ast-hfb-mobile-header-display":"","site-post-title":"","ast-breadcrumbs-content":"","ast-featured-img":"","footer-sml-layout":"","ast-disable-related-posts":"","theme-transparent-header-meta":"default","adv-header-id-meta":"","stick-header-meta":"","header-above-stick-meta":"","header-main-stick-meta":"","header-below-stick-meta":"","astra-migrate-meta-layouts":"set","ast-page-background-enabled":"default","ast-page-background-meta":{"desktop":{"background-color":"","background-image":"","background-repeat":"repeat","background-position":"center center","background-size":"auto","background-attachment":"scroll","background-type":"","background-media":"","overlay-type":"","overlay-color":"","overlay-opacity":"","overlay-gradient":""},"tablet":{"background-color":"","background-image":"","background-repeat":"repeat","background-position":"center center","background-size":"auto","background-attachment":"scroll","background-type":"","background-media":"","overlay-type":"","overlay-color":"","overlay-opacity":"","overlay-gradient":""},"mobile":{"background-color":"","background-image":"","background-repeat":"repeat","background-position":"center center","background-size":"auto","background-attachment":"scroll","background-type":"","background-media":"","overlay-type":"","overlay-color":"","overlay-opacity":"","overlay-gradient":""}},"ast-content-background-meta":{"desktop":{"background-color":"var(--ast-global-color-5)","background-image":"","background-repeat":"repeat","background-position":"center center","background-size":"auto","background-attachment":"scroll","background-type":"","background-media":"","overlay-type":"","overlay-color":"","overlay-opacity":"","overlay-gradient":""},"tablet":{"background-color":"var(--ast-global-color-5)","background-image":"","background-repeat":"repeat","background-position":"center center","background-size":"auto","background-attachment":"scroll","background-type":"","background-media":"","overlay-type":"","overlay-color":"","overlay-opacity":"","overlay-gradient":""},"mobile":{"background-color":"var(--ast-global-color-5)","background-image":"","background-repeat":"repeat","background-position":"center center","background-size":"auto","background-attachment":"scroll","background-type":"","background-media":"","overlay-type":"","overlay-color":"","overlay-opacity":"","overlay-gradient":""}}},"pwb-brand":[4285],"product_brand":[],"product_cat":[3449],"product_tag":[4283,5557],"class_list":{"0":"post-91597","1":"product","2":"type-product","3":"status-publish","4":"has-post-thumbnail","6":"pwb-brand-beaba","7":"product_cat-ulleres-de-sol","8":"product_tag-beaba","9":"product_tag-ulleres-de-sol","10":"desktop-align-left","11":"tablet-align-left","12":"mobile-align-left","14":"first","15":"instock","16":"taxable","17":"shipping-taxable","18":"purchasable","19":"product-type-simple"},"acf":[],"yoast_head":"<!-- This site is optimized with the Yoast SEO Premium plugin v18.3 (Yoast SEO v27.4) - https:\/\/yoast.com\/product\/yoast-seo-premium-wordpress\/ -->\n<title>Ulleres de sol 4-6 anys Square Sunny Blush \u2013 B\u00e9aba &#8212; Som Llavors<\/title>\n<meta name=\"description\" content=\"Ulleres de sol B\u00e9aba Square Sunny Blush: M\u00e0xima protecci\u00f3 i disseny expert per a l&#039;etapa m\u00e9s activa (4-6 anys) Unes ulleres de sol innovadores, dissenyades en col\u00b7laboraci\u00f3 amb \u00f2ptics, oftalm\u00f2legs i oste\u00f2pates, per oferir el m\u00e0xim confort i seguretat als infants de 4 a 6 anys sense frenar la seva energia.     Protecci\u00f3 UV Categoria 3: Lents que filtren el 100% dels raigs solars, proporcionant una seguretat \u00f2ptima tant a la platja com a la muntanya.    Ergonomia &quot;Fit Tech&quot; i ajustable: Frontisses flexibles i extrems de les patilles ajustables a 360\u00b0 perqu\u00e8 s&#039;adaptin a l&#039;orella sense generar cap punt de pressi\u00f3.    Subjecci\u00f3 i accessoris: Inclouen una cinta el\u00e0stica amb sistema &quot;clip &amp; play&quot; anti-p\u00e8rdua, a m\u00e9s d&#039;un estoig r\u00edgid i una funda de microfibra.\" \/>\n<meta name=\"robots\" content=\"index, follow, max-snippet:-1, max-image-preview:large, max-video-preview:-1\" \/>\n<link rel=\"canonical\" href=\"https:\/\/somllavors.com\/es\/producte\/ulleres-de-sol-4-6-anys-square-sunny-blush-beaba\" \/>\n<meta property=\"og:locale\" content=\"es_ES\" \/>\n<meta property=\"og:type\" content=\"article\" \/>\n<meta property=\"og:title\" content=\"Ulleres de sol 4-6 anys Square Sunny Blush \u2013 B\u00e9aba\" \/>\n<meta property=\"og:description\" content=\"La teva botiga d\u2019ecocrian\u00e7a i espai d\u2019acompanyament a la maternitat\" \/>\n<meta property=\"og:url\" content=\"https:\/\/somllavors.com\/es\/producte\/ulleres-de-sol-4-6-anys-square-sunny-blush-beaba\" \/>\n<meta property=\"og:site_name\" content=\"Som Llavors\" \/>\n<meta property=\"article:publisher\" content=\"https:\/\/www.facebook.com\/somllavorsvng\/?locale=ca_ES\" \/>\n<meta property=\"article:modified_time\" content=\"2026-04-18T16:07:04+00:00\" \/>\n<meta property=\"og:image\" content=\"https:\/\/somllavors.com\/wp-content\/uploads\/2026\/04\/Som-Llavors-Gafas-de-sol-4-6-anos-SQUARE-SUNNY-BLUSH-930401_product_3-4_1.jpg\" \/>\n\t<meta property=\"og:image:width\" content=\"800\" \/>\n\t<meta property=\"og:image:height\" content=\"800\" \/>\n\t<meta property=\"og:image:type\" content=\"image\/jpeg\" \/>\n<meta name=\"twitter:card\" content=\"summary_large_image\" \/>\n<meta name=\"twitter:label1\" content=\"Precio\" \/>\n\t<meta name=\"twitter:data1\" content=\"35,00&euro; Iva incl\u00f2s\" \/>\n\t<meta name=\"twitter:label2\" content=\"Availability\" \/>\n\t<meta name=\"twitter:data2\" content=\"Hay existencias\" \/>\n<script type=\"application\/ld+json\" class=\"yoast-schema-graph\">{\"@context\":\"https:\\\/\\\/schema.org\",\"@graph\":[{\"@type\":\"WebPage\",\"@id\":\"https:\\\/\\\/somllavors.com\\\/es\\\/producte\\\/ulleres-de-sol-4-6-anys-square-sunny-blush-beaba\",\"url\":\"https:\\\/\\\/somllavors.com\\\/es\\\/producte\\\/ulleres-de-sol-4-6-anys-square-sunny-blush-beaba\",\"name\":\"Ulleres de sol 4-6 anys Square Sunny Blush \u2013 B\u00e9aba &#8212; Som Llavors\",\"isPartOf\":{\"@id\":\"https:\\\/\\\/somllavors.com\\\/es#website\"},\"primaryImageOfPage\":{\"@id\":\"https:\\\/\\\/somllavors.com\\\/es\\\/producte\\\/ulleres-de-sol-4-6-anys-square-sunny-blush-beaba#primaryimage\"},\"image\":{\"@id\":\"https:\\\/\\\/somllavors.com\\\/es\\\/producte\\\/ulleres-de-sol-4-6-anys-square-sunny-blush-beaba#primaryimage\"},\"thumbnailUrl\":\"https:\\\/\\\/somllavors.com\\\/wp-content\\\/uploads\\\/2026\\\/04\\\/Som-Llavors-Gafas-de-sol-4-6-anos-SQUARE-SUNNY-BLUSH-930401_product_3-4_1.jpg\",\"datePublished\":\"2026-04-18T15:55:24+00:00\",\"dateModified\":\"2026-04-18T16:07:04+00:00\",\"description\":\"Ulleres de sol B\u00e9aba Square Sunny Blush: M\u00e0xima protecci\u00f3 i disseny expert per a l'etapa m\u00e9s activa (4-6 anys) Unes ulleres de sol innovadores, dissenyades en col\u00b7laboraci\u00f3 amb \u00f2ptics, oftalm\u00f2legs i oste\u00f2pates, per oferir el m\u00e0xim confort i seguretat als infants de 4 a 6 anys sense frenar la seva energia. Protecci\u00f3 UV Categoria 3: Lents que filtren el 100% dels raigs solars, proporcionant una seguretat \u00f2ptima tant a la platja com a la muntanya. Ergonomia \\\"Fit Tech\\\" i ajustable: Frontisses flexibles i extrems de les patilles ajustables a 360\u00b0 perqu\u00e8 s'adaptin a l'orella sense generar cap punt de pressi\u00f3. Subjecci\u00f3 i accessoris: Inclouen una cinta el\u00e0stica amb sistema \\\"clip &amp; play\\\" anti-p\u00e8rdua, a m\u00e9s d'un estoig r\u00edgid i una funda de microfibra.\",\"breadcrumb\":{\"@id\":\"https:\\\/\\\/somllavors.com\\\/es\\\/producte\\\/ulleres-de-sol-4-6-anys-square-sunny-blush-beaba#breadcrumb\"},\"inLanguage\":\"es\",\"potentialAction\":[{\"@type\":\"ReadAction\",\"target\":[\"https:\\\/\\\/somllavors.com\\\/es\\\/producte\\\/ulleres-de-sol-4-6-anys-square-sunny-blush-beaba\"]}]},{\"@type\":\"ImageObject\",\"inLanguage\":\"es\",\"@id\":\"https:\\\/\\\/somllavors.com\\\/es\\\/producte\\\/ulleres-de-sol-4-6-anys-square-sunny-blush-beaba#primaryimage\",\"url\":\"https:\\\/\\\/somllavors.com\\\/wp-content\\\/uploads\\\/2026\\\/04\\\/Som-Llavors-Gafas-de-sol-4-6-anos-SQUARE-SUNNY-BLUSH-930401_product_3-4_1.jpg\",\"contentUrl\":\"https:\\\/\\\/somllavors.com\\\/wp-content\\\/uploads\\\/2026\\\/04\\\/Som-Llavors-Gafas-de-sol-4-6-anos-SQUARE-SUNNY-BLUSH-930401_product_3-4_1.jpg\",\"width\":800,\"height\":800,\"caption\":\"ulleres de sol beaba\"},{\"@type\":\"BreadcrumbList\",\"@id\":\"https:\\\/\\\/somllavors.com\\\/es\\\/producte\\\/ulleres-de-sol-4-6-anys-square-sunny-blush-beaba#breadcrumb\",\"itemListElement\":[{\"@type\":\"ListItem\",\"position\":1,\"name\":\"Inici\",\"item\":\"https:\\\/\\\/somllavors.com\\\/es\"},{\"@type\":\"ListItem\",\"position\":2,\"name\":\"Tienda\",\"item\":\"https:\\\/\\\/somllavors.com\\\/es\\\/botiga-2\"},{\"@type\":\"ListItem\",\"position\":3,\"name\":\"Ulleres de sol 4-6 anys Square Sunny Blush \u2013 B\u00e9aba\"}]},{\"@type\":\"WebSite\",\"@id\":\"https:\\\/\\\/somllavors.com\\\/es#website\",\"url\":\"https:\\\/\\\/somllavors.com\\\/es\",\"name\":\"Som Llavors\",\"description\":\"Botiga de crian\u00e7a natural\",\"publisher\":{\"@id\":\"https:\\\/\\\/somllavors.com\\\/es#organization\"},\"alternateName\":\"Crian\u00e7a Natural i Sostenible\",\"potentialAction\":[{\"@type\":\"SearchAction\",\"target\":{\"@type\":\"EntryPoint\",\"urlTemplate\":\"https:\\\/\\\/somllavors.com\\\/es?s={search_term_string}\"},\"query-input\":{\"@type\":\"PropertyValueSpecification\",\"valueRequired\":true,\"valueName\":\"search_term_string\"}}],\"inLanguage\":\"es\"},{\"@type\":[\"Organization\",\"Place\",\"Store\"],\"@id\":\"https:\\\/\\\/somllavors.com\\\/es#organization\",\"name\":\"Som Llavors\",\"alternateName\":\"Crian\u00e7a Natural i Sostenible\",\"url\":\"https:\\\/\\\/somllavors.com\\\/es\",\"logo\":{\"@id\":\"https:\\\/\\\/somllavors.com\\\/es\\\/producte\\\/ulleres-de-sol-4-6-anys-square-sunny-blush-beaba#local-main-organization-logo\"},\"image\":{\"@id\":\"https:\\\/\\\/somllavors.com\\\/es\\\/producte\\\/ulleres-de-sol-4-6-anys-square-sunny-blush-beaba#local-main-organization-logo\"},\"sameAs\":[\"https:\\\/\\\/www.facebook.com\\\/somllavorsvng\\\/?locale=ca_ES\",\"https:\\\/\\\/www.instagram.com\\\/somllavors_vng\\\/\",\"https:\\\/\\\/www.youtube.com\\\/@somllavors\"],\"address\":{\"@id\":\"https:\\\/\\\/somllavors.com\\\/es\\\/producte\\\/ulleres-de-sol-4-6-anys-square-sunny-blush-beaba#local-main-place-address\"},\"geo\":{\"@type\":\"GeoCoordinates\",\"latitude\":\"41.2257737\",\"longitude\":\"1.723258859\"},\"telephone\":[\"623152704\"],\"openingHoursSpecification\":[{\"@type\":\"OpeningHoursSpecification\",\"dayOfWeek\":[\"Monday\",\"Sunday\"],\"opens\":\"00:00\",\"closes\":\"00:00\"},{\"@type\":\"OpeningHoursSpecification\",\"dayOfWeek\":[\"Tuesday\",\"Wednesday\",\"Thursday\",\"Friday\"],\"opens\":\"10:00\",\"closes\":\"20:00\"},{\"@type\":\"OpeningHoursSpecification\",\"dayOfWeek\":[\"Saturday\"],\"opens\":\"10:00\",\"closes\":\"13:30\"}],\"email\":\"info@somllavors.com\"},{\"@type\":\"PostalAddress\",\"@id\":\"https:\\\/\\\/somllavors.com\\\/es\\\/producte\\\/ulleres-de-sol-4-6-anys-square-sunny-blush-beaba#local-main-place-address\",\"streetAddress\":\"Carrer de l'aigua, 6\",\"addressLocality\":\"Vilanova i la Geltr\u00fa\",\"postalCode\":\"08800\",\"addressRegion\":\"Barcelona\",\"addressCountry\":\"ES\"},{\"@type\":\"ImageObject\",\"inLanguage\":\"es\",\"@id\":\"https:\\\/\\\/somllavors.com\\\/es\\\/producte\\\/ulleres-de-sol-4-6-anys-square-sunny-blush-beaba#local-main-organization-logo\",\"url\":\"https:\\\/\\\/somllavors.com\\\/wp-content\\\/uploads\\\/Logotip-Som-Llavors.jpg\",\"contentUrl\":\"https:\\\/\\\/somllavors.com\\\/wp-content\\\/uploads\\\/Logotip-Som-Llavors.jpg\",\"width\":1444,\"height\":1323,\"caption\":\"Som Llavors\"}]}<\/script>\n<meta property=\"product:price:amount\" content=\"35.00\" \/>\n<meta property=\"product:price:currency\" content=\"EUR\" \/>\n<meta property=\"og:availability\" content=\"instock\" \/>\n<meta property=\"product:availability\" content=\"instock\" \/>\n<meta property=\"product:retailer_item_id\" content=\"930401\" \/>\n<meta property=\"product:condition\" content=\"new\" \/>\n<meta name=\"geo.placename\" content=\"Vilanova i la Geltr\u00fa\" \/>\n<meta name=\"geo.position\" content=\"41.2257737;1.723258859\" \/>\n<meta name=\"geo.region\" content=\"Espa\u00f1a\" \/>\n<!-- \/ Yoast SEO Premium plugin. -->","yoast_head_json":{"title":"Ulleres de sol 4-6 anys Square Sunny Blush \u2013 B\u00e9aba &#8212; Som Llavors","description":"Ulleres de sol B\u00e9aba Square Sunny Blush: M\u00e0xima protecci\u00f3 i disseny expert per a l'etapa m\u00e9s activa (4-6 anys) Unes ulleres de sol innovadores, dissenyades en col\u00b7laboraci\u00f3 amb \u00f2ptics, oftalm\u00f2legs i oste\u00f2pates, per oferir el m\u00e0xim confort i seguretat als infants de 4 a 6 anys sense frenar la seva energia.     Protecci\u00f3 UV Categoria 3: Lents que filtren el 100% dels raigs solars, proporcionant una seguretat \u00f2ptima tant a la platja com a la muntanya.    Ergonomia \"Fit Tech\" i ajustable: Frontisses flexibles i extrems de les patilles ajustables a 360\u00b0 perqu\u00e8 s'adaptin a l'orella sense generar cap punt de pressi\u00f3.    Subjecci\u00f3 i accessoris: Inclouen una cinta el\u00e0stica amb sistema \"clip &amp; play\" anti-p\u00e8rdua, a m\u00e9s d'un estoig r\u00edgid i una funda de microfibra.","robots":{"index":"index","follow":"follow","max-snippet":"max-snippet:-1","max-image-preview":"max-image-preview:large","max-video-preview":"max-video-preview:-1"},"canonical":"https:\/\/somllavors.com\/es\/producte\/ulleres-de-sol-4-6-anys-square-sunny-blush-beaba","og_locale":"es_ES","og_type":"article","og_title":"Ulleres de sol 4-6 anys Square Sunny Blush \u2013 B\u00e9aba","og_description":"La teva botiga d\u2019ecocrian\u00e7a i espai d\u2019acompanyament a la maternitat","og_url":"https:\/\/somllavors.com\/es\/producte\/ulleres-de-sol-4-6-anys-square-sunny-blush-beaba","og_site_name":"Som Llavors","article_publisher":"https:\/\/www.facebook.com\/somllavorsvng\/?locale=ca_ES","article_modified_time":"2026-04-18T16:07:04+00:00","og_image":[{"width":800,"height":800,"url":"https:\/\/somllavors.com\/wp-content\/uploads\/2026\/04\/Som-Llavors-Gafas-de-sol-4-6-anos-SQUARE-SUNNY-BLUSH-930401_product_3-4_1.jpg","type":"image\/jpeg"}],"twitter_card":"summary_large_image","twitter_misc":{"Precio":"35,00&euro; Iva incl\u00f2s","Availability":"Hay existencias"},"schema":{"@context":"https:\/\/schema.org","@graph":[{"@type":"WebPage","@id":"https:\/\/somllavors.com\/es\/producte\/ulleres-de-sol-4-6-anys-square-sunny-blush-beaba","url":"https:\/\/somllavors.com\/es\/producte\/ulleres-de-sol-4-6-anys-square-sunny-blush-beaba","name":"Ulleres de sol 4-6 anys Square Sunny Blush \u2013 B\u00e9aba &#8212; Som Llavors","isPartOf":{"@id":"https:\/\/somllavors.com\/es#website"},"primaryImageOfPage":{"@id":"https:\/\/somllavors.com\/es\/producte\/ulleres-de-sol-4-6-anys-square-sunny-blush-beaba#primaryimage"},"image":{"@id":"https:\/\/somllavors.com\/es\/producte\/ulleres-de-sol-4-6-anys-square-sunny-blush-beaba#primaryimage"},"thumbnailUrl":"https:\/\/somllavors.com\/wp-content\/uploads\/2026\/04\/Som-Llavors-Gafas-de-sol-4-6-anos-SQUARE-SUNNY-BLUSH-930401_product_3-4_1.jpg","datePublished":"2026-04-18T15:55:24+00:00","dateModified":"2026-04-18T16:07:04+00:00","description":"Ulleres de sol B\u00e9aba Square Sunny Blush: M\u00e0xima protecci\u00f3 i disseny expert per a l'etapa m\u00e9s activa (4-6 anys) Unes ulleres de sol innovadores, dissenyades en col\u00b7laboraci\u00f3 amb \u00f2ptics, oftalm\u00f2legs i oste\u00f2pates, per oferir el m\u00e0xim confort i seguretat als infants de 4 a 6 anys sense frenar la seva energia. Protecci\u00f3 UV Categoria 3: Lents que filtren el 100% dels raigs solars, proporcionant una seguretat \u00f2ptima tant a la platja com a la muntanya. Ergonomia \"Fit Tech\" i ajustable: Frontisses flexibles i extrems de les patilles ajustables a 360\u00b0 perqu\u00e8 s'adaptin a l'orella sense generar cap punt de pressi\u00f3. Subjecci\u00f3 i accessoris: Inclouen una cinta el\u00e0stica amb sistema \"clip &amp; play\" anti-p\u00e8rdua, a m\u00e9s d'un estoig r\u00edgid i una funda de microfibra.","breadcrumb":{"@id":"https:\/\/somllavors.com\/es\/producte\/ulleres-de-sol-4-6-anys-square-sunny-blush-beaba#breadcrumb"},"inLanguage":"es","potentialAction":[{"@type":"ReadAction","target":["https:\/\/somllavors.com\/es\/producte\/ulleres-de-sol-4-6-anys-square-sunny-blush-beaba"]}]},{"@type":"ImageObject","inLanguage":"es","@id":"https:\/\/somllavors.com\/es\/producte\/ulleres-de-sol-4-6-anys-square-sunny-blush-beaba#primaryimage","url":"https:\/\/somllavors.com\/wp-content\/uploads\/2026\/04\/Som-Llavors-Gafas-de-sol-4-6-anos-SQUARE-SUNNY-BLUSH-930401_product_3-4_1.jpg","contentUrl":"https:\/\/somllavors.com\/wp-content\/uploads\/2026\/04\/Som-Llavors-Gafas-de-sol-4-6-anos-SQUARE-SUNNY-BLUSH-930401_product_3-4_1.jpg","width":800,"height":800,"caption":"ulleres de sol beaba"},{"@type":"BreadcrumbList","@id":"https:\/\/somllavors.com\/es\/producte\/ulleres-de-sol-4-6-anys-square-sunny-blush-beaba#breadcrumb","itemListElement":[{"@type":"ListItem","position":1,"name":"Inici","item":"https:\/\/somllavors.com\/es"},{"@type":"ListItem","position":2,"name":"Tienda","item":"https:\/\/somllavors.com\/es\/botiga-2"},{"@type":"ListItem","position":3,"name":"Ulleres de sol 4-6 anys Square Sunny Blush \u2013 B\u00e9aba"}]},{"@type":"WebSite","@id":"https:\/\/somllavors.com\/es#website","url":"https:\/\/somllavors.com\/es","name":"Som Llavors","description":"Botiga de crian\u00e7a natural","publisher":{"@id":"https:\/\/somllavors.com\/es#organization"},"alternateName":"Crian\u00e7a Natural i Sostenible","potentialAction":[{"@type":"SearchAction","target":{"@type":"EntryPoint","urlTemplate":"https:\/\/somllavors.com\/es?s={search_term_string}"},"query-input":{"@type":"PropertyValueSpecification","valueRequired":true,"valueName":"search_term_string"}}],"inLanguage":"es"},{"@type":["Organization","Place","Store"],"@id":"https:\/\/somllavors.com\/es#organization","name":"Som Llavors","alternateName":"Crian\u00e7a Natural i Sostenible","url":"https:\/\/somllavors.com\/es","logo":{"@id":"https:\/\/somllavors.com\/es\/producte\/ulleres-de-sol-4-6-anys-square-sunny-blush-beaba#local-main-organization-logo"},"image":{"@id":"https:\/\/somllavors.com\/es\/producte\/ulleres-de-sol-4-6-anys-square-sunny-blush-beaba#local-main-organization-logo"},"sameAs":["https:\/\/www.facebook.com\/somllavorsvng\/?locale=ca_ES","https:\/\/www.instagram.com\/somllavors_vng\/","https:\/\/www.youtube.com\/@somllavors"],"address":{"@id":"https:\/\/somllavors.com\/es\/producte\/ulleres-de-sol-4-6-anys-square-sunny-blush-beaba#local-main-place-address"},"geo":{"@type":"GeoCoordinates","latitude":"41.2257737","longitude":"1.723258859"},"telephone":["623152704","623152704"],"openingHoursSpecification":[{"@type":"OpeningHoursSpecification","dayOfWeek":["Monday","Sunday"],"opens":"00:00","closes":"00:00"},{"@type":"OpeningHoursSpecification","dayOfWeek":["Tuesday","Wednesday","Thursday","Friday"],"opens":"10:00","closes":"20:00"},{"@type":"OpeningHoursSpecification","dayOfWeek":["Saturday"],"opens":"10:00","closes":"13:30"}],"email":"info@somllavors.com"},{"@type":"PostalAddress","@id":"https:\/\/somllavors.com\/es\/producte\/ulleres-de-sol-4-6-anys-square-sunny-blush-beaba#local-main-place-address","streetAddress":"Carrer de l'aigua, 6","addressLocality":"Vilanova i la Geltr\u00fa","postalCode":"08800","addressRegion":"Barcelona","addressCountry":"ES"},{"@type":"ImageObject","inLanguage":"es","@id":"https:\/\/somllavors.com\/es\/producte\/ulleres-de-sol-4-6-anys-square-sunny-blush-beaba#local-main-organization-logo","url":"https:\/\/somllavors.com\/wp-content\/uploads\/Logotip-Som-Llavors.jpg","contentUrl":"https:\/\/somllavors.com\/wp-content\/uploads\/Logotip-Som-Llavors.jpg","width":1444,"height":1323,"caption":"Som Llavors"}]},"product_price_amount":"35.00","product_price_currency":"EUR","og_availability":"instock","product_availability":"instock","product_retailer_item_id":"930401","product_condition":"new","geo.placename":"Vilanova i la Geltr\u00fa","geo.position":{"lat":"41.2257737","long":"1.723258859"},"geo.region":"Espa\u00f1a"},"brands":[{"id":4285,"name":"B\u00e9aba","slug":"beaba"}],"_links":{"self":[{"href":"https:\/\/somllavors.com\/es\/wp-json\/wp\/v2\/product\/91597","targetHints":{"allow":["GET"]}}],"collection":[{"href":"https:\/\/somllavors.com\/es\/wp-json\/wp\/v2\/product"}],"about":[{"href":"https:\/\/somllavors.com\/es\/wp-json\/wp\/v2\/types\/product"}],"wp:featuredmedia":[{"embeddable":true,"href":"https:\/\/somllavors.com\/es\/wp-json\/wp\/v2\/media\/91608"}],"wp:attachment":[{"href":"https:\/\/somllavors.com\/es\/wp-json\/wp\/v2\/media?parent=91597"}],"wp:term":[{"taxonomy":"pwb-brand","embeddable":true,"href":"https:\/\/somllavors.com\/es\/wp-json\/wp\/v2\/pwb-brand?post=91597"},{"taxonomy":"product_brand","embeddable":true,"href":"https:\/\/somllavors.com\/es\/wp-json\/wp\/v2\/product_brand?post=91597"},{"taxonomy":"product_cat","embeddable":true,"href":"https:\/\/somllavors.com\/es\/wp-json\/wp\/v2\/product_cat?post=91597"},{"taxonomy":"product_tag","embeddable":true,"href":"https:\/\/somllavors.com\/es\/wp-json\/wp\/v2\/product_tag?post=91597"}],"curies":[{"name":"wp","href":"https:\/\/api.w.org\/{rel}","templated":true}]}}