{"id":91598,"date":"2026-04-18T17:58:24","date_gmt":"2026-04-18T15:58:24","guid":{"rendered":"https:\/\/somllavors.com\/?post_type=product&#038;p=91598"},"modified":"2026-04-18T18:07:03","modified_gmt":"2026-04-18T16:07:03","slug":"ulleres-de-sol-4-6-anys-casual-blau-beaba","status":"publish","type":"product","link":"https:\/\/somllavors.com\/es\/producte\/ulleres-de-sol-4-6-anys-casual-blau-beaba","title":{"rendered":"Ulleres de sol 4-6 anys Casual Blau \u2013 B\u00e9aba"},"content":{"rendered":"<h2 data-path-to-node=\"5\">Ulleres de sol (4-6 anys): B\u00e9aba Casual Color Blau<\/h2>\n<p data-path-to-node=\"6\">L&#8217;etapa dels 4 als 6 anys est\u00e0 plena d&#8217;excursions, activitats esportives i llargues hores de joc a l&#8217;aire lliure. Per donar resposta a aquesta intensitat, B\u00e9aba presenta el model Casual, unes ulleres d&#8217;alt rendiment desenvolupades juntament amb \u00f2ptics, oftalm\u00f2legs i oste\u00f2pates. El seu to &#8220;Gris C\u00f2dol&#8221; (Galet) aporta una est\u00e8tica moderna, esportiva i neutra, mentre el seu disseny avan\u00e7at garanteix que la vista estigui protegida des de qualsevol angle de manera confortable.<\/p>\n<h3 data-path-to-node=\"7\">Caracter\u00edstiques t\u00e8cniques destacades:<\/h3>\n<ul data-path-to-node=\"8\">\n<li>\n<p data-path-to-node=\"8,0,0\"><b data-path-to-node=\"8,0,0\" data-index-in-node=\"0\">Lents de Categoria 3 (UV 400):<\/b> Filtren el 100% de la radiaci\u00f3 UVA, UVB i UVC. La seva m\u00e0xima qualitat \u00f2ptica les fa perfectes per suportar condicions de forta lluminositat o reverberaci\u00f3, cuidant la salut ocular a llarg termini.<\/p>\n<\/li>\n<li>\n<p data-path-to-node=\"8,1,0\"><b data-path-to-node=\"8,1,0\" data-index-in-node=\"0\">Escuts laterals protectors:<\/b> A difer\u00e8ncia d&#8217;altres models, les ulleres Sunrise incorporen unes discretes per\u00f2 eficaces proteccions als laterals que bloquegen completament els raigs solars oblics i eviten els reflexos molestos.<\/p>\n<\/li>\n<li>\n<p data-path-to-node=\"8,2,0\"><b data-path-to-node=\"8,2,0\" data-index-in-node=\"0\">Ajustament expert &#8220;Fit Tech&#8221;:<\/b> La zona del nas, les temples i l&#8217;interior de les patilles estan fabricades amb un material ultra-suau que evita qualsevol punt de pressi\u00f3. A m\u00e9s, els extrems es poden corbar 360\u00b0 en totes direccions per assegurar que no caiguin i s&#8217;adaptin perfectament al contorn del cap.<\/p>\n<\/li>\n<li>\n<p data-path-to-node=\"8,3,0\"><b data-path-to-node=\"8,3,0\" data-index-in-node=\"0\">Muntura apta per a graduar:<\/b> Un gran avantatge d&#8217;aquest model \u00e9s que, gr\u00e0cies a la seva solidesa i disseny de qualitat, els vidres de s\u00e8rie es poden desmuntar per col\u00b7locar-hi lents graduades si l&#8217;infant ho necessita en algun moment.<\/p>\n<\/li>\n<\/ul>\n<h3 data-path-to-node=\"9\">Per qu\u00e8 triar aquest model?<\/h3>\n<p data-path-to-node=\"10\">El model Sunrise \u00e9s el pas definitiu cap a unes ulleres de sol &#8220;de grans&#8221; per\u00f2 mantenint totes les garanties i la flexibilitat que requereix la inf\u00e0ncia. Ofereixen una estabilitat extraordin\u00e0ria fins i tot quan corren o salten, gr\u00e0cies al seu ajust personalitzat i a les frontisses flexibles. A m\u00e9s de ser s\u00faper resistents, el to Gris C\u00f2dol \u00e9s pr\u00e0ctic, elegant i encaixa amb qualsevol conjunt. Inclouen un estoig r\u00edgid i una tovalloleta de microfibra per portar-les ben protegides a la motxilla.<\/p>\n<blockquote data-path-to-node=\"11\">\n<p data-path-to-node=\"11,0\"><b data-path-to-node=\"11,0\" data-index-in-node=\"0\">El consell de Som Llavors:<\/b> Els escuts laterals fan d&#8217;aquest model una opci\u00f3 fant\u00e0stica no nom\u00e9s contra el sol, sin\u00f3 tamb\u00e9 per als dies de molt vent a la platja o a la muntanya. Aquests escuts actuaran com a barrera, evitant que els entri sorra, pols o un exc\u00e9s d&#8217;aire directe als ulls!<\/p>\n<\/blockquote>\n","protected":false},"excerpt":{"rendered":"<p data-path-to-node=\"1\"><b data-path-to-node=\"1\" data-index-in-node=\"0\">Ulleres de sol B\u00e9aba Casual Blau: Protecci\u00f3 avan\u00e7ada i disseny expert per als m\u00e9s grans (4-6 anys)<\/b><\/p>\n<p data-path-to-node=\"2\">Unes ulleres de sol innovadores i amb escuts laterals, dissenyades en col\u00b7laboraci\u00f3 amb professionals de la salut per oferir una protecci\u00f3 solar immillorable i un ajustament perfecte a les criatures m\u00e9s actives.<\/p>\n<ul data-path-to-node=\"3\">\n<li>\n<p data-path-to-node=\"3,0,0\"><b data-path-to-node=\"3,0,0\" data-index-in-node=\"0\">Protecci\u00f3 total i escuts laterals:<\/b> Lents de Categoria 3 (UV 400) que filtren el 100% dels raigs solars, sumat a un disseny amb protecci\u00f3 lateral, ideal per a la platja o la muntanya.<\/p>\n<\/li>\n<li>\n<p data-path-to-node=\"3,1,0\"><b data-path-to-node=\"3,1,0\" data-index-in-node=\"0\">Comoditat &#8220;Fit Tech&#8221; i 360\u00b0:<\/b> Frontisses flexibles, zones de contacte extra-suaus i extrems de les patilles completament ajustables perqu\u00e8 s&#8217;adaptin a la perfecci\u00f3 a l&#8217;orella de cada infant.<\/p>\n<\/li>\n<li>\n<p data-path-to-node=\"3,2,0\"><b data-path-to-node=\"3,2,0\" data-index-in-node=\"0\">Muntura graduable:<\/b> La seva estructura de qualitat \u00f2ptica permet substituir els vidres originals per lents graduades a la teva \u00f2ptica de confian\u00e7a.<\/p>\n<\/li>\n<\/ul>\n","protected":false},"featured_media":91614,"template":"","meta":{"_acf_changed":false,"site-sidebar-layout":"default","site-content-layout":"","ast-site-content-layout":"default","site-content-style":"default","site-sidebar-style":"default","ast-global-header-display":"","ast-banner-title-visibility":"","ast-main-header-display":"","ast-hfb-above-header-display":"","ast-hfb-below-header-display":"","ast-hfb-mobile-header-display":"","site-post-title":"","ast-breadcrumbs-content":"","ast-featured-img":"","footer-sml-layout":"","ast-disable-related-posts":"","theme-transparent-header-meta":"default","adv-header-id-meta":"","stick-header-meta":"","header-above-stick-meta":"","header-main-stick-meta":"","header-below-stick-meta":"","astra-migrate-meta-layouts":"set","ast-page-background-enabled":"default","ast-page-background-meta":{"desktop":{"background-color":"","background-image":"","background-repeat":"repeat","background-position":"center center","background-size":"auto","background-attachment":"scroll","background-type":"","background-media":"","overlay-type":"","overlay-color":"","overlay-opacity":"","overlay-gradient":""},"tablet":{"background-color":"","background-image":"","background-repeat":"repeat","background-position":"center center","background-size":"auto","background-attachment":"scroll","background-type":"","background-media":"","overlay-type":"","overlay-color":"","overlay-opacity":"","overlay-gradient":""},"mobile":{"background-color":"","background-image":"","background-repeat":"repeat","background-position":"center center","background-size":"auto","background-attachment":"scroll","background-type":"","background-media":"","overlay-type":"","overlay-color":"","overlay-opacity":"","overlay-gradient":""}},"ast-content-background-meta":{"desktop":{"background-color":"var(--ast-global-color-5)","background-image":"","background-repeat":"repeat","background-position":"center center","background-size":"auto","background-attachment":"scroll","background-type":"","background-media":"","overlay-type":"","overlay-color":"","overlay-opacity":"","overlay-gradient":""},"tablet":{"background-color":"var(--ast-global-color-5)","background-image":"","background-repeat":"repeat","background-position":"center center","background-size":"auto","background-attachment":"scroll","background-type":"","background-media":"","overlay-type":"","overlay-color":"","overlay-opacity":"","overlay-gradient":""},"mobile":{"background-color":"var(--ast-global-color-5)","background-image":"","background-repeat":"repeat","background-position":"center center","background-size":"auto","background-attachment":"scroll","background-type":"","background-media":"","overlay-type":"","overlay-color":"","overlay-opacity":"","overlay-gradient":""}}},"pwb-brand":[4285],"product_brand":[],"product_cat":[3449],"product_tag":[4283,5557],"class_list":{"0":"post-91598","1":"product","2":"type-product","3":"status-publish","4":"has-post-thumbnail","6":"pwb-brand-beaba","7":"product_cat-ulleres-de-sol","8":"product_tag-beaba","9":"product_tag-ulleres-de-sol","10":"desktop-align-left","11":"tablet-align-left","12":"mobile-align-left","14":"first","15":"instock","16":"taxable","17":"shipping-taxable","18":"purchasable","19":"product-type-simple"},"acf":[],"yoast_head":"<!-- This site is optimized with the Yoast SEO Premium plugin v18.3 (Yoast SEO v27.4) - https:\/\/yoast.com\/product\/yoast-seo-premium-wordpress\/ -->\n<title>Ulleres de sol 4-6 anys Casual Blau \u2013 B\u00e9aba &#8212; Som Llavors<\/title>\n<meta name=\"description\" content=\"Ulleres de sol B\u00e9aba Casual Blau: Protecci\u00f3 avan\u00e7ada i disseny expert per als m\u00e9s grans (4-6 anys) Unes ulleres de sol innovadores i amb escuts laterals, dissenyades en col\u00b7laboraci\u00f3 amb professionals de la salut per oferir una protecci\u00f3 solar immillorable i un ajustament perfecte a les criatures m\u00e9s actives.     Protecci\u00f3 total i escuts laterals: Lents de Categoria 3 (UV 400) que filtren el 100% dels raigs solars, sumat a un disseny amb protecci\u00f3 lateral, ideal per a la platja o la muntanya.    Comoditat &quot;Fit Tech&quot; i 360\u00b0: Frontisses flexibles, zones de contacte extra-suaus i extrems de les patilles completament ajustables perqu\u00e8 s&#039;adaptin a la perfecci\u00f3 a l&#039;orella de cada infant.    Muntura graduable: La seva estructura de qualitat \u00f2ptica permet substituir els vidres originals per lents graduades a la teva \u00f2ptica de confian\u00e7a.\" \/>\n<meta name=\"robots\" content=\"index, follow, max-snippet:-1, max-image-preview:large, max-video-preview:-1\" \/>\n<link rel=\"canonical\" href=\"https:\/\/somllavors.com\/es\/producte\/ulleres-de-sol-4-6-anys-casual-blau-beaba\" \/>\n<meta property=\"og:locale\" content=\"es_ES\" \/>\n<meta property=\"og:type\" content=\"article\" \/>\n<meta property=\"og:title\" content=\"Ulleres de sol 4-6 anys Casual Blau \u2013 B\u00e9aba\" \/>\n<meta property=\"og:description\" content=\"La teva botiga d\u2019ecocrian\u00e7a i espai d\u2019acompanyament a la maternitat\" \/>\n<meta property=\"og:url\" content=\"https:\/\/somllavors.com\/es\/producte\/ulleres-de-sol-4-6-anys-casual-blau-beaba\" \/>\n<meta property=\"og:site_name\" content=\"Som Llavors\" \/>\n<meta property=\"article:publisher\" content=\"https:\/\/www.facebook.com\/somllavorsvng\/?locale=ca_ES\" \/>\n<meta property=\"article:modified_time\" content=\"2026-04-18T16:07:03+00:00\" \/>\n<meta property=\"og:image\" content=\"https:\/\/somllavors.com\/wp-content\/uploads\/2026\/04\/Som-Llavors-Gafas-de-sol-4-6-anos-Sunrise-Guijarro-930423_product_3-4_1.jpg\" \/>\n\t<meta property=\"og:image:width\" content=\"800\" \/>\n\t<meta property=\"og:image:height\" content=\"800\" \/>\n\t<meta property=\"og:image:type\" content=\"image\/jpeg\" \/>\n<meta name=\"twitter:card\" content=\"summary_large_image\" \/>\n<meta name=\"twitter:label1\" content=\"Precio\" \/>\n\t<meta name=\"twitter:data1\" content=\"35,00&euro; Iva incl\u00f2s\" \/>\n\t<meta name=\"twitter:label2\" content=\"Availability\" \/>\n\t<meta name=\"twitter:data2\" content=\"Hay existencias\" \/>\n<script type=\"application\/ld+json\" class=\"yoast-schema-graph\">{\"@context\":\"https:\\\/\\\/schema.org\",\"@graph\":[{\"@type\":\"WebPage\",\"@id\":\"https:\\\/\\\/somllavors.com\\\/es\\\/producte\\\/ulleres-de-sol-4-6-anys-casual-blau-beaba\",\"url\":\"https:\\\/\\\/somllavors.com\\\/es\\\/producte\\\/ulleres-de-sol-4-6-anys-casual-blau-beaba\",\"name\":\"Ulleres de sol 4-6 anys Casual Blau \u2013 B\u00e9aba &#8212; Som Llavors\",\"isPartOf\":{\"@id\":\"https:\\\/\\\/somllavors.com\\\/es#website\"},\"primaryImageOfPage\":{\"@id\":\"https:\\\/\\\/somllavors.com\\\/es\\\/producte\\\/ulleres-de-sol-4-6-anys-casual-blau-beaba#primaryimage\"},\"image\":{\"@id\":\"https:\\\/\\\/somllavors.com\\\/es\\\/producte\\\/ulleres-de-sol-4-6-anys-casual-blau-beaba#primaryimage\"},\"thumbnailUrl\":\"https:\\\/\\\/somllavors.com\\\/wp-content\\\/uploads\\\/2026\\\/04\\\/Som-Llavors-Gafas-de-sol-4-6-anos-Sunrise-Guijarro-930423_product_3-4_1.jpg\",\"datePublished\":\"2026-04-18T15:58:24+00:00\",\"dateModified\":\"2026-04-18T16:07:03+00:00\",\"description\":\"Ulleres de sol B\u00e9aba Casual Blau: Protecci\u00f3 avan\u00e7ada i disseny expert per als m\u00e9s grans (4-6 anys) Unes ulleres de sol innovadores i amb escuts laterals, dissenyades en col\u00b7laboraci\u00f3 amb professionals de la salut per oferir una protecci\u00f3 solar immillorable i un ajustament perfecte a les criatures m\u00e9s actives. Protecci\u00f3 total i escuts laterals: Lents de Categoria 3 (UV 400) que filtren el 100% dels raigs solars, sumat a un disseny amb protecci\u00f3 lateral, ideal per a la platja o la muntanya. Comoditat \\\"Fit Tech\\\" i 360\u00b0: Frontisses flexibles, zones de contacte extra-suaus i extrems de les patilles completament ajustables perqu\u00e8 s'adaptin a la perfecci\u00f3 a l'orella de cada infant. Muntura graduable: La seva estructura de qualitat \u00f2ptica permet substituir els vidres originals per lents graduades a la teva \u00f2ptica de confian\u00e7a.\",\"breadcrumb\":{\"@id\":\"https:\\\/\\\/somllavors.com\\\/es\\\/producte\\\/ulleres-de-sol-4-6-anys-casual-blau-beaba#breadcrumb\"},\"inLanguage\":\"es\",\"potentialAction\":[{\"@type\":\"ReadAction\",\"target\":[\"https:\\\/\\\/somllavors.com\\\/es\\\/producte\\\/ulleres-de-sol-4-6-anys-casual-blau-beaba\"]}]},{\"@type\":\"ImageObject\",\"inLanguage\":\"es\",\"@id\":\"https:\\\/\\\/somllavors.com\\\/es\\\/producte\\\/ulleres-de-sol-4-6-anys-casual-blau-beaba#primaryimage\",\"url\":\"https:\\\/\\\/somllavors.com\\\/wp-content\\\/uploads\\\/2026\\\/04\\\/Som-Llavors-Gafas-de-sol-4-6-anos-Sunrise-Guijarro-930423_product_3-4_1.jpg\",\"contentUrl\":\"https:\\\/\\\/somllavors.com\\\/wp-content\\\/uploads\\\/2026\\\/04\\\/Som-Llavors-Gafas-de-sol-4-6-anos-Sunrise-Guijarro-930423_product_3-4_1.jpg\",\"width\":800,\"height\":800,\"caption\":\"ulleres de sol beaba\"},{\"@type\":\"BreadcrumbList\",\"@id\":\"https:\\\/\\\/somllavors.com\\\/es\\\/producte\\\/ulleres-de-sol-4-6-anys-casual-blau-beaba#breadcrumb\",\"itemListElement\":[{\"@type\":\"ListItem\",\"position\":1,\"name\":\"Inici\",\"item\":\"https:\\\/\\\/somllavors.com\\\/es\"},{\"@type\":\"ListItem\",\"position\":2,\"name\":\"Tienda\",\"item\":\"https:\\\/\\\/somllavors.com\\\/es\\\/botiga-2\"},{\"@type\":\"ListItem\",\"position\":3,\"name\":\"Ulleres de sol 4-6 anys Casual Blau \u2013 B\u00e9aba\"}]},{\"@type\":\"WebSite\",\"@id\":\"https:\\\/\\\/somllavors.com\\\/es#website\",\"url\":\"https:\\\/\\\/somllavors.com\\\/es\",\"name\":\"Som Llavors\",\"description\":\"Botiga de crian\u00e7a natural\",\"publisher\":{\"@id\":\"https:\\\/\\\/somllavors.com\\\/es#organization\"},\"alternateName\":\"Crian\u00e7a Natural i Sostenible\",\"potentialAction\":[{\"@type\":\"SearchAction\",\"target\":{\"@type\":\"EntryPoint\",\"urlTemplate\":\"https:\\\/\\\/somllavors.com\\\/es?s={search_term_string}\"},\"query-input\":{\"@type\":\"PropertyValueSpecification\",\"valueRequired\":true,\"valueName\":\"search_term_string\"}}],\"inLanguage\":\"es\"},{\"@type\":[\"Organization\",\"Place\",\"Store\"],\"@id\":\"https:\\\/\\\/somllavors.com\\\/es#organization\",\"name\":\"Som Llavors\",\"alternateName\":\"Crian\u00e7a Natural i Sostenible\",\"url\":\"https:\\\/\\\/somllavors.com\\\/es\",\"logo\":{\"@id\":\"https:\\\/\\\/somllavors.com\\\/es\\\/producte\\\/ulleres-de-sol-4-6-anys-casual-blau-beaba#local-main-organization-logo\"},\"image\":{\"@id\":\"https:\\\/\\\/somllavors.com\\\/es\\\/producte\\\/ulleres-de-sol-4-6-anys-casual-blau-beaba#local-main-organization-logo\"},\"sameAs\":[\"https:\\\/\\\/www.facebook.com\\\/somllavorsvng\\\/?locale=ca_ES\",\"https:\\\/\\\/www.instagram.com\\\/somllavors_vng\\\/\",\"https:\\\/\\\/www.youtube.com\\\/@somllavors\"],\"address\":{\"@id\":\"https:\\\/\\\/somllavors.com\\\/es\\\/producte\\\/ulleres-de-sol-4-6-anys-casual-blau-beaba#local-main-place-address\"},\"geo\":{\"@type\":\"GeoCoordinates\",\"latitude\":\"41.2257737\",\"longitude\":\"1.723258859\"},\"telephone\":[\"623152704\"],\"openingHoursSpecification\":[{\"@type\":\"OpeningHoursSpecification\",\"dayOfWeek\":[\"Monday\",\"Sunday\"],\"opens\":\"00:00\",\"closes\":\"00:00\"},{\"@type\":\"OpeningHoursSpecification\",\"dayOfWeek\":[\"Tuesday\",\"Wednesday\",\"Thursday\",\"Friday\"],\"opens\":\"10:00\",\"closes\":\"20:00\"},{\"@type\":\"OpeningHoursSpecification\",\"dayOfWeek\":[\"Saturday\"],\"opens\":\"10:00\",\"closes\":\"13:30\"}],\"email\":\"info@somllavors.com\"},{\"@type\":\"PostalAddress\",\"@id\":\"https:\\\/\\\/somllavors.com\\\/es\\\/producte\\\/ulleres-de-sol-4-6-anys-casual-blau-beaba#local-main-place-address\",\"streetAddress\":\"Carrer de l'aigua, 6\",\"addressLocality\":\"Vilanova i la Geltr\u00fa\",\"postalCode\":\"08800\",\"addressRegion\":\"Barcelona\",\"addressCountry\":\"ES\"},{\"@type\":\"ImageObject\",\"inLanguage\":\"es\",\"@id\":\"https:\\\/\\\/somllavors.com\\\/es\\\/producte\\\/ulleres-de-sol-4-6-anys-casual-blau-beaba#local-main-organization-logo\",\"url\":\"https:\\\/\\\/somllavors.com\\\/wp-content\\\/uploads\\\/Logotip-Som-Llavors.jpg\",\"contentUrl\":\"https:\\\/\\\/somllavors.com\\\/wp-content\\\/uploads\\\/Logotip-Som-Llavors.jpg\",\"width\":1444,\"height\":1323,\"caption\":\"Som Llavors\"}]}<\/script>\n<meta property=\"product:price:amount\" content=\"35.00\" \/>\n<meta property=\"product:price:currency\" content=\"EUR\" \/>\n<meta property=\"og:availability\" content=\"instock\" \/>\n<meta property=\"product:availability\" content=\"instock\" \/>\n<meta property=\"product:retailer_item_id\" content=\"930423\" \/>\n<meta property=\"product:condition\" content=\"new\" \/>\n<meta name=\"geo.placename\" content=\"Vilanova i la Geltr\u00fa\" \/>\n<meta name=\"geo.position\" content=\"41.2257737;1.723258859\" \/>\n<meta name=\"geo.region\" content=\"Espa\u00f1a\" \/>\n<!-- \/ Yoast SEO Premium plugin. -->","yoast_head_json":{"title":"Ulleres de sol 4-6 anys Casual Blau \u2013 B\u00e9aba &#8212; Som Llavors","description":"Ulleres de sol B\u00e9aba Casual Blau: Protecci\u00f3 avan\u00e7ada i disseny expert per als m\u00e9s grans (4-6 anys) Unes ulleres de sol innovadores i amb escuts laterals, dissenyades en col\u00b7laboraci\u00f3 amb professionals de la salut per oferir una protecci\u00f3 solar immillorable i un ajustament perfecte a les criatures m\u00e9s actives.     Protecci\u00f3 total i escuts laterals: Lents de Categoria 3 (UV 400) que filtren el 100% dels raigs solars, sumat a un disseny amb protecci\u00f3 lateral, ideal per a la platja o la muntanya.    Comoditat \"Fit Tech\" i 360\u00b0: Frontisses flexibles, zones de contacte extra-suaus i extrems de les patilles completament ajustables perqu\u00e8 s'adaptin a la perfecci\u00f3 a l'orella de cada infant.    Muntura graduable: La seva estructura de qualitat \u00f2ptica permet substituir els vidres originals per lents graduades a la teva \u00f2ptica de confian\u00e7a.","robots":{"index":"index","follow":"follow","max-snippet":"max-snippet:-1","max-image-preview":"max-image-preview:large","max-video-preview":"max-video-preview:-1"},"canonical":"https:\/\/somllavors.com\/es\/producte\/ulleres-de-sol-4-6-anys-casual-blau-beaba","og_locale":"es_ES","og_type":"article","og_title":"Ulleres de sol 4-6 anys Casual Blau \u2013 B\u00e9aba","og_description":"La teva botiga d\u2019ecocrian\u00e7a i espai d\u2019acompanyament a la maternitat","og_url":"https:\/\/somllavors.com\/es\/producte\/ulleres-de-sol-4-6-anys-casual-blau-beaba","og_site_name":"Som Llavors","article_publisher":"https:\/\/www.facebook.com\/somllavorsvng\/?locale=ca_ES","article_modified_time":"2026-04-18T16:07:03+00:00","og_image":[{"width":800,"height":800,"url":"https:\/\/somllavors.com\/wp-content\/uploads\/2026\/04\/Som-Llavors-Gafas-de-sol-4-6-anos-Sunrise-Guijarro-930423_product_3-4_1.jpg","type":"image\/jpeg"}],"twitter_card":"summary_large_image","twitter_misc":{"Precio":"35,00&euro; Iva incl\u00f2s","Availability":"Hay existencias"},"schema":{"@context":"https:\/\/schema.org","@graph":[{"@type":"WebPage","@id":"https:\/\/somllavors.com\/es\/producte\/ulleres-de-sol-4-6-anys-casual-blau-beaba","url":"https:\/\/somllavors.com\/es\/producte\/ulleres-de-sol-4-6-anys-casual-blau-beaba","name":"Ulleres de sol 4-6 anys Casual Blau \u2013 B\u00e9aba &#8212; Som Llavors","isPartOf":{"@id":"https:\/\/somllavors.com\/es#website"},"primaryImageOfPage":{"@id":"https:\/\/somllavors.com\/es\/producte\/ulleres-de-sol-4-6-anys-casual-blau-beaba#primaryimage"},"image":{"@id":"https:\/\/somllavors.com\/es\/producte\/ulleres-de-sol-4-6-anys-casual-blau-beaba#primaryimage"},"thumbnailUrl":"https:\/\/somllavors.com\/wp-content\/uploads\/2026\/04\/Som-Llavors-Gafas-de-sol-4-6-anos-Sunrise-Guijarro-930423_product_3-4_1.jpg","datePublished":"2026-04-18T15:58:24+00:00","dateModified":"2026-04-18T16:07:03+00:00","description":"Ulleres de sol B\u00e9aba Casual Blau: Protecci\u00f3 avan\u00e7ada i disseny expert per als m\u00e9s grans (4-6 anys) Unes ulleres de sol innovadores i amb escuts laterals, dissenyades en col\u00b7laboraci\u00f3 amb professionals de la salut per oferir una protecci\u00f3 solar immillorable i un ajustament perfecte a les criatures m\u00e9s actives. Protecci\u00f3 total i escuts laterals: Lents de Categoria 3 (UV 400) que filtren el 100% dels raigs solars, sumat a un disseny amb protecci\u00f3 lateral, ideal per a la platja o la muntanya. Comoditat \"Fit Tech\" i 360\u00b0: Frontisses flexibles, zones de contacte extra-suaus i extrems de les patilles completament ajustables perqu\u00e8 s'adaptin a la perfecci\u00f3 a l'orella de cada infant. Muntura graduable: La seva estructura de qualitat \u00f2ptica permet substituir els vidres originals per lents graduades a la teva \u00f2ptica de confian\u00e7a.","breadcrumb":{"@id":"https:\/\/somllavors.com\/es\/producte\/ulleres-de-sol-4-6-anys-casual-blau-beaba#breadcrumb"},"inLanguage":"es","potentialAction":[{"@type":"ReadAction","target":["https:\/\/somllavors.com\/es\/producte\/ulleres-de-sol-4-6-anys-casual-blau-beaba"]}]},{"@type":"ImageObject","inLanguage":"es","@id":"https:\/\/somllavors.com\/es\/producte\/ulleres-de-sol-4-6-anys-casual-blau-beaba#primaryimage","url":"https:\/\/somllavors.com\/wp-content\/uploads\/2026\/04\/Som-Llavors-Gafas-de-sol-4-6-anos-Sunrise-Guijarro-930423_product_3-4_1.jpg","contentUrl":"https:\/\/somllavors.com\/wp-content\/uploads\/2026\/04\/Som-Llavors-Gafas-de-sol-4-6-anos-Sunrise-Guijarro-930423_product_3-4_1.jpg","width":800,"height":800,"caption":"ulleres de sol beaba"},{"@type":"BreadcrumbList","@id":"https:\/\/somllavors.com\/es\/producte\/ulleres-de-sol-4-6-anys-casual-blau-beaba#breadcrumb","itemListElement":[{"@type":"ListItem","position":1,"name":"Inici","item":"https:\/\/somllavors.com\/es"},{"@type":"ListItem","position":2,"name":"Tienda","item":"https:\/\/somllavors.com\/es\/botiga-2"},{"@type":"ListItem","position":3,"name":"Ulleres de sol 4-6 anys Casual Blau \u2013 B\u00e9aba"}]},{"@type":"WebSite","@id":"https:\/\/somllavors.com\/es#website","url":"https:\/\/somllavors.com\/es","name":"Som Llavors","description":"Botiga de crian\u00e7a natural","publisher":{"@id":"https:\/\/somllavors.com\/es#organization"},"alternateName":"Crian\u00e7a Natural i Sostenible","potentialAction":[{"@type":"SearchAction","target":{"@type":"EntryPoint","urlTemplate":"https:\/\/somllavors.com\/es?s={search_term_string}"},"query-input":{"@type":"PropertyValueSpecification","valueRequired":true,"valueName":"search_term_string"}}],"inLanguage":"es"},{"@type":["Organization","Place","Store"],"@id":"https:\/\/somllavors.com\/es#organization","name":"Som Llavors","alternateName":"Crian\u00e7a Natural i Sostenible","url":"https:\/\/somllavors.com\/es","logo":{"@id":"https:\/\/somllavors.com\/es\/producte\/ulleres-de-sol-4-6-anys-casual-blau-beaba#local-main-organization-logo"},"image":{"@id":"https:\/\/somllavors.com\/es\/producte\/ulleres-de-sol-4-6-anys-casual-blau-beaba#local-main-organization-logo"},"sameAs":["https:\/\/www.facebook.com\/somllavorsvng\/?locale=ca_ES","https:\/\/www.instagram.com\/somllavors_vng\/","https:\/\/www.youtube.com\/@somllavors"],"address":{"@id":"https:\/\/somllavors.com\/es\/producte\/ulleres-de-sol-4-6-anys-casual-blau-beaba#local-main-place-address"},"geo":{"@type":"GeoCoordinates","latitude":"41.2257737","longitude":"1.723258859"},"telephone":["623152704","623152704"],"openingHoursSpecification":[{"@type":"OpeningHoursSpecification","dayOfWeek":["Monday","Sunday"],"opens":"00:00","closes":"00:00"},{"@type":"OpeningHoursSpecification","dayOfWeek":["Tuesday","Wednesday","Thursday","Friday"],"opens":"10:00","closes":"20:00"},{"@type":"OpeningHoursSpecification","dayOfWeek":["Saturday"],"opens":"10:00","closes":"13:30"}],"email":"info@somllavors.com"},{"@type":"PostalAddress","@id":"https:\/\/somllavors.com\/es\/producte\/ulleres-de-sol-4-6-anys-casual-blau-beaba#local-main-place-address","streetAddress":"Carrer de l'aigua, 6","addressLocality":"Vilanova i la Geltr\u00fa","postalCode":"08800","addressRegion":"Barcelona","addressCountry":"ES"},{"@type":"ImageObject","inLanguage":"es","@id":"https:\/\/somllavors.com\/es\/producte\/ulleres-de-sol-4-6-anys-casual-blau-beaba#local-main-organization-logo","url":"https:\/\/somllavors.com\/wp-content\/uploads\/Logotip-Som-Llavors.jpg","contentUrl":"https:\/\/somllavors.com\/wp-content\/uploads\/Logotip-Som-Llavors.jpg","width":1444,"height":1323,"caption":"Som Llavors"}]},"product_price_amount":"35.00","product_price_currency":"EUR","og_availability":"instock","product_availability":"instock","product_retailer_item_id":"930423","product_condition":"new","geo.placename":"Vilanova i la Geltr\u00fa","geo.position":{"lat":"41.2257737","long":"1.723258859"},"geo.region":"Espa\u00f1a"},"brands":[{"id":4285,"name":"B\u00e9aba","slug":"beaba"}],"_links":{"self":[{"href":"https:\/\/somllavors.com\/es\/wp-json\/wp\/v2\/product\/91598","targetHints":{"allow":["GET"]}}],"collection":[{"href":"https:\/\/somllavors.com\/es\/wp-json\/wp\/v2\/product"}],"about":[{"href":"https:\/\/somllavors.com\/es\/wp-json\/wp\/v2\/types\/product"}],"wp:featuredmedia":[{"embeddable":true,"href":"https:\/\/somllavors.com\/es\/wp-json\/wp\/v2\/media\/91614"}],"wp:attachment":[{"href":"https:\/\/somllavors.com\/es\/wp-json\/wp\/v2\/media?parent=91598"}],"wp:term":[{"taxonomy":"pwb-brand","embeddable":true,"href":"https:\/\/somllavors.com\/es\/wp-json\/wp\/v2\/pwb-brand?post=91598"},{"taxonomy":"product_brand","embeddable":true,"href":"https:\/\/somllavors.com\/es\/wp-json\/wp\/v2\/product_brand?post=91598"},{"taxonomy":"product_cat","embeddable":true,"href":"https:\/\/somllavors.com\/es\/wp-json\/wp\/v2\/product_cat?post=91598"},{"taxonomy":"product_tag","embeddable":true,"href":"https:\/\/somllavors.com\/es\/wp-json\/wp\/v2\/product_tag?post=91598"}],"curies":[{"name":"wp","href":"https:\/\/api.w.org\/{rel}","templated":true}]}}