{"id":91842,"date":"2026-04-24T13:39:54","date_gmt":"2026-04-24T11:39:54","guid":{"rendered":"https:\/\/somllavors.com\/?post_type=product&#038;p=91842"},"modified":"2026-04-24T13:53:51","modified_gmt":"2026-04-24T11:53:51","slug":"collaret-de-lactancia-musk-latte","status":"publish","type":"product","link":"https:\/\/somllavors.com\/es\/producte\/collaret-de-lactancia-musk-latte","title":{"rendered":"Collaret de lact\u00e0ncia Musk latte"},"content":{"rendered":"<ul>\n<li>Per a nadons de +0 mesos.<\/li>\n<li>Logitud: 72 cm per a la comoditat del nad\u00f3 i la mare mentre el fan servir.<\/li>\n<li>F\u00e0cil de netejar.<\/li>\n<li>Comptes de fusta de faig natural, sense tints ni vernissos.<\/li>\n<li>Comptes tous 100% silicona de grau alimentari.<\/li>\n<li>Lliure de: BPA, PVC, ftalats, plom, l\u00e0tex i cadmi.<\/li>\n<li>Dissenyat i fabricat a Espanya amb materials nacionals i importats.<\/li>\n<li>Els collarets de lact\u00e0ncia s\u00f3n per a \u00fas adult, no s\u00f3n una joguina.<\/li>\n<\/ul>\n","protected":false},"excerpt":{"rendered":"<p>Collaret de silicona aliment\u00e0ria i fusta de faig que ser\u00e0 el teu gran aliat quan tinguis el nad\u00f3 als bra\u00e7os, donant el pit o el biber\u00f3. Els seus colors i textures li cridaran l&#8217;atenci\u00f3 i agafar-lo afavoreix el desenvolupament de la psicomotricitat fina. Evitar\u00e0s estirades de cabells i esgarrapades quan tinguis al nad\u00f3 en bra\u00e7os.<\/p>\n<p>&nbsp;<\/p>\n<p>El model Musk t&#8217;enamora per la delicadesa dels seus colors civada.<\/p>\n<p>&nbsp;<\/p>\n<p>Amb la maternitat comen\u00e7a una aventura plena de noves experi\u00e8ncies; algunes te les expliquen i moltes altres les vas descobrint. Quan d\u00f3nes el pit o el biber\u00f3 al teu beb\u00e8 veur\u00e0s com li agrada de tirar-te dels cabells, pessigar i esgarrapar-te el coll i escot,&#8230; I perqu\u00e8 ho fa? Aix\u00f2 \u00e9s degut al reflex involuntari de subjecci\u00f3 palmar. Des del seu naixement, el nad\u00f3 vol agafar el que t\u00e9 al seu abast de manera reflectida (t&#8217;haur\u00e0s fixat que quan col\u00b7loques el teu dit al seu palmell min\u00fascul, els seus ditets l&#8217;agafen).<\/p>\n","protected":false},"featured_media":91845,"template":"","meta":{"_acf_changed":false,"site-sidebar-layout":"default","site-content-layout":"","ast-site-content-layout":"default","site-content-style":"default","site-sidebar-style":"default","ast-global-header-display":"","ast-banner-title-visibility":"","ast-main-header-display":"","ast-hfb-above-header-display":"","ast-hfb-below-header-display":"","ast-hfb-mobile-header-display":"","site-post-title":"","ast-breadcrumbs-content":"","ast-featured-img":"","footer-sml-layout":"","ast-disable-related-posts":"","theme-transparent-header-meta":"default","adv-header-id-meta":"","stick-header-meta":"","header-above-stick-meta":"","header-main-stick-meta":"","header-below-stick-meta":"","astra-migrate-meta-layouts":"set","ast-page-background-enabled":"default","ast-page-background-meta":{"desktop":{"background-color":"","background-image":"","background-repeat":"repeat","background-position":"center center","background-size":"auto","background-attachment":"scroll","background-type":"","background-media":"","overlay-type":"","overlay-color":"","overlay-opacity":"","overlay-gradient":""},"tablet":{"background-color":"","background-image":"","background-repeat":"repeat","background-position":"center center","background-size":"auto","background-attachment":"scroll","background-type":"","background-media":"","overlay-type":"","overlay-color":"","overlay-opacity":"","overlay-gradient":""},"mobile":{"background-color":"","background-image":"","background-repeat":"repeat","background-position":"center center","background-size":"auto","background-attachment":"scroll","background-type":"","background-media":"","overlay-type":"","overlay-color":"","overlay-opacity":"","overlay-gradient":""}},"ast-content-background-meta":{"desktop":{"background-color":"var(--ast-global-color-5)","background-image":"","background-repeat":"repeat","background-position":"center center","background-size":"auto","background-attachment":"scroll","background-type":"","background-media":"","overlay-type":"","overlay-color":"","overlay-opacity":"","overlay-gradient":""},"tablet":{"background-color":"var(--ast-global-color-5)","background-image":"","background-repeat":"repeat","background-position":"center center","background-size":"auto","background-attachment":"scroll","background-type":"","background-media":"","overlay-type":"","overlay-color":"","overlay-opacity":"","overlay-gradient":""},"mobile":{"background-color":"var(--ast-global-color-5)","background-image":"","background-repeat":"repeat","background-position":"center center","background-size":"auto","background-attachment":"scroll","background-type":"","background-media":"","overlay-type":"","overlay-color":"","overlay-opacity":"","overlay-gradient":""}}},"pwb-brand":[],"product_brand":[],"product_cat":[6081,301],"product_tag":[],"class_list":{"0":"post-91842","1":"product","2":"type-product","3":"status-publish","4":"has-post-thumbnail","6":"product_cat-collarets-de-lactancia","7":"product_cat-per-la-dona","8":"desktop-align-left","9":"tablet-align-left","10":"mobile-align-left","12":"first","13":"instock","14":"taxable","15":"shipping-taxable","16":"purchasable","17":"product-type-simple"},"acf":[],"yoast_head":"<!-- This site is optimized with the Yoast SEO Premium plugin v18.3 (Yoast SEO v27.4) - https:\/\/yoast.com\/product\/yoast-seo-premium-wordpress\/ -->\n<title>Collaret de lact\u00e0ncia Musk latte &#8212; Som Llavors<\/title>\n<meta name=\"description\" content=\"Collaret de silicona aliment\u00e0ria i fusta de faig que ser\u00e0 el teu gran aliat quan tinguis el nad\u00f3 als bra\u00e7os, donant el pit o el biber\u00f3. Els seus colors i textures li cridaran l&#039;atenci\u00f3 i agafar-lo afavoreix el desenvolupament de la psicomotricitat fina. Evitar\u00e0s estirades de cabells i esgarrapades quan tinguis al nad\u00f3 en bra\u00e7os.  &nbsp;  El model Musk t&#039;enamora per la delicadesa dels seus colors civada.  &nbsp;  Amb la maternitat comen\u00e7a una aventura plena de noves experi\u00e8ncies; algunes te les expliquen i moltes altres les vas descobrint. Quan d\u00f3nes el pit o el biber\u00f3 al teu beb\u00e8 veur\u00e0s com li agrada de tirar-te dels cabells, pessigar i esgarrapar-te el coll i escot,... I perqu\u00e8 ho fa? Aix\u00f2 \u00e9s degut al reflex involuntari de subjecci\u00f3 palmar. Des del seu naixement, el nad\u00f3 vol agafar el que t\u00e9 al seu abast de manera reflectida (t&#039;haur\u00e0s fixat que quan col\u00b7loques el teu dit al seu palmell min\u00fascul, els seus ditets l&#039;agafen).\" \/>\n<meta name=\"robots\" content=\"index, follow, max-snippet:-1, max-image-preview:large, max-video-preview:-1\" \/>\n<link rel=\"canonical\" href=\"https:\/\/somllavors.com\/es\/producte\/collaret-de-lactancia-musk-latte\" \/>\n<meta property=\"og:locale\" content=\"es_ES\" \/>\n<meta property=\"og:type\" content=\"article\" \/>\n<meta property=\"og:title\" content=\"Collaret de lact\u00e0ncia Musk latte\" \/>\n<meta property=\"og:description\" content=\"La teva botiga d\u2019ecocrian\u00e7a i espai d\u2019acompanyament a la maternitat\" \/>\n<meta property=\"og:url\" content=\"https:\/\/somllavors.com\/es\/producte\/collaret-de-lactancia-musk-latte\" \/>\n<meta property=\"og:site_name\" content=\"Som Llavors\" \/>\n<meta property=\"article:publisher\" content=\"https:\/\/www.facebook.com\/somllavorsvng\/?locale=ca_ES\" \/>\n<meta property=\"article:modified_time\" content=\"2026-04-24T11:53:51+00:00\" \/>\n<meta property=\"og:image\" content=\"https:\/\/somllavors.com\/wp-content\/uploads\/2026\/04\/musk-late-1.jpg\" \/>\n\t<meta property=\"og:image:width\" content=\"1200\" \/>\n\t<meta property=\"og:image:height\" content=\"1200\" \/>\n\t<meta property=\"og:image:type\" content=\"image\/jpeg\" \/>\n<meta name=\"twitter:card\" content=\"summary_large_image\" \/>\n<meta name=\"twitter:label1\" content=\"Precio\" \/>\n\t<meta name=\"twitter:data1\" content=\"18,00&euro; Iva incl\u00f2s\" \/>\n\t<meta name=\"twitter:label2\" content=\"Availability\" \/>\n\t<meta name=\"twitter:data2\" content=\"Hay existencias\" \/>\n<script type=\"application\/ld+json\" class=\"yoast-schema-graph\">{\"@context\":\"https:\\\/\\\/schema.org\",\"@graph\":[{\"@type\":\"WebPage\",\"@id\":\"https:\\\/\\\/somllavors.com\\\/es\\\/producte\\\/collaret-de-lactancia-musk-latte\",\"url\":\"https:\\\/\\\/somllavors.com\\\/es\\\/producte\\\/collaret-de-lactancia-musk-latte\",\"name\":\"Collaret de lact\u00e0ncia Musk latte &#8212; Som Llavors\",\"isPartOf\":{\"@id\":\"https:\\\/\\\/somllavors.com\\\/es#website\"},\"primaryImageOfPage\":{\"@id\":\"https:\\\/\\\/somllavors.com\\\/es\\\/producte\\\/collaret-de-lactancia-musk-latte#primaryimage\"},\"image\":{\"@id\":\"https:\\\/\\\/somllavors.com\\\/es\\\/producte\\\/collaret-de-lactancia-musk-latte#primaryimage\"},\"thumbnailUrl\":\"https:\\\/\\\/somllavors.com\\\/wp-content\\\/uploads\\\/2026\\\/04\\\/musk-late-1.jpg\",\"datePublished\":\"2026-04-24T11:39:54+00:00\",\"dateModified\":\"2026-04-24T11:53:51+00:00\",\"description\":\"Collaret de silicona aliment\u00e0ria i fusta de faig que ser\u00e0 el teu gran aliat quan tinguis el nad\u00f3 als bra\u00e7os, donant el pit o el biber\u00f3. Els seus colors i textures li cridaran l'atenci\u00f3 i agafar-lo afavoreix el desenvolupament de la psicomotricitat fina. Evitar\u00e0s estirades de cabells i esgarrapades quan tinguis al nad\u00f3 en bra\u00e7os. &nbsp; El model Musk t'enamora per la delicadesa dels seus colors civada. &nbsp; Amb la maternitat comen\u00e7a una aventura plena de noves experi\u00e8ncies; algunes te les expliquen i moltes altres les vas descobrint. Quan d\u00f3nes el pit o el biber\u00f3 al teu beb\u00e8 veur\u00e0s com li agrada de tirar-te dels cabells, pessigar i esgarrapar-te el coll i escot,... I perqu\u00e8 ho fa? Aix\u00f2 \u00e9s degut al reflex involuntari de subjecci\u00f3 palmar. Des del seu naixement, el nad\u00f3 vol agafar el que t\u00e9 al seu abast de manera reflectida (t'haur\u00e0s fixat que quan col\u00b7loques el teu dit al seu palmell min\u00fascul, els seus ditets l'agafen).\",\"breadcrumb\":{\"@id\":\"https:\\\/\\\/somllavors.com\\\/es\\\/producte\\\/collaret-de-lactancia-musk-latte#breadcrumb\"},\"inLanguage\":\"es\",\"potentialAction\":[{\"@type\":\"ReadAction\",\"target\":[\"https:\\\/\\\/somllavors.com\\\/es\\\/producte\\\/collaret-de-lactancia-musk-latte\"]}]},{\"@type\":\"ImageObject\",\"inLanguage\":\"es\",\"@id\":\"https:\\\/\\\/somllavors.com\\\/es\\\/producte\\\/collaret-de-lactancia-musk-latte#primaryimage\",\"url\":\"https:\\\/\\\/somllavors.com\\\/wp-content\\\/uploads\\\/2026\\\/04\\\/musk-late-1.jpg\",\"contentUrl\":\"https:\\\/\\\/somllavors.com\\\/wp-content\\\/uploads\\\/2026\\\/04\\\/musk-late-1.jpg\",\"width\":1200,\"height\":1200,\"caption\":\"collaret lact\u00e0ncia panet i pernil musk latte\"},{\"@type\":\"BreadcrumbList\",\"@id\":\"https:\\\/\\\/somllavors.com\\\/es\\\/producte\\\/collaret-de-lactancia-musk-latte#breadcrumb\",\"itemListElement\":[{\"@type\":\"ListItem\",\"position\":1,\"name\":\"Inici\",\"item\":\"https:\\\/\\\/somllavors.com\\\/es\"},{\"@type\":\"ListItem\",\"position\":2,\"name\":\"Tienda\",\"item\":\"https:\\\/\\\/somllavors.com\\\/es\\\/botiga-2\"},{\"@type\":\"ListItem\",\"position\":3,\"name\":\"Collaret de lact\u00e0ncia Musk latte\"}]},{\"@type\":\"WebSite\",\"@id\":\"https:\\\/\\\/somllavors.com\\\/es#website\",\"url\":\"https:\\\/\\\/somllavors.com\\\/es\",\"name\":\"Som Llavors\",\"description\":\"Botiga de crian\u00e7a natural\",\"publisher\":{\"@id\":\"https:\\\/\\\/somllavors.com\\\/es#organization\"},\"alternateName\":\"Crian\u00e7a Natural i Sostenible\",\"potentialAction\":[{\"@type\":\"SearchAction\",\"target\":{\"@type\":\"EntryPoint\",\"urlTemplate\":\"https:\\\/\\\/somllavors.com\\\/es?s={search_term_string}\"},\"query-input\":{\"@type\":\"PropertyValueSpecification\",\"valueRequired\":true,\"valueName\":\"search_term_string\"}}],\"inLanguage\":\"es\"},{\"@type\":[\"Organization\",\"Place\",\"Store\"],\"@id\":\"https:\\\/\\\/somllavors.com\\\/es#organization\",\"name\":\"Som Llavors\",\"alternateName\":\"Crian\u00e7a Natural i Sostenible\",\"url\":\"https:\\\/\\\/somllavors.com\\\/es\",\"logo\":{\"@id\":\"https:\\\/\\\/somllavors.com\\\/es\\\/producte\\\/collaret-de-lactancia-musk-latte#local-main-organization-logo\"},\"image\":{\"@id\":\"https:\\\/\\\/somllavors.com\\\/es\\\/producte\\\/collaret-de-lactancia-musk-latte#local-main-organization-logo\"},\"sameAs\":[\"https:\\\/\\\/www.facebook.com\\\/somllavorsvng\\\/?locale=ca_ES\",\"https:\\\/\\\/www.instagram.com\\\/somllavors_vng\\\/\",\"https:\\\/\\\/www.youtube.com\\\/@somllavors\"],\"address\":{\"@id\":\"https:\\\/\\\/somllavors.com\\\/es\\\/producte\\\/collaret-de-lactancia-musk-latte#local-main-place-address\"},\"geo\":{\"@type\":\"GeoCoordinates\",\"latitude\":\"41.2257737\",\"longitude\":\"1.723258859\"},\"telephone\":[\"623152704\"],\"openingHoursSpecification\":[{\"@type\":\"OpeningHoursSpecification\",\"dayOfWeek\":[\"Monday\",\"Sunday\"],\"opens\":\"00:00\",\"closes\":\"00:00\"},{\"@type\":\"OpeningHoursSpecification\",\"dayOfWeek\":[\"Tuesday\",\"Wednesday\",\"Thursday\",\"Friday\"],\"opens\":\"10:00\",\"closes\":\"20:00\"},{\"@type\":\"OpeningHoursSpecification\",\"dayOfWeek\":[\"Saturday\"],\"opens\":\"10:00\",\"closes\":\"13:30\"}],\"email\":\"info@somllavors.com\"},{\"@type\":\"PostalAddress\",\"@id\":\"https:\\\/\\\/somllavors.com\\\/es\\\/producte\\\/collaret-de-lactancia-musk-latte#local-main-place-address\",\"streetAddress\":\"Carrer de l'aigua, 6\",\"addressLocality\":\"Vilanova i la Geltr\u00fa\",\"postalCode\":\"08800\",\"addressRegion\":\"Barcelona\",\"addressCountry\":\"ES\"},{\"@type\":\"ImageObject\",\"inLanguage\":\"es\",\"@id\":\"https:\\\/\\\/somllavors.com\\\/es\\\/producte\\\/collaret-de-lactancia-musk-latte#local-main-organization-logo\",\"url\":\"https:\\\/\\\/somllavors.com\\\/wp-content\\\/uploads\\\/Logotip-Som-Llavors.jpg\",\"contentUrl\":\"https:\\\/\\\/somllavors.com\\\/wp-content\\\/uploads\\\/Logotip-Som-Llavors.jpg\",\"width\":1444,\"height\":1323,\"caption\":\"Som Llavors\"}]}<\/script>\n<meta property=\"product:price:amount\" content=\"18.00\" \/>\n<meta property=\"product:price:currency\" content=\"EUR\" \/>\n<meta property=\"og:availability\" content=\"instock\" \/>\n<meta property=\"product:availability\" content=\"instock\" \/>\n<meta property=\"product:condition\" content=\"new\" \/>\n<meta name=\"geo.placename\" content=\"Vilanova i la Geltr\u00fa\" \/>\n<meta name=\"geo.position\" content=\"41.2257737;1.723258859\" \/>\n<meta name=\"geo.region\" content=\"Espa\u00f1a\" \/>\n<!-- \/ Yoast SEO Premium plugin. -->","yoast_head_json":{"title":"Collaret de lact\u00e0ncia Musk latte &#8212; Som Llavors","description":"Collaret de silicona aliment\u00e0ria i fusta de faig que ser\u00e0 el teu gran aliat quan tinguis el nad\u00f3 als bra\u00e7os, donant el pit o el biber\u00f3. Els seus colors i textures li cridaran l'atenci\u00f3 i agafar-lo afavoreix el desenvolupament de la psicomotricitat fina. Evitar\u00e0s estirades de cabells i esgarrapades quan tinguis al nad\u00f3 en bra\u00e7os.  &nbsp;  El model Musk t'enamora per la delicadesa dels seus colors civada.  &nbsp;  Amb la maternitat comen\u00e7a una aventura plena de noves experi\u00e8ncies; algunes te les expliquen i moltes altres les vas descobrint. Quan d\u00f3nes el pit o el biber\u00f3 al teu beb\u00e8 veur\u00e0s com li agrada de tirar-te dels cabells, pessigar i esgarrapar-te el coll i escot,... I perqu\u00e8 ho fa? Aix\u00f2 \u00e9s degut al reflex involuntari de subjecci\u00f3 palmar. Des del seu naixement, el nad\u00f3 vol agafar el que t\u00e9 al seu abast de manera reflectida (t'haur\u00e0s fixat que quan col\u00b7loques el teu dit al seu palmell min\u00fascul, els seus ditets l'agafen).","robots":{"index":"index","follow":"follow","max-snippet":"max-snippet:-1","max-image-preview":"max-image-preview:large","max-video-preview":"max-video-preview:-1"},"canonical":"https:\/\/somllavors.com\/es\/producte\/collaret-de-lactancia-musk-latte","og_locale":"es_ES","og_type":"article","og_title":"Collaret de lact\u00e0ncia Musk latte","og_description":"La teva botiga d\u2019ecocrian\u00e7a i espai d\u2019acompanyament a la maternitat","og_url":"https:\/\/somllavors.com\/es\/producte\/collaret-de-lactancia-musk-latte","og_site_name":"Som Llavors","article_publisher":"https:\/\/www.facebook.com\/somllavorsvng\/?locale=ca_ES","article_modified_time":"2026-04-24T11:53:51+00:00","og_image":[{"width":1200,"height":1200,"url":"https:\/\/somllavors.com\/wp-content\/uploads\/2026\/04\/musk-late-1.jpg","type":"image\/jpeg"}],"twitter_card":"summary_large_image","twitter_misc":{"Precio":"18,00&euro; Iva incl\u00f2s","Availability":"Hay existencias"},"schema":{"@context":"https:\/\/schema.org","@graph":[{"@type":"WebPage","@id":"https:\/\/somllavors.com\/es\/producte\/collaret-de-lactancia-musk-latte","url":"https:\/\/somllavors.com\/es\/producte\/collaret-de-lactancia-musk-latte","name":"Collaret de lact\u00e0ncia Musk latte &#8212; Som Llavors","isPartOf":{"@id":"https:\/\/somllavors.com\/es#website"},"primaryImageOfPage":{"@id":"https:\/\/somllavors.com\/es\/producte\/collaret-de-lactancia-musk-latte#primaryimage"},"image":{"@id":"https:\/\/somllavors.com\/es\/producte\/collaret-de-lactancia-musk-latte#primaryimage"},"thumbnailUrl":"https:\/\/somllavors.com\/wp-content\/uploads\/2026\/04\/musk-late-1.jpg","datePublished":"2026-04-24T11:39:54+00:00","dateModified":"2026-04-24T11:53:51+00:00","description":"Collaret de silicona aliment\u00e0ria i fusta de faig que ser\u00e0 el teu gran aliat quan tinguis el nad\u00f3 als bra\u00e7os, donant el pit o el biber\u00f3. Els seus colors i textures li cridaran l'atenci\u00f3 i agafar-lo afavoreix el desenvolupament de la psicomotricitat fina. Evitar\u00e0s estirades de cabells i esgarrapades quan tinguis al nad\u00f3 en bra\u00e7os. &nbsp; El model Musk t'enamora per la delicadesa dels seus colors civada. &nbsp; Amb la maternitat comen\u00e7a una aventura plena de noves experi\u00e8ncies; algunes te les expliquen i moltes altres les vas descobrint. Quan d\u00f3nes el pit o el biber\u00f3 al teu beb\u00e8 veur\u00e0s com li agrada de tirar-te dels cabells, pessigar i esgarrapar-te el coll i escot,... I perqu\u00e8 ho fa? Aix\u00f2 \u00e9s degut al reflex involuntari de subjecci\u00f3 palmar. Des del seu naixement, el nad\u00f3 vol agafar el que t\u00e9 al seu abast de manera reflectida (t'haur\u00e0s fixat que quan col\u00b7loques el teu dit al seu palmell min\u00fascul, els seus ditets l'agafen).","breadcrumb":{"@id":"https:\/\/somllavors.com\/es\/producte\/collaret-de-lactancia-musk-latte#breadcrumb"},"inLanguage":"es","potentialAction":[{"@type":"ReadAction","target":["https:\/\/somllavors.com\/es\/producte\/collaret-de-lactancia-musk-latte"]}]},{"@type":"ImageObject","inLanguage":"es","@id":"https:\/\/somllavors.com\/es\/producte\/collaret-de-lactancia-musk-latte#primaryimage","url":"https:\/\/somllavors.com\/wp-content\/uploads\/2026\/04\/musk-late-1.jpg","contentUrl":"https:\/\/somllavors.com\/wp-content\/uploads\/2026\/04\/musk-late-1.jpg","width":1200,"height":1200,"caption":"collaret lact\u00e0ncia panet i pernil musk latte"},{"@type":"BreadcrumbList","@id":"https:\/\/somllavors.com\/es\/producte\/collaret-de-lactancia-musk-latte#breadcrumb","itemListElement":[{"@type":"ListItem","position":1,"name":"Inici","item":"https:\/\/somllavors.com\/es"},{"@type":"ListItem","position":2,"name":"Tienda","item":"https:\/\/somllavors.com\/es\/botiga-2"},{"@type":"ListItem","position":3,"name":"Collaret de lact\u00e0ncia Musk latte"}]},{"@type":"WebSite","@id":"https:\/\/somllavors.com\/es#website","url":"https:\/\/somllavors.com\/es","name":"Som Llavors","description":"Botiga de crian\u00e7a natural","publisher":{"@id":"https:\/\/somllavors.com\/es#organization"},"alternateName":"Crian\u00e7a Natural i Sostenible","potentialAction":[{"@type":"SearchAction","target":{"@type":"EntryPoint","urlTemplate":"https:\/\/somllavors.com\/es?s={search_term_string}"},"query-input":{"@type":"PropertyValueSpecification","valueRequired":true,"valueName":"search_term_string"}}],"inLanguage":"es"},{"@type":["Organization","Place","Store"],"@id":"https:\/\/somllavors.com\/es#organization","name":"Som Llavors","alternateName":"Crian\u00e7a Natural i Sostenible","url":"https:\/\/somllavors.com\/es","logo":{"@id":"https:\/\/somllavors.com\/es\/producte\/collaret-de-lactancia-musk-latte#local-main-organization-logo"},"image":{"@id":"https:\/\/somllavors.com\/es\/producte\/collaret-de-lactancia-musk-latte#local-main-organization-logo"},"sameAs":["https:\/\/www.facebook.com\/somllavorsvng\/?locale=ca_ES","https:\/\/www.instagram.com\/somllavors_vng\/","https:\/\/www.youtube.com\/@somllavors"],"address":{"@id":"https:\/\/somllavors.com\/es\/producte\/collaret-de-lactancia-musk-latte#local-main-place-address"},"geo":{"@type":"GeoCoordinates","latitude":"41.2257737","longitude":"1.723258859"},"telephone":["623152704","623152704"],"openingHoursSpecification":[{"@type":"OpeningHoursSpecification","dayOfWeek":["Monday","Sunday"],"opens":"00:00","closes":"00:00"},{"@type":"OpeningHoursSpecification","dayOfWeek":["Tuesday","Wednesday","Thursday","Friday"],"opens":"10:00","closes":"20:00"},{"@type":"OpeningHoursSpecification","dayOfWeek":["Saturday"],"opens":"10:00","closes":"13:30"}],"email":"info@somllavors.com"},{"@type":"PostalAddress","@id":"https:\/\/somllavors.com\/es\/producte\/collaret-de-lactancia-musk-latte#local-main-place-address","streetAddress":"Carrer de l'aigua, 6","addressLocality":"Vilanova i la Geltr\u00fa","postalCode":"08800","addressRegion":"Barcelona","addressCountry":"ES"},{"@type":"ImageObject","inLanguage":"es","@id":"https:\/\/somllavors.com\/es\/producte\/collaret-de-lactancia-musk-latte#local-main-organization-logo","url":"https:\/\/somllavors.com\/wp-content\/uploads\/Logotip-Som-Llavors.jpg","contentUrl":"https:\/\/somllavors.com\/wp-content\/uploads\/Logotip-Som-Llavors.jpg","width":1444,"height":1323,"caption":"Som Llavors"}]},"product_price_amount":"18.00","product_price_currency":"EUR","og_availability":"instock","product_availability":"instock","product_condition":"new","geo.placename":"Vilanova i la Geltr\u00fa","geo.position":{"lat":"41.2257737","long":"1.723258859"},"geo.region":"Espa\u00f1a"},"brands":[],"_links":{"self":[{"href":"https:\/\/somllavors.com\/es\/wp-json\/wp\/v2\/product\/91842","targetHints":{"allow":["GET"]}}],"collection":[{"href":"https:\/\/somllavors.com\/es\/wp-json\/wp\/v2\/product"}],"about":[{"href":"https:\/\/somllavors.com\/es\/wp-json\/wp\/v2\/types\/product"}],"wp:featuredmedia":[{"embeddable":true,"href":"https:\/\/somllavors.com\/es\/wp-json\/wp\/v2\/media\/91845"}],"wp:attachment":[{"href":"https:\/\/somllavors.com\/es\/wp-json\/wp\/v2\/media?parent=91842"}],"wp:term":[{"taxonomy":"pwb-brand","embeddable":true,"href":"https:\/\/somllavors.com\/es\/wp-json\/wp\/v2\/pwb-brand?post=91842"},{"taxonomy":"product_brand","embeddable":true,"href":"https:\/\/somllavors.com\/es\/wp-json\/wp\/v2\/product_brand?post=91842"},{"taxonomy":"product_cat","embeddable":true,"href":"https:\/\/somllavors.com\/es\/wp-json\/wp\/v2\/product_cat?post=91842"},{"taxonomy":"product_tag","embeddable":true,"href":"https:\/\/somllavors.com\/es\/wp-json\/wp\/v2\/product_tag?post=91842"}],"curies":[{"name":"wp","href":"https:\/\/api.w.org\/{rel}","templated":true}]}}