{"id":91930,"date":"2026-01-03T18:09:32","date_gmt":"2026-01-03T17:09:32","guid":{"rendered":"https:\/\/somllavors.com\/producte\/gorro-emilio-dusty-ivy-5-6-anos-liewood"},"modified":"2026-04-28T13:05:22","modified_gmt":"2026-04-28T11:05:22","slug":"gorro-emilio-dusty-ivy-5-6-anos-liewood","status":"publish","type":"product","link":"https:\/\/somllavors.com\/es\/producte\/gorro-emilio-dusty-ivy-5-6-anos-liewood","title":{"rendered":"Gorro &#8220;Emilio&#8221; Dusty Ivy 5-6 a\u00f1os &#8211; Liewood"},"content":{"rendered":"<p data-start=\"388\" data-end=\"422\"><strong data-start=\"388\" data-end=\"420\">Caracter\u00edsticas principales:<\/strong><\/p>\n<ul data-start=\"423\" data-end=\"1043\">\n<li data-start=\"423\" data-end=\"539\">\n<p data-start=\"425\" data-end=\"539\">Tejido de punto acanalado suave y el\u00e1stico que se adapta c\u00f3modamente a la cabeza.<\/p>\n<\/li>\n<li data-start=\"540\" data-end=\"731\">\n<p data-start=\"542\" data-end=\"731\">Confeccionado con una mezcla de 50% lana reciclada y 50% algod\u00f3n org\u00e1nico, que ofrece calidez natural, transpirabilidad y un tacto agradable.<\/p>\n<\/li>\n<li data-start=\"732\" data-end=\"920\">\n<p data-start=\"734\" data-end=\"920\">Flexible y c\u00f3modo, ideal para que las criaturas se lo pongan f\u00e1cilmente y se mantengan abrigados tanto en salidas con la familia como en el d\u00eda a d\u00eda.<\/p>\n<\/li>\n<li data-start=\"921\" data-end=\"1043\">\n<p data-start=\"923\" data-end=\"1043\">Color Dusty Ivy, un verde vers\u00e1til que combina con muchas prendas.<\/p>\n<\/li>\n<\/ul>\n<p data-start=\"1045\" data-end=\"1221\">Este gorrito es un accesorio pr\u00e1ctico y con estilo para proteger del fr\u00edo con materiales m\u00e1s respetuosos con el medio ambiente.<\/p>\n","protected":false},"excerpt":{"rendered":"<p>Emilio Beanie en color Dusty Ivy es un gorro cl\u00e1sico de punto para criaturas, perfecto para los d\u00edas frescos y de baja temperatura. Est\u00e1 dise\u00f1ado para mantener la cabeza caliente y confortable con un estilo sencillo pero elegante que acompa\u00f1a a cualquier look infantil. <\/p>\n","protected":false},"featured_media":87354,"template":"","meta":{"_acf_changed":false,"site-sidebar-layout":"default","site-content-layout":"","ast-site-content-layout":"default","site-content-style":"default","site-sidebar-style":"default","ast-global-header-display":"","ast-banner-title-visibility":"","ast-main-header-display":"","ast-hfb-above-header-display":"","ast-hfb-below-header-display":"","ast-hfb-mobile-header-display":"","site-post-title":"","ast-breadcrumbs-content":"","ast-featured-img":"","footer-sml-layout":"","ast-disable-related-posts":"","theme-transparent-header-meta":"default","adv-header-id-meta":"","stick-header-meta":"","header-above-stick-meta":"","header-main-stick-meta":"","header-below-stick-meta":"","astra-migrate-meta-layouts":"default","ast-page-background-enabled":"default","ast-page-background-meta":{"desktop":{"background-color":"","background-image":"","background-repeat":"repeat","background-position":"center center","background-size":"auto","background-attachment":"scroll","background-type":"","background-media":"","overlay-type":"","overlay-color":"","overlay-opacity":"","overlay-gradient":""},"tablet":{"background-color":"","background-image":"","background-repeat":"repeat","background-position":"center center","background-size":"auto","background-attachment":"scroll","background-type":"","background-media":"","overlay-type":"","overlay-color":"","overlay-opacity":"","overlay-gradient":""},"mobile":{"background-color":"","background-image":"","background-repeat":"repeat","background-position":"center center","background-size":"auto","background-attachment":"scroll","background-type":"","background-media":"","overlay-type":"","overlay-color":"","overlay-opacity":"","overlay-gradient":""}},"ast-content-background-meta":{"desktop":{"background-color":"var(--ast-global-color-5)","background-image":"","background-repeat":"repeat","background-position":"center center","background-size":"auto","background-attachment":"scroll","background-type":"","background-media":"","overlay-type":"","overlay-color":"","overlay-opacity":"","overlay-gradient":""},"tablet":{"background-color":"var(--ast-global-color-5)","background-image":"","background-repeat":"repeat","background-position":"center center","background-size":"auto","background-attachment":"scroll","background-type":"","background-media":"","overlay-type":"","overlay-color":"","overlay-opacity":"","overlay-gradient":""},"mobile":{"background-color":"var(--ast-global-color-5)","background-image":"","background-repeat":"repeat","background-position":"center center","background-size":"auto","background-attachment":"scroll","background-type":"","background-media":"","overlay-type":"","overlay-color":"","overlay-opacity":"","overlay-gradient":""}}},"pwb-brand":[4103],"product_brand":[],"product_cat":[2537],"product_tag":[6083,6082,6084,2282],"class_list":{"0":"post-91930","1":"product","2":"type-product","3":"status-publish","4":"has-post-thumbnail","6":"pwb-brand-liewood","7":"product_cat-gorros-es","8":"product_tag-beanie","9":"product_tag-gorro","10":"product_tag-lana","11":"product_tag-liewood-es","12":"desktop-align-left","13":"tablet-align-left","14":"mobile-align-left","16":"first","17":"instock","18":"sale","19":"taxable","20":"shipping-taxable","21":"purchasable","22":"product-type-simple"},"acf":[],"yoast_head":"<!-- This site is optimized with the Yoast SEO Premium plugin v18.3 (Yoast SEO v27.4) - https:\/\/yoast.com\/product\/yoast-seo-premium-wordpress\/ -->\n<title>Gorro &quot;Emilio&quot; Dusty Ivy 5-6 a\u00f1os - Liewood &#8212; Som Llavors<\/title>\n<meta name=\"description\" content=\"Emilio Beanie en color Dusty Ivy es un gorro cl\u00e1sico de punto para criaturas, perfecto para los d\u00edas frescos y de baja temperatura. Est\u00e1 dise\u00f1ado para mantener la cabeza caliente y confortable con un estilo sencillo pero elegante que acompa\u00f1a a cualquier look infantil.\" \/>\n<meta name=\"robots\" content=\"index, follow, max-snippet:-1, max-image-preview:large, max-video-preview:-1\" \/>\n<link rel=\"canonical\" href=\"https:\/\/somllavors.com\/es\/producte\/gorro-emilio-dusty-ivy-5-6-anos-liewood\" \/>\n<meta property=\"og:locale\" content=\"es_ES\" \/>\n<meta property=\"og:type\" content=\"article\" \/>\n<meta property=\"og:title\" content=\"Gorro &quot;Emilio&quot; Dusty Ivy 5-6 a\u00f1os - Liewood\" \/>\n<meta property=\"og:description\" content=\"La teva botiga d\u2019ecocrian\u00e7a i espai d\u2019acompanyament a la maternitat\" \/>\n<meta property=\"og:url\" content=\"https:\/\/somllavors.com\/es\/producte\/gorro-emilio-dusty-ivy-5-6-anos-liewood\" \/>\n<meta property=\"og:site_name\" content=\"Som Llavors\" \/>\n<meta property=\"article:publisher\" content=\"https:\/\/www.facebook.com\/somllavorsvng\/?locale=ca_ES\" \/>\n<meta property=\"article:modified_time\" content=\"2026-04-28T11:05:22+00:00\" \/>\n<meta property=\"og:image\" content=\"https:\/\/somllavors.com\/wp-content\/uploads\/2026\/01\/Som-Llavors-Emilio-Beanie-Liewood.webp\" \/>\n\t<meta property=\"og:image:width\" content=\"1000\" \/>\n\t<meta property=\"og:image:height\" content=\"1000\" \/>\n\t<meta property=\"og:image:type\" content=\"image\/webp\" \/>\n<meta name=\"twitter:card\" content=\"summary_large_image\" \/>\n<meta name=\"twitter:label1\" content=\"Precio\" \/>\n\t<meta name=\"twitter:data1\" content=\"47,00&euro; El precio original era: 47,00&euro;.23,50&euro;El precio actual es: 23,50&euro;. Iva incl\u00f2s\" \/>\n\t<meta name=\"twitter:label2\" content=\"Availability\" \/>\n\t<meta name=\"twitter:data2\" content=\"Hay existencias\" \/>\n<script type=\"application\/ld+json\" class=\"yoast-schema-graph\">{\"@context\":\"https:\\\/\\\/schema.org\",\"@graph\":[{\"@type\":\"WebPage\",\"@id\":\"https:\\\/\\\/somllavors.com\\\/es\\\/producte\\\/gorro-emilio-dusty-ivy-5-6-anos-liewood\",\"url\":\"https:\\\/\\\/somllavors.com\\\/es\\\/producte\\\/gorro-emilio-dusty-ivy-5-6-anos-liewood\",\"name\":\"Gorro \\\"Emilio\\\" Dusty Ivy 5-6 a\u00f1os - Liewood &#8212; Som Llavors\",\"isPartOf\":{\"@id\":\"https:\\\/\\\/somllavors.com\\\/es#website\"},\"primaryImageOfPage\":{\"@id\":\"https:\\\/\\\/somllavors.com\\\/es\\\/producte\\\/gorro-emilio-dusty-ivy-5-6-anos-liewood#primaryimage\"},\"image\":{\"@id\":\"https:\\\/\\\/somllavors.com\\\/es\\\/producte\\\/gorro-emilio-dusty-ivy-5-6-anos-liewood#primaryimage\"},\"thumbnailUrl\":\"https:\\\/\\\/somllavors.com\\\/wp-content\\\/uploads\\\/2026\\\/01\\\/Som-Llavors-Emilio-Beanie-Liewood.webp\",\"datePublished\":\"2026-01-03T17:09:32+00:00\",\"dateModified\":\"2026-04-28T11:05:22+00:00\",\"description\":\"Emilio Beanie en color Dusty Ivy es un gorro cl\u00e1sico de punto para criaturas, perfecto para los d\u00edas frescos y de baja temperatura. Est\u00e1 dise\u00f1ado para mantener la cabeza caliente y confortable con un estilo sencillo pero elegante que acompa\u00f1a a cualquier look infantil.\",\"breadcrumb\":{\"@id\":\"https:\\\/\\\/somllavors.com\\\/es\\\/producte\\\/gorro-emilio-dusty-ivy-5-6-anos-liewood#breadcrumb\"},\"inLanguage\":\"es\",\"potentialAction\":[{\"@type\":\"ReadAction\",\"target\":[\"https:\\\/\\\/somllavors.com\\\/es\\\/producte\\\/gorro-emilio-dusty-ivy-5-6-anos-liewood\"]}]},{\"@type\":\"ImageObject\",\"inLanguage\":\"es\",\"@id\":\"https:\\\/\\\/somllavors.com\\\/es\\\/producte\\\/gorro-emilio-dusty-ivy-5-6-anos-liewood#primaryimage\",\"url\":\"https:\\\/\\\/somllavors.com\\\/wp-content\\\/uploads\\\/2026\\\/01\\\/Som-Llavors-Emilio-Beanie-Liewood.webp\",\"contentUrl\":\"https:\\\/\\\/somllavors.com\\\/wp-content\\\/uploads\\\/2026\\\/01\\\/Som-Llavors-Emilio-Beanie-Liewood.webp\",\"width\":1000,\"height\":1000,\"caption\":\"gorro beanie Liewood\"},{\"@type\":\"BreadcrumbList\",\"@id\":\"https:\\\/\\\/somllavors.com\\\/es\\\/producte\\\/gorro-emilio-dusty-ivy-5-6-anos-liewood#breadcrumb\",\"itemListElement\":[{\"@type\":\"ListItem\",\"position\":1,\"name\":\"Inici\",\"item\":\"https:\\\/\\\/somllavors.com\\\/es\"},{\"@type\":\"ListItem\",\"position\":2,\"name\":\"Tienda\",\"item\":\"https:\\\/\\\/somllavors.com\\\/es\\\/botiga-2\"},{\"@type\":\"ListItem\",\"position\":3,\"name\":\"Gorro &#8220;Emilio&#8221; Dusty Ivy 5-6 a\u00f1os &#8211; Liewood\"}]},{\"@type\":\"WebSite\",\"@id\":\"https:\\\/\\\/somllavors.com\\\/es#website\",\"url\":\"https:\\\/\\\/somllavors.com\\\/es\",\"name\":\"Som Llavors\",\"description\":\"Botiga de crian\u00e7a natural\",\"publisher\":{\"@id\":\"https:\\\/\\\/somllavors.com\\\/es#organization\"},\"alternateName\":\"Crian\u00e7a Natural i Sostenible\",\"potentialAction\":[{\"@type\":\"SearchAction\",\"target\":{\"@type\":\"EntryPoint\",\"urlTemplate\":\"https:\\\/\\\/somllavors.com\\\/es?s={search_term_string}\"},\"query-input\":{\"@type\":\"PropertyValueSpecification\",\"valueRequired\":true,\"valueName\":\"search_term_string\"}}],\"inLanguage\":\"es\"},{\"@type\":[\"Organization\",\"Place\",\"Store\"],\"@id\":\"https:\\\/\\\/somllavors.com\\\/es#organization\",\"name\":\"Som Llavors\",\"alternateName\":\"Crian\u00e7a Natural i Sostenible\",\"url\":\"https:\\\/\\\/somllavors.com\\\/es\",\"logo\":{\"@id\":\"https:\\\/\\\/somllavors.com\\\/es\\\/producte\\\/gorro-emilio-dusty-ivy-5-6-anos-liewood#local-main-organization-logo\"},\"image\":{\"@id\":\"https:\\\/\\\/somllavors.com\\\/es\\\/producte\\\/gorro-emilio-dusty-ivy-5-6-anos-liewood#local-main-organization-logo\"},\"sameAs\":[\"https:\\\/\\\/www.facebook.com\\\/somllavorsvng\\\/?locale=ca_ES\",\"https:\\\/\\\/www.instagram.com\\\/somllavors_vng\\\/\",\"https:\\\/\\\/www.youtube.com\\\/@somllavors\"],\"address\":{\"@id\":\"https:\\\/\\\/somllavors.com\\\/es\\\/producte\\\/gorro-emilio-dusty-ivy-5-6-anos-liewood#local-main-place-address\"},\"geo\":{\"@type\":\"GeoCoordinates\",\"latitude\":\"41.2257737\",\"longitude\":\"1.723258859\"},\"telephone\":[\"623152704\"],\"openingHoursSpecification\":[{\"@type\":\"OpeningHoursSpecification\",\"dayOfWeek\":[\"Monday\",\"Sunday\"],\"opens\":\"00:00\",\"closes\":\"00:00\"},{\"@type\":\"OpeningHoursSpecification\",\"dayOfWeek\":[\"Tuesday\",\"Wednesday\",\"Thursday\",\"Friday\"],\"opens\":\"10:00\",\"closes\":\"20:00\"},{\"@type\":\"OpeningHoursSpecification\",\"dayOfWeek\":[\"Saturday\"],\"opens\":\"10:00\",\"closes\":\"13:30\"}],\"email\":\"info@somllavors.com\"},{\"@type\":\"PostalAddress\",\"@id\":\"https:\\\/\\\/somllavors.com\\\/es\\\/producte\\\/gorro-emilio-dusty-ivy-5-6-anos-liewood#local-main-place-address\",\"streetAddress\":\"Carrer de l'aigua, 6\",\"addressLocality\":\"Vilanova i la Geltr\u00fa\",\"postalCode\":\"08800\",\"addressRegion\":\"Barcelona\",\"addressCountry\":\"ES\"},{\"@type\":\"ImageObject\",\"inLanguage\":\"es\",\"@id\":\"https:\\\/\\\/somllavors.com\\\/es\\\/producte\\\/gorro-emilio-dusty-ivy-5-6-anos-liewood#local-main-organization-logo\",\"url\":\"https:\\\/\\\/somllavors.com\\\/wp-content\\\/uploads\\\/Logotip-Som-Llavors.jpg\",\"contentUrl\":\"https:\\\/\\\/somllavors.com\\\/wp-content\\\/uploads\\\/Logotip-Som-Llavors.jpg\",\"width\":1444,\"height\":1323,\"caption\":\"Som Llavors\"}]}<\/script>\n<meta property=\"product:price:amount\" content=\"23.50\" \/>\n<meta property=\"product:price:currency\" content=\"EUR\" \/>\n<meta property=\"og:availability\" content=\"instock\" \/>\n<meta property=\"product:availability\" content=\"instock\" \/>\n<meta property=\"product:retailer_item_id\" content=\"LW2011112523\" \/>\n<meta property=\"product:condition\" content=\"new\" \/>\n<meta name=\"geo.placename\" content=\"Vilanova i la Geltr\u00fa\" \/>\n<meta name=\"geo.position\" content=\"41.2257737;1.723258859\" \/>\n<meta name=\"geo.region\" content=\"Espa\u00f1a\" \/>\n<!-- \/ Yoast SEO Premium plugin. -->","yoast_head_json":{"title":"Gorro \"Emilio\" Dusty Ivy 5-6 a\u00f1os - Liewood &#8212; Som Llavors","description":"Emilio Beanie en color Dusty Ivy es un gorro cl\u00e1sico de punto para criaturas, perfecto para los d\u00edas frescos y de baja temperatura. Est\u00e1 dise\u00f1ado para mantener la cabeza caliente y confortable con un estilo sencillo pero elegante que acompa\u00f1a a cualquier look infantil.","robots":{"index":"index","follow":"follow","max-snippet":"max-snippet:-1","max-image-preview":"max-image-preview:large","max-video-preview":"max-video-preview:-1"},"canonical":"https:\/\/somllavors.com\/es\/producte\/gorro-emilio-dusty-ivy-5-6-anos-liewood","og_locale":"es_ES","og_type":"article","og_title":"Gorro \"Emilio\" Dusty Ivy 5-6 a\u00f1os - Liewood","og_description":"La teva botiga d\u2019ecocrian\u00e7a i espai d\u2019acompanyament a la maternitat","og_url":"https:\/\/somllavors.com\/es\/producte\/gorro-emilio-dusty-ivy-5-6-anos-liewood","og_site_name":"Som Llavors","article_publisher":"https:\/\/www.facebook.com\/somllavorsvng\/?locale=ca_ES","article_modified_time":"2026-04-28T11:05:22+00:00","og_image":[{"width":1000,"height":1000,"url":"https:\/\/somllavors.com\/wp-content\/uploads\/2026\/01\/Som-Llavors-Emilio-Beanie-Liewood.webp","type":"image\/webp"}],"twitter_card":"summary_large_image","twitter_misc":{"Precio":"47,00&euro; El precio original era: 47,00&euro;.23,50&euro;El precio actual es: 23,50&euro;. Iva incl\u00f2s","Availability":"Hay existencias"},"schema":{"@context":"https:\/\/schema.org","@graph":[{"@type":"WebPage","@id":"https:\/\/somllavors.com\/es\/producte\/gorro-emilio-dusty-ivy-5-6-anos-liewood","url":"https:\/\/somllavors.com\/es\/producte\/gorro-emilio-dusty-ivy-5-6-anos-liewood","name":"Gorro \"Emilio\" Dusty Ivy 5-6 a\u00f1os - Liewood &#8212; Som Llavors","isPartOf":{"@id":"https:\/\/somllavors.com\/es#website"},"primaryImageOfPage":{"@id":"https:\/\/somllavors.com\/es\/producte\/gorro-emilio-dusty-ivy-5-6-anos-liewood#primaryimage"},"image":{"@id":"https:\/\/somllavors.com\/es\/producte\/gorro-emilio-dusty-ivy-5-6-anos-liewood#primaryimage"},"thumbnailUrl":"https:\/\/somllavors.com\/wp-content\/uploads\/2026\/01\/Som-Llavors-Emilio-Beanie-Liewood.webp","datePublished":"2026-01-03T17:09:32+00:00","dateModified":"2026-04-28T11:05:22+00:00","description":"Emilio Beanie en color Dusty Ivy es un gorro cl\u00e1sico de punto para criaturas, perfecto para los d\u00edas frescos y de baja temperatura. Est\u00e1 dise\u00f1ado para mantener la cabeza caliente y confortable con un estilo sencillo pero elegante que acompa\u00f1a a cualquier look infantil.","breadcrumb":{"@id":"https:\/\/somllavors.com\/es\/producte\/gorro-emilio-dusty-ivy-5-6-anos-liewood#breadcrumb"},"inLanguage":"es","potentialAction":[{"@type":"ReadAction","target":["https:\/\/somllavors.com\/es\/producte\/gorro-emilio-dusty-ivy-5-6-anos-liewood"]}]},{"@type":"ImageObject","inLanguage":"es","@id":"https:\/\/somllavors.com\/es\/producte\/gorro-emilio-dusty-ivy-5-6-anos-liewood#primaryimage","url":"https:\/\/somllavors.com\/wp-content\/uploads\/2026\/01\/Som-Llavors-Emilio-Beanie-Liewood.webp","contentUrl":"https:\/\/somllavors.com\/wp-content\/uploads\/2026\/01\/Som-Llavors-Emilio-Beanie-Liewood.webp","width":1000,"height":1000,"caption":"gorro beanie Liewood"},{"@type":"BreadcrumbList","@id":"https:\/\/somllavors.com\/es\/producte\/gorro-emilio-dusty-ivy-5-6-anos-liewood#breadcrumb","itemListElement":[{"@type":"ListItem","position":1,"name":"Inici","item":"https:\/\/somllavors.com\/es"},{"@type":"ListItem","position":2,"name":"Tienda","item":"https:\/\/somllavors.com\/es\/botiga-2"},{"@type":"ListItem","position":3,"name":"Gorro &#8220;Emilio&#8221; Dusty Ivy 5-6 a\u00f1os &#8211; Liewood"}]},{"@type":"WebSite","@id":"https:\/\/somllavors.com\/es#website","url":"https:\/\/somllavors.com\/es","name":"Som Llavors","description":"Botiga de crian\u00e7a natural","publisher":{"@id":"https:\/\/somllavors.com\/es#organization"},"alternateName":"Crian\u00e7a Natural i Sostenible","potentialAction":[{"@type":"SearchAction","target":{"@type":"EntryPoint","urlTemplate":"https:\/\/somllavors.com\/es?s={search_term_string}"},"query-input":{"@type":"PropertyValueSpecification","valueRequired":true,"valueName":"search_term_string"}}],"inLanguage":"es"},{"@type":["Organization","Place","Store"],"@id":"https:\/\/somllavors.com\/es#organization","name":"Som Llavors","alternateName":"Crian\u00e7a Natural i Sostenible","url":"https:\/\/somllavors.com\/es","logo":{"@id":"https:\/\/somllavors.com\/es\/producte\/gorro-emilio-dusty-ivy-5-6-anos-liewood#local-main-organization-logo"},"image":{"@id":"https:\/\/somllavors.com\/es\/producte\/gorro-emilio-dusty-ivy-5-6-anos-liewood#local-main-organization-logo"},"sameAs":["https:\/\/www.facebook.com\/somllavorsvng\/?locale=ca_ES","https:\/\/www.instagram.com\/somllavors_vng\/","https:\/\/www.youtube.com\/@somllavors"],"address":{"@id":"https:\/\/somllavors.com\/es\/producte\/gorro-emilio-dusty-ivy-5-6-anos-liewood#local-main-place-address"},"geo":{"@type":"GeoCoordinates","latitude":"41.2257737","longitude":"1.723258859"},"telephone":["623152704","623152704"],"openingHoursSpecification":[{"@type":"OpeningHoursSpecification","dayOfWeek":["Monday","Sunday"],"opens":"00:00","closes":"00:00"},{"@type":"OpeningHoursSpecification","dayOfWeek":["Tuesday","Wednesday","Thursday","Friday"],"opens":"10:00","closes":"20:00"},{"@type":"OpeningHoursSpecification","dayOfWeek":["Saturday"],"opens":"10:00","closes":"13:30"}],"email":"info@somllavors.com"},{"@type":"PostalAddress","@id":"https:\/\/somllavors.com\/es\/producte\/gorro-emilio-dusty-ivy-5-6-anos-liewood#local-main-place-address","streetAddress":"Carrer de l'aigua, 6","addressLocality":"Vilanova i la Geltr\u00fa","postalCode":"08800","addressRegion":"Barcelona","addressCountry":"ES"},{"@type":"ImageObject","inLanguage":"es","@id":"https:\/\/somllavors.com\/es\/producte\/gorro-emilio-dusty-ivy-5-6-anos-liewood#local-main-organization-logo","url":"https:\/\/somllavors.com\/wp-content\/uploads\/Logotip-Som-Llavors.jpg","contentUrl":"https:\/\/somllavors.com\/wp-content\/uploads\/Logotip-Som-Llavors.jpg","width":1444,"height":1323,"caption":"Som Llavors"}]},"product_price_amount":"23.50","product_price_currency":"EUR","og_availability":"instock","product_availability":"instock","product_retailer_item_id":"LW2011112523","product_condition":"new","geo.placename":"Vilanova i la Geltr\u00fa","geo.position":{"lat":"41.2257737","long":"1.723258859"},"geo.region":"Espa\u00f1a"},"brands":[{"id":4103,"name":"Liewood","slug":"liewood"}],"_links":{"self":[{"href":"https:\/\/somllavors.com\/es\/wp-json\/wp\/v2\/product\/91930","targetHints":{"allow":["GET"]}}],"collection":[{"href":"https:\/\/somllavors.com\/es\/wp-json\/wp\/v2\/product"}],"about":[{"href":"https:\/\/somllavors.com\/es\/wp-json\/wp\/v2\/types\/product"}],"wp:featuredmedia":[{"embeddable":true,"href":"https:\/\/somllavors.com\/es\/wp-json\/wp\/v2\/media\/87354"}],"wp:attachment":[{"href":"https:\/\/somllavors.com\/es\/wp-json\/wp\/v2\/media?parent=91930"}],"wp:term":[{"taxonomy":"pwb-brand","embeddable":true,"href":"https:\/\/somllavors.com\/es\/wp-json\/wp\/v2\/pwb-brand?post=91930"},{"taxonomy":"product_brand","embeddable":true,"href":"https:\/\/somllavors.com\/es\/wp-json\/wp\/v2\/product_brand?post=91930"},{"taxonomy":"product_cat","embeddable":true,"href":"https:\/\/somllavors.com\/es\/wp-json\/wp\/v2\/product_cat?post=91930"},{"taxonomy":"product_tag","embeddable":true,"href":"https:\/\/somllavors.com\/es\/wp-json\/wp\/v2\/product_tag?post=91930"}],"curies":[{"name":"wp","href":"https:\/\/api.w.org\/{rel}","templated":true}]}}