{"id":91936,"date":"2026-02-24T18:06:51","date_gmt":"2026-02-24T17:06:51","guid":{"rendered":"https:\/\/somllavors.com\/producte\/mordedor-fruta-caucho-natural-foret-mawa"},"modified":"2026-02-24T18:06:51","modified_gmt":"2026-02-24T17:06:51","slug":"mordedor-fruta-caucho-natural-foret-mawa","status":"publish","type":"product","link":"https:\/\/somllavors.com\/es\/producte\/mordedor-fruta-caucho-natural-foret-mawa","title":{"rendered":"Mordedor fruta caucho natural For\u00eat Mawa"},"content":{"rendered":"<p>Colecci\u00f3n: Mawa Forest<br \/>\nDimensiones del producto: 7,2 x 9 x 1,3 cm<br \/>\nInstrucciones de cuidado: Lavar a mano con agua y jab\u00f3n. No guardar en un sitio h\u00famedo.<br \/>\nMarca: Moulin Roty<br \/>\nMaterial: Goma<br \/>\nEdad: Desde el nacimiento <\/p>\n","protected":false},"excerpt":{"rendered":"<p>Juguete mordedor de caucho natural &#8211; Dise\u00f1o de frutas &#8211; Mawa Monte de Moulin Roty<br \/>\nVentajas del producto:<br \/>\nCalma el dolor de la dentici\u00f3n<br \/>\nF\u00e1cil de limpiar<br \/>\n\u00a1Crujo, cruje, que jugosa que es esta granada! Hecha de savia del \u00e1rbol Hevea, este juguete para la dentici\u00f3n de caucho 100% natural calmar\u00e1 las molestias de la dentici\u00f3n de tu beb\u00e9. Su forma redondeada hace que sea f\u00e1cil de manejar y calmar el dolor de la dentici\u00f3n. Sin agujeros ni chirridos, evita que se acumule la suciedad en el interior para un uso sin problemas. Tambi\u00e9n se puede utilizar para jugar a la hora del ba\u00f1o.    <\/p>\n","protected":false},"featured_media":88888,"template":"","meta":{"_acf_changed":false,"site-sidebar-layout":"default","site-content-layout":"","ast-site-content-layout":"default","site-content-style":"default","site-sidebar-style":"default","ast-global-header-display":"","ast-banner-title-visibility":"","ast-main-header-display":"","ast-hfb-above-header-display":"","ast-hfb-below-header-display":"","ast-hfb-mobile-header-display":"","site-post-title":"","ast-breadcrumbs-content":"","ast-featured-img":"","footer-sml-layout":"","ast-disable-related-posts":"","theme-transparent-header-meta":"default","adv-header-id-meta":"","stick-header-meta":"","header-above-stick-meta":"","header-main-stick-meta":"","header-below-stick-meta":"","astra-migrate-meta-layouts":"default","ast-page-background-enabled":"default","ast-page-background-meta":{"desktop":{"background-color":"","background-image":"","background-repeat":"repeat","background-position":"center center","background-size":"auto","background-attachment":"scroll","background-type":"","background-media":"","overlay-type":"","overlay-color":"","overlay-opacity":"","overlay-gradient":""},"tablet":{"background-color":"","background-image":"","background-repeat":"repeat","background-position":"center center","background-size":"auto","background-attachment":"scroll","background-type":"","background-media":"","overlay-type":"","overlay-color":"","overlay-opacity":"","overlay-gradient":""},"mobile":{"background-color":"","background-image":"","background-repeat":"repeat","background-position":"center center","background-size":"auto","background-attachment":"scroll","background-type":"","background-media":"","overlay-type":"","overlay-color":"","overlay-opacity":"","overlay-gradient":""}},"ast-content-background-meta":{"desktop":{"background-color":"var(--ast-global-color-5)","background-image":"","background-repeat":"repeat","background-position":"center center","background-size":"auto","background-attachment":"scroll","background-type":"","background-media":"","overlay-type":"","overlay-color":"","overlay-opacity":"","overlay-gradient":""},"tablet":{"background-color":"var(--ast-global-color-5)","background-image":"","background-repeat":"repeat","background-position":"center center","background-size":"auto","background-attachment":"scroll","background-type":"","background-media":"","overlay-type":"","overlay-color":"","overlay-opacity":"","overlay-gradient":""},"mobile":{"background-color":"var(--ast-global-color-5)","background-image":"","background-repeat":"repeat","background-position":"center center","background-size":"auto","background-attachment":"scroll","background-type":"","background-media":"","overlay-type":"","overlay-color":"","overlay-opacity":"","overlay-gradient":""}}},"pwb-brand":[4110],"product_brand":[],"product_cat":[3558,3554],"product_tag":[6054],"class_list":{"0":"post-91936","1":"product","2":"type-product","3":"status-publish","4":"has-post-thumbnail","6":"pwb-brand-moulin-roty","7":"product_cat-0-meses","8":"product_cat-mordedores-y-portachupetes","9":"product_tag-foret-mawa","10":"desktop-align-left","11":"tablet-align-left","12":"mobile-align-left","14":"first","15":"instock","16":"taxable","17":"shipping-taxable","18":"purchasable","19":"product-type-simple"},"acf":[],"yoast_head":"<!-- This site is optimized with the Yoast SEO Premium plugin v18.3 (Yoast SEO v27.4) - https:\/\/yoast.com\/product\/yoast-seo-premium-wordpress\/ -->\n<title>Mordedor fruta caucho natural For\u00eat Mawa &#8212; Som Llavors<\/title>\n<meta name=\"description\" content=\"Juguete mordedor de caucho natural - Dise\u00f1o de frutas - Mawa Monte de Moulin Roty Ventajas del producto: Calma el dolor de la dentici\u00f3n F\u00e1cil de limpiar \u00a1Crujo, cruje, que jugosa que es esta granada! Hecha de savia del \u00e1rbol Hevea, este juguete para la dentici\u00f3n de caucho 100% natural calmar\u00e1 las molestias de la dentici\u00f3n de tu beb\u00e9. Su forma redondeada hace que sea f\u00e1cil de manejar y calmar el dolor de la dentici\u00f3n. Sin agujeros ni chirridos, evita que se acumule la suciedad en el interior para un uso sin problemas. Tambi\u00e9n se puede utilizar para jugar a la hora del ba\u00f1o.\" \/>\n<meta name=\"robots\" content=\"index, follow, max-snippet:-1, max-image-preview:large, max-video-preview:-1\" \/>\n<link rel=\"canonical\" href=\"https:\/\/somllavors.com\/es\/producte\/mordedor-fruta-caucho-natural-foret-mawa\" \/>\n<meta property=\"og:locale\" content=\"es_ES\" \/>\n<meta property=\"og:type\" content=\"article\" \/>\n<meta property=\"og:title\" content=\"Mordedor fruta caucho natural For\u00eat Mawa\" \/>\n<meta property=\"og:description\" content=\"La teva botiga d\u2019ecocrian\u00e7a i espai d\u2019acompanyament a la maternitat\" \/>\n<meta property=\"og:url\" content=\"https:\/\/somllavors.com\/es\/producte\/mordedor-fruta-caucho-natural-foret-mawa\" \/>\n<meta property=\"og:site_name\" content=\"Som Llavors\" \/>\n<meta property=\"article:publisher\" content=\"https:\/\/www.facebook.com\/somllavorsvng\/?locale=ca_ES\" \/>\n<meta property=\"og:image\" content=\"https:\/\/somllavors.com\/wp-content\/uploads\/2026\/02\/RKMP00011386.jpg\" \/>\n\t<meta property=\"og:image:width\" content=\"1080\" \/>\n\t<meta property=\"og:image:height\" content=\"1080\" \/>\n\t<meta property=\"og:image:type\" content=\"image\/jpeg\" \/>\n<meta name=\"twitter:card\" content=\"summary_large_image\" \/>\n<meta name=\"twitter:label1\" content=\"Precio\" \/>\n\t<meta name=\"twitter:data1\" content=\"16,90&euro; Iva incl\u00f2s\" \/>\n\t<meta name=\"twitter:label2\" content=\"Availability\" \/>\n\t<meta name=\"twitter:data2\" content=\"Hay existencias\" \/>\n<script type=\"application\/ld+json\" class=\"yoast-schema-graph\">{\"@context\":\"https:\\\/\\\/schema.org\",\"@graph\":[{\"@type\":\"WebPage\",\"@id\":\"https:\\\/\\\/somllavors.com\\\/es\\\/producte\\\/mordedor-fruta-caucho-natural-foret-mawa\",\"url\":\"https:\\\/\\\/somllavors.com\\\/es\\\/producte\\\/mordedor-fruta-caucho-natural-foret-mawa\",\"name\":\"Mordedor fruta caucho natural For\u00eat Mawa &#8212; Som Llavors\",\"isPartOf\":{\"@id\":\"https:\\\/\\\/somllavors.com\\\/es#website\"},\"primaryImageOfPage\":{\"@id\":\"https:\\\/\\\/somllavors.com\\\/es\\\/producte\\\/mordedor-fruta-caucho-natural-foret-mawa#primaryimage\"},\"image\":{\"@id\":\"https:\\\/\\\/somllavors.com\\\/es\\\/producte\\\/mordedor-fruta-caucho-natural-foret-mawa#primaryimage\"},\"thumbnailUrl\":\"https:\\\/\\\/somllavors.com\\\/wp-content\\\/uploads\\\/2026\\\/02\\\/RKMP00011386.jpg\",\"datePublished\":\"2026-02-24T17:06:51+00:00\",\"description\":\"Juguete mordedor de caucho natural - Dise\u00f1o de frutas - Mawa Monte de Moulin Roty Ventajas del producto: Calma el dolor de la dentici\u00f3n F\u00e1cil de limpiar \u00a1Crujo, cruje, que jugosa que es esta granada! Hecha de savia del \u00e1rbol Hevea, este juguete para la dentici\u00f3n de caucho 100% natural calmar\u00e1 las molestias de la dentici\u00f3n de tu beb\u00e9. Su forma redondeada hace que sea f\u00e1cil de manejar y calmar el dolor de la dentici\u00f3n. Sin agujeros ni chirridos, evita que se acumule la suciedad en el interior para un uso sin problemas. Tambi\u00e9n se puede utilizar para jugar a la hora del ba\u00f1o.\",\"breadcrumb\":{\"@id\":\"https:\\\/\\\/somllavors.com\\\/es\\\/producte\\\/mordedor-fruta-caucho-natural-foret-mawa#breadcrumb\"},\"inLanguage\":\"es\",\"potentialAction\":[{\"@type\":\"ReadAction\",\"target\":[\"https:\\\/\\\/somllavors.com\\\/es\\\/producte\\\/mordedor-fruta-caucho-natural-foret-mawa\"]}]},{\"@type\":\"ImageObject\",\"inLanguage\":\"es\",\"@id\":\"https:\\\/\\\/somllavors.com\\\/es\\\/producte\\\/mordedor-fruta-caucho-natural-foret-mawa#primaryimage\",\"url\":\"https:\\\/\\\/somllavors.com\\\/wp-content\\\/uploads\\\/2026\\\/02\\\/RKMP00011386.jpg\",\"contentUrl\":\"https:\\\/\\\/somllavors.com\\\/wp-content\\\/uploads\\\/2026\\\/02\\\/RKMP00011386.jpg\",\"width\":1080,\"height\":1080,\"caption\":\"mossegador For\u00eat Mawa\"},{\"@type\":\"BreadcrumbList\",\"@id\":\"https:\\\/\\\/somllavors.com\\\/es\\\/producte\\\/mordedor-fruta-caucho-natural-foret-mawa#breadcrumb\",\"itemListElement\":[{\"@type\":\"ListItem\",\"position\":1,\"name\":\"Inici\",\"item\":\"https:\\\/\\\/somllavors.com\\\/es\"},{\"@type\":\"ListItem\",\"position\":2,\"name\":\"Tienda\",\"item\":\"https:\\\/\\\/somllavors.com\\\/es\\\/botiga-2\"},{\"@type\":\"ListItem\",\"position\":3,\"name\":\"Mordedor fruta caucho natural For\u00eat Mawa\"}]},{\"@type\":\"WebSite\",\"@id\":\"https:\\\/\\\/somllavors.com\\\/es#website\",\"url\":\"https:\\\/\\\/somllavors.com\\\/es\",\"name\":\"Som Llavors\",\"description\":\"Botiga de crian\u00e7a natural\",\"publisher\":{\"@id\":\"https:\\\/\\\/somllavors.com\\\/es#organization\"},\"alternateName\":\"Crian\u00e7a Natural i Sostenible\",\"potentialAction\":[{\"@type\":\"SearchAction\",\"target\":{\"@type\":\"EntryPoint\",\"urlTemplate\":\"https:\\\/\\\/somllavors.com\\\/es?s={search_term_string}\"},\"query-input\":{\"@type\":\"PropertyValueSpecification\",\"valueRequired\":true,\"valueName\":\"search_term_string\"}}],\"inLanguage\":\"es\"},{\"@type\":[\"Organization\",\"Place\",\"Store\"],\"@id\":\"https:\\\/\\\/somllavors.com\\\/es#organization\",\"name\":\"Som Llavors\",\"alternateName\":\"Crian\u00e7a Natural i Sostenible\",\"url\":\"https:\\\/\\\/somllavors.com\\\/es\",\"logo\":{\"@id\":\"https:\\\/\\\/somllavors.com\\\/es\\\/producte\\\/mordedor-fruta-caucho-natural-foret-mawa#local-main-organization-logo\"},\"image\":{\"@id\":\"https:\\\/\\\/somllavors.com\\\/es\\\/producte\\\/mordedor-fruta-caucho-natural-foret-mawa#local-main-organization-logo\"},\"sameAs\":[\"https:\\\/\\\/www.facebook.com\\\/somllavorsvng\\\/?locale=ca_ES\",\"https:\\\/\\\/www.instagram.com\\\/somllavors_vng\\\/\",\"https:\\\/\\\/www.youtube.com\\\/@somllavors\"],\"address\":{\"@id\":\"https:\\\/\\\/somllavors.com\\\/es\\\/producte\\\/mordedor-fruta-caucho-natural-foret-mawa#local-main-place-address\"},\"geo\":{\"@type\":\"GeoCoordinates\",\"latitude\":\"41.2257737\",\"longitude\":\"1.723258859\"},\"telephone\":[\"623152704\"],\"openingHoursSpecification\":[{\"@type\":\"OpeningHoursSpecification\",\"dayOfWeek\":[\"Monday\",\"Sunday\"],\"opens\":\"00:00\",\"closes\":\"00:00\"},{\"@type\":\"OpeningHoursSpecification\",\"dayOfWeek\":[\"Tuesday\",\"Wednesday\",\"Thursday\",\"Friday\"],\"opens\":\"10:00\",\"closes\":\"20:00\"},{\"@type\":\"OpeningHoursSpecification\",\"dayOfWeek\":[\"Saturday\"],\"opens\":\"10:00\",\"closes\":\"13:30\"}],\"email\":\"info@somllavors.com\"},{\"@type\":\"PostalAddress\",\"@id\":\"https:\\\/\\\/somllavors.com\\\/es\\\/producte\\\/mordedor-fruta-caucho-natural-foret-mawa#local-main-place-address\",\"streetAddress\":\"Carrer de l'aigua, 6\",\"addressLocality\":\"Vilanova i la Geltr\u00fa\",\"postalCode\":\"08800\",\"addressRegion\":\"Barcelona\",\"addressCountry\":\"ES\"},{\"@type\":\"ImageObject\",\"inLanguage\":\"es\",\"@id\":\"https:\\\/\\\/somllavors.com\\\/es\\\/producte\\\/mordedor-fruta-caucho-natural-foret-mawa#local-main-organization-logo\",\"url\":\"https:\\\/\\\/somllavors.com\\\/wp-content\\\/uploads\\\/Logotip-Som-Llavors.jpg\",\"contentUrl\":\"https:\\\/\\\/somllavors.com\\\/wp-content\\\/uploads\\\/Logotip-Som-Llavors.jpg\",\"width\":1444,\"height\":1323,\"caption\":\"Som Llavors\"}]}<\/script>\n<meta property=\"product:price:amount\" content=\"16.90\" \/>\n<meta property=\"product:price:currency\" content=\"EUR\" \/>\n<meta property=\"og:availability\" content=\"instock\" \/>\n<meta property=\"product:availability\" content=\"instock\" \/>\n<meta property=\"product:retailer_item_id\" content=\"688370\" \/>\n<meta property=\"product:condition\" content=\"new\" \/>\n<meta name=\"geo.placename\" content=\"Vilanova i la Geltr\u00fa\" \/>\n<meta name=\"geo.position\" content=\"41.2257737;1.723258859\" \/>\n<meta name=\"geo.region\" content=\"Espa\u00f1a\" \/>\n<!-- \/ Yoast SEO Premium plugin. -->","yoast_head_json":{"title":"Mordedor fruta caucho natural For\u00eat Mawa &#8212; Som Llavors","description":"Juguete mordedor de caucho natural - Dise\u00f1o de frutas - Mawa Monte de Moulin Roty Ventajas del producto: Calma el dolor de la dentici\u00f3n F\u00e1cil de limpiar \u00a1Crujo, cruje, que jugosa que es esta granada! Hecha de savia del \u00e1rbol Hevea, este juguete para la dentici\u00f3n de caucho 100% natural calmar\u00e1 las molestias de la dentici\u00f3n de tu beb\u00e9. Su forma redondeada hace que sea f\u00e1cil de manejar y calmar el dolor de la dentici\u00f3n. Sin agujeros ni chirridos, evita que se acumule la suciedad en el interior para un uso sin problemas. Tambi\u00e9n se puede utilizar para jugar a la hora del ba\u00f1o.","robots":{"index":"index","follow":"follow","max-snippet":"max-snippet:-1","max-image-preview":"max-image-preview:large","max-video-preview":"max-video-preview:-1"},"canonical":"https:\/\/somllavors.com\/es\/producte\/mordedor-fruta-caucho-natural-foret-mawa","og_locale":"es_ES","og_type":"article","og_title":"Mordedor fruta caucho natural For\u00eat Mawa","og_description":"La teva botiga d\u2019ecocrian\u00e7a i espai d\u2019acompanyament a la maternitat","og_url":"https:\/\/somllavors.com\/es\/producte\/mordedor-fruta-caucho-natural-foret-mawa","og_site_name":"Som Llavors","article_publisher":"https:\/\/www.facebook.com\/somllavorsvng\/?locale=ca_ES","og_image":[{"width":1080,"height":1080,"url":"https:\/\/somllavors.com\/wp-content\/uploads\/2026\/02\/RKMP00011386.jpg","type":"image\/jpeg"}],"twitter_card":"summary_large_image","twitter_misc":{"Precio":"16,90&euro; Iva incl\u00f2s","Availability":"Hay existencias"},"schema":{"@context":"https:\/\/schema.org","@graph":[{"@type":"WebPage","@id":"https:\/\/somllavors.com\/es\/producte\/mordedor-fruta-caucho-natural-foret-mawa","url":"https:\/\/somllavors.com\/es\/producte\/mordedor-fruta-caucho-natural-foret-mawa","name":"Mordedor fruta caucho natural For\u00eat Mawa &#8212; Som Llavors","isPartOf":{"@id":"https:\/\/somllavors.com\/es#website"},"primaryImageOfPage":{"@id":"https:\/\/somllavors.com\/es\/producte\/mordedor-fruta-caucho-natural-foret-mawa#primaryimage"},"image":{"@id":"https:\/\/somllavors.com\/es\/producte\/mordedor-fruta-caucho-natural-foret-mawa#primaryimage"},"thumbnailUrl":"https:\/\/somllavors.com\/wp-content\/uploads\/2026\/02\/RKMP00011386.jpg","datePublished":"2026-02-24T17:06:51+00:00","description":"Juguete mordedor de caucho natural - Dise\u00f1o de frutas - Mawa Monte de Moulin Roty Ventajas del producto: Calma el dolor de la dentici\u00f3n F\u00e1cil de limpiar \u00a1Crujo, cruje, que jugosa que es esta granada! Hecha de savia del \u00e1rbol Hevea, este juguete para la dentici\u00f3n de caucho 100% natural calmar\u00e1 las molestias de la dentici\u00f3n de tu beb\u00e9. Su forma redondeada hace que sea f\u00e1cil de manejar y calmar el dolor de la dentici\u00f3n. Sin agujeros ni chirridos, evita que se acumule la suciedad en el interior para un uso sin problemas. Tambi\u00e9n se puede utilizar para jugar a la hora del ba\u00f1o.","breadcrumb":{"@id":"https:\/\/somllavors.com\/es\/producte\/mordedor-fruta-caucho-natural-foret-mawa#breadcrumb"},"inLanguage":"es","potentialAction":[{"@type":"ReadAction","target":["https:\/\/somllavors.com\/es\/producte\/mordedor-fruta-caucho-natural-foret-mawa"]}]},{"@type":"ImageObject","inLanguage":"es","@id":"https:\/\/somllavors.com\/es\/producte\/mordedor-fruta-caucho-natural-foret-mawa#primaryimage","url":"https:\/\/somllavors.com\/wp-content\/uploads\/2026\/02\/RKMP00011386.jpg","contentUrl":"https:\/\/somllavors.com\/wp-content\/uploads\/2026\/02\/RKMP00011386.jpg","width":1080,"height":1080,"caption":"mossegador For\u00eat Mawa"},{"@type":"BreadcrumbList","@id":"https:\/\/somllavors.com\/es\/producte\/mordedor-fruta-caucho-natural-foret-mawa#breadcrumb","itemListElement":[{"@type":"ListItem","position":1,"name":"Inici","item":"https:\/\/somllavors.com\/es"},{"@type":"ListItem","position":2,"name":"Tienda","item":"https:\/\/somllavors.com\/es\/botiga-2"},{"@type":"ListItem","position":3,"name":"Mordedor fruta caucho natural For\u00eat Mawa"}]},{"@type":"WebSite","@id":"https:\/\/somllavors.com\/es#website","url":"https:\/\/somllavors.com\/es","name":"Som Llavors","description":"Botiga de crian\u00e7a natural","publisher":{"@id":"https:\/\/somllavors.com\/es#organization"},"alternateName":"Crian\u00e7a Natural i Sostenible","potentialAction":[{"@type":"SearchAction","target":{"@type":"EntryPoint","urlTemplate":"https:\/\/somllavors.com\/es?s={search_term_string}"},"query-input":{"@type":"PropertyValueSpecification","valueRequired":true,"valueName":"search_term_string"}}],"inLanguage":"es"},{"@type":["Organization","Place","Store"],"@id":"https:\/\/somllavors.com\/es#organization","name":"Som Llavors","alternateName":"Crian\u00e7a Natural i Sostenible","url":"https:\/\/somllavors.com\/es","logo":{"@id":"https:\/\/somllavors.com\/es\/producte\/mordedor-fruta-caucho-natural-foret-mawa#local-main-organization-logo"},"image":{"@id":"https:\/\/somllavors.com\/es\/producte\/mordedor-fruta-caucho-natural-foret-mawa#local-main-organization-logo"},"sameAs":["https:\/\/www.facebook.com\/somllavorsvng\/?locale=ca_ES","https:\/\/www.instagram.com\/somllavors_vng\/","https:\/\/www.youtube.com\/@somllavors"],"address":{"@id":"https:\/\/somllavors.com\/es\/producte\/mordedor-fruta-caucho-natural-foret-mawa#local-main-place-address"},"geo":{"@type":"GeoCoordinates","latitude":"41.2257737","longitude":"1.723258859"},"telephone":["623152704","623152704"],"openingHoursSpecification":[{"@type":"OpeningHoursSpecification","dayOfWeek":["Monday","Sunday"],"opens":"00:00","closes":"00:00"},{"@type":"OpeningHoursSpecification","dayOfWeek":["Tuesday","Wednesday","Thursday","Friday"],"opens":"10:00","closes":"20:00"},{"@type":"OpeningHoursSpecification","dayOfWeek":["Saturday"],"opens":"10:00","closes":"13:30"}],"email":"info@somllavors.com"},{"@type":"PostalAddress","@id":"https:\/\/somllavors.com\/es\/producte\/mordedor-fruta-caucho-natural-foret-mawa#local-main-place-address","streetAddress":"Carrer de l'aigua, 6","addressLocality":"Vilanova i la Geltr\u00fa","postalCode":"08800","addressRegion":"Barcelona","addressCountry":"ES"},{"@type":"ImageObject","inLanguage":"es","@id":"https:\/\/somllavors.com\/es\/producte\/mordedor-fruta-caucho-natural-foret-mawa#local-main-organization-logo","url":"https:\/\/somllavors.com\/wp-content\/uploads\/Logotip-Som-Llavors.jpg","contentUrl":"https:\/\/somllavors.com\/wp-content\/uploads\/Logotip-Som-Llavors.jpg","width":1444,"height":1323,"caption":"Som Llavors"}]},"product_price_amount":"16.90","product_price_currency":"EUR","og_availability":"instock","product_availability":"instock","product_retailer_item_id":"688370","product_condition":"new","geo.placename":"Vilanova i la Geltr\u00fa","geo.position":{"lat":"41.2257737","long":"1.723258859"},"geo.region":"Espa\u00f1a"},"brands":[{"id":4110,"name":"Moulin Roty","slug":"moulin-roty"}],"_links":{"self":[{"href":"https:\/\/somllavors.com\/es\/wp-json\/wp\/v2\/product\/91936","targetHints":{"allow":["GET"]}}],"collection":[{"href":"https:\/\/somllavors.com\/es\/wp-json\/wp\/v2\/product"}],"about":[{"href":"https:\/\/somllavors.com\/es\/wp-json\/wp\/v2\/types\/product"}],"wp:featuredmedia":[{"embeddable":true,"href":"https:\/\/somllavors.com\/es\/wp-json\/wp\/v2\/media\/88888"}],"wp:attachment":[{"href":"https:\/\/somllavors.com\/es\/wp-json\/wp\/v2\/media?parent=91936"}],"wp:term":[{"taxonomy":"pwb-brand","embeddable":true,"href":"https:\/\/somllavors.com\/es\/wp-json\/wp\/v2\/pwb-brand?post=91936"},{"taxonomy":"product_brand","embeddable":true,"href":"https:\/\/somllavors.com\/es\/wp-json\/wp\/v2\/product_brand?post=91936"},{"taxonomy":"product_cat","embeddable":true,"href":"https:\/\/somllavors.com\/es\/wp-json\/wp\/v2\/product_cat?post=91936"},{"taxonomy":"product_tag","embeddable":true,"href":"https:\/\/somllavors.com\/es\/wp-json\/wp\/v2\/product_tag?post=91936"}],"curies":[{"name":"wp","href":"https:\/\/api.w.org\/{rel}","templated":true}]}}