{"id":91959,"date":"2026-04-18T06:27:07","date_gmt":"2026-04-18T04:27:07","guid":{"rendered":"https:\/\/somllavors.com\/producte\/lona-jeans-adultos-igor"},"modified":"2026-04-18T06:27:07","modified_gmt":"2026-04-18T04:27:07","slug":"lona-jeans-adultos-igor","status":"publish","type":"product","link":"https:\/\/somllavors.com\/es\/producte\/lona-jeans-adultos-igor","title":{"rendered":"Lona Jeans adultos &#8211; Igor"},"content":{"rendered":"<h3 data-path-to-node=\"5\">Salut podol\u00f2gica amb estil Lona Jeans adult:<\/h3>\n<div class=\"flex flex-col text-sm\">\n<section class=\"text-token-text-primary w-full focus:outline-none [--shadow-height:45px] has-data-writing-block:pointer-events-none has-data-writing-block:-mt-(--shadow-height) has-data-writing-block:pt-(--shadow-height) [&amp;:has([data-writing-block])&gt;*]:pointer-events-auto scroll-mt-[calc(var(--header-height)+min(200px,max(70px,20svh)))]\" dir=\"auto\" data-turn-id=\"request-695946b8-99a0-8333-8b37-003f2067f007-0\" data-testid=\"conversation-turn-32\" data-scroll-anchor=\"true\" data-turn=\"assistant\">\n<div class=\"text-base my-auto mx-auto pb-10 [--thread-content-margin:var(--thread-content-margin-xs,calc(var(--spacing)*4))] @w-sm\/main:[--thread-content-margin:var(--thread-content-margin-sm,calc(var(--spacing)*6))] @w-lg\/main:[--thread-content-margin:var(--thread-content-margin-lg,calc(var(--spacing)*16))] px-(--thread-content-margin)\">\n<div class=\"[--thread-content-max-width:40rem] @w-lg\/main:[--thread-content-max-width:48rem] mx-auto max-w-(--thread-content-max-width) flex-1 group\/turn-messages focus-visible:outline-hidden relative flex w-full min-w-0 flex-col agent-turn\">\n<div class=\"flex max-w-full flex-col gap-4 grow\">\n<div class=\"min-h-8 text-message relative flex w-full flex-col items-end gap-2 text-start break-words whitespace-normal outline-none keyboard-focused:focus-ring [.text-message+&amp;]:mt-1\" dir=\"auto\" tabindex=\"0\" data-message-author-role=\"assistant\" data-message-id=\"681a6a1a-1247-4f86-93c8-7859d04e53af\" data-turn-start-message=\"true\" data-message-model-slug=\"gpt-5-3\">\n<div class=\"flex w-full flex-col gap-1 empty:hidden\">\n<div class=\"markdown prose dark:prose-invert w-full wrap-break-word light markdown-new-styling\">\n<ul>\n<li data-start=\"1050\" data-end=\"1133\">Suela flexible: suela ligera y adaptable que acompa\u00f1a al movimiento natural del pie.<\/li>\n<li data-start=\"1050\" data-end=\"1133\">Lona de algod\u00f3n transpirable: tejido fresco y agradable, perfecto para los d\u00edas calurosos.<\/li>\n<li data-start=\"1050\" data-end=\"1133\">Puntera ancha: permite que los dedos se muevan con libertad y sin presiones.<\/li>\n<li data-start=\"1050\" data-end=\"1133\">Cierre pr\u00e1ctico: sistema f\u00e1cil de abrir y cerrar.<\/li>\n<li data-start=\"1050\" data-end=\"1133\">Ligereza y comodidad: un calzado pensado para moverse con libertad durante todo el d\u00eda.<\/li>\n<\/ul>\n<\/div>\n<\/div>\n<\/div>\n<\/div>\n<div class=\"z-0 flex min-h-[46px] justify-start\"><\/div>\n<div class=\"mt-3 w-full empty:hidden\">\n<div class=\"text-center\"><\/div>\n<\/div>\n<\/div>\n<\/div>\n<\/section>\n<\/div>\n<div class=\"pointer-events-none h-px w-px absolute bottom-0\" aria-hidden=\"true\" data-edge=\"true\"><\/div>\n","protected":false},"excerpt":{"rendered":"<h2 data-path-to-node=\"2\">Lonas Igor adultos: Jeans<\/h2>\n<p data-start=\"42\" data-end=\"262\">Un b\u00e1sico de verano c\u00f3modo, fresco y lleno de estilo. Los zapatos de lona Igor en color terracota combinan la sencillez de un dise\u00f1o atemporal con la ligereza y flexibilidad que necesitan los pies activos durante el d\u00eda a d\u00eda. <\/p>\n<p data-start=\"264\" data-end=\"533\">Fabricadas en lona de algod\u00f3n transpirable, son ideales para los meses m\u00e1s c\u00e1lidos, ya que permiten una buena ventilaci\u00f3n y ofrecen una sensaci\u00f3n agradable y natural a cada paso. Su tono terracota aporta personalidad y combina f\u00e1cilmente con ropa clara, neutra o colores vivos. <\/p>\n<h3 data-path-to-node=\"7\">\u00bfPor qu\u00e9 las Lones Terracota ser\u00e1n sus favoritas?<\/h3>\n<p data-start=\"594\" data-end=\"820\">Su dise\u00f1o vers\u00e1til las convierte en el calzado perfecto para la escuela, paseos, vacaciones o tardes de juego. Son ligeras, f\u00e1ciles de poner y pensadas para acompa\u00f1ar al ritmo cotidiano con comodidad y libertad de movimiento. <\/p>\n<p data-start=\"822\" data-end=\"1011\">Recomendaci\u00f3n Som Llavors: Un modelo pr\u00e1ctico y fresco para primavera y verano, ideal para familias que buscan un calzado c\u00f3modo, funcional y con un toque de color que da vida a cualquier look.<\/p>\n<p data-start=\"1013\" data-end=\"1048\">\n<hr data-path-to-node=\"9\">\n<blockquote data-path-to-node=\"10\">\n<p data-path-to-node=\"10,0\">Recomendaci\u00f3n Som Llavors: Un modelo pr\u00e1ctico y fresco para primavera y verano, ideal para personas que buscan un calzado c\u00f3modo, funcional y con un toque de color que da vida a cualquier look.<\/p>\n<\/blockquote>\n","protected":false},"featured_media":91363,"template":"","meta":{"_acf_changed":false,"site-sidebar-layout":"default","site-content-layout":"","ast-site-content-layout":"default","site-content-style":"default","site-sidebar-style":"default","ast-global-header-display":"","ast-banner-title-visibility":"","ast-main-header-display":"","ast-hfb-above-header-display":"","ast-hfb-below-header-display":"","ast-hfb-mobile-header-display":"","site-post-title":"","ast-breadcrumbs-content":"","ast-featured-img":"","footer-sml-layout":"","ast-disable-related-posts":"","theme-transparent-header-meta":"default","adv-header-id-meta":"","stick-header-meta":"","header-above-stick-meta":"","header-main-stick-meta":"","header-below-stick-meta":"","astra-migrate-meta-layouts":"default","ast-page-background-enabled":"default","ast-page-background-meta":{"desktop":{"background-color":"","background-image":"","background-repeat":"repeat","background-position":"center center","background-size":"auto","background-attachment":"scroll","background-type":"","background-media":"","overlay-type":"","overlay-color":"","overlay-opacity":"","overlay-gradient":""},"tablet":{"background-color":"","background-image":"","background-repeat":"repeat","background-position":"center center","background-size":"auto","background-attachment":"scroll","background-type":"","background-media":"","overlay-type":"","overlay-color":"","overlay-opacity":"","overlay-gradient":""},"mobile":{"background-color":"","background-image":"","background-repeat":"repeat","background-position":"center center","background-size":"auto","background-attachment":"scroll","background-type":"","background-media":"","overlay-type":"","overlay-color":"","overlay-opacity":"","overlay-gradient":""}},"ast-content-background-meta":{"desktop":{"background-color":"var(--ast-global-color-5)","background-image":"","background-repeat":"repeat","background-position":"center center","background-size":"auto","background-attachment":"scroll","background-type":"","background-media":"","overlay-type":"","overlay-color":"","overlay-opacity":"","overlay-gradient":""},"tablet":{"background-color":"var(--ast-global-color-5)","background-image":"","background-repeat":"repeat","background-position":"center center","background-size":"auto","background-attachment":"scroll","background-type":"","background-media":"","overlay-type":"","overlay-color":"","overlay-opacity":"","overlay-gradient":""},"mobile":{"background-color":"var(--ast-global-color-5)","background-image":"","background-repeat":"repeat","background-position":"center center","background-size":"auto","background-attachment":"scroll","background-type":"","background-media":"","overlay-type":"","overlay-color":"","overlay-opacity":"","overlay-gradient":""}}},"pwb-brand":[4275],"product_brand":[],"product_cat":[4833,4612],"product_tag":[5499,5017,6085],"class_list":{"0":"post-91959","1":"product","2":"type-product","3":"status-publish","4":"has-post-thumbnail","6":"pwb-brand-igor","7":"product_cat-adultos-es","8":"product_cat-igor-es","9":"product_tag-adultos","10":"product_tag-igor-es","11":"product_tag-lona","12":"pa_talla-36-es","13":"pa_talla-37-es","14":"pa_talla-38-es","15":"pa_talla-39-es","16":"pa_talla-40-es","17":"pa_talla-41-es","18":"desktop-align-left","19":"tablet-align-left","20":"mobile-align-left","22":"first","23":"instock","24":"taxable","25":"shipping-taxable","26":"purchasable","27":"product-type-variable"},"acf":[],"yoast_head":"<!-- This site is optimized with the Yoast SEO Premium plugin v18.3 (Yoast SEO v27.4) - https:\/\/yoast.com\/product\/yoast-seo-premium-wordpress\/ -->\n<title>Lona Jeans adultos - Igor &#8212; Som Llavors<\/title>\n<meta name=\"description\" content=\"Lonas Igor adultos: Jeans Un b\u00e1sico de verano c\u00f3modo, fresco y lleno de estilo. Los zapatos de lona Igor en color terracota combinan la sencillez de un dise\u00f1o atemporal con la ligereza y flexibilidad que necesitan los pies activos durante el d\u00eda a d\u00eda. Fabricadas en lona de algod\u00f3n transpirable, son ideales para los meses m\u00e1s c\u00e1lidos, ya que permiten una buena ventilaci\u00f3n y ofrecen una sensaci\u00f3n agradable y natural a cada paso. Su tono terracota aporta personalidad y combina f\u00e1cilmente con ropa clara, neutra o colores vivos.  \u00bfPor qu\u00e9 las Lones Terracota ser\u00e1n sus favoritas? Su dise\u00f1o vers\u00e1til las convierte en el calzado perfecto para la escuela, paseos, vacaciones o tardes de juego. Son ligeras, f\u00e1ciles de poner y pensadas para acompa\u00f1ar al ritmo cotidiano con comodidad y libertad de movimiento. Recomendaci\u00f3n Som Llavors: Un modelo pr\u00e1ctico y fresco para primavera y verano, ideal para familias que buscan un calzado c\u00f3modo, funcional y con un toque de color que da vida a cualquier look.    Recomendaci\u00f3n Som Llavors: Un modelo pr\u00e1ctico y fresco para primavera y verano, ideal para personas que buscan un calzado c\u00f3modo, funcional y con un toque de color que da vida a cualquier look.\" \/>\n<meta name=\"robots\" content=\"index, follow, max-snippet:-1, max-image-preview:large, max-video-preview:-1\" \/>\n<link rel=\"canonical\" href=\"https:\/\/somllavors.com\/es\/producte\/lona-jeans-adultos-igor\" \/>\n<meta property=\"og:locale\" content=\"es_ES\" \/>\n<meta property=\"og:type\" content=\"article\" \/>\n<meta property=\"og:title\" content=\"Lona Jeans adultos - Igor\" \/>\n<meta property=\"og:description\" content=\"La teva botiga d\u2019ecocrian\u00e7a i espai d\u2019acompanyament a la maternitat\" \/>\n<meta property=\"og:url\" content=\"https:\/\/somllavors.com\/es\/producte\/lona-jeans-adultos-igor\" \/>\n<meta property=\"og:site_name\" content=\"Som Llavors\" \/>\n<meta property=\"article:publisher\" content=\"https:\/\/www.facebook.com\/somllavorsvng\/?locale=ca_ES\" \/>\n<meta property=\"og:image\" content=\"https:\/\/somllavors.com\/wp-content\/uploads\/2026\/04\/Som-Llavors-LONA-5.1-JEANS-.jpg\" \/>\n\t<meta property=\"og:image:width\" content=\"723\" \/>\n\t<meta property=\"og:image:height\" content=\"861\" \/>\n\t<meta property=\"og:image:type\" content=\"image\/jpeg\" \/>\n<meta name=\"twitter:card\" content=\"summary_large_image\" \/>\n<meta name=\"twitter:label1\" content=\"Availability\" \/>\n\t<meta name=\"twitter:data1\" content=\"Hay existencias\" \/>\n<script type=\"application\/ld+json\" class=\"yoast-schema-graph\">{\"@context\":\"https:\\\/\\\/schema.org\",\"@graph\":[{\"@type\":\"WebPage\",\"@id\":\"https:\\\/\\\/somllavors.com\\\/es\\\/producte\\\/lona-jeans-adultos-igor\",\"url\":\"https:\\\/\\\/somllavors.com\\\/es\\\/producte\\\/lona-jeans-adultos-igor\",\"name\":\"Lona Jeans adultos - Igor &#8212; Som Llavors\",\"isPartOf\":{\"@id\":\"https:\\\/\\\/somllavors.com\\\/es#website\"},\"primaryImageOfPage\":{\"@id\":\"https:\\\/\\\/somllavors.com\\\/es\\\/producte\\\/lona-jeans-adultos-igor#primaryimage\"},\"image\":{\"@id\":\"https:\\\/\\\/somllavors.com\\\/es\\\/producte\\\/lona-jeans-adultos-igor#primaryimage\"},\"thumbnailUrl\":\"https:\\\/\\\/somllavors.com\\\/wp-content\\\/uploads\\\/2026\\\/04\\\/Som-Llavors-LONA-5.1-JEANS-.jpg\",\"datePublished\":\"2026-04-18T04:27:07+00:00\",\"description\":\"Lonas Igor adultos: Jeans Un b\u00e1sico de verano c\u00f3modo, fresco y lleno de estilo. Los zapatos de lona Igor en color terracota combinan la sencillez de un dise\u00f1o atemporal con la ligereza y flexibilidad que necesitan los pies activos durante el d\u00eda a d\u00eda. Fabricadas en lona de algod\u00f3n transpirable, son ideales para los meses m\u00e1s c\u00e1lidos, ya que permiten una buena ventilaci\u00f3n y ofrecen una sensaci\u00f3n agradable y natural a cada paso. Su tono terracota aporta personalidad y combina f\u00e1cilmente con ropa clara, neutra o colores vivos. \u00bfPor qu\u00e9 las Lones Terracota ser\u00e1n sus favoritas? Su dise\u00f1o vers\u00e1til las convierte en el calzado perfecto para la escuela, paseos, vacaciones o tardes de juego. Son ligeras, f\u00e1ciles de poner y pensadas para acompa\u00f1ar al ritmo cotidiano con comodidad y libertad de movimiento. Recomendaci\u00f3n Som Llavors: Un modelo pr\u00e1ctico y fresco para primavera y verano, ideal para familias que buscan un calzado c\u00f3modo, funcional y con un toque de color que da vida a cualquier look. Recomendaci\u00f3n Som Llavors: Un modelo pr\u00e1ctico y fresco para primavera y verano, ideal para personas que buscan un calzado c\u00f3modo, funcional y con un toque de color que da vida a cualquier look.\",\"breadcrumb\":{\"@id\":\"https:\\\/\\\/somllavors.com\\\/es\\\/producte\\\/lona-jeans-adultos-igor#breadcrumb\"},\"inLanguage\":\"es\",\"potentialAction\":[{\"@type\":\"ReadAction\",\"target\":[\"https:\\\/\\\/somllavors.com\\\/es\\\/producte\\\/lona-jeans-adultos-igor\"]}]},{\"@type\":\"ImageObject\",\"inLanguage\":\"es\",\"@id\":\"https:\\\/\\\/somllavors.com\\\/es\\\/producte\\\/lona-jeans-adultos-igor#primaryimage\",\"url\":\"https:\\\/\\\/somllavors.com\\\/wp-content\\\/uploads\\\/2026\\\/04\\\/Som-Llavors-LONA-5.1-JEANS-.jpg\",\"contentUrl\":\"https:\\\/\\\/somllavors.com\\\/wp-content\\\/uploads\\\/2026\\\/04\\\/Som-Llavors-LONA-5.1-JEANS-.jpg\",\"width\":723,\"height\":861,\"caption\":\"lona jeans adults\"},{\"@type\":\"BreadcrumbList\",\"@id\":\"https:\\\/\\\/somllavors.com\\\/es\\\/producte\\\/lona-jeans-adultos-igor#breadcrumb\",\"itemListElement\":[{\"@type\":\"ListItem\",\"position\":1,\"name\":\"Inici\",\"item\":\"https:\\\/\\\/somllavors.com\\\/es\"},{\"@type\":\"ListItem\",\"position\":2,\"name\":\"Tienda\",\"item\":\"https:\\\/\\\/somllavors.com\\\/es\\\/botiga-2\"},{\"@type\":\"ListItem\",\"position\":3,\"name\":\"Lona Jeans adultos &#8211; Igor\"}]},{\"@type\":\"WebSite\",\"@id\":\"https:\\\/\\\/somllavors.com\\\/es#website\",\"url\":\"https:\\\/\\\/somllavors.com\\\/es\",\"name\":\"Som Llavors\",\"description\":\"Botiga de crian\u00e7a natural\",\"publisher\":{\"@id\":\"https:\\\/\\\/somllavors.com\\\/es#organization\"},\"alternateName\":\"Crian\u00e7a Natural i Sostenible\",\"potentialAction\":[{\"@type\":\"SearchAction\",\"target\":{\"@type\":\"EntryPoint\",\"urlTemplate\":\"https:\\\/\\\/somllavors.com\\\/es?s={search_term_string}\"},\"query-input\":{\"@type\":\"PropertyValueSpecification\",\"valueRequired\":true,\"valueName\":\"search_term_string\"}}],\"inLanguage\":\"es\"},{\"@type\":[\"Organization\",\"Place\",\"Store\"],\"@id\":\"https:\\\/\\\/somllavors.com\\\/es#organization\",\"name\":\"Som Llavors\",\"alternateName\":\"Crian\u00e7a Natural i Sostenible\",\"url\":\"https:\\\/\\\/somllavors.com\\\/es\",\"logo\":{\"@id\":\"https:\\\/\\\/somllavors.com\\\/es\\\/producte\\\/lona-jeans-adultos-igor#local-main-organization-logo\"},\"image\":{\"@id\":\"https:\\\/\\\/somllavors.com\\\/es\\\/producte\\\/lona-jeans-adultos-igor#local-main-organization-logo\"},\"sameAs\":[\"https:\\\/\\\/www.facebook.com\\\/somllavorsvng\\\/?locale=ca_ES\",\"https:\\\/\\\/www.instagram.com\\\/somllavors_vng\\\/\",\"https:\\\/\\\/www.youtube.com\\\/@somllavors\"],\"address\":{\"@id\":\"https:\\\/\\\/somllavors.com\\\/es\\\/producte\\\/lona-jeans-adultos-igor#local-main-place-address\"},\"geo\":{\"@type\":\"GeoCoordinates\",\"latitude\":\"41.2257737\",\"longitude\":\"1.723258859\"},\"telephone\":[\"623152704\"],\"openingHoursSpecification\":[{\"@type\":\"OpeningHoursSpecification\",\"dayOfWeek\":[\"Monday\",\"Sunday\"],\"opens\":\"00:00\",\"closes\":\"00:00\"},{\"@type\":\"OpeningHoursSpecification\",\"dayOfWeek\":[\"Tuesday\",\"Wednesday\",\"Thursday\",\"Friday\"],\"opens\":\"10:00\",\"closes\":\"20:00\"},{\"@type\":\"OpeningHoursSpecification\",\"dayOfWeek\":[\"Saturday\"],\"opens\":\"10:00\",\"closes\":\"13:30\"}],\"email\":\"info@somllavors.com\"},{\"@type\":\"PostalAddress\",\"@id\":\"https:\\\/\\\/somllavors.com\\\/es\\\/producte\\\/lona-jeans-adultos-igor#local-main-place-address\",\"streetAddress\":\"Carrer de l'aigua, 6\",\"addressLocality\":\"Vilanova i la Geltr\u00fa\",\"postalCode\":\"08800\",\"addressRegion\":\"Barcelona\",\"addressCountry\":\"ES\"},{\"@type\":\"ImageObject\",\"inLanguage\":\"es\",\"@id\":\"https:\\\/\\\/somllavors.com\\\/es\\\/producte\\\/lona-jeans-adultos-igor#local-main-organization-logo\",\"url\":\"https:\\\/\\\/somllavors.com\\\/wp-content\\\/uploads\\\/Logotip-Som-Llavors.jpg\",\"contentUrl\":\"https:\\\/\\\/somllavors.com\\\/wp-content\\\/uploads\\\/Logotip-Som-Llavors.jpg\",\"width\":1444,\"height\":1323,\"caption\":\"Som Llavors\"}]}<\/script>\n<meta property=\"og:availability\" content=\"instock\" \/>\n<meta property=\"product:availability\" content=\"instock\" \/>\n<meta property=\"product:condition\" content=\"new\" \/>\n<meta name=\"geo.placename\" content=\"Vilanova i la Geltr\u00fa\" \/>\n<meta name=\"geo.position\" content=\"41.2257737;1.723258859\" \/>\n<meta name=\"geo.region\" content=\"Espa\u00f1a\" \/>\n<!-- \/ Yoast SEO Premium plugin. -->","yoast_head_json":{"title":"Lona Jeans adultos - Igor &#8212; Som Llavors","description":"Lonas Igor adultos: Jeans Un b\u00e1sico de verano c\u00f3modo, fresco y lleno de estilo. Los zapatos de lona Igor en color terracota combinan la sencillez de un dise\u00f1o atemporal con la ligereza y flexibilidad que necesitan los pies activos durante el d\u00eda a d\u00eda. Fabricadas en lona de algod\u00f3n transpirable, son ideales para los meses m\u00e1s c\u00e1lidos, ya que permiten una buena ventilaci\u00f3n y ofrecen una sensaci\u00f3n agradable y natural a cada paso. Su tono terracota aporta personalidad y combina f\u00e1cilmente con ropa clara, neutra o colores vivos.  \u00bfPor qu\u00e9 las Lones Terracota ser\u00e1n sus favoritas? Su dise\u00f1o vers\u00e1til las convierte en el calzado perfecto para la escuela, paseos, vacaciones o tardes de juego. Son ligeras, f\u00e1ciles de poner y pensadas para acompa\u00f1ar al ritmo cotidiano con comodidad y libertad de movimiento. Recomendaci\u00f3n Som Llavors: Un modelo pr\u00e1ctico y fresco para primavera y verano, ideal para familias que buscan un calzado c\u00f3modo, funcional y con un toque de color que da vida a cualquier look.    Recomendaci\u00f3n Som Llavors: Un modelo pr\u00e1ctico y fresco para primavera y verano, ideal para personas que buscan un calzado c\u00f3modo, funcional y con un toque de color que da vida a cualquier look.","robots":{"index":"index","follow":"follow","max-snippet":"max-snippet:-1","max-image-preview":"max-image-preview:large","max-video-preview":"max-video-preview:-1"},"canonical":"https:\/\/somllavors.com\/es\/producte\/lona-jeans-adultos-igor","og_locale":"es_ES","og_type":"article","og_title":"Lona Jeans adultos - Igor","og_description":"La teva botiga d\u2019ecocrian\u00e7a i espai d\u2019acompanyament a la maternitat","og_url":"https:\/\/somllavors.com\/es\/producte\/lona-jeans-adultos-igor","og_site_name":"Som Llavors","article_publisher":"https:\/\/www.facebook.com\/somllavorsvng\/?locale=ca_ES","og_image":[{"width":723,"height":861,"url":"https:\/\/somllavors.com\/wp-content\/uploads\/2026\/04\/Som-Llavors-LONA-5.1-JEANS-.jpg","type":"image\/jpeg"}],"twitter_card":"summary_large_image","twitter_misc":{"Availability":"Hay existencias"},"schema":{"@context":"https:\/\/schema.org","@graph":[{"@type":"WebPage","@id":"https:\/\/somllavors.com\/es\/producte\/lona-jeans-adultos-igor","url":"https:\/\/somllavors.com\/es\/producte\/lona-jeans-adultos-igor","name":"Lona Jeans adultos - Igor &#8212; Som Llavors","isPartOf":{"@id":"https:\/\/somllavors.com\/es#website"},"primaryImageOfPage":{"@id":"https:\/\/somllavors.com\/es\/producte\/lona-jeans-adultos-igor#primaryimage"},"image":{"@id":"https:\/\/somllavors.com\/es\/producte\/lona-jeans-adultos-igor#primaryimage"},"thumbnailUrl":"https:\/\/somllavors.com\/wp-content\/uploads\/2026\/04\/Som-Llavors-LONA-5.1-JEANS-.jpg","datePublished":"2026-04-18T04:27:07+00:00","description":"Lonas Igor adultos: Jeans Un b\u00e1sico de verano c\u00f3modo, fresco y lleno de estilo. Los zapatos de lona Igor en color terracota combinan la sencillez de un dise\u00f1o atemporal con la ligereza y flexibilidad que necesitan los pies activos durante el d\u00eda a d\u00eda. Fabricadas en lona de algod\u00f3n transpirable, son ideales para los meses m\u00e1s c\u00e1lidos, ya que permiten una buena ventilaci\u00f3n y ofrecen una sensaci\u00f3n agradable y natural a cada paso. Su tono terracota aporta personalidad y combina f\u00e1cilmente con ropa clara, neutra o colores vivos. \u00bfPor qu\u00e9 las Lones Terracota ser\u00e1n sus favoritas? Su dise\u00f1o vers\u00e1til las convierte en el calzado perfecto para la escuela, paseos, vacaciones o tardes de juego. Son ligeras, f\u00e1ciles de poner y pensadas para acompa\u00f1ar al ritmo cotidiano con comodidad y libertad de movimiento. Recomendaci\u00f3n Som Llavors: Un modelo pr\u00e1ctico y fresco para primavera y verano, ideal para familias que buscan un calzado c\u00f3modo, funcional y con un toque de color que da vida a cualquier look. Recomendaci\u00f3n Som Llavors: Un modelo pr\u00e1ctico y fresco para primavera y verano, ideal para personas que buscan un calzado c\u00f3modo, funcional y con un toque de color que da vida a cualquier look.","breadcrumb":{"@id":"https:\/\/somllavors.com\/es\/producte\/lona-jeans-adultos-igor#breadcrumb"},"inLanguage":"es","potentialAction":[{"@type":"ReadAction","target":["https:\/\/somllavors.com\/es\/producte\/lona-jeans-adultos-igor"]}]},{"@type":"ImageObject","inLanguage":"es","@id":"https:\/\/somllavors.com\/es\/producte\/lona-jeans-adultos-igor#primaryimage","url":"https:\/\/somllavors.com\/wp-content\/uploads\/2026\/04\/Som-Llavors-LONA-5.1-JEANS-.jpg","contentUrl":"https:\/\/somllavors.com\/wp-content\/uploads\/2026\/04\/Som-Llavors-LONA-5.1-JEANS-.jpg","width":723,"height":861,"caption":"lona jeans adults"},{"@type":"BreadcrumbList","@id":"https:\/\/somllavors.com\/es\/producte\/lona-jeans-adultos-igor#breadcrumb","itemListElement":[{"@type":"ListItem","position":1,"name":"Inici","item":"https:\/\/somllavors.com\/es"},{"@type":"ListItem","position":2,"name":"Tienda","item":"https:\/\/somllavors.com\/es\/botiga-2"},{"@type":"ListItem","position":3,"name":"Lona Jeans adultos &#8211; Igor"}]},{"@type":"WebSite","@id":"https:\/\/somllavors.com\/es#website","url":"https:\/\/somllavors.com\/es","name":"Som Llavors","description":"Botiga de crian\u00e7a natural","publisher":{"@id":"https:\/\/somllavors.com\/es#organization"},"alternateName":"Crian\u00e7a Natural i Sostenible","potentialAction":[{"@type":"SearchAction","target":{"@type":"EntryPoint","urlTemplate":"https:\/\/somllavors.com\/es?s={search_term_string}"},"query-input":{"@type":"PropertyValueSpecification","valueRequired":true,"valueName":"search_term_string"}}],"inLanguage":"es"},{"@type":["Organization","Place","Store"],"@id":"https:\/\/somllavors.com\/es#organization","name":"Som Llavors","alternateName":"Crian\u00e7a Natural i Sostenible","url":"https:\/\/somllavors.com\/es","logo":{"@id":"https:\/\/somllavors.com\/es\/producte\/lona-jeans-adultos-igor#local-main-organization-logo"},"image":{"@id":"https:\/\/somllavors.com\/es\/producte\/lona-jeans-adultos-igor#local-main-organization-logo"},"sameAs":["https:\/\/www.facebook.com\/somllavorsvng\/?locale=ca_ES","https:\/\/www.instagram.com\/somllavors_vng\/","https:\/\/www.youtube.com\/@somllavors"],"address":{"@id":"https:\/\/somllavors.com\/es\/producte\/lona-jeans-adultos-igor#local-main-place-address"},"geo":{"@type":"GeoCoordinates","latitude":"41.2257737","longitude":"1.723258859"},"telephone":["623152704","623152704"],"openingHoursSpecification":[{"@type":"OpeningHoursSpecification","dayOfWeek":["Monday","Sunday"],"opens":"00:00","closes":"00:00"},{"@type":"OpeningHoursSpecification","dayOfWeek":["Tuesday","Wednesday","Thursday","Friday"],"opens":"10:00","closes":"20:00"},{"@type":"OpeningHoursSpecification","dayOfWeek":["Saturday"],"opens":"10:00","closes":"13:30"}],"email":"info@somllavors.com"},{"@type":"PostalAddress","@id":"https:\/\/somllavors.com\/es\/producte\/lona-jeans-adultos-igor#local-main-place-address","streetAddress":"Carrer de l'aigua, 6","addressLocality":"Vilanova i la Geltr\u00fa","postalCode":"08800","addressRegion":"Barcelona","addressCountry":"ES"},{"@type":"ImageObject","inLanguage":"es","@id":"https:\/\/somllavors.com\/es\/producte\/lona-jeans-adultos-igor#local-main-organization-logo","url":"https:\/\/somllavors.com\/wp-content\/uploads\/Logotip-Som-Llavors.jpg","contentUrl":"https:\/\/somllavors.com\/wp-content\/uploads\/Logotip-Som-Llavors.jpg","width":1444,"height":1323,"caption":"Som Llavors"}]},"og_availability":"instock","product_availability":"instock","product_condition":"new","geo.placename":"Vilanova i la Geltr\u00fa","geo.position":{"lat":"41.2257737","long":"1.723258859"},"geo.region":"Espa\u00f1a"},"brands":[{"id":4275,"name":"Igor","slug":"igor"}],"_links":{"self":[{"href":"https:\/\/somllavors.com\/es\/wp-json\/wp\/v2\/product\/91959","targetHints":{"allow":["GET"]}}],"collection":[{"href":"https:\/\/somllavors.com\/es\/wp-json\/wp\/v2\/product"}],"about":[{"href":"https:\/\/somllavors.com\/es\/wp-json\/wp\/v2\/types\/product"}],"wp:featuredmedia":[{"embeddable":true,"href":"https:\/\/somllavors.com\/es\/wp-json\/wp\/v2\/media\/91363"}],"wp:attachment":[{"href":"https:\/\/somllavors.com\/es\/wp-json\/wp\/v2\/media?parent=91959"}],"wp:term":[{"taxonomy":"pwb-brand","embeddable":true,"href":"https:\/\/somllavors.com\/es\/wp-json\/wp\/v2\/pwb-brand?post=91959"},{"taxonomy":"product_brand","embeddable":true,"href":"https:\/\/somllavors.com\/es\/wp-json\/wp\/v2\/product_brand?post=91959"},{"taxonomy":"product_cat","embeddable":true,"href":"https:\/\/somllavors.com\/es\/wp-json\/wp\/v2\/product_cat?post=91959"},{"taxonomy":"product_tag","embeddable":true,"href":"https:\/\/somllavors.com\/es\/wp-json\/wp\/v2\/product_tag?post=91959"}],"curies":[{"name":"wp","href":"https:\/\/api.w.org\/{rel}","templated":true}]}}