{"id":92032,"date":"2026-04-19T21:09:39","date_gmt":"2026-04-19T19:09:39","guid":{"rendered":"https:\/\/somllavors.com\/producte\/sandalias-adultos-barefoot-flexy-noea-beige-froddo"},"modified":"2026-04-28T13:33:31","modified_gmt":"2026-04-28T11:33:31","slug":"sandalias-adultos-barefoot-flexy-noea-beige-froddo","status":"publish","type":"product","link":"https:\/\/somllavors.com\/es\/producte\/sandalias-adultos-barefoot-flexy-noea-beige-froddo","title":{"rendered":"Sandalias adultos Barefoot Flexy Noea Beige &#8211; Froddo"},"content":{"rendered":"<h2 data-path-to-node=\"0,1,1,1,1\">Sandalias Barefoot de Piel: Froddo Flexy Noea con Sola Vibram<\/h2>\n<p data-path-to-node=\"0,1,1,1,2\">Para andar, saltar y disfrutar del verano sin restricciones, el modelo Barefoot Flexy Noea de Froddo es una elecci\u00f3n insuperable. Estas sandalias combinan una ligereza extraordinaria con un dise\u00f1o minimalista que respeta la anatom\u00eda real del pie, ofreciendo una experiencia de calzado que imita a la perfecci\u00f3n la libertad de ir descalza. <\/p>\n<h3 data-path-to-node=\"0,1,1,1,3\">Caracter\u00edsticas t\u00e9cnicas destacadas:<\/h3>\n<ul data-path-to-node=\"0,1,1,1,4\">\n<li>\n<p data-path-to-node=\"0,1,1,1,4,0,0\">Suela t\u00e9cnica Vibram Supernewflex (6 mm): Equipadas con una de las mejores suelas del mercado. No tiene ning\u00fan desnivel entre la punta y el tal\u00f3n (cero drop), es muy ligera y de una flexibilidad extrema, permitiendo sentir el terreno de forma segura. <\/p>\n<\/li>\n<li>\n<p data-path-to-node=\"0,1,1,1,4,1,0\">Espacio real para los dedos: La parte delantera de la sandalia es ancha y espaciosa, dise\u00f1ada espec\u00edficamente para que los dedos se abran y extiendan de forma natural, favoreciendo un mejor equilibrio y desarrollo muscular.<\/p>\n<\/li>\n<li>\n<p data-path-to-node=\"0,1,1,1,4,2,0\">Piel de m\u00e1xima calidad y segura: El interior (plantilla y forro) est\u00e1 confeccionado exclusivamente con piel libre de cromo VI, garantizando una comodidad inmejorable sin riesgo de alergias para las pieles m\u00e1s sensibles. El exterior es tambi\u00e9n de piel natural altamente transpirable. <\/p>\n<\/li>\n<li>\n<p data-path-to-node=\"0,1,1,1,4,3,0\">Ajuste universal: Su dise\u00f1o y sistema de cierre permiten una apertura y ajuste excelentes, adapt\u00e1ndose sin ning\u00fan problema a diferentes alturas de empeine y anchuras de pie.<\/p>\n<\/li>\n<\/ul>\n<h3 data-path-to-node=\"0,1,1,1,5\">\u00bfPor qu\u00e9 elegir el modelo Froddo Barefoot Flexy Noea?<\/h3>\n<p data-path-to-node=\"0,1,1,1,6\">Este modelo es un claro ejemplo de c\u00f3mo la zapater\u00eda puede ser respetuosa tanto con la anatom\u00eda como con el planeta. Toda la piel proviene de proveedores con la certificaci\u00f3n de Leather Working Group (LWG), asegurando pr\u00e1cticas de producci\u00f3n sostenibles y \u00e9ticas. Es un calzado duradero, extremadamente c\u00f3modo, libre de sustancias qu\u00edmicas nocivas y con un estilo vers\u00e1til para cualquier ocasi\u00f3n.  <\/p>\n<blockquote data-path-to-node=\"0,1,1,1,7\">\n<p data-path-to-node=\"0,1,1,1,7,0\">El consejo de Som Llavors: \u00a1Para mantenerlas en perfecto estado, le recomendamos alejarlas siempre de la lavadora! Puede limpiar la piel con un cepillo de cerdas naturales o un pa\u00f1o suave. Las partes de alce (piel girada), utilice un cepillo en seco. Para el resto de la piel lisa, una peque\u00f1a capa de crema neutra una vez limpias y secas ayudar\u00e1 a mantenerlas brillantes y tan flexibles como el primer d\u00eda.   <\/p>\n<\/blockquote>\n","protected":false},"excerpt":{"rendered":"<p data-path-to-node=\"0,1,1,0,0\"><b data-path-to-node=\"0,1,1,0,0\" data-index-in-node=\"25\">Sandalias Froddo Barefoot Flexy Noea: Flexibilidad extrema con esencia minimalista<\/b><\/p>\n<p data-path-to-node=\"0,1,1,0,0\">Unas sandalias barefoot dise\u00f1adas para ofrecer la m\u00e1xima libertad de movimiento. Gracias a su suela Vibram ya los materiales de primera calidad, reproducen la sensaci\u00f3n de ir descalzo con total seguridad. <\/p>\n<ul data-path-to-node=\"0,1,1,0,1\">\n<li>\n<p data-path-to-node=\"0,1,1,0,1,0,0\">Pisa 100% Barefoot: Suela cero drop de s\u00f3lo 6 mm y extra flexible en todas las direcciones.<\/p>\n<\/li>\n<li>\n<p data-path-to-node=\"0,1,1,0,1,1,0\">Horma ancha y ajustable: Puntera que respeta la forma natural del pie y sistema de ajuste universal para adaptarse a cualquier ancho.<\/p>\n<\/li>\n<li>\n<p data-path-to-node=\"0,1,1,0,1,2,0\">Materiales premium: Fabricadas en piel natural e interior (forro y plantilla) de piel 100% libre de cromo, libre de t\u00f3xicos.<\/p>\n<\/li>\n<\/ul>\n","protected":false},"featured_media":90275,"template":"","meta":{"_acf_changed":false,"site-sidebar-layout":"default","site-content-layout":"","ast-site-content-layout":"default","site-content-style":"default","site-sidebar-style":"default","ast-global-header-display":"","ast-banner-title-visibility":"","ast-main-header-display":"","ast-hfb-above-header-display":"","ast-hfb-below-header-display":"","ast-hfb-mobile-header-display":"","site-post-title":"","ast-breadcrumbs-content":"","ast-featured-img":"","footer-sml-layout":"","ast-disable-related-posts":"","theme-transparent-header-meta":"default","adv-header-id-meta":"","stick-header-meta":"","header-above-stick-meta":"","header-main-stick-meta":"","header-below-stick-meta":"","astra-migrate-meta-layouts":"default","ast-page-background-enabled":"default","ast-page-background-meta":{"desktop":{"background-color":"","background-image":"","background-repeat":"repeat","background-position":"center center","background-size":"auto","background-attachment":"scroll","background-type":"","background-media":"","overlay-type":"","overlay-color":"","overlay-opacity":"","overlay-gradient":""},"tablet":{"background-color":"","background-image":"","background-repeat":"repeat","background-position":"center center","background-size":"auto","background-attachment":"scroll","background-type":"","background-media":"","overlay-type":"","overlay-color":"","overlay-opacity":"","overlay-gradient":""},"mobile":{"background-color":"","background-image":"","background-repeat":"repeat","background-position":"center center","background-size":"auto","background-attachment":"scroll","background-type":"","background-media":"","overlay-type":"","overlay-color":"","overlay-opacity":"","overlay-gradient":""}},"ast-content-background-meta":{"desktop":{"background-color":"var(--ast-global-color-5)","background-image":"","background-repeat":"repeat","background-position":"center center","background-size":"auto","background-attachment":"scroll","background-type":"","background-media":"","overlay-type":"","overlay-color":"","overlay-opacity":"","overlay-gradient":""},"tablet":{"background-color":"var(--ast-global-color-5)","background-image":"","background-repeat":"repeat","background-position":"center center","background-size":"auto","background-attachment":"scroll","background-type":"","background-media":"","overlay-type":"","overlay-color":"","overlay-opacity":"","overlay-gradient":""},"mobile":{"background-color":"var(--ast-global-color-5)","background-image":"","background-repeat":"repeat","background-position":"center center","background-size":"auto","background-attachment":"scroll","background-type":"","background-media":"","overlay-type":"","overlay-color":"","overlay-opacity":"","overlay-gradient":""}}},"pwb-brand":[4096],"product_brand":[],"product_cat":[4833,4091],"product_tag":[5543,6090],"class_list":{"0":"post-92032","1":"product","2":"type-product","3":"status-publish","4":"has-post-thumbnail","6":"pwb-brand-froddo","7":"product_cat-adultos-es","8":"product_cat-froddo-es","9":"product_tag-froddo-es","10":"product_tag-sandalias-barefoot","11":"pa_talla-37-es","12":"pa_talla-38-es","13":"pa_talla-39-es","14":"pa_talla-40-es","15":"pa_talla-41-es","16":"pa_talla-42-es","17":"desktop-align-left","18":"tablet-align-left","19":"mobile-align-left","21":"first","22":"instock","23":"taxable","24":"shipping-taxable","25":"purchasable","26":"product-type-variable"},"acf":[],"yoast_head":"<!-- This site is optimized with the Yoast SEO Premium plugin v18.3 (Yoast SEO v27.4) - https:\/\/yoast.com\/product\/yoast-seo-premium-wordpress\/ -->\n<title>Sandalias adultos Barefoot Flexy Noea Beige - Froddo &#8212; Som Llavors<\/title>\n<meta name=\"description\" content=\"Sandalias Froddo Barefoot Flexy Noea: Flexibilidad extrema con esencia minimalista Unas sandalias barefoot dise\u00f1adas para ofrecer la m\u00e1xima libertad de movimiento. Gracias a su suela Vibram ya los materiales de primera calidad, reproducen la sensaci\u00f3n de ir descalzo con total seguridad.    Pisa 100% Barefoot: Suela cero drop de s\u00f3lo 6 mm y extra flexible en todas las direcciones.   Horma ancha y ajustable: Puntera que respeta la forma natural del pie y sistema de ajuste universal para adaptarse a cualquier ancho.   Materiales premium: Fabricadas en piel natural e interior (forro y plantilla) de piel 100% libre de cromo, libre de t\u00f3xicos.\" \/>\n<meta name=\"robots\" content=\"index, follow, max-snippet:-1, max-image-preview:large, max-video-preview:-1\" \/>\n<link rel=\"canonical\" href=\"https:\/\/somllavors.com\/es\/producte\/sandalias-adultos-barefoot-flexy-noea-beige-froddo\" \/>\n<meta property=\"og:locale\" content=\"es_ES\" \/>\n<meta property=\"og:type\" content=\"article\" \/>\n<meta property=\"og:title\" content=\"Sandalias adultos Barefoot Flexy Noea Beige - Froddo\" \/>\n<meta property=\"og:description\" content=\"La teva botiga d\u2019ecocrian\u00e7a i espai d\u2019acompanyament a la maternitat\" \/>\n<meta property=\"og:url\" content=\"https:\/\/somllavors.com\/es\/producte\/sandalias-adultos-barefoot-flexy-noea-beige-froddo\" \/>\n<meta property=\"og:site_name\" content=\"Som Llavors\" \/>\n<meta property=\"article:publisher\" content=\"https:\/\/www.facebook.com\/somllavorsvng\/?locale=ca_ES\" \/>\n<meta property=\"article:modified_time\" content=\"2026-04-28T11:33:31+00:00\" \/>\n<meta property=\"og:image\" content=\"https:\/\/somllavors.com\/wp-content\/uploads\/2026\/03\/G3150294_1.jpg\" \/>\n\t<meta property=\"og:image:width\" content=\"1000\" \/>\n\t<meta property=\"og:image:height\" content=\"1000\" \/>\n\t<meta property=\"og:image:type\" content=\"image\/jpeg\" \/>\n<meta name=\"twitter:card\" content=\"summary_large_image\" \/>\n<meta name=\"twitter:label1\" content=\"Availability\" \/>\n\t<meta name=\"twitter:data1\" content=\"Hay existencias\" \/>\n<script type=\"application\/ld+json\" class=\"yoast-schema-graph\">{\"@context\":\"https:\\\/\\\/schema.org\",\"@graph\":[{\"@type\":\"WebPage\",\"@id\":\"https:\\\/\\\/somllavors.com\\\/es\\\/producte\\\/sandalias-adultos-barefoot-flexy-noea-beige-froddo\",\"url\":\"https:\\\/\\\/somllavors.com\\\/es\\\/producte\\\/sandalias-adultos-barefoot-flexy-noea-beige-froddo\",\"name\":\"Sandalias adultos Barefoot Flexy Noea Beige - Froddo &#8212; Som Llavors\",\"isPartOf\":{\"@id\":\"https:\\\/\\\/somllavors.com\\\/es#website\"},\"primaryImageOfPage\":{\"@id\":\"https:\\\/\\\/somllavors.com\\\/es\\\/producte\\\/sandalias-adultos-barefoot-flexy-noea-beige-froddo#primaryimage\"},\"image\":{\"@id\":\"https:\\\/\\\/somllavors.com\\\/es\\\/producte\\\/sandalias-adultos-barefoot-flexy-noea-beige-froddo#primaryimage\"},\"thumbnailUrl\":\"https:\\\/\\\/somllavors.com\\\/wp-content\\\/uploads\\\/2026\\\/03\\\/G3150294_1.jpg\",\"datePublished\":\"2026-04-19T19:09:39+00:00\",\"dateModified\":\"2026-04-28T11:33:31+00:00\",\"description\":\"Sandalias Froddo Barefoot Flexy Noea: Flexibilidad extrema con esencia minimalista Unas sandalias barefoot dise\u00f1adas para ofrecer la m\u00e1xima libertad de movimiento. Gracias a su suela Vibram ya los materiales de primera calidad, reproducen la sensaci\u00f3n de ir descalzo con total seguridad. Pisa 100% Barefoot: Suela cero drop de s\u00f3lo 6 mm y extra flexible en todas las direcciones. Horma ancha y ajustable: Puntera que respeta la forma natural del pie y sistema de ajuste universal para adaptarse a cualquier ancho. Materiales premium: Fabricadas en piel natural e interior (forro y plantilla) de piel 100% libre de cromo, libre de t\u00f3xicos.\",\"breadcrumb\":{\"@id\":\"https:\\\/\\\/somllavors.com\\\/es\\\/producte\\\/sandalias-adultos-barefoot-flexy-noea-beige-froddo#breadcrumb\"},\"inLanguage\":\"es\",\"potentialAction\":[{\"@type\":\"ReadAction\",\"target\":[\"https:\\\/\\\/somllavors.com\\\/es\\\/producte\\\/sandalias-adultos-barefoot-flexy-noea-beige-froddo\"]}]},{\"@type\":\"ImageObject\",\"inLanguage\":\"es\",\"@id\":\"https:\\\/\\\/somllavors.com\\\/es\\\/producte\\\/sandalias-adultos-barefoot-flexy-noea-beige-froddo#primaryimage\",\"url\":\"https:\\\/\\\/somllavors.com\\\/wp-content\\\/uploads\\\/2026\\\/03\\\/G3150294_1.jpg\",\"contentUrl\":\"https:\\\/\\\/somllavors.com\\\/wp-content\\\/uploads\\\/2026\\\/03\\\/G3150294_1.jpg\",\"width\":1000,\"height\":1000,\"caption\":\"sand\u00e0lies barefoot froddo\"},{\"@type\":\"BreadcrumbList\",\"@id\":\"https:\\\/\\\/somllavors.com\\\/es\\\/producte\\\/sandalias-adultos-barefoot-flexy-noea-beige-froddo#breadcrumb\",\"itemListElement\":[{\"@type\":\"ListItem\",\"position\":1,\"name\":\"Inici\",\"item\":\"https:\\\/\\\/somllavors.com\\\/es\"},{\"@type\":\"ListItem\",\"position\":2,\"name\":\"Tienda\",\"item\":\"https:\\\/\\\/somllavors.com\\\/es\\\/botiga-2\"},{\"@type\":\"ListItem\",\"position\":3,\"name\":\"Sandalias adultos Barefoot Flexy Noea Beige &#8211; Froddo\"}]},{\"@type\":\"WebSite\",\"@id\":\"https:\\\/\\\/somllavors.com\\\/es#website\",\"url\":\"https:\\\/\\\/somllavors.com\\\/es\",\"name\":\"Som Llavors\",\"description\":\"Botiga de crian\u00e7a natural\",\"publisher\":{\"@id\":\"https:\\\/\\\/somllavors.com\\\/es#organization\"},\"alternateName\":\"Crian\u00e7a Natural i Sostenible\",\"potentialAction\":[{\"@type\":\"SearchAction\",\"target\":{\"@type\":\"EntryPoint\",\"urlTemplate\":\"https:\\\/\\\/somllavors.com\\\/es?s={search_term_string}\"},\"query-input\":{\"@type\":\"PropertyValueSpecification\",\"valueRequired\":true,\"valueName\":\"search_term_string\"}}],\"inLanguage\":\"es\"},{\"@type\":[\"Organization\",\"Place\",\"Store\"],\"@id\":\"https:\\\/\\\/somllavors.com\\\/es#organization\",\"name\":\"Som Llavors\",\"alternateName\":\"Crian\u00e7a Natural i Sostenible\",\"url\":\"https:\\\/\\\/somllavors.com\\\/es\",\"logo\":{\"@id\":\"https:\\\/\\\/somllavors.com\\\/es\\\/producte\\\/sandalias-adultos-barefoot-flexy-noea-beige-froddo#local-main-organization-logo\"},\"image\":{\"@id\":\"https:\\\/\\\/somllavors.com\\\/es\\\/producte\\\/sandalias-adultos-barefoot-flexy-noea-beige-froddo#local-main-organization-logo\"},\"sameAs\":[\"https:\\\/\\\/www.facebook.com\\\/somllavorsvng\\\/?locale=ca_ES\",\"https:\\\/\\\/www.instagram.com\\\/somllavors_vng\\\/\",\"https:\\\/\\\/www.youtube.com\\\/@somllavors\"],\"address\":{\"@id\":\"https:\\\/\\\/somllavors.com\\\/es\\\/producte\\\/sandalias-adultos-barefoot-flexy-noea-beige-froddo#local-main-place-address\"},\"geo\":{\"@type\":\"GeoCoordinates\",\"latitude\":\"41.2257737\",\"longitude\":\"1.723258859\"},\"telephone\":[\"623152704\"],\"openingHoursSpecification\":[{\"@type\":\"OpeningHoursSpecification\",\"dayOfWeek\":[\"Monday\",\"Sunday\"],\"opens\":\"00:00\",\"closes\":\"00:00\"},{\"@type\":\"OpeningHoursSpecification\",\"dayOfWeek\":[\"Tuesday\",\"Wednesday\",\"Thursday\",\"Friday\"],\"opens\":\"10:00\",\"closes\":\"20:00\"},{\"@type\":\"OpeningHoursSpecification\",\"dayOfWeek\":[\"Saturday\"],\"opens\":\"10:00\",\"closes\":\"13:30\"}],\"email\":\"info@somllavors.com\"},{\"@type\":\"PostalAddress\",\"@id\":\"https:\\\/\\\/somllavors.com\\\/es\\\/producte\\\/sandalias-adultos-barefoot-flexy-noea-beige-froddo#local-main-place-address\",\"streetAddress\":\"Carrer de l'aigua, 6\",\"addressLocality\":\"Vilanova i la Geltr\u00fa\",\"postalCode\":\"08800\",\"addressRegion\":\"Barcelona\",\"addressCountry\":\"ES\"},{\"@type\":\"ImageObject\",\"inLanguage\":\"es\",\"@id\":\"https:\\\/\\\/somllavors.com\\\/es\\\/producte\\\/sandalias-adultos-barefoot-flexy-noea-beige-froddo#local-main-organization-logo\",\"url\":\"https:\\\/\\\/somllavors.com\\\/wp-content\\\/uploads\\\/Logotip-Som-Llavors.jpg\",\"contentUrl\":\"https:\\\/\\\/somllavors.com\\\/wp-content\\\/uploads\\\/Logotip-Som-Llavors.jpg\",\"width\":1444,\"height\":1323,\"caption\":\"Som Llavors\"}]}<\/script>\n<meta property=\"og:availability\" content=\"instock\" \/>\n<meta property=\"product:availability\" content=\"instock\" \/>\n<meta property=\"product:retailer_item_id\" content=\"G3150294\" \/>\n<meta property=\"product:condition\" content=\"new\" \/>\n<meta name=\"geo.placename\" content=\"Vilanova i la Geltr\u00fa\" \/>\n<meta name=\"geo.position\" content=\"41.2257737;1.723258859\" \/>\n<meta name=\"geo.region\" content=\"Espa\u00f1a\" \/>\n<!-- \/ Yoast SEO Premium plugin. -->","yoast_head_json":{"title":"Sandalias adultos Barefoot Flexy Noea Beige - Froddo &#8212; Som Llavors","description":"Sandalias Froddo Barefoot Flexy Noea: Flexibilidad extrema con esencia minimalista Unas sandalias barefoot dise\u00f1adas para ofrecer la m\u00e1xima libertad de movimiento. Gracias a su suela Vibram ya los materiales de primera calidad, reproducen la sensaci\u00f3n de ir descalzo con total seguridad.    Pisa 100% Barefoot: Suela cero drop de s\u00f3lo 6 mm y extra flexible en todas las direcciones.   Horma ancha y ajustable: Puntera que respeta la forma natural del pie y sistema de ajuste universal para adaptarse a cualquier ancho.   Materiales premium: Fabricadas en piel natural e interior (forro y plantilla) de piel 100% libre de cromo, libre de t\u00f3xicos.","robots":{"index":"index","follow":"follow","max-snippet":"max-snippet:-1","max-image-preview":"max-image-preview:large","max-video-preview":"max-video-preview:-1"},"canonical":"https:\/\/somllavors.com\/es\/producte\/sandalias-adultos-barefoot-flexy-noea-beige-froddo","og_locale":"es_ES","og_type":"article","og_title":"Sandalias adultos Barefoot Flexy Noea Beige - Froddo","og_description":"La teva botiga d\u2019ecocrian\u00e7a i espai d\u2019acompanyament a la maternitat","og_url":"https:\/\/somllavors.com\/es\/producte\/sandalias-adultos-barefoot-flexy-noea-beige-froddo","og_site_name":"Som Llavors","article_publisher":"https:\/\/www.facebook.com\/somllavorsvng\/?locale=ca_ES","article_modified_time":"2026-04-28T11:33:31+00:00","og_image":[{"width":1000,"height":1000,"url":"https:\/\/somllavors.com\/wp-content\/uploads\/2026\/03\/G3150294_1.jpg","type":"image\/jpeg"}],"twitter_card":"summary_large_image","twitter_misc":{"Availability":"Hay existencias"},"schema":{"@context":"https:\/\/schema.org","@graph":[{"@type":"WebPage","@id":"https:\/\/somllavors.com\/es\/producte\/sandalias-adultos-barefoot-flexy-noea-beige-froddo","url":"https:\/\/somllavors.com\/es\/producte\/sandalias-adultos-barefoot-flexy-noea-beige-froddo","name":"Sandalias adultos Barefoot Flexy Noea Beige - Froddo &#8212; Som Llavors","isPartOf":{"@id":"https:\/\/somllavors.com\/es#website"},"primaryImageOfPage":{"@id":"https:\/\/somllavors.com\/es\/producte\/sandalias-adultos-barefoot-flexy-noea-beige-froddo#primaryimage"},"image":{"@id":"https:\/\/somllavors.com\/es\/producte\/sandalias-adultos-barefoot-flexy-noea-beige-froddo#primaryimage"},"thumbnailUrl":"https:\/\/somllavors.com\/wp-content\/uploads\/2026\/03\/G3150294_1.jpg","datePublished":"2026-04-19T19:09:39+00:00","dateModified":"2026-04-28T11:33:31+00:00","description":"Sandalias Froddo Barefoot Flexy Noea: Flexibilidad extrema con esencia minimalista Unas sandalias barefoot dise\u00f1adas para ofrecer la m\u00e1xima libertad de movimiento. Gracias a su suela Vibram ya los materiales de primera calidad, reproducen la sensaci\u00f3n de ir descalzo con total seguridad. Pisa 100% Barefoot: Suela cero drop de s\u00f3lo 6 mm y extra flexible en todas las direcciones. Horma ancha y ajustable: Puntera que respeta la forma natural del pie y sistema de ajuste universal para adaptarse a cualquier ancho. Materiales premium: Fabricadas en piel natural e interior (forro y plantilla) de piel 100% libre de cromo, libre de t\u00f3xicos.","breadcrumb":{"@id":"https:\/\/somllavors.com\/es\/producte\/sandalias-adultos-barefoot-flexy-noea-beige-froddo#breadcrumb"},"inLanguage":"es","potentialAction":[{"@type":"ReadAction","target":["https:\/\/somllavors.com\/es\/producte\/sandalias-adultos-barefoot-flexy-noea-beige-froddo"]}]},{"@type":"ImageObject","inLanguage":"es","@id":"https:\/\/somllavors.com\/es\/producte\/sandalias-adultos-barefoot-flexy-noea-beige-froddo#primaryimage","url":"https:\/\/somllavors.com\/wp-content\/uploads\/2026\/03\/G3150294_1.jpg","contentUrl":"https:\/\/somllavors.com\/wp-content\/uploads\/2026\/03\/G3150294_1.jpg","width":1000,"height":1000,"caption":"sand\u00e0lies barefoot froddo"},{"@type":"BreadcrumbList","@id":"https:\/\/somllavors.com\/es\/producte\/sandalias-adultos-barefoot-flexy-noea-beige-froddo#breadcrumb","itemListElement":[{"@type":"ListItem","position":1,"name":"Inici","item":"https:\/\/somllavors.com\/es"},{"@type":"ListItem","position":2,"name":"Tienda","item":"https:\/\/somllavors.com\/es\/botiga-2"},{"@type":"ListItem","position":3,"name":"Sandalias adultos Barefoot Flexy Noea Beige &#8211; Froddo"}]},{"@type":"WebSite","@id":"https:\/\/somllavors.com\/es#website","url":"https:\/\/somllavors.com\/es","name":"Som Llavors","description":"Botiga de crian\u00e7a natural","publisher":{"@id":"https:\/\/somllavors.com\/es#organization"},"alternateName":"Crian\u00e7a Natural i Sostenible","potentialAction":[{"@type":"SearchAction","target":{"@type":"EntryPoint","urlTemplate":"https:\/\/somllavors.com\/es?s={search_term_string}"},"query-input":{"@type":"PropertyValueSpecification","valueRequired":true,"valueName":"search_term_string"}}],"inLanguage":"es"},{"@type":["Organization","Place","Store"],"@id":"https:\/\/somllavors.com\/es#organization","name":"Som Llavors","alternateName":"Crian\u00e7a Natural i Sostenible","url":"https:\/\/somllavors.com\/es","logo":{"@id":"https:\/\/somllavors.com\/es\/producte\/sandalias-adultos-barefoot-flexy-noea-beige-froddo#local-main-organization-logo"},"image":{"@id":"https:\/\/somllavors.com\/es\/producte\/sandalias-adultos-barefoot-flexy-noea-beige-froddo#local-main-organization-logo"},"sameAs":["https:\/\/www.facebook.com\/somllavorsvng\/?locale=ca_ES","https:\/\/www.instagram.com\/somllavors_vng\/","https:\/\/www.youtube.com\/@somllavors"],"address":{"@id":"https:\/\/somllavors.com\/es\/producte\/sandalias-adultos-barefoot-flexy-noea-beige-froddo#local-main-place-address"},"geo":{"@type":"GeoCoordinates","latitude":"41.2257737","longitude":"1.723258859"},"telephone":["623152704","623152704"],"openingHoursSpecification":[{"@type":"OpeningHoursSpecification","dayOfWeek":["Monday","Sunday"],"opens":"00:00","closes":"00:00"},{"@type":"OpeningHoursSpecification","dayOfWeek":["Tuesday","Wednesday","Thursday","Friday"],"opens":"10:00","closes":"20:00"},{"@type":"OpeningHoursSpecification","dayOfWeek":["Saturday"],"opens":"10:00","closes":"13:30"}],"email":"info@somllavors.com"},{"@type":"PostalAddress","@id":"https:\/\/somllavors.com\/es\/producte\/sandalias-adultos-barefoot-flexy-noea-beige-froddo#local-main-place-address","streetAddress":"Carrer de l'aigua, 6","addressLocality":"Vilanova i la Geltr\u00fa","postalCode":"08800","addressRegion":"Barcelona","addressCountry":"ES"},{"@type":"ImageObject","inLanguage":"es","@id":"https:\/\/somllavors.com\/es\/producte\/sandalias-adultos-barefoot-flexy-noea-beige-froddo#local-main-organization-logo","url":"https:\/\/somllavors.com\/wp-content\/uploads\/Logotip-Som-Llavors.jpg","contentUrl":"https:\/\/somllavors.com\/wp-content\/uploads\/Logotip-Som-Llavors.jpg","width":1444,"height":1323,"caption":"Som Llavors"}]},"og_availability":"instock","product_availability":"instock","product_retailer_item_id":"G3150294","product_condition":"new","geo.placename":"Vilanova i la Geltr\u00fa","geo.position":{"lat":"41.2257737","long":"1.723258859"},"geo.region":"Espa\u00f1a"},"brands":[{"id":4096,"name":"Froddo","slug":"froddo"}],"_links":{"self":[{"href":"https:\/\/somllavors.com\/es\/wp-json\/wp\/v2\/product\/92032","targetHints":{"allow":["GET"]}}],"collection":[{"href":"https:\/\/somllavors.com\/es\/wp-json\/wp\/v2\/product"}],"about":[{"href":"https:\/\/somllavors.com\/es\/wp-json\/wp\/v2\/types\/product"}],"wp:featuredmedia":[{"embeddable":true,"href":"https:\/\/somllavors.com\/es\/wp-json\/wp\/v2\/media\/90275"}],"wp:attachment":[{"href":"https:\/\/somllavors.com\/es\/wp-json\/wp\/v2\/media?parent=92032"}],"wp:term":[{"taxonomy":"pwb-brand","embeddable":true,"href":"https:\/\/somllavors.com\/es\/wp-json\/wp\/v2\/pwb-brand?post=92032"},{"taxonomy":"product_brand","embeddable":true,"href":"https:\/\/somllavors.com\/es\/wp-json\/wp\/v2\/product_brand?post=92032"},{"taxonomy":"product_cat","embeddable":true,"href":"https:\/\/somllavors.com\/es\/wp-json\/wp\/v2\/product_cat?post=92032"},{"taxonomy":"product_tag","embeddable":true,"href":"https:\/\/somllavors.com\/es\/wp-json\/wp\/v2\/product_tag?post=92032"}],"curies":[{"name":"wp","href":"https:\/\/api.w.org\/{rel}","templated":true}]}}