{"id":92060,"date":"2026-04-19T20:57:48","date_gmt":"2026-04-19T18:57:48","guid":{"rendered":"https:\/\/somllavors.com\/producte\/sandalias-barefoot-flexy-buckle-peach-froddo"},"modified":"2026-04-19T20:57:48","modified_gmt":"2026-04-19T18:57:48","slug":"sandalias-barefoot-flexy-buckle-peach-froddo","status":"publish","type":"product","link":"https:\/\/somllavors.com\/es\/producte\/sandalias-barefoot-flexy-buckle-peach-froddo","title":{"rendered":"Sandalias Barefoot Flexy Buckle Peach &#8211; Froddo"},"content":{"rendered":"<div class=\"container\">\n<div id=\"model-response-message-contentr_b66a49b3e9acbe6e\" class=\"markdown markdown-main-panel enable-updated-hr-color\" dir=\"ltr\" aria-live=\"off\" aria-busy=\"false\">\n<h2 data-path-to-node=\"5\">Sandalias Barefoot de Piel: Froddo Flexy Buckle con Suela Vibram<\/h2>\n<p data-path-to-node=\"6\">Para andar con ligereza y total libertad de movimiento, el modelo Barefoot Flexy Buckle de Froddo es la opci\u00f3n definitiva. Dise\u00f1adas pensando en ofrecer un calzado 100% respetuoso con la anatom\u00eda del pie, estas sandalias destacan por su dise\u00f1o minimalista y transpirable que se adapta tanto a los paseos diarios como a las aventuras de verano. <\/p>\n<h3 data-path-to-node=\"7\">Caracter\u00edsticas t\u00e9cnicas destacadas:<\/h3>\n<ul data-path-to-node=\"8\">\n<li>\n<p data-path-to-node=\"8,0,0\">Suela de alto rendimiento Vibram Supernewflex (6 mm): Equipadas con el prestigio y la tecnolog\u00eda de las suelas Vibram, son incre\u00edblemente ligeras y no presentan ning\u00fan desnivel entre la punta y el tal\u00f3n (cero drop). Esta extrema flexibilidad permite proteger la planta del pie garantizando una conexi\u00f3n real y sensitiva con su entorno. <\/p>\n<\/li>\n<li>\n<p data-path-to-node=\"8,1,0\">Horma ancha para los dedos: Siguiendo la filosof\u00eda barefoot, la parte frontal de la sandalia es ancha para no comprimir el pie. Esto otorga el espacio necesario para que los dedos se abran y proporcionen la m\u00e1xima estabilidad y equilibrio natural a la hora de andar. <\/p>\n<\/li>\n<li>\n<p data-path-to-node=\"8,2,0\">Piel de alta calidad y libre de t\u00f3xicos: La comodidad interior est\u00e1 completamente asegurada con un forro y una plantilla de piel 100% libre de cromo VI. Este material cuida al m\u00e1ximo la piel evitando roces y toxicidad, incluso en los d\u00edas de mayor calor. <\/p>\n<\/li>\n<li>\n<p data-path-to-node=\"8,3,0\">Ajuste con hebillas (Buckle): Este cl\u00e1sico sistema de cierre aporta un toque de estilo atemporal y ofrece un ajuste firme y totalmente personalizable a todo tipo de empeine.<\/p>\n<\/li>\n<\/ul>\n<h3 data-path-to-node=\"9\">\u00bfPor qu\u00e9 elegir el modelo Froddo Barefoot Flexy Buckle?<\/h3>\n<p data-path-to-node=\"10\">Este modelo une lo mejor de la zapater\u00eda tradicional con la innovaci\u00f3n del calzado respetuoso. Adem\u00e1s, Froddo demuestra su compromiso con el medio ambiente utilizando s\u00f3lo pieles procedentes de proveedores certificados por el Leather Working Group (LWG). De esta forma se garantiza una producci\u00f3n sostenible y segura, ofreciendo un calzado que respeta tanto los pies como el planeta.  <\/p>\n<blockquote data-path-to-node=\"11\">\n<p data-path-to-node=\"11,0\">El consejo de Som Semillas: \u00a1Un fondo de armario imprescindible para el verano! Al ser unas sandalias de piel natural de alta calidad, nuestra recomendaci\u00f3n para mantenerlas impecables es limpiarlas siempre a mano, alej\u00e1ndolas de la lavadora. Utilice un pa\u00f1o suave h\u00famedo para quitar la suciedad y, una vez secas, aplique una fina capa de crema neutra para pieles. Esto las nutrir\u00e1 y har\u00e1 que mantengan todo su brillo y elasticidad.   <\/p>\n<\/blockquote>\n<\/div>\n<\/div>\n","protected":false},"excerpt":{"rendered":"<p data-path-to-node=\"1\"><b data-path-to-node=\"1\" data-index-in-node=\"0\">Sandalias Froddo Barefoot Flexy Buckle: Confort y dise\u00f1o respetuoso con suela Vibram<\/b><\/p>\n<p data-path-to-node=\"2\">Unas sandalias barefoot excepcionales dise\u00f1adas para imitar la libertad de ir descalzo, combinando pieles sostenibles de primera calidad con una inmejorables resistencia y ligereza.<\/p>\n<ul data-path-to-node=\"3\">\n<li>\n<p data-path-to-node=\"3,0,0\">Conexi\u00f3n natural (100% Barefoot): Suela completamente plana (cero drop) y extra flexible en todas las direcciones para favorecer una pisada sana.<\/p>\n<\/li>\n<li>\n<p data-path-to-node=\"3,1,0\">Dise\u00f1o anat\u00f3mico y adaptable: Puntera ancha para permitir la apertura natural de los dedos, a la vez que ofrece un ajuste universal para cualquier ancho de pie.<\/p>\n<\/li>\n<li>\n<p data-path-to-node=\"3,2,0\">Calidad premium y segura: Fabricadas en piel natural por fuera y piel 100% libre de cromo en el interior, montadas sobre una ligera suela Vibram Supernewflex de 6 mm.<\/p>\n<\/li>\n<\/ul>\n","protected":false},"featured_media":90189,"template":"","meta":{"_acf_changed":false,"site-sidebar-layout":"default","site-content-layout":"","ast-site-content-layout":"default","site-content-style":"default","site-sidebar-style":"default","ast-global-header-display":"","ast-banner-title-visibility":"","ast-main-header-display":"","ast-hfb-above-header-display":"","ast-hfb-below-header-display":"","ast-hfb-mobile-header-display":"","site-post-title":"","ast-breadcrumbs-content":"","ast-featured-img":"","footer-sml-layout":"","ast-disable-related-posts":"","theme-transparent-header-meta":"default","adv-header-id-meta":"","stick-header-meta":"","header-above-stick-meta":"","header-main-stick-meta":"","header-below-stick-meta":"","astra-migrate-meta-layouts":"default","ast-page-background-enabled":"default","ast-page-background-meta":{"desktop":{"background-color":"","background-image":"","background-repeat":"repeat","background-position":"center center","background-size":"auto","background-attachment":"scroll","background-type":"","background-media":"","overlay-type":"","overlay-color":"","overlay-opacity":"","overlay-gradient":""},"tablet":{"background-color":"","background-image":"","background-repeat":"repeat","background-position":"center center","background-size":"auto","background-attachment":"scroll","background-type":"","background-media":"","overlay-type":"","overlay-color":"","overlay-opacity":"","overlay-gradient":""},"mobile":{"background-color":"","background-image":"","background-repeat":"repeat","background-position":"center center","background-size":"auto","background-attachment":"scroll","background-type":"","background-media":"","overlay-type":"","overlay-color":"","overlay-opacity":"","overlay-gradient":""}},"ast-content-background-meta":{"desktop":{"background-color":"var(--ast-global-color-5)","background-image":"","background-repeat":"repeat","background-position":"center center","background-size":"auto","background-attachment":"scroll","background-type":"","background-media":"","overlay-type":"","overlay-color":"","overlay-opacity":"","overlay-gradient":""},"tablet":{"background-color":"var(--ast-global-color-5)","background-image":"","background-repeat":"repeat","background-position":"center center","background-size":"auto","background-attachment":"scroll","background-type":"","background-media":"","overlay-type":"","overlay-color":"","overlay-opacity":"","overlay-gradient":""},"mobile":{"background-color":"var(--ast-global-color-5)","background-image":"","background-repeat":"repeat","background-position":"center center","background-size":"auto","background-attachment":"scroll","background-type":"","background-media":"","overlay-type":"","overlay-color":"","overlay-opacity":"","overlay-gradient":""}}},"pwb-brand":[4096],"product_brand":[],"product_cat":[4833,4091],"product_tag":[2453,5543],"class_list":{"0":"post-92060","1":"product","2":"type-product","3":"status-publish","4":"has-post-thumbnail","6":"pwb-brand-froddo","7":"product_cat-adultos-es","8":"product_cat-froddo-es","9":"product_tag-barefoot-es","10":"product_tag-froddo-es","11":"pa_talla-36-es","12":"pa_talla-37-es","13":"pa_talla-38-es","14":"pa_talla-39-es","15":"pa_talla-40-es","16":"pa_talla-41-es","17":"desktop-align-left","18":"tablet-align-left","19":"mobile-align-left","21":"first","22":"instock","23":"taxable","24":"shipping-taxable","25":"purchasable","26":"product-type-variable"},"acf":[],"yoast_head":"<!-- This site is optimized with the Yoast SEO Premium plugin v18.3 (Yoast SEO v27.4) - https:\/\/yoast.com\/product\/yoast-seo-premium-wordpress\/ -->\n<title>Sandalias Barefoot Flexy Buckle Peach - Froddo &#8212; Som Llavors<\/title>\n<meta name=\"description\" content=\"Sandalias Froddo Barefoot Flexy Buckle: Confort y dise\u00f1o respetuoso con suela Vibram Unas sandalias barefoot excepcionales dise\u00f1adas para imitar la libertad de ir descalzo, combinando pieles sostenibles de primera calidad con una inmejorables resistencia y ligereza.   Conexi\u00f3n natural (100% Barefoot): Suela completamente plana (cero drop) y extra flexible en todas las direcciones para favorecer una pisada sana.   Dise\u00f1o anat\u00f3mico y adaptable: Puntera ancha para permitir la apertura natural de los dedos, a la vez que ofrece un ajuste universal para cualquier ancho de pie.   Calidad premium y segura: Fabricadas en piel natural por fuera y piel 100% libre de cromo en el interior, montadas sobre una ligera suela Vibram Supernewflex de 6 mm.\" \/>\n<meta name=\"robots\" content=\"index, follow, max-snippet:-1, max-image-preview:large, max-video-preview:-1\" \/>\n<link rel=\"canonical\" href=\"https:\/\/somllavors.com\/es\/producte\/sandalias-barefoot-flexy-buckle-peach-froddo\" \/>\n<meta property=\"og:locale\" content=\"es_ES\" \/>\n<meta property=\"og:type\" content=\"article\" \/>\n<meta property=\"og:title\" content=\"Sandalias Barefoot Flexy Buckle Peach - Froddo\" \/>\n<meta property=\"og:description\" content=\"La teva botiga d\u2019ecocrian\u00e7a i espai d\u2019acompanyament a la maternitat\" \/>\n<meta property=\"og:url\" content=\"https:\/\/somllavors.com\/es\/producte\/sandalias-barefoot-flexy-buckle-peach-froddo\" \/>\n<meta property=\"og:site_name\" content=\"Som Llavors\" \/>\n<meta property=\"article:publisher\" content=\"https:\/\/www.facebook.com\/somllavorsvng\/?locale=ca_ES\" \/>\n<meta property=\"og:image\" content=\"https:\/\/somllavors.com\/wp-content\/uploads\/2026\/03\/G3150285-7_1.jpg\" \/>\n\t<meta property=\"og:image:width\" content=\"1000\" \/>\n\t<meta property=\"og:image:height\" content=\"1000\" \/>\n\t<meta property=\"og:image:type\" content=\"image\/jpeg\" \/>\n<meta name=\"twitter:card\" content=\"summary_large_image\" \/>\n<meta name=\"twitter:label1\" content=\"Availability\" \/>\n\t<meta name=\"twitter:data1\" content=\"Hay existencias\" \/>\n<script type=\"application\/ld+json\" class=\"yoast-schema-graph\">{\"@context\":\"https:\\\/\\\/schema.org\",\"@graph\":[{\"@type\":\"WebPage\",\"@id\":\"https:\\\/\\\/somllavors.com\\\/es\\\/producte\\\/sandalias-barefoot-flexy-buckle-peach-froddo\",\"url\":\"https:\\\/\\\/somllavors.com\\\/es\\\/producte\\\/sandalias-barefoot-flexy-buckle-peach-froddo\",\"name\":\"Sandalias Barefoot Flexy Buckle Peach - Froddo &#8212; Som Llavors\",\"isPartOf\":{\"@id\":\"https:\\\/\\\/somllavors.com\\\/es#website\"},\"primaryImageOfPage\":{\"@id\":\"https:\\\/\\\/somllavors.com\\\/es\\\/producte\\\/sandalias-barefoot-flexy-buckle-peach-froddo#primaryimage\"},\"image\":{\"@id\":\"https:\\\/\\\/somllavors.com\\\/es\\\/producte\\\/sandalias-barefoot-flexy-buckle-peach-froddo#primaryimage\"},\"thumbnailUrl\":\"https:\\\/\\\/somllavors.com\\\/wp-content\\\/uploads\\\/2026\\\/03\\\/G3150285-7_1.jpg\",\"datePublished\":\"2026-04-19T18:57:48+00:00\",\"description\":\"Sandalias Froddo Barefoot Flexy Buckle: Confort y dise\u00f1o respetuoso con suela Vibram Unas sandalias barefoot excepcionales dise\u00f1adas para imitar la libertad de ir descalzo, combinando pieles sostenibles de primera calidad con una inmejorables resistencia y ligereza. Conexi\u00f3n natural (100% Barefoot): Suela completamente plana (cero drop) y extra flexible en todas las direcciones para favorecer una pisada sana. Dise\u00f1o anat\u00f3mico y adaptable: Puntera ancha para permitir la apertura natural de los dedos, a la vez que ofrece un ajuste universal para cualquier ancho de pie. Calidad premium y segura: Fabricadas en piel natural por fuera y piel 100% libre de cromo en el interior, montadas sobre una ligera suela Vibram Supernewflex de 6 mm.\",\"breadcrumb\":{\"@id\":\"https:\\\/\\\/somllavors.com\\\/es\\\/producte\\\/sandalias-barefoot-flexy-buckle-peach-froddo#breadcrumb\"},\"inLanguage\":\"es\",\"potentialAction\":[{\"@type\":\"ReadAction\",\"target\":[\"https:\\\/\\\/somllavors.com\\\/es\\\/producte\\\/sandalias-barefoot-flexy-buckle-peach-froddo\"]}]},{\"@type\":\"ImageObject\",\"inLanguage\":\"es\",\"@id\":\"https:\\\/\\\/somllavors.com\\\/es\\\/producte\\\/sandalias-barefoot-flexy-buckle-peach-froddo#primaryimage\",\"url\":\"https:\\\/\\\/somllavors.com\\\/wp-content\\\/uploads\\\/2026\\\/03\\\/G3150285-7_1.jpg\",\"contentUrl\":\"https:\\\/\\\/somllavors.com\\\/wp-content\\\/uploads\\\/2026\\\/03\\\/G3150285-7_1.jpg\",\"width\":1000,\"height\":1000,\"caption\":\"sand\u00e0lies barefoot froddo\"},{\"@type\":\"BreadcrumbList\",\"@id\":\"https:\\\/\\\/somllavors.com\\\/es\\\/producte\\\/sandalias-barefoot-flexy-buckle-peach-froddo#breadcrumb\",\"itemListElement\":[{\"@type\":\"ListItem\",\"position\":1,\"name\":\"Inici\",\"item\":\"https:\\\/\\\/somllavors.com\\\/es\"},{\"@type\":\"ListItem\",\"position\":2,\"name\":\"Tienda\",\"item\":\"https:\\\/\\\/somllavors.com\\\/es\\\/botiga-2\"},{\"@type\":\"ListItem\",\"position\":3,\"name\":\"Sandalias Barefoot Flexy Buckle Peach &#8211; Froddo\"}]},{\"@type\":\"WebSite\",\"@id\":\"https:\\\/\\\/somllavors.com\\\/es#website\",\"url\":\"https:\\\/\\\/somllavors.com\\\/es\",\"name\":\"Som Llavors\",\"description\":\"Botiga de crian\u00e7a natural\",\"publisher\":{\"@id\":\"https:\\\/\\\/somllavors.com\\\/es#organization\"},\"alternateName\":\"Crian\u00e7a Natural i Sostenible\",\"potentialAction\":[{\"@type\":\"SearchAction\",\"target\":{\"@type\":\"EntryPoint\",\"urlTemplate\":\"https:\\\/\\\/somllavors.com\\\/es?s={search_term_string}\"},\"query-input\":{\"@type\":\"PropertyValueSpecification\",\"valueRequired\":true,\"valueName\":\"search_term_string\"}}],\"inLanguage\":\"es\"},{\"@type\":[\"Organization\",\"Place\",\"Store\"],\"@id\":\"https:\\\/\\\/somllavors.com\\\/es#organization\",\"name\":\"Som Llavors\",\"alternateName\":\"Crian\u00e7a Natural i Sostenible\",\"url\":\"https:\\\/\\\/somllavors.com\\\/es\",\"logo\":{\"@id\":\"https:\\\/\\\/somllavors.com\\\/es\\\/producte\\\/sandalias-barefoot-flexy-buckle-peach-froddo#local-main-organization-logo\"},\"image\":{\"@id\":\"https:\\\/\\\/somllavors.com\\\/es\\\/producte\\\/sandalias-barefoot-flexy-buckle-peach-froddo#local-main-organization-logo\"},\"sameAs\":[\"https:\\\/\\\/www.facebook.com\\\/somllavorsvng\\\/?locale=ca_ES\",\"https:\\\/\\\/www.instagram.com\\\/somllavors_vng\\\/\",\"https:\\\/\\\/www.youtube.com\\\/@somllavors\"],\"address\":{\"@id\":\"https:\\\/\\\/somllavors.com\\\/es\\\/producte\\\/sandalias-barefoot-flexy-buckle-peach-froddo#local-main-place-address\"},\"geo\":{\"@type\":\"GeoCoordinates\",\"latitude\":\"41.2257737\",\"longitude\":\"1.723258859\"},\"telephone\":[\"623152704\"],\"openingHoursSpecification\":[{\"@type\":\"OpeningHoursSpecification\",\"dayOfWeek\":[\"Monday\",\"Sunday\"],\"opens\":\"00:00\",\"closes\":\"00:00\"},{\"@type\":\"OpeningHoursSpecification\",\"dayOfWeek\":[\"Tuesday\",\"Wednesday\",\"Thursday\",\"Friday\"],\"opens\":\"10:00\",\"closes\":\"20:00\"},{\"@type\":\"OpeningHoursSpecification\",\"dayOfWeek\":[\"Saturday\"],\"opens\":\"10:00\",\"closes\":\"13:30\"}],\"email\":\"info@somllavors.com\"},{\"@type\":\"PostalAddress\",\"@id\":\"https:\\\/\\\/somllavors.com\\\/es\\\/producte\\\/sandalias-barefoot-flexy-buckle-peach-froddo#local-main-place-address\",\"streetAddress\":\"Carrer de l'aigua, 6\",\"addressLocality\":\"Vilanova i la Geltr\u00fa\",\"postalCode\":\"08800\",\"addressRegion\":\"Barcelona\",\"addressCountry\":\"ES\"},{\"@type\":\"ImageObject\",\"inLanguage\":\"es\",\"@id\":\"https:\\\/\\\/somllavors.com\\\/es\\\/producte\\\/sandalias-barefoot-flexy-buckle-peach-froddo#local-main-organization-logo\",\"url\":\"https:\\\/\\\/somllavors.com\\\/wp-content\\\/uploads\\\/Logotip-Som-Llavors.jpg\",\"contentUrl\":\"https:\\\/\\\/somllavors.com\\\/wp-content\\\/uploads\\\/Logotip-Som-Llavors.jpg\",\"width\":1444,\"height\":1323,\"caption\":\"Som Llavors\"}]}<\/script>\n<meta property=\"og:availability\" content=\"instock\" \/>\n<meta property=\"product:availability\" content=\"instock\" \/>\n<meta property=\"product:retailer_item_id\" content=\"G3150285-7\" \/>\n<meta property=\"product:condition\" content=\"new\" \/>\n<meta name=\"geo.placename\" content=\"Vilanova i la Geltr\u00fa\" \/>\n<meta name=\"geo.position\" content=\"41.2257737;1.723258859\" \/>\n<meta name=\"geo.region\" content=\"Espa\u00f1a\" \/>\n<!-- \/ Yoast SEO Premium plugin. -->","yoast_head_json":{"title":"Sandalias Barefoot Flexy Buckle Peach - Froddo &#8212; Som Llavors","description":"Sandalias Froddo Barefoot Flexy Buckle: Confort y dise\u00f1o respetuoso con suela Vibram Unas sandalias barefoot excepcionales dise\u00f1adas para imitar la libertad de ir descalzo, combinando pieles sostenibles de primera calidad con una inmejorables resistencia y ligereza.   Conexi\u00f3n natural (100% Barefoot): Suela completamente plana (cero drop) y extra flexible en todas las direcciones para favorecer una pisada sana.   Dise\u00f1o anat\u00f3mico y adaptable: Puntera ancha para permitir la apertura natural de los dedos, a la vez que ofrece un ajuste universal para cualquier ancho de pie.   Calidad premium y segura: Fabricadas en piel natural por fuera y piel 100% libre de cromo en el interior, montadas sobre una ligera suela Vibram Supernewflex de 6 mm.","robots":{"index":"index","follow":"follow","max-snippet":"max-snippet:-1","max-image-preview":"max-image-preview:large","max-video-preview":"max-video-preview:-1"},"canonical":"https:\/\/somllavors.com\/es\/producte\/sandalias-barefoot-flexy-buckle-peach-froddo","og_locale":"es_ES","og_type":"article","og_title":"Sandalias Barefoot Flexy Buckle Peach - Froddo","og_description":"La teva botiga d\u2019ecocrian\u00e7a i espai d\u2019acompanyament a la maternitat","og_url":"https:\/\/somllavors.com\/es\/producte\/sandalias-barefoot-flexy-buckle-peach-froddo","og_site_name":"Som Llavors","article_publisher":"https:\/\/www.facebook.com\/somllavorsvng\/?locale=ca_ES","og_image":[{"width":1000,"height":1000,"url":"https:\/\/somllavors.com\/wp-content\/uploads\/2026\/03\/G3150285-7_1.jpg","type":"image\/jpeg"}],"twitter_card":"summary_large_image","twitter_misc":{"Availability":"Hay existencias"},"schema":{"@context":"https:\/\/schema.org","@graph":[{"@type":"WebPage","@id":"https:\/\/somllavors.com\/es\/producte\/sandalias-barefoot-flexy-buckle-peach-froddo","url":"https:\/\/somllavors.com\/es\/producte\/sandalias-barefoot-flexy-buckle-peach-froddo","name":"Sandalias Barefoot Flexy Buckle Peach - Froddo &#8212; Som Llavors","isPartOf":{"@id":"https:\/\/somllavors.com\/es#website"},"primaryImageOfPage":{"@id":"https:\/\/somllavors.com\/es\/producte\/sandalias-barefoot-flexy-buckle-peach-froddo#primaryimage"},"image":{"@id":"https:\/\/somllavors.com\/es\/producte\/sandalias-barefoot-flexy-buckle-peach-froddo#primaryimage"},"thumbnailUrl":"https:\/\/somllavors.com\/wp-content\/uploads\/2026\/03\/G3150285-7_1.jpg","datePublished":"2026-04-19T18:57:48+00:00","description":"Sandalias Froddo Barefoot Flexy Buckle: Confort y dise\u00f1o respetuoso con suela Vibram Unas sandalias barefoot excepcionales dise\u00f1adas para imitar la libertad de ir descalzo, combinando pieles sostenibles de primera calidad con una inmejorables resistencia y ligereza. Conexi\u00f3n natural (100% Barefoot): Suela completamente plana (cero drop) y extra flexible en todas las direcciones para favorecer una pisada sana. Dise\u00f1o anat\u00f3mico y adaptable: Puntera ancha para permitir la apertura natural de los dedos, a la vez que ofrece un ajuste universal para cualquier ancho de pie. Calidad premium y segura: Fabricadas en piel natural por fuera y piel 100% libre de cromo en el interior, montadas sobre una ligera suela Vibram Supernewflex de 6 mm.","breadcrumb":{"@id":"https:\/\/somllavors.com\/es\/producte\/sandalias-barefoot-flexy-buckle-peach-froddo#breadcrumb"},"inLanguage":"es","potentialAction":[{"@type":"ReadAction","target":["https:\/\/somllavors.com\/es\/producte\/sandalias-barefoot-flexy-buckle-peach-froddo"]}]},{"@type":"ImageObject","inLanguage":"es","@id":"https:\/\/somllavors.com\/es\/producte\/sandalias-barefoot-flexy-buckle-peach-froddo#primaryimage","url":"https:\/\/somllavors.com\/wp-content\/uploads\/2026\/03\/G3150285-7_1.jpg","contentUrl":"https:\/\/somllavors.com\/wp-content\/uploads\/2026\/03\/G3150285-7_1.jpg","width":1000,"height":1000,"caption":"sand\u00e0lies barefoot froddo"},{"@type":"BreadcrumbList","@id":"https:\/\/somllavors.com\/es\/producte\/sandalias-barefoot-flexy-buckle-peach-froddo#breadcrumb","itemListElement":[{"@type":"ListItem","position":1,"name":"Inici","item":"https:\/\/somllavors.com\/es"},{"@type":"ListItem","position":2,"name":"Tienda","item":"https:\/\/somllavors.com\/es\/botiga-2"},{"@type":"ListItem","position":3,"name":"Sandalias Barefoot Flexy Buckle Peach &#8211; Froddo"}]},{"@type":"WebSite","@id":"https:\/\/somllavors.com\/es#website","url":"https:\/\/somllavors.com\/es","name":"Som Llavors","description":"Botiga de crian\u00e7a natural","publisher":{"@id":"https:\/\/somllavors.com\/es#organization"},"alternateName":"Crian\u00e7a Natural i Sostenible","potentialAction":[{"@type":"SearchAction","target":{"@type":"EntryPoint","urlTemplate":"https:\/\/somllavors.com\/es?s={search_term_string}"},"query-input":{"@type":"PropertyValueSpecification","valueRequired":true,"valueName":"search_term_string"}}],"inLanguage":"es"},{"@type":["Organization","Place","Store"],"@id":"https:\/\/somllavors.com\/es#organization","name":"Som Llavors","alternateName":"Crian\u00e7a Natural i Sostenible","url":"https:\/\/somllavors.com\/es","logo":{"@id":"https:\/\/somllavors.com\/es\/producte\/sandalias-barefoot-flexy-buckle-peach-froddo#local-main-organization-logo"},"image":{"@id":"https:\/\/somllavors.com\/es\/producte\/sandalias-barefoot-flexy-buckle-peach-froddo#local-main-organization-logo"},"sameAs":["https:\/\/www.facebook.com\/somllavorsvng\/?locale=ca_ES","https:\/\/www.instagram.com\/somllavors_vng\/","https:\/\/www.youtube.com\/@somllavors"],"address":{"@id":"https:\/\/somllavors.com\/es\/producte\/sandalias-barefoot-flexy-buckle-peach-froddo#local-main-place-address"},"geo":{"@type":"GeoCoordinates","latitude":"41.2257737","longitude":"1.723258859"},"telephone":["623152704","623152704"],"openingHoursSpecification":[{"@type":"OpeningHoursSpecification","dayOfWeek":["Monday","Sunday"],"opens":"00:00","closes":"00:00"},{"@type":"OpeningHoursSpecification","dayOfWeek":["Tuesday","Wednesday","Thursday","Friday"],"opens":"10:00","closes":"20:00"},{"@type":"OpeningHoursSpecification","dayOfWeek":["Saturday"],"opens":"10:00","closes":"13:30"}],"email":"info@somllavors.com"},{"@type":"PostalAddress","@id":"https:\/\/somllavors.com\/es\/producte\/sandalias-barefoot-flexy-buckle-peach-froddo#local-main-place-address","streetAddress":"Carrer de l'aigua, 6","addressLocality":"Vilanova i la Geltr\u00fa","postalCode":"08800","addressRegion":"Barcelona","addressCountry":"ES"},{"@type":"ImageObject","inLanguage":"es","@id":"https:\/\/somllavors.com\/es\/producte\/sandalias-barefoot-flexy-buckle-peach-froddo#local-main-organization-logo","url":"https:\/\/somllavors.com\/wp-content\/uploads\/Logotip-Som-Llavors.jpg","contentUrl":"https:\/\/somllavors.com\/wp-content\/uploads\/Logotip-Som-Llavors.jpg","width":1444,"height":1323,"caption":"Som Llavors"}]},"og_availability":"instock","product_availability":"instock","product_retailer_item_id":"G3150285-7","product_condition":"new","geo.placename":"Vilanova i la Geltr\u00fa","geo.position":{"lat":"41.2257737","long":"1.723258859"},"geo.region":"Espa\u00f1a"},"brands":[{"id":4096,"name":"Froddo","slug":"froddo"}],"_links":{"self":[{"href":"https:\/\/somllavors.com\/es\/wp-json\/wp\/v2\/product\/92060","targetHints":{"allow":["GET"]}}],"collection":[{"href":"https:\/\/somllavors.com\/es\/wp-json\/wp\/v2\/product"}],"about":[{"href":"https:\/\/somllavors.com\/es\/wp-json\/wp\/v2\/types\/product"}],"wp:featuredmedia":[{"embeddable":true,"href":"https:\/\/somllavors.com\/es\/wp-json\/wp\/v2\/media\/90189"}],"wp:attachment":[{"href":"https:\/\/somllavors.com\/es\/wp-json\/wp\/v2\/media?parent=92060"}],"wp:term":[{"taxonomy":"pwb-brand","embeddable":true,"href":"https:\/\/somllavors.com\/es\/wp-json\/wp\/v2\/pwb-brand?post=92060"},{"taxonomy":"product_brand","embeddable":true,"href":"https:\/\/somllavors.com\/es\/wp-json\/wp\/v2\/product_brand?post=92060"},{"taxonomy":"product_cat","embeddable":true,"href":"https:\/\/somllavors.com\/es\/wp-json\/wp\/v2\/product_cat?post=92060"},{"taxonomy":"product_tag","embeddable":true,"href":"https:\/\/somllavors.com\/es\/wp-json\/wp\/v2\/product_tag?post=92060"}],"curies":[{"name":"wp","href":"https:\/\/api.w.org\/{rel}","templated":true}]}}