{"id":92497,"date":"2026-04-18T17:40:52","date_gmt":"2026-04-18T15:40:52","guid":{"rendered":"https:\/\/somllavors.com\/producte\/gafas-de-sol-2-4-anos-merry-misty-rose-beaba"},"modified":"2026-04-18T17:40:52","modified_gmt":"2026-04-18T15:40:52","slug":"gafas-de-sol-2-4-anos-merry-misty-rose-beaba","status":"publish","type":"product","link":"https:\/\/somllavors.com\/es\/producte\/gafas-de-sol-2-4-anos-merry-misty-rose-beaba","title":{"rendered":"Gafas de sol 2-4 a\u00f1os Merry Misty Rose \u2013 B\u00e9aba"},"content":{"rendered":"<div class=\"container\">\n<div id=\"model-response-message-contentr_54bf03d6b74a9f09\" class=\"markdown markdown-main-panel enable-updated-hr-color\" dir=\"ltr\" aria-live=\"polite\" aria-busy=\"false\">\n<h2 data-path-to-node=\"5\">Gafas de sol (2-4 a\u00f1os): B\u00e9aba Merry Color Misty Rose<\/h2>\n<p data-path-to-node=\"6\">Entre los 2 y los 4 a\u00f1os, la energ\u00eda nunca se agota y los ratos de juego en el exterior se multiplican. En esta etapa de tanta actividad, proteger la vista es esencial. Las gafas de sol Merry de B\u00e9aba ofrecen una barrera eficaz contra los rayos UV con un dise\u00f1o pensado exclusivamente para sus necesidades anat\u00f3micas. Adem\u00e1s, el tono Misty Rose (un suave rosa espolvoreado) aporta una est\u00e9tica moderna, dulce y atemporal que combina con cualquier conjunto veraniego.   <\/p>\n<h3 data-path-to-node=\"7\">Caracter\u00edsticas t\u00e9cnicas destacadas:<\/h3>\n<ul data-path-to-node=\"8\">\n<li>\n<p data-path-to-node=\"8,0,0\">Lentes de Categor\u00eda 3 (100% UV): Filtran eficazmente la radiaci\u00f3n UVA, UVB y UVC. Est\u00e1n preparadas para proteger los ojos m\u00e1s sensibles incluso en condiciones de mucha luminosidad. <\/p>\n<\/li>\n<li>\n<p data-path-to-node=\"8,1,0\">Montura ultra-resistente y blanda: Fabricadas con materiales flexibles que evitan que se rompan f\u00e1cilmente frente a ca\u00eddas o manipulaciones, ofreciendo una gran durabilidad.<\/p>\n<\/li>\n<li>\n<p data-path-to-node=\"8,2,0\">Dise\u00f1o envolvente: Su forma cubre perfectamente la zona ocular, evitando la molestia de los rayos de sol que puedan intentar entrar por los laterales o por la parte superior.<\/p>\n<\/li>\n<li>\n<p data-path-to-node=\"8,3,0\">Patillas adaptables: A diferencia de los modelos para beb\u00e9s m\u00e1s peque\u00f1os, este dise\u00f1o ya no depende s\u00f3lo de la cinta de silicona, sino que la ergonom\u00eda de las patillas permite una sujeci\u00f3n suave y firme a la vez detr\u00e1s de las orejas.<\/p>\n<\/li>\n<\/ul>\n<h3 data-path-to-node=\"9\">\u00bfPor qu\u00e9 elegir este modelo?<\/h3>\n<p data-path-to-node=\"10\">Escoger el modelo Merry es dar prioridad a la salud visual sin renunciar a la comodidad de la criatura. A esta edad ya quieren ser m\u00e1s aut\u00f3nomas, y gracias a la flexibilidad de estas gafas, podr\u00e1n pon\u00e9rselas y quit\u00e1rselas f\u00e1cilmente sin frustraciones ni riesgo de romperlas. Incluyen su propia funda y toallita de microfibra para poder llevarlas siempre en la mochila bien protegidas.  <\/p>\n<blockquote data-path-to-node=\"11\">\n<p data-path-to-node=\"11,0\">El consejo de Som Llavors: \u00a1En esta edad de tanta independencia, dejar que sean las criaturas las encargadas de guardar las gafas en su fundita cuando ya no hay solo es un ejercicio genial para fomentar su responsabilidad y cuidado hacia sus pertenencias!<\/p>\n<\/blockquote>\n<\/div>\n<\/div>\n","protected":false},"excerpt":{"rendered":"<p data-path-to-node=\"1\"><b data-path-to-node=\"1\" data-index-in-node=\"0\">Gafas de sol B\u00e9aba Merry Misty Rose: Estilo, comodidad y protecci\u00f3n para la etapa m\u00e1s intr\u00e9pida (2-4 a\u00f1os)<\/b><\/p>\n<p data-path-to-node=\"2\">Unas gafas elegantes y muy pr\u00e1cticas dise\u00f1adas espec\u00edficamente para acompa\u00f1ar a los ni\u00f1os de 2 a 4 a\u00f1os. Combinan una protecci\u00f3n solar m\u00e1xima con una montura resistente que aguanta su ritmo imparable. <\/p>\n<ul data-path-to-node=\"3\">\n<li>\n<p data-path-to-node=\"3,0,0\">Protecci\u00f3n UV Categor\u00eda 3: Lentes de alta calidad que filtran el 100% de los rayos solares para disfrutar de la playa, la monta\u00f1a o el parque con total seguridad.<\/p>\n<\/li>\n<li>\n<p data-path-to-node=\"3,1,0\">Montura flexible y ergon\u00f3mica: Material bi-componente suave y maleable que se adapta al rostro sin apretar ni dejar marcas, garantizando el m\u00e1ximo confort.<\/p>\n<\/li>\n<li>\n<p data-path-to-node=\"3,2,0\">Sujeci\u00f3n \u00f3ptima: Patillas curvadas dise\u00f1adas para mantenerse en su sitio de manera natural, adapt\u00e1ndose perfectamente al contorno de la cabeza a esta edad.<\/p>\n<\/li>\n<\/ul>\n","protected":false},"featured_media":91575,"template":"","meta":{"_acf_changed":false,"site-sidebar-layout":"default","site-content-layout":"","ast-site-content-layout":"default","site-content-style":"default","site-sidebar-style":"default","ast-global-header-display":"","ast-banner-title-visibility":"","ast-main-header-display":"","ast-hfb-above-header-display":"","ast-hfb-below-header-display":"","ast-hfb-mobile-header-display":"","site-post-title":"","ast-breadcrumbs-content":"","ast-featured-img":"","footer-sml-layout":"","ast-disable-related-posts":"","theme-transparent-header-meta":"default","adv-header-id-meta":"","stick-header-meta":"","header-above-stick-meta":"","header-main-stick-meta":"","header-below-stick-meta":"","astra-migrate-meta-layouts":"default","ast-page-background-enabled":"default","ast-page-background-meta":{"desktop":{"background-color":"","background-image":"","background-repeat":"repeat","background-position":"center center","background-size":"auto","background-attachment":"scroll","background-type":"","background-media":"","overlay-type":"","overlay-color":"","overlay-opacity":"","overlay-gradient":""},"tablet":{"background-color":"","background-image":"","background-repeat":"repeat","background-position":"center center","background-size":"auto","background-attachment":"scroll","background-type":"","background-media":"","overlay-type":"","overlay-color":"","overlay-opacity":"","overlay-gradient":""},"mobile":{"background-color":"","background-image":"","background-repeat":"repeat","background-position":"center center","background-size":"auto","background-attachment":"scroll","background-type":"","background-media":"","overlay-type":"","overlay-color":"","overlay-opacity":"","overlay-gradient":""}},"ast-content-background-meta":{"desktop":{"background-color":"var(--ast-global-color-5)","background-image":"","background-repeat":"repeat","background-position":"center center","background-size":"auto","background-attachment":"scroll","background-type":"","background-media":"","overlay-type":"","overlay-color":"","overlay-opacity":"","overlay-gradient":""},"tablet":{"background-color":"var(--ast-global-color-5)","background-image":"","background-repeat":"repeat","background-position":"center center","background-size":"auto","background-attachment":"scroll","background-type":"","background-media":"","overlay-type":"","overlay-color":"","overlay-opacity":"","overlay-gradient":""},"mobile":{"background-color":"var(--ast-global-color-5)","background-image":"","background-repeat":"repeat","background-position":"center center","background-size":"auto","background-attachment":"scroll","background-type":"","background-media":"","overlay-type":"","overlay-color":"","overlay-opacity":"","overlay-gradient":""}}},"pwb-brand":[4285],"product_brand":[],"product_cat":[3627],"product_tag":[5885,5559],"class_list":{"0":"post-92497","1":"product","2":"type-product","3":"status-publish","4":"has-post-thumbnail","6":"pwb-brand-beaba","7":"product_cat-gafas-de-sol","8":"product_tag-beaba","9":"product_tag-gafas-de-sol-es-2","10":"desktop-align-left","11":"tablet-align-left","12":"mobile-align-left","14":"first","15":"instock","16":"taxable","17":"shipping-taxable","18":"purchasable","19":"product-type-simple"},"acf":[],"yoast_head":"<!-- This site is optimized with the Yoast SEO Premium plugin v18.3 (Yoast SEO v27.4) - https:\/\/yoast.com\/product\/yoast-seo-premium-wordpress\/ -->\n<title>Gafas de sol 2-4 a\u00f1os Merry Misty Rose \u2013 B\u00e9aba &#8212; Som Llavors<\/title>\n<meta name=\"description\" content=\"Gafas de sol B\u00e9aba Merry Misty Rose: Estilo, comodidad y protecci\u00f3n para la etapa m\u00e1s intr\u00e9pida (2-4 a\u00f1os) Unas gafas elegantes y muy pr\u00e1cticas dise\u00f1adas espec\u00edficamente para acompa\u00f1ar a los ni\u00f1os de 2 a 4 a\u00f1os. Combinan una protecci\u00f3n solar m\u00e1xima con una montura resistente que aguanta su ritmo imparable.    Protecci\u00f3n UV Categor\u00eda 3: Lentes de alta calidad que filtran el 100% de los rayos solares para disfrutar de la playa, la monta\u00f1a o el parque con total seguridad.   Montura flexible y ergon\u00f3mica: Material bi-componente suave y maleable que se adapta al rostro sin apretar ni dejar marcas, garantizando el m\u00e1ximo confort.   Sujeci\u00f3n \u00f3ptima: Patillas curvadas dise\u00f1adas para mantenerse en su sitio de manera natural, adapt\u00e1ndose perfectamente al contorno de la cabeza a esta edad.\" \/>\n<meta name=\"robots\" content=\"index, follow, max-snippet:-1, max-image-preview:large, max-video-preview:-1\" \/>\n<link rel=\"canonical\" href=\"https:\/\/somllavors.com\/es\/producte\/gafas-de-sol-2-4-anos-merry-misty-rose-beaba\" \/>\n<meta property=\"og:locale\" content=\"es_ES\" \/>\n<meta property=\"og:type\" content=\"article\" \/>\n<meta property=\"og:title\" content=\"Gafas de sol 2-4 a\u00f1os Merry Misty Rose \u2013 B\u00e9aba\" \/>\n<meta property=\"og:description\" content=\"La teva botiga d\u2019ecocrian\u00e7a i espai d\u2019acompanyament a la maternitat\" \/>\n<meta property=\"og:url\" content=\"https:\/\/somllavors.com\/es\/producte\/gafas-de-sol-2-4-anos-merry-misty-rose-beaba\" \/>\n<meta property=\"og:site_name\" content=\"Som Llavors\" \/>\n<meta property=\"article:publisher\" content=\"https:\/\/www.facebook.com\/somllavorsvng\/?locale=ca_ES\" \/>\n<meta property=\"og:image\" content=\"https:\/\/somllavors.com\/wp-content\/uploads\/2026\/04\/Som-Llavors-Gafas-para-2-4-anos-merry-misty-rose-930311_product_face_2a-1.jpg\" \/>\n\t<meta property=\"og:image:width\" content=\"800\" \/>\n\t<meta property=\"og:image:height\" content=\"800\" \/>\n\t<meta property=\"og:image:type\" content=\"image\/jpeg\" \/>\n<meta name=\"twitter:card\" content=\"summary_large_image\" \/>\n<meta name=\"twitter:label1\" content=\"Precio\" \/>\n\t<meta name=\"twitter:data1\" content=\"35,00&euro; Iva incl\u00f2s\" \/>\n\t<meta name=\"twitter:label2\" content=\"Availability\" \/>\n\t<meta name=\"twitter:data2\" content=\"Hay existencias\" \/>\n<script type=\"application\/ld+json\" class=\"yoast-schema-graph\">{\"@context\":\"https:\\\/\\\/schema.org\",\"@graph\":[{\"@type\":\"WebPage\",\"@id\":\"https:\\\/\\\/somllavors.com\\\/es\\\/producte\\\/gafas-de-sol-2-4-anos-merry-misty-rose-beaba\",\"url\":\"https:\\\/\\\/somllavors.com\\\/es\\\/producte\\\/gafas-de-sol-2-4-anos-merry-misty-rose-beaba\",\"name\":\"Gafas de sol 2-4 a\u00f1os Merry Misty Rose \u2013 B\u00e9aba &#8212; Som Llavors\",\"isPartOf\":{\"@id\":\"https:\\\/\\\/somllavors.com\\\/es#website\"},\"primaryImageOfPage\":{\"@id\":\"https:\\\/\\\/somllavors.com\\\/es\\\/producte\\\/gafas-de-sol-2-4-anos-merry-misty-rose-beaba#primaryimage\"},\"image\":{\"@id\":\"https:\\\/\\\/somllavors.com\\\/es\\\/producte\\\/gafas-de-sol-2-4-anos-merry-misty-rose-beaba#primaryimage\"},\"thumbnailUrl\":\"https:\\\/\\\/somllavors.com\\\/wp-content\\\/uploads\\\/2026\\\/04\\\/Som-Llavors-Gafas-para-2-4-anos-merry-misty-rose-930311_product_face_2a-1.jpg\",\"datePublished\":\"2026-04-18T15:40:52+00:00\",\"description\":\"Gafas de sol B\u00e9aba Merry Misty Rose: Estilo, comodidad y protecci\u00f3n para la etapa m\u00e1s intr\u00e9pida (2-4 a\u00f1os) Unas gafas elegantes y muy pr\u00e1cticas dise\u00f1adas espec\u00edficamente para acompa\u00f1ar a los ni\u00f1os de 2 a 4 a\u00f1os. Combinan una protecci\u00f3n solar m\u00e1xima con una montura resistente que aguanta su ritmo imparable. Protecci\u00f3n UV Categor\u00eda 3: Lentes de alta calidad que filtran el 100% de los rayos solares para disfrutar de la playa, la monta\u00f1a o el parque con total seguridad. Montura flexible y ergon\u00f3mica: Material bi-componente suave y maleable que se adapta al rostro sin apretar ni dejar marcas, garantizando el m\u00e1ximo confort. Sujeci\u00f3n \u00f3ptima: Patillas curvadas dise\u00f1adas para mantenerse en su sitio de manera natural, adapt\u00e1ndose perfectamente al contorno de la cabeza a esta edad.\",\"breadcrumb\":{\"@id\":\"https:\\\/\\\/somllavors.com\\\/es\\\/producte\\\/gafas-de-sol-2-4-anos-merry-misty-rose-beaba#breadcrumb\"},\"inLanguage\":\"es\",\"potentialAction\":[{\"@type\":\"ReadAction\",\"target\":[\"https:\\\/\\\/somllavors.com\\\/es\\\/producte\\\/gafas-de-sol-2-4-anos-merry-misty-rose-beaba\"]}]},{\"@type\":\"ImageObject\",\"inLanguage\":\"es\",\"@id\":\"https:\\\/\\\/somllavors.com\\\/es\\\/producte\\\/gafas-de-sol-2-4-anos-merry-misty-rose-beaba#primaryimage\",\"url\":\"https:\\\/\\\/somllavors.com\\\/wp-content\\\/uploads\\\/2026\\\/04\\\/Som-Llavors-Gafas-para-2-4-anos-merry-misty-rose-930311_product_face_2a-1.jpg\",\"contentUrl\":\"https:\\\/\\\/somllavors.com\\\/wp-content\\\/uploads\\\/2026\\\/04\\\/Som-Llavors-Gafas-para-2-4-anos-merry-misty-rose-930311_product_face_2a-1.jpg\",\"width\":800,\"height\":800,\"caption\":\"ulleres de sol Beaba\"},{\"@type\":\"BreadcrumbList\",\"@id\":\"https:\\\/\\\/somllavors.com\\\/es\\\/producte\\\/gafas-de-sol-2-4-anos-merry-misty-rose-beaba#breadcrumb\",\"itemListElement\":[{\"@type\":\"ListItem\",\"position\":1,\"name\":\"Inici\",\"item\":\"https:\\\/\\\/somllavors.com\\\/es\"},{\"@type\":\"ListItem\",\"position\":2,\"name\":\"Tienda\",\"item\":\"https:\\\/\\\/somllavors.com\\\/es\\\/botiga-2\"},{\"@type\":\"ListItem\",\"position\":3,\"name\":\"Gafas de sol 2-4 a\u00f1os Merry Misty Rose \u2013 B\u00e9aba\"}]},{\"@type\":\"WebSite\",\"@id\":\"https:\\\/\\\/somllavors.com\\\/es#website\",\"url\":\"https:\\\/\\\/somllavors.com\\\/es\",\"name\":\"Som Llavors\",\"description\":\"Botiga de crian\u00e7a natural\",\"publisher\":{\"@id\":\"https:\\\/\\\/somllavors.com\\\/es#organization\"},\"alternateName\":\"Crian\u00e7a Natural i Sostenible\",\"potentialAction\":[{\"@type\":\"SearchAction\",\"target\":{\"@type\":\"EntryPoint\",\"urlTemplate\":\"https:\\\/\\\/somllavors.com\\\/es?s={search_term_string}\"},\"query-input\":{\"@type\":\"PropertyValueSpecification\",\"valueRequired\":true,\"valueName\":\"search_term_string\"}}],\"inLanguage\":\"es\"},{\"@type\":[\"Organization\",\"Place\",\"Store\"],\"@id\":\"https:\\\/\\\/somllavors.com\\\/es#organization\",\"name\":\"Som Llavors\",\"alternateName\":\"Crian\u00e7a Natural i Sostenible\",\"url\":\"https:\\\/\\\/somllavors.com\\\/es\",\"logo\":{\"@id\":\"https:\\\/\\\/somllavors.com\\\/es\\\/producte\\\/gafas-de-sol-2-4-anos-merry-misty-rose-beaba#local-main-organization-logo\"},\"image\":{\"@id\":\"https:\\\/\\\/somllavors.com\\\/es\\\/producte\\\/gafas-de-sol-2-4-anos-merry-misty-rose-beaba#local-main-organization-logo\"},\"sameAs\":[\"https:\\\/\\\/www.facebook.com\\\/somllavorsvng\\\/?locale=ca_ES\",\"https:\\\/\\\/www.instagram.com\\\/somllavors_vng\\\/\",\"https:\\\/\\\/www.youtube.com\\\/@somllavors\"],\"address\":{\"@id\":\"https:\\\/\\\/somllavors.com\\\/es\\\/producte\\\/gafas-de-sol-2-4-anos-merry-misty-rose-beaba#local-main-place-address\"},\"geo\":{\"@type\":\"GeoCoordinates\",\"latitude\":\"41.2257737\",\"longitude\":\"1.723258859\"},\"telephone\":[\"623152704\"],\"openingHoursSpecification\":[{\"@type\":\"OpeningHoursSpecification\",\"dayOfWeek\":[\"Monday\",\"Sunday\"],\"opens\":\"00:00\",\"closes\":\"00:00\"},{\"@type\":\"OpeningHoursSpecification\",\"dayOfWeek\":[\"Tuesday\",\"Wednesday\",\"Thursday\",\"Friday\"],\"opens\":\"10:00\",\"closes\":\"20:00\"},{\"@type\":\"OpeningHoursSpecification\",\"dayOfWeek\":[\"Saturday\"],\"opens\":\"10:00\",\"closes\":\"13:30\"}],\"email\":\"info@somllavors.com\"},{\"@type\":\"PostalAddress\",\"@id\":\"https:\\\/\\\/somllavors.com\\\/es\\\/producte\\\/gafas-de-sol-2-4-anos-merry-misty-rose-beaba#local-main-place-address\",\"streetAddress\":\"Carrer de l'aigua, 6\",\"addressLocality\":\"Vilanova i la Geltr\u00fa\",\"postalCode\":\"08800\",\"addressRegion\":\"Barcelona\",\"addressCountry\":\"ES\"},{\"@type\":\"ImageObject\",\"inLanguage\":\"es\",\"@id\":\"https:\\\/\\\/somllavors.com\\\/es\\\/producte\\\/gafas-de-sol-2-4-anos-merry-misty-rose-beaba#local-main-organization-logo\",\"url\":\"https:\\\/\\\/somllavors.com\\\/wp-content\\\/uploads\\\/Logotip-Som-Llavors.jpg\",\"contentUrl\":\"https:\\\/\\\/somllavors.com\\\/wp-content\\\/uploads\\\/Logotip-Som-Llavors.jpg\",\"width\":1444,\"height\":1323,\"caption\":\"Som Llavors\"}]}<\/script>\n<meta property=\"product:price:amount\" content=\"35.00\" \/>\n<meta property=\"product:price:currency\" content=\"EUR\" \/>\n<meta property=\"og:availability\" content=\"instock\" \/>\n<meta property=\"product:availability\" content=\"instock\" \/>\n<meta property=\"product:retailer_item_id\" content=\"930311\" \/>\n<meta property=\"product:condition\" content=\"new\" \/>\n<meta name=\"geo.placename\" content=\"Vilanova i la Geltr\u00fa\" \/>\n<meta name=\"geo.position\" content=\"41.2257737;1.723258859\" \/>\n<meta name=\"geo.region\" content=\"Espa\u00f1a\" \/>\n<!-- \/ Yoast SEO Premium plugin. -->","yoast_head_json":{"title":"Gafas de sol 2-4 a\u00f1os Merry Misty Rose \u2013 B\u00e9aba &#8212; Som Llavors","description":"Gafas de sol B\u00e9aba Merry Misty Rose: Estilo, comodidad y protecci\u00f3n para la etapa m\u00e1s intr\u00e9pida (2-4 a\u00f1os) Unas gafas elegantes y muy pr\u00e1cticas dise\u00f1adas espec\u00edficamente para acompa\u00f1ar a los ni\u00f1os de 2 a 4 a\u00f1os. Combinan una protecci\u00f3n solar m\u00e1xima con una montura resistente que aguanta su ritmo imparable.    Protecci\u00f3n UV Categor\u00eda 3: Lentes de alta calidad que filtran el 100% de los rayos solares para disfrutar de la playa, la monta\u00f1a o el parque con total seguridad.   Montura flexible y ergon\u00f3mica: Material bi-componente suave y maleable que se adapta al rostro sin apretar ni dejar marcas, garantizando el m\u00e1ximo confort.   Sujeci\u00f3n \u00f3ptima: Patillas curvadas dise\u00f1adas para mantenerse en su sitio de manera natural, adapt\u00e1ndose perfectamente al contorno de la cabeza a esta edad.","robots":{"index":"index","follow":"follow","max-snippet":"max-snippet:-1","max-image-preview":"max-image-preview:large","max-video-preview":"max-video-preview:-1"},"canonical":"https:\/\/somllavors.com\/es\/producte\/gafas-de-sol-2-4-anos-merry-misty-rose-beaba","og_locale":"es_ES","og_type":"article","og_title":"Gafas de sol 2-4 a\u00f1os Merry Misty Rose \u2013 B\u00e9aba","og_description":"La teva botiga d\u2019ecocrian\u00e7a i espai d\u2019acompanyament a la maternitat","og_url":"https:\/\/somllavors.com\/es\/producte\/gafas-de-sol-2-4-anos-merry-misty-rose-beaba","og_site_name":"Som Llavors","article_publisher":"https:\/\/www.facebook.com\/somllavorsvng\/?locale=ca_ES","og_image":[{"width":800,"height":800,"url":"https:\/\/somllavors.com\/wp-content\/uploads\/2026\/04\/Som-Llavors-Gafas-para-2-4-anos-merry-misty-rose-930311_product_face_2a-1.jpg","type":"image\/jpeg"}],"twitter_card":"summary_large_image","twitter_misc":{"Precio":"35,00&euro; Iva incl\u00f2s","Availability":"Hay existencias"},"schema":{"@context":"https:\/\/schema.org","@graph":[{"@type":"WebPage","@id":"https:\/\/somllavors.com\/es\/producte\/gafas-de-sol-2-4-anos-merry-misty-rose-beaba","url":"https:\/\/somllavors.com\/es\/producte\/gafas-de-sol-2-4-anos-merry-misty-rose-beaba","name":"Gafas de sol 2-4 a\u00f1os Merry Misty Rose \u2013 B\u00e9aba &#8212; Som Llavors","isPartOf":{"@id":"https:\/\/somllavors.com\/es#website"},"primaryImageOfPage":{"@id":"https:\/\/somllavors.com\/es\/producte\/gafas-de-sol-2-4-anos-merry-misty-rose-beaba#primaryimage"},"image":{"@id":"https:\/\/somllavors.com\/es\/producte\/gafas-de-sol-2-4-anos-merry-misty-rose-beaba#primaryimage"},"thumbnailUrl":"https:\/\/somllavors.com\/wp-content\/uploads\/2026\/04\/Som-Llavors-Gafas-para-2-4-anos-merry-misty-rose-930311_product_face_2a-1.jpg","datePublished":"2026-04-18T15:40:52+00:00","description":"Gafas de sol B\u00e9aba Merry Misty Rose: Estilo, comodidad y protecci\u00f3n para la etapa m\u00e1s intr\u00e9pida (2-4 a\u00f1os) Unas gafas elegantes y muy pr\u00e1cticas dise\u00f1adas espec\u00edficamente para acompa\u00f1ar a los ni\u00f1os de 2 a 4 a\u00f1os. Combinan una protecci\u00f3n solar m\u00e1xima con una montura resistente que aguanta su ritmo imparable. Protecci\u00f3n UV Categor\u00eda 3: Lentes de alta calidad que filtran el 100% de los rayos solares para disfrutar de la playa, la monta\u00f1a o el parque con total seguridad. Montura flexible y ergon\u00f3mica: Material bi-componente suave y maleable que se adapta al rostro sin apretar ni dejar marcas, garantizando el m\u00e1ximo confort. Sujeci\u00f3n \u00f3ptima: Patillas curvadas dise\u00f1adas para mantenerse en su sitio de manera natural, adapt\u00e1ndose perfectamente al contorno de la cabeza a esta edad.","breadcrumb":{"@id":"https:\/\/somllavors.com\/es\/producte\/gafas-de-sol-2-4-anos-merry-misty-rose-beaba#breadcrumb"},"inLanguage":"es","potentialAction":[{"@type":"ReadAction","target":["https:\/\/somllavors.com\/es\/producte\/gafas-de-sol-2-4-anos-merry-misty-rose-beaba"]}]},{"@type":"ImageObject","inLanguage":"es","@id":"https:\/\/somllavors.com\/es\/producte\/gafas-de-sol-2-4-anos-merry-misty-rose-beaba#primaryimage","url":"https:\/\/somllavors.com\/wp-content\/uploads\/2026\/04\/Som-Llavors-Gafas-para-2-4-anos-merry-misty-rose-930311_product_face_2a-1.jpg","contentUrl":"https:\/\/somllavors.com\/wp-content\/uploads\/2026\/04\/Som-Llavors-Gafas-para-2-4-anos-merry-misty-rose-930311_product_face_2a-1.jpg","width":800,"height":800,"caption":"ulleres de sol Beaba"},{"@type":"BreadcrumbList","@id":"https:\/\/somllavors.com\/es\/producte\/gafas-de-sol-2-4-anos-merry-misty-rose-beaba#breadcrumb","itemListElement":[{"@type":"ListItem","position":1,"name":"Inici","item":"https:\/\/somllavors.com\/es"},{"@type":"ListItem","position":2,"name":"Tienda","item":"https:\/\/somllavors.com\/es\/botiga-2"},{"@type":"ListItem","position":3,"name":"Gafas de sol 2-4 a\u00f1os Merry Misty Rose \u2013 B\u00e9aba"}]},{"@type":"WebSite","@id":"https:\/\/somllavors.com\/es#website","url":"https:\/\/somllavors.com\/es","name":"Som Llavors","description":"Botiga de crian\u00e7a natural","publisher":{"@id":"https:\/\/somllavors.com\/es#organization"},"alternateName":"Crian\u00e7a Natural i Sostenible","potentialAction":[{"@type":"SearchAction","target":{"@type":"EntryPoint","urlTemplate":"https:\/\/somllavors.com\/es?s={search_term_string}"},"query-input":{"@type":"PropertyValueSpecification","valueRequired":true,"valueName":"search_term_string"}}],"inLanguage":"es"},{"@type":["Organization","Place","Store"],"@id":"https:\/\/somllavors.com\/es#organization","name":"Som Llavors","alternateName":"Crian\u00e7a Natural i Sostenible","url":"https:\/\/somllavors.com\/es","logo":{"@id":"https:\/\/somllavors.com\/es\/producte\/gafas-de-sol-2-4-anos-merry-misty-rose-beaba#local-main-organization-logo"},"image":{"@id":"https:\/\/somllavors.com\/es\/producte\/gafas-de-sol-2-4-anos-merry-misty-rose-beaba#local-main-organization-logo"},"sameAs":["https:\/\/www.facebook.com\/somllavorsvng\/?locale=ca_ES","https:\/\/www.instagram.com\/somllavors_vng\/","https:\/\/www.youtube.com\/@somllavors"],"address":{"@id":"https:\/\/somllavors.com\/es\/producte\/gafas-de-sol-2-4-anos-merry-misty-rose-beaba#local-main-place-address"},"geo":{"@type":"GeoCoordinates","latitude":"41.2257737","longitude":"1.723258859"},"telephone":["623152704","623152704"],"openingHoursSpecification":[{"@type":"OpeningHoursSpecification","dayOfWeek":["Monday","Sunday"],"opens":"00:00","closes":"00:00"},{"@type":"OpeningHoursSpecification","dayOfWeek":["Tuesday","Wednesday","Thursday","Friday"],"opens":"10:00","closes":"20:00"},{"@type":"OpeningHoursSpecification","dayOfWeek":["Saturday"],"opens":"10:00","closes":"13:30"}],"email":"info@somllavors.com"},{"@type":"PostalAddress","@id":"https:\/\/somllavors.com\/es\/producte\/gafas-de-sol-2-4-anos-merry-misty-rose-beaba#local-main-place-address","streetAddress":"Carrer de l'aigua, 6","addressLocality":"Vilanova i la Geltr\u00fa","postalCode":"08800","addressRegion":"Barcelona","addressCountry":"ES"},{"@type":"ImageObject","inLanguage":"es","@id":"https:\/\/somllavors.com\/es\/producte\/gafas-de-sol-2-4-anos-merry-misty-rose-beaba#local-main-organization-logo","url":"https:\/\/somllavors.com\/wp-content\/uploads\/Logotip-Som-Llavors.jpg","contentUrl":"https:\/\/somllavors.com\/wp-content\/uploads\/Logotip-Som-Llavors.jpg","width":1444,"height":1323,"caption":"Som Llavors"}]},"product_price_amount":"35.00","product_price_currency":"EUR","og_availability":"instock","product_availability":"instock","product_retailer_item_id":"930311","product_condition":"new","geo.placename":"Vilanova i la Geltr\u00fa","geo.position":{"lat":"41.2257737","long":"1.723258859"},"geo.region":"Espa\u00f1a"},"brands":[{"id":4285,"name":"B\u00e9aba","slug":"beaba"}],"_links":{"self":[{"href":"https:\/\/somllavors.com\/es\/wp-json\/wp\/v2\/product\/92497","targetHints":{"allow":["GET"]}}],"collection":[{"href":"https:\/\/somllavors.com\/es\/wp-json\/wp\/v2\/product"}],"about":[{"href":"https:\/\/somllavors.com\/es\/wp-json\/wp\/v2\/types\/product"}],"wp:featuredmedia":[{"embeddable":true,"href":"https:\/\/somllavors.com\/es\/wp-json\/wp\/v2\/media\/91575"}],"wp:attachment":[{"href":"https:\/\/somllavors.com\/es\/wp-json\/wp\/v2\/media?parent=92497"}],"wp:term":[{"taxonomy":"pwb-brand","embeddable":true,"href":"https:\/\/somllavors.com\/es\/wp-json\/wp\/v2\/pwb-brand?post=92497"},{"taxonomy":"product_brand","embeddable":true,"href":"https:\/\/somllavors.com\/es\/wp-json\/wp\/v2\/product_brand?post=92497"},{"taxonomy":"product_cat","embeddable":true,"href":"https:\/\/somllavors.com\/es\/wp-json\/wp\/v2\/product_cat?post=92497"},{"taxonomy":"product_tag","embeddable":true,"href":"https:\/\/somllavors.com\/es\/wp-json\/wp\/v2\/product_tag?post=92497"}],"curies":[{"name":"wp","href":"https:\/\/api.w.org\/{rel}","templated":true}]}}