{"id":92503,"date":"2026-04-18T16:49:41","date_gmt":"2026-04-18T14:49:41","guid":{"rendered":"https:\/\/somllavors.com\/producte\/mi-primer-set-de-alimentacion-verd-salvia-beaba"},"modified":"2026-05-04T12:14:32","modified_gmt":"2026-05-04T10:14:32","slug":"mi-primer-set-de-alimentacion-verd-salvia-beaba","status":"publish","type":"product","link":"https:\/\/somllavors.com\/es\/producte\/mi-primer-set-de-alimentacion-verd-salvia-beaba","title":{"rendered":"Mi primer set de alimentaci\u00f3n Verd Salvia &#8211; Beaba"},"content":{"rendered":"<h2 data-path-to-node=\"5\">Set de Vajilla y Aprendizaje Beb\u00e9: Mi Primer Set de Comida B\u00e9aba Verd Salvia<\/h2>\n<p data-path-to-node=\"6\">El inicio de la alimentaci\u00f3n complementaria es uno de los momentos m\u00e1s m\u00e1gicos (\u00a1y ensuciadores!) de la crianza. Con &#8220;Mi Primer Set de Comer&#8221; de la reconocida marca B\u00e9aba, este proceso se convierte en una experiencia segura, pr\u00e1ctica y muy bonita. Este completo set, en un relajante tono verde salvia, est\u00e1 pensado para facilitar la autonom\u00eda del beb\u00e9 a partir de los 4 meses, respetando al m\u00e1ximo su salud y su entorno.  <\/p>\n<h3 data-path-to-node=\"7\">Caracter\u00edsticas t\u00e9cnicas destacadas:<\/h3>\n<ul data-path-to-node=\"8\">\n<li>\n<p data-path-to-node=\"8,0,0\">Acero inoxidable innovador: El plato y los cubiertos est\u00e1n fabricados en acero inoxidable, un material altamente duradero, higi\u00e9nico e inodoro. \u00bfLa gran novedad? El plato est\u00e1 dise\u00f1ado con una tecnolog\u00eda que lo hace apto para microondas, facilitando el d\u00eda a d\u00eda de las familias.<\/p>\n<\/li>\n<li>\n<p data-path-to-node=\"8,1,0\">Dise\u00f1o ergon\u00f3mico para manijas peque\u00f1as: El plato cuenta con bordes altos y redondeados para ayudar al beb\u00e9 a cargar la cuchara f\u00e1cilmente. Los cubiertos tienen una forma ideal para sus primeras presas. <\/p>\n<\/li>\n<li>\n<p data-path-to-node=\"8,2,0\">Babero evolutivo de m\u00e1xima protecci\u00f3n: Incorpora un babero impermable con mangas desmontables y bolsillo frontal. M\u00e1xima cobertura para dejarlos experimentar con la comida con total tranquilidad. <\/p>\n<\/li>\n<li>\n<p data-path-to-node=\"8,3,0\">Embalaje &#8220;Zero Waste&#8221;: La caja de presentaci\u00f3n no se tira; est\u00e1 concebida como una bonita caja de recuerdos donde podr\u00e1s guardar sus primeros juguetes, dibujos o fotograf\u00edas.<\/p>\n<\/li>\n<\/ul>\n<h3 data-path-to-node=\"9\">\u00bfPor qu\u00e9 elegir este modelo?<\/h3>\n<p data-path-to-node=\"10\">Si buscas huir del pl\u00e1stico y apuestas por materiales nobles y duraderos, este set de B\u00e9aba es una inversi\u00f3n fant\u00e1stica. El color verde salvia aporta una est\u00e9tica n\u00f3rdica, natural y muy elegante que encaja a la perfecci\u00f3n con la filosof\u00eda de una consciente crianza. Adem\u00e1s, al venir en un formato de caja de recuerdos, es sin duda uno de los mejores regalos que se pueden realizar por un nacimiento.  <\/p>\n<blockquote data-path-to-node=\"11\">\n<p data-path-to-node=\"11,0\">El consejo de Som Llavors: El plato de acero inoxidable es ideal para mantener la temperatura de los alimentos. \u00a1A la hora de limpiar el babero, recuerda que con pasar un pa\u00f1o h\u00famedo justo despu\u00e9s de las comidas tendr\u00e1s suficiente, evitando lavados innecesarios y alargando la vida del tejido! <\/p>\n<\/blockquote>\n","protected":false},"excerpt":{"rendered":"<p data-path-to-node=\"1\"><b data-path-to-node=\"1\" data-index-in-node=\"0\">Mi Primer Set de Comida B\u00e9aba: El inicio m\u00e1s natural y elegante en la alimentaci\u00f3n complementaria<\/b><\/p>\n<p data-path-to-node=\"2\">Un conjunto completo y refinado, dise\u00f1ado para acompa\u00f1ar a tu beb\u00e9 desde sus primeras cucharadas. La combinaci\u00f3n perfecta entre materiales seguros, innovaci\u00f3n y un dise\u00f1o precioso listo para regalar. <\/p>\n<ul data-path-to-node=\"3\">\n<li>\n<p data-path-to-node=\"3,0,0\">Materiales 100% saludables: Plato y cubiertos de acero inoxidable, libres de qu\u00edmicos y que no retienen olores ni sabores.<\/p>\n<\/li>\n<li>\n<p data-path-to-node=\"3,1,0\">Aprendizaje limpio y f\u00e1cil: Incluye un pr\u00e1ctico babero con mangas desmontables y bolsillo recogemuelles.<\/p>\n<\/li>\n<li>\n<p data-path-to-node=\"3,2,0\">El regalo ideal: Presentado en una preciosa caja dise\u00f1ada para ser reutilizada y guardar los tesoros y recuerdos de la criatura.<\/p>\n<\/li>\n<\/ul>\n","protected":false},"featured_media":91530,"template":"","meta":{"_acf_changed":false,"site-sidebar-layout":"default","site-content-layout":"","ast-site-content-layout":"default","site-content-style":"default","site-sidebar-style":"default","ast-global-header-display":"","ast-banner-title-visibility":"","ast-main-header-display":"","ast-hfb-above-header-display":"","ast-hfb-below-header-display":"","ast-hfb-mobile-header-display":"","site-post-title":"","ast-breadcrumbs-content":"","ast-featured-img":"","footer-sml-layout":"","ast-disable-related-posts":"","theme-transparent-header-meta":"default","adv-header-id-meta":"","stick-header-meta":"","header-above-stick-meta":"","header-main-stick-meta":"","header-below-stick-meta":"","astra-migrate-meta-layouts":"default","ast-page-background-enabled":"default","ast-page-background-meta":{"desktop":{"background-color":"","background-image":"","background-repeat":"repeat","background-position":"center center","background-size":"auto","background-attachment":"scroll","background-type":"","background-media":"","overlay-type":"","overlay-color":"","overlay-opacity":"","overlay-gradient":""},"tablet":{"background-color":"","background-image":"","background-repeat":"repeat","background-position":"center center","background-size":"auto","background-attachment":"scroll","background-type":"","background-media":"","overlay-type":"","overlay-color":"","overlay-opacity":"","overlay-gradient":""},"mobile":{"background-color":"","background-image":"","background-repeat":"repeat","background-position":"center center","background-size":"auto","background-attachment":"scroll","background-type":"","background-media":"","overlay-type":"","overlay-color":"","overlay-opacity":"","overlay-gradient":""}},"ast-content-background-meta":{"desktop":{"background-color":"var(--ast-global-color-5)","background-image":"","background-repeat":"repeat","background-position":"center center","background-size":"auto","background-attachment":"scroll","background-type":"","background-media":"","overlay-type":"","overlay-color":"","overlay-opacity":"","overlay-gradient":""},"tablet":{"background-color":"var(--ast-global-color-5)","background-image":"","background-repeat":"repeat","background-position":"center center","background-size":"auto","background-attachment":"scroll","background-type":"","background-media":"","overlay-type":"","overlay-color":"","overlay-opacity":"","overlay-gradient":""},"mobile":{"background-color":"var(--ast-global-color-5)","background-image":"","background-repeat":"repeat","background-position":"center center","background-size":"auto","background-attachment":"scroll","background-type":"","background-media":"","overlay-type":"","overlay-color":"","overlay-opacity":"","overlay-gradient":""}}},"pwb-brand":[4285],"product_brand":[],"product_cat":[3456,3460,3461,3608,3506],"product_tag":[6096,5338],"class_list":{"0":"post-92503","1":"product","2":"type-product","3":"status-publish","4":"has-post-thumbnail","6":"pwb-brand-beaba","7":"product_cat-accessorios","8":"product_cat-baberos","9":"product_cat-platos-y-cuencos","10":"product_cat-regalos-originales-recien-nacidos","11":"product_cat-sets-regalo","12":"product_tag-alimentacion","13":"product_tag-set-regal","14":"desktop-align-left","15":"tablet-align-left","16":"mobile-align-left","18":"first","19":"instock","20":"taxable","21":"shipping-taxable","22":"purchasable","23":"product-type-simple"},"acf":[],"yoast_head":"<!-- This site is optimized with the Yoast SEO Premium plugin v18.3 (Yoast SEO v27.4) - https:\/\/yoast.com\/product\/yoast-seo-premium-wordpress\/ -->\n<title>Mi primer set de alimentaci\u00f3n Verd Salvia - Beaba &#8212; Som Llavors<\/title>\n<meta name=\"description\" content=\"Mi Primer Set de Comida B\u00e9aba: El inicio m\u00e1s natural y elegante en la alimentaci\u00f3n complementaria Un conjunto completo y refinado, dise\u00f1ado para acompa\u00f1ar a tu beb\u00e9 desde sus primeras cucharadas. La combinaci\u00f3n perfecta entre materiales seguros, innovaci\u00f3n y un dise\u00f1o precioso listo para regalar.    Materiales 100% saludables: Plato y cubiertos de acero inoxidable, libres de qu\u00edmicos y que no retienen olores ni sabores.   Aprendizaje limpio y f\u00e1cil: Incluye un pr\u00e1ctico babero con mangas desmontables y bolsillo recogemuelles.   El regalo ideal: Presentado en una preciosa caja dise\u00f1ada para ser reutilizada y guardar los tesoros y recuerdos de la criatura.\" \/>\n<meta name=\"robots\" content=\"index, follow, max-snippet:-1, max-image-preview:large, max-video-preview:-1\" \/>\n<link rel=\"canonical\" href=\"https:\/\/somllavors.com\/es\/producte\/mi-primer-set-de-alimentacion-verd-salvia-beaba\" \/>\n<meta property=\"og:locale\" content=\"es_ES\" \/>\n<meta property=\"og:type\" content=\"article\" \/>\n<meta property=\"og:title\" content=\"Mi primer set de alimentaci\u00f3n Verd Salvia - Beaba\" \/>\n<meta property=\"og:description\" content=\"La teva botiga d\u2019ecocrian\u00e7a i espai d\u2019acompanyament a la maternitat\" \/>\n<meta property=\"og:url\" content=\"https:\/\/somllavors.com\/es\/producte\/mi-primer-set-de-alimentacion-verd-salvia-beaba\" \/>\n<meta property=\"og:site_name\" content=\"Som Llavors\" \/>\n<meta property=\"article:publisher\" content=\"https:\/\/www.facebook.com\/somllavorsvng\/?locale=ca_ES\" \/>\n<meta property=\"article:modified_time\" content=\"2026-05-04T10:14:32+00:00\" \/>\n<meta property=\"og:image\" content=\"https:\/\/somllavors.com\/wp-content\/uploads\/2026\/04\/Som-LLavors-Mi-primer-set-de-comida-Verde-salvia-913639_product_face_1.jpg\" \/>\n\t<meta property=\"og:image:width\" content=\"800\" \/>\n\t<meta property=\"og:image:height\" content=\"800\" \/>\n\t<meta property=\"og:image:type\" content=\"image\/jpeg\" \/>\n<meta name=\"twitter:card\" content=\"summary_large_image\" \/>\n<meta name=\"twitter:label1\" content=\"Precio\" \/>\n\t<meta name=\"twitter:data1\" content=\"49,00&euro; Iva incl\u00f2s\" \/>\n\t<meta name=\"twitter:label2\" content=\"Availability\" \/>\n\t<meta name=\"twitter:data2\" content=\"Hay existencias\" \/>\n<script type=\"application\/ld+json\" class=\"yoast-schema-graph\">{\"@context\":\"https:\\\/\\\/schema.org\",\"@graph\":[{\"@type\":\"WebPage\",\"@id\":\"https:\\\/\\\/somllavors.com\\\/es\\\/producte\\\/mi-primer-set-de-alimentacion-verd-salvia-beaba\",\"url\":\"https:\\\/\\\/somllavors.com\\\/es\\\/producte\\\/mi-primer-set-de-alimentacion-verd-salvia-beaba\",\"name\":\"Mi primer set de alimentaci\u00f3n Verd Salvia - Beaba &#8212; Som Llavors\",\"isPartOf\":{\"@id\":\"https:\\\/\\\/somllavors.com\\\/es#website\"},\"primaryImageOfPage\":{\"@id\":\"https:\\\/\\\/somllavors.com\\\/es\\\/producte\\\/mi-primer-set-de-alimentacion-verd-salvia-beaba#primaryimage\"},\"image\":{\"@id\":\"https:\\\/\\\/somllavors.com\\\/es\\\/producte\\\/mi-primer-set-de-alimentacion-verd-salvia-beaba#primaryimage\"},\"thumbnailUrl\":\"https:\\\/\\\/somllavors.com\\\/wp-content\\\/uploads\\\/2026\\\/04\\\/Som-LLavors-Mi-primer-set-de-comida-Verde-salvia-913639_product_face_1.jpg\",\"datePublished\":\"2026-04-18T14:49:41+00:00\",\"dateModified\":\"2026-05-04T10:14:32+00:00\",\"description\":\"Mi Primer Set de Comida B\u00e9aba: El inicio m\u00e1s natural y elegante en la alimentaci\u00f3n complementaria Un conjunto completo y refinado, dise\u00f1ado para acompa\u00f1ar a tu beb\u00e9 desde sus primeras cucharadas. La combinaci\u00f3n perfecta entre materiales seguros, innovaci\u00f3n y un dise\u00f1o precioso listo para regalar. Materiales 100% saludables: Plato y cubiertos de acero inoxidable, libres de qu\u00edmicos y que no retienen olores ni sabores. Aprendizaje limpio y f\u00e1cil: Incluye un pr\u00e1ctico babero con mangas desmontables y bolsillo recogemuelles. El regalo ideal: Presentado en una preciosa caja dise\u00f1ada para ser reutilizada y guardar los tesoros y recuerdos de la criatura.\",\"breadcrumb\":{\"@id\":\"https:\\\/\\\/somllavors.com\\\/es\\\/producte\\\/mi-primer-set-de-alimentacion-verd-salvia-beaba#breadcrumb\"},\"inLanguage\":\"es\",\"potentialAction\":[{\"@type\":\"ReadAction\",\"target\":[\"https:\\\/\\\/somllavors.com\\\/es\\\/producte\\\/mi-primer-set-de-alimentacion-verd-salvia-beaba\"]}]},{\"@type\":\"ImageObject\",\"inLanguage\":\"es\",\"@id\":\"https:\\\/\\\/somllavors.com\\\/es\\\/producte\\\/mi-primer-set-de-alimentacion-verd-salvia-beaba#primaryimage\",\"url\":\"https:\\\/\\\/somllavors.com\\\/wp-content\\\/uploads\\\/2026\\\/04\\\/Som-LLavors-Mi-primer-set-de-comida-Verde-salvia-913639_product_face_1.jpg\",\"contentUrl\":\"https:\\\/\\\/somllavors.com\\\/wp-content\\\/uploads\\\/2026\\\/04\\\/Som-LLavors-Mi-primer-set-de-comida-Verde-salvia-913639_product_face_1.jpg\",\"width\":800,\"height\":800,\"caption\":\"set regalo alimentaci\u00f3n\"},{\"@type\":\"BreadcrumbList\",\"@id\":\"https:\\\/\\\/somllavors.com\\\/es\\\/producte\\\/mi-primer-set-de-alimentacion-verd-salvia-beaba#breadcrumb\",\"itemListElement\":[{\"@type\":\"ListItem\",\"position\":1,\"name\":\"Inici\",\"item\":\"https:\\\/\\\/somllavors.com\\\/es\"},{\"@type\":\"ListItem\",\"position\":2,\"name\":\"Tienda\",\"item\":\"https:\\\/\\\/somllavors.com\\\/es\\\/botiga-2\"},{\"@type\":\"ListItem\",\"position\":3,\"name\":\"Mi primer set de alimentaci\u00f3n Verd Salvia &#8211; Beaba\"}]},{\"@type\":\"WebSite\",\"@id\":\"https:\\\/\\\/somllavors.com\\\/es#website\",\"url\":\"https:\\\/\\\/somllavors.com\\\/es\",\"name\":\"Som Llavors\",\"description\":\"Botiga de crian\u00e7a natural\",\"publisher\":{\"@id\":\"https:\\\/\\\/somllavors.com\\\/es#organization\"},\"alternateName\":\"Crian\u00e7a Natural i Sostenible\",\"potentialAction\":[{\"@type\":\"SearchAction\",\"target\":{\"@type\":\"EntryPoint\",\"urlTemplate\":\"https:\\\/\\\/somllavors.com\\\/es?s={search_term_string}\"},\"query-input\":{\"@type\":\"PropertyValueSpecification\",\"valueRequired\":true,\"valueName\":\"search_term_string\"}}],\"inLanguage\":\"es\"},{\"@type\":[\"Organization\",\"Place\",\"Store\"],\"@id\":\"https:\\\/\\\/somllavors.com\\\/es#organization\",\"name\":\"Som Llavors\",\"alternateName\":\"Crian\u00e7a Natural i Sostenible\",\"url\":\"https:\\\/\\\/somllavors.com\\\/es\",\"logo\":{\"@id\":\"https:\\\/\\\/somllavors.com\\\/es\\\/producte\\\/mi-primer-set-de-alimentacion-verd-salvia-beaba#local-main-organization-logo\"},\"image\":{\"@id\":\"https:\\\/\\\/somllavors.com\\\/es\\\/producte\\\/mi-primer-set-de-alimentacion-verd-salvia-beaba#local-main-organization-logo\"},\"sameAs\":[\"https:\\\/\\\/www.facebook.com\\\/somllavorsvng\\\/?locale=ca_ES\",\"https:\\\/\\\/www.instagram.com\\\/somllavors_vng\\\/\",\"https:\\\/\\\/www.youtube.com\\\/@somllavors\"],\"address\":{\"@id\":\"https:\\\/\\\/somllavors.com\\\/es\\\/producte\\\/mi-primer-set-de-alimentacion-verd-salvia-beaba#local-main-place-address\"},\"geo\":{\"@type\":\"GeoCoordinates\",\"latitude\":\"41.2257737\",\"longitude\":\"1.723258859\"},\"telephone\":[\"623152704\"],\"openingHoursSpecification\":[{\"@type\":\"OpeningHoursSpecification\",\"dayOfWeek\":[\"Monday\",\"Sunday\"],\"opens\":\"00:00\",\"closes\":\"00:00\"},{\"@type\":\"OpeningHoursSpecification\",\"dayOfWeek\":[\"Tuesday\",\"Wednesday\",\"Thursday\",\"Friday\"],\"opens\":\"10:00\",\"closes\":\"20:00\"},{\"@type\":\"OpeningHoursSpecification\",\"dayOfWeek\":[\"Saturday\"],\"opens\":\"10:00\",\"closes\":\"13:30\"}],\"email\":\"info@somllavors.com\"},{\"@type\":\"PostalAddress\",\"@id\":\"https:\\\/\\\/somllavors.com\\\/es\\\/producte\\\/mi-primer-set-de-alimentacion-verd-salvia-beaba#local-main-place-address\",\"streetAddress\":\"Carrer de l'aigua, 6\",\"addressLocality\":\"Vilanova i la Geltr\u00fa\",\"postalCode\":\"08800\",\"addressRegion\":\"Barcelona\",\"addressCountry\":\"ES\"},{\"@type\":\"ImageObject\",\"inLanguage\":\"es\",\"@id\":\"https:\\\/\\\/somllavors.com\\\/es\\\/producte\\\/mi-primer-set-de-alimentacion-verd-salvia-beaba#local-main-organization-logo\",\"url\":\"https:\\\/\\\/somllavors.com\\\/wp-content\\\/uploads\\\/Logotip-Som-Llavors.jpg\",\"contentUrl\":\"https:\\\/\\\/somllavors.com\\\/wp-content\\\/uploads\\\/Logotip-Som-Llavors.jpg\",\"width\":1444,\"height\":1323,\"caption\":\"Som Llavors\"}]}<\/script>\n<meta property=\"product:price:amount\" content=\"49.00\" \/>\n<meta property=\"product:price:currency\" content=\"EUR\" \/>\n<meta property=\"og:availability\" content=\"instock\" \/>\n<meta property=\"product:availability\" content=\"instock\" \/>\n<meta property=\"product:retailer_item_id\" content=\"913639\" \/>\n<meta property=\"product:condition\" content=\"new\" \/>\n<meta name=\"geo.placename\" content=\"Vilanova i la Geltr\u00fa\" \/>\n<meta name=\"geo.position\" content=\"41.2257737;1.723258859\" \/>\n<meta name=\"geo.region\" content=\"Espa\u00f1a\" \/>\n<!-- \/ Yoast SEO Premium plugin. -->","yoast_head_json":{"title":"Mi primer set de alimentaci\u00f3n Verd Salvia - Beaba &#8212; Som Llavors","description":"Mi Primer Set de Comida B\u00e9aba: El inicio m\u00e1s natural y elegante en la alimentaci\u00f3n complementaria Un conjunto completo y refinado, dise\u00f1ado para acompa\u00f1ar a tu beb\u00e9 desde sus primeras cucharadas. La combinaci\u00f3n perfecta entre materiales seguros, innovaci\u00f3n y un dise\u00f1o precioso listo para regalar.    Materiales 100% saludables: Plato y cubiertos de acero inoxidable, libres de qu\u00edmicos y que no retienen olores ni sabores.   Aprendizaje limpio y f\u00e1cil: Incluye un pr\u00e1ctico babero con mangas desmontables y bolsillo recogemuelles.   El regalo ideal: Presentado en una preciosa caja dise\u00f1ada para ser reutilizada y guardar los tesoros y recuerdos de la criatura.","robots":{"index":"index","follow":"follow","max-snippet":"max-snippet:-1","max-image-preview":"max-image-preview:large","max-video-preview":"max-video-preview:-1"},"canonical":"https:\/\/somllavors.com\/es\/producte\/mi-primer-set-de-alimentacion-verd-salvia-beaba","og_locale":"es_ES","og_type":"article","og_title":"Mi primer set de alimentaci\u00f3n Verd Salvia - Beaba","og_description":"La teva botiga d\u2019ecocrian\u00e7a i espai d\u2019acompanyament a la maternitat","og_url":"https:\/\/somllavors.com\/es\/producte\/mi-primer-set-de-alimentacion-verd-salvia-beaba","og_site_name":"Som Llavors","article_publisher":"https:\/\/www.facebook.com\/somllavorsvng\/?locale=ca_ES","article_modified_time":"2026-05-04T10:14:32+00:00","og_image":[{"width":800,"height":800,"url":"https:\/\/somllavors.com\/wp-content\/uploads\/2026\/04\/Som-LLavors-Mi-primer-set-de-comida-Verde-salvia-913639_product_face_1.jpg","type":"image\/jpeg"}],"twitter_card":"summary_large_image","twitter_misc":{"Precio":"49,00&euro; Iva incl\u00f2s","Availability":"Hay existencias"},"schema":{"@context":"https:\/\/schema.org","@graph":[{"@type":"WebPage","@id":"https:\/\/somllavors.com\/es\/producte\/mi-primer-set-de-alimentacion-verd-salvia-beaba","url":"https:\/\/somllavors.com\/es\/producte\/mi-primer-set-de-alimentacion-verd-salvia-beaba","name":"Mi primer set de alimentaci\u00f3n Verd Salvia - Beaba &#8212; Som Llavors","isPartOf":{"@id":"https:\/\/somllavors.com\/es#website"},"primaryImageOfPage":{"@id":"https:\/\/somllavors.com\/es\/producte\/mi-primer-set-de-alimentacion-verd-salvia-beaba#primaryimage"},"image":{"@id":"https:\/\/somllavors.com\/es\/producte\/mi-primer-set-de-alimentacion-verd-salvia-beaba#primaryimage"},"thumbnailUrl":"https:\/\/somllavors.com\/wp-content\/uploads\/2026\/04\/Som-LLavors-Mi-primer-set-de-comida-Verde-salvia-913639_product_face_1.jpg","datePublished":"2026-04-18T14:49:41+00:00","dateModified":"2026-05-04T10:14:32+00:00","description":"Mi Primer Set de Comida B\u00e9aba: El inicio m\u00e1s natural y elegante en la alimentaci\u00f3n complementaria Un conjunto completo y refinado, dise\u00f1ado para acompa\u00f1ar a tu beb\u00e9 desde sus primeras cucharadas. La combinaci\u00f3n perfecta entre materiales seguros, innovaci\u00f3n y un dise\u00f1o precioso listo para regalar. Materiales 100% saludables: Plato y cubiertos de acero inoxidable, libres de qu\u00edmicos y que no retienen olores ni sabores. Aprendizaje limpio y f\u00e1cil: Incluye un pr\u00e1ctico babero con mangas desmontables y bolsillo recogemuelles. El regalo ideal: Presentado en una preciosa caja dise\u00f1ada para ser reutilizada y guardar los tesoros y recuerdos de la criatura.","breadcrumb":{"@id":"https:\/\/somllavors.com\/es\/producte\/mi-primer-set-de-alimentacion-verd-salvia-beaba#breadcrumb"},"inLanguage":"es","potentialAction":[{"@type":"ReadAction","target":["https:\/\/somllavors.com\/es\/producte\/mi-primer-set-de-alimentacion-verd-salvia-beaba"]}]},{"@type":"ImageObject","inLanguage":"es","@id":"https:\/\/somllavors.com\/es\/producte\/mi-primer-set-de-alimentacion-verd-salvia-beaba#primaryimage","url":"https:\/\/somllavors.com\/wp-content\/uploads\/2026\/04\/Som-LLavors-Mi-primer-set-de-comida-Verde-salvia-913639_product_face_1.jpg","contentUrl":"https:\/\/somllavors.com\/wp-content\/uploads\/2026\/04\/Som-LLavors-Mi-primer-set-de-comida-Verde-salvia-913639_product_face_1.jpg","width":800,"height":800,"caption":"set regalo alimentaci\u00f3n"},{"@type":"BreadcrumbList","@id":"https:\/\/somllavors.com\/es\/producte\/mi-primer-set-de-alimentacion-verd-salvia-beaba#breadcrumb","itemListElement":[{"@type":"ListItem","position":1,"name":"Inici","item":"https:\/\/somllavors.com\/es"},{"@type":"ListItem","position":2,"name":"Tienda","item":"https:\/\/somllavors.com\/es\/botiga-2"},{"@type":"ListItem","position":3,"name":"Mi primer set de alimentaci\u00f3n Verd Salvia &#8211; Beaba"}]},{"@type":"WebSite","@id":"https:\/\/somllavors.com\/es#website","url":"https:\/\/somllavors.com\/es","name":"Som Llavors","description":"Botiga de crian\u00e7a natural","publisher":{"@id":"https:\/\/somllavors.com\/es#organization"},"alternateName":"Crian\u00e7a Natural i Sostenible","potentialAction":[{"@type":"SearchAction","target":{"@type":"EntryPoint","urlTemplate":"https:\/\/somllavors.com\/es?s={search_term_string}"},"query-input":{"@type":"PropertyValueSpecification","valueRequired":true,"valueName":"search_term_string"}}],"inLanguage":"es"},{"@type":["Organization","Place","Store"],"@id":"https:\/\/somllavors.com\/es#organization","name":"Som Llavors","alternateName":"Crian\u00e7a Natural i Sostenible","url":"https:\/\/somllavors.com\/es","logo":{"@id":"https:\/\/somllavors.com\/es\/producte\/mi-primer-set-de-alimentacion-verd-salvia-beaba#local-main-organization-logo"},"image":{"@id":"https:\/\/somllavors.com\/es\/producte\/mi-primer-set-de-alimentacion-verd-salvia-beaba#local-main-organization-logo"},"sameAs":["https:\/\/www.facebook.com\/somllavorsvng\/?locale=ca_ES","https:\/\/www.instagram.com\/somllavors_vng\/","https:\/\/www.youtube.com\/@somllavors"],"address":{"@id":"https:\/\/somllavors.com\/es\/producte\/mi-primer-set-de-alimentacion-verd-salvia-beaba#local-main-place-address"},"geo":{"@type":"GeoCoordinates","latitude":"41.2257737","longitude":"1.723258859"},"telephone":["623152704","623152704"],"openingHoursSpecification":[{"@type":"OpeningHoursSpecification","dayOfWeek":["Monday","Sunday"],"opens":"00:00","closes":"00:00"},{"@type":"OpeningHoursSpecification","dayOfWeek":["Tuesday","Wednesday","Thursday","Friday"],"opens":"10:00","closes":"20:00"},{"@type":"OpeningHoursSpecification","dayOfWeek":["Saturday"],"opens":"10:00","closes":"13:30"}],"email":"info@somllavors.com"},{"@type":"PostalAddress","@id":"https:\/\/somllavors.com\/es\/producte\/mi-primer-set-de-alimentacion-verd-salvia-beaba#local-main-place-address","streetAddress":"Carrer de l'aigua, 6","addressLocality":"Vilanova i la Geltr\u00fa","postalCode":"08800","addressRegion":"Barcelona","addressCountry":"ES"},{"@type":"ImageObject","inLanguage":"es","@id":"https:\/\/somllavors.com\/es\/producte\/mi-primer-set-de-alimentacion-verd-salvia-beaba#local-main-organization-logo","url":"https:\/\/somllavors.com\/wp-content\/uploads\/Logotip-Som-Llavors.jpg","contentUrl":"https:\/\/somllavors.com\/wp-content\/uploads\/Logotip-Som-Llavors.jpg","width":1444,"height":1323,"caption":"Som Llavors"}]},"product_price_amount":"49.00","product_price_currency":"EUR","og_availability":"instock","product_availability":"instock","product_retailer_item_id":"913639","product_condition":"new","geo.placename":"Vilanova i la Geltr\u00fa","geo.position":{"lat":"41.2257737","long":"1.723258859"},"geo.region":"Espa\u00f1a"},"brands":[{"id":4285,"name":"B\u00e9aba","slug":"beaba"}],"_links":{"self":[{"href":"https:\/\/somllavors.com\/es\/wp-json\/wp\/v2\/product\/92503","targetHints":{"allow":["GET"]}}],"collection":[{"href":"https:\/\/somllavors.com\/es\/wp-json\/wp\/v2\/product"}],"about":[{"href":"https:\/\/somllavors.com\/es\/wp-json\/wp\/v2\/types\/product"}],"wp:featuredmedia":[{"embeddable":true,"href":"https:\/\/somllavors.com\/es\/wp-json\/wp\/v2\/media\/91530"}],"wp:attachment":[{"href":"https:\/\/somllavors.com\/es\/wp-json\/wp\/v2\/media?parent=92503"}],"wp:term":[{"taxonomy":"pwb-brand","embeddable":true,"href":"https:\/\/somllavors.com\/es\/wp-json\/wp\/v2\/pwb-brand?post=92503"},{"taxonomy":"product_brand","embeddable":true,"href":"https:\/\/somllavors.com\/es\/wp-json\/wp\/v2\/product_brand?post=92503"},{"taxonomy":"product_cat","embeddable":true,"href":"https:\/\/somllavors.com\/es\/wp-json\/wp\/v2\/product_cat?post=92503"},{"taxonomy":"product_tag","embeddable":true,"href":"https:\/\/somllavors.com\/es\/wp-json\/wp\/v2\/product_tag?post=92503"}],"curies":[{"name":"wp","href":"https:\/\/api.w.org\/{rel}","templated":true}]}}