{"id":92635,"date":"2026-05-12T08:49:23","date_gmt":"2026-05-12T06:49:23","guid":{"rendered":"https:\/\/somllavors.com\/?post_type=product&#038;p=92635"},"modified":"2026-05-12T08:50:10","modified_gmt":"2026-05-12T06:50:10","slug":"baixera-de-punt-per-a-cabas-de-74-x-32-cm-color-gris","status":"publish","type":"product","link":"https:\/\/somllavors.com\/es\/producte\/baixera-de-punt-per-a-cabas-de-74-x-32-cm-color-gris","title":{"rendered":"Baixera de punt per a cab\u00e0s de 74 x 32 cm color gris"},"content":{"rendered":"<h3>Compatibilitat i Mesures<\/h3>\n<p>Cab\u00e0s Joolz Day 5 \u00ae, Joolz GEO 5 \u00ae, Joolz Hub 2\u00ae&#8230;<\/p>\n<p>Cab\u00e0s Bugaboo Cameleon 3 \u00ae.<\/p>\n<p>Cab\u00e0s per a Jan\u00e9 Muum\u00ae.<\/p>\n<p>Cab\u00e0s per a Cybex Priam\u00ae.<\/p>\n<p>Cab\u00e0s per a Bugaboo\u00ae.<\/p>\n<p>Matalassos m\u00e0xim de 74 x 32 cm.<\/p>\n<p>Caba\u00e7os de v\u00edmet o palmell.<\/p>\n<h3>Inclou<\/h3>\n<p>1 llen\u00e7ol de sota.<\/p>\n<h3>Composici\u00f3<\/h3>\n<p>96% cot\u00f3, 4% elast\u00e0.<\/p>\n<h3><strong>Caracter\u00edsticas<br \/>\n<\/strong><\/h3>\n<p><img loading=\"lazy\" decoding=\"async\" src=\"https:\/\/www.fundasbcn.com\/img\/cms\/page-product\/COTTON-FIRST.png\" alt=\"COTTON-FIRST.png\" width=\"35\" height=\"35\" \/> Cot\u00f3 d\u00b4alta qualitat.<\/p>\n<p><img loading=\"lazy\" decoding=\"async\" src=\"https:\/\/www.fundasbcn.com\/img\/cms\/page-product\/SLOW-CREATIONS.png\" alt=\"SLOW-CREATIONS.png\" width=\"35\" height=\"35\" \/> Fil certificat Oeko-Tex.<\/p>\n<p><img loading=\"lazy\" decoding=\"async\" src=\"https:\/\/www.fundasbcn.com\/img\/cms\/page-product\/HANDMADE-DESIGNS.png\" alt=\"HANDMADE-DESIGNS.png\" width=\"35\" height=\"35\" \/> Diseny exclusiu Fun*das bcn.<\/p>\n<p><img loading=\"lazy\" decoding=\"async\" src=\"https:\/\/www.fundasbcn.com\/img\/cms\/page-product\/LOW-IMPACT.png\" alt=\"LOW-IMPACT.png\" width=\"35\" height=\"35\" \/> 0% emisiones, Km 0 de veritat.<\/p>\n<p><img loading=\"lazy\" decoding=\"async\" src=\"https:\/\/www.fundasbcn.com\/img\/cms\/page-product\/VEGAN-PRODUCT.png\" alt=\"VEGAN-PRODUCT.png\" width=\"35\" height=\"35\" \/> Producte veg\u00e0: no cont\u00e9 ingredients o productes procedents d&#8217;animals.<\/p>\n<h3><\/h3>\n<h3><strong>Cura<\/strong><\/h3>\n<p><strong><img loading=\"lazy\" decoding=\"async\" src=\"https:\/\/fundasbcn.com\/img\/cms\/page-product\/fundasbcn-machine-wash-cold-30.png\" alt=\"fundasbcn-machine-wash-cold-30.png\" width=\"40\" height=\"40\" \/><\/strong>Rentable a m\u00e0quina fins a 30\u00ba.<\/p>\n<p><strong><img loading=\"lazy\" decoding=\"async\" src=\"https:\/\/fundasbcn.com\/img\/cms\/page-product\/fundasbcn-do-not-bleach.png\" alt=\"fundasbcn-do-not-bleach.png\" width=\"40\" height=\"40\" \/><\/strong>No utilitzeu lleixiu.<\/p>\n<p><img loading=\"lazy\" decoding=\"async\" src=\"https:\/\/fundasbcn.com\/img\/cms\/page-product\/fundasbcn-do-not-tumble-dry.png\" alt=\"fundasbcn-do-not-tumble-dry.png\" width=\"40\" height=\"40\" \/>No utilitzeu assecadora.<\/p>\n<p><img loading=\"lazy\" decoding=\"async\" src=\"https:\/\/fundasbcn.com\/img\/cms\/page-product\/fundasbcn-do-not-dryclean.png\" alt=\"fundasbcn-do-not-dryclean.png\" width=\"40\" height=\"40\" \/>No es renteu en sec.<\/p>\n<p><img loading=\"lazy\" decoding=\"async\" src=\"https:\/\/fundasbcn.com\/img\/cms\/page-product\/fundasbcn-iron-low-temperature.png\" alt=\"fundasbcn-iron-low-temperature.png\" width=\"40\" height=\"40\" \/>Si cal planxar, aplicar temperatura suau.<\/p>\n","protected":false},"excerpt":{"rendered":"<p>Llen\u00e7ol de sota ajustable per a cab\u00e0s de carros de passeig. Tamb\u00e9 v\u00e0lid per a mois\u00e8s i cab\u00e0s de v\u00edmet o palmell. Confeccionada a m\u00e0 amb suau teixit de 100% cot\u00f3. Un b\u00e0sic imprescindible en qualsevol \u00e8poca de l&#8217;any, perqu\u00e8 el nad\u00f3 senti una base agradable que us ajudi a dormir m\u00e9s confortablement. S&#8217;adapta a diverses marques de cab\u00e0s. Consulta les mesures i compatibilitats confirmades a la fitxa t\u00e8cnica del producte.<\/p>\n","protected":false},"featured_media":92641,"template":"","meta":{"_acf_changed":false,"site-sidebar-layout":"default","site-content-layout":"","ast-site-content-layout":"default","site-content-style":"default","site-sidebar-style":"default","ast-global-header-display":"","ast-banner-title-visibility":"","ast-main-header-display":"","ast-hfb-above-header-display":"","ast-hfb-below-header-display":"","ast-hfb-mobile-header-display":"","site-post-title":"","ast-breadcrumbs-content":"","ast-featured-img":"","footer-sml-layout":"","ast-disable-related-posts":"","theme-transparent-header-meta":"default","adv-header-id-meta":"","stick-header-meta":"","header-above-stick-meta":"","header-main-stick-meta":"","header-below-stick-meta":"","astra-migrate-meta-layouts":"set","ast-page-background-enabled":"default","ast-page-background-meta":{"desktop":{"background-color":"","background-image":"","background-repeat":"repeat","background-position":"center center","background-size":"auto","background-attachment":"scroll","background-type":"","background-media":"","overlay-type":"","overlay-color":"","overlay-opacity":"","overlay-gradient":""},"tablet":{"background-color":"","background-image":"","background-repeat":"repeat","background-position":"center center","background-size":"auto","background-attachment":"scroll","background-type":"","background-media":"","overlay-type":"","overlay-color":"","overlay-opacity":"","overlay-gradient":""},"mobile":{"background-color":"","background-image":"","background-repeat":"repeat","background-position":"center center","background-size":"auto","background-attachment":"scroll","background-type":"","background-media":"","overlay-type":"","overlay-color":"","overlay-opacity":"","overlay-gradient":""}},"ast-content-background-meta":{"desktop":{"background-color":"var(--ast-global-color-5)","background-image":"","background-repeat":"repeat","background-position":"center center","background-size":"auto","background-attachment":"scroll","background-type":"","background-media":"","overlay-type":"","overlay-color":"","overlay-opacity":"","overlay-gradient":""},"tablet":{"background-color":"var(--ast-global-color-5)","background-image":"","background-repeat":"repeat","background-position":"center center","background-size":"auto","background-attachment":"scroll","background-type":"","background-media":"","overlay-type":"","overlay-color":"","overlay-opacity":"","overlay-gradient":""},"mobile":{"background-color":"var(--ast-global-color-5)","background-image":"","background-repeat":"repeat","background-position":"center center","background-size":"auto","background-attachment":"scroll","background-type":"","background-media":"","overlay-type":"","overlay-color":"","overlay-opacity":"","overlay-gradient":""}}},"pwb-brand":[4150],"product_brand":[],"product_cat":[4317,1722],"product_tag":[],"class_list":{"0":"post-92635","1":"product","2":"type-product","3":"status-publish","4":"has-post-thumbnail","6":"pwb-brand-fundas-bcn","7":"product_cat-accessoris-cotxets-cotxets","8":"product_cat-llencols-i-protectors-de-matalas","9":"desktop-align-left","10":"tablet-align-left","11":"mobile-align-left","13":"first","14":"instock","15":"taxable","16":"shipping-taxable","17":"purchasable","18":"product-type-simple"},"acf":[],"yoast_head":"<!-- This site is optimized with the Yoast SEO Premium plugin v18.3 (Yoast SEO v27.4) - https:\/\/yoast.com\/product\/yoast-seo-premium-wordpress\/ -->\n<title>Baixera de punt per a cab\u00e0s de 74 x 32 cm color gris &#8212; Som Llavors<\/title>\n<meta name=\"description\" content=\"Llen\u00e7ol de sota ajustable per a cab\u00e0s de carros de passeig. Tamb\u00e9 v\u00e0lid per a mois\u00e8s i cab\u00e0s de v\u00edmet o palmell. Confeccionada a m\u00e0 amb suau teixit de 100% cot\u00f3. Un b\u00e0sic imprescindible en qualsevol \u00e8poca de l&#039;any, perqu\u00e8 el nad\u00f3 senti una base agradable que us ajudi a dormir m\u00e9s confortablement. S&#039;adapta a diverses marques de cab\u00e0s. Consulta les mesures i compatibilitats confirmades a la fitxa t\u00e8cnica del producte.\" \/>\n<meta name=\"robots\" content=\"index, follow, max-snippet:-1, max-image-preview:large, max-video-preview:-1\" \/>\n<link rel=\"canonical\" href=\"https:\/\/somllavors.com\/es\/producte\/baixera-de-punt-per-a-cabas-de-74-x-32-cm-color-gris\" \/>\n<meta property=\"og:locale\" content=\"es_ES\" \/>\n<meta property=\"og:type\" content=\"article\" \/>\n<meta property=\"og:title\" content=\"Baixera de punt per a cab\u00e0s de 74 x 32 cm color gris\" \/>\n<meta property=\"og:description\" content=\"La teva botiga d\u2019ecocrian\u00e7a i espai d\u2019acompanyament a la maternitat\" \/>\n<meta property=\"og:url\" content=\"https:\/\/somllavors.com\/es\/producte\/baixera-de-punt-per-a-cabas-de-74-x-32-cm-color-gris\" \/>\n<meta property=\"og:site_name\" content=\"Som Llavors\" \/>\n<meta property=\"article:publisher\" content=\"https:\/\/www.facebook.com\/somllavorsvng\/?locale=ca_ES\" \/>\n<meta property=\"article:modified_time\" content=\"2026-05-12T06:50:10+00:00\" \/>\n<meta property=\"og:image\" content=\"https:\/\/somllavors.com\/wp-content\/uploads\/2026\/05\/bajera-de-punto-para-capazo-de-74-x-32-cm.webp\" \/>\n\t<meta property=\"og:image:width\" content=\"1000\" \/>\n\t<meta property=\"og:image:height\" content=\"1125\" \/>\n\t<meta property=\"og:image:type\" content=\"image\/webp\" \/>\n<meta name=\"twitter:card\" content=\"summary_large_image\" \/>\n<meta name=\"twitter:label1\" content=\"Precio\" \/>\n\t<meta name=\"twitter:data1\" content=\"21,95&euro; Iva incl\u00f2s\" \/>\n\t<meta name=\"twitter:label2\" content=\"Availability\" \/>\n\t<meta name=\"twitter:data2\" content=\"Hay existencias\" \/>\n<script type=\"application\/ld+json\" class=\"yoast-schema-graph\">{\"@context\":\"https:\\\/\\\/schema.org\",\"@graph\":[{\"@type\":\"WebPage\",\"@id\":\"https:\\\/\\\/somllavors.com\\\/es\\\/producte\\\/baixera-de-punt-per-a-cabas-de-74-x-32-cm-color-gris\",\"url\":\"https:\\\/\\\/somllavors.com\\\/es\\\/producte\\\/baixera-de-punt-per-a-cabas-de-74-x-32-cm-color-gris\",\"name\":\"Baixera de punt per a cab\u00e0s de 74 x 32 cm color gris &#8212; Som Llavors\",\"isPartOf\":{\"@id\":\"https:\\\/\\\/somllavors.com\\\/es#website\"},\"primaryImageOfPage\":{\"@id\":\"https:\\\/\\\/somllavors.com\\\/es\\\/producte\\\/baixera-de-punt-per-a-cabas-de-74-x-32-cm-color-gris#primaryimage\"},\"image\":{\"@id\":\"https:\\\/\\\/somllavors.com\\\/es\\\/producte\\\/baixera-de-punt-per-a-cabas-de-74-x-32-cm-color-gris#primaryimage\"},\"thumbnailUrl\":\"https:\\\/\\\/somllavors.com\\\/wp-content\\\/uploads\\\/2026\\\/05\\\/bajera-de-punto-para-capazo-de-74-x-32-cm.webp\",\"datePublished\":\"2026-05-12T06:49:23+00:00\",\"dateModified\":\"2026-05-12T06:50:10+00:00\",\"description\":\"Llen\u00e7ol de sota ajustable per a cab\u00e0s de carros de passeig. Tamb\u00e9 v\u00e0lid per a mois\u00e8s i cab\u00e0s de v\u00edmet o palmell. Confeccionada a m\u00e0 amb suau teixit de 100% cot\u00f3. Un b\u00e0sic imprescindible en qualsevol \u00e8poca de l'any, perqu\u00e8 el nad\u00f3 senti una base agradable que us ajudi a dormir m\u00e9s confortablement. S'adapta a diverses marques de cab\u00e0s. Consulta les mesures i compatibilitats confirmades a la fitxa t\u00e8cnica del producte.\",\"breadcrumb\":{\"@id\":\"https:\\\/\\\/somllavors.com\\\/es\\\/producte\\\/baixera-de-punt-per-a-cabas-de-74-x-32-cm-color-gris#breadcrumb\"},\"inLanguage\":\"es\",\"potentialAction\":[{\"@type\":\"ReadAction\",\"target\":[\"https:\\\/\\\/somllavors.com\\\/es\\\/producte\\\/baixera-de-punt-per-a-cabas-de-74-x-32-cm-color-gris\"]}]},{\"@type\":\"ImageObject\",\"inLanguage\":\"es\",\"@id\":\"https:\\\/\\\/somllavors.com\\\/es\\\/producte\\\/baixera-de-punt-per-a-cabas-de-74-x-32-cm-color-gris#primaryimage\",\"url\":\"https:\\\/\\\/somllavors.com\\\/wp-content\\\/uploads\\\/2026\\\/05\\\/bajera-de-punto-para-capazo-de-74-x-32-cm.webp\",\"contentUrl\":\"https:\\\/\\\/somllavors.com\\\/wp-content\\\/uploads\\\/2026\\\/05\\\/bajera-de-punto-para-capazo-de-74-x-32-cm.webp\",\"width\":1000,\"height\":1125,\"caption\":\"llen\u00e7ol de sota cab\u00e0s baixera funda\"},{\"@type\":\"BreadcrumbList\",\"@id\":\"https:\\\/\\\/somllavors.com\\\/es\\\/producte\\\/baixera-de-punt-per-a-cabas-de-74-x-32-cm-color-gris#breadcrumb\",\"itemListElement\":[{\"@type\":\"ListItem\",\"position\":1,\"name\":\"Inici\",\"item\":\"https:\\\/\\\/somllavors.com\\\/es\"},{\"@type\":\"ListItem\",\"position\":2,\"name\":\"Tienda\",\"item\":\"https:\\\/\\\/somllavors.com\\\/es\\\/botiga-2\"},{\"@type\":\"ListItem\",\"position\":3,\"name\":\"Baixera de punt per a cab\u00e0s de 74 x 32 cm color gris\"}]},{\"@type\":\"WebSite\",\"@id\":\"https:\\\/\\\/somllavors.com\\\/es#website\",\"url\":\"https:\\\/\\\/somllavors.com\\\/es\",\"name\":\"Som Llavors\",\"description\":\"Botiga de crian\u00e7a natural\",\"publisher\":{\"@id\":\"https:\\\/\\\/somllavors.com\\\/es#organization\"},\"alternateName\":\"Crian\u00e7a Natural i Sostenible\",\"potentialAction\":[{\"@type\":\"SearchAction\",\"target\":{\"@type\":\"EntryPoint\",\"urlTemplate\":\"https:\\\/\\\/somllavors.com\\\/es?s={search_term_string}\"},\"query-input\":{\"@type\":\"PropertyValueSpecification\",\"valueRequired\":true,\"valueName\":\"search_term_string\"}}],\"inLanguage\":\"es\"},{\"@type\":[\"Organization\",\"Place\",\"Store\"],\"@id\":\"https:\\\/\\\/somllavors.com\\\/es#organization\",\"name\":\"Som Llavors\",\"alternateName\":\"Crian\u00e7a Natural i Sostenible\",\"url\":\"https:\\\/\\\/somllavors.com\\\/es\",\"logo\":{\"@id\":\"https:\\\/\\\/somllavors.com\\\/es\\\/producte\\\/baixera-de-punt-per-a-cabas-de-74-x-32-cm-color-gris#local-main-organization-logo\"},\"image\":{\"@id\":\"https:\\\/\\\/somllavors.com\\\/es\\\/producte\\\/baixera-de-punt-per-a-cabas-de-74-x-32-cm-color-gris#local-main-organization-logo\"},\"sameAs\":[\"https:\\\/\\\/www.facebook.com\\\/somllavorsvng\\\/?locale=ca_ES\",\"https:\\\/\\\/www.instagram.com\\\/somllavors_vng\\\/\",\"https:\\\/\\\/www.youtube.com\\\/@somllavors\"],\"address\":{\"@id\":\"https:\\\/\\\/somllavors.com\\\/es\\\/producte\\\/baixera-de-punt-per-a-cabas-de-74-x-32-cm-color-gris#local-main-place-address\"},\"geo\":{\"@type\":\"GeoCoordinates\",\"latitude\":\"41.2257737\",\"longitude\":\"1.723258859\"},\"telephone\":[\"623152704\"],\"openingHoursSpecification\":[{\"@type\":\"OpeningHoursSpecification\",\"dayOfWeek\":[\"Monday\",\"Sunday\"],\"opens\":\"00:00\",\"closes\":\"00:00\"},{\"@type\":\"OpeningHoursSpecification\",\"dayOfWeek\":[\"Tuesday\",\"Wednesday\",\"Thursday\",\"Friday\"],\"opens\":\"10:00\",\"closes\":\"20:00\"},{\"@type\":\"OpeningHoursSpecification\",\"dayOfWeek\":[\"Saturday\"],\"opens\":\"10:00\",\"closes\":\"13:30\"}],\"email\":\"info@somllavors.com\"},{\"@type\":\"PostalAddress\",\"@id\":\"https:\\\/\\\/somllavors.com\\\/es\\\/producte\\\/baixera-de-punt-per-a-cabas-de-74-x-32-cm-color-gris#local-main-place-address\",\"streetAddress\":\"Carrer de l'aigua, 6\",\"addressLocality\":\"Vilanova i la Geltr\u00fa\",\"postalCode\":\"08800\",\"addressRegion\":\"Barcelona\",\"addressCountry\":\"ES\"},{\"@type\":\"ImageObject\",\"inLanguage\":\"es\",\"@id\":\"https:\\\/\\\/somllavors.com\\\/es\\\/producte\\\/baixera-de-punt-per-a-cabas-de-74-x-32-cm-color-gris#local-main-organization-logo\",\"url\":\"https:\\\/\\\/somllavors.com\\\/wp-content\\\/uploads\\\/Logotip-Som-Llavors.jpg\",\"contentUrl\":\"https:\\\/\\\/somllavors.com\\\/wp-content\\\/uploads\\\/Logotip-Som-Llavors.jpg\",\"width\":1444,\"height\":1323,\"caption\":\"Som Llavors\"}]}<\/script>\n<meta property=\"product:price:amount\" content=\"21.95\" \/>\n<meta property=\"product:price:currency\" content=\"EUR\" \/>\n<meta property=\"og:availability\" content=\"instock\" \/>\n<meta property=\"product:availability\" content=\"instock\" \/>\n<meta property=\"product:retailer_item_id\" content=\"B10L_93_U\" \/>\n<meta property=\"product:condition\" content=\"new\" \/>\n<meta name=\"geo.placename\" content=\"Vilanova i la Geltr\u00fa\" \/>\n<meta name=\"geo.position\" content=\"41.2257737;1.723258859\" \/>\n<meta name=\"geo.region\" content=\"Espa\u00f1a\" \/>\n<!-- \/ Yoast SEO Premium plugin. -->","yoast_head_json":{"title":"Baixera de punt per a cab\u00e0s de 74 x 32 cm color gris &#8212; Som Llavors","description":"Llen\u00e7ol de sota ajustable per a cab\u00e0s de carros de passeig. Tamb\u00e9 v\u00e0lid per a mois\u00e8s i cab\u00e0s de v\u00edmet o palmell. Confeccionada a m\u00e0 amb suau teixit de 100% cot\u00f3. Un b\u00e0sic imprescindible en qualsevol \u00e8poca de l'any, perqu\u00e8 el nad\u00f3 senti una base agradable que us ajudi a dormir m\u00e9s confortablement. S'adapta a diverses marques de cab\u00e0s. Consulta les mesures i compatibilitats confirmades a la fitxa t\u00e8cnica del producte.","robots":{"index":"index","follow":"follow","max-snippet":"max-snippet:-1","max-image-preview":"max-image-preview:large","max-video-preview":"max-video-preview:-1"},"canonical":"https:\/\/somllavors.com\/es\/producte\/baixera-de-punt-per-a-cabas-de-74-x-32-cm-color-gris","og_locale":"es_ES","og_type":"article","og_title":"Baixera de punt per a cab\u00e0s de 74 x 32 cm color gris","og_description":"La teva botiga d\u2019ecocrian\u00e7a i espai d\u2019acompanyament a la maternitat","og_url":"https:\/\/somllavors.com\/es\/producte\/baixera-de-punt-per-a-cabas-de-74-x-32-cm-color-gris","og_site_name":"Som Llavors","article_publisher":"https:\/\/www.facebook.com\/somllavorsvng\/?locale=ca_ES","article_modified_time":"2026-05-12T06:50:10+00:00","og_image":[{"width":1000,"height":1125,"url":"https:\/\/somllavors.com\/wp-content\/uploads\/2026\/05\/bajera-de-punto-para-capazo-de-74-x-32-cm.webp","type":"image\/webp"}],"twitter_card":"summary_large_image","twitter_misc":{"Precio":"21,95&euro; Iva incl\u00f2s","Availability":"Hay existencias"},"schema":{"@context":"https:\/\/schema.org","@graph":[{"@type":"WebPage","@id":"https:\/\/somllavors.com\/es\/producte\/baixera-de-punt-per-a-cabas-de-74-x-32-cm-color-gris","url":"https:\/\/somllavors.com\/es\/producte\/baixera-de-punt-per-a-cabas-de-74-x-32-cm-color-gris","name":"Baixera de punt per a cab\u00e0s de 74 x 32 cm color gris &#8212; Som Llavors","isPartOf":{"@id":"https:\/\/somllavors.com\/es#website"},"primaryImageOfPage":{"@id":"https:\/\/somllavors.com\/es\/producte\/baixera-de-punt-per-a-cabas-de-74-x-32-cm-color-gris#primaryimage"},"image":{"@id":"https:\/\/somllavors.com\/es\/producte\/baixera-de-punt-per-a-cabas-de-74-x-32-cm-color-gris#primaryimage"},"thumbnailUrl":"https:\/\/somllavors.com\/wp-content\/uploads\/2026\/05\/bajera-de-punto-para-capazo-de-74-x-32-cm.webp","datePublished":"2026-05-12T06:49:23+00:00","dateModified":"2026-05-12T06:50:10+00:00","description":"Llen\u00e7ol de sota ajustable per a cab\u00e0s de carros de passeig. Tamb\u00e9 v\u00e0lid per a mois\u00e8s i cab\u00e0s de v\u00edmet o palmell. Confeccionada a m\u00e0 amb suau teixit de 100% cot\u00f3. Un b\u00e0sic imprescindible en qualsevol \u00e8poca de l'any, perqu\u00e8 el nad\u00f3 senti una base agradable que us ajudi a dormir m\u00e9s confortablement. S'adapta a diverses marques de cab\u00e0s. Consulta les mesures i compatibilitats confirmades a la fitxa t\u00e8cnica del producte.","breadcrumb":{"@id":"https:\/\/somllavors.com\/es\/producte\/baixera-de-punt-per-a-cabas-de-74-x-32-cm-color-gris#breadcrumb"},"inLanguage":"es","potentialAction":[{"@type":"ReadAction","target":["https:\/\/somllavors.com\/es\/producte\/baixera-de-punt-per-a-cabas-de-74-x-32-cm-color-gris"]}]},{"@type":"ImageObject","inLanguage":"es","@id":"https:\/\/somllavors.com\/es\/producte\/baixera-de-punt-per-a-cabas-de-74-x-32-cm-color-gris#primaryimage","url":"https:\/\/somllavors.com\/wp-content\/uploads\/2026\/05\/bajera-de-punto-para-capazo-de-74-x-32-cm.webp","contentUrl":"https:\/\/somllavors.com\/wp-content\/uploads\/2026\/05\/bajera-de-punto-para-capazo-de-74-x-32-cm.webp","width":1000,"height":1125,"caption":"llen\u00e7ol de sota cab\u00e0s baixera funda"},{"@type":"BreadcrumbList","@id":"https:\/\/somllavors.com\/es\/producte\/baixera-de-punt-per-a-cabas-de-74-x-32-cm-color-gris#breadcrumb","itemListElement":[{"@type":"ListItem","position":1,"name":"Inici","item":"https:\/\/somllavors.com\/es"},{"@type":"ListItem","position":2,"name":"Tienda","item":"https:\/\/somllavors.com\/es\/botiga-2"},{"@type":"ListItem","position":3,"name":"Baixera de punt per a cab\u00e0s de 74 x 32 cm color gris"}]},{"@type":"WebSite","@id":"https:\/\/somllavors.com\/es#website","url":"https:\/\/somllavors.com\/es","name":"Som Llavors","description":"Botiga de crian\u00e7a natural","publisher":{"@id":"https:\/\/somllavors.com\/es#organization"},"alternateName":"Crian\u00e7a Natural i Sostenible","potentialAction":[{"@type":"SearchAction","target":{"@type":"EntryPoint","urlTemplate":"https:\/\/somllavors.com\/es?s={search_term_string}"},"query-input":{"@type":"PropertyValueSpecification","valueRequired":true,"valueName":"search_term_string"}}],"inLanguage":"es"},{"@type":["Organization","Place","Store"],"@id":"https:\/\/somllavors.com\/es#organization","name":"Som Llavors","alternateName":"Crian\u00e7a Natural i Sostenible","url":"https:\/\/somllavors.com\/es","logo":{"@id":"https:\/\/somllavors.com\/es\/producte\/baixera-de-punt-per-a-cabas-de-74-x-32-cm-color-gris#local-main-organization-logo"},"image":{"@id":"https:\/\/somllavors.com\/es\/producte\/baixera-de-punt-per-a-cabas-de-74-x-32-cm-color-gris#local-main-organization-logo"},"sameAs":["https:\/\/www.facebook.com\/somllavorsvng\/?locale=ca_ES","https:\/\/www.instagram.com\/somllavors_vng\/","https:\/\/www.youtube.com\/@somllavors"],"address":{"@id":"https:\/\/somllavors.com\/es\/producte\/baixera-de-punt-per-a-cabas-de-74-x-32-cm-color-gris#local-main-place-address"},"geo":{"@type":"GeoCoordinates","latitude":"41.2257737","longitude":"1.723258859"},"telephone":["623152704","623152704"],"openingHoursSpecification":[{"@type":"OpeningHoursSpecification","dayOfWeek":["Monday","Sunday"],"opens":"00:00","closes":"00:00"},{"@type":"OpeningHoursSpecification","dayOfWeek":["Tuesday","Wednesday","Thursday","Friday"],"opens":"10:00","closes":"20:00"},{"@type":"OpeningHoursSpecification","dayOfWeek":["Saturday"],"opens":"10:00","closes":"13:30"}],"email":"info@somllavors.com"},{"@type":"PostalAddress","@id":"https:\/\/somllavors.com\/es\/producte\/baixera-de-punt-per-a-cabas-de-74-x-32-cm-color-gris#local-main-place-address","streetAddress":"Carrer de l'aigua, 6","addressLocality":"Vilanova i la Geltr\u00fa","postalCode":"08800","addressRegion":"Barcelona","addressCountry":"ES"},{"@type":"ImageObject","inLanguage":"es","@id":"https:\/\/somllavors.com\/es\/producte\/baixera-de-punt-per-a-cabas-de-74-x-32-cm-color-gris#local-main-organization-logo","url":"https:\/\/somllavors.com\/wp-content\/uploads\/Logotip-Som-Llavors.jpg","contentUrl":"https:\/\/somllavors.com\/wp-content\/uploads\/Logotip-Som-Llavors.jpg","width":1444,"height":1323,"caption":"Som Llavors"}]},"product_price_amount":"21.95","product_price_currency":"EUR","og_availability":"instock","product_availability":"instock","product_retailer_item_id":"B10L_93_U","product_condition":"new","geo.placename":"Vilanova i la Geltr\u00fa","geo.position":{"lat":"41.2257737","long":"1.723258859"},"geo.region":"Espa\u00f1a"},"brands":[{"id":4150,"name":"Fun*das Bcn","slug":"fundas-bcn"}],"_links":{"self":[{"href":"https:\/\/somllavors.com\/es\/wp-json\/wp\/v2\/product\/92635","targetHints":{"allow":["GET"]}}],"collection":[{"href":"https:\/\/somllavors.com\/es\/wp-json\/wp\/v2\/product"}],"about":[{"href":"https:\/\/somllavors.com\/es\/wp-json\/wp\/v2\/types\/product"}],"wp:featuredmedia":[{"embeddable":true,"href":"https:\/\/somllavors.com\/es\/wp-json\/wp\/v2\/media\/92641"}],"wp:attachment":[{"href":"https:\/\/somllavors.com\/es\/wp-json\/wp\/v2\/media?parent=92635"}],"wp:term":[{"taxonomy":"pwb-brand","embeddable":true,"href":"https:\/\/somllavors.com\/es\/wp-json\/wp\/v2\/pwb-brand?post=92635"},{"taxonomy":"product_brand","embeddable":true,"href":"https:\/\/somllavors.com\/es\/wp-json\/wp\/v2\/product_brand?post=92635"},{"taxonomy":"product_cat","embeddable":true,"href":"https:\/\/somllavors.com\/es\/wp-json\/wp\/v2\/product_cat?post=92635"},{"taxonomy":"product_tag","embeddable":true,"href":"https:\/\/somllavors.com\/es\/wp-json\/wp\/v2\/product_tag?post=92635"}],"curies":[{"name":"wp","href":"https:\/\/api.w.org\/{rel}","templated":true}]}}